{"id":9651,"date":"2023-11-15T10:51:43","date_gmt":"2023-11-15T08:51:43","guid":{"rendered":"https:\/\/beebipai.ee\/?post_type=product&#038;p=9651"},"modified":"2023-11-15T22:50:47","modified_gmt":"2023-11-15T20:50:47","slug":"neobulle-kandevoo-beebile-vaikelapsele","status":"publish","type":"product","link":"https:\/\/beebipai.ee\/ru\/product\/neobulle-kandevoo-beebile-vaikelapsele\/","title":{"rendered":"Neobulle \u043f\u0435\u0440\u0435\u043d\u043e\u0441\u043a\u0430 \u0434\u043b\u044f \u043c\u043b\u0430\u0434\u0435\u043d\u0446\u0435\u0432\/\u043c\u0430\u043b\u044b\u0448\u0435\u0439"},"content":{"rendered":"<div data-elementor-type=\"wp-post\" data-elementor-id=\"9651\" class=\"elementor elementor-9651\">\n\t\t\t\t\t\t<section class=\"elementor-section elementor-top-section elementor-element elementor-element-114f5b4 elementor-section-boxed elementor-section-height-default elementor-section-height-default\" data-id=\"114f5b4\" data-element_type=\"section\" data-e-type=\"section\">\n\t\t\t\t\t\t<div class=\"elementor-container elementor-column-gap-default\">\n\t\t\t\t\t<div class=\"elementor-column elementor-col-50 elementor-top-column elementor-element elementor-element-2069e64\" data-id=\"2069e64\" data-element_type=\"column\" data-e-type=\"column\">\n\t\t\t<div class=\"elementor-widget-wrap elementor-element-populated\">\n\t\t\t\t\t\t<div class=\"elementor-element elementor-element-b98c332 elementor-widget elementor-widget-heading\" data-id=\"b98c332\" data-element_type=\"widget\" data-e-type=\"widget\" data-widget_type=\"heading.default\">\n\t\t\t\t<div class=\"elementor-widget-container\">\n\t\t\t\t\t<h2 class=\"elementor-heading-title elementor-size-default\">Neobulle \u043f\u0435\u0440\u0435\u043d\u043e\u0441\u043a\u0430 \u0434\u043b\u044f \u043c\u043b\u0430\u0434\u0435\u043d\u0446\u0435\u0432\/\u043c\u0430\u043b\u044b\u0448\u0435\u0439<\/h2>\t\t\t\t<\/div>\n\t\t\t\t<\/div>\n\t\t\t\t<div class=\"elementor-element elementor-element-5b96f4e elementor-widget elementor-widget-text-editor\" data-id=\"5b96f4e\" data-element_type=\"widget\" data-e-type=\"widget\" data-widget_type=\"text-editor.default\">\n\t\t\t\t<div class=\"elementor-widget-container\">\n\t\t\t\t\t\t\t\t\t<p>\u0420\u044e\u043a\u0437\u0430\u043a Neobulle \u0441\u043f\u0435\u0446\u0438\u0430\u043b\u044c\u043d\u043e \u0430\u0434\u0430\u043f\u0442\u0438\u0440\u043e\u0432\u0430\u043d \u0434\u043b\u044f \u0430\u043a\u0442\u0438\u0432\u043d\u044b\u0445 \u0440\u043e\u0434\u0438\u0442\u0435\u043b\u0435\u0439. \u041e\u0431\u043b\u0435\u0433\u0447\u0430\u0435\u0442 \u043d\u0430\u0433\u0440\u0443\u0437\u043a\u0443 \u043d\u0430 \u0440\u0443\u043a\u0438 \u0438 \u0442\u0435\u043b\u043e, \u0441\u0432\u044f\u0437\u0430\u043d\u043d\u0443\u044e \u0441 \u043d\u043e\u0448\u0435\u043d\u0438\u0435\u043c \u0438 \u0443\u0434\u0435\u0440\u0436\u0438\u0432\u0430\u043d\u0438\u0435\u043c \u0440\u0435\u0431\u0435\u043d\u043a\u0430. \u0418\u0434\u0435\u0430\u043b\u044c\u043d\u043e \u043f\u043e\u0434\u0445\u043e\u0434\u0438\u0442 \u0434\u043b\u044f \u043a\u043e\u0440\u043e\u0442\u043a\u0438\u0445 \u043f\u0440\u043e\u0433\u0443\u043b\u043e\u043a, \u043a\u043e\u0440\u043c\u043b\u0435\u043d\u0438\u044f \u0433\u0440\u0443\u0434\u044c\u044e, \u0443\u0441\u043f\u043e\u043a\u043e\u0435\u043d\u0438\u044f \u0440\u0435\u0431\u0435\u043d\u043a\u0430 \u0438\u043b\u0438 \u043f\u0440\u043e\u0441\u0442\u043e \u043e\u0431\u044a\u044f\u0442\u0438\u0439.\u00a0<\/p><p>\u041c\u043e\u0436\u0435\u0442 \u0438\u0441\u043f\u043e\u043b\u044c\u0437\u043e\u0432\u0430\u0442\u044c\u0441\u044f \u0434\u043b\u044f \u0434\u0435\u0442\u0435\u0439 \u0432 \u0432\u043e\u0437\u0440\u0430\u0441\u0442\u0435 \u043e\u0442 6 \u043c\u0435\u0441\u044f\u0446\u0435\u0432 (6 \u043a\u0433) \u0434\u043e 3 \u043b\u0435\u0442 (15 \u043a\u0433). \u041e\u0431\u0435\u0441\u043f\u0435\u0447\u0438\u0432\u0430\u0435\u0442 \u044d\u0440\u0433\u043e\u043d\u043e\u043c\u0438\u0447\u043d\u043e\u0435 \u043f\u043e\u043b\u043e\u0436\u0435\u043d\u0438\u0435 \u0440\u0435\u0431\u0435\u043d\u043a\u0430: \u043a\u043e\u043b\u0435\u043d\u0438 \u0432\u044b\u0448\u0435 \u044f\u0433\u043e\u0434\u0438\u0446, \u0430 \u0441\u043f\u0438\u043d\u0430 \u043e\u043a\u0440\u0443\u0433\u043b\u0435\u043d\u0430. \u0420\u0435\u043c\u0435\u043d\u044c \u0434\u043b\u044f \u043f\u0435\u0440\u0435\u043d\u043e\u0441\u043a\u0438 \u043c\u043e\u0433\u0443\u0442 \u0438\u0441\u043f\u043e\u043b\u044c\u0437\u043e\u0432\u0430\u0442\u044c \u0434\u0435\u0442\u0438, \u043a\u043e\u0442\u043e\u0440\u044b\u0435 \u0434\u0435\u0440\u0436\u0430\u0442 \u0433\u043e\u043b\u043e\u0432\u0443 \u0441\u0430\u043c\u043e\u0441\u0442\u043e\u044f\u0442\u0435\u043b\u044c\u043d\u043e.<\/p><p>\u0420\u0435\u043c\u0435\u043d\u044c \u0434\u043b\u044f \u043f\u0435\u0440\u0435\u043d\u043e\u0441\u043a\u0438 \u043d\u0435\u0432\u0435\u0440\u043e\u044f\u0442\u043d\u043e \u043b\u0435\u0433\u043a\u043e \u0443\u0441\u0442\u0430\u043d\u043e\u0432\u0438\u0442\u044c \u043a\u0430\u043a \u043d\u0430 \u043f\u0440\u0430\u0432\u043e\u0435, \u0442\u0430\u043a \u0438 \u043d\u0430 \u043b\u0435\u0432\u043e\u0435 \u043f\u043b\u0435\u0447\u043e, \u0430 \u0432\u0435\u0441 \u043d\u0430 \u043f\u043b\u0435\u0447\u0435 \u043c\u043e\u0436\u043d\u043e \u0440\u0430\u0441\u043f\u0440\u0435\u0434\u0435\u043b\u0438\u0442\u044c \u0432 \u0441\u043e\u043e\u0442\u0432\u0435\u0442\u0441\u0442\u0432\u0438\u0438 \u0441 \u0432\u0430\u0448\u0438\u043c\u0438 \u0436\u0435\u043b\u0430\u043d\u0438\u044f\u043c\u0438 \u0438 \u043f\u043e\u0442\u0440\u0435\u0431\u043d\u043e\u0441\u0442\u044f\u043c\u0438. \u0420\u0435\u043c\u0435\u043d\u044c-\u043f\u0435\u0440\u0435\u043d\u043e\u0441\u043a\u0430 \u0438\u0437\u0433\u043e\u0442\u043e\u0432\u043b\u0435\u043d \u0438\u0437 \u043d\u0430\u0442\u0443\u0440\u0430\u043b\u044c\u043d\u043e\u0433\u043e \u0445\u043b\u043e\u043f\u043a\u0430, \u043e\u043d \u043c\u044f\u0433\u043a\u0438\u0439 \u0438 \u0443\u0434\u043e\u0431\u043d\u044b\u0439 \u043a\u0430\u043a \u0434\u043b\u044f \u0440\u0435\u0431\u0435\u043d\u043a\u0430, \u0442\u0430\u043a \u0438 \u0434\u043b\u044f \u043f\u043e\u043b\u044c\u0437\u043e\u0432\u0430\u0442\u0435\u043b\u044f.\u00a0<\/p>\t\t\t\t\t\t\t\t<\/div>\n\t\t\t\t<\/div>\n\t\t\t\t\t<\/div>\n\t\t<\/div>\n\t\t\t\t<div class=\"elementor-column elementor-col-50 elementor-top-column elementor-element elementor-element-7745642\" data-id=\"7745642\" data-element_type=\"column\" data-e-type=\"column\">\n\t\t\t<div class=\"elementor-widget-wrap elementor-element-populated\">\n\t\t\t\t\t\t<div class=\"elementor-element elementor-element-cd92d3c elementor-widget elementor-widget-image\" data-id=\"cd92d3c\" data-element_type=\"widget\" data-e-type=\"widget\" data-widget_type=\"image.default\">\n\t\t\t\t<div class=\"elementor-widget-container\">\n\t\t\t\t\t\t\t\t\t\t\t\t\t\t\t<img fetchpriority=\"high\" decoding=\"async\" width=\"350\" height=\"350\" src=\"https:\/\/beebipai.ee\/wp-content\/uploads\/2023\/11\/Neobulle-kandekott-6.jpg\" class=\"attachment-large size-large wp-image-9674\" alt=\"\" srcset=\"https:\/\/beebipai.ee\/wp-content\/uploads\/2023\/11\/Neobulle-kandekott-6.jpg 350w, https:\/\/beebipai.ee\/wp-content\/uploads\/2023\/11\/Neobulle-kandekott-6-300x300.jpg 300w, https:\/\/beebipai.ee\/wp-content\/uploads\/2023\/11\/Neobulle-kandekott-6-150x150.jpg 150w, https:\/\/beebipai.ee\/wp-content\/uploads\/2023\/11\/Neobulle-kandekott-6-12x12.jpg 12w, https:\/\/beebipai.ee\/wp-content\/uploads\/2023\/11\/Neobulle-kandekott-6-100x100.jpg 100w\" sizes=\"(max-width: 350px) 100vw, 350px\" \/>\t\t\t\t\t\t\t\t\t\t\t\t\t\t\t<\/div>\n\t\t\t\t<\/div>\n\t\t\t\t\t<\/div>\n\t\t<\/div>\n\t\t\t\t\t<\/div>\n\t\t<\/section>\n\t\t\t\t<section class=\"elementor-section elementor-top-section elementor-element elementor-element-f11f3fe elementor-section-boxed elementor-section-height-default elementor-section-height-default\" data-id=\"f11f3fe\" data-element_type=\"section\" data-e-type=\"section\">\n\t\t\t\t\t\t<div class=\"elementor-container elementor-column-gap-default\">\n\t\t\t\t\t<div class=\"elementor-column elementor-col-50 elementor-top-column elementor-element elementor-element-8ffb4b8\" data-id=\"8ffb4b8\" data-element_type=\"column\" data-e-type=\"column\">\n\t\t\t<div class=\"elementor-widget-wrap elementor-element-populated\">\n\t\t\t\t\t\t<div class=\"elementor-element elementor-element-f43d15c elementor-widget elementor-widget-text-editor\" data-id=\"f43d15c\" data-element_type=\"widget\" data-e-type=\"widget\" data-widget_type=\"text-editor.default\">\n\t\t\t\t<div class=\"elementor-widget-container\">\n\t\t\t\t\t\t\t\t\t<p>\u0423\u0441\u0442\u0430\u043d\u043e\u0432\u0438\u0442\u044c \u0440\u0435\u043c\u0435\u043d\u044c \u043e\u0447\u0435\u043d\u044c \u043f\u0440\u043e\u0441\u0442\u043e, \u0432\u0441\u0435\u0433\u043e \u0432 \u0442\u0440\u0438 \u0431\u044b\u0441\u0442\u0440\u044b\u0445 \u0448\u0430\u0433\u0430.<\/p><ol><li>\u043d\u0430\u0434\u0435\u043d\u044c\u0442\u0435 \u0440\u0435\u043c\u0435\u043d\u044c, \u043b\u043e\u0433\u043e\u0442\u0438\u043f Neobulle \u0434\u043e\u043b\u0436\u0435\u043d \u043e\u0441\u0442\u0430\u0442\u044c\u0441\u044f \u043d\u0430 \u043f\u043b\u0435\u0447\u0435<\/li><li>\u043f\u043e\u043f\u0440\u043e\u0441\u0438\u0442\u0435 \u0440\u0435\u0431\u0435\u043d\u043a\u0430 \u0441\u0435\u0441\u0442\u044c \u043d\u0430 \u0431\u0435\u0434\u0440\u043e \u0432 \u0440\u0435\u043c\u043d\u0435. \u042f\u0433\u043e\u0434\u0438\u0446\u044b \u0440\u0435\u0431\u0435\u043d\u043a\u0430 \u043e\u043f\u0443\u0441\u043a\u0430\u044e\u0442\u0441\u044f \u043d\u0435\u043c\u043d\u043e\u0433\u043e \u043d\u0438\u0436\u0435 \u043a\u043e\u043b\u0435\u043d.<\/li><li>\u0440\u0430\u0441\u043f\u0440\u0435\u0434\u0435\u043b\u0438\u0442\u0435 \u0432\u0435\u0441 \u043d\u0430 \u043f\u043b\u0435\u0447\u0430\u0445 \u0440\u0430\u0432\u043d\u043e\u043c\u0435\u0440\u043d\u043e, \u0447\u0442\u043e\u0431\u044b \u0432\u044b \u0447\u0443\u0432\u0441\u0442\u0432\u043e\u0432\u0430\u043b\u0438 \u0441\u0435\u0431\u044f \u043a\u043e\u043c\u0444\u043e\u0440\u0442\u043d\u043e \u0438 \u043b\u0435\u0433\u043a\u043e<\/li><\/ol>\t\t\t\t\t\t\t\t<\/div>\n\t\t\t\t<\/div>\n\t\t\t\t\t<\/div>\n\t\t<\/div>\n\t\t\t\t<div class=\"elementor-column elementor-col-50 elementor-top-column elementor-element elementor-element-7ad8d1d\" data-id=\"7ad8d1d\" data-element_type=\"column\" data-e-type=\"column\">\n\t\t\t<div class=\"elementor-widget-wrap elementor-element-populated\">\n\t\t\t\t\t\t<div class=\"elementor-element elementor-element-94b10cb elementor-widget elementor-widget-image\" data-id=\"94b10cb\" data-element_type=\"widget\" data-e-type=\"widget\" data-widget_type=\"image.default\">\n\t\t\t\t<div class=\"elementor-widget-container\">\n\t\t\t\t\t\t\t\t\t\t\t\t\t\t\t<img decoding=\"async\" width=\"683\" height=\"304\" src=\"https:\/\/beebipai.ee\/wp-content\/uploads\/2023\/11\/Neobulle-kandevoo-6.png\" class=\"attachment-large size-large wp-image-9683\" alt=\"\" srcset=\"https:\/\/beebipai.ee\/wp-content\/uploads\/2023\/11\/Neobulle-kandevoo-6.png 683w, https:\/\/beebipai.ee\/wp-content\/uploads\/2023\/11\/Neobulle-kandevoo-6-300x134.png 300w, https:\/\/beebipai.ee\/wp-content\/uploads\/2023\/11\/Neobulle-kandevoo-6-18x8.png 18w, https:\/\/beebipai.ee\/wp-content\/uploads\/2023\/11\/Neobulle-kandevoo-6-600x267.png 600w\" sizes=\"(max-width: 683px) 100vw, 683px\" \/>\t\t\t\t\t\t\t\t\t\t\t\t\t\t\t<\/div>\n\t\t\t\t<\/div>\n\t\t\t\t\t<\/div>\n\t\t<\/div>\n\t\t\t\t\t<\/div>\n\t\t<\/section>\n\t\t\t\t<\/div>","protected":false},"excerpt":{"rendered":"<p>\u0421\u0443\u043c\u043a\u0430-\u043f\u0435\u0440\u0435\u043d\u043e\u0441\u043a\u0430 Neobulle \u0438\u0437 \u043e\u0440\u0433\u0430\u043d\u0438\u0447\u0435\u0441\u043a\u043e\u0433\u043e \u0445\u043b\u043e\u043f\u043a\u0430 \u043e\u0431\u0435\u0441\u043f\u0435\u0447\u0438\u0432\u0430\u0435\u0442 \u043f\u043e\u0434\u0434\u0435\u0440\u0436\u043a\u0443 \u043f\u0440\u0438 \u043d\u043e\u0448\u0435\u043d\u0438\u0438 \u0440\u0435\u0431\u0435\u043d\u043a\u0430 \u043d\u0430 \u0431\u0435\u0434\u0440\u0435. \u041f\u0440\u043e\u0441\u0442\u043e\u0442\u0430 \u0443\u0441\u0442\u0430\u043d\u043e\u0432\u043a\u0438 \u0438 \u043f\u0440\u043e\u0441\u0442\u043e\u0442\u0430 \u0438\u0441\u043f\u043e\u043b\u044c\u0437\u043e\u0432\u0430\u043d\u0438\u044f.<\/p>\n<p>\u0420\u0435\u043c\u0435\u043d\u044c-\u043f\u0435\u0440\u0435\u043d\u043e\u0441\u043a\u0430 Neobulle \u0438\u0437\u0433\u043e\u0442\u043e\u0432\u043b\u0435\u043d \u0432\u043e \u0424\u0440\u0430\u043d\u0446\u0438\u0438 \u0438\u0437 100% \u043e\u0440\u0433\u0430\u043d\u0438\u0447\u0435\u0441\u043a\u043e\u0433\u043e \u0445\u043b\u043e\u043f\u043a\u0430, \u043d\u0435 \u0441\u043e\u0434\u0435\u0440\u0436\u0438\u0442 \u0442\u044f\u0436\u0435\u043b\u044b\u0445 \u043c\u0435\u0442\u0430\u043b\u043b\u043e\u0432, \u0437\u0430\u0433\u0440\u044f\u0437\u043d\u044f\u044e\u0449\u0438\u0445 \u0438 \u0442\u043e\u043a\u0441\u0438\u0447\u043d\u044b\u0445 \u0432\u0435\u0449\u0435\u0441\u0442\u0432.<\/p>\n<p>\u0421\u043e\u043e\u0442\u0432\u0435\u0442\u0441\u0442\u0432\u0443\u0435\u0442 \u0442\u0440\u0435\u0431\u043e\u0432\u0430\u043d\u0438\u044f\u043c \u0431\u0435\u0437\u043e\u043f\u0430\u0441\u043d\u043e\u0441\u0442\u0438: \u0415\u0432\u0440\u043e\u043f\u0435\u0439\u0441\u043a\u0438\u0439 \u043a\u043e\u043c\u0438\u0442\u0435\u0442 \u043f\u043e \u0441\u0442\u0430\u043d\u0434\u0430\u0440\u0442\u0430\u043c, CEN\/TER 16512.<\/p>","protected":false},"featured_media":9672,"template":"","meta":{"_monsterinsights_skip_tracking":false,"_monsterinsights_sitenote_active":false,"_monsterinsights_sitenote_note":"","_monsterinsights_sitenote_category":0,"site-sidebar-layout":"no-sidebar","site-content-layout":"page-builder","ast-site-content-layout":"full-width-container","site-content-style":"default","site-sidebar-style":"default","ast-global-header-display":"","ast-banner-title-visibility":"","ast-main-header-display":"","ast-hfb-above-header-display":"","ast-hfb-below-header-display":"","ast-hfb-mobile-header-display":"","site-post-title":"disabled","ast-breadcrumbs-content":"","ast-featured-img":"disabled","footer-sml-layout":"","ast-disable-related-posts":"","theme-transparent-header-meta":"default","adv-header-id-meta":"","stick-header-meta":"","header-above-stick-meta":"","header-main-stick-meta":"","header-below-stick-meta":"","astra-migrate-meta-layouts":"set","ast-page-background-enabled":"default","ast-page-background-meta":{"desktop":{"background-color":"","background-image":"","background-repeat":"repeat","background-position":"center center","background-size":"auto","background-attachment":"scroll","background-type":"","background-media":"","overlay-type":"","overlay-color":"","overlay-opacity":"","overlay-gradient":""},"tablet":{"background-color":"","background-image":"","background-repeat":"repeat","background-position":"center center","background-size":"auto","background-attachment":"scroll","background-type":"","background-media":"","overlay-type":"","overlay-color":"","overlay-opacity":"","overlay-gradient":""},"mobile":{"background-color":"","background-image":"","background-repeat":"repeat","background-position":"center center","background-size":"auto","background-attachment":"scroll","background-type":"","background-media":"","overlay-type":"","overlay-color":"","overlay-opacity":"","overlay-gradient":""}},"ast-content-background-meta":{"desktop":{"background-color":"var(--ast-global-color-5)","background-image":"","background-repeat":"repeat","background-position":"center center","background-size":"auto","background-attachment":"scroll","background-type":"","background-media":"","overlay-type":"","overlay-color":"","overlay-opacity":"","overlay-gradient":""},"tablet":{"background-color":"var(--ast-global-color-5)","background-image":"","background-repeat":"repeat","background-position":"center center","background-size":"auto","background-attachment":"scroll","background-type":"","background-media":"","overlay-type":"","overlay-color":"","overlay-opacity":"","overlay-gradient":""},"mobile":{"background-color":"var(--ast-global-color-5)","background-image":"","background-repeat":"repeat","background-position":"center center","background-size":"auto","background-attachment":"scroll","background-type":"","background-media":"","overlay-type":"","overlay-color":"","overlay-opacity":"","overlay-gradient":""}}},"product_brand":[],"product_cat":[23,98],"product_tag":[],"class_list":{"0":"post-9651","1":"product","2":"type-product","3":"status-publish","4":"has-post-thumbnail","6":"product_cat-beebile","7":"product_cat-kandekotid","8":"desktop-align-left","9":"tablet-align-left","10":"mobile-align-left","12":"first","13":"instock","14":"taxable","15":"shipping-taxable","16":"purchasable","17":"product-type-variable"},"yoast_head":"<!-- This site is optimized with the Yoast SEO plugin v27.4 - https:\/\/yoast.com\/product\/yoast-seo-wordpress\/ -->\n<title>Neobulle kandev\u00f6\u00f6 beebile\/v\u00e4ikelapsele - Beebipai<\/title>\n<meta name=\"description\" content=\"Neobulle kandev\u00f6\u00f6 beebile\/v\u00e4ikelapsele kergendab lapse kandmist ja hoidmist puusal l\u00fchematel k\u00e4ikudel. Vaata toodet Neobulle kandev\u00f6\u00f6 beebile\/v\u00e4ikelapsele!\" \/>\n<meta name=\"robots\" content=\"index, follow, max-snippet:-1, max-image-preview:large, max-video-preview:-1\" \/>\n<link rel=\"canonical\" href=\"https:\/\/beebipai.ee\/ru\/product\/neobulle-kandevoo-beebile-vaikelapsele\/\" \/>\n<meta property=\"og:locale\" content=\"ru_RU\" \/>\n<meta property=\"og:type\" content=\"article\" \/>\n<meta property=\"og:title\" content=\"Neobulle kandev\u00f6\u00f6 beebile\/v\u00e4ikelapsele - Beebipai\" \/>\n<meta property=\"og:description\" content=\"Neobulle kandev\u00f6\u00f6 beebile\/v\u00e4ikelapsele kergendab lapse kandmist ja hoidmist puusal l\u00fchematel k\u00e4ikudel. Vaata toodet Neobulle kandev\u00f6\u00f6 beebile\/v\u00e4ikelapsele!\" \/>\n<meta property=\"og:url\" content=\"https:\/\/beebipai.ee\/ru\/product\/neobulle-kandevoo-beebile-vaikelapsele\/\" \/>\n<meta property=\"og:site_name\" content=\"Beebipai\" \/>\n<meta property=\"article:modified_time\" content=\"2023-11-15T20:50:47+00:00\" \/>\n<meta property=\"og:image\" content=\"https:\/\/beebipai.ee\/wp-content\/uploads\/2023\/11\/Neobulle-kandevoo-scaled-e1700054351243.jpeg\" \/>\n\t<meta property=\"og:image:width\" content=\"500\" \/>\n\t<meta property=\"og:image:height\" content=\"750\" \/>\n\t<meta property=\"og:image:type\" content=\"image\/jpeg\" \/>\n<meta name=\"twitter:card\" content=\"summary_large_image\" \/>\n<meta name=\"twitter:label1\" content=\"\u041f\u0440\u0438\u043c\u0435\u0440\u043d\u043e\u0435 \u0432\u0440\u0435\u043c\u044f \u0434\u043b\u044f \u0447\u0442\u0435\u043d\u0438\u044f\" \/>\n\t<meta name=\"twitter:data1\" content=\"1 \u043c\u0438\u043d\u0443\u0442\u0430\" \/>\n<script type=\"application\/ld+json\" class=\"yoast-schema-graph\">{\"@context\":\"https:\\\/\\\/schema.org\",\"@graph\":[{\"@type\":\"WebPage\",\"@id\":\"https:\\\/\\\/beebipai.ee\\\/product\\\/neobulle-kandevoo-beebile-vaikelapsele\\\/\",\"url\":\"https:\\\/\\\/beebipai.ee\\\/product\\\/neobulle-kandevoo-beebile-vaikelapsele\\\/\",\"name\":\"Neobulle kandev\u00f6\u00f6 beebile\\\/v\u00e4ikelapsele - Beebipai\",\"isPartOf\":{\"@id\":\"https:\\\/\\\/beebipai.ee\\\/en\\\/#website\"},\"primaryImageOfPage\":{\"@id\":\"https:\\\/\\\/beebipai.ee\\\/product\\\/neobulle-kandevoo-beebile-vaikelapsele\\\/#primaryimage\"},\"image\":{\"@id\":\"https:\\\/\\\/beebipai.ee\\\/product\\\/neobulle-kandevoo-beebile-vaikelapsele\\\/#primaryimage\"},\"thumbnailUrl\":\"https:\\\/\\\/beebipai.ee\\\/wp-content\\\/uploads\\\/2023\\\/11\\\/Neobulle-kandevoo-scaled-e1700054351243.jpeg\",\"datePublished\":\"2023-11-15T08:51:43+00:00\",\"dateModified\":\"2023-11-15T20:50:47+00:00\",\"description\":\"Neobulle kandev\u00f6\u00f6 beebile\\\/v\u00e4ikelapsele kergendab lapse kandmist ja hoidmist puusal l\u00fchematel k\u00e4ikudel. Vaata toodet Neobulle kandev\u00f6\u00f6 beebile\\\/v\u00e4ikelapsele!\",\"breadcrumb\":{\"@id\":\"https:\\\/\\\/beebipai.ee\\\/product\\\/neobulle-kandevoo-beebile-vaikelapsele\\\/#breadcrumb\"},\"inLanguage\":\"ru-RU\",\"potentialAction\":[{\"@type\":\"ReadAction\",\"target\":[\"https:\\\/\\\/beebipai.ee\\\/product\\\/neobulle-kandevoo-beebile-vaikelapsele\\\/\"]}]},{\"@type\":\"ImageObject\",\"inLanguage\":\"ru-RU\",\"@id\":\"https:\\\/\\\/beebipai.ee\\\/product\\\/neobulle-kandevoo-beebile-vaikelapsele\\\/#primaryimage\",\"url\":\"https:\\\/\\\/beebipai.ee\\\/wp-content\\\/uploads\\\/2023\\\/11\\\/Neobulle-kandevoo-scaled-e1700054351243.jpeg\",\"contentUrl\":\"https:\\\/\\\/beebipai.ee\\\/wp-content\\\/uploads\\\/2023\\\/11\\\/Neobulle-kandevoo-scaled-e1700054351243.jpeg\",\"width\":500,\"height\":750},{\"@type\":\"BreadcrumbList\",\"@id\":\"https:\\\/\\\/beebipai.ee\\\/product\\\/neobulle-kandevoo-beebile-vaikelapsele\\\/#breadcrumb\",\"itemListElement\":[{\"@type\":\"ListItem\",\"position\":1,\"name\":\"Home\",\"item\":\"https:\\\/\\\/beebipai.ee\\\/\"},{\"@type\":\"ListItem\",\"position\":2,\"name\":\"Pood\",\"item\":\"https:\\\/\\\/beebipai.ee\\\/store\\\/\"},{\"@type\":\"ListItem\",\"position\":3,\"name\":\"Neobulle kandev\u00f6\u00f6 beebile\\\/v\u00e4ikelapsele\"}]},{\"@type\":\"WebSite\",\"@id\":\"https:\\\/\\\/beebipai.ee\\\/en\\\/#website\",\"url\":\"https:\\\/\\\/beebipai.ee\\\/en\\\/\",\"name\":\"Beebipai\",\"description\":\"Rasedate ja beebide veebipood\",\"potentialAction\":[{\"@type\":\"SearchAction\",\"target\":{\"@type\":\"EntryPoint\",\"urlTemplate\":\"https:\\\/\\\/beebipai.ee\\\/en\\\/?s={search_term_string}\"},\"query-input\":{\"@type\":\"PropertyValueSpecification\",\"valueRequired\":true,\"valueName\":\"search_term_string\"}}],\"inLanguage\":\"ru-RU\"}]}<\/script>\n<!-- \/ Yoast SEO plugin. -->","yoast_head_json":{"title":"Neobulle kandev\u00f6\u00f6 beebile\/v\u00e4ikelapsele - Beebipai","description":"Neobulle kandev\u00f6\u00f6 beebile\/v\u00e4ikelapsele kergendab lapse kandmist ja hoidmist puusal l\u00fchematel k\u00e4ikudel. Vaata toodet Neobulle kandev\u00f6\u00f6 beebile\/v\u00e4ikelapsele!","robots":{"index":"index","follow":"follow","max-snippet":"max-snippet:-1","max-image-preview":"max-image-preview:large","max-video-preview":"max-video-preview:-1"},"canonical":"https:\/\/beebipai.ee\/ru\/product\/neobulle-kandevoo-beebile-vaikelapsele\/","og_locale":"ru_RU","og_type":"article","og_title":"Neobulle kandev\u00f6\u00f6 beebile\/v\u00e4ikelapsele - Beebipai","og_description":"Neobulle kandev\u00f6\u00f6 beebile\/v\u00e4ikelapsele kergendab lapse kandmist ja hoidmist puusal l\u00fchematel k\u00e4ikudel. Vaata toodet Neobulle kandev\u00f6\u00f6 beebile\/v\u00e4ikelapsele!","og_url":"https:\/\/beebipai.ee\/ru\/product\/neobulle-kandevoo-beebile-vaikelapsele\/","og_site_name":"Beebipai","article_modified_time":"2023-11-15T20:50:47+00:00","og_image":[{"width":500,"height":750,"url":"https:\/\/beebipai.ee\/wp-content\/uploads\/2023\/11\/Neobulle-kandevoo-scaled-e1700054351243.jpeg","type":"image\/jpeg"}],"twitter_card":"summary_large_image","twitter_misc":{"\u041f\u0440\u0438\u043c\u0435\u0440\u043d\u043e\u0435 \u0432\u0440\u0435\u043c\u044f \u0434\u043b\u044f \u0447\u0442\u0435\u043d\u0438\u044f":"1 \u043c\u0438\u043d\u0443\u0442\u0430"},"schema":{"@context":"https:\/\/schema.org","@graph":[{"@type":"WebPage","@id":"https:\/\/beebipai.ee\/product\/neobulle-kandevoo-beebile-vaikelapsele\/","url":"https:\/\/beebipai.ee\/product\/neobulle-kandevoo-beebile-vaikelapsele\/","name":"Neobulle kandev\u00f6\u00f6 beebile\/v\u00e4ikelapsele - Beebipai","isPartOf":{"@id":"https:\/\/beebipai.ee\/en\/#website"},"primaryImageOfPage":{"@id":"https:\/\/beebipai.ee\/product\/neobulle-kandevoo-beebile-vaikelapsele\/#primaryimage"},"image":{"@id":"https:\/\/beebipai.ee\/product\/neobulle-kandevoo-beebile-vaikelapsele\/#primaryimage"},"thumbnailUrl":"https:\/\/beebipai.ee\/wp-content\/uploads\/2023\/11\/Neobulle-kandevoo-scaled-e1700054351243.jpeg","datePublished":"2023-11-15T08:51:43+00:00","dateModified":"2023-11-15T20:50:47+00:00","description":"Neobulle kandev\u00f6\u00f6 beebile\/v\u00e4ikelapsele kergendab lapse kandmist ja hoidmist puusal l\u00fchematel k\u00e4ikudel. Vaata toodet Neobulle kandev\u00f6\u00f6 beebile\/v\u00e4ikelapsele!","breadcrumb":{"@id":"https:\/\/beebipai.ee\/product\/neobulle-kandevoo-beebile-vaikelapsele\/#breadcrumb"},"inLanguage":"ru-RU","potentialAction":[{"@type":"ReadAction","target":["https:\/\/beebipai.ee\/product\/neobulle-kandevoo-beebile-vaikelapsele\/"]}]},{"@type":"ImageObject","inLanguage":"ru-RU","@id":"https:\/\/beebipai.ee\/product\/neobulle-kandevoo-beebile-vaikelapsele\/#primaryimage","url":"https:\/\/beebipai.ee\/wp-content\/uploads\/2023\/11\/Neobulle-kandevoo-scaled-e1700054351243.jpeg","contentUrl":"https:\/\/beebipai.ee\/wp-content\/uploads\/2023\/11\/Neobulle-kandevoo-scaled-e1700054351243.jpeg","width":500,"height":750},{"@type":"BreadcrumbList","@id":"https:\/\/beebipai.ee\/product\/neobulle-kandevoo-beebile-vaikelapsele\/#breadcrumb","itemListElement":[{"@type":"ListItem","position":1,"name":"Home","item":"https:\/\/beebipai.ee\/"},{"@type":"ListItem","position":2,"name":"Pood","item":"https:\/\/beebipai.ee\/store\/"},{"@type":"ListItem","position":3,"name":"Neobulle kandev\u00f6\u00f6 beebile\/v\u00e4ikelapsele"}]},{"@type":"WebSite","@id":"https:\/\/beebipai.ee\/en\/#website","url":"https:\/\/beebipai.ee\/en\/","name":"Beebipai","description":"Rasedate ja beebide veebipood","potentialAction":[{"@type":"SearchAction","target":{"@type":"EntryPoint","urlTemplate":"https:\/\/beebipai.ee\/en\/?s={search_term_string}"},"query-input":{"@type":"PropertyValueSpecification","valueRequired":true,"valueName":"search_term_string"}}],"inLanguage":"ru-RU"}]}},"_links":{"self":[{"href":"https:\/\/beebipai.ee\/ru\/wp-json\/wp\/v2\/product\/9651","targetHints":{"allow":["GET"]}}],"collection":[{"href":"https:\/\/beebipai.ee\/ru\/wp-json\/wp\/v2\/product"}],"about":[{"href":"https:\/\/beebipai.ee\/ru\/wp-json\/wp\/v2\/types\/product"}],"version-history":[{"count":5,"href":"https:\/\/beebipai.ee\/ru\/wp-json\/wp\/v2\/product\/9651\/revisions"}],"predecessor-version":[{"id":9688,"href":"https:\/\/beebipai.ee\/ru\/wp-json\/wp\/v2\/product\/9651\/revisions\/9688"}],"wp:featuredmedia":[{"embeddable":true,"href":"https:\/\/beebipai.ee\/ru\/wp-json\/wp\/v2\/media\/9672"}],"wp:attachment":[{"href":"https:\/\/beebipai.ee\/ru\/wp-json\/wp\/v2\/media?parent=9651"}],"wp:term":[{"taxonomy":"product_brand","embeddable":true,"href":"https:\/\/beebipai.ee\/ru\/wp-json\/wp\/v2\/product_brand?post=9651"},{"taxonomy":"product_cat","embeddable":true,"href":"https:\/\/beebipai.ee\/ru\/wp-json\/wp\/v2\/product_cat?post=9651"},{"taxonomy":"product_tag","embeddable":true,"href":"https:\/\/beebipai.ee\/ru\/wp-json\/wp\/v2\/product_tag?post=9651"}],"curies":[{"name":"wp","href":"https:\/\/api.w.org\/{rel}","templated":true}]}}