{"id":9286,"date":"2023-10-08T11:02:37","date_gmt":"2023-10-08T08:02:37","guid":{"rendered":"https:\/\/beebipai.ee\/?post_type=product&#038;p=9286"},"modified":"2023-10-08T11:04:16","modified_gmt":"2023-10-08T08:04:16","slug":"kikkaboo-niisked-salvratikud-aloe-vera-ja-kummeliga-80tk","status":"publish","type":"product","link":"https:\/\/beebipai.ee\/ru\/product\/kikkaboo-niisked-salvratikud-aloe-vera-ja-kummeliga-80tk\/","title":{"rendered":"Kikkaboo niisked salvr\u00e4tikud Aloe Vera ja kummeliga, 80tk"},"content":{"rendered":"<div data-elementor-type=\"wp-post\" data-elementor-id=\"9286\" class=\"elementor elementor-9286\">\n\t\t\t\t\t\t<section class=\"elementor-section elementor-top-section elementor-element elementor-element-8a6077e elementor-section-boxed elementor-section-height-default elementor-section-height-default\" data-id=\"8a6077e\" data-element_type=\"section\" data-e-type=\"section\">\n\t\t\t\t\t\t<div class=\"elementor-container elementor-column-gap-default\">\n\t\t\t\t\t<div class=\"elementor-column elementor-col-50 elementor-top-column elementor-element elementor-element-879782a\" data-id=\"879782a\" data-element_type=\"column\" data-e-type=\"column\">\n\t\t\t<div class=\"elementor-widget-wrap elementor-element-populated\">\n\t\t\t\t\t\t<div class=\"elementor-element elementor-element-48bb41d elementor-widget elementor-widget-heading\" data-id=\"48bb41d\" data-element_type=\"widget\" data-e-type=\"widget\" data-widget_type=\"heading.default\">\n\t\t\t\t<div class=\"elementor-widget-container\">\n\t\t\t\t\t<h2 class=\"elementor-heading-title elementor-size-default\">Kikkaboo niisked salvr\u00e4tikud Aloe Vera ja kummeliga<\/h2>\t\t\t\t<\/div>\n\t\t\t\t<\/div>\n\t\t\t\t<div class=\"elementor-element elementor-element-1f8a97c elementor-widget elementor-widget-text-editor\" data-id=\"1f8a97c\" data-element_type=\"widget\" data-e-type=\"widget\" data-widget_type=\"text-editor.default\">\n\t\t\t\t<div class=\"elementor-widget-container\">\n\t\t\t\t\t\t\t\t\t<p>Valmistatud mittekootud \u00fcli\u00f5hukesest kiust salvr\u00e4tikud on pehmed naha puhastamiseks. H\u00fcpoallergeensed salvr\u00e4tikud ei sisalda parabeene, ftalaate, alkoholi, seepi ega v\u00e4rvaineid. Aloe Vera ja kummel m\u00f5juvad nahka rahustavalt ja niisutavalt, j\u00e4ttes sellele meeldiva ja v\u00e4rske l\u00f5hna. Tasakaalustatud Ph hoiab tasakaalus naha enda Ph taseme.\u00a0<\/p><p>Tugevalt suletav klappkaas hoiab pakendis vajalikku niiskust. Hoia pakendit toatemperatuuri, kaitstes otsese p\u00e4ikesevalguse ja kuumuse eest.<\/p>\t\t\t\t\t\t\t\t<\/div>\n\t\t\t\t<\/div>\n\t\t\t\t\t<\/div>\n\t\t<\/div>\n\t\t\t\t<div class=\"elementor-column elementor-col-50 elementor-top-column elementor-element elementor-element-bfa56c6\" data-id=\"bfa56c6\" data-element_type=\"column\" data-e-type=\"column\">\n\t\t\t<div class=\"elementor-widget-wrap elementor-element-populated\">\n\t\t\t\t\t\t<div class=\"elementor-element elementor-element-667b5fa elementor-widget elementor-widget-image\" data-id=\"667b5fa\" data-element_type=\"widget\" data-e-type=\"widget\" data-widget_type=\"image.default\">\n\t\t\t\t<div class=\"elementor-widget-container\">\n\t\t\t\t\t\t\t\t\t\t\t\t\t\t\t<img fetchpriority=\"high\" decoding=\"async\" width=\"522\" height=\"522\" src=\"https:\/\/beebipai.ee\/wp-content\/uploads\/2023\/10\/Kikkaboo-niisked-salvratikud-Aloe-vera-ja-kummeliga.jpg\" class=\"attachment-large size-large wp-image-9264\" alt=\"\" srcset=\"https:\/\/beebipai.ee\/wp-content\/uploads\/2023\/10\/Kikkaboo-niisked-salvratikud-Aloe-vera-ja-kummeliga.jpg 522w, https:\/\/beebipai.ee\/wp-content\/uploads\/2023\/10\/Kikkaboo-niisked-salvratikud-Aloe-vera-ja-kummeliga-300x300.jpg 300w, https:\/\/beebipai.ee\/wp-content\/uploads\/2023\/10\/Kikkaboo-niisked-salvratikud-Aloe-vera-ja-kummeliga-150x150.jpg 150w, https:\/\/beebipai.ee\/wp-content\/uploads\/2023\/10\/Kikkaboo-niisked-salvratikud-Aloe-vera-ja-kummeliga-12x12.jpg 12w, https:\/\/beebipai.ee\/wp-content\/uploads\/2023\/10\/Kikkaboo-niisked-salvratikud-Aloe-vera-ja-kummeliga-100x100.jpg 100w\" sizes=\"(max-width: 522px) 100vw, 522px\" \/>\t\t\t\t\t\t\t\t\t\t\t\t\t\t\t<\/div>\n\t\t\t\t<\/div>\n\t\t\t\t\t<\/div>\n\t\t<\/div>\n\t\t\t\t\t<\/div>\n\t\t<\/section>\n\t\t\t\t<\/div>","protected":false},"excerpt":{"rendered":"<p>Kikkaboo niisked salvr\u00e4tikud Aloe Vera ja kummeliga puhastavad beebi naha \u00f5rnalt ja rahustavalt.<\/p>","protected":false},"featured_media":9264,"template":"","meta":{"_monsterinsights_skip_tracking":false,"_monsterinsights_sitenote_active":false,"_monsterinsights_sitenote_note":"","_monsterinsights_sitenote_category":0,"site-sidebar-layout":"no-sidebar","site-content-layout":"page-builder","ast-site-content-layout":"full-width-container","site-content-style":"default","site-sidebar-style":"default","ast-global-header-display":"","ast-banner-title-visibility":"","ast-main-header-display":"","ast-hfb-above-header-display":"","ast-hfb-below-header-display":"","ast-hfb-mobile-header-display":"","site-post-title":"disabled","ast-breadcrumbs-content":"","ast-featured-img":"disabled","footer-sml-layout":"","ast-disable-related-posts":"","theme-transparent-header-meta":"default","adv-header-id-meta":"","stick-header-meta":"","header-above-stick-meta":"","header-main-stick-meta":"","header-below-stick-meta":"","astra-migrate-meta-layouts":"set","ast-page-background-enabled":"default","ast-page-background-meta":{"desktop":{"background-color":"","background-image":"","background-repeat":"repeat","background-position":"center center","background-size":"auto","background-attachment":"scroll","background-type":"","background-media":"","overlay-type":"","overlay-color":"","overlay-opacity":"","overlay-gradient":""},"tablet":{"background-color":"","background-image":"","background-repeat":"repeat","background-position":"center center","background-size":"auto","background-attachment":"scroll","background-type":"","background-media":"","overlay-type":"","overlay-color":"","overlay-opacity":"","overlay-gradient":""},"mobile":{"background-color":"","background-image":"","background-repeat":"repeat","background-position":"center center","background-size":"auto","background-attachment":"scroll","background-type":"","background-media":"","overlay-type":"","overlay-color":"","overlay-opacity":"","overlay-gradient":""}},"ast-content-background-meta":{"desktop":{"background-color":"var(--ast-global-color-5)","background-image":"","background-repeat":"repeat","background-position":"center center","background-size":"auto","background-attachment":"scroll","background-type":"","background-media":"","overlay-type":"","overlay-color":"","overlay-opacity":"","overlay-gradient":""},"tablet":{"background-color":"var(--ast-global-color-5)","background-image":"","background-repeat":"repeat","background-position":"center center","background-size":"auto","background-attachment":"scroll","background-type":"","background-media":"","overlay-type":"","overlay-color":"","overlay-opacity":"","overlay-gradient":""},"mobile":{"background-color":"var(--ast-global-color-5)","background-image":"","background-repeat":"repeat","background-position":"center center","background-size":"auto","background-attachment":"scroll","background-type":"","background-media":"","overlay-type":"","overlay-color":"","overlay-opacity":"","overlay-gradient":""}}},"product_brand":[],"product_cat":[23,94,108],"product_tag":[],"class_list":{"0":"post-9286","1":"product","2":"type-product","3":"status-publish","4":"has-post-thumbnail","6":"product_cat-beebile","7":"product_cat-nahahooldus","8":"product_cat-keha-juukse-ja-suuhooldusvahendid","9":"desktop-align-left","10":"tablet-align-left","11":"mobile-align-left","13":"first","14":"instock","15":"taxable","16":"shipping-taxable","17":"purchasable","18":"product-type-simple"},"yoast_head":"<!-- This site is optimized with the Yoast SEO plugin v27.3 - https:\/\/yoast.com\/product\/yoast-seo-wordpress\/ -->\n<title>Kikkaboo niisked salvr\u00e4tikud Aloe Vera ja kummeliga, 80tk - Beebipai<\/title>\n<meta name=\"description\" content=\"Kikkaboo niisked salvr\u00e4tikud Aloe Vera ja kummeliga puhastavad beebi naha \u00f5rnalt ja rahustavalt. Vaata toodet Kikkaboo niisked salvr\u00e4tikud!\" \/>\n<meta name=\"robots\" content=\"index, follow, max-snippet:-1, max-image-preview:large, max-video-preview:-1\" \/>\n<link rel=\"canonical\" href=\"https:\/\/beebipai.ee\/ru\/product\/kikkaboo-niisked-salvratikud-aloe-vera-ja-kummeliga-80tk\/\" \/>\n<meta property=\"og:locale\" content=\"ru_RU\" \/>\n<meta property=\"og:type\" content=\"article\" \/>\n<meta property=\"og:title\" content=\"Kikkaboo niisked salvr\u00e4tikud Aloe Vera ja kummeliga, 80tk - Beebipai\" \/>\n<meta property=\"og:description\" content=\"Kikkaboo niisked salvr\u00e4tikud Aloe Vera ja kummeliga puhastavad beebi naha \u00f5rnalt ja rahustavalt. Vaata toodet Kikkaboo niisked salvr\u00e4tikud!\" \/>\n<meta property=\"og:url\" content=\"https:\/\/beebipai.ee\/ru\/product\/kikkaboo-niisked-salvratikud-aloe-vera-ja-kummeliga-80tk\/\" \/>\n<meta property=\"og:site_name\" content=\"Beebipai\" \/>\n<meta property=\"article:modified_time\" content=\"2023-10-08T08:04:16+00:00\" \/>\n<meta property=\"og:image\" content=\"https:\/\/beebipai.ee\/wp-content\/uploads\/2023\/10\/Kikkaboo-niisked-salvratikud-Aloe-vera-ja-kummeliga.jpg\" \/>\n\t<meta property=\"og:image:width\" content=\"522\" \/>\n\t<meta property=\"og:image:height\" content=\"522\" \/>\n\t<meta property=\"og:image:type\" content=\"image\/jpeg\" \/>\n<meta name=\"twitter:card\" content=\"summary_large_image\" \/>\n<script type=\"application\/ld+json\" class=\"yoast-schema-graph\">{\"@context\":\"https:\\\/\\\/schema.org\",\"@graph\":[{\"@type\":\"WebPage\",\"@id\":\"https:\\\/\\\/beebipai.ee\\\/en\\\/product\\\/kikkaboo-niisked-salvratikud-aloe-vera-ja-kummeliga-80tk\\\/\",\"url\":\"https:\\\/\\\/beebipai.ee\\\/en\\\/product\\\/kikkaboo-niisked-salvratikud-aloe-vera-ja-kummeliga-80tk\\\/\",\"name\":\"Kikkaboo niisked salvr\u00e4tikud Aloe Vera ja kummeliga, 80tk - Beebipai\",\"isPartOf\":{\"@id\":\"https:\\\/\\\/beebipai.ee\\\/en\\\/#website\"},\"primaryImageOfPage\":{\"@id\":\"https:\\\/\\\/beebipai.ee\\\/en\\\/product\\\/kikkaboo-niisked-salvratikud-aloe-vera-ja-kummeliga-80tk\\\/#primaryimage\"},\"image\":{\"@id\":\"https:\\\/\\\/beebipai.ee\\\/en\\\/product\\\/kikkaboo-niisked-salvratikud-aloe-vera-ja-kummeliga-80tk\\\/#primaryimage\"},\"thumbnailUrl\":\"https:\\\/\\\/beebipai.ee\\\/wp-content\\\/uploads\\\/2023\\\/10\\\/Kikkaboo-niisked-salvratikud-Aloe-vera-ja-kummeliga.jpg\",\"datePublished\":\"2023-10-08T08:02:37+00:00\",\"dateModified\":\"2023-10-08T08:04:16+00:00\",\"description\":\"Kikkaboo niisked salvr\u00e4tikud Aloe Vera ja kummeliga puhastavad beebi naha \u00f5rnalt ja rahustavalt. Vaata toodet Kikkaboo niisked salvr\u00e4tikud!\",\"breadcrumb\":{\"@id\":\"https:\\\/\\\/beebipai.ee\\\/en\\\/product\\\/kikkaboo-niisked-salvratikud-aloe-vera-ja-kummeliga-80tk\\\/#breadcrumb\"},\"inLanguage\":\"ru-RU\",\"potentialAction\":[{\"@type\":\"ReadAction\",\"target\":[\"https:\\\/\\\/beebipai.ee\\\/en\\\/product\\\/kikkaboo-niisked-salvratikud-aloe-vera-ja-kummeliga-80tk\\\/\"]}]},{\"@type\":\"ImageObject\",\"inLanguage\":\"ru-RU\",\"@id\":\"https:\\\/\\\/beebipai.ee\\\/en\\\/product\\\/kikkaboo-niisked-salvratikud-aloe-vera-ja-kummeliga-80tk\\\/#primaryimage\",\"url\":\"https:\\\/\\\/beebipai.ee\\\/wp-content\\\/uploads\\\/2023\\\/10\\\/Kikkaboo-niisked-salvratikud-Aloe-vera-ja-kummeliga.jpg\",\"contentUrl\":\"https:\\\/\\\/beebipai.ee\\\/wp-content\\\/uploads\\\/2023\\\/10\\\/Kikkaboo-niisked-salvratikud-Aloe-vera-ja-kummeliga.jpg\",\"width\":522,\"height\":522},{\"@type\":\"BreadcrumbList\",\"@id\":\"https:\\\/\\\/beebipai.ee\\\/en\\\/product\\\/kikkaboo-niisked-salvratikud-aloe-vera-ja-kummeliga-80tk\\\/#breadcrumb\",\"itemListElement\":[{\"@type\":\"ListItem\",\"position\":1,\"name\":\"Home\",\"item\":\"https:\\\/\\\/beebipai.ee\\\/\"},{\"@type\":\"ListItem\",\"position\":2,\"name\":\"Pood\",\"item\":\"https:\\\/\\\/beebipai.ee\\\/store\\\/\"},{\"@type\":\"ListItem\",\"position\":3,\"name\":\"Kikkaboo niisked salvr\u00e4tikud Aloe Vera ja kummeliga, 80tk\"}]},{\"@type\":\"WebSite\",\"@id\":\"https:\\\/\\\/beebipai.ee\\\/en\\\/#website\",\"url\":\"https:\\\/\\\/beebipai.ee\\\/en\\\/\",\"name\":\"Beebipai\",\"description\":\"Rasedate ja beebide veebipood\",\"potentialAction\":[{\"@type\":\"SearchAction\",\"target\":{\"@type\":\"EntryPoint\",\"urlTemplate\":\"https:\\\/\\\/beebipai.ee\\\/en\\\/?s={search_term_string}\"},\"query-input\":{\"@type\":\"PropertyValueSpecification\",\"valueRequired\":true,\"valueName\":\"search_term_string\"}}],\"inLanguage\":\"ru-RU\"}]}<\/script>\n<!-- \/ Yoast SEO plugin. -->","yoast_head_json":{"title":"Kikkaboo niisked salvr\u00e4tikud Aloe Vera ja kummeliga, 80tk - Beebipai","description":"Kikkaboo niisked salvr\u00e4tikud Aloe Vera ja kummeliga puhastavad beebi naha \u00f5rnalt ja rahustavalt. Vaata toodet Kikkaboo niisked salvr\u00e4tikud!","robots":{"index":"index","follow":"follow","max-snippet":"max-snippet:-1","max-image-preview":"max-image-preview:large","max-video-preview":"max-video-preview:-1"},"canonical":"https:\/\/beebipai.ee\/ru\/product\/kikkaboo-niisked-salvratikud-aloe-vera-ja-kummeliga-80tk\/","og_locale":"ru_RU","og_type":"article","og_title":"Kikkaboo niisked salvr\u00e4tikud Aloe Vera ja kummeliga, 80tk - Beebipai","og_description":"Kikkaboo niisked salvr\u00e4tikud Aloe Vera ja kummeliga puhastavad beebi naha \u00f5rnalt ja rahustavalt. Vaata toodet Kikkaboo niisked salvr\u00e4tikud!","og_url":"https:\/\/beebipai.ee\/ru\/product\/kikkaboo-niisked-salvratikud-aloe-vera-ja-kummeliga-80tk\/","og_site_name":"Beebipai","article_modified_time":"2023-10-08T08:04:16+00:00","og_image":[{"width":522,"height":522,"url":"https:\/\/beebipai.ee\/wp-content\/uploads\/2023\/10\/Kikkaboo-niisked-salvratikud-Aloe-vera-ja-kummeliga.jpg","type":"image\/jpeg"}],"twitter_card":"summary_large_image","schema":{"@context":"https:\/\/schema.org","@graph":[{"@type":"WebPage","@id":"https:\/\/beebipai.ee\/en\/product\/kikkaboo-niisked-salvratikud-aloe-vera-ja-kummeliga-80tk\/","url":"https:\/\/beebipai.ee\/en\/product\/kikkaboo-niisked-salvratikud-aloe-vera-ja-kummeliga-80tk\/","name":"Kikkaboo niisked salvr\u00e4tikud Aloe Vera ja kummeliga, 80tk - Beebipai","isPartOf":{"@id":"https:\/\/beebipai.ee\/en\/#website"},"primaryImageOfPage":{"@id":"https:\/\/beebipai.ee\/en\/product\/kikkaboo-niisked-salvratikud-aloe-vera-ja-kummeliga-80tk\/#primaryimage"},"image":{"@id":"https:\/\/beebipai.ee\/en\/product\/kikkaboo-niisked-salvratikud-aloe-vera-ja-kummeliga-80tk\/#primaryimage"},"thumbnailUrl":"https:\/\/beebipai.ee\/wp-content\/uploads\/2023\/10\/Kikkaboo-niisked-salvratikud-Aloe-vera-ja-kummeliga.jpg","datePublished":"2023-10-08T08:02:37+00:00","dateModified":"2023-10-08T08:04:16+00:00","description":"Kikkaboo niisked salvr\u00e4tikud Aloe Vera ja kummeliga puhastavad beebi naha \u00f5rnalt ja rahustavalt. Vaata toodet Kikkaboo niisked salvr\u00e4tikud!","breadcrumb":{"@id":"https:\/\/beebipai.ee\/en\/product\/kikkaboo-niisked-salvratikud-aloe-vera-ja-kummeliga-80tk\/#breadcrumb"},"inLanguage":"ru-RU","potentialAction":[{"@type":"ReadAction","target":["https:\/\/beebipai.ee\/en\/product\/kikkaboo-niisked-salvratikud-aloe-vera-ja-kummeliga-80tk\/"]}]},{"@type":"ImageObject","inLanguage":"ru-RU","@id":"https:\/\/beebipai.ee\/en\/product\/kikkaboo-niisked-salvratikud-aloe-vera-ja-kummeliga-80tk\/#primaryimage","url":"https:\/\/beebipai.ee\/wp-content\/uploads\/2023\/10\/Kikkaboo-niisked-salvratikud-Aloe-vera-ja-kummeliga.jpg","contentUrl":"https:\/\/beebipai.ee\/wp-content\/uploads\/2023\/10\/Kikkaboo-niisked-salvratikud-Aloe-vera-ja-kummeliga.jpg","width":522,"height":522},{"@type":"BreadcrumbList","@id":"https:\/\/beebipai.ee\/en\/product\/kikkaboo-niisked-salvratikud-aloe-vera-ja-kummeliga-80tk\/#breadcrumb","itemListElement":[{"@type":"ListItem","position":1,"name":"Home","item":"https:\/\/beebipai.ee\/"},{"@type":"ListItem","position":2,"name":"Pood","item":"https:\/\/beebipai.ee\/store\/"},{"@type":"ListItem","position":3,"name":"Kikkaboo niisked salvr\u00e4tikud Aloe Vera ja kummeliga, 80tk"}]},{"@type":"WebSite","@id":"https:\/\/beebipai.ee\/en\/#website","url":"https:\/\/beebipai.ee\/en\/","name":"Beebipai","description":"Rasedate ja beebide veebipood","potentialAction":[{"@type":"SearchAction","target":{"@type":"EntryPoint","urlTemplate":"https:\/\/beebipai.ee\/en\/?s={search_term_string}"},"query-input":{"@type":"PropertyValueSpecification","valueRequired":true,"valueName":"search_term_string"}}],"inLanguage":"ru-RU"}]}},"_links":{"self":[{"href":"https:\/\/beebipai.ee\/ru\/wp-json\/wp\/v2\/product\/9286","targetHints":{"allow":["GET"]}}],"collection":[{"href":"https:\/\/beebipai.ee\/ru\/wp-json\/wp\/v2\/product"}],"about":[{"href":"https:\/\/beebipai.ee\/ru\/wp-json\/wp\/v2\/types\/product"}],"version-history":[{"count":4,"href":"https:\/\/beebipai.ee\/ru\/wp-json\/wp\/v2\/product\/9286\/revisions"}],"predecessor-version":[{"id":9290,"href":"https:\/\/beebipai.ee\/ru\/wp-json\/wp\/v2\/product\/9286\/revisions\/9290"}],"wp:featuredmedia":[{"embeddable":true,"href":"https:\/\/beebipai.ee\/ru\/wp-json\/wp\/v2\/media\/9264"}],"wp:attachment":[{"href":"https:\/\/beebipai.ee\/ru\/wp-json\/wp\/v2\/media?parent=9286"}],"wp:term":[{"taxonomy":"product_brand","embeddable":true,"href":"https:\/\/beebipai.ee\/ru\/wp-json\/wp\/v2\/product_brand?post=9286"},{"taxonomy":"product_cat","embeddable":true,"href":"https:\/\/beebipai.ee\/ru\/wp-json\/wp\/v2\/product_cat?post=9286"},{"taxonomy":"product_tag","embeddable":true,"href":"https:\/\/beebipai.ee\/ru\/wp-json\/wp\/v2\/product_tag?post=9286"}],"curies":[{"name":"wp","href":"https:\/\/api.w.org\/{rel}","templated":true}]}}