{"id":9020,"date":"2023-08-11T11:18:11","date_gmt":"2023-08-11T08:18:11","guid":{"rendered":"https:\/\/beebipai.ee\/?post_type=product&#038;p=9020"},"modified":"2025-10-14T13:47:33","modified_gmt":"2025-10-14T10:47:33","slug":"cadenshae-sportrinnahoidja-raseduse-ja-imetamise-ajaks-2","status":"publish","type":"product","link":"https:\/\/beebipai.ee\/ru\/product\/cadenshae-sportrinnahoidja-raseduse-ja-imetamise-ajaks-2\/","title":{"rendered":"\u0421\u043f\u043e\u0440\u0442\u0438\u0432\u043d\u044b\u0439 \u0431\u044e\u0441\u0442\u0433\u0430\u043b\u044c\u0442\u0435\u0440 Cadenshae \u0434\u043b\u044f \u0431\u0435\u0440\u0435\u043c\u0435\u043d\u043d\u044b\u0445 \u0438 \u043a\u043e\u0440\u043c\u044f\u0449\u0438\u0445 \u043c\u0430\u043c."},"content":{"rendered":"<div data-elementor-type=\"wp-post\" data-elementor-id=\"9020\" class=\"elementor elementor-9020\">\n\t\t\t\t\t\t<section class=\"elementor-section elementor-top-section elementor-element elementor-element-254947c elementor-section-boxed elementor-section-height-default elementor-section-height-default\" data-id=\"254947c\" data-element_type=\"section\" data-e-type=\"section\">\n\t\t\t\t\t\t<div class=\"elementor-container elementor-column-gap-default\">\n\t\t\t\t\t<div class=\"elementor-column elementor-col-50 elementor-top-column elementor-element elementor-element-047a67c\" data-id=\"047a67c\" data-element_type=\"column\" data-e-type=\"column\">\n\t\t\t<div class=\"elementor-widget-wrap elementor-element-populated\">\n\t\t\t\t\t\t<div class=\"elementor-element elementor-element-d4212a5 elementor-widget elementor-widget-heading\" data-id=\"d4212a5\" data-element_type=\"widget\" data-e-type=\"widget\" data-widget_type=\"heading.default\">\n\t\t\t\t<div class=\"elementor-widget-container\">\n\t\t\t\t\t<h2 class=\"elementor-heading-title elementor-size-default\">\u0421\u043f\u043e\u0440\u0442\u0438\u0432\u043d\u044b\u0439 \u0431\u044e\u0441\u0442\u0433\u0430\u043b\u044c\u0442\u0435\u0440 Cadenshae<\/h2>\t\t\t\t<\/div>\n\t\t\t\t<\/div>\n\t\t\t\t<div class=\"elementor-element elementor-element-4523669 elementor-widget elementor-widget-text-editor\" data-id=\"4523669\" data-element_type=\"widget\" data-e-type=\"widget\" data-widget_type=\"text-editor.default\">\n\t\t\t\t<div class=\"elementor-widget-container\">\n\t\t\t\t\t\t\t\t\t<p>Cadenshae sportrinnahoidja sobib igap\u00e4evaseks kasutamiseks ning toetab rinda ka raseduse ja imetamise ajal igat liiki treeningutel. Hoiab \u00e4ra rinna liigse rappumise, p\u00f5rutuse ning kaitseb rinda j\u00e4rskudel liigutustel ja asendivahetustel. Pakub mugavat ja kindlat toetust suurenevatele ja raskematele rindadele. Materjal on pehme ja h\u00e4sti veniv.\u00a0<\/p><p>Kergelt avatavad kinnitused v\u00f5imaldavad lapse toitmise igal vajalikult hetkel. V\u00f5imaldavad Sulle imetamise ajal vajalikku privaatsust.\u00a0 V\u00e4ga pehme ja mugav materjal ei sooni ega pigista, mis imetamise ajal on eriti oluline.\u00a0 Sportrinnahoidja tagune kinnitus on reguleeritav. Kaasas on lisakinnitused. Ka on reguleeritavad \u00f5lapaelad. Rinnahoidja see olevad padjakesed on eemaldatavad.\u00a0<\/p><p>\u0423\u0445\u0430\u0436\u0438\u0432\u0430\u0439\u0442\u0435 \u0437\u0430 \u0441\u0432\u043e\u0438\u043c \u0441\u043f\u043e\u0440\u0442\u0438\u0432\u043d\u044b\u043c \u0431\u044e\u0441\u0442\u0433\u0430\u043b\u044c\u0442\u0435\u0440\u043e\u043c \u0442\u0430\u043a \u0436\u0435, \u043a\u0430\u043a \u0438 \u0437\u0430 \u043b\u044e\u0431\u043e\u0439 \u0434\u0440\u0443\u0433\u043e\u0439 \u0441\u043f\u043e\u0440\u0442\u0438\u0432\u043d\u043e\u0439 \u043e\u0434\u0435\u0436\u0434\u043e\u0439. \u041f\u0440\u0435\u0434\u043f\u043e\u0447\u0442\u0438\u0442\u0435\u043b\u044c\u043d\u0430 \u0440\u0443\u0447\u043d\u0430\u044f \u0438\u043b\u0438 \u043c\u0430\u0448\u0438\u043d\u043d\u0430\u044f \u0441\u0442\u0438\u0440\u043a\u0430 \u0432 \u043f\u0440\u043e\u0445\u043b\u0430\u0434\u043d\u043e\u0439 \u0432\u043e\u0434\u0435 \u0441 \u043e\u0434\u0435\u0436\u0434\u043e\u0439 \u043e\u0434\u043d\u043e\u0433\u043e \u0446\u0432\u0435\u0442\u0430. \u041d\u0435 \u043e\u0442\u0431\u0435\u043b\u0438\u0432\u0430\u0439\u0442\u0435 \u0438 \u043d\u0435 \u0433\u043b\u0430\u0434\u044c\u0442\u0435 \u0441\u043f\u043e\u0440\u0442\u0438\u0432\u043d\u044b\u0439 \u0431\u044e\u0441\u0442\u0433\u0430\u043b\u044c\u0442\u0435\u0440. \u041d\u0435 \u0440\u0435\u043a\u043e\u043c\u0435\u043d\u0434\u0443\u0435\u0442\u0441\u044f \u0438\u0441\u043f\u043e\u043b\u044c\u0437\u043e\u0432\u0430\u0442\u044c \u043a\u043e\u043d\u0434\u0438\u0446\u0438\u043e\u043d\u0435\u0440\u044b \u0434\u043b\u044f \u0431\u0435\u043b\u044c\u044f.<\/p>\t\t\t\t\t\t\t\t<\/div>\n\t\t\t\t<\/div>\n\t\t\t\t\t<\/div>\n\t\t<\/div>\n\t\t\t\t<div class=\"elementor-column elementor-col-50 elementor-top-column elementor-element elementor-element-789bf41\" data-id=\"789bf41\" data-element_type=\"column\" data-e-type=\"column\">\n\t\t\t<div class=\"elementor-widget-wrap elementor-element-populated\">\n\t\t\t\t\t\t<div class=\"elementor-element elementor-element-b86915c elementor-widget elementor-widget-image\" data-id=\"b86915c\" data-element_type=\"widget\" data-e-type=\"widget\" data-widget_type=\"image.default\">\n\t\t\t\t<div class=\"elementor-widget-container\">\n\t\t\t\t\t\t\t\t\t\t\t\t\t\t\t<img fetchpriority=\"high\" decoding=\"async\" width=\"807\" height=\"1024\" src=\"https:\/\/beebipai.ee\/wp-content\/uploads\/2023\/08\/cadenshae-sportrinnahoidja-807x1024.webp\" class=\"attachment-large size-large wp-image-9028\" alt=\"\" srcset=\"https:\/\/beebipai.ee\/wp-content\/uploads\/2023\/08\/cadenshae-sportrinnahoidja-807x1024.webp 807w, https:\/\/beebipai.ee\/wp-content\/uploads\/2023\/08\/cadenshae-sportrinnahoidja-237x300.webp 237w, https:\/\/beebipai.ee\/wp-content\/uploads\/2023\/08\/cadenshae-sportrinnahoidja-768x974.webp 768w, https:\/\/beebipai.ee\/wp-content\/uploads\/2023\/08\/cadenshae-sportrinnahoidja-1211x1536.webp 1211w, https:\/\/beebipai.ee\/wp-content\/uploads\/2023\/08\/cadenshae-sportrinnahoidja-9x12.webp 9w, https:\/\/beebipai.ee\/wp-content\/uploads\/2023\/08\/cadenshae-sportrinnahoidja-600x761.webp 600w, https:\/\/beebipai.ee\/wp-content\/uploads\/2023\/08\/cadenshae-sportrinnahoidja-e1691741813452.webp 500w\" sizes=\"(max-width: 807px) 100vw, 807px\" \/>\t\t\t\t\t\t\t\t\t\t\t\t\t\t\t<\/div>\n\t\t\t\t<\/div>\n\t\t\t\t\t<\/div>\n\t\t<\/div>\n\t\t\t\t\t<\/div>\n\t\t<\/section>\n\t\t\t\t<\/div>","protected":false},"excerpt":{"rendered":"<p>Cadenshae sportrinnahoidja on pehmest ja venivast materjalist, mis toetab rinda igap\u00e4evaselt ja on suurep\u00e4rane ka rasedusaegsetel treeningutel ning imetamise ajal. Mugavate kinnititega lahti k\u00e4iv korvi osa v\u00f5imaldab imetamist iga kell ja igal pool.<\/p>","protected":false},"featured_media":9027,"template":"","meta":{"_monsterinsights_skip_tracking":false,"_monsterinsights_sitenote_active":false,"_monsterinsights_sitenote_note":"","_monsterinsights_sitenote_category":0,"site-sidebar-layout":"no-sidebar","site-content-layout":"page-builder","ast-site-content-layout":"full-width-container","site-content-style":"unboxed","site-sidebar-style":"unboxed","ast-global-header-display":"","ast-banner-title-visibility":"","ast-main-header-display":"","ast-hfb-above-header-display":"","ast-hfb-below-header-display":"","ast-hfb-mobile-header-display":"","site-post-title":"disabled","ast-breadcrumbs-content":"","ast-featured-img":"disabled","footer-sml-layout":"","ast-disable-related-posts":"","theme-transparent-header-meta":"default","adv-header-id-meta":"","stick-header-meta":"","header-above-stick-meta":"","header-main-stick-meta":"","header-below-stick-meta":"","astra-migrate-meta-layouts":"set","ast-page-background-enabled":"default","ast-page-background-meta":{"desktop":{"background-color":"","background-image":"","background-repeat":"repeat","background-position":"center center","background-size":"auto","background-attachment":"scroll","background-type":"","background-media":"","overlay-type":"","overlay-color":"","overlay-opacity":"","overlay-gradient":""},"tablet":{"background-color":"","background-image":"","background-repeat":"repeat","background-position":"center center","background-size":"auto","background-attachment":"scroll","background-type":"","background-media":"","overlay-type":"","overlay-color":"","overlay-opacity":"","overlay-gradient":""},"mobile":{"background-color":"","background-image":"","background-repeat":"repeat","background-position":"center center","background-size":"auto","background-attachment":"scroll","background-type":"","background-media":"","overlay-type":"","overlay-color":"","overlay-opacity":"","overlay-gradient":""}},"ast-content-background-meta":{"desktop":{"background-color":"var(--ast-global-color-5)","background-image":"","background-repeat":"repeat","background-position":"center center","background-size":"auto","background-attachment":"scroll","background-type":"","background-media":"","overlay-type":"","overlay-color":"","overlay-opacity":"","overlay-gradient":""},"tablet":{"background-color":"var(--ast-global-color-5)","background-image":"","background-repeat":"repeat","background-position":"center center","background-size":"auto","background-attachment":"scroll","background-type":"","background-media":"","overlay-type":"","overlay-color":"","overlay-opacity":"","overlay-gradient":""},"mobile":{"background-color":"var(--ast-global-color-5)","background-image":"","background-repeat":"repeat","background-position":"center center","background-size":"auto","background-attachment":"scroll","background-type":"","background-media":"","overlay-type":"","overlay-color":"","overlay-opacity":"","overlay-gradient":""}}},"product_brand":[],"product_cat":[22,105,133,103],"product_tag":[],"class_list":{"0":"post-9020","1":"product","2":"type-product","3":"status-publish","4":"has-post-thumbnail","6":"product_cat-emale","7":"product_cat-treening","8":"product_cat-riided-rasedatele-ja-rinnaga-toitvatele-emadele","9":"product_cat-imetamine","10":"desktop-align-left","11":"tablet-align-left","12":"mobile-align-left","14":"first","15":"instock","16":"sale","17":"taxable","18":"shipping-taxable","19":"purchasable","20":"product-type-variable"},"yoast_head":"<!-- This site is optimized with the Yoast SEO plugin v27.3 - https:\/\/yoast.com\/product\/yoast-seo-wordpress\/ -->\n<title>Cadenshae sportrinnahoidja raseduse ja imetamise ajaks - Beebipai<\/title>\n<meta name=\"description\" content=\"Cadenshae sportrinnahoidja toetab rinda igap\u00e4evaselt,rasedusaegsetel treeningutel ning imetamise ajal. Vaata toodet cadenshae sportrinnahoidja!\" \/>\n<meta name=\"robots\" content=\"index, follow, max-snippet:-1, max-image-preview:large, max-video-preview:-1\" \/>\n<link rel=\"canonical\" href=\"https:\/\/beebipai.ee\/ru\/product\/cadenshae-sportrinnahoidja-raseduse-ja-imetamise-ajaks-2\/\" \/>\n<meta property=\"og:locale\" content=\"ru_RU\" \/>\n<meta property=\"og:type\" content=\"article\" \/>\n<meta property=\"og:title\" content=\"Cadenshae sportrinnahoidja raseduse ja imetamise ajaks - Beebipai\" \/>\n<meta property=\"og:description\" content=\"Cadenshae sportrinnahoidja toetab rinda igap\u00e4evaselt,rasedusaegsetel treeningutel ning imetamise ajal. Vaata toodet cadenshae sportrinnahoidja!\" \/>\n<meta property=\"og:url\" content=\"https:\/\/beebipai.ee\/ru\/product\/cadenshae-sportrinnahoidja-raseduse-ja-imetamise-ajaks-2\/\" \/>\n<meta property=\"og:site_name\" content=\"Beebipai\" \/>\n<meta property=\"article:modified_time\" content=\"2025-10-14T10:47:33+00:00\" \/>\n<meta property=\"og:image\" content=\"https:\/\/beebipai.ee\/wp-content\/uploads\/2023\/08\/Cadenshae-sportrinnahoidja-3-e1691741827620.webp\" \/>\n\t<meta property=\"og:image:width\" content=\"500\" \/>\n\t<meta property=\"og:image:height\" content=\"634\" \/>\n\t<meta property=\"og:image:type\" content=\"image\/webp\" \/>\n<meta name=\"twitter:card\" content=\"summary_large_image\" \/>\n<meta name=\"twitter:label1\" content=\"\u041f\u0440\u0438\u043c\u0435\u0440\u043d\u043e\u0435 \u0432\u0440\u0435\u043c\u044f \u0434\u043b\u044f \u0447\u0442\u0435\u043d\u0438\u044f\" \/>\n\t<meta name=\"twitter:data1\" content=\"1 \u043c\u0438\u043d\u0443\u0442\u0430\" \/>\n<script type=\"application\/ld+json\" class=\"yoast-schema-graph\">{\"@context\":\"https:\\\/\\\/schema.org\",\"@graph\":[{\"@type\":\"WebPage\",\"@id\":\"https:\\\/\\\/beebipai.ee\\\/product\\\/cadenshae-sportrinnahoidja-raseduse-ja-imetamise-ajaks-2\\\/\",\"url\":\"https:\\\/\\\/beebipai.ee\\\/product\\\/cadenshae-sportrinnahoidja-raseduse-ja-imetamise-ajaks-2\\\/\",\"name\":\"Cadenshae sportrinnahoidja raseduse ja imetamise ajaks - Beebipai\",\"isPartOf\":{\"@id\":\"https:\\\/\\\/beebipai.ee\\\/en\\\/#website\"},\"primaryImageOfPage\":{\"@id\":\"https:\\\/\\\/beebipai.ee\\\/product\\\/cadenshae-sportrinnahoidja-raseduse-ja-imetamise-ajaks-2\\\/#primaryimage\"},\"image\":{\"@id\":\"https:\\\/\\\/beebipai.ee\\\/product\\\/cadenshae-sportrinnahoidja-raseduse-ja-imetamise-ajaks-2\\\/#primaryimage\"},\"thumbnailUrl\":\"https:\\\/\\\/beebipai.ee\\\/wp-content\\\/uploads\\\/2023\\\/08\\\/Cadenshae-sportrinnahoidja-3-e1691741827620.webp\",\"datePublished\":\"2023-08-11T08:18:11+00:00\",\"dateModified\":\"2025-10-14T10:47:33+00:00\",\"description\":\"Cadenshae sportrinnahoidja toetab rinda igap\u00e4evaselt,rasedusaegsetel treeningutel ning imetamise ajal. Vaata toodet cadenshae sportrinnahoidja!\",\"breadcrumb\":{\"@id\":\"https:\\\/\\\/beebipai.ee\\\/product\\\/cadenshae-sportrinnahoidja-raseduse-ja-imetamise-ajaks-2\\\/#breadcrumb\"},\"inLanguage\":\"ru-RU\",\"potentialAction\":[{\"@type\":\"ReadAction\",\"target\":[\"https:\\\/\\\/beebipai.ee\\\/product\\\/cadenshae-sportrinnahoidja-raseduse-ja-imetamise-ajaks-2\\\/\"]}]},{\"@type\":\"ImageObject\",\"inLanguage\":\"ru-RU\",\"@id\":\"https:\\\/\\\/beebipai.ee\\\/product\\\/cadenshae-sportrinnahoidja-raseduse-ja-imetamise-ajaks-2\\\/#primaryimage\",\"url\":\"https:\\\/\\\/beebipai.ee\\\/wp-content\\\/uploads\\\/2023\\\/08\\\/Cadenshae-sportrinnahoidja-3-e1691741827620.webp\",\"contentUrl\":\"https:\\\/\\\/beebipai.ee\\\/wp-content\\\/uploads\\\/2023\\\/08\\\/Cadenshae-sportrinnahoidja-3-e1691741827620.webp\",\"width\":500,\"height\":634},{\"@type\":\"BreadcrumbList\",\"@id\":\"https:\\\/\\\/beebipai.ee\\\/product\\\/cadenshae-sportrinnahoidja-raseduse-ja-imetamise-ajaks-2\\\/#breadcrumb\",\"itemListElement\":[{\"@type\":\"ListItem\",\"position\":1,\"name\":\"Home\",\"item\":\"https:\\\/\\\/beebipai.ee\\\/\"},{\"@type\":\"ListItem\",\"position\":2,\"name\":\"Pood\",\"item\":\"https:\\\/\\\/beebipai.ee\\\/store\\\/\"},{\"@type\":\"ListItem\",\"position\":3,\"name\":\"Cadenshae sportrinnahoidja raseduse ja imetamise ajaks\"}]},{\"@type\":\"WebSite\",\"@id\":\"https:\\\/\\\/beebipai.ee\\\/en\\\/#website\",\"url\":\"https:\\\/\\\/beebipai.ee\\\/en\\\/\",\"name\":\"Beebipai\",\"description\":\"Rasedate ja beebide veebipood\",\"potentialAction\":[{\"@type\":\"SearchAction\",\"target\":{\"@type\":\"EntryPoint\",\"urlTemplate\":\"https:\\\/\\\/beebipai.ee\\\/en\\\/?s={search_term_string}\"},\"query-input\":{\"@type\":\"PropertyValueSpecification\",\"valueRequired\":true,\"valueName\":\"search_term_string\"}}],\"inLanguage\":\"ru-RU\"}]}<\/script>\n<!-- \/ Yoast SEO plugin. -->","yoast_head_json":{"title":"Cadenshae sportrinnahoidja raseduse ja imetamise ajaks - Beebipai","description":"Cadenshae sportrinnahoidja toetab rinda igap\u00e4evaselt,rasedusaegsetel treeningutel ning imetamise ajal. Vaata toodet cadenshae sportrinnahoidja!","robots":{"index":"index","follow":"follow","max-snippet":"max-snippet:-1","max-image-preview":"max-image-preview:large","max-video-preview":"max-video-preview:-1"},"canonical":"https:\/\/beebipai.ee\/ru\/product\/cadenshae-sportrinnahoidja-raseduse-ja-imetamise-ajaks-2\/","og_locale":"ru_RU","og_type":"article","og_title":"Cadenshae sportrinnahoidja raseduse ja imetamise ajaks - Beebipai","og_description":"Cadenshae sportrinnahoidja toetab rinda igap\u00e4evaselt,rasedusaegsetel treeningutel ning imetamise ajal. Vaata toodet cadenshae sportrinnahoidja!","og_url":"https:\/\/beebipai.ee\/ru\/product\/cadenshae-sportrinnahoidja-raseduse-ja-imetamise-ajaks-2\/","og_site_name":"Beebipai","article_modified_time":"2025-10-14T10:47:33+00:00","og_image":[{"width":500,"height":634,"url":"https:\/\/beebipai.ee\/wp-content\/uploads\/2023\/08\/Cadenshae-sportrinnahoidja-3-e1691741827620.webp","type":"image\/webp"}],"twitter_card":"summary_large_image","twitter_misc":{"\u041f\u0440\u0438\u043c\u0435\u0440\u043d\u043e\u0435 \u0432\u0440\u0435\u043c\u044f \u0434\u043b\u044f \u0447\u0442\u0435\u043d\u0438\u044f":"1 \u043c\u0438\u043d\u0443\u0442\u0430"},"schema":{"@context":"https:\/\/schema.org","@graph":[{"@type":"WebPage","@id":"https:\/\/beebipai.ee\/product\/cadenshae-sportrinnahoidja-raseduse-ja-imetamise-ajaks-2\/","url":"https:\/\/beebipai.ee\/product\/cadenshae-sportrinnahoidja-raseduse-ja-imetamise-ajaks-2\/","name":"Cadenshae sportrinnahoidja raseduse ja imetamise ajaks - Beebipai","isPartOf":{"@id":"https:\/\/beebipai.ee\/en\/#website"},"primaryImageOfPage":{"@id":"https:\/\/beebipai.ee\/product\/cadenshae-sportrinnahoidja-raseduse-ja-imetamise-ajaks-2\/#primaryimage"},"image":{"@id":"https:\/\/beebipai.ee\/product\/cadenshae-sportrinnahoidja-raseduse-ja-imetamise-ajaks-2\/#primaryimage"},"thumbnailUrl":"https:\/\/beebipai.ee\/wp-content\/uploads\/2023\/08\/Cadenshae-sportrinnahoidja-3-e1691741827620.webp","datePublished":"2023-08-11T08:18:11+00:00","dateModified":"2025-10-14T10:47:33+00:00","description":"Cadenshae sportrinnahoidja toetab rinda igap\u00e4evaselt,rasedusaegsetel treeningutel ning imetamise ajal. Vaata toodet cadenshae sportrinnahoidja!","breadcrumb":{"@id":"https:\/\/beebipai.ee\/product\/cadenshae-sportrinnahoidja-raseduse-ja-imetamise-ajaks-2\/#breadcrumb"},"inLanguage":"ru-RU","potentialAction":[{"@type":"ReadAction","target":["https:\/\/beebipai.ee\/product\/cadenshae-sportrinnahoidja-raseduse-ja-imetamise-ajaks-2\/"]}]},{"@type":"ImageObject","inLanguage":"ru-RU","@id":"https:\/\/beebipai.ee\/product\/cadenshae-sportrinnahoidja-raseduse-ja-imetamise-ajaks-2\/#primaryimage","url":"https:\/\/beebipai.ee\/wp-content\/uploads\/2023\/08\/Cadenshae-sportrinnahoidja-3-e1691741827620.webp","contentUrl":"https:\/\/beebipai.ee\/wp-content\/uploads\/2023\/08\/Cadenshae-sportrinnahoidja-3-e1691741827620.webp","width":500,"height":634},{"@type":"BreadcrumbList","@id":"https:\/\/beebipai.ee\/product\/cadenshae-sportrinnahoidja-raseduse-ja-imetamise-ajaks-2\/#breadcrumb","itemListElement":[{"@type":"ListItem","position":1,"name":"Home","item":"https:\/\/beebipai.ee\/"},{"@type":"ListItem","position":2,"name":"Pood","item":"https:\/\/beebipai.ee\/store\/"},{"@type":"ListItem","position":3,"name":"Cadenshae sportrinnahoidja raseduse ja imetamise ajaks"}]},{"@type":"WebSite","@id":"https:\/\/beebipai.ee\/en\/#website","url":"https:\/\/beebipai.ee\/en\/","name":"Beebipai","description":"Rasedate ja beebide veebipood","potentialAction":[{"@type":"SearchAction","target":{"@type":"EntryPoint","urlTemplate":"https:\/\/beebipai.ee\/en\/?s={search_term_string}"},"query-input":{"@type":"PropertyValueSpecification","valueRequired":true,"valueName":"search_term_string"}}],"inLanguage":"ru-RU"}]}},"_links":{"self":[{"href":"https:\/\/beebipai.ee\/ru\/wp-json\/wp\/v2\/product\/9020","targetHints":{"allow":["GET"]}}],"collection":[{"href":"https:\/\/beebipai.ee\/ru\/wp-json\/wp\/v2\/product"}],"about":[{"href":"https:\/\/beebipai.ee\/ru\/wp-json\/wp\/v2\/types\/product"}],"version-history":[{"count":5,"href":"https:\/\/beebipai.ee\/ru\/wp-json\/wp\/v2\/product\/9020\/revisions"}],"predecessor-version":[{"id":12407,"href":"https:\/\/beebipai.ee\/ru\/wp-json\/wp\/v2\/product\/9020\/revisions\/12407"}],"wp:featuredmedia":[{"embeddable":true,"href":"https:\/\/beebipai.ee\/ru\/wp-json\/wp\/v2\/media\/9027"}],"wp:attachment":[{"href":"https:\/\/beebipai.ee\/ru\/wp-json\/wp\/v2\/media?parent=9020"}],"wp:term":[{"taxonomy":"product_brand","embeddable":true,"href":"https:\/\/beebipai.ee\/ru\/wp-json\/wp\/v2\/product_brand?post=9020"},{"taxonomy":"product_cat","embeddable":true,"href":"https:\/\/beebipai.ee\/ru\/wp-json\/wp\/v2\/product_cat?post=9020"},{"taxonomy":"product_tag","embeddable":true,"href":"https:\/\/beebipai.ee\/ru\/wp-json\/wp\/v2\/product_tag?post=9020"}],"curies":[{"name":"wp","href":"https:\/\/api.w.org\/{rel}","templated":true}]}}