{"id":8036,"date":"2023-03-19T19:18:18","date_gmt":"2023-03-19T17:18:18","guid":{"rendered":"https:\/\/beebipai.ee\/?post_type=product&#038;p=8036"},"modified":"2025-06-29T16:38:38","modified_gmt":"2025-06-29T13:38:38","slug":"seraphine-rasedate-luhikesed-teksad","status":"publish","type":"product","link":"https:\/\/beebipai.ee\/ru\/product\/seraphine-rasedate-luhikesed-teksad\/","title":{"rendered":"\u041a\u043e\u0440\u043e\u0442\u043a\u0438\u0435 \u0434\u0436\u0438\u043d\u0441\u044b \u0434\u043b\u044f \u0431\u0435\u0440\u0435\u043c\u0435\u043d\u043d\u044b\u0445 Seraphine"},"content":{"rendered":"<div data-elementor-type=\"wp-post\" data-elementor-id=\"8036\" class=\"elementor elementor-8036\">\n\t\t\t\t\t\t<section class=\"elementor-section elementor-top-section elementor-element elementor-element-c5b1ea5 elementor-section-boxed elementor-section-height-default elementor-section-height-default\" data-id=\"c5b1ea5\" data-element_type=\"section\" data-e-type=\"section\">\n\t\t\t\t\t\t<div class=\"elementor-container elementor-column-gap-default\">\n\t\t\t\t\t<div class=\"elementor-column elementor-col-50 elementor-top-column elementor-element elementor-element-9a89f80\" data-id=\"9a89f80\" data-element_type=\"column\" data-e-type=\"column\">\n\t\t\t<div class=\"elementor-widget-wrap elementor-element-populated\">\n\t\t\t\t\t\t<div class=\"elementor-element elementor-element-f0f34bc elementor-widget elementor-widget-heading\" data-id=\"f0f34bc\" data-element_type=\"widget\" data-e-type=\"widget\" data-widget_type=\"heading.default\">\n\t\t\t\t<div class=\"elementor-widget-container\">\n\t\t\t\t\t<h2 class=\"elementor-heading-title elementor-size-default\">\u041a\u043e\u0440\u043e\u0442\u043a\u0438\u0435 \u0434\u0436\u0438\u043d\u0441\u044b \u0434\u043b\u044f \u0431\u0435\u0440\u0435\u043c\u0435\u043d\u043d\u044b\u0445<\/h2>\t\t\t\t<\/div>\n\t\t\t\t<\/div>\n\t\t\t\t<div class=\"elementor-element elementor-element-dfe87e9 elementor-widget elementor-widget-text-editor\" data-id=\"dfe87e9\" data-element_type=\"widget\" data-e-type=\"widget\" data-widget_type=\"text-editor.default\">\n\t\t\t\t<div class=\"elementor-widget-container\">\n\t\t\t\t\t\t\t\t\t<p>\u041a\u043b\u0430\u0441\u0441\u0438\u043a\u0430 \u043b\u0435\u0442\u043d\u0435\u0433\u043e \u0441\u0442\u0438\u043b\u044f \u2013 \u044d\u0442\u043e \u0442\u043e, \u0447\u0442\u043e \u043e\u0431\u044f\u0437\u0430\u0442\u0435\u043b\u044c\u043d\u043e \u0434\u043e\u043b\u0436\u043d\u043e \u0431\u044b\u0442\u044c \u0432 \u043e\u0436\u0438\u0434\u0430\u043d\u0438\u0438 \u0440\u0435\u0431\u0435\u043d\u043a\u0430. \u0414\u0436\u0438\u043d\u0441\u044b \u0434\u043b\u044f \u0431\u0435\u0440\u0435\u043c\u0435\u043d\u043d\u044b\u0445 \u0438\u0437 \u043c\u044f\u0433\u043a\u043e\u0433\u043e \u0445\u043b\u043e\u043f\u043a\u0430 \u0443\u0434\u043e\u0431\u043d\u044b \u043d\u0430 \u043f\u0440\u043e\u0442\u044f\u0436\u0435\u043d\u0438\u0438 \u0432\u0441\u0435\u0439 \u0431\u0435\u0440\u0435\u043c\u0435\u043d\u043d\u043e\u0441\u0442\u0438. \u0425\u043b\u043e\u043f\u043a\u043e\u0432\u044b\u0439 \u0442\u0440\u0438\u043a\u043e\u0442\u0430\u0436 \u0441 \u043e\u0447\u0435\u043d\u044c \u0445\u043e\u0440\u043e\u0448\u0435\u0439 \u044d\u043b\u0430\u0441\u0442\u0438\u0447\u043d\u043e\u0441\u0442\u044c\u044e \u043f\u043e \u0431\u043e\u043a\u0430\u043c, \u043a\u043e\u0442\u043e\u0440\u044b\u0439 \u0430\u0434\u0430\u043f\u0442\u0438\u0440\u0443\u0435\u0442\u0441\u044f \u043a \u0436\u0438\u0432\u043e\u0442\u0443 \u043b\u044e\u0431\u043e\u0433\u043e \u0440\u0430\u0437\u043c\u0435\u0440\u0430. \u0417\u0430\u0441\u0442\u0435\u0436\u043a\u0430 \u043d\u0430\u0445\u043e\u0434\u0438\u0442\u0441\u044f \u043f\u043e\u0434 \u0436\u0438\u0432\u043e\u0442\u043e\u043c, \u0447\u0442\u043e \u043e\u0441\u0442\u0430\u0432\u043b\u044f\u0435\u0442 \u0436\u0438\u0432\u043e\u0442 \u0441\u0432\u043e\u0431\u043e\u0434\u043d\u044b\u043c \u043e\u0442 \u0442\u043a\u0430\u043d\u0438 \u0438 \u043e\u0441\u043e\u0431\u0435\u043d\u043d\u043e \u043a\u043e\u043c\u0444\u043e\u0440\u0442\u043d\u043e \u0432 \u043b\u0435\u0442\u043d\u044e\u044e \u0436\u0430\u0440\u0443. \u041a\u043e\u043c\u0444\u043e\u0440\u0442, \u0441\u0442\u0438\u043b\u044c\u043d\u044b\u0439 \u0432\u043d\u0435\u0448\u043d\u0438\u0439 \u0432\u0438\u0434 \u0438 \u043f\u0440\u0430\u043a\u0442\u0438\u0447\u043d\u043e\u0441\u0442\u044c \u2013 \u0432\u0441\u0435, \u0447\u0442\u043e \u0432\u0430\u043c \u043d\u0443\u0436\u043d\u043e.\u00a0<\/p><p>\u0417\u0430 \u043a\u043e\u0440\u043e\u0442\u043a\u0438\u043c\u0438 \u0434\u0436\u0438\u043d\u0441\u0430\u043c\u0438 \u0434\u043b\u044f \u0431\u0435\u0440\u0435\u043c\u0435\u043d\u043d\u044b\u0445 \u043b\u0435\u0433\u043a\u043e \u0443\u0445\u0430\u0436\u0438\u0432\u0430\u0442\u044c, \u043d\u043e \u0443\u0447\u0442\u0438\u0442\u0435 \u043d\u0435\u043a\u043e\u0442\u043e\u0440\u044b\u0435 \u0441\u043e\u0432\u0435\u0442\u044b \u043f\u043e \u0443\u0445\u043e\u0434\u0443:<\/p><ul><li>\u041c\u0430\u0448\u0438\u043d\u043d\u0430\u044f \u0441\u0442\u0438\u0440\u043a\u0430 \u043f\u0440\u0438 \u0442\u0435\u043c\u043f\u0435\u0440\u0430\u0442\u0443\u0440\u0435 30 \u0433\u0440\u0430\u0434\u0443\u0441\u043e\u0432<\/li><li>\u0421\u0442\u0438\u0440\u0430\u0442\u044c, \u0432\u044b\u0432\u0435\u0440\u043d\u0443\u0432 \u043d\u0430\u0438\u0437\u043d\u0430\u043d\u043a\u0443<\/li><li>\u0438\u0437\u0431\u0435\u0433\u0430\u0439\u0442\u0435 \u0432\u044b\u0441\u044b\u0445\u0430\u043d\u0438\u044f \u0432 \u043a\u0443\u0432\u0448\u0438\u043d\u0435<\/li><li>\u0441\u0442\u0438\u0440\u0430\u0439\u0442\u0435 \u0442\u0435\u043c\u043d\u0443\u044e \u0438 \u0441\u0432\u0435\u0442\u043b\u0443\u044e \u043e\u0434\u0435\u0436\u0434\u0443 \u043e\u0442\u0434\u0435\u043b\u044c\u043d\u043e<\/li><li>\u0413\u043b\u0430\u0434\u0438\u0442\u044c \u043d\u0430 \u0441\u0440\u0435\u0434\u043d\u0435\u043c \u043e\u0433\u043d\u0435<\/li><\/ul>\t\t\t\t\t\t\t\t<\/div>\n\t\t\t\t<\/div>\n\t\t\t\t\t<\/div>\n\t\t<\/div>\n\t\t\t\t<div class=\"elementor-column elementor-col-50 elementor-top-column elementor-element elementor-element-94d2684\" data-id=\"94d2684\" data-element_type=\"column\" data-e-type=\"column\">\n\t\t\t<div class=\"elementor-widget-wrap elementor-element-populated\">\n\t\t\t\t\t\t<div class=\"elementor-element elementor-element-11cb0c5 elementor-widget elementor-widget-image\" data-id=\"11cb0c5\" data-element_type=\"widget\" data-e-type=\"widget\" data-widget_type=\"image.default\">\n\t\t\t\t<div class=\"elementor-widget-container\">\n\t\t\t\t\t\t\t\t\t\t\t\t\t\t\t<img fetchpriority=\"high\" decoding=\"async\" width=\"586\" height=\"750\" src=\"https:\/\/beebipai.ee\/wp-content\/uploads\/2023\/03\/Seraphine-rasedate-luhikesed-teksad-2.jpg\" class=\"attachment-large size-large wp-image-8044\" alt=\"\" srcset=\"https:\/\/beebipai.ee\/wp-content\/uploads\/2023\/03\/Seraphine-rasedate-luhikesed-teksad-2.jpg 586w, https:\/\/beebipai.ee\/wp-content\/uploads\/2023\/03\/Seraphine-rasedate-luhikesed-teksad-2-234x300.jpg 234w, https:\/\/beebipai.ee\/wp-content\/uploads\/2023\/03\/Seraphine-rasedate-luhikesed-teksad-2-9x12.jpg 9w\" sizes=\"(max-width: 586px) 100vw, 586px\" \/>\t\t\t\t\t\t\t\t\t\t\t\t\t\t\t<\/div>\n\t\t\t\t<\/div>\n\t\t\t\t\t<\/div>\n\t\t<\/div>\n\t\t\t\t\t<\/div>\n\t\t<\/section>\n\t\t\t\t<\/div>","protected":false},"excerpt":{"rendered":"<p>\u041a\u043e\u0440\u043e\u0442\u043a\u0438\u0435 \u0434\u0436\u0438\u043d\u0441\u044b \u0434\u043b\u044f \u0431\u0435\u0440\u0435\u043c\u0435\u043d\u043d\u044b\u0445 Seraphine \u043f\u043e\u0434\u0445\u043e\u0434\u044f\u0442 \u0434\u043b\u044f \u0431\u0435\u0440\u0435\u043c\u0435\u043d\u043d\u044b\u0445 \u0432\u0441\u0435\u0445 \u0440\u0430\u0437\u043c\u0435\u0440\u043e\u0432. \u0423\u0434\u043e\u0431\u043d\u044b\u0435 \u043b\u0435\u0433\u043a\u0438\u0435 \u0431\u0440\u044e\u043a\u0438 \u0434\u043b\u044f \u0442\u0435\u043f\u043b\u044b\u0445 \u043b\u0435\u0442\u043d\u0438\u0445 \u0434\u043d\u0435\u0439.<\/p>","protected":false},"featured_media":8049,"template":"","meta":{"_monsterinsights_skip_tracking":false,"_monsterinsights_sitenote_active":false,"_monsterinsights_sitenote_note":"","_monsterinsights_sitenote_category":0,"site-sidebar-layout":"no-sidebar","site-content-layout":"page-builder","ast-site-content-layout":"full-width-container","site-content-style":"unboxed","site-sidebar-style":"unboxed","ast-global-header-display":"","ast-banner-title-visibility":"","ast-main-header-display":"","ast-hfb-above-header-display":"","ast-hfb-below-header-display":"","ast-hfb-mobile-header-display":"","site-post-title":"disabled","ast-breadcrumbs-content":"","ast-featured-img":"disabled","footer-sml-layout":"","ast-disable-related-posts":"","theme-transparent-header-meta":"default","adv-header-id-meta":"","stick-header-meta":"","header-above-stick-meta":"","header-main-stick-meta":"","header-below-stick-meta":"","astra-migrate-meta-layouts":"set","ast-page-background-enabled":"default","ast-page-background-meta":{"desktop":{"background-color":"","background-image":"","background-repeat":"repeat","background-position":"center center","background-size":"auto","background-attachment":"scroll","background-type":"","background-media":"","overlay-type":"","overlay-color":"","overlay-opacity":"","overlay-gradient":""},"tablet":{"background-color":"","background-image":"","background-repeat":"repeat","background-position":"center center","background-size":"auto","background-attachment":"scroll","background-type":"","background-media":"","overlay-type":"","overlay-color":"","overlay-opacity":"","overlay-gradient":""},"mobile":{"background-color":"","background-image":"","background-repeat":"repeat","background-position":"center center","background-size":"auto","background-attachment":"scroll","background-type":"","background-media":"","overlay-type":"","overlay-color":"","overlay-opacity":"","overlay-gradient":""}},"ast-content-background-meta":{"desktop":{"background-color":"var(--ast-global-color-5)","background-image":"","background-repeat":"repeat","background-position":"center center","background-size":"auto","background-attachment":"scroll","background-type":"","background-media":"","overlay-type":"","overlay-color":"","overlay-opacity":"","overlay-gradient":""},"tablet":{"background-color":"var(--ast-global-color-5)","background-image":"","background-repeat":"repeat","background-position":"center center","background-size":"auto","background-attachment":"scroll","background-type":"","background-media":"","overlay-type":"","overlay-color":"","overlay-opacity":"","overlay-gradient":""},"mobile":{"background-color":"var(--ast-global-color-5)","background-image":"","background-repeat":"repeat","background-position":"center center","background-size":"auto","background-attachment":"scroll","background-type":"","background-media":"","overlay-type":"","overlay-color":"","overlay-opacity":"","overlay-gradient":""}}},"product_brand":[],"product_cat":[22,133],"product_tag":[],"class_list":{"0":"post-8036","1":"product","2":"type-product","3":"status-publish","4":"has-post-thumbnail","6":"product_cat-emale","7":"product_cat-riided-rasedatele-ja-rinnaga-toitvatele-emadele","8":"desktop-align-left","9":"tablet-align-left","10":"mobile-align-left","12":"first","13":"instock","14":"sale","15":"taxable","16":"shipping-taxable","17":"purchasable","18":"product-type-variable"},"yoast_head":"<!-- This site is optimized with the Yoast SEO plugin v27.3 - https:\/\/yoast.com\/product\/yoast-seo-wordpress\/ -->\n<title>Seraphine rasedate l\u00fchikesed teksad - Beebipai<\/title>\n<meta name=\"description\" content=\"Rasedate l\u00fchikesed teksad sobivad raseduse igas suusruses. Mugavad ja moodsad p\u00fcksid rasedatele suveks. Vaata toodet rasedate l\u00fchikesed teksad\" \/>\n<meta name=\"robots\" content=\"index, follow, max-snippet:-1, max-image-preview:large, max-video-preview:-1\" \/>\n<link rel=\"canonical\" href=\"https:\/\/beebipai.ee\/ru\/product\/seraphine-rasedate-luhikesed-teksad\/\" \/>\n<meta property=\"og:locale\" content=\"ru_RU\" \/>\n<meta property=\"og:type\" content=\"article\" \/>\n<meta property=\"og:title\" content=\"Seraphine rasedate l\u00fchikesed teksad - Beebipai\" \/>\n<meta property=\"og:description\" content=\"Rasedate l\u00fchikesed teksad sobivad raseduse igas suusruses. Mugavad ja moodsad p\u00fcksid rasedatele suveks. Vaata toodet rasedate l\u00fchikesed teksad\" \/>\n<meta property=\"og:url\" content=\"https:\/\/beebipai.ee\/ru\/product\/seraphine-rasedate-luhikesed-teksad\/\" \/>\n<meta property=\"og:site_name\" content=\"Beebipai\" \/>\n<meta property=\"article:modified_time\" content=\"2025-06-29T13:38:38+00:00\" \/>\n<meta property=\"og:image\" content=\"https:\/\/beebipai.ee\/wp-content\/uploads\/2023\/03\/Seraphine-rasedate-luhikesed-teksad-7.jpg\" \/>\n\t<meta property=\"og:image:width\" content=\"586\" \/>\n\t<meta property=\"og:image:height\" content=\"750\" \/>\n\t<meta property=\"og:image:type\" content=\"image\/jpeg\" \/>\n<meta name=\"twitter:card\" content=\"summary_large_image\" \/>\n<script type=\"application\/ld+json\" class=\"yoast-schema-graph\">{\"@context\":\"https:\\\/\\\/schema.org\",\"@graph\":[{\"@type\":\"WebPage\",\"@id\":\"https:\\\/\\\/beebipai.ee\\\/ru\\\/product\\\/seraphine-rasedate-luhikesed-teksad\\\/\",\"url\":\"https:\\\/\\\/beebipai.ee\\\/ru\\\/product\\\/seraphine-rasedate-luhikesed-teksad\\\/\",\"name\":\"Seraphine rasedate l\u00fchikesed teksad - Beebipai\",\"isPartOf\":{\"@id\":\"https:\\\/\\\/beebipai.ee\\\/en\\\/#website\"},\"primaryImageOfPage\":{\"@id\":\"https:\\\/\\\/beebipai.ee\\\/ru\\\/product\\\/seraphine-rasedate-luhikesed-teksad\\\/#primaryimage\"},\"image\":{\"@id\":\"https:\\\/\\\/beebipai.ee\\\/ru\\\/product\\\/seraphine-rasedate-luhikesed-teksad\\\/#primaryimage\"},\"thumbnailUrl\":\"https:\\\/\\\/beebipai.ee\\\/wp-content\\\/uploads\\\/2023\\\/03\\\/Seraphine-rasedate-luhikesed-teksad-7.jpg\",\"datePublished\":\"2023-03-19T17:18:18+00:00\",\"dateModified\":\"2025-06-29T13:38:38+00:00\",\"description\":\"Rasedate l\u00fchikesed teksad sobivad raseduse igas suusruses. Mugavad ja moodsad p\u00fcksid rasedatele suveks. Vaata toodet rasedate l\u00fchikesed teksad\",\"breadcrumb\":{\"@id\":\"https:\\\/\\\/beebipai.ee\\\/ru\\\/product\\\/seraphine-rasedate-luhikesed-teksad\\\/#breadcrumb\"},\"inLanguage\":\"ru-RU\",\"potentialAction\":[{\"@type\":\"ReadAction\",\"target\":[\"https:\\\/\\\/beebipai.ee\\\/ru\\\/product\\\/seraphine-rasedate-luhikesed-teksad\\\/\"]}]},{\"@type\":\"ImageObject\",\"inLanguage\":\"ru-RU\",\"@id\":\"https:\\\/\\\/beebipai.ee\\\/ru\\\/product\\\/seraphine-rasedate-luhikesed-teksad\\\/#primaryimage\",\"url\":\"https:\\\/\\\/beebipai.ee\\\/wp-content\\\/uploads\\\/2023\\\/03\\\/Seraphine-rasedate-luhikesed-teksad-7.jpg\",\"contentUrl\":\"https:\\\/\\\/beebipai.ee\\\/wp-content\\\/uploads\\\/2023\\\/03\\\/Seraphine-rasedate-luhikesed-teksad-7.jpg\",\"width\":586,\"height\":750},{\"@type\":\"BreadcrumbList\",\"@id\":\"https:\\\/\\\/beebipai.ee\\\/ru\\\/product\\\/seraphine-rasedate-luhikesed-teksad\\\/#breadcrumb\",\"itemListElement\":[{\"@type\":\"ListItem\",\"position\":1,\"name\":\"Home\",\"item\":\"https:\\\/\\\/beebipai.ee\\\/\"},{\"@type\":\"ListItem\",\"position\":2,\"name\":\"Pood\",\"item\":\"https:\\\/\\\/beebipai.ee\\\/store\\\/\"},{\"@type\":\"ListItem\",\"position\":3,\"name\":\"Seraphine rasedate l\u00fchikesed teksad\"}]},{\"@type\":\"WebSite\",\"@id\":\"https:\\\/\\\/beebipai.ee\\\/en\\\/#website\",\"url\":\"https:\\\/\\\/beebipai.ee\\\/en\\\/\",\"name\":\"Beebipai\",\"description\":\"Rasedate ja beebide veebipood\",\"potentialAction\":[{\"@type\":\"SearchAction\",\"target\":{\"@type\":\"EntryPoint\",\"urlTemplate\":\"https:\\\/\\\/beebipai.ee\\\/en\\\/?s={search_term_string}\"},\"query-input\":{\"@type\":\"PropertyValueSpecification\",\"valueRequired\":true,\"valueName\":\"search_term_string\"}}],\"inLanguage\":\"ru-RU\"}]}<\/script>\n<!-- \/ Yoast SEO plugin. -->","yoast_head_json":{"title":"Seraphine rasedate l\u00fchikesed teksad - Beebipai","description":"Rasedate l\u00fchikesed teksad sobivad raseduse igas suusruses. Mugavad ja moodsad p\u00fcksid rasedatele suveks. Vaata toodet rasedate l\u00fchikesed teksad","robots":{"index":"index","follow":"follow","max-snippet":"max-snippet:-1","max-image-preview":"max-image-preview:large","max-video-preview":"max-video-preview:-1"},"canonical":"https:\/\/beebipai.ee\/ru\/product\/seraphine-rasedate-luhikesed-teksad\/","og_locale":"ru_RU","og_type":"article","og_title":"Seraphine rasedate l\u00fchikesed teksad - Beebipai","og_description":"Rasedate l\u00fchikesed teksad sobivad raseduse igas suusruses. Mugavad ja moodsad p\u00fcksid rasedatele suveks. Vaata toodet rasedate l\u00fchikesed teksad","og_url":"https:\/\/beebipai.ee\/ru\/product\/seraphine-rasedate-luhikesed-teksad\/","og_site_name":"Beebipai","article_modified_time":"2025-06-29T13:38:38+00:00","og_image":[{"width":586,"height":750,"url":"https:\/\/beebipai.ee\/wp-content\/uploads\/2023\/03\/Seraphine-rasedate-luhikesed-teksad-7.jpg","type":"image\/jpeg"}],"twitter_card":"summary_large_image","schema":{"@context":"https:\/\/schema.org","@graph":[{"@type":"WebPage","@id":"https:\/\/beebipai.ee\/ru\/product\/seraphine-rasedate-luhikesed-teksad\/","url":"https:\/\/beebipai.ee\/ru\/product\/seraphine-rasedate-luhikesed-teksad\/","name":"Seraphine rasedate l\u00fchikesed teksad - Beebipai","isPartOf":{"@id":"https:\/\/beebipai.ee\/en\/#website"},"primaryImageOfPage":{"@id":"https:\/\/beebipai.ee\/ru\/product\/seraphine-rasedate-luhikesed-teksad\/#primaryimage"},"image":{"@id":"https:\/\/beebipai.ee\/ru\/product\/seraphine-rasedate-luhikesed-teksad\/#primaryimage"},"thumbnailUrl":"https:\/\/beebipai.ee\/wp-content\/uploads\/2023\/03\/Seraphine-rasedate-luhikesed-teksad-7.jpg","datePublished":"2023-03-19T17:18:18+00:00","dateModified":"2025-06-29T13:38:38+00:00","description":"Rasedate l\u00fchikesed teksad sobivad raseduse igas suusruses. Mugavad ja moodsad p\u00fcksid rasedatele suveks. Vaata toodet rasedate l\u00fchikesed teksad","breadcrumb":{"@id":"https:\/\/beebipai.ee\/ru\/product\/seraphine-rasedate-luhikesed-teksad\/#breadcrumb"},"inLanguage":"ru-RU","potentialAction":[{"@type":"ReadAction","target":["https:\/\/beebipai.ee\/ru\/product\/seraphine-rasedate-luhikesed-teksad\/"]}]},{"@type":"ImageObject","inLanguage":"ru-RU","@id":"https:\/\/beebipai.ee\/ru\/product\/seraphine-rasedate-luhikesed-teksad\/#primaryimage","url":"https:\/\/beebipai.ee\/wp-content\/uploads\/2023\/03\/Seraphine-rasedate-luhikesed-teksad-7.jpg","contentUrl":"https:\/\/beebipai.ee\/wp-content\/uploads\/2023\/03\/Seraphine-rasedate-luhikesed-teksad-7.jpg","width":586,"height":750},{"@type":"BreadcrumbList","@id":"https:\/\/beebipai.ee\/ru\/product\/seraphine-rasedate-luhikesed-teksad\/#breadcrumb","itemListElement":[{"@type":"ListItem","position":1,"name":"Home","item":"https:\/\/beebipai.ee\/"},{"@type":"ListItem","position":2,"name":"Pood","item":"https:\/\/beebipai.ee\/store\/"},{"@type":"ListItem","position":3,"name":"Seraphine rasedate l\u00fchikesed teksad"}]},{"@type":"WebSite","@id":"https:\/\/beebipai.ee\/en\/#website","url":"https:\/\/beebipai.ee\/en\/","name":"Beebipai","description":"Rasedate ja beebide veebipood","potentialAction":[{"@type":"SearchAction","target":{"@type":"EntryPoint","urlTemplate":"https:\/\/beebipai.ee\/en\/?s={search_term_string}"},"query-input":{"@type":"PropertyValueSpecification","valueRequired":true,"valueName":"search_term_string"}}],"inLanguage":"ru-RU"}]}},"_links":{"self":[{"href":"https:\/\/beebipai.ee\/ru\/wp-json\/wp\/v2\/product\/8036","targetHints":{"allow":["GET"]}}],"collection":[{"href":"https:\/\/beebipai.ee\/ru\/wp-json\/wp\/v2\/product"}],"about":[{"href":"https:\/\/beebipai.ee\/ru\/wp-json\/wp\/v2\/types\/product"}],"version-history":[{"count":5,"href":"https:\/\/beebipai.ee\/ru\/wp-json\/wp\/v2\/product\/8036\/revisions"}],"predecessor-version":[{"id":10708,"href":"https:\/\/beebipai.ee\/ru\/wp-json\/wp\/v2\/product\/8036\/revisions\/10708"}],"wp:featuredmedia":[{"embeddable":true,"href":"https:\/\/beebipai.ee\/ru\/wp-json\/wp\/v2\/media\/8049"}],"wp:attachment":[{"href":"https:\/\/beebipai.ee\/ru\/wp-json\/wp\/v2\/media?parent=8036"}],"wp:term":[{"taxonomy":"product_brand","embeddable":true,"href":"https:\/\/beebipai.ee\/ru\/wp-json\/wp\/v2\/product_brand?post=8036"},{"taxonomy":"product_cat","embeddable":true,"href":"https:\/\/beebipai.ee\/ru\/wp-json\/wp\/v2\/product_cat?post=8036"},{"taxonomy":"product_tag","embeddable":true,"href":"https:\/\/beebipai.ee\/ru\/wp-json\/wp\/v2\/product_tag?post=8036"}],"curies":[{"name":"wp","href":"https:\/\/api.w.org\/{rel}","templated":true}]}}