{"id":7899,"date":"2023-02-24T08:50:23","date_gmt":"2023-02-24T06:50:23","guid":{"rendered":"https:\/\/beebipai.ee\/?post_type=product&#038;p=7899"},"modified":"2025-08-21T10:46:06","modified_gmt":"2025-08-21T07:46:06","slug":"und-soodustav-toidulisand-magneesumiga-30-kapslit","status":"publish","type":"product","link":"https:\/\/beebipai.ee\/ru\/product\/und-soodustav-toidulisand-magneesumiga-30-kapslit\/","title":{"rendered":"Und soodustav toidulisand magneesiumiga, 30 kapslit"},"content":{"rendered":"<div data-elementor-type=\"wp-post\" data-elementor-id=\"7899\" class=\"elementor elementor-7899\">\n\t\t\t\t\t\t<section class=\"elementor-section elementor-top-section elementor-element elementor-element-185b669 elementor-section-boxed elementor-section-height-default elementor-section-height-default\" data-id=\"185b669\" data-element_type=\"section\" data-e-type=\"section\">\n\t\t\t\t\t\t<div class=\"elementor-container elementor-column-gap-default\">\n\t\t\t\t\t<div class=\"elementor-column elementor-col-50 elementor-top-column elementor-element elementor-element-60074b7\" data-id=\"60074b7\" data-element_type=\"column\" data-e-type=\"column\">\n\t\t\t<div class=\"elementor-widget-wrap elementor-element-populated\">\n\t\t\t\t\t\t<div class=\"elementor-element elementor-element-38acf10 elementor-widget elementor-widget-heading\" data-id=\"38acf10\" data-element_type=\"widget\" data-e-type=\"widget\" data-widget_type=\"heading.default\">\n\t\t\t\t<div class=\"elementor-widget-container\">\n\t\t\t\t\t<h2 class=\"elementor-heading-title elementor-size-default\">Und soodustav toidulisand magneesiumiga<\/h2>\t\t\t\t<\/div>\n\t\t\t\t<\/div>\n\t\t\t\t<div class=\"elementor-element elementor-element-1cf6a14 elementor-widget elementor-widget-text-editor\" data-id=\"1cf6a14\" data-element_type=\"widget\" data-e-type=\"widget\" data-widget_type=\"text-editor.default\">\n\t\t\t\t<div class=\"elementor-widget-container\">\n\t\t\t\t\t\t\t\t\t<p>\u00d6\u00f6sel l\u00e4heb uni \u00e4ra ilma n\u00e4htava p\u00f5hjuseta ning enam uinuda ei \u00f5nnestu? Ilmselt on see tuttav olukord igale beebit ootavale naisele.<\/p><p>Rasedusaegsed uneprobleemid saavad k\u00e4tte mingil hetkel iga raseda. Enamasti algavad need teises trimestris ning m\u00f5juvad naisele v\u00e4ga h\u00e4irivalt. See muudab p\u00e4evatoimetused v\u00e4sitavaks ning tekitab vaimset ja f\u00fc\u00fcsilist stressi. Uneprobleemid ei ole\u00a0 p\u00f5hjuseta, need valmistavad naise ette eluks beebiga, kus und jagataksegi v\u00e4ga erinevalt. Hakkab olema v\u00e4ga hea une kvaliteediga \u00f6id aga ka vastupidiseid.<\/p><p>Hea une soodustamiseks:<\/p><ul><li>V\u00e4ldi enne magamaminekut stimueerivad ja ergutavaid s\u00f6\u00f6ke ja jooke, nagu kohv, maiustused. Pigem joo rahustavat taimeteed<\/li><li>Kui jaksad v\u00f5id enne magamaminekut teha v\u00e4ikese jalutusk\u00e4igu, mis m\u00f5jub stressi maandavalt ja v\u00e4sitab.<\/li><li>\u00c4ra mine magama t\u00e4is k\u00f5huga ega ka t\u00fchja k\u00f5huga<\/li><li>Tegele enne magamaminekut meeldivate ja rahustavate tegevustega<\/li><li>Korralda oma voodisse piisavalt tekke ja patju, mis Sulle mugava asendi tagavad<\/li><\/ul>\t\t\t\t\t\t\t\t<\/div>\n\t\t\t\t<\/div>\n\t\t\t\t\t<\/div>\n\t\t<\/div>\n\t\t\t\t<div class=\"elementor-column elementor-col-50 elementor-top-column elementor-element elementor-element-c3be7b0\" data-id=\"c3be7b0\" data-element_type=\"column\" data-e-type=\"column\">\n\t\t\t<div class=\"elementor-widget-wrap elementor-element-populated\">\n\t\t\t\t\t\t<div class=\"elementor-element elementor-element-2445a8f elementor-widget elementor-widget-image\" data-id=\"2445a8f\" data-element_type=\"widget\" data-e-type=\"widget\" data-widget_type=\"image.default\">\n\t\t\t\t<div class=\"elementor-widget-container\">\n\t\t\t\t\t\t\t\t\t\t\t\t\t\t\t<img fetchpriority=\"high\" decoding=\"async\" width=\"768\" height=\"528\" src=\"https:\/\/beebipai.ee\/wp-content\/uploads\/2023\/02\/Rasedusaegne-unetus-768x528.jpg\" class=\"attachment-medium_large size-medium_large wp-image-7917\" alt=\"\" srcset=\"https:\/\/beebipai.ee\/wp-content\/uploads\/2023\/02\/Rasedusaegne-unetus-768x528.jpg 768w, https:\/\/beebipai.ee\/wp-content\/uploads\/2023\/02\/Rasedusaegne-unetus-e1677333649375-300x206.jpg 300w, https:\/\/beebipai.ee\/wp-content\/uploads\/2023\/02\/Rasedusaegne-unetus-1024x704.jpg 1024w, https:\/\/beebipai.ee\/wp-content\/uploads\/2023\/02\/Rasedusaegne-unetus-e1677333649375-18x12.jpg 18w, https:\/\/beebipai.ee\/wp-content\/uploads\/2023\/02\/Rasedusaegne-unetus-600x413.jpg 600w, https:\/\/beebipai.ee\/wp-content\/uploads\/2023\/02\/Rasedusaegne-unetus-e1677333649375.jpg 500w\" sizes=\"(max-width: 768px) 100vw, 768px\" \/>\t\t\t\t\t\t\t\t\t\t\t\t\t\t\t<\/div>\n\t\t\t\t<\/div>\n\t\t\t\t\t<\/div>\n\t\t<\/div>\n\t\t\t\t\t<\/div>\n\t\t<\/section>\n\t\t\t\t<section class=\"elementor-section elementor-top-section elementor-element elementor-element-48167d9 elementor-section-boxed elementor-section-height-default elementor-section-height-default\" data-id=\"48167d9\" data-element_type=\"section\" data-e-type=\"section\">\n\t\t\t\t\t\t<div class=\"elementor-container elementor-column-gap-default\">\n\t\t\t\t\t<div class=\"elementor-column elementor-col-50 elementor-top-column elementor-element elementor-element-b983cf4\" data-id=\"b983cf4\" data-element_type=\"column\" data-e-type=\"column\">\n\t\t\t<div class=\"elementor-widget-wrap elementor-element-populated\">\n\t\t\t\t\t\t<div class=\"elementor-element elementor-element-359734d elementor-widget elementor-widget-text-editor\" data-id=\"359734d\" data-element_type=\"widget\" data-e-type=\"widget\" data-widget_type=\"text-editor.default\">\n\t\t\t\t<div class=\"elementor-widget-container\">\n\t\t\t\t\t\t\t\t\t<p>Laveeni und soodustava toidulisandi koostisesse on valitud hoolikalt ja p\u00f5hjalikult mitmed und ja l\u00f5\u00f5gastumist soodustavad toimeained.<\/p><ul><li><strong>\u041c\u0430\u0433\u043d\u0438\u0439<\/strong> &#8211; on kasulik lihastele ja keskendusmisv\u00f5imele. Teisalt aitab magneesium tasakaalustada keskn\u00e4rvis\u00fcsteemi ja omab suurep\u00e4rast toimet ka l\u00f5\u00f5gastumisele ning \u00e4revuse maandamisele. Beebiootuse ajal saavad magneesiumist abi ka naised, kellel on mureks pingetunne emakas ja\/v\u00f5i emakatoonused ning lihaskrambid- enamasti jalgades<\/li><li><strong>B6, B11, B12<\/strong> &#8211; B\u00a0 grupi vitamiinid omavad toimet v\u00e4simuse v\u00e4hendamisel ja n\u00e4rvis\u00fcsteemi tasakaalustamisel.\u00a0 V\u00e4hendavad meeleoluk\u00f5ikumisi ja v\u00e4simust. Annavad rahulolutunde ja tasakaalu.\u00a0<\/li><li><strong>Ashwagandha\u00a0 &#8211; <\/strong>m\u00f5jub l\u00f5\u00f5gastavalt ja aitab kaasas vaimsele tasakaalule. Soodustab une tekkimist ja tagab rahulikuma une<\/li><li><strong>Kannatuslill\u00a0<\/strong>&#8211; aitab uinuda ja und s\u00e4ilitada. Leevendab \u00e4revust ja stressi ning tagab \u00fchtlase une.\u00a0<\/li><\/ul><p>Und soodustav toidulisand sobib k\u00f5ikidele alates 5-ndast eluaastast.<\/p><p>Toode ei sisalda, s\u00e4ilitus-, l\u00f5hna- ega v\u00e4rvaineid,\u00a0 paakumisvastaseid ained ega\u00a0 allergeene nagu soja, p\u00e4hklid, piim, gluteen. P\u00f5hineb looduslikel taimeekstraktidel. Sobib veganitele.\u00a0<\/p><table width=\"382\" cellspacing=\"0\" cellpadding=\"0\"><tbody><tr><td valign=\"top\"><b>Koostisosad kapsli kohta<\/b><\/td><td valign=\"top\"><b>Sisu<\/b><\/td><td valign=\"top\"><b>RI*<\/b><\/td><\/tr><tr><td valign=\"top\">Magneesiumbisgl\u00fctsinaat<\/td><td valign=\"top\">100 mg<\/td><td valign=\"top\">27,5%<\/td><\/tr><tr><td valign=\"top\">Tauriin<\/td><td valign=\"top\">100 mg<\/td><td valign=\"top\">\u00a0<\/td><\/tr><tr><td valign=\"top\">B6-vitamiin (P-5-P)<\/td><td valign=\"top\">1 mg<\/td><td valign=\"top\">71,5%<\/td><\/tr><tr><td valign=\"top\">Vitamiin B12 (met\u00fc\u00fclkobalamiin)<\/td><td valign=\"top\">12,5 mcg<\/td><td valign=\"top\">500%<\/td><\/tr><tr><td valign=\"top\">Vitamiin B11 (foolhape 5-MTHF)<\/td><td valign=\"top\">100 mcg<\/td><td valign=\"top\">\u00a050%<\/td><\/tr><tr><td valign=\"top\">C-vitamiin (acerola\/magneesiumi askorbaat)<\/td><td valign=\"top\">80 mg<\/td><td valign=\"top\">100%<\/td><\/tr><tr><td valign=\"top\">Ashwagandha<\/td><td valign=\"top\">150 mg<\/td><td valign=\"top\">\u00a0<\/td><\/tr><tr><td valign=\"top\">Kannatuslille ekstrakt 5:1<\/td><td valign=\"top\">50 mg<\/td><td valign=\"top\">\u00a0<\/td><\/tr><\/tbody><\/table>\t\t\t\t\t\t\t\t<\/div>\n\t\t\t\t<\/div>\n\t\t\t\t\t<\/div>\n\t\t<\/div>\n\t\t\t\t<div class=\"elementor-column elementor-col-50 elementor-top-column elementor-element elementor-element-54c58fa\" data-id=\"54c58fa\" data-element_type=\"column\" data-e-type=\"column\">\n\t\t\t<div class=\"elementor-widget-wrap elementor-element-populated\">\n\t\t\t\t\t\t<div class=\"elementor-element elementor-element-97d7d15 elementor-widget elementor-widget-image\" data-id=\"97d7d15\" data-element_type=\"widget\" data-e-type=\"widget\" data-widget_type=\"image.default\">\n\t\t\t\t<div class=\"elementor-widget-container\">\n\t\t\t\t\t\t\t\t\t\t\t\t\t\t\t<img decoding=\"async\" width=\"724\" height=\"1024\" src=\"https:\/\/beebipai.ee\/wp-content\/uploads\/2023\/02\/Und-soodustav-toidulisand-724x1024.webp\" class=\"attachment-large size-large wp-image-7915\" alt=\"\" srcset=\"https:\/\/beebipai.ee\/wp-content\/uploads\/2023\/02\/Und-soodustav-toidulisand-724x1024.webp 724w, https:\/\/beebipai.ee\/wp-content\/uploads\/2023\/02\/Und-soodustav-toidulisand-e1677333626265-212x300.webp 212w, https:\/\/beebipai.ee\/wp-content\/uploads\/2023\/02\/Und-soodustav-toidulisand-768x1086.webp 768w, https:\/\/beebipai.ee\/wp-content\/uploads\/2023\/02\/Und-soodustav-toidulisand-e1677333626265-8x12.webp 8w, https:\/\/beebipai.ee\/wp-content\/uploads\/2023\/02\/Und-soodustav-toidulisand-600x849.webp 600w, https:\/\/beebipai.ee\/wp-content\/uploads\/2023\/02\/Und-soodustav-toidulisand-e1677333626265.webp 500w\" sizes=\"(max-width: 724px) 100vw, 724px\" \/>\t\t\t\t\t\t\t\t\t\t\t\t\t\t\t<\/div>\n\t\t\t\t<\/div>\n\t\t\t\t<div class=\"elementor-element elementor-element-58561e4 elementor-widget elementor-widget-text-editor\" data-id=\"58561e4\" data-element_type=\"widget\" data-e-type=\"widget\" data-widget_type=\"text-editor.default\">\n\t\t\t\t<div class=\"elementor-widget-container\">\n\t\t\t\t\t\t\t\t\t<p>Kasutamine: 1 kapsel sisse v\u00f5tta 30 minutit enne magamaminekut. Kapsli sisu v\u00f5ib lahustada ka jogurtis, mahlas, vees.<\/p>\t\t\t\t\t\t\t\t<\/div>\n\t\t\t\t<\/div>\n\t\t\t\t\t<\/div>\n\t\t<\/div>\n\t\t\t\t\t<\/div>\n\t\t<\/section>\n\t\t\t\t<\/div>","protected":false},"excerpt":{"rendered":"<p>Und soodustav toidulisand magneesiumiga rahustab ja soodustab uinumist. Magneesium koos teiste und soodustavate toimeainetega tagavad pikema ja rahulikuma une.<\/p>\n<p>Sobib k\u00f5ikidele alates 5-ndast eluaastast<\/p>","protected":false},"featured_media":7926,"template":"","meta":{"_monsterinsights_skip_tracking":false,"_monsterinsights_sitenote_active":false,"_monsterinsights_sitenote_note":"","_monsterinsights_sitenote_category":0,"site-sidebar-layout":"no-sidebar","site-content-layout":"page-builder","ast-site-content-layout":"full-width-container","site-content-style":"unboxed","site-sidebar-style":"unboxed","ast-global-header-display":"","ast-banner-title-visibility":"","ast-main-header-display":"","ast-hfb-above-header-display":"","ast-hfb-below-header-display":"","ast-hfb-mobile-header-display":"","site-post-title":"disabled","ast-breadcrumbs-content":"","ast-featured-img":"disabled","footer-sml-layout":"","ast-disable-related-posts":"","theme-transparent-header-meta":"default","adv-header-id-meta":"","stick-header-meta":"","header-above-stick-meta":"","header-main-stick-meta":"","header-below-stick-meta":"","astra-migrate-meta-layouts":"set","ast-page-background-enabled":"default","ast-page-background-meta":{"desktop":{"background-color":"","background-image":"","background-repeat":"repeat","background-position":"center center","background-size":"auto","background-attachment":"scroll","background-type":"","background-media":"","overlay-type":"","overlay-color":"","overlay-opacity":"","overlay-gradient":""},"tablet":{"background-color":"","background-image":"","background-repeat":"repeat","background-position":"center center","background-size":"auto","background-attachment":"scroll","background-type":"","background-media":"","overlay-type":"","overlay-color":"","overlay-opacity":"","overlay-gradient":""},"mobile":{"background-color":"","background-image":"","background-repeat":"repeat","background-position":"center center","background-size":"auto","background-attachment":"scroll","background-type":"","background-media":"","overlay-type":"","overlay-color":"","overlay-opacity":"","overlay-gradient":""}},"ast-content-background-meta":{"desktop":{"background-color":"var(--ast-global-color-5)","background-image":"","background-repeat":"repeat","background-position":"center center","background-size":"auto","background-attachment":"scroll","background-type":"","background-media":"","overlay-type":"","overlay-color":"","overlay-opacity":"","overlay-gradient":""},"tablet":{"background-color":"var(--ast-global-color-5)","background-image":"","background-repeat":"repeat","background-position":"center center","background-size":"auto","background-attachment":"scroll","background-type":"","background-media":"","overlay-type":"","overlay-color":"","overlay-opacity":"","overlay-gradient":""},"mobile":{"background-color":"var(--ast-global-color-5)","background-image":"","background-repeat":"repeat","background-position":"center center","background-size":"auto","background-attachment":"scroll","background-type":"","background-media":"","overlay-type":"","overlay-color":"","overlay-opacity":"","overlay-gradient":""}}},"product_brand":[],"product_cat":[22,136,104],"product_tag":[],"class_list":{"0":"post-7899","1":"product","2":"type-product","3":"status-publish","4":"has-post-thumbnail","6":"product_cat-emale","7":"product_cat-tervisetooted","8":"product_cat-vitamiinid-emale","9":"desktop-align-left","10":"tablet-align-left","11":"mobile-align-left","13":"first","14":"instock","15":"taxable","16":"shipping-taxable","17":"purchasable","18":"product-type-simple"},"yoast_head":"<!-- This site is optimized with the Yoast SEO plugin v27.3 - https:\/\/yoast.com\/product\/yoast-seo-wordpress\/ -->\n<title>Und soodustav toidulisand magneesiumiga, 30 kapslit - Beebipai<\/title>\n<meta name=\"description\" content=\"Und soodustav toidulisand magneesiumiga soodustab uinumist. Tagab pikema ja rahulikuma une. Vaata toodet Und soodustav toidulisand!\" \/>\n<meta name=\"robots\" content=\"index, follow, max-snippet:-1, max-image-preview:large, max-video-preview:-1\" \/>\n<link rel=\"canonical\" href=\"https:\/\/beebipai.ee\/ru\/product\/und-soodustav-toidulisand-magneesumiga-30-kapslit\/\" \/>\n<meta property=\"og:locale\" content=\"ru_RU\" \/>\n<meta property=\"og:type\" content=\"article\" \/>\n<meta property=\"og:title\" content=\"Und soodustav toidulisand magneesiumiga, 30 kapslit - Beebipai\" \/>\n<meta property=\"og:description\" content=\"Und soodustav toidulisand magneesiumiga soodustab uinumist. Tagab pikema ja rahulikuma une. Vaata toodet Und soodustav toidulisand!\" \/>\n<meta property=\"og:url\" content=\"https:\/\/beebipai.ee\/ru\/product\/und-soodustav-toidulisand-magneesumiga-30-kapslit\/\" \/>\n<meta property=\"og:site_name\" content=\"Beebipai\" \/>\n<meta property=\"article:modified_time\" content=\"2025-08-21T07:46:06+00:00\" \/>\n<meta property=\"og:image\" content=\"https:\/\/beebipai.ee\/wp-content\/uploads\/2023\/02\/Und-soodustav-toidulisand-1-e1677335988749.png\" \/>\n\t<meta property=\"og:image:width\" content=\"600\" \/>\n\t<meta property=\"og:image:height\" content=\"600\" \/>\n\t<meta property=\"og:image:type\" content=\"image\/png\" \/>\n<meta name=\"twitter:card\" content=\"summary_large_image\" \/>\n<meta name=\"twitter:label1\" content=\"\u041f\u0440\u0438\u043c\u0435\u0440\u043d\u043e\u0435 \u0432\u0440\u0435\u043c\u044f \u0434\u043b\u044f \u0447\u0442\u0435\u043d\u0438\u044f\" \/>\n\t<meta name=\"twitter:data1\" content=\"2 \u043c\u0438\u043d\u0443\u0442\u044b\" \/>\n<script type=\"application\/ld+json\" class=\"yoast-schema-graph\">{\"@context\":\"https:\\\/\\\/schema.org\",\"@graph\":[{\"@type\":\"WebPage\",\"@id\":\"https:\\\/\\\/beebipai.ee\\\/product\\\/und-soodustav-toidulisand-magneesumiga-30-kapslit\\\/\",\"url\":\"https:\\\/\\\/beebipai.ee\\\/product\\\/und-soodustav-toidulisand-magneesumiga-30-kapslit\\\/\",\"name\":\"Und soodustav toidulisand magneesiumiga, 30 kapslit - Beebipai\",\"isPartOf\":{\"@id\":\"https:\\\/\\\/beebipai.ee\\\/en\\\/#website\"},\"primaryImageOfPage\":{\"@id\":\"https:\\\/\\\/beebipai.ee\\\/product\\\/und-soodustav-toidulisand-magneesumiga-30-kapslit\\\/#primaryimage\"},\"image\":{\"@id\":\"https:\\\/\\\/beebipai.ee\\\/product\\\/und-soodustav-toidulisand-magneesumiga-30-kapslit\\\/#primaryimage\"},\"thumbnailUrl\":\"https:\\\/\\\/beebipai.ee\\\/wp-content\\\/uploads\\\/2023\\\/02\\\/Und-soodustav-toidulisand-1-e1677335988749.png\",\"datePublished\":\"2023-02-24T06:50:23+00:00\",\"dateModified\":\"2025-08-21T07:46:06+00:00\",\"description\":\"Und soodustav toidulisand magneesiumiga soodustab uinumist. Tagab pikema ja rahulikuma une. Vaata toodet Und soodustav toidulisand!\",\"breadcrumb\":{\"@id\":\"https:\\\/\\\/beebipai.ee\\\/product\\\/und-soodustav-toidulisand-magneesumiga-30-kapslit\\\/#breadcrumb\"},\"inLanguage\":\"ru-RU\",\"potentialAction\":[{\"@type\":\"ReadAction\",\"target\":[\"https:\\\/\\\/beebipai.ee\\\/product\\\/und-soodustav-toidulisand-magneesumiga-30-kapslit\\\/\"]}]},{\"@type\":\"ImageObject\",\"inLanguage\":\"ru-RU\",\"@id\":\"https:\\\/\\\/beebipai.ee\\\/product\\\/und-soodustav-toidulisand-magneesumiga-30-kapslit\\\/#primaryimage\",\"url\":\"https:\\\/\\\/beebipai.ee\\\/wp-content\\\/uploads\\\/2023\\\/02\\\/Und-soodustav-toidulisand-1-e1677335988749.png\",\"contentUrl\":\"https:\\\/\\\/beebipai.ee\\\/wp-content\\\/uploads\\\/2023\\\/02\\\/Und-soodustav-toidulisand-1-e1677335988749.png\",\"width\":600,\"height\":600},{\"@type\":\"BreadcrumbList\",\"@id\":\"https:\\\/\\\/beebipai.ee\\\/product\\\/und-soodustav-toidulisand-magneesumiga-30-kapslit\\\/#breadcrumb\",\"itemListElement\":[{\"@type\":\"ListItem\",\"position\":1,\"name\":\"Home\",\"item\":\"https:\\\/\\\/beebipai.ee\\\/\"},{\"@type\":\"ListItem\",\"position\":2,\"name\":\"Pood\",\"item\":\"https:\\\/\\\/beebipai.ee\\\/store\\\/\"},{\"@type\":\"ListItem\",\"position\":3,\"name\":\"Und soodustav toidulisand magneesiumiga, 30 kapslit\"}]},{\"@type\":\"WebSite\",\"@id\":\"https:\\\/\\\/beebipai.ee\\\/en\\\/#website\",\"url\":\"https:\\\/\\\/beebipai.ee\\\/en\\\/\",\"name\":\"Beebipai\",\"description\":\"Rasedate ja beebide veebipood\",\"potentialAction\":[{\"@type\":\"SearchAction\",\"target\":{\"@type\":\"EntryPoint\",\"urlTemplate\":\"https:\\\/\\\/beebipai.ee\\\/en\\\/?s={search_term_string}\"},\"query-input\":{\"@type\":\"PropertyValueSpecification\",\"valueRequired\":true,\"valueName\":\"search_term_string\"}}],\"inLanguage\":\"ru-RU\"}]}<\/script>\n<!-- \/ Yoast SEO plugin. -->","yoast_head_json":{"title":"Und soodustav toidulisand magneesiumiga, 30 kapslit - Beebipai","description":"Und soodustav toidulisand magneesiumiga soodustab uinumist. Tagab pikema ja rahulikuma une. Vaata toodet Und soodustav toidulisand!","robots":{"index":"index","follow":"follow","max-snippet":"max-snippet:-1","max-image-preview":"max-image-preview:large","max-video-preview":"max-video-preview:-1"},"canonical":"https:\/\/beebipai.ee\/ru\/product\/und-soodustav-toidulisand-magneesumiga-30-kapslit\/","og_locale":"ru_RU","og_type":"article","og_title":"Und soodustav toidulisand magneesiumiga, 30 kapslit - Beebipai","og_description":"Und soodustav toidulisand magneesiumiga soodustab uinumist. Tagab pikema ja rahulikuma une. Vaata toodet Und soodustav toidulisand!","og_url":"https:\/\/beebipai.ee\/ru\/product\/und-soodustav-toidulisand-magneesumiga-30-kapslit\/","og_site_name":"Beebipai","article_modified_time":"2025-08-21T07:46:06+00:00","og_image":[{"width":600,"height":600,"url":"https:\/\/beebipai.ee\/wp-content\/uploads\/2023\/02\/Und-soodustav-toidulisand-1-e1677335988749.png","type":"image\/png"}],"twitter_card":"summary_large_image","twitter_misc":{"\u041f\u0440\u0438\u043c\u0435\u0440\u043d\u043e\u0435 \u0432\u0440\u0435\u043c\u044f \u0434\u043b\u044f \u0447\u0442\u0435\u043d\u0438\u044f":"2 \u043c\u0438\u043d\u0443\u0442\u044b"},"schema":{"@context":"https:\/\/schema.org","@graph":[{"@type":"WebPage","@id":"https:\/\/beebipai.ee\/product\/und-soodustav-toidulisand-magneesumiga-30-kapslit\/","url":"https:\/\/beebipai.ee\/product\/und-soodustav-toidulisand-magneesumiga-30-kapslit\/","name":"Und soodustav toidulisand magneesiumiga, 30 kapslit - Beebipai","isPartOf":{"@id":"https:\/\/beebipai.ee\/en\/#website"},"primaryImageOfPage":{"@id":"https:\/\/beebipai.ee\/product\/und-soodustav-toidulisand-magneesumiga-30-kapslit\/#primaryimage"},"image":{"@id":"https:\/\/beebipai.ee\/product\/und-soodustav-toidulisand-magneesumiga-30-kapslit\/#primaryimage"},"thumbnailUrl":"https:\/\/beebipai.ee\/wp-content\/uploads\/2023\/02\/Und-soodustav-toidulisand-1-e1677335988749.png","datePublished":"2023-02-24T06:50:23+00:00","dateModified":"2025-08-21T07:46:06+00:00","description":"Und soodustav toidulisand magneesiumiga soodustab uinumist. Tagab pikema ja rahulikuma une. Vaata toodet Und soodustav toidulisand!","breadcrumb":{"@id":"https:\/\/beebipai.ee\/product\/und-soodustav-toidulisand-magneesumiga-30-kapslit\/#breadcrumb"},"inLanguage":"ru-RU","potentialAction":[{"@type":"ReadAction","target":["https:\/\/beebipai.ee\/product\/und-soodustav-toidulisand-magneesumiga-30-kapslit\/"]}]},{"@type":"ImageObject","inLanguage":"ru-RU","@id":"https:\/\/beebipai.ee\/product\/und-soodustav-toidulisand-magneesumiga-30-kapslit\/#primaryimage","url":"https:\/\/beebipai.ee\/wp-content\/uploads\/2023\/02\/Und-soodustav-toidulisand-1-e1677335988749.png","contentUrl":"https:\/\/beebipai.ee\/wp-content\/uploads\/2023\/02\/Und-soodustav-toidulisand-1-e1677335988749.png","width":600,"height":600},{"@type":"BreadcrumbList","@id":"https:\/\/beebipai.ee\/product\/und-soodustav-toidulisand-magneesumiga-30-kapslit\/#breadcrumb","itemListElement":[{"@type":"ListItem","position":1,"name":"Home","item":"https:\/\/beebipai.ee\/"},{"@type":"ListItem","position":2,"name":"Pood","item":"https:\/\/beebipai.ee\/store\/"},{"@type":"ListItem","position":3,"name":"Und soodustav toidulisand magneesiumiga, 30 kapslit"}]},{"@type":"WebSite","@id":"https:\/\/beebipai.ee\/en\/#website","url":"https:\/\/beebipai.ee\/en\/","name":"Beebipai","description":"Rasedate ja beebide veebipood","potentialAction":[{"@type":"SearchAction","target":{"@type":"EntryPoint","urlTemplate":"https:\/\/beebipai.ee\/en\/?s={search_term_string}"},"query-input":{"@type":"PropertyValueSpecification","valueRequired":true,"valueName":"search_term_string"}}],"inLanguage":"ru-RU"}]}},"_links":{"self":[{"href":"https:\/\/beebipai.ee\/ru\/wp-json\/wp\/v2\/product\/7899","targetHints":{"allow":["GET"]}}],"collection":[{"href":"https:\/\/beebipai.ee\/ru\/wp-json\/wp\/v2\/product"}],"about":[{"href":"https:\/\/beebipai.ee\/ru\/wp-json\/wp\/v2\/types\/product"}],"version-history":[{"count":5,"href":"https:\/\/beebipai.ee\/ru\/wp-json\/wp\/v2\/product\/7899\/revisions"}],"predecessor-version":[{"id":11070,"href":"https:\/\/beebipai.ee\/ru\/wp-json\/wp\/v2\/product\/7899\/revisions\/11070"}],"wp:featuredmedia":[{"embeddable":true,"href":"https:\/\/beebipai.ee\/ru\/wp-json\/wp\/v2\/media\/7926"}],"wp:attachment":[{"href":"https:\/\/beebipai.ee\/ru\/wp-json\/wp\/v2\/media?parent=7899"}],"wp:term":[{"taxonomy":"product_brand","embeddable":true,"href":"https:\/\/beebipai.ee\/ru\/wp-json\/wp\/v2\/product_brand?post=7899"},{"taxonomy":"product_cat","embeddable":true,"href":"https:\/\/beebipai.ee\/ru\/wp-json\/wp\/v2\/product_cat?post=7899"},{"taxonomy":"product_tag","embeddable":true,"href":"https:\/\/beebipai.ee\/ru\/wp-json\/wp\/v2\/product_tag?post=7899"}],"curies":[{"name":"wp","href":"https:\/\/api.w.org\/{rel}","templated":true}]}}