{"id":7455,"date":"2022-12-18T17:13:56","date_gmt":"2022-12-18T15:13:56","guid":{"rendered":"https:\/\/beebipai.ee\/?post_type=product&#038;p=7455"},"modified":"2025-01-15T23:41:40","modified_gmt":"2025-01-15T21:41:40","slug":"pure-beginnings-hambapasta-mundi-ja-vaniljega-75ml","status":"publish","type":"product","link":"https:\/\/beebipai.ee\/ru\/product\/pure-beginnings-hambapasta-mundi-ja-vaniljega-75ml\/","title":{"rendered":"Pure Beginnings hambapasta m\u00fcndi ja vaniljega, 75ml"},"content":{"rendered":"<div data-elementor-type=\"wp-post\" data-elementor-id=\"7455\" class=\"elementor elementor-7455\">\n\t\t\t\t\t\t<section class=\"elementor-section elementor-top-section elementor-element elementor-element-faec5ed elementor-section-boxed elementor-section-height-default elementor-section-height-default\" data-id=\"faec5ed\" data-element_type=\"section\" data-e-type=\"section\">\n\t\t\t\t\t\t<div class=\"elementor-container elementor-column-gap-default\">\n\t\t\t\t\t<div class=\"elementor-column elementor-col-50 elementor-top-column elementor-element elementor-element-012e518\" data-id=\"012e518\" data-element_type=\"column\" data-e-type=\"column\">\n\t\t\t<div class=\"elementor-widget-wrap elementor-element-populated\">\n\t\t\t\t\t\t<div class=\"elementor-element elementor-element-67165e3 elementor-widget elementor-widget-heading\" data-id=\"67165e3\" data-element_type=\"widget\" data-e-type=\"widget\" data-widget_type=\"heading.default\">\n\t\t\t\t<div class=\"elementor-widget-container\">\n\t\t\t\t\t<h2 class=\"elementor-heading-title elementor-size-default\">Pure Begininngs laste hambapasta<\/h2>\t\t\t\t<\/div>\n\t\t\t\t<\/div>\n\t\t\t\t<div class=\"elementor-element elementor-element-4c651d5 elementor-widget elementor-widget-text-editor\" data-id=\"4c651d5\" data-element_type=\"widget\" data-e-type=\"widget\" data-widget_type=\"text-editor.default\">\n\t\t\t\t<div class=\"elementor-widget-container\">\n\t\t\t\t\t\t\t\t\t<p>Hambapesu olgu ikka vahva ja maitsev.<\/p><p>Pure Beginnings naturaalne hambapasta on valmistatud naturaalsetest ja orgaanilistest koostisosadest. Ei sisalda parabeeni, alkoholi, s\u00fcnteetilis l\u00f5hnaaineid, naftaj\u00e4\u00e4ke, loomseid koostisosi ega floriidi. M\u00f5nusalt mahe\u00a0 m\u00fcndi ja vanilje maitse meeldib igas vanuses lastele, kutsudes lapsi hommikul ja \u00f5htul hambaid pesema. Hambad saavad v\u00e4rskeks ja s\u00e4ravaks.\u00a0<\/p><p>Suutervise tagamiseks sisaldab hambapasta ks\u00fclitooli, mis p\u00e4riseb bakterite paljunemist ja kasvu. Kaltsium kaitseb hambaemaili ja kaoliin eemaldab kattu.\u00a0<\/p><p>Ohutu, kui laps juhtumisi hambapastat alla neelab. Sobib igap\u00e4evaseks kasutamiseks\u00a0 k\u00f5igile alates 3-ndast eluaastast<\/p>\t\t\t\t\t\t\t\t<\/div>\n\t\t\t\t<\/div>\n\t\t\t\t\t<\/div>\n\t\t<\/div>\n\t\t\t\t<div class=\"elementor-column elementor-col-50 elementor-top-column elementor-element elementor-element-fdd71a6\" data-id=\"fdd71a6\" data-element_type=\"column\" data-e-type=\"column\">\n\t\t\t<div class=\"elementor-widget-wrap elementor-element-populated\">\n\t\t\t\t\t\t<div class=\"elementor-element elementor-element-d8c8eef elementor-widget elementor-widget-image\" data-id=\"d8c8eef\" data-element_type=\"widget\" data-e-type=\"widget\" data-widget_type=\"image.default\">\n\t\t\t\t<div class=\"elementor-widget-container\">\n\t\t\t\t\t\t\t\t\t\t\t\t\t\t\t<img fetchpriority=\"high\" decoding=\"async\" width=\"768\" height=\"512\" src=\"https:\/\/beebipai.ee\/wp-content\/uploads\/2022\/06\/Pure-Begginings-hambapasta2-768x512.jpeg\" class=\"attachment-medium_large size-medium_large wp-image-4523\" alt=\"\" srcset=\"https:\/\/beebipai.ee\/wp-content\/uploads\/2022\/06\/Pure-Begginings-hambapasta2-768x512.jpeg 768w, https:\/\/beebipai.ee\/wp-content\/uploads\/2022\/06\/Pure-Begginings-hambapasta2-e1655235241934-300x200.jpeg 300w, https:\/\/beebipai.ee\/wp-content\/uploads\/2022\/06\/Pure-Begginings-hambapasta2-1024x683.jpeg 1024w, https:\/\/beebipai.ee\/wp-content\/uploads\/2022\/06\/Pure-Begginings-hambapasta2-1536x1024.jpeg 1536w, https:\/\/beebipai.ee\/wp-content\/uploads\/2022\/06\/Pure-Begginings-hambapasta2-2048x1366.jpeg 2048w, https:\/\/beebipai.ee\/wp-content\/uploads\/2022\/06\/Pure-Begginings-hambapasta2-e1655235241934-18x12.jpeg 18w, https:\/\/beebipai.ee\/wp-content\/uploads\/2022\/06\/Pure-Begginings-hambapasta2-600x400.jpeg 600w, https:\/\/beebipai.ee\/wp-content\/uploads\/2022\/06\/Pure-Begginings-hambapasta2-e1655235241934.jpeg 400w\" sizes=\"(max-width: 768px) 100vw, 768px\" \/>\t\t\t\t\t\t\t\t\t\t\t\t\t\t\t<\/div>\n\t\t\t\t<\/div>\n\t\t\t\t\t<\/div>\n\t\t<\/div>\n\t\t\t\t\t<\/div>\n\t\t<\/section>\n\t\t\t\t<\/div>","protected":false},"excerpt":{"rendered":"<p>Pure Beginnings hambapasta on naturaalsetele koostisosadega. Puhastab \u00f5rnalt ja hoolikalt v\u00e4ikese inimese hambad. Sobib lastele vanuses alates 3-ndast eluaastast<\/p>","protected":false},"featured_media":7456,"template":"","meta":{"_monsterinsights_skip_tracking":false,"_monsterinsights_sitenote_active":false,"_monsterinsights_sitenote_note":"","_monsterinsights_sitenote_category":0,"site-sidebar-layout":"no-sidebar","site-content-layout":"page-builder","ast-site-content-layout":"full-width-container","site-content-style":"unboxed","site-sidebar-style":"unboxed","ast-global-header-display":"","ast-banner-title-visibility":"","ast-main-header-display":"","ast-hfb-above-header-display":"","ast-hfb-below-header-display":"","ast-hfb-mobile-header-display":"","site-post-title":"disabled","ast-breadcrumbs-content":"","ast-featured-img":"disabled","footer-sml-layout":"","ast-disable-related-posts":"","theme-transparent-header-meta":"default","adv-header-id-meta":"","stick-header-meta":"","header-above-stick-meta":"","header-main-stick-meta":"","header-below-stick-meta":"","astra-migrate-meta-layouts":"set","ast-page-background-enabled":"default","ast-page-background-meta":{"desktop":{"background-color":"","background-image":"","background-repeat":"repeat","background-position":"center center","background-size":"auto","background-attachment":"scroll","background-type":"","background-media":"","overlay-type":"","overlay-color":"","overlay-opacity":"","overlay-gradient":""},"tablet":{"background-color":"","background-image":"","background-repeat":"repeat","background-position":"center center","background-size":"auto","background-attachment":"scroll","background-type":"","background-media":"","overlay-type":"","overlay-color":"","overlay-opacity":"","overlay-gradient":""},"mobile":{"background-color":"","background-image":"","background-repeat":"repeat","background-position":"center center","background-size":"auto","background-attachment":"scroll","background-type":"","background-media":"","overlay-type":"","overlay-color":"","overlay-opacity":"","overlay-gradient":""}},"ast-content-background-meta":{"desktop":{"background-color":"var(--ast-global-color-5)","background-image":"","background-repeat":"repeat","background-position":"center center","background-size":"auto","background-attachment":"scroll","background-type":"","background-media":"","overlay-type":"","overlay-color":"","overlay-opacity":"","overlay-gradient":""},"tablet":{"background-color":"var(--ast-global-color-5)","background-image":"","background-repeat":"repeat","background-position":"center center","background-size":"auto","background-attachment":"scroll","background-type":"","background-media":"","overlay-type":"","overlay-color":"","overlay-opacity":"","overlay-gradient":""},"mobile":{"background-color":"var(--ast-global-color-5)","background-image":"","background-repeat":"repeat","background-position":"center center","background-size":"auto","background-attachment":"scroll","background-type":"","background-media":"","overlay-type":"","overlay-color":"","overlay-opacity":"","overlay-gradient":""}}},"product_brand":[],"product_cat":[23,94],"product_tag":[],"class_list":{"0":"post-7455","1":"product","2":"type-product","3":"status-publish","4":"has-post-thumbnail","6":"product_cat-beebile","7":"product_cat-nahahooldus","8":"desktop-align-left","9":"tablet-align-left","10":"mobile-align-left","12":"first","13":"instock","14":"taxable","15":"shipping-taxable","16":"purchasable","17":"product-type-simple"},"yoast_head":"<!-- This site is optimized with the Yoast SEO plugin v27.4 - https:\/\/yoast.com\/product\/yoast-seo-wordpress\/ -->\n<title>Pure Beginnings hambapasta m\u00fcndi ja vaniljega, 75ml - Beebipai<\/title>\n<meta name=\"description\" content=\"Pure Beginnings hambapasta lastele puhastab lapse hambad \u00f5rnalt ja p\u00f5hjalikult. Vaata toodet Pure Beginnings hambapasta lastele!\" \/>\n<meta name=\"robots\" content=\"index, follow, max-snippet:-1, max-image-preview:large, max-video-preview:-1\" \/>\n<link rel=\"canonical\" href=\"https:\/\/beebipai.ee\/ru\/product\/pure-beginnings-hambapasta-mundi-ja-vaniljega-75ml\/\" \/>\n<meta property=\"og:locale\" content=\"ru_RU\" \/>\n<meta property=\"og:type\" content=\"article\" \/>\n<meta property=\"og:title\" content=\"Pure Beginnings hambapasta m\u00fcndi ja vaniljega, 75ml - Beebipai\" \/>\n<meta property=\"og:description\" content=\"Pure Beginnings hambapasta lastele puhastab lapse hambad \u00f5rnalt ja p\u00f5hjalikult. Vaata toodet Pure Beginnings hambapasta lastele!\" \/>\n<meta property=\"og:url\" content=\"https:\/\/beebipai.ee\/ru\/product\/pure-beginnings-hambapasta-mundi-ja-vaniljega-75ml\/\" \/>\n<meta property=\"og:site_name\" content=\"Beebipai\" \/>\n<meta property=\"article:modified_time\" content=\"2025-01-15T21:41:40+00:00\" \/>\n<meta property=\"og:image\" content=\"https:\/\/beebipai.ee\/wp-content\/uploads\/2022\/12\/Pure-Beginnings-laste-hambapasta-e1671376398777.jpg\" \/>\n\t<meta property=\"og:image:width\" content=\"500\" \/>\n\t<meta property=\"og:image:height\" content=\"840\" \/>\n\t<meta property=\"og:image:type\" content=\"image\/jpeg\" \/>\n<meta name=\"twitter:card\" content=\"summary_large_image\" \/>\n<script type=\"application\/ld+json\" class=\"yoast-schema-graph\">{\"@context\":\"https:\\\/\\\/schema.org\",\"@graph\":[{\"@type\":\"WebPage\",\"@id\":\"https:\\\/\\\/beebipai.ee\\\/product\\\/pure-beginnings-hambapasta-mundi-ja-vaniljega-75ml\\\/\",\"url\":\"https:\\\/\\\/beebipai.ee\\\/product\\\/pure-beginnings-hambapasta-mundi-ja-vaniljega-75ml\\\/\",\"name\":\"Pure Beginnings hambapasta m\u00fcndi ja vaniljega, 75ml - Beebipai\",\"isPartOf\":{\"@id\":\"https:\\\/\\\/beebipai.ee\\\/en\\\/#website\"},\"primaryImageOfPage\":{\"@id\":\"https:\\\/\\\/beebipai.ee\\\/product\\\/pure-beginnings-hambapasta-mundi-ja-vaniljega-75ml\\\/#primaryimage\"},\"image\":{\"@id\":\"https:\\\/\\\/beebipai.ee\\\/product\\\/pure-beginnings-hambapasta-mundi-ja-vaniljega-75ml\\\/#primaryimage\"},\"thumbnailUrl\":\"https:\\\/\\\/beebipai.ee\\\/wp-content\\\/uploads\\\/2022\\\/12\\\/Pure-Beginnings-laste-hambapasta-e1671376398777.jpg\",\"datePublished\":\"2022-12-18T15:13:56+00:00\",\"dateModified\":\"2025-01-15T21:41:40+00:00\",\"description\":\"Pure Beginnings hambapasta lastele puhastab lapse hambad \u00f5rnalt ja p\u00f5hjalikult. Vaata toodet Pure Beginnings hambapasta lastele!\",\"breadcrumb\":{\"@id\":\"https:\\\/\\\/beebipai.ee\\\/product\\\/pure-beginnings-hambapasta-mundi-ja-vaniljega-75ml\\\/#breadcrumb\"},\"inLanguage\":\"ru-RU\",\"potentialAction\":[{\"@type\":\"ReadAction\",\"target\":[\"https:\\\/\\\/beebipai.ee\\\/product\\\/pure-beginnings-hambapasta-mundi-ja-vaniljega-75ml\\\/\"]}]},{\"@type\":\"ImageObject\",\"inLanguage\":\"ru-RU\",\"@id\":\"https:\\\/\\\/beebipai.ee\\\/product\\\/pure-beginnings-hambapasta-mundi-ja-vaniljega-75ml\\\/#primaryimage\",\"url\":\"https:\\\/\\\/beebipai.ee\\\/wp-content\\\/uploads\\\/2022\\\/12\\\/Pure-Beginnings-laste-hambapasta-e1671376398777.jpg\",\"contentUrl\":\"https:\\\/\\\/beebipai.ee\\\/wp-content\\\/uploads\\\/2022\\\/12\\\/Pure-Beginnings-laste-hambapasta-e1671376398777.jpg\",\"width\":500,\"height\":840},{\"@type\":\"BreadcrumbList\",\"@id\":\"https:\\\/\\\/beebipai.ee\\\/product\\\/pure-beginnings-hambapasta-mundi-ja-vaniljega-75ml\\\/#breadcrumb\",\"itemListElement\":[{\"@type\":\"ListItem\",\"position\":1,\"name\":\"Home\",\"item\":\"https:\\\/\\\/beebipai.ee\\\/\"},{\"@type\":\"ListItem\",\"position\":2,\"name\":\"Pood\",\"item\":\"https:\\\/\\\/beebipai.ee\\\/store\\\/\"},{\"@type\":\"ListItem\",\"position\":3,\"name\":\"Pure Beginnings hambapasta m\u00fcndi ja vaniljega, 75ml\"}]},{\"@type\":\"WebSite\",\"@id\":\"https:\\\/\\\/beebipai.ee\\\/en\\\/#website\",\"url\":\"https:\\\/\\\/beebipai.ee\\\/en\\\/\",\"name\":\"Beebipai\",\"description\":\"Rasedate ja beebide veebipood\",\"potentialAction\":[{\"@type\":\"SearchAction\",\"target\":{\"@type\":\"EntryPoint\",\"urlTemplate\":\"https:\\\/\\\/beebipai.ee\\\/en\\\/?s={search_term_string}\"},\"query-input\":{\"@type\":\"PropertyValueSpecification\",\"valueRequired\":true,\"valueName\":\"search_term_string\"}}],\"inLanguage\":\"ru-RU\"}]}<\/script>\n<!-- \/ Yoast SEO plugin. -->","yoast_head_json":{"title":"Pure Beginnings hambapasta m\u00fcndi ja vaniljega, 75ml - Beebipai","description":"Pure Beginnings hambapasta lastele puhastab lapse hambad \u00f5rnalt ja p\u00f5hjalikult. Vaata toodet Pure Beginnings hambapasta lastele!","robots":{"index":"index","follow":"follow","max-snippet":"max-snippet:-1","max-image-preview":"max-image-preview:large","max-video-preview":"max-video-preview:-1"},"canonical":"https:\/\/beebipai.ee\/ru\/product\/pure-beginnings-hambapasta-mundi-ja-vaniljega-75ml\/","og_locale":"ru_RU","og_type":"article","og_title":"Pure Beginnings hambapasta m\u00fcndi ja vaniljega, 75ml - Beebipai","og_description":"Pure Beginnings hambapasta lastele puhastab lapse hambad \u00f5rnalt ja p\u00f5hjalikult. Vaata toodet Pure Beginnings hambapasta lastele!","og_url":"https:\/\/beebipai.ee\/ru\/product\/pure-beginnings-hambapasta-mundi-ja-vaniljega-75ml\/","og_site_name":"Beebipai","article_modified_time":"2025-01-15T21:41:40+00:00","og_image":[{"width":500,"height":840,"url":"https:\/\/beebipai.ee\/wp-content\/uploads\/2022\/12\/Pure-Beginnings-laste-hambapasta-e1671376398777.jpg","type":"image\/jpeg"}],"twitter_card":"summary_large_image","schema":{"@context":"https:\/\/schema.org","@graph":[{"@type":"WebPage","@id":"https:\/\/beebipai.ee\/product\/pure-beginnings-hambapasta-mundi-ja-vaniljega-75ml\/","url":"https:\/\/beebipai.ee\/product\/pure-beginnings-hambapasta-mundi-ja-vaniljega-75ml\/","name":"Pure Beginnings hambapasta m\u00fcndi ja vaniljega, 75ml - Beebipai","isPartOf":{"@id":"https:\/\/beebipai.ee\/en\/#website"},"primaryImageOfPage":{"@id":"https:\/\/beebipai.ee\/product\/pure-beginnings-hambapasta-mundi-ja-vaniljega-75ml\/#primaryimage"},"image":{"@id":"https:\/\/beebipai.ee\/product\/pure-beginnings-hambapasta-mundi-ja-vaniljega-75ml\/#primaryimage"},"thumbnailUrl":"https:\/\/beebipai.ee\/wp-content\/uploads\/2022\/12\/Pure-Beginnings-laste-hambapasta-e1671376398777.jpg","datePublished":"2022-12-18T15:13:56+00:00","dateModified":"2025-01-15T21:41:40+00:00","description":"Pure Beginnings hambapasta lastele puhastab lapse hambad \u00f5rnalt ja p\u00f5hjalikult. Vaata toodet Pure Beginnings hambapasta lastele!","breadcrumb":{"@id":"https:\/\/beebipai.ee\/product\/pure-beginnings-hambapasta-mundi-ja-vaniljega-75ml\/#breadcrumb"},"inLanguage":"ru-RU","potentialAction":[{"@type":"ReadAction","target":["https:\/\/beebipai.ee\/product\/pure-beginnings-hambapasta-mundi-ja-vaniljega-75ml\/"]}]},{"@type":"ImageObject","inLanguage":"ru-RU","@id":"https:\/\/beebipai.ee\/product\/pure-beginnings-hambapasta-mundi-ja-vaniljega-75ml\/#primaryimage","url":"https:\/\/beebipai.ee\/wp-content\/uploads\/2022\/12\/Pure-Beginnings-laste-hambapasta-e1671376398777.jpg","contentUrl":"https:\/\/beebipai.ee\/wp-content\/uploads\/2022\/12\/Pure-Beginnings-laste-hambapasta-e1671376398777.jpg","width":500,"height":840},{"@type":"BreadcrumbList","@id":"https:\/\/beebipai.ee\/product\/pure-beginnings-hambapasta-mundi-ja-vaniljega-75ml\/#breadcrumb","itemListElement":[{"@type":"ListItem","position":1,"name":"Home","item":"https:\/\/beebipai.ee\/"},{"@type":"ListItem","position":2,"name":"Pood","item":"https:\/\/beebipai.ee\/store\/"},{"@type":"ListItem","position":3,"name":"Pure Beginnings hambapasta m\u00fcndi ja vaniljega, 75ml"}]},{"@type":"WebSite","@id":"https:\/\/beebipai.ee\/en\/#website","url":"https:\/\/beebipai.ee\/en\/","name":"Beebipai","description":"Rasedate ja beebide veebipood","potentialAction":[{"@type":"SearchAction","target":{"@type":"EntryPoint","urlTemplate":"https:\/\/beebipai.ee\/en\/?s={search_term_string}"},"query-input":{"@type":"PropertyValueSpecification","valueRequired":true,"valueName":"search_term_string"}}],"inLanguage":"ru-RU"}]}},"_links":{"self":[{"href":"https:\/\/beebipai.ee\/ru\/wp-json\/wp\/v2\/product\/7455","targetHints":{"allow":["GET"]}}],"collection":[{"href":"https:\/\/beebipai.ee\/ru\/wp-json\/wp\/v2\/product"}],"about":[{"href":"https:\/\/beebipai.ee\/ru\/wp-json\/wp\/v2\/types\/product"}],"version-history":[{"count":5,"href":"https:\/\/beebipai.ee\/ru\/wp-json\/wp\/v2\/product\/7455\/revisions"}],"predecessor-version":[{"id":7755,"href":"https:\/\/beebipai.ee\/ru\/wp-json\/wp\/v2\/product\/7455\/revisions\/7755"}],"wp:featuredmedia":[{"embeddable":true,"href":"https:\/\/beebipai.ee\/ru\/wp-json\/wp\/v2\/media\/7456"}],"wp:attachment":[{"href":"https:\/\/beebipai.ee\/ru\/wp-json\/wp\/v2\/media?parent=7455"}],"wp:term":[{"taxonomy":"product_brand","embeddable":true,"href":"https:\/\/beebipai.ee\/ru\/wp-json\/wp\/v2\/product_brand?post=7455"},{"taxonomy":"product_cat","embeddable":true,"href":"https:\/\/beebipai.ee\/ru\/wp-json\/wp\/v2\/product_cat?post=7455"},{"taxonomy":"product_tag","embeddable":true,"href":"https:\/\/beebipai.ee\/ru\/wp-json\/wp\/v2\/product_tag?post=7455"}],"curies":[{"name":"wp","href":"https:\/\/api.w.org\/{rel}","templated":true}]}}