{"id":7251,"date":"2022-11-18T11:14:27","date_gmt":"2022-11-18T09:14:27","guid":{"rendered":"https:\/\/beebipai.ee\/?post_type=product&#038;p=7251"},"modified":"2022-11-18T11:14:28","modified_gmt":"2022-11-18T09:14:28","slug":"gabriella-polvikud-mikrofiibrist","status":"publish","type":"product","link":"https:\/\/beebipai.ee\/ru\/product\/gabriella-polvikud-mikrofiibrist\/","title":{"rendered":"Gabriella p\u00f5lvikud mikrofiibrist"},"content":{"rendered":"","protected":false},"excerpt":{"rendered":"<p>Gabriella p\u00f5lvikud mikrofiibrist on pehmed, mugavad ja h\u00e4stiistuvad.<\/p>","protected":false},"featured_media":7252,"template":"","meta":{"_monsterinsights_skip_tracking":false,"_monsterinsights_sitenote_active":false,"_monsterinsights_sitenote_note":"","_monsterinsights_sitenote_category":0,"site-sidebar-layout":"no-sidebar","site-content-layout":"page-builder","ast-site-content-layout":"default","site-content-style":"default","site-sidebar-style":"default","ast-global-header-display":"","ast-banner-title-visibility":"","ast-main-header-display":"","ast-hfb-above-header-display":"","ast-hfb-below-header-display":"","ast-hfb-mobile-header-display":"","site-post-title":"disabled","ast-breadcrumbs-content":"","ast-featured-img":"disabled","footer-sml-layout":"","ast-disable-related-posts":"","theme-transparent-header-meta":"default","adv-header-id-meta":"","stick-header-meta":"","header-above-stick-meta":"","header-main-stick-meta":"","header-below-stick-meta":"","astra-migrate-meta-layouts":"default","ast-page-background-enabled":"default","ast-page-background-meta":{"desktop":{"background-color":"","background-image":"","background-repeat":"repeat","background-position":"center center","background-size":"auto","background-attachment":"scroll","background-type":"","background-media":"","overlay-type":"","overlay-color":"","overlay-opacity":"","overlay-gradient":""},"tablet":{"background-color":"","background-image":"","background-repeat":"repeat","background-position":"center center","background-size":"auto","background-attachment":"scroll","background-type":"","background-media":"","overlay-type":"","overlay-color":"","overlay-opacity":"","overlay-gradient":""},"mobile":{"background-color":"","background-image":"","background-repeat":"repeat","background-position":"center center","background-size":"auto","background-attachment":"scroll","background-type":"","background-media":"","overlay-type":"","overlay-color":"","overlay-opacity":"","overlay-gradient":""}},"ast-content-background-meta":{"desktop":{"background-color":"var(--ast-global-color-5)","background-image":"","background-repeat":"repeat","background-position":"center center","background-size":"auto","background-attachment":"scroll","background-type":"","background-media":"","overlay-type":"","overlay-color":"","overlay-opacity":"","overlay-gradient":""},"tablet":{"background-color":"var(--ast-global-color-5)","background-image":"","background-repeat":"repeat","background-position":"center center","background-size":"auto","background-attachment":"scroll","background-type":"","background-media":"","overlay-type":"","overlay-color":"","overlay-opacity":"","overlay-gradient":""},"mobile":{"background-color":"var(--ast-global-color-5)","background-image":"","background-repeat":"repeat","background-position":"center center","background-size":"auto","background-attachment":"scroll","background-type":"","background-media":"","overlay-type":"","overlay-color":"","overlay-opacity":"","overlay-gradient":""}}},"product_brand":[],"product_cat":[22,130],"product_tag":[],"class_list":{"0":"post-7251","1":"product","2":"type-product","3":"status-publish","4":"has-post-thumbnail","6":"product_cat-emale","7":"product_cat-sukkpuksid-polvikud-sokid","8":"desktop-align-left","9":"tablet-align-left","10":"mobile-align-left","12":"first","13":"instock","14":"taxable","15":"shipping-taxable","16":"purchasable","17":"product-type-simple"},"yoast_head":"<!-- This site is optimized with the Yoast SEO plugin v27.4 - https:\/\/yoast.com\/product\/yoast-seo-wordpress\/ -->\n<title>Gabriella p\u00f5lvikud mikrofiibrist - Beebipai<\/title>\n<meta name=\"description\" content=\"Gabriella p\u00f5lvikud mikrofiibrist on mugavad, pehmed ja h\u00e4stiistuvad. Vaata toodet Gabriella p\u00f5lvikud mikrofiibrist!\" \/>\n<meta name=\"robots\" content=\"index, follow, max-snippet:-1, max-image-preview:large, max-video-preview:-1\" \/>\n<link rel=\"canonical\" href=\"https:\/\/beebipai.ee\/ru\/product\/gabriella-polvikud-mikrofiibrist\/\" \/>\n<meta property=\"og:locale\" content=\"ru_RU\" \/>\n<meta property=\"og:type\" content=\"article\" \/>\n<meta property=\"og:title\" content=\"Gabriella p\u00f5lvikud mikrofiibrist - Beebipai\" \/>\n<meta property=\"og:description\" content=\"Gabriella p\u00f5lvikud mikrofiibrist on mugavad, pehmed ja h\u00e4stiistuvad. Vaata toodet Gabriella p\u00f5lvikud mikrofiibrist!\" \/>\n<meta property=\"og:url\" content=\"https:\/\/beebipai.ee\/ru\/product\/gabriella-polvikud-mikrofiibrist\/\" \/>\n<meta property=\"og:site_name\" content=\"Beebipai\" \/>\n<meta property=\"article:modified_time\" content=\"2022-11-18T09:14:28+00:00\" \/>\n<meta property=\"og:image\" content=\"https:\/\/beebipai.ee\/wp-content\/uploads\/2022\/11\/Gabriella-polvikud-mikrofiibrist-e1668762799735.jpg\" \/>\n\t<meta property=\"og:image:width\" content=\"400\" \/>\n\t<meta property=\"og:image:height\" content=\"838\" \/>\n\t<meta property=\"og:image:type\" content=\"image\/jpeg\" \/>\n<meta name=\"twitter:card\" content=\"summary_large_image\" \/>\n<script type=\"application\/ld+json\" class=\"yoast-schema-graph\">{\"@context\":\"https:\\\/\\\/schema.org\",\"@graph\":[{\"@type\":\"WebPage\",\"@id\":\"https:\\\/\\\/beebipai.ee\\\/en\\\/product\\\/gabriella-polvikud-mikrofiibrist\\\/\",\"url\":\"https:\\\/\\\/beebipai.ee\\\/en\\\/product\\\/gabriella-polvikud-mikrofiibrist\\\/\",\"name\":\"Gabriella p\u00f5lvikud mikrofiibrist - Beebipai\",\"isPartOf\":{\"@id\":\"https:\\\/\\\/beebipai.ee\\\/en\\\/#website\"},\"primaryImageOfPage\":{\"@id\":\"https:\\\/\\\/beebipai.ee\\\/en\\\/product\\\/gabriella-polvikud-mikrofiibrist\\\/#primaryimage\"},\"image\":{\"@id\":\"https:\\\/\\\/beebipai.ee\\\/en\\\/product\\\/gabriella-polvikud-mikrofiibrist\\\/#primaryimage\"},\"thumbnailUrl\":\"https:\\\/\\\/beebipai.ee\\\/wp-content\\\/uploads\\\/2022\\\/11\\\/Gabriella-polvikud-mikrofiibrist-e1668762799735.jpg\",\"datePublished\":\"2022-11-18T09:14:27+00:00\",\"dateModified\":\"2022-11-18T09:14:28+00:00\",\"description\":\"Gabriella p\u00f5lvikud mikrofiibrist on mugavad, pehmed ja h\u00e4stiistuvad. Vaata toodet Gabriella p\u00f5lvikud mikrofiibrist!\",\"breadcrumb\":{\"@id\":\"https:\\\/\\\/beebipai.ee\\\/en\\\/product\\\/gabriella-polvikud-mikrofiibrist\\\/#breadcrumb\"},\"inLanguage\":\"ru-RU\",\"potentialAction\":[{\"@type\":\"ReadAction\",\"target\":[\"https:\\\/\\\/beebipai.ee\\\/en\\\/product\\\/gabriella-polvikud-mikrofiibrist\\\/\"]}]},{\"@type\":\"ImageObject\",\"inLanguage\":\"ru-RU\",\"@id\":\"https:\\\/\\\/beebipai.ee\\\/en\\\/product\\\/gabriella-polvikud-mikrofiibrist\\\/#primaryimage\",\"url\":\"https:\\\/\\\/beebipai.ee\\\/wp-content\\\/uploads\\\/2022\\\/11\\\/Gabriella-polvikud-mikrofiibrist-e1668762799735.jpg\",\"contentUrl\":\"https:\\\/\\\/beebipai.ee\\\/wp-content\\\/uploads\\\/2022\\\/11\\\/Gabriella-polvikud-mikrofiibrist-e1668762799735.jpg\",\"width\":400,\"height\":838},{\"@type\":\"BreadcrumbList\",\"@id\":\"https:\\\/\\\/beebipai.ee\\\/en\\\/product\\\/gabriella-polvikud-mikrofiibrist\\\/#breadcrumb\",\"itemListElement\":[{\"@type\":\"ListItem\",\"position\":1,\"name\":\"Home\",\"item\":\"https:\\\/\\\/beebipai.ee\\\/\"},{\"@type\":\"ListItem\",\"position\":2,\"name\":\"Pood\",\"item\":\"https:\\\/\\\/beebipai.ee\\\/store\\\/\"},{\"@type\":\"ListItem\",\"position\":3,\"name\":\"Gabriella p\u00f5lvikud mikrofiibrist\"}]},{\"@type\":\"WebSite\",\"@id\":\"https:\\\/\\\/beebipai.ee\\\/en\\\/#website\",\"url\":\"https:\\\/\\\/beebipai.ee\\\/en\\\/\",\"name\":\"Beebipai\",\"description\":\"Rasedate ja beebide veebipood\",\"potentialAction\":[{\"@type\":\"SearchAction\",\"target\":{\"@type\":\"EntryPoint\",\"urlTemplate\":\"https:\\\/\\\/beebipai.ee\\\/en\\\/?s={search_term_string}\"},\"query-input\":{\"@type\":\"PropertyValueSpecification\",\"valueRequired\":true,\"valueName\":\"search_term_string\"}}],\"inLanguage\":\"ru-RU\"}]}<\/script>\n<!-- \/ Yoast SEO plugin. -->","yoast_head_json":{"title":"Gabriella p\u00f5lvikud mikrofiibrist - Beebipai","description":"Gabriella p\u00f5lvikud mikrofiibrist on mugavad, pehmed ja h\u00e4stiistuvad. Vaata toodet Gabriella p\u00f5lvikud mikrofiibrist!","robots":{"index":"index","follow":"follow","max-snippet":"max-snippet:-1","max-image-preview":"max-image-preview:large","max-video-preview":"max-video-preview:-1"},"canonical":"https:\/\/beebipai.ee\/ru\/product\/gabriella-polvikud-mikrofiibrist\/","og_locale":"ru_RU","og_type":"article","og_title":"Gabriella p\u00f5lvikud mikrofiibrist - Beebipai","og_description":"Gabriella p\u00f5lvikud mikrofiibrist on mugavad, pehmed ja h\u00e4stiistuvad. Vaata toodet Gabriella p\u00f5lvikud mikrofiibrist!","og_url":"https:\/\/beebipai.ee\/ru\/product\/gabriella-polvikud-mikrofiibrist\/","og_site_name":"Beebipai","article_modified_time":"2022-11-18T09:14:28+00:00","og_image":[{"width":400,"height":838,"url":"https:\/\/beebipai.ee\/wp-content\/uploads\/2022\/11\/Gabriella-polvikud-mikrofiibrist-e1668762799735.jpg","type":"image\/jpeg"}],"twitter_card":"summary_large_image","schema":{"@context":"https:\/\/schema.org","@graph":[{"@type":"WebPage","@id":"https:\/\/beebipai.ee\/en\/product\/gabriella-polvikud-mikrofiibrist\/","url":"https:\/\/beebipai.ee\/en\/product\/gabriella-polvikud-mikrofiibrist\/","name":"Gabriella p\u00f5lvikud mikrofiibrist - Beebipai","isPartOf":{"@id":"https:\/\/beebipai.ee\/en\/#website"},"primaryImageOfPage":{"@id":"https:\/\/beebipai.ee\/en\/product\/gabriella-polvikud-mikrofiibrist\/#primaryimage"},"image":{"@id":"https:\/\/beebipai.ee\/en\/product\/gabriella-polvikud-mikrofiibrist\/#primaryimage"},"thumbnailUrl":"https:\/\/beebipai.ee\/wp-content\/uploads\/2022\/11\/Gabriella-polvikud-mikrofiibrist-e1668762799735.jpg","datePublished":"2022-11-18T09:14:27+00:00","dateModified":"2022-11-18T09:14:28+00:00","description":"Gabriella p\u00f5lvikud mikrofiibrist on mugavad, pehmed ja h\u00e4stiistuvad. Vaata toodet Gabriella p\u00f5lvikud mikrofiibrist!","breadcrumb":{"@id":"https:\/\/beebipai.ee\/en\/product\/gabriella-polvikud-mikrofiibrist\/#breadcrumb"},"inLanguage":"ru-RU","potentialAction":[{"@type":"ReadAction","target":["https:\/\/beebipai.ee\/en\/product\/gabriella-polvikud-mikrofiibrist\/"]}]},{"@type":"ImageObject","inLanguage":"ru-RU","@id":"https:\/\/beebipai.ee\/en\/product\/gabriella-polvikud-mikrofiibrist\/#primaryimage","url":"https:\/\/beebipai.ee\/wp-content\/uploads\/2022\/11\/Gabriella-polvikud-mikrofiibrist-e1668762799735.jpg","contentUrl":"https:\/\/beebipai.ee\/wp-content\/uploads\/2022\/11\/Gabriella-polvikud-mikrofiibrist-e1668762799735.jpg","width":400,"height":838},{"@type":"BreadcrumbList","@id":"https:\/\/beebipai.ee\/en\/product\/gabriella-polvikud-mikrofiibrist\/#breadcrumb","itemListElement":[{"@type":"ListItem","position":1,"name":"Home","item":"https:\/\/beebipai.ee\/"},{"@type":"ListItem","position":2,"name":"Pood","item":"https:\/\/beebipai.ee\/store\/"},{"@type":"ListItem","position":3,"name":"Gabriella p\u00f5lvikud mikrofiibrist"}]},{"@type":"WebSite","@id":"https:\/\/beebipai.ee\/en\/#website","url":"https:\/\/beebipai.ee\/en\/","name":"Beebipai","description":"Rasedate ja beebide veebipood","potentialAction":[{"@type":"SearchAction","target":{"@type":"EntryPoint","urlTemplate":"https:\/\/beebipai.ee\/en\/?s={search_term_string}"},"query-input":{"@type":"PropertyValueSpecification","valueRequired":true,"valueName":"search_term_string"}}],"inLanguage":"ru-RU"}]}},"_links":{"self":[{"href":"https:\/\/beebipai.ee\/ru\/wp-json\/wp\/v2\/product\/7251","targetHints":{"allow":["GET"]}}],"collection":[{"href":"https:\/\/beebipai.ee\/ru\/wp-json\/wp\/v2\/product"}],"about":[{"href":"https:\/\/beebipai.ee\/ru\/wp-json\/wp\/v2\/types\/product"}],"version-history":[{"count":2,"href":"https:\/\/beebipai.ee\/ru\/wp-json\/wp\/v2\/product\/7251\/revisions"}],"predecessor-version":[{"id":7254,"href":"https:\/\/beebipai.ee\/ru\/wp-json\/wp\/v2\/product\/7251\/revisions\/7254"}],"wp:featuredmedia":[{"embeddable":true,"href":"https:\/\/beebipai.ee\/ru\/wp-json\/wp\/v2\/media\/7252"}],"wp:attachment":[{"href":"https:\/\/beebipai.ee\/ru\/wp-json\/wp\/v2\/media?parent=7251"}],"wp:term":[{"taxonomy":"product_brand","embeddable":true,"href":"https:\/\/beebipai.ee\/ru\/wp-json\/wp\/v2\/product_brand?post=7251"},{"taxonomy":"product_cat","embeddable":true,"href":"https:\/\/beebipai.ee\/ru\/wp-json\/wp\/v2\/product_cat?post=7251"},{"taxonomy":"product_tag","embeddable":true,"href":"https:\/\/beebipai.ee\/ru\/wp-json\/wp\/v2\/product_tag?post=7251"}],"curies":[{"name":"wp","href":"https:\/\/api.w.org\/{rel}","templated":true}]}}