{"id":6188,"date":"2022-08-31T11:47:14","date_gmt":"2022-08-31T08:47:14","guid":{"rendered":"https:\/\/beebipai.ee\/?post_type=product&#038;p=6188"},"modified":"2022-12-10T10:14:44","modified_gmt":"2022-12-10T08:14:44","slug":"bambusest-sooginoude-komplekt","status":"publish","type":"product","link":"https:\/\/beebipai.ee\/ru\/product\/bambusest-sooginoude-komplekt\/","title":{"rendered":"\u0411\u0430\u043c\u0431\u0443\u043a\u043e\u0432\u044b\u0439 \u043d\u0430\u0431\u043e\u0440 \u0441\u0442\u043e\u043b\u043e\u0432\u044b\u0445 \u043f\u0440\u0438\u0431\u043e\u0440\u043e\u0432"},"content":{"rendered":"<div data-elementor-type=\"wp-post\" data-elementor-id=\"6188\" class=\"elementor elementor-6188\">\n\t\t\t\t\t\t<section class=\"elementor-section elementor-top-section elementor-element elementor-element-ed09707 elementor-section-boxed elementor-section-height-default elementor-section-height-default\" data-id=\"ed09707\" data-element_type=\"section\" data-e-type=\"section\">\n\t\t\t\t\t\t<div class=\"elementor-container elementor-column-gap-default\">\n\t\t\t\t\t<div class=\"elementor-column elementor-col-50 elementor-top-column elementor-element elementor-element-3be5c96\" data-id=\"3be5c96\" data-element_type=\"column\" data-e-type=\"column\">\n\t\t\t<div class=\"elementor-widget-wrap elementor-element-populated\">\n\t\t\t\t\t\t<div class=\"elementor-element elementor-element-41a2042 elementor-widget elementor-widget-heading\" data-id=\"41a2042\" data-element_type=\"widget\" data-e-type=\"widget\" data-widget_type=\"heading.default\">\n\t\t\t\t<div class=\"elementor-widget-container\">\n\t\t\t\t\t<h2 class=\"elementor-heading-title elementor-size-default\">\u0411\u0430\u043c\u0431\u0443\u043a\u043e\u0432\u044b\u0439 \u043d\u0430\u0431\u043e\u0440 \u0441\u0442\u043e\u043b\u043e\u0432\u044b\u0445 \u043f\u0440\u0438\u0431\u043e\u0440\u043e\u0432<\/h2>\t\t\t\t<\/div>\n\t\t\t\t<\/div>\n\t\t\t\t<div class=\"elementor-element elementor-element-712f84d elementor-widget elementor-widget-text-editor\" data-id=\"712f84d\" data-element_type=\"widget\" data-e-type=\"widget\" data-widget_type=\"text-editor.default\">\n\t\t\t\t<div class=\"elementor-widget-container\">\n\t\t\t\t\t\t\t\t\t<p>\u041d\u0430\u0431\u043e\u0440 \u0441\u0442\u043e\u043b\u043e\u0432\u043e\u0439 \u043f\u043e\u0441\u0443\u0434\u044b \u0438\u0437 \u0431\u0430\u043c\u0431\u0443\u043a\u0430 \u0438\u0437\u0433\u043e\u0442\u043e\u0432\u043b\u0435\u043d \u0438\u0437 \u043d\u0430\u0442\u0443\u0440\u0430\u043b\u044c\u043d\u043e\u0433\u043e, \u0432\u043e\u0437\u043e\u0431\u043d\u043e\u0432\u043b\u044f\u0435\u043c\u043e\u0433\u043e \u0438 \u0443\u0441\u0442\u043e\u0439\u0447\u0438\u0432\u043e\u0433\u043e \u0431\u0430\u043c\u0431\u0443\u043a\u043e\u0432\u043e\u0433\u043e \u0432\u043e\u043b\u043e\u043a\u043d\u0430. \u041e\u0447\u0435\u043d\u044c \u043f\u0440\u043e\u0447\u043d\u044b\u0439 \u0438 \u0434\u043e\u043b\u0433\u043e\u0432\u0435\u0447\u043d\u044b\u0439 \u043c\u0430\u0442\u0435\u0440\u0438\u0430\u043b, \u043a\u043e\u0442\u043e\u0440\u044b\u0439 \u043d\u0435 \u043b\u043e\u043c\u0430\u0435\u0442\u0441\u044f \u043f\u0440\u0438 \u043f\u0430\u0434\u0435\u043d\u0438\u0438, \u0434\u0435\u043b\u0430\u0435\u0442 \u043a\u043e\u0440\u043c\u043b\u0435\u043d\u0438\u0435 \u043c\u0430\u043b\u044b\u0448\u0435\u0439 \u0431\u0435\u0437\u043e\u043f\u0430\u0441\u043d\u044b\u043c. \u0411\u0430\u043c\u0431\u0443\u043a\u043e\u0432\u0430\u044f \u043f\u043e\u0441\u0443\u0434\u0430 \u043d\u0435 \u0441\u043e\u0434\u0435\u0440\u0436\u0438\u0442 \u0431\u0438\u0441\u0444\u0435\u043d\u043e\u043b\u0430-\u0410, \u0431\u0438\u043e\u0440\u0430\u0437\u043b\u0430\u0433\u0430\u0435\u043c\u0430 \u0438 \u044d\u043a\u043e\u043b\u043e\u0433\u0438\u0447\u0435\u0441\u043a\u0438 \u0431\u0435\u0437\u043e\u043f\u0430\u0441\u043d\u0430.\u00a0<\/p><p>\u0411\u0430\u043c\u0431\u0443\u043a\u043e\u0432\u0430\u044f \u043f\u043e\u0441\u0443\u0434\u0430 \u043b\u0435\u0433\u043a\u043e \u043c\u043e\u0435\u0442\u0441\u044f, \u043f\u043e\u0434\u0445\u043e\u0434\u0438\u0442 \u0434\u043b\u044f \u043f\u043e\u0432\u0441\u0435\u0434\u043d\u0435\u0432\u043d\u043e\u0433\u043e \u0438\u0441\u043f\u043e\u043b\u044c\u0437\u043e\u0432\u0430\u043d\u0438\u044f. \u041f\u043e\u0441\u0443\u0434\u0430 \u0438\u043c\u0435\u0435\u0442 \u0448\u0438\u0440\u043e\u043a\u0438\u0439 \u0442\u0435\u043c\u043f\u0435\u0440\u0430\u0442\u0443\u0440\u043d\u044b\u0439 \u0434\u0438\u0430\u043f\u0430\u0437\u043e\u043d \u043e\u0442 0\u0421 \u0434\u043e 100\u0421, \u0447\u0442\u043e \u0442\u0430\u043a\u0436\u0435 \u043f\u043e\u0437\u0432\u043e\u043b\u044f\u0435\u0442 \u043c\u044b\u0442\u044c \u0435\u0435 \u0432 \u043f\u043e\u0441\u0443\u0434\u043e\u043c\u043e\u0435\u0447\u043d\u043e\u0439 \u043c\u0430\u0448\u0438\u043d\u0435.<\/p>\t\t\t\t\t\t\t\t<\/div>\n\t\t\t\t<\/div>\n\t\t\t\t\t<\/div>\n\t\t<\/div>\n\t\t\t\t<div class=\"elementor-column elementor-col-50 elementor-top-column elementor-element elementor-element-7c7bb22\" data-id=\"7c7bb22\" data-element_type=\"column\" data-e-type=\"column\">\n\t\t\t<div class=\"elementor-widget-wrap elementor-element-populated\">\n\t\t\t\t\t\t<div class=\"elementor-element elementor-element-dfdfb10 elementor-widget elementor-widget-image\" data-id=\"dfdfb10\" data-element_type=\"widget\" data-e-type=\"widget\" data-widget_type=\"image.default\">\n\t\t\t\t<div class=\"elementor-widget-container\">\n\t\t\t\t\t\t\t\t\t\t\t\t\t\t\t<img fetchpriority=\"high\" decoding=\"async\" width=\"768\" height=\"480\" src=\"https:\/\/beebipai.ee\/wp-content\/uploads\/2022\/08\/sooginoude-komlekt4-768x480.jpeg\" class=\"attachment-medium_large size-medium_large wp-image-6200\" alt=\"\" srcset=\"https:\/\/beebipai.ee\/wp-content\/uploads\/2022\/08\/sooginoude-komlekt4-768x480.jpeg 768w, https:\/\/beebipai.ee\/wp-content\/uploads\/2022\/08\/sooginoude-komlekt4-e1661935907659-300x188.jpeg 300w, https:\/\/beebipai.ee\/wp-content\/uploads\/2022\/08\/sooginoude-komlekt4-1024x640.jpeg 1024w, https:\/\/beebipai.ee\/wp-content\/uploads\/2022\/08\/sooginoude-komlekt4-e1661935907659-18x12.jpeg 18w, https:\/\/beebipai.ee\/wp-content\/uploads\/2022\/08\/sooginoude-komlekt4-600x375.jpeg 600w, https:\/\/beebipai.ee\/wp-content\/uploads\/2022\/08\/sooginoude-komlekt4-e1661935907659.jpeg 400w\" sizes=\"(max-width: 768px) 100vw, 768px\" \/>\t\t\t\t\t\t\t\t\t\t\t\t\t\t\t<\/div>\n\t\t\t\t<\/div>\n\t\t\t\t\t<\/div>\n\t\t<\/div>\n\t\t\t\t\t<\/div>\n\t\t<\/section>\n\t\t\t\t<\/div>","protected":false},"excerpt":{"rendered":"<p>\u041d\u0430\u0431\u043e\u0440 \u0441\u0442\u043e\u043b\u043e\u0432\u044b\u0445 \u043f\u0440\u0438\u0431\u043e\u0440\u043e\u0432 \u0438\u0437 \u0431\u0430\u043c\u0431\u0443\u043a\u0430 \u043d\u0430\u0442\u0443\u0440\u0430\u043b\u044c\u043d\u044b\u0439, \u043f\u0440\u043e\u0447\u043d\u044b\u0439 \u0438 \u043f\u0440\u0430\u043a\u0442\u0438\u0447\u043d\u044b\u0439 \u0434\u043b\u044f \u043f\u043e\u0432\u0441\u0435\u0434\u043d\u0435\u0432\u043d\u043e\u0433\u043e \u0438\u0441\u043f\u043e\u043b\u044c\u0437\u043e\u0432\u0430\u043d\u0438\u044f \u043c\u043b\u0430\u0434\u0435\u043d\u0446\u0430\u043c\u0438 \u0438 \u043c\u0430\u043b\u044b\u0448\u0430\u043c\u0438.<\/p>","protected":false},"featured_media":6196,"template":"","meta":{"_monsterinsights_skip_tracking":false,"_monsterinsights_sitenote_active":false,"_monsterinsights_sitenote_note":"","_monsterinsights_sitenote_category":0,"site-sidebar-layout":"no-sidebar","site-content-layout":"page-builder","ast-site-content-layout":"default","site-content-style":"default","site-sidebar-style":"default","ast-global-header-display":"","ast-banner-title-visibility":"","ast-main-header-display":"","ast-hfb-above-header-display":"","ast-hfb-below-header-display":"","ast-hfb-mobile-header-display":"","site-post-title":"disabled","ast-breadcrumbs-content":"","ast-featured-img":"disabled","footer-sml-layout":"","ast-disable-related-posts":"","theme-transparent-header-meta":"default","adv-header-id-meta":"","stick-header-meta":"","header-above-stick-meta":"","header-main-stick-meta":"","header-below-stick-meta":"","astra-migrate-meta-layouts":"default","ast-page-background-enabled":"default","ast-page-background-meta":{"desktop":{"background-color":"","background-image":"","background-repeat":"repeat","background-position":"center center","background-size":"auto","background-attachment":"scroll","background-type":"","background-media":"","overlay-type":"","overlay-color":"","overlay-opacity":"","overlay-gradient":""},"tablet":{"background-color":"","background-image":"","background-repeat":"repeat","background-position":"center center","background-size":"auto","background-attachment":"scroll","background-type":"","background-media":"","overlay-type":"","overlay-color":"","overlay-opacity":"","overlay-gradient":""},"mobile":{"background-color":"","background-image":"","background-repeat":"repeat","background-position":"center center","background-size":"auto","background-attachment":"scroll","background-type":"","background-media":"","overlay-type":"","overlay-color":"","overlay-opacity":"","overlay-gradient":""}},"ast-content-background-meta":{"desktop":{"background-color":"var(--ast-global-color-5)","background-image":"","background-repeat":"repeat","background-position":"center center","background-size":"auto","background-attachment":"scroll","background-type":"","background-media":"","overlay-type":"","overlay-color":"","overlay-opacity":"","overlay-gradient":""},"tablet":{"background-color":"var(--ast-global-color-5)","background-image":"","background-repeat":"repeat","background-position":"center center","background-size":"auto","background-attachment":"scroll","background-type":"","background-media":"","overlay-type":"","overlay-color":"","overlay-opacity":"","overlay-gradient":""},"mobile":{"background-color":"var(--ast-global-color-5)","background-image":"","background-repeat":"repeat","background-position":"center center","background-size":"auto","background-attachment":"scroll","background-type":"","background-media":"","overlay-type":"","overlay-color":"","overlay-opacity":"","overlay-gradient":""}}},"product_brand":[],"product_cat":[23,147,144,143],"product_tag":[],"class_list":{"0":"post-6188","1":"product","2":"type-product","3":"status-publish","4":"has-post-thumbnail","6":"product_cat-beebile","7":"product_cat-kingiideed-beebile","8":"product_cat-soomistarbed","9":"product_cat-sootmiseks-soomiseks","10":"desktop-align-left","11":"tablet-align-left","12":"mobile-align-left","14":"first","15":"instock","16":"taxable","17":"shipping-taxable","18":"purchasable","19":"product-type-variable"},"yoast_head":"<!-- This site is optimized with the Yoast SEO plugin v27.4 - https:\/\/yoast.com\/product\/yoast-seo-wordpress\/ -->\n<title>Bambusest s\u00f6\u00f6gin\u00f5ude komplekt - Beebipai<\/title>\n<meta name=\"description\" content=\"Bambusest s\u00f6\u00f6gin\u00f5ude komplekt on naturaalne ja praktiline beebidele ja v\u00e4ikelastele. Vaata toodet bambusest s\u00f6\u00f6gin\u00f5ude komplekt!\" \/>\n<meta name=\"robots\" content=\"index, follow, max-snippet:-1, max-image-preview:large, max-video-preview:-1\" \/>\n<link rel=\"canonical\" href=\"https:\/\/beebipai.ee\/ru\/product\/bambusest-sooginoude-komplekt\/\" \/>\n<meta property=\"og:locale\" content=\"ru_RU\" \/>\n<meta property=\"og:type\" content=\"article\" \/>\n<meta property=\"og:title\" content=\"Bambusest s\u00f6\u00f6gin\u00f5ude komplekt - Beebipai\" \/>\n<meta property=\"og:description\" content=\"Bambusest s\u00f6\u00f6gin\u00f5ude komplekt on naturaalne ja praktiline beebidele ja v\u00e4ikelastele. Vaata toodet bambusest s\u00f6\u00f6gin\u00f5ude komplekt!\" \/>\n<meta property=\"og:url\" content=\"https:\/\/beebipai.ee\/ru\/product\/bambusest-sooginoude-komplekt\/\" \/>\n<meta property=\"og:site_name\" content=\"Beebipai\" \/>\n<meta property=\"article:modified_time\" content=\"2022-12-10T08:14:44+00:00\" \/>\n<meta property=\"og:image\" content=\"https:\/\/beebipai.ee\/wp-content\/uploads\/2022\/08\/Sooginoude-komplekt-munt-e1661935569542.jpeg\" \/>\n\t<meta property=\"og:image:width\" content=\"400\" \/>\n\t<meta property=\"og:image:height\" content=\"400\" \/>\n\t<meta property=\"og:image:type\" content=\"image\/jpeg\" \/>\n<meta name=\"twitter:card\" content=\"summary_large_image\" \/>\n<script type=\"application\/ld+json\" class=\"yoast-schema-graph\">{\"@context\":\"https:\\\/\\\/schema.org\",\"@graph\":[{\"@type\":\"WebPage\",\"@id\":\"https:\\\/\\\/beebipai.ee\\\/lt\\\/product\\\/bambusest-sooginoude-komplekt\\\/\",\"url\":\"https:\\\/\\\/beebipai.ee\\\/lt\\\/product\\\/bambusest-sooginoude-komplekt\\\/\",\"name\":\"Bambusest s\u00f6\u00f6gin\u00f5ude komplekt - Beebipai\",\"isPartOf\":{\"@id\":\"https:\\\/\\\/beebipai.ee\\\/en\\\/#website\"},\"primaryImageOfPage\":{\"@id\":\"https:\\\/\\\/beebipai.ee\\\/lt\\\/product\\\/bambusest-sooginoude-komplekt\\\/#primaryimage\"},\"image\":{\"@id\":\"https:\\\/\\\/beebipai.ee\\\/lt\\\/product\\\/bambusest-sooginoude-komplekt\\\/#primaryimage\"},\"thumbnailUrl\":\"https:\\\/\\\/beebipai.ee\\\/wp-content\\\/uploads\\\/2022\\\/08\\\/Sooginoude-komplekt-munt-e1661935569542.jpeg\",\"datePublished\":\"2022-08-31T08:47:14+00:00\",\"dateModified\":\"2022-12-10T08:14:44+00:00\",\"description\":\"Bambusest s\u00f6\u00f6gin\u00f5ude komplekt on naturaalne ja praktiline beebidele ja v\u00e4ikelastele. Vaata toodet bambusest s\u00f6\u00f6gin\u00f5ude komplekt!\",\"breadcrumb\":{\"@id\":\"https:\\\/\\\/beebipai.ee\\\/lt\\\/product\\\/bambusest-sooginoude-komplekt\\\/#breadcrumb\"},\"inLanguage\":\"ru-RU\",\"potentialAction\":[{\"@type\":\"ReadAction\",\"target\":[\"https:\\\/\\\/beebipai.ee\\\/lt\\\/product\\\/bambusest-sooginoude-komplekt\\\/\"]}]},{\"@type\":\"ImageObject\",\"inLanguage\":\"ru-RU\",\"@id\":\"https:\\\/\\\/beebipai.ee\\\/lt\\\/product\\\/bambusest-sooginoude-komplekt\\\/#primaryimage\",\"url\":\"https:\\\/\\\/beebipai.ee\\\/wp-content\\\/uploads\\\/2022\\\/08\\\/Sooginoude-komplekt-munt-e1661935569542.jpeg\",\"contentUrl\":\"https:\\\/\\\/beebipai.ee\\\/wp-content\\\/uploads\\\/2022\\\/08\\\/Sooginoude-komplekt-munt-e1661935569542.jpeg\",\"width\":400,\"height\":400},{\"@type\":\"BreadcrumbList\",\"@id\":\"https:\\\/\\\/beebipai.ee\\\/lt\\\/product\\\/bambusest-sooginoude-komplekt\\\/#breadcrumb\",\"itemListElement\":[{\"@type\":\"ListItem\",\"position\":1,\"name\":\"Home\",\"item\":\"https:\\\/\\\/beebipai.ee\\\/\"},{\"@type\":\"ListItem\",\"position\":2,\"name\":\"Pood\",\"item\":\"https:\\\/\\\/beebipai.ee\\\/store\\\/\"},{\"@type\":\"ListItem\",\"position\":3,\"name\":\"Bambusest s\u00f6\u00f6gin\u00f5ude komplekt\"}]},{\"@type\":\"WebSite\",\"@id\":\"https:\\\/\\\/beebipai.ee\\\/en\\\/#website\",\"url\":\"https:\\\/\\\/beebipai.ee\\\/en\\\/\",\"name\":\"Beebipai\",\"description\":\"Rasedate ja beebide veebipood\",\"potentialAction\":[{\"@type\":\"SearchAction\",\"target\":{\"@type\":\"EntryPoint\",\"urlTemplate\":\"https:\\\/\\\/beebipai.ee\\\/en\\\/?s={search_term_string}\"},\"query-input\":{\"@type\":\"PropertyValueSpecification\",\"valueRequired\":true,\"valueName\":\"search_term_string\"}}],\"inLanguage\":\"ru-RU\"}]}<\/script>\n<!-- \/ Yoast SEO plugin. -->","yoast_head_json":{"title":"Bambusest s\u00f6\u00f6gin\u00f5ude komplekt - Beebipai","description":"Bambusest s\u00f6\u00f6gin\u00f5ude komplekt on naturaalne ja praktiline beebidele ja v\u00e4ikelastele. Vaata toodet bambusest s\u00f6\u00f6gin\u00f5ude komplekt!","robots":{"index":"index","follow":"follow","max-snippet":"max-snippet:-1","max-image-preview":"max-image-preview:large","max-video-preview":"max-video-preview:-1"},"canonical":"https:\/\/beebipai.ee\/ru\/product\/bambusest-sooginoude-komplekt\/","og_locale":"ru_RU","og_type":"article","og_title":"Bambusest s\u00f6\u00f6gin\u00f5ude komplekt - Beebipai","og_description":"Bambusest s\u00f6\u00f6gin\u00f5ude komplekt on naturaalne ja praktiline beebidele ja v\u00e4ikelastele. Vaata toodet bambusest s\u00f6\u00f6gin\u00f5ude komplekt!","og_url":"https:\/\/beebipai.ee\/ru\/product\/bambusest-sooginoude-komplekt\/","og_site_name":"Beebipai","article_modified_time":"2022-12-10T08:14:44+00:00","og_image":[{"width":400,"height":400,"url":"https:\/\/beebipai.ee\/wp-content\/uploads\/2022\/08\/Sooginoude-komplekt-munt-e1661935569542.jpeg","type":"image\/jpeg"}],"twitter_card":"summary_large_image","schema":{"@context":"https:\/\/schema.org","@graph":[{"@type":"WebPage","@id":"https:\/\/beebipai.ee\/lt\/product\/bambusest-sooginoude-komplekt\/","url":"https:\/\/beebipai.ee\/lt\/product\/bambusest-sooginoude-komplekt\/","name":"Bambusest s\u00f6\u00f6gin\u00f5ude komplekt - Beebipai","isPartOf":{"@id":"https:\/\/beebipai.ee\/en\/#website"},"primaryImageOfPage":{"@id":"https:\/\/beebipai.ee\/lt\/product\/bambusest-sooginoude-komplekt\/#primaryimage"},"image":{"@id":"https:\/\/beebipai.ee\/lt\/product\/bambusest-sooginoude-komplekt\/#primaryimage"},"thumbnailUrl":"https:\/\/beebipai.ee\/wp-content\/uploads\/2022\/08\/Sooginoude-komplekt-munt-e1661935569542.jpeg","datePublished":"2022-08-31T08:47:14+00:00","dateModified":"2022-12-10T08:14:44+00:00","description":"Bambusest s\u00f6\u00f6gin\u00f5ude komplekt on naturaalne ja praktiline beebidele ja v\u00e4ikelastele. Vaata toodet bambusest s\u00f6\u00f6gin\u00f5ude komplekt!","breadcrumb":{"@id":"https:\/\/beebipai.ee\/lt\/product\/bambusest-sooginoude-komplekt\/#breadcrumb"},"inLanguage":"ru-RU","potentialAction":[{"@type":"ReadAction","target":["https:\/\/beebipai.ee\/lt\/product\/bambusest-sooginoude-komplekt\/"]}]},{"@type":"ImageObject","inLanguage":"ru-RU","@id":"https:\/\/beebipai.ee\/lt\/product\/bambusest-sooginoude-komplekt\/#primaryimage","url":"https:\/\/beebipai.ee\/wp-content\/uploads\/2022\/08\/Sooginoude-komplekt-munt-e1661935569542.jpeg","contentUrl":"https:\/\/beebipai.ee\/wp-content\/uploads\/2022\/08\/Sooginoude-komplekt-munt-e1661935569542.jpeg","width":400,"height":400},{"@type":"BreadcrumbList","@id":"https:\/\/beebipai.ee\/lt\/product\/bambusest-sooginoude-komplekt\/#breadcrumb","itemListElement":[{"@type":"ListItem","position":1,"name":"Home","item":"https:\/\/beebipai.ee\/"},{"@type":"ListItem","position":2,"name":"Pood","item":"https:\/\/beebipai.ee\/store\/"},{"@type":"ListItem","position":3,"name":"Bambusest s\u00f6\u00f6gin\u00f5ude komplekt"}]},{"@type":"WebSite","@id":"https:\/\/beebipai.ee\/en\/#website","url":"https:\/\/beebipai.ee\/en\/","name":"Beebipai","description":"Rasedate ja beebide veebipood","potentialAction":[{"@type":"SearchAction","target":{"@type":"EntryPoint","urlTemplate":"https:\/\/beebipai.ee\/en\/?s={search_term_string}"},"query-input":{"@type":"PropertyValueSpecification","valueRequired":true,"valueName":"search_term_string"}}],"inLanguage":"ru-RU"}]}},"_links":{"self":[{"href":"https:\/\/beebipai.ee\/ru\/wp-json\/wp\/v2\/product\/6188","targetHints":{"allow":["GET"]}}],"collection":[{"href":"https:\/\/beebipai.ee\/ru\/wp-json\/wp\/v2\/product"}],"about":[{"href":"https:\/\/beebipai.ee\/ru\/wp-json\/wp\/v2\/types\/product"}],"version-history":[{"count":5,"href":"https:\/\/beebipai.ee\/ru\/wp-json\/wp\/v2\/product\/6188\/revisions"}],"predecessor-version":[{"id":7362,"href":"https:\/\/beebipai.ee\/ru\/wp-json\/wp\/v2\/product\/6188\/revisions\/7362"}],"wp:featuredmedia":[{"embeddable":true,"href":"https:\/\/beebipai.ee\/ru\/wp-json\/wp\/v2\/media\/6196"}],"wp:attachment":[{"href":"https:\/\/beebipai.ee\/ru\/wp-json\/wp\/v2\/media?parent=6188"}],"wp:term":[{"taxonomy":"product_brand","embeddable":true,"href":"https:\/\/beebipai.ee\/ru\/wp-json\/wp\/v2\/product_brand?post=6188"},{"taxonomy":"product_cat","embeddable":true,"href":"https:\/\/beebipai.ee\/ru\/wp-json\/wp\/v2\/product_cat?post=6188"},{"taxonomy":"product_tag","embeddable":true,"href":"https:\/\/beebipai.ee\/ru\/wp-json\/wp\/v2\/product_tag?post=6188"}],"curies":[{"name":"wp","href":"https:\/\/api.w.org\/{rel}","templated":true}]}}