{"id":4430,"date":"2022-06-14T12:00:58","date_gmt":"2022-06-14T09:00:58","guid":{"rendered":"https:\/\/beebipai.ee\/?post_type=product&#038;p=4430"},"modified":"2026-02-24T23:40:25","modified_gmt":"2026-02-24T21:40:25","slug":"cadenshae-treeningrinnahoidja","status":"publish","type":"product","link":"https:\/\/beebipai.ee\/ru\/product\/cadenshae-treeningrinnahoidja\/","title":{"rendered":"Cadenshae sportrinnahoidja raseduse ajaks"},"content":{"rendered":"<div data-elementor-type=\"wp-post\" data-elementor-id=\"4430\" class=\"elementor elementor-4430\">\n\t\t\t\t\t\t<section class=\"elementor-section elementor-top-section elementor-element elementor-element-238acea elementor-section-boxed elementor-section-height-default elementor-section-height-default\" data-id=\"238acea\" data-element_type=\"section\" data-e-type=\"section\">\n\t\t\t\t\t\t<div class=\"elementor-container elementor-column-gap-default\">\n\t\t\t\t\t<div class=\"elementor-column elementor-col-50 elementor-top-column elementor-element elementor-element-86fc0bb\" data-id=\"86fc0bb\" data-element_type=\"column\" data-e-type=\"column\">\n\t\t\t<div class=\"elementor-widget-wrap elementor-element-populated\">\n\t\t\t\t\t\t<div class=\"elementor-element elementor-element-baf565e elementor-widget elementor-widget-heading\" data-id=\"baf565e\" data-element_type=\"widget\" data-e-type=\"widget\" data-widget_type=\"heading.default\">\n\t\t\t\t<div class=\"elementor-widget-container\">\n\t\t\t\t\t<h2 class=\"elementor-heading-title elementor-size-default\">\u0421\u043f\u043e\u0440\u0442\u0438\u0432\u043d\u044b\u0439 \u0431\u044e\u0441\u0442\u0433\u0430\u043b\u044c\u0442\u0435\u0440 Cadenshae<\/h2>\t\t\t\t<\/div>\n\t\t\t\t<\/div>\n\t\t\t\t<div class=\"elementor-element elementor-element-dca8ad0 elementor-widget elementor-widget-text-editor\" data-id=\"dca8ad0\" data-element_type=\"widget\" data-e-type=\"widget\" data-widget_type=\"text-editor.default\">\n\t\t\t\t<div class=\"elementor-widget-container\">\n\t\t\t\t\t\t\t\t\t<p>\u041f\u0440\u0438 \u043e\u0436\u0438\u0434\u0430\u043d\u0438\u0438 \u0440\u0435\u0431\u0435\u043d\u043a\u0430 \u0432 \u043c\u043e\u043b\u043e\u0447\u043d\u044b\u0445 \u0436\u0435\u043b\u0435\u0437\u0430\u0445 \u0442\u0430\u043a\u0436\u0435 \u043d\u0430\u0447\u0438\u043d\u0430\u044e\u0442\u0441\u044f \u0431\u044b\u0441\u0442\u0440\u044b\u0435 \u0438\u0437\u043c\u0435\u043d\u0435\u043d\u0438\u044f, \u043f\u043e\u0434\u0433\u043e\u0442\u0430\u0432\u043b\u0438\u0432\u0430\u044e\u0449\u0438\u0435 \u0433\u0440\u0443\u0434\u044c \u043a \u0441\u043a\u043e\u0440\u043e\u043c\u0443 \u0433\u0440\u0443\u0434\u043d\u043e\u043c\u0443 \u0432\u0441\u043a\u0430\u0440\u043c\u043b\u0438\u0432\u0430\u043d\u0438\u044e.\u00a0<\/p><p>\u0423\u0432\u0435\u043b\u0438\u0447\u0435\u043d\u0438\u0435 \u0438 \u0431\u043e\u043b\u0435\u0437\u043d\u0435\u043d\u043d\u043e\u0441\u0442\u044c \u0433\u0440\u0443\u0434\u0438 \u043e\u0431\u044b\u0447\u043d\u043e \u044f\u0432\u043b\u044f\u044e\u0442\u0441\u044f \u043e\u0434\u043d\u0438\u043c\u0438 \u0438\u0437 \u043f\u0435\u0440\u0432\u044b\u0445 \u043f\u0440\u0438\u0437\u043d\u0430\u043a\u043e\u0432 \u0431\u0435\u0440\u0435\u043c\u0435\u043d\u043d\u043e\u0441\u0442\u0438. \u041f\u043e \u043c\u0435\u0440\u0435 \u0442\u043e\u0433\u043e, \u043a\u0430\u043a \u0431\u0435\u0440\u0435\u043c\u0435\u043d\u043d\u043e\u0441\u0442\u044c \u043f\u0440\u043e\u0433\u0440\u0435\u0441\u0441\u0438\u0440\u0443\u0435\u0442, \u0433\u0440\u0443\u0434\u044c \u0443\u0432\u0435\u043b\u0438\u0447\u0438\u0432\u0430\u0435\u0442\u0441\u044f \u0435\u0449\u0435 \u0431\u043e\u043b\u044c\u0448\u0435, \u0438 \u0435\u0449\u0435 \u0431\u043e\u043b\u044c\u0448\u0435, \u043a\u043e\u0433\u0434\u0430 \u043f\u0440\u0438\u0445\u043e\u0434\u0438\u0442 \u043c\u043e\u043b\u043e\u043a\u043e. \u041a\u043e\u0436\u0430 \u043d\u0430 \u0433\u0440\u0443\u0434\u0438 \u0438\u0441\u0442\u043e\u043d\u0447\u0430\u0435\u0442\u0441\u044f, \u043c\u043e\u0433\u0443\u0442 \u043f\u043e\u044f\u0432\u0438\u0442\u044c\u0441\u044f \u0440\u0430\u0441\u0442\u044f\u0436\u043a\u0438, \u0432\u0438\u0434\u043d\u0430 \u0441\u0435\u0442\u044c \u043a\u0440\u043e\u0432\u0435\u043d\u043e\u0441\u043d\u044b\u0445 \u0441\u043e\u0441\u0443\u0434\u043e\u0432. \u0420\u0430\u0441\u0442\u044f\u0436\u0435\u043d\u0438\u0435 \u043a\u043e\u0436\u0438 \u043c\u043e\u0436\u0435\u0442 \u0432\u044b\u0437\u0432\u0430\u0442\u044c \u0437\u0443\u0434 \u0433\u0440\u0443\u0434\u0438.<\/p><p>\u0413\u0440\u0443\u0434\u044c \u043d\u0430\u0447\u0438\u043d\u0430\u0435\u0442 \u0432\u044b\u0440\u0430\u0431\u0430\u0442\u044b\u0432\u0430\u0442\u044c \u043c\u043e\u043b\u043e\u0437\u0438\u0432\u043e \u0441 16-\u0439 \u043d\u0435\u0434\u0435\u043b\u0438, \u043f\u043e\u044d\u0442\u043e\u043c\u0443 \u0433\u0440\u0443\u0434\u044c \u0442\u044f\u0436\u0435\u043b\u0435\u0435 \u0438 \u043d\u0443\u0436\u0434\u0430\u0435\u0442\u0441\u044f \u0432 \u0445\u043e\u0440\u043e\u0448\u0435\u0439 \u043f\u043e\u0434\u0434\u0435\u0440\u0436\u043a\u0435. \u042d\u0442\u043e \u043e\u0441\u043e\u0431\u0435\u043d\u043d\u043e \u0432\u0430\u0436\u043d\u043e \u0432\u043e \u0432\u0440\u0435\u043c\u044f \u0442\u0440\u0435\u043d\u0438\u0440\u043e\u0432\u043e\u043a, \u043a\u043e\u0433\u0434\u0430 \u043d\u0430\u0433\u0440\u0443\u0437\u043a\u0430 \u0437\u043d\u0430\u0447\u0438\u0442\u0435\u043b\u044c\u043d\u043e \u0431\u043e\u043b\u044c\u0448\u0435. \u0421\u043f\u043e\u0440\u0442\u0438\u0432\u043d\u044b\u0435 \u0431\u044e\u0441\u0442\u0433\u0430\u043b\u044c\u0442\u0435\u0440\u044b \u043f\u0440\u0435\u0434\u043d\u0430\u0437\u043d\u0430\u0447\u0435\u043d\u044b \u0434\u043b\u044f \u043b\u0443\u0447\u0448\u0435\u0439 \u043f\u043e\u0434\u0434\u0435\u0440\u0436\u043a\u0438 \u0438 \u0444\u0438\u043a\u0441\u0430\u0446\u0438\u0438 \u0433\u0440\u0443\u0434\u0438, \u0447\u0442\u043e \u043f\u0440\u0435\u0434\u043e\u0442\u0432\u0440\u0430\u0449\u0430\u0435\u0442 \u0440\u0435\u0437\u043a\u0438\u0435 \u0434\u0432\u0438\u0436\u0435\u043d\u0438\u044f, \u0442\u0440\u044f\u0441\u043a\u0443 \u0438 \u0443\u0434\u0430\u0440\u044b \u043f\u043e \u0433\u0440\u0443\u0434\u0438.<\/p><p>\u00a0<\/p>\t\t\t\t\t\t\t\t<\/div>\n\t\t\t\t<\/div>\n\t\t\t\t\t<\/div>\n\t\t<\/div>\n\t\t\t\t<div class=\"elementor-column elementor-col-50 elementor-top-column elementor-element elementor-element-6fca0d9\" data-id=\"6fca0d9\" data-element_type=\"column\" data-e-type=\"column\">\n\t\t\t<div class=\"elementor-widget-wrap elementor-element-populated\">\n\t\t\t\t\t\t<div class=\"elementor-element elementor-element-601e4d3 elementor-widget elementor-widget-image\" data-id=\"601e4d3\" data-element_type=\"widget\" data-e-type=\"widget\" data-widget_type=\"image.default\">\n\t\t\t\t<div class=\"elementor-widget-container\">\n\t\t\t\t\t\t\t\t\t\t\t\t\t\t\t<img fetchpriority=\"high\" decoding=\"async\" width=\"768\" height=\"401\" src=\"https:\/\/beebipai.ee\/wp-content\/uploads\/2022\/06\/Rasedate-treeningriided3-768x401.jpg\" class=\"attachment-medium_large size-medium_large wp-image-4361\" alt=\"\" srcset=\"https:\/\/beebipai.ee\/wp-content\/uploads\/2022\/06\/Rasedate-treeningriided3-768x401.jpg 768w, https:\/\/beebipai.ee\/wp-content\/uploads\/2022\/06\/Rasedate-treeningriided3-scaled-e1655198760913-300x157.jpg 300w, https:\/\/beebipai.ee\/wp-content\/uploads\/2022\/06\/Rasedate-treeningriided3-1024x535.jpg 1024w, https:\/\/beebipai.ee\/wp-content\/uploads\/2022\/06\/Rasedate-treeningriided3-1536x803.jpg 1536w, https:\/\/beebipai.ee\/wp-content\/uploads\/2022\/06\/Rasedate-treeningriided3-2048x1070.jpg 2048w, https:\/\/beebipai.ee\/wp-content\/uploads\/2022\/06\/Rasedate-treeningriided3-scaled-e1655198760913-18x9.jpg 18w, https:\/\/beebipai.ee\/wp-content\/uploads\/2022\/06\/Rasedate-treeningriided3-600x314.jpg 600w, https:\/\/beebipai.ee\/wp-content\/uploads\/2022\/06\/Rasedate-treeningriided3-scaled-e1655198760913.jpg 400w\" sizes=\"(max-width: 768px) 100vw, 768px\" \/>\t\t\t\t\t\t\t\t\t\t\t\t\t\t\t<\/div>\n\t\t\t\t<\/div>\n\t\t\t\t\t<\/div>\n\t\t<\/div>\n\t\t\t\t\t<\/div>\n\t\t<\/section>\n\t\t\t\t<section class=\"elementor-section elementor-top-section elementor-element elementor-element-e61d0cf elementor-section-boxed elementor-section-height-default elementor-section-height-default\" data-id=\"e61d0cf\" data-element_type=\"section\" data-e-type=\"section\">\n\t\t\t\t\t\t<div class=\"elementor-container elementor-column-gap-default\">\n\t\t\t\t\t<div class=\"elementor-column elementor-col-50 elementor-top-column elementor-element elementor-element-34951f9\" data-id=\"34951f9\" data-element_type=\"column\" data-e-type=\"column\">\n\t\t\t<div class=\"elementor-widget-wrap elementor-element-populated\">\n\t\t\t\t\t\t<div class=\"elementor-element elementor-element-8d3dba1 elementor-widget elementor-widget-image\" data-id=\"8d3dba1\" data-element_type=\"widget\" data-e-type=\"widget\" data-widget_type=\"image.default\">\n\t\t\t\t<div class=\"elementor-widget-container\">\n\t\t\t\t\t\t\t\t\t\t\t\t\t\t\t<img decoding=\"async\" width=\"807\" height=\"1024\" src=\"https:\/\/beebipai.ee\/wp-content\/uploads\/2022\/06\/Sportrinnahoidja-imetamiseks-munt1-807x1024.webp\" class=\"attachment-large size-large wp-image-7662\" alt=\"\" srcset=\"https:\/\/beebipai.ee\/wp-content\/uploads\/2022\/06\/Sportrinnahoidja-imetamiseks-munt1-807x1024.webp 807w, https:\/\/beebipai.ee\/wp-content\/uploads\/2022\/06\/Sportrinnahoidja-imetamiseks-munt1-e1674396548268-236x300.webp 236w, https:\/\/beebipai.ee\/wp-content\/uploads\/2022\/06\/Sportrinnahoidja-imetamiseks-munt1-768x974.webp 768w, https:\/\/beebipai.ee\/wp-content\/uploads\/2022\/06\/Sportrinnahoidja-imetamiseks-munt1-1211x1536.webp 1211w, https:\/\/beebipai.ee\/wp-content\/uploads\/2022\/06\/Sportrinnahoidja-imetamiseks-munt1-e1674396548268-9x12.webp 9w, https:\/\/beebipai.ee\/wp-content\/uploads\/2022\/06\/Sportrinnahoidja-imetamiseks-munt1-600x761.webp 600w, https:\/\/beebipai.ee\/wp-content\/uploads\/2022\/06\/Sportrinnahoidja-imetamiseks-munt1-e1674396548268.webp 576w\" sizes=\"(max-width: 807px) 100vw, 807px\" \/>\t\t\t\t\t\t\t\t\t\t\t\t\t\t\t<\/div>\n\t\t\t\t<\/div>\n\t\t\t\t\t<\/div>\n\t\t<\/div>\n\t\t\t\t<div class=\"elementor-column elementor-col-50 elementor-top-column elementor-element elementor-element-87682ca\" data-id=\"87682ca\" data-element_type=\"column\" data-e-type=\"column\">\n\t\t\t<div class=\"elementor-widget-wrap elementor-element-populated\">\n\t\t\t\t\t\t<div class=\"elementor-element elementor-element-8ca2c92 elementor-widget elementor-widget-text-editor\" data-id=\"8ca2c92\" data-element_type=\"widget\" data-e-type=\"widget\" data-widget_type=\"text-editor.default\">\n\t\t\t\t<div class=\"elementor-widget-container\">\n\t\t\t\t\t\t\t\t\t<p>Cadenshae sportrinnahoidja sobib igap\u00e4evaseks kasutamiseks ning toetab rinda ka raseduse ajal igat liiki treeningutel. Hoiab \u00e4ra rinna liigse rappumise, p\u00f5rutuse ning kaitseb rinda j\u00e4rskudel liigutustel ja asendivahetustel. Pakub mugavat ja kindlat toetust suurenevatele ja raskematele rindadele. Kinnitid k\u00e4ivad lahti imetamiseks, kui antud mudel imetamiseks k\u00f5ige mugavam ei ole.\u00a0 V\u00e4ga pehme ja mugav materjal ei sooni ega pigista, mis rasedusaegse ja piima tootva rinna puhul eriti oluline.\u00a0 Sportrinnahoidja tagune kinnitus on reguleeritav. Kaasas on lisakinnitused. Ka on reguleeritavad \u00f5lapaelad. Rinnahoidja see olevad padjakesed on eemaldatavad.\u00a0<\/p><p>\u0423\u0445\u0430\u0436\u0438\u0432\u0430\u0439\u0442\u0435 \u0437\u0430 \u0441\u0432\u043e\u0438\u043c \u0441\u043f\u043e\u0440\u0442\u0438\u0432\u043d\u044b\u043c \u0431\u044e\u0441\u0442\u0433\u0430\u043b\u044c\u0442\u0435\u0440\u043e\u043c \u0442\u0430\u043a \u0436\u0435, \u043a\u0430\u043a \u0438 \u0437\u0430 \u043b\u044e\u0431\u043e\u0439 \u0434\u0440\u0443\u0433\u043e\u0439 \u0441\u043f\u043e\u0440\u0442\u0438\u0432\u043d\u043e\u0439 \u043e\u0434\u0435\u0436\u0434\u043e\u0439. \u041f\u0440\u0435\u0434\u043f\u043e\u0447\u0442\u0438\u0442\u0435\u043b\u044c\u043d\u0430 \u0440\u0443\u0447\u043d\u0430\u044f \u0438\u043b\u0438 \u043c\u0430\u0448\u0438\u043d\u043d\u0430\u044f \u0441\u0442\u0438\u0440\u043a\u0430 \u0432 \u043f\u0440\u043e\u0445\u043b\u0430\u0434\u043d\u043e\u0439 \u0432\u043e\u0434\u0435 \u0441 \u043e\u0434\u0435\u0436\u0434\u043e\u0439 \u043e\u0434\u043d\u043e\u0433\u043e \u0446\u0432\u0435\u0442\u0430. \u041d\u0435 \u043e\u0442\u0431\u0435\u043b\u0438\u0432\u0430\u0439\u0442\u0435 \u0438 \u043d\u0435 \u0433\u043b\u0430\u0434\u044c\u0442\u0435 \u0441\u043f\u043e\u0440\u0442\u0438\u0432\u043d\u044b\u0439 \u0431\u044e\u0441\u0442\u0433\u0430\u043b\u044c\u0442\u0435\u0440. \u041d\u0435 \u0440\u0435\u043a\u043e\u043c\u0435\u043d\u0434\u0443\u0435\u0442\u0441\u044f \u0438\u0441\u043f\u043e\u043b\u044c\u0437\u043e\u0432\u0430\u0442\u044c \u043a\u043e\u043d\u0434\u0438\u0446\u0438\u043e\u043d\u0435\u0440\u044b \u0434\u043b\u044f \u0431\u0435\u043b\u044c\u044f.<\/p>\t\t\t\t\t\t\t\t<\/div>\n\t\t\t\t<\/div>\n\t\t\t\t\t<\/div>\n\t\t<\/div>\n\t\t\t\t\t<\/div>\n\t\t<\/section>\n\t\t\t\t<\/div>","protected":false},"excerpt":{"rendered":"<p>Cadenshae sportrinnahoidja toetab rinda igap\u00e4evaselt ja on suurep\u00e4rane ka rasedusaegsetel treeningutel ajal. Rinnahoidja kinnitid k\u00e4ivad k\u00fcll lahti, kuid antud mudel imetamiseks k\u00f5ige mugavam ei ole.<\/p>\n<p>&nbsp;<\/p>\n<p>&nbsp;<\/p>","protected":false},"featured_media":7663,"template":"","meta":{"_monsterinsights_skip_tracking":false,"_monsterinsights_sitenote_active":false,"_monsterinsights_sitenote_note":"","_monsterinsights_sitenote_category":0,"site-sidebar-layout":"no-sidebar","site-content-layout":"page-builder","ast-site-content-layout":"full-width-container","site-content-style":"unboxed","site-sidebar-style":"unboxed","ast-global-header-display":"","ast-banner-title-visibility":"","ast-main-header-display":"","ast-hfb-above-header-display":"","ast-hfb-below-header-display":"","ast-hfb-mobile-header-display":"","site-post-title":"disabled","ast-breadcrumbs-content":"","ast-featured-img":"disabled","footer-sml-layout":"","ast-disable-related-posts":"","theme-transparent-header-meta":"default","adv-header-id-meta":"","stick-header-meta":"","header-above-stick-meta":"","header-main-stick-meta":"","header-below-stick-meta":"","astra-migrate-meta-layouts":"set","ast-page-background-enabled":"default","ast-page-background-meta":{"desktop":{"background-color":"","background-image":"","background-repeat":"repeat","background-position":"center center","background-size":"auto","background-attachment":"scroll","background-type":"","background-media":"","overlay-type":"","overlay-color":"","overlay-opacity":"","overlay-gradient":""},"tablet":{"background-color":"","background-image":"","background-repeat":"repeat","background-position":"center center","background-size":"auto","background-attachment":"scroll","background-type":"","background-media":"","overlay-type":"","overlay-color":"","overlay-opacity":"","overlay-gradient":""},"mobile":{"background-color":"","background-image":"","background-repeat":"repeat","background-position":"center center","background-size":"auto","background-attachment":"scroll","background-type":"","background-media":"","overlay-type":"","overlay-color":"","overlay-opacity":"","overlay-gradient":""}},"ast-content-background-meta":{"desktop":{"background-color":"var(--ast-global-color-5)","background-image":"","background-repeat":"repeat","background-position":"center center","background-size":"auto","background-attachment":"scroll","background-type":"","background-media":"","overlay-type":"","overlay-color":"","overlay-opacity":"","overlay-gradient":""},"tablet":{"background-color":"var(--ast-global-color-5)","background-image":"","background-repeat":"repeat","background-position":"center center","background-size":"auto","background-attachment":"scroll","background-type":"","background-media":"","overlay-type":"","overlay-color":"","overlay-opacity":"","overlay-gradient":""},"mobile":{"background-color":"var(--ast-global-color-5)","background-image":"","background-repeat":"repeat","background-position":"center center","background-size":"auto","background-attachment":"scroll","background-type":"","background-media":"","overlay-type":"","overlay-color":"","overlay-opacity":"","overlay-gradient":""}}},"product_brand":[],"product_cat":[22,105,133,103],"product_tag":[],"class_list":{"0":"post-4430","1":"product","2":"type-product","3":"status-publish","4":"has-post-thumbnail","6":"product_cat-emale","7":"product_cat-treening","8":"product_cat-riided-rasedatele-ja-rinnaga-toitvatele-emadele","9":"product_cat-imetamine","10":"desktop-align-left","11":"tablet-align-left","12":"mobile-align-left","14":"first","15":"instock","16":"sale","17":"taxable","18":"shipping-taxable","19":"purchasable","20":"product-type-variable"},"yoast_head":"<!-- This site is optimized with the Yoast SEO plugin v27.4 - https:\/\/yoast.com\/product\/yoast-seo-wordpress\/ -->\n<title>Cadenshae sportrinnahoidja raseduse ajaks - Beebipai<\/title>\n<meta name=\"description\" content=\"Cadenshae sportrinnahoidja toetab rinda nii rasedusaegsete treeningute ajal. Vaata toodet Cadenshae sportrinnahoidja raseduse ajaks!\" \/>\n<meta name=\"robots\" content=\"index, follow, max-snippet:-1, max-image-preview:large, max-video-preview:-1\" \/>\n<link rel=\"canonical\" href=\"https:\/\/beebipai.ee\/ru\/product\/cadenshae-treeningrinnahoidja\/\" \/>\n<meta property=\"og:locale\" content=\"ru_RU\" \/>\n<meta property=\"og:type\" content=\"article\" \/>\n<meta property=\"og:title\" content=\"Cadenshae sportrinnahoidja raseduse ajaks - Beebipai\" \/>\n<meta property=\"og:description\" content=\"Cadenshae sportrinnahoidja toetab rinda nii rasedusaegsete treeningute ajal. Vaata toodet Cadenshae sportrinnahoidja raseduse ajaks!\" \/>\n<meta property=\"og:url\" content=\"https:\/\/beebipai.ee\/ru\/product\/cadenshae-treeningrinnahoidja\/\" \/>\n<meta property=\"og:site_name\" content=\"Beebipai\" \/>\n<meta property=\"article:modified_time\" content=\"2026-02-24T21:40:25+00:00\" \/>\n<meta property=\"og:image\" content=\"https:\/\/beebipai.ee\/wp-content\/uploads\/2022\/06\/Sportrinnahoidja-imetamiseks-munt2-e1674396570579.webp\" \/>\n\t<meta property=\"og:image:width\" content=\"500\" \/>\n\t<meta property=\"og:image:height\" content=\"634\" \/>\n\t<meta property=\"og:image:type\" content=\"image\/webp\" \/>\n<meta name=\"twitter:card\" content=\"summary_large_image\" \/>\n<meta name=\"twitter:label1\" content=\"\u041f\u0440\u0438\u043c\u0435\u0440\u043d\u043e\u0435 \u0432\u0440\u0435\u043c\u044f \u0434\u043b\u044f \u0447\u0442\u0435\u043d\u0438\u044f\" \/>\n\t<meta name=\"twitter:data1\" content=\"2 \u043c\u0438\u043d\u0443\u0442\u044b\" \/>\n<script type=\"application\/ld+json\" class=\"yoast-schema-graph\">{\"@context\":\"https:\\\/\\\/schema.org\",\"@graph\":[{\"@type\":\"WebPage\",\"@id\":\"https:\\\/\\\/beebipai.ee\\\/product\\\/cadenshae-treeningrinnahoidja\\\/\",\"url\":\"https:\\\/\\\/beebipai.ee\\\/product\\\/cadenshae-treeningrinnahoidja\\\/\",\"name\":\"Cadenshae sportrinnahoidja raseduse ajaks - Beebipai\",\"isPartOf\":{\"@id\":\"https:\\\/\\\/beebipai.ee\\\/en\\\/#website\"},\"primaryImageOfPage\":{\"@id\":\"https:\\\/\\\/beebipai.ee\\\/product\\\/cadenshae-treeningrinnahoidja\\\/#primaryimage\"},\"image\":{\"@id\":\"https:\\\/\\\/beebipai.ee\\\/product\\\/cadenshae-treeningrinnahoidja\\\/#primaryimage\"},\"thumbnailUrl\":\"https:\\\/\\\/beebipai.ee\\\/wp-content\\\/uploads\\\/2022\\\/06\\\/Sportrinnahoidja-imetamiseks-munt2-e1674396570579.webp\",\"datePublished\":\"2022-06-14T09:00:58+00:00\",\"dateModified\":\"2026-02-24T21:40:25+00:00\",\"description\":\"Cadenshae sportrinnahoidja toetab rinda nii rasedusaegsete treeningute ajal. Vaata toodet Cadenshae sportrinnahoidja raseduse ajaks!\",\"breadcrumb\":{\"@id\":\"https:\\\/\\\/beebipai.ee\\\/product\\\/cadenshae-treeningrinnahoidja\\\/#breadcrumb\"},\"inLanguage\":\"ru-RU\",\"potentialAction\":[{\"@type\":\"ReadAction\",\"target\":[\"https:\\\/\\\/beebipai.ee\\\/product\\\/cadenshae-treeningrinnahoidja\\\/\"]}]},{\"@type\":\"ImageObject\",\"inLanguage\":\"ru-RU\",\"@id\":\"https:\\\/\\\/beebipai.ee\\\/product\\\/cadenshae-treeningrinnahoidja\\\/#primaryimage\",\"url\":\"https:\\\/\\\/beebipai.ee\\\/wp-content\\\/uploads\\\/2022\\\/06\\\/Sportrinnahoidja-imetamiseks-munt2-e1674396570579.webp\",\"contentUrl\":\"https:\\\/\\\/beebipai.ee\\\/wp-content\\\/uploads\\\/2022\\\/06\\\/Sportrinnahoidja-imetamiseks-munt2-e1674396570579.webp\",\"width\":500,\"height\":634},{\"@type\":\"BreadcrumbList\",\"@id\":\"https:\\\/\\\/beebipai.ee\\\/product\\\/cadenshae-treeningrinnahoidja\\\/#breadcrumb\",\"itemListElement\":[{\"@type\":\"ListItem\",\"position\":1,\"name\":\"Home\",\"item\":\"https:\\\/\\\/beebipai.ee\\\/\"},{\"@type\":\"ListItem\",\"position\":2,\"name\":\"Pood\",\"item\":\"https:\\\/\\\/beebipai.ee\\\/store\\\/\"},{\"@type\":\"ListItem\",\"position\":3,\"name\":\"Cadenshae sportrinnahoidja raseduse ajaks\"}]},{\"@type\":\"WebSite\",\"@id\":\"https:\\\/\\\/beebipai.ee\\\/en\\\/#website\",\"url\":\"https:\\\/\\\/beebipai.ee\\\/en\\\/\",\"name\":\"Beebipai\",\"description\":\"Rasedate ja beebide veebipood\",\"potentialAction\":[{\"@type\":\"SearchAction\",\"target\":{\"@type\":\"EntryPoint\",\"urlTemplate\":\"https:\\\/\\\/beebipai.ee\\\/en\\\/?s={search_term_string}\"},\"query-input\":{\"@type\":\"PropertyValueSpecification\",\"valueRequired\":true,\"valueName\":\"search_term_string\"}}],\"inLanguage\":\"ru-RU\"}]}<\/script>\n<!-- \/ Yoast SEO plugin. -->","yoast_head_json":{"title":"Cadenshae sportrinnahoidja raseduse ajaks - Beebipai","description":"Cadenshae sportrinnahoidja toetab rinda nii rasedusaegsete treeningute ajal. Vaata toodet Cadenshae sportrinnahoidja raseduse ajaks!","robots":{"index":"index","follow":"follow","max-snippet":"max-snippet:-1","max-image-preview":"max-image-preview:large","max-video-preview":"max-video-preview:-1"},"canonical":"https:\/\/beebipai.ee\/ru\/product\/cadenshae-treeningrinnahoidja\/","og_locale":"ru_RU","og_type":"article","og_title":"Cadenshae sportrinnahoidja raseduse ajaks - Beebipai","og_description":"Cadenshae sportrinnahoidja toetab rinda nii rasedusaegsete treeningute ajal. Vaata toodet Cadenshae sportrinnahoidja raseduse ajaks!","og_url":"https:\/\/beebipai.ee\/ru\/product\/cadenshae-treeningrinnahoidja\/","og_site_name":"Beebipai","article_modified_time":"2026-02-24T21:40:25+00:00","og_image":[{"width":500,"height":634,"url":"https:\/\/beebipai.ee\/wp-content\/uploads\/2022\/06\/Sportrinnahoidja-imetamiseks-munt2-e1674396570579.webp","type":"image\/webp"}],"twitter_card":"summary_large_image","twitter_misc":{"\u041f\u0440\u0438\u043c\u0435\u0440\u043d\u043e\u0435 \u0432\u0440\u0435\u043c\u044f \u0434\u043b\u044f \u0447\u0442\u0435\u043d\u0438\u044f":"2 \u043c\u0438\u043d\u0443\u0442\u044b"},"schema":{"@context":"https:\/\/schema.org","@graph":[{"@type":"WebPage","@id":"https:\/\/beebipai.ee\/product\/cadenshae-treeningrinnahoidja\/","url":"https:\/\/beebipai.ee\/product\/cadenshae-treeningrinnahoidja\/","name":"Cadenshae sportrinnahoidja raseduse ajaks - Beebipai","isPartOf":{"@id":"https:\/\/beebipai.ee\/en\/#website"},"primaryImageOfPage":{"@id":"https:\/\/beebipai.ee\/product\/cadenshae-treeningrinnahoidja\/#primaryimage"},"image":{"@id":"https:\/\/beebipai.ee\/product\/cadenshae-treeningrinnahoidja\/#primaryimage"},"thumbnailUrl":"https:\/\/beebipai.ee\/wp-content\/uploads\/2022\/06\/Sportrinnahoidja-imetamiseks-munt2-e1674396570579.webp","datePublished":"2022-06-14T09:00:58+00:00","dateModified":"2026-02-24T21:40:25+00:00","description":"Cadenshae sportrinnahoidja toetab rinda nii rasedusaegsete treeningute ajal. Vaata toodet Cadenshae sportrinnahoidja raseduse ajaks!","breadcrumb":{"@id":"https:\/\/beebipai.ee\/product\/cadenshae-treeningrinnahoidja\/#breadcrumb"},"inLanguage":"ru-RU","potentialAction":[{"@type":"ReadAction","target":["https:\/\/beebipai.ee\/product\/cadenshae-treeningrinnahoidja\/"]}]},{"@type":"ImageObject","inLanguage":"ru-RU","@id":"https:\/\/beebipai.ee\/product\/cadenshae-treeningrinnahoidja\/#primaryimage","url":"https:\/\/beebipai.ee\/wp-content\/uploads\/2022\/06\/Sportrinnahoidja-imetamiseks-munt2-e1674396570579.webp","contentUrl":"https:\/\/beebipai.ee\/wp-content\/uploads\/2022\/06\/Sportrinnahoidja-imetamiseks-munt2-e1674396570579.webp","width":500,"height":634},{"@type":"BreadcrumbList","@id":"https:\/\/beebipai.ee\/product\/cadenshae-treeningrinnahoidja\/#breadcrumb","itemListElement":[{"@type":"ListItem","position":1,"name":"Home","item":"https:\/\/beebipai.ee\/"},{"@type":"ListItem","position":2,"name":"Pood","item":"https:\/\/beebipai.ee\/store\/"},{"@type":"ListItem","position":3,"name":"Cadenshae sportrinnahoidja raseduse ajaks"}]},{"@type":"WebSite","@id":"https:\/\/beebipai.ee\/en\/#website","url":"https:\/\/beebipai.ee\/en\/","name":"Beebipai","description":"Rasedate ja beebide veebipood","potentialAction":[{"@type":"SearchAction","target":{"@type":"EntryPoint","urlTemplate":"https:\/\/beebipai.ee\/en\/?s={search_term_string}"},"query-input":{"@type":"PropertyValueSpecification","valueRequired":true,"valueName":"search_term_string"}}],"inLanguage":"ru-RU"}]}},"_links":{"self":[{"href":"https:\/\/beebipai.ee\/ru\/wp-json\/wp\/v2\/product\/4430","targetHints":{"allow":["GET"]}}],"collection":[{"href":"https:\/\/beebipai.ee\/ru\/wp-json\/wp\/v2\/product"}],"about":[{"href":"https:\/\/beebipai.ee\/ru\/wp-json\/wp\/v2\/types\/product"}],"version-history":[{"count":5,"href":"https:\/\/beebipai.ee\/ru\/wp-json\/wp\/v2\/product\/4430\/revisions"}],"predecessor-version":[{"id":10718,"href":"https:\/\/beebipai.ee\/ru\/wp-json\/wp\/v2\/product\/4430\/revisions\/10718"}],"wp:featuredmedia":[{"embeddable":true,"href":"https:\/\/beebipai.ee\/ru\/wp-json\/wp\/v2\/media\/7663"}],"wp:attachment":[{"href":"https:\/\/beebipai.ee\/ru\/wp-json\/wp\/v2\/media?parent=4430"}],"wp:term":[{"taxonomy":"product_brand","embeddable":true,"href":"https:\/\/beebipai.ee\/ru\/wp-json\/wp\/v2\/product_brand?post=4430"},{"taxonomy":"product_cat","embeddable":true,"href":"https:\/\/beebipai.ee\/ru\/wp-json\/wp\/v2\/product_cat?post=4430"},{"taxonomy":"product_tag","embeddable":true,"href":"https:\/\/beebipai.ee\/ru\/wp-json\/wp\/v2\/product_tag?post=4430"}],"curies":[{"name":"wp","href":"https:\/\/api.w.org\/{rel}","templated":true}]}}