{"id":4191,"date":"2022-06-08T15:12:08","date_gmt":"2022-06-08T12:12:08","guid":{"rendered":"https:\/\/beebipai.ee\/?post_type=product&#038;p=4191"},"modified":"2022-06-28T23:14:26","modified_gmt":"2022-06-28T20:14:26","slug":"gabriella-rasedate-sukkpuksid-aloe-vera-ekstraktiga-100den","status":"publish","type":"product","link":"https:\/\/beebipai.ee\/ru\/product\/gabriella-rasedate-sukkpuksid-aloe-vera-ekstraktiga-100den\/","title":{"rendered":"\u041a\u043e\u043b\u0433\u043e\u0442\u043a\u0438 \u0434\u043b\u044f \u0431\u0435\u0440\u0435\u043c\u0435\u043d\u043d\u044b\u0445 Gabriella \u0441 \u044d\u043a\u0441\u0442\u0440\u0430\u043a\u0442\u043e\u043c \u0430\u043b\u043e\u044d \u0432\u0435\u0440\u0430, 100\u0434\u0435\u043d"},"content":{"rendered":"<div data-elementor-type=\"wp-post\" data-elementor-id=\"4191\" class=\"elementor elementor-4191\">\n\t\t\t\t\t\t<section class=\"elementor-section elementor-top-section elementor-element elementor-element-c9b58fc elementor-section-boxed elementor-section-height-default elementor-section-height-default\" data-id=\"c9b58fc\" data-element_type=\"section\" data-e-type=\"section\">\n\t\t\t\t\t\t<div class=\"elementor-container elementor-column-gap-default\">\n\t\t\t\t\t<div class=\"elementor-column elementor-col-50 elementor-top-column elementor-element elementor-element-f97ef58\" data-id=\"f97ef58\" data-element_type=\"column\" data-e-type=\"column\">\n\t\t\t<div class=\"elementor-widget-wrap elementor-element-populated\">\n\t\t\t\t\t\t<div class=\"elementor-element elementor-element-a18e6e5 elementor-widget elementor-widget-heading\" data-id=\"a18e6e5\" data-element_type=\"widget\" data-e-type=\"widget\" data-widget_type=\"heading.default\">\n\t\t\t\t<div class=\"elementor-widget-container\">\n\t\t\t\t\t<h2 class=\"elementor-heading-title elementor-size-default\">\u041a\u043e\u043b\u0433\u043e\u0442\u043a\u0438 \u0434\u043b\u044f \u0431\u0435\u0440\u0435\u043c\u0435\u043d\u043d\u044b\u0445 Gabriella \u0441 \u044d\u043a\u0441\u0442\u0440\u0430\u043a\u0442\u043e\u043c \u0430\u043b\u043e\u044d \u0432\u0435\u0440\u0430<\/h2>\t\t\t\t<\/div>\n\t\t\t\t<\/div>\n\t\t\t\t<div class=\"elementor-element elementor-element-183cd7f elementor-widget elementor-widget-text-editor\" data-id=\"183cd7f\" data-element_type=\"widget\" data-e-type=\"widget\" data-widget_type=\"text-editor.default\">\n\t\t\t\t<div class=\"elementor-widget-container\">\n\t\t\t\t\t\t\t\t\t<p>\u041a\u043e\u043b\u0433\u043e\u0442\u043a\u0438 \u0434\u043b\u044f \u0431\u0435\u0440\u0435\u043c\u0435\u043d\u043d\u044b\u0445 \u0413\u0430\u0431\u0440\u0438\u044d\u043b\u043b\u044b \u0441\u0434\u0435\u043b\u0430\u043d\u044b \u0434\u043b\u044f \u0431\u0435\u0440\u0435\u043c\u0435\u043d\u043d\u044b\u0445 \u0441\u043e \u0441\u043f\u0435\u0446\u0438\u0430\u043b\u044c\u043d\u043e\u0439 \u0442\u0440\u0443\u0441\u0438\u043a\u043e\u0432\u043e\u0439 \u0447\u0430\u0441\u0442\u044c\u044e, \u043a\u043e\u0442\u043e\u0440\u0430\u044f \u0430\u0434\u0430\u043f\u0442\u0438\u0440\u0443\u0435\u0442\u0441\u044f \u043a \u0431\u044b\u0441\u0442\u0440\u043e \u043c\u0435\u043d\u044f\u044e\u0449\u0435\u0439\u0441\u044f \u0444\u0438\u0433\u0443\u0440\u0435. \u0414\u043e\u043f\u043e\u043b\u043d\u0438\u0442\u0435\u043b\u044c\u043d\u043e\u0435 \u0443\u0441\u0438\u043b\u0435\u043d\u0438\u0435 \u043d\u0430 \u0441\u043f\u0438\u043d\u0435 \u0438 \u043f\u043e\u044f\u0441, \u043f\u0440\u0435\u0434\u043e\u0442\u0432\u0440\u0430\u0449\u0430\u044e\u0449\u0438\u0439 \u0441\u0434\u0430\u0432\u043b\u0438\u0432\u0430\u043d\u0438\u0435, \u0434\u0435\u043b\u0430\u044e\u0442 \u0435\u0433\u043e \u043e\u0441\u043e\u0431\u0435\u043d\u043d\u043e \u0443\u0434\u043e\u0431\u043d\u044b\u043c \u0434\u043b\u044f \u043d\u043e\u0448\u0435\u043d\u0438\u044f \u0432\u043e \u0432\u0440\u0435\u043c\u044f \u0431\u0435\u0440\u0435\u043c\u0435\u043d\u043d\u043e\u0441\u0442\u0438. \u041a\u043e\u043b\u0433\u043e\u0442\u043a\u0438 \u0438\u0437\u0433\u043e\u0442\u043e\u0432\u043b\u0435\u043d\u044b \u0438\u0437 \u043f\u0440\u044f\u0436\u0438 \u0431\u043e\u043b\u0435\u0435 \u0432\u044b\u0441\u043e\u043a\u043e\u0433\u043e \u043a\u0430\u0447\u0435\u0441\u0442\u0432\u0430, \u0447\u0442\u043e \u0434\u0435\u043b\u0430\u0435\u0442 \u0438\u0445 \u043a\u0440\u0430\u0441\u0438\u0432\u044b\u043c\u0438 \u0438 \u043f\u0440\u043e\u0447\u043d\u044b\u043c\u0438. \u041f\u043b\u043e\u0441\u043a\u0438\u0435 \u0448\u0432\u044b \u043d\u0435 \u043d\u0430\u0442\u0438\u0440\u0430\u044e\u0442 \u0438 \u043d\u0435 \u0431\u043e\u043b\u044f\u0442. \u0411\u0440\u044e\u043a\u0438 \u0438\u043c\u0435\u044e\u0442 \u0445\u043b\u043e\u043f\u0447\u0430\u0442\u043e\u0431\u0443\u043c\u0430\u0436\u043d\u0443\u044e \u0442\u043a\u0430\u043d\u044c \u043c\u0435\u0436\u0434\u0443 \u0448\u0442\u0430\u043d\u0438\u043d\u0430\u043c\u0438 \u0438 \u0443\u0441\u0438\u043b\u0435\u043d\u043d\u044b\u0439 \u043d\u043e\u0441\u043e\u043a. \u042d\u043a\u0441\u0442\u0440\u0430\u043a\u0442 \u0430\u043b\u043e\u044d \u0432\u0435\u0440\u0430 \u0434\u0435\u043b\u0430\u0435\u0442 \u043a\u043e\u043b\u0433\u043e\u0442\u043a\u0438 \u0431\u043e\u043b\u0435\u0435 \u043c\u044f\u0433\u043a\u0438\u043c\u0438 \u0438 \u043a\u043e\u043c\u0444\u043e\u0440\u0442\u043d\u044b\u043c\u0438. \u041f\u0440\u0438\u0432\u043d\u043e\u0441\u0438\u0442 \u0432 \u043e\u0431\u0440\u0430\u0437 \u0441\u0432\u0435\u0436\u0435\u0441\u0442\u044c, \u044d\u043b\u0435\u0433\u0430\u043d\u0442\u043d\u043e\u0441\u0442\u044c \u0438 \u043b\u0435\u0433\u043a\u043e\u0441\u0442\u044c. \u0410\u043b\u043e\u044d \u0412\u0435\u0440\u0430 \u0442\u0430\u043a\u0436\u0435 \u043e\u0431\u043b\u0430\u0434\u0430\u0435\u0442 \u0430\u043d\u0442\u0438\u0431\u0430\u043a\u0442\u0435\u0440\u0438\u0430\u043b\u044c\u043d\u044b\u043c \u044d\u0444\u0444\u0435\u043a\u0442\u043e\u043c. \u0411\u043b\u0430\u0433\u043e\u0434\u0430\u0440\u044f \u0441\u043f\u0435\u0446\u0438\u0430\u043b\u044c\u043d\u043e\u043c\u0443 \u0444\u043e\u0440\u043c\u0430\u0442\u0443 \u0434\u043b\u044f \u0431\u0435\u0440\u0435\u043c\u0435\u043d\u043d\u044b\u0445 \u043a\u043e\u043b\u0433\u043e\u0442\u043a\u0438 \u043d\u0435 \u043f\u0440\u043e\u0432\u0438\u0441\u0430\u044e\u0442 \u0438 \u043d\u0435 \u0441\u043a\u0430\u0442\u044b\u0432\u0430\u044e\u0442\u0441\u044f \u0441 \u0436\u0438\u0432\u043e\u0442\u0430.<\/p><p>\u0427\u0442\u043e\u0431\u044b \u043a\u043e\u043b\u0435\u043d\u0438 \u0434\u043e\u043b\u0433\u043e\u0435 \u0432\u0440\u0435\u043c\u044f \u043e\u0441\u0442\u0430\u0432\u0430\u043b\u0438\u0441\u044c \u0437\u0434\u043e\u0440\u043e\u0432\u044b\u043c\u0438 \u0438 \u043a\u0440\u0430\u0441\u0438\u0432\u044b\u043c\u0438, \u0437\u0430 \u043d\u0438\u043c\u0438 \u0432\u0430\u0436\u043d\u043e \u0443\u0445\u0430\u0436\u0438\u0432\u0430\u0442\u044c. \u0427\u0442\u043e\u0431\u044b \u0441\u043e\u0445\u0440\u0430\u043d\u0438\u0442\u044c \u044f\u0440\u043a\u0438\u0439 \u0446\u0432\u0435\u0442, \u0444\u043e\u0440\u043c\u0443 \u0438 \u0432\u043d\u0435\u0448\u043d\u0438\u0439 \u0432\u0438\u0434, \u0441\u0442\u0438\u0440\u0430\u0439\u0442\u0435 \u043d\u0430\u043a\u043e\u043b\u0435\u043d\u043d\u0438\u043a\u0438:<\/p><ul><li>\u0440\u0443\u0447\u043d\u0430\u044f \u0441\u0442\u0438\u0440\u043a\u0430 \u0441 \u043c\u044f\u0433\u043a\u0438\u043c \u043c\u043e\u044e\u0449\u0438\u043c \u0441\u0440\u0435\u0434\u0441\u0442\u0432\u043e\u043c \u0432 \u0442\u0435\u043f\u043b\u043e\u0439 \u0432\u043e\u0434\u0435 \u0438 \u043f\u043e\u043b\u043e\u0441\u043a\u0430\u043d\u0438\u0435 \u0432 \u0445\u043e\u043b\u043e\u0434\u043d\u043e\u0439 \u0432\u043e\u0434\u0435. \u041a\u043e\u043b\u0433\u043e\u0442\u043a\u0438 \u0440\u0435\u043a\u043e\u043c\u0435\u043d\u0434\u0443\u0435\u0442\u0441\u044f \u043d\u0435 \u0432\u044b\u043a\u0440\u0443\u0447\u0438\u0432\u0430\u0442\u044c.<\/li><li>\u0432 \u0441\u0442\u0438\u0440\u0430\u043b\u044c\u043d\u043e\u0439 \u043c\u0430\u0448\u0438\u043d\u0435 \u043d\u0430 \u0449\u0430\u0434\u044f\u0449\u0435\u0439 \u043f\u0440\u043e\u0433\u0440\u0430\u043c\u043c\u0435 \u0441\u0442\u0438\u0440\u043a\u0438 30 \u0433\u0440\u0430\u0434\u0443\u0441\u043e\u0432. \u0417\u0434\u0435\u0441\u044c \u0431\u0443\u0434\u0435\u0442 \u0432\u0430\u0436\u043d\u043e \u043f\u043e\u043b\u043e\u0436\u0438\u0442\u044c \u043a\u043e\u043b\u0433\u043e\u0442\u043a\u0438 \u0432 \u0441\u043f\u0435\u0446\u0438\u0430\u043b\u044c\u043d\u044b\u0439 \u043c\u0435\u0448\u043e\u043a \u0434\u043b\u044f \u0441\u0442\u0438\u0440\u043a\u0438, \u0447\u0442\u043e\u0431\u044b \u043e\u043d\u0438 \u043d\u0435 \u0440\u0430\u0441\u0442\u044f\u043d\u0443\u043b\u0438\u0441\u044c. \u041f\u0440\u0438 \u043e\u0442\u0441\u0443\u0442\u0441\u0442\u0432\u0438\u0438 \u043c\u0435\u0448\u043a\u0430 \u0434\u043b\u044f \u0431\u0435\u043b\u044c\u044f \u043c\u043e\u0436\u043d\u043e \u0438\u0441\u043f\u043e\u043b\u044c\u0437\u043e\u0432\u0430\u0442\u044c, \u043d\u0430\u043f\u0440\u0438\u043c\u0435\u0440, \u043d\u0430\u0432\u043e\u043b\u043e\u0447\u043a\u0443. \u0422\u0430\u043a\u0436\u0435 \u043f\u0440\u0430\u0432\u0438\u043b\u044c\u043d\u043e \u0434\u043e\u0437\u0438\u0440\u0443\u0439\u0442\u0435 \u043c\u043e\u044e\u0449\u0438\u0435 \u0441\u0440\u0435\u0434\u0441\u0442\u0432\u0430. \u0421\u043b\u0438\u0448\u043a\u043e\u043c \u043c\u043d\u043e\u0433\u043e \u043c\u043e\u044e\u0449\u0435\u0433\u043e \u0441\u0440\u0435\u0434\u0441\u0442\u0432\u0430 \u0438\u043b\u0438 \u043e\u043f\u043e\u043b\u0430\u0441\u043a\u0438\u0432\u0430\u0442\u0435\u043b\u044f \u043c\u043e\u0436\u0435\u0442 \u043e\u0441\u0442\u0430\u0432\u0438\u0442\u044c \u0431\u0435\u043b\u044b\u0435 \u043f\u044f\u0442\u043d\u0430 \u043d\u0430 \u043a\u043e\u043b\u0433\u043e\u0442\u043a\u0430\u0445.<\/li><\/ul>\t\t\t\t\t\t\t\t<\/div>\n\t\t\t\t<\/div>\n\t\t\t\t\t<\/div>\n\t\t<\/div>\n\t\t\t\t<div class=\"elementor-column elementor-col-50 elementor-top-column elementor-element elementor-element-8975397\" data-id=\"8975397\" data-element_type=\"column\" data-e-type=\"column\">\n\t\t\t<div class=\"elementor-widget-wrap elementor-element-populated\">\n\t\t\t\t\t\t<div class=\"elementor-element elementor-element-c9a73b3 elementor-widget elementor-widget-image\" data-id=\"c9a73b3\" data-element_type=\"widget\" data-e-type=\"widget\" data-widget_type=\"image.default\">\n\t\t\t\t<div class=\"elementor-widget-container\">\n\t\t\t\t\t\t\t\t\t\t\t\t\t\t\t<img fetchpriority=\"high\" decoding=\"async\" width=\"683\" height=\"1024\" src=\"https:\/\/beebipai.ee\/wp-content\/uploads\/2022\/06\/Gabriella-Mamma-100den1-683x1024.webp\" class=\"attachment-large size-large wp-image-4206\" alt=\"\" srcset=\"https:\/\/beebipai.ee\/wp-content\/uploads\/2022\/06\/Gabriella-Mamma-100den1-683x1024.webp 683w, https:\/\/beebipai.ee\/wp-content\/uploads\/2022\/06\/Gabriella-Mamma-100den1-e1654690591778-200x300.webp 200w, https:\/\/beebipai.ee\/wp-content\/uploads\/2022\/06\/Gabriella-Mamma-100den1-768x1152.webp 768w, https:\/\/beebipai.ee\/wp-content\/uploads\/2022\/06\/Gabriella-Mamma-100den1-e1654690591778-8x12.webp 8w, https:\/\/beebipai.ee\/wp-content\/uploads\/2022\/06\/Gabriella-Mamma-100den1-600x900.webp 600w, https:\/\/beebipai.ee\/wp-content\/uploads\/2022\/06\/Gabriella-Mamma-100den1-e1654690591778.webp 400w\" sizes=\"(max-width: 683px) 100vw, 683px\" \/>\t\t\t\t\t\t\t\t\t\t\t\t\t\t\t<\/div>\n\t\t\t\t<\/div>\n\t\t\t\t\t<\/div>\n\t\t<\/div>\n\t\t\t\t\t<\/div>\n\t\t<\/section>\n\t\t\t\t<\/div>","protected":false},"excerpt":{"rendered":"<p>\u041a\u043e\u043b\u0433\u043e\u0442\u043a\u0438 \u0434\u043b\u044f \u0431\u0435\u0440\u0435\u043c\u0435\u043d\u043d\u044b\u0445 \u0413\u0430\u0431\u0440\u0438\u044d\u043b\u043b\u044b \u0438\u0434\u0435\u0430\u043b\u044c\u043d\u043e \u0430\u0434\u0430\u043f\u0442\u0438\u0440\u0443\u044e\u0442\u0441\u044f \u043a \u0440\u0430\u0441\u0442\u0443\u0449\u0435\u043c\u0443 \u0436\u0438\u0432\u043e\u0442\u0443. \u041e\u043d\u0438 \u043e\u0431\u0435\u0441\u043f\u0435\u0447\u0438\u0432\u0430\u044e\u0442 \u043a\u043e\u043c\u0444\u043e\u0440\u0442 \u0438 \u043f\u0440\u043e\u0441\u0442\u043e\u0442\u0443 \u043d\u043e\u0448\u0435\u043d\u0438\u044f \u043d\u0430 \u043f\u0440\u043e\u0442\u044f\u0436\u0435\u043d\u0438\u0438 \u0432\u0441\u0435\u0439 \u0431\u0435\u0440\u0435\u043c\u0435\u043d\u043d\u043e\u0441\u0442\u0438. \u041e\u043d\u0438 \u043f\u043e\u0434\u0434\u0435\u0440\u0436\u0438\u0432\u0430\u044e\u0442 \u0436\u0438\u0432\u043e\u0442 \u0438 \u0441\u043f\u0438\u043d\u0443. \u041e\u0431\u043e\u0433\u0430\u0449\u0435\u043d \u044d\u043a\u0441\u0442\u0440\u0430\u043a\u0442\u043e\u043c \u0430\u043b\u043e\u044d \u0432\u0435\u0440\u0430.<\/p>","protected":false},"featured_media":4204,"template":"","meta":{"_monsterinsights_skip_tracking":false,"_monsterinsights_sitenote_active":false,"_monsterinsights_sitenote_note":"","_monsterinsights_sitenote_category":0,"site-sidebar-layout":"no-sidebar","site-content-layout":"page-builder","ast-site-content-layout":"default","site-content-style":"default","site-sidebar-style":"default","ast-global-header-display":"","ast-banner-title-visibility":"","ast-main-header-display":"","ast-hfb-above-header-display":"","ast-hfb-below-header-display":"","ast-hfb-mobile-header-display":"","site-post-title":"disabled","ast-breadcrumbs-content":"","ast-featured-img":"disabled","footer-sml-layout":"","ast-disable-related-posts":"","theme-transparent-header-meta":"default","adv-header-id-meta":"","stick-header-meta":"","header-above-stick-meta":"","header-main-stick-meta":"","header-below-stick-meta":"","astra-migrate-meta-layouts":"default","ast-page-background-enabled":"default","ast-page-background-meta":{"desktop":{"background-color":"","background-image":"","background-repeat":"repeat","background-position":"center center","background-size":"auto","background-attachment":"scroll","background-type":"","background-media":"","overlay-type":"","overlay-color":"","overlay-opacity":"","overlay-gradient":""},"tablet":{"background-color":"","background-image":"","background-repeat":"repeat","background-position":"center center","background-size":"auto","background-attachment":"scroll","background-type":"","background-media":"","overlay-type":"","overlay-color":"","overlay-opacity":"","overlay-gradient":""},"mobile":{"background-color":"","background-image":"","background-repeat":"repeat","background-position":"center center","background-size":"auto","background-attachment":"scroll","background-type":"","background-media":"","overlay-type":"","overlay-color":"","overlay-opacity":"","overlay-gradient":""}},"ast-content-background-meta":{"desktop":{"background-color":"var(--ast-global-color-5)","background-image":"","background-repeat":"repeat","background-position":"center center","background-size":"auto","background-attachment":"scroll","background-type":"","background-media":"","overlay-type":"","overlay-color":"","overlay-opacity":"","overlay-gradient":""},"tablet":{"background-color":"var(--ast-global-color-5)","background-image":"","background-repeat":"repeat","background-position":"center center","background-size":"auto","background-attachment":"scroll","background-type":"","background-media":"","overlay-type":"","overlay-color":"","overlay-opacity":"","overlay-gradient":""},"mobile":{"background-color":"var(--ast-global-color-5)","background-image":"","background-repeat":"repeat","background-position":"center center","background-size":"auto","background-attachment":"scroll","background-type":"","background-media":"","overlay-type":"","overlay-color":"","overlay-opacity":"","overlay-gradient":""}}},"product_brand":[],"product_cat":[22,130],"product_tag":[],"class_list":{"0":"post-4191","1":"product","2":"type-product","3":"status-publish","4":"has-post-thumbnail","6":"product_cat-emale","7":"product_cat-sukkpuksid-polvikud-sokid","8":"desktop-align-left","9":"tablet-align-left","10":"mobile-align-left","12":"first","13":"instock","14":"taxable","15":"shipping-taxable","16":"purchasable","17":"product-type-variable"},"yoast_head":"<!-- This site is optimized with the Yoast SEO plugin v27.4 - https:\/\/yoast.com\/product\/yoast-seo-wordpress\/ -->\n<title>Gabriella rasedate sukkp\u00fcksid Aloe Vera ekstraktiga, 100den - Beebipai<\/title>\n<meta name=\"description\" content=\"Gabriella rasedate sukkp\u00fcksid kohanevad kasvava k\u00f5huga. Toetavad k\u00f5htu ja selga. Vaata toodet Gabriella rasedate sukkp\u00fcksid Aloe Veraga!\" \/>\n<meta name=\"robots\" content=\"index, follow, max-snippet:-1, max-image-preview:large, max-video-preview:-1\" \/>\n<link rel=\"canonical\" href=\"https:\/\/beebipai.ee\/ru\/product\/gabriella-rasedate-sukkpuksid-aloe-vera-ekstraktiga-100den\/\" \/>\n<meta property=\"og:locale\" content=\"ru_RU\" \/>\n<meta property=\"og:type\" content=\"article\" \/>\n<meta property=\"og:title\" content=\"Gabriella rasedate sukkp\u00fcksid Aloe Vera ekstraktiga, 100den - Beebipai\" \/>\n<meta property=\"og:description\" content=\"Gabriella rasedate sukkp\u00fcksid kohanevad kasvava k\u00f5huga. Toetavad k\u00f5htu ja selga. Vaata toodet Gabriella rasedate sukkp\u00fcksid Aloe Veraga!\" \/>\n<meta property=\"og:url\" content=\"https:\/\/beebipai.ee\/ru\/product\/gabriella-rasedate-sukkpuksid-aloe-vera-ekstraktiga-100den\/\" \/>\n<meta property=\"og:site_name\" content=\"Beebipai\" \/>\n<meta property=\"article:modified_time\" content=\"2022-06-28T20:14:26+00:00\" \/>\n<meta property=\"og:image\" content=\"https:\/\/beebipai.ee\/wp-content\/uploads\/2022\/06\/Gabriella-Mamma-100den.jpg\" \/>\n\t<meta property=\"og:image:width\" content=\"902\" \/>\n\t<meta property=\"og:image:height\" content=\"1200\" \/>\n\t<meta property=\"og:image:type\" content=\"image\/jpeg\" \/>\n<meta name=\"twitter:card\" content=\"summary_large_image\" \/>\n<meta name=\"twitter:label1\" content=\"\u041f\u0440\u0438\u043c\u0435\u0440\u043d\u043e\u0435 \u0432\u0440\u0435\u043c\u044f \u0434\u043b\u044f \u0447\u0442\u0435\u043d\u0438\u044f\" \/>\n\t<meta name=\"twitter:data1\" content=\"2 \u043c\u0438\u043d\u0443\u0442\u044b\" \/>\n<script type=\"application\/ld+json\" class=\"yoast-schema-graph\">{\"@context\":\"https:\\\/\\\/schema.org\",\"@graph\":[{\"@type\":\"WebPage\",\"@id\":\"https:\\\/\\\/beebipai.ee\\\/lv\\\/product\\\/gabriella-rasedate-sukkpuksid-aloe-vera-ekstraktiga-100den\\\/\",\"url\":\"https:\\\/\\\/beebipai.ee\\\/lv\\\/product\\\/gabriella-rasedate-sukkpuksid-aloe-vera-ekstraktiga-100den\\\/\",\"name\":\"Gabriella rasedate sukkp\u00fcksid Aloe Vera ekstraktiga, 100den - Beebipai\",\"isPartOf\":{\"@id\":\"https:\\\/\\\/beebipai.ee\\\/en\\\/#website\"},\"primaryImageOfPage\":{\"@id\":\"https:\\\/\\\/beebipai.ee\\\/lv\\\/product\\\/gabriella-rasedate-sukkpuksid-aloe-vera-ekstraktiga-100den\\\/#primaryimage\"},\"image\":{\"@id\":\"https:\\\/\\\/beebipai.ee\\\/lv\\\/product\\\/gabriella-rasedate-sukkpuksid-aloe-vera-ekstraktiga-100den\\\/#primaryimage\"},\"thumbnailUrl\":\"https:\\\/\\\/beebipai.ee\\\/wp-content\\\/uploads\\\/2022\\\/06\\\/Gabriella-Mamma-100den.jpg\",\"datePublished\":\"2022-06-08T12:12:08+00:00\",\"dateModified\":\"2022-06-28T20:14:26+00:00\",\"description\":\"Gabriella rasedate sukkp\u00fcksid kohanevad kasvava k\u00f5huga. Toetavad k\u00f5htu ja selga. Vaata toodet Gabriella rasedate sukkp\u00fcksid Aloe Veraga!\",\"breadcrumb\":{\"@id\":\"https:\\\/\\\/beebipai.ee\\\/lv\\\/product\\\/gabriella-rasedate-sukkpuksid-aloe-vera-ekstraktiga-100den\\\/#breadcrumb\"},\"inLanguage\":\"ru-RU\",\"potentialAction\":[{\"@type\":\"ReadAction\",\"target\":[\"https:\\\/\\\/beebipai.ee\\\/lv\\\/product\\\/gabriella-rasedate-sukkpuksid-aloe-vera-ekstraktiga-100den\\\/\"]}]},{\"@type\":\"ImageObject\",\"inLanguage\":\"ru-RU\",\"@id\":\"https:\\\/\\\/beebipai.ee\\\/lv\\\/product\\\/gabriella-rasedate-sukkpuksid-aloe-vera-ekstraktiga-100den\\\/#primaryimage\",\"url\":\"https:\\\/\\\/beebipai.ee\\\/wp-content\\\/uploads\\\/2022\\\/06\\\/Gabriella-Mamma-100den.jpg\",\"contentUrl\":\"https:\\\/\\\/beebipai.ee\\\/wp-content\\\/uploads\\\/2022\\\/06\\\/Gabriella-Mamma-100den.jpg\",\"width\":902,\"height\":1200},{\"@type\":\"BreadcrumbList\",\"@id\":\"https:\\\/\\\/beebipai.ee\\\/lv\\\/product\\\/gabriella-rasedate-sukkpuksid-aloe-vera-ekstraktiga-100den\\\/#breadcrumb\",\"itemListElement\":[{\"@type\":\"ListItem\",\"position\":1,\"name\":\"Home\",\"item\":\"https:\\\/\\\/beebipai.ee\\\/\"},{\"@type\":\"ListItem\",\"position\":2,\"name\":\"Pood\",\"item\":\"https:\\\/\\\/beebipai.ee\\\/store\\\/\"},{\"@type\":\"ListItem\",\"position\":3,\"name\":\"Gabriella rasedate sukkp\u00fcksid Aloe Vera ekstraktiga, 100den\"}]},{\"@type\":\"WebSite\",\"@id\":\"https:\\\/\\\/beebipai.ee\\\/en\\\/#website\",\"url\":\"https:\\\/\\\/beebipai.ee\\\/en\\\/\",\"name\":\"Beebipai\",\"description\":\"Rasedate ja beebide veebipood\",\"potentialAction\":[{\"@type\":\"SearchAction\",\"target\":{\"@type\":\"EntryPoint\",\"urlTemplate\":\"https:\\\/\\\/beebipai.ee\\\/en\\\/?s={search_term_string}\"},\"query-input\":{\"@type\":\"PropertyValueSpecification\",\"valueRequired\":true,\"valueName\":\"search_term_string\"}}],\"inLanguage\":\"ru-RU\"}]}<\/script>\n<!-- \/ Yoast SEO plugin. -->","yoast_head_json":{"title":"Gabriella rasedate sukkp\u00fcksid Aloe Vera ekstraktiga, 100den - Beebipai","description":"Gabriella rasedate sukkp\u00fcksid kohanevad kasvava k\u00f5huga. Toetavad k\u00f5htu ja selga. Vaata toodet Gabriella rasedate sukkp\u00fcksid Aloe Veraga!","robots":{"index":"index","follow":"follow","max-snippet":"max-snippet:-1","max-image-preview":"max-image-preview:large","max-video-preview":"max-video-preview:-1"},"canonical":"https:\/\/beebipai.ee\/ru\/product\/gabriella-rasedate-sukkpuksid-aloe-vera-ekstraktiga-100den\/","og_locale":"ru_RU","og_type":"article","og_title":"Gabriella rasedate sukkp\u00fcksid Aloe Vera ekstraktiga, 100den - Beebipai","og_description":"Gabriella rasedate sukkp\u00fcksid kohanevad kasvava k\u00f5huga. Toetavad k\u00f5htu ja selga. Vaata toodet Gabriella rasedate sukkp\u00fcksid Aloe Veraga!","og_url":"https:\/\/beebipai.ee\/ru\/product\/gabriella-rasedate-sukkpuksid-aloe-vera-ekstraktiga-100den\/","og_site_name":"Beebipai","article_modified_time":"2022-06-28T20:14:26+00:00","og_image":[{"width":902,"height":1200,"url":"https:\/\/beebipai.ee\/wp-content\/uploads\/2022\/06\/Gabriella-Mamma-100den.jpg","type":"image\/jpeg"}],"twitter_card":"summary_large_image","twitter_misc":{"\u041f\u0440\u0438\u043c\u0435\u0440\u043d\u043e\u0435 \u0432\u0440\u0435\u043c\u044f \u0434\u043b\u044f \u0447\u0442\u0435\u043d\u0438\u044f":"2 \u043c\u0438\u043d\u0443\u0442\u044b"},"schema":{"@context":"https:\/\/schema.org","@graph":[{"@type":"WebPage","@id":"https:\/\/beebipai.ee\/lv\/product\/gabriella-rasedate-sukkpuksid-aloe-vera-ekstraktiga-100den\/","url":"https:\/\/beebipai.ee\/lv\/product\/gabriella-rasedate-sukkpuksid-aloe-vera-ekstraktiga-100den\/","name":"Gabriella rasedate sukkp\u00fcksid Aloe Vera ekstraktiga, 100den - Beebipai","isPartOf":{"@id":"https:\/\/beebipai.ee\/en\/#website"},"primaryImageOfPage":{"@id":"https:\/\/beebipai.ee\/lv\/product\/gabriella-rasedate-sukkpuksid-aloe-vera-ekstraktiga-100den\/#primaryimage"},"image":{"@id":"https:\/\/beebipai.ee\/lv\/product\/gabriella-rasedate-sukkpuksid-aloe-vera-ekstraktiga-100den\/#primaryimage"},"thumbnailUrl":"https:\/\/beebipai.ee\/wp-content\/uploads\/2022\/06\/Gabriella-Mamma-100den.jpg","datePublished":"2022-06-08T12:12:08+00:00","dateModified":"2022-06-28T20:14:26+00:00","description":"Gabriella rasedate sukkp\u00fcksid kohanevad kasvava k\u00f5huga. Toetavad k\u00f5htu ja selga. Vaata toodet Gabriella rasedate sukkp\u00fcksid Aloe Veraga!","breadcrumb":{"@id":"https:\/\/beebipai.ee\/lv\/product\/gabriella-rasedate-sukkpuksid-aloe-vera-ekstraktiga-100den\/#breadcrumb"},"inLanguage":"ru-RU","potentialAction":[{"@type":"ReadAction","target":["https:\/\/beebipai.ee\/lv\/product\/gabriella-rasedate-sukkpuksid-aloe-vera-ekstraktiga-100den\/"]}]},{"@type":"ImageObject","inLanguage":"ru-RU","@id":"https:\/\/beebipai.ee\/lv\/product\/gabriella-rasedate-sukkpuksid-aloe-vera-ekstraktiga-100den\/#primaryimage","url":"https:\/\/beebipai.ee\/wp-content\/uploads\/2022\/06\/Gabriella-Mamma-100den.jpg","contentUrl":"https:\/\/beebipai.ee\/wp-content\/uploads\/2022\/06\/Gabriella-Mamma-100den.jpg","width":902,"height":1200},{"@type":"BreadcrumbList","@id":"https:\/\/beebipai.ee\/lv\/product\/gabriella-rasedate-sukkpuksid-aloe-vera-ekstraktiga-100den\/#breadcrumb","itemListElement":[{"@type":"ListItem","position":1,"name":"Home","item":"https:\/\/beebipai.ee\/"},{"@type":"ListItem","position":2,"name":"Pood","item":"https:\/\/beebipai.ee\/store\/"},{"@type":"ListItem","position":3,"name":"Gabriella rasedate sukkp\u00fcksid Aloe Vera ekstraktiga, 100den"}]},{"@type":"WebSite","@id":"https:\/\/beebipai.ee\/en\/#website","url":"https:\/\/beebipai.ee\/en\/","name":"Beebipai","description":"Rasedate ja beebide veebipood","potentialAction":[{"@type":"SearchAction","target":{"@type":"EntryPoint","urlTemplate":"https:\/\/beebipai.ee\/en\/?s={search_term_string}"},"query-input":{"@type":"PropertyValueSpecification","valueRequired":true,"valueName":"search_term_string"}}],"inLanguage":"ru-RU"}]}},"_links":{"self":[{"href":"https:\/\/beebipai.ee\/ru\/wp-json\/wp\/v2\/product\/4191","targetHints":{"allow":["GET"]}}],"collection":[{"href":"https:\/\/beebipai.ee\/ru\/wp-json\/wp\/v2\/product"}],"about":[{"href":"https:\/\/beebipai.ee\/ru\/wp-json\/wp\/v2\/types\/product"}],"version-history":[{"count":5,"href":"https:\/\/beebipai.ee\/ru\/wp-json\/wp\/v2\/product\/4191\/revisions"}],"predecessor-version":[{"id":5044,"href":"https:\/\/beebipai.ee\/ru\/wp-json\/wp\/v2\/product\/4191\/revisions\/5044"}],"wp:featuredmedia":[{"embeddable":true,"href":"https:\/\/beebipai.ee\/ru\/wp-json\/wp\/v2\/media\/4204"}],"wp:attachment":[{"href":"https:\/\/beebipai.ee\/ru\/wp-json\/wp\/v2\/media?parent=4191"}],"wp:term":[{"taxonomy":"product_brand","embeddable":true,"href":"https:\/\/beebipai.ee\/ru\/wp-json\/wp\/v2\/product_brand?post=4191"},{"taxonomy":"product_cat","embeddable":true,"href":"https:\/\/beebipai.ee\/ru\/wp-json\/wp\/v2\/product_cat?post=4191"},{"taxonomy":"product_tag","embeddable":true,"href":"https:\/\/beebipai.ee\/ru\/wp-json\/wp\/v2\/product_tag?post=4191"}],"curies":[{"name":"wp","href":"https:\/\/api.w.org\/{rel}","templated":true}]}}