{"id":13604,"date":"2026-04-19T17:45:38","date_gmt":"2026-04-19T14:45:38","guid":{"rendered":"https:\/\/beebipai.ee\/?post_type=product&#038;p=13604"},"modified":"2026-04-21T11:32:15","modified_gmt":"2026-04-21T08:32:15","slug":"mamra-sunnitusjargsed-taastavad-retuusid","status":"publish","type":"product","link":"https:\/\/beebipai.ee\/ru\/product\/mamra-sunnitusjargsed-taastavad-retuusid\/","title":{"rendered":"Mamra s\u00fcnnitusj\u00e4rgsed taastavad retuusid"},"content":{"rendered":"<div data-elementor-type=\"wp-post\" data-elementor-id=\"13604\" class=\"elementor elementor-13604\">\n\t\t\t\t\t\t<section class=\"elementor-section elementor-top-section elementor-element elementor-element-ba10281 elementor-section-boxed elementor-section-height-default elementor-section-height-default\" data-id=\"ba10281\" data-element_type=\"section\" data-e-type=\"section\">\n\t\t\t\t\t\t<div class=\"elementor-container elementor-column-gap-default\">\n\t\t\t\t\t<div class=\"elementor-column elementor-col-50 elementor-top-column elementor-element elementor-element-16fce40\" data-id=\"16fce40\" data-element_type=\"column\" data-e-type=\"column\">\n\t\t\t<div class=\"elementor-widget-wrap elementor-element-populated\">\n\t\t\t\t\t\t<div class=\"elementor-element elementor-element-55db78b elementor-widget elementor-widget-heading\" data-id=\"55db78b\" data-element_type=\"widget\" data-e-type=\"widget\" data-widget_type=\"heading.default\">\n\t\t\t\t<div class=\"elementor-widget-container\">\n\t\t\t\t\t<h2 class=\"elementor-heading-title elementor-size-default\">Mamra s\u00fcnnitusj\u00e4rgsed retuusid<\/h2>\t\t\t\t<\/div>\n\t\t\t\t<\/div>\n\t\t\t\t<div class=\"elementor-element elementor-element-6ecbdf0 elementor-widget elementor-widget-text-editor\" data-id=\"6ecbdf0\" data-element_type=\"widget\" data-e-type=\"widget\" data-widget_type=\"text-editor.default\">\n\t\t\t\t<div class=\"elementor-widget-container\">\n\t\t\t\t\t\t\t\t\t<p>Mamra s\u00fcnnitusj\u00e4rgsed retuusid on optimeeritud spetsiaalselt s\u00fcnnitusj\u00e4rgseks perioodiks. Retuuside k\u00f5huosa on kompressiooni omadustega, mis toetab s\u00fcnnitusj\u00e4rgset lihaskonda ja aitab taanduda k\u00f5hulihaste diastaasil. Kompresseeriv osa ulatub vaagnast roidekaareni ehk katab terve k\u00f5hu. Kompresseeriv osa on 360 kraadi, toetades nii tervet k\u00f5htu, selga kui ka k\u00fclgi.\u00a0 Raseduse ja s\u00fcnnituse j\u00e4rgselt on k\u00f5hulihased, seljalihased ja vaagnalihased teinud l\u00e4bi v\u00e4ga suure muutuse ning vajavad tihti esialgu natuke tuge, et saavutada raseduseelne lihastoonus. S\u00fcnnitusj\u00e4rgsed retuusid pakuvad just vajalikku toetust ja abi s\u00fcnnitusj\u00e4rgsel taastumisel.\u00a0<\/p><p>Retuuside materjal on kerge, sobitub ideaalselt iga figuuriga. Kangas on h\u00e4sti hingav ega aja higistama. Retuuside \u00fclemises servas on peenikesed tugevdusribad, mis hoiavad retuusid paigal terve p\u00e4eva. Retuusid muudavad figuuri visuaalselt voolujoonelisemaks, pakuvad positiivset minapilti ning lisavad enesekindlust.\u00a0<\/p><p>\u041b\u0435\u0433\u0433\u0438\u043d\u0441\u044b \u043f\u043e\u0434\u0445\u043e\u0434\u044f\u0442 \u0434\u043b\u044f \u043f\u043e\u0432\u0441\u0435\u0434\u043d\u0435\u0432\u043d\u043e\u0433\u043e \u0438\u0441\u043f\u043e\u043b\u044c\u0437\u043e\u0432\u0430\u043d\u0438\u044f, \u043d\u0435 \u043c\u0435\u0448\u0430\u044e\u0442 \u043f\u0440\u0438 \u043f\u0440\u0438\u043d\u044f\u0442\u0438\u0438 \u0440\u0430\u0437\u043d\u044b\u0445 \u043f\u043e\u0437 \u0438\u043b\u0438 \u043f\u0440\u0438 \u0438\u0441\u043f\u043e\u043b\u044c\u0437\u043e\u0432\u0430\u043d\u0438\u0438 \u0442\u0438\u0442\u044c\u043a\u0438. \u0422\u0430 \u0447\u0430\u0441\u0442\u044c, \u043a\u043e\u0442\u043e\u0440\u0430\u044f \u043f\u043e\u0434\u0434\u0435\u0440\u0436\u0438\u0432\u0430\u0435\u0442 \u0436\u0438\u0432\u043e\u0442, \u043d\u0438\u0447\u0435\u043c \u043d\u0435 \u0432\u044b\u0434\u0435\u043b\u044f\u0435\u0442\u0441\u044f \u043d\u0430 \u0444\u043e\u043d\u0435 \u043e\u0441\u0442\u0430\u043b\u044c\u043d\u043e\u0439 \u043e\u0434\u0435\u0436\u0434\u044b.\u00a0<\/p><p>Suuruse valikul vali number suurem suurus.<\/p>\t\t\t\t\t\t\t\t<\/div>\n\t\t\t\t<\/div>\n\t\t\t\t\t<\/div>\n\t\t<\/div>\n\t\t\t\t<div class=\"elementor-column elementor-col-50 elementor-top-column elementor-element elementor-element-e304a28\" data-id=\"e304a28\" data-element_type=\"column\" data-e-type=\"column\">\n\t\t\t<div class=\"elementor-widget-wrap elementor-element-populated\">\n\t\t\t\t\t\t<div class=\"elementor-element elementor-element-a382f43 elementor-widget elementor-widget-image\" data-id=\"a382f43\" data-element_type=\"widget\" data-e-type=\"widget\" data-widget_type=\"image.default\">\n\t\t\t\t<div class=\"elementor-widget-container\">\n\t\t\t\t\t\t\t\t\t\t\t\t\t\t\t<img fetchpriority=\"high\" decoding=\"async\" width=\"1016\" height=\"1024\" src=\"https:\/\/beebipai.ee\/wp-content\/uploads\/2026\/04\/Untitled-design-1016x1024.png\" class=\"attachment-large size-large wp-image-13626\" alt=\"\" srcset=\"https:\/\/beebipai.ee\/wp-content\/uploads\/2026\/04\/Untitled-design-1016x1024.png 1016w, https:\/\/beebipai.ee\/wp-content\/uploads\/2026\/04\/Untitled-design-298x300.png 298w, https:\/\/beebipai.ee\/wp-content\/uploads\/2026\/04\/Untitled-design-150x150.png 150w, https:\/\/beebipai.ee\/wp-content\/uploads\/2026\/04\/Untitled-design-768x774.png 768w, https:\/\/beebipai.ee\/wp-content\/uploads\/2026\/04\/Untitled-design-12x12.png 12w, https:\/\/beebipai.ee\/wp-content\/uploads\/2026\/04\/Untitled-design-600x605.png 600w, https:\/\/beebipai.ee\/wp-content\/uploads\/2026\/04\/Untitled-design-100x100.png 100w, https:\/\/beebipai.ee\/wp-content\/uploads\/2026\/04\/Untitled-design-e1776759802891.png 500w\" sizes=\"(max-width: 1016px) 100vw, 1016px\" \/>\t\t\t\t\t\t\t\t\t\t\t\t\t\t\t<\/div>\n\t\t\t\t<\/div>\n\t\t\t\t\t<\/div>\n\t\t<\/div>\n\t\t\t\t\t<\/div>\n\t\t<\/section>\n\t\t\t\t<\/div>","protected":false},"excerpt":{"rendered":"<p>Mamra retuusid s\u00fcnnitusj\u00e4rgseks perioodiks toetavad s\u00fcnnitusj\u00e4rgseid k\u00f5hu- ja seljalihaseid. Retuusid on kompresseerivad, mis aitab kaasa raseduseelse figuuri taastumisele, sealhulgas toetab k\u00f5hulihaste diastaasi taandumist.<\/p>","protected":false},"featured_media":13607,"template":"","meta":{"_monsterinsights_skip_tracking":false,"_monsterinsights_sitenote_active":false,"_monsterinsights_sitenote_note":"","_monsterinsights_sitenote_category":0,"site-sidebar-layout":"no-sidebar","site-content-layout":"page-builder","ast-site-content-layout":"full-width-container","site-content-style":"default","site-sidebar-style":"default","ast-global-header-display":"","ast-banner-title-visibility":"","ast-main-header-display":"","ast-hfb-above-header-display":"","ast-hfb-below-header-display":"","ast-hfb-mobile-header-display":"","site-post-title":"","ast-breadcrumbs-content":"","ast-featured-img":"disabled","footer-sml-layout":"","ast-disable-related-posts":"","theme-transparent-header-meta":"default","adv-header-id-meta":"","stick-header-meta":"","header-above-stick-meta":"","header-main-stick-meta":"","header-below-stick-meta":"","astra-migrate-meta-layouts":"set","ast-page-background-enabled":"default","ast-page-background-meta":{"desktop":{"background-color":"","background-image":"","background-repeat":"repeat","background-position":"center center","background-size":"auto","background-attachment":"scroll","background-type":"","background-media":"","overlay-type":"","overlay-color":"","overlay-opacity":"","overlay-gradient":""},"tablet":{"background-color":"","background-image":"","background-repeat":"repeat","background-position":"center center","background-size":"auto","background-attachment":"scroll","background-type":"","background-media":"","overlay-type":"","overlay-color":"","overlay-opacity":"","overlay-gradient":""},"mobile":{"background-color":"","background-image":"","background-repeat":"repeat","background-position":"center center","background-size":"auto","background-attachment":"scroll","background-type":"","background-media":"","overlay-type":"","overlay-color":"","overlay-opacity":"","overlay-gradient":""}},"ast-content-background-meta":{"desktop":{"background-color":"var(--ast-global-color-5)","background-image":"","background-repeat":"repeat","background-position":"center center","background-size":"auto","background-attachment":"scroll","background-type":"","background-media":"","overlay-type":"","overlay-color":"","overlay-opacity":"","overlay-gradient":""},"tablet":{"background-color":"var(--ast-global-color-5)","background-image":"","background-repeat":"repeat","background-position":"center center","background-size":"auto","background-attachment":"scroll","background-type":"","background-media":"","overlay-type":"","overlay-color":"","overlay-opacity":"","overlay-gradient":""},"mobile":{"background-color":"var(--ast-global-color-5)","background-image":"","background-repeat":"repeat","background-position":"center center","background-size":"auto","background-attachment":"scroll","background-type":"","background-media":"","overlay-type":"","overlay-color":"","overlay-opacity":"","overlay-gradient":""}}},"product_brand":[],"product_cat":[133],"product_tag":[],"class_list":{"0":"post-13604","1":"product","2":"type-product","3":"status-publish","4":"has-post-thumbnail","6":"product_cat-riided-rasedatele-ja-rinnaga-toitvatele-emadele","7":"desktop-align-left","8":"tablet-align-left","9":"mobile-align-left","11":"first","12":"instock","13":"taxable","14":"shipping-taxable","15":"purchasable","16":"product-type-variable"},"yoast_head":"<!-- This site is optimized with the Yoast SEO plugin v27.5 - https:\/\/yoast.com\/product\/yoast-seo-wordpress\/ -->\n<title>Mamra s\u00fcnnitusj\u00e4rgsed taastavad retuusid - Beebipai<\/title>\n<meta name=\"description\" content=\"Mamra s\u00fcnnitusj\u00e4rgsed retuusid toetavad s\u00fcnnitusj\u00e4rgset perioodi ja aitavad taastada raseduseelset figuuri. Vaata toodet Mamra s\u00fcnnitusj\u00e4rgsed retuusid!\" \/>\n<meta name=\"robots\" content=\"index, follow, max-snippet:-1, max-image-preview:large, max-video-preview:-1\" \/>\n<link rel=\"canonical\" href=\"https:\/\/beebipai.ee\/ru\/product\/mamra-sunnitusjargsed-taastavad-retuusid\/\" \/>\n<meta property=\"og:locale\" content=\"ru_RU\" \/>\n<meta property=\"og:type\" content=\"article\" \/>\n<meta property=\"og:title\" content=\"Mamra s\u00fcnnitusj\u00e4rgsed taastavad retuusid - Beebipai\" \/>\n<meta property=\"og:description\" content=\"Mamra s\u00fcnnitusj\u00e4rgsed retuusid toetavad s\u00fcnnitusj\u00e4rgset perioodi ja aitavad taastada raseduseelset figuuri. Vaata toodet Mamra s\u00fcnnitusj\u00e4rgsed retuusid!\" \/>\n<meta property=\"og:url\" content=\"https:\/\/beebipai.ee\/ru\/product\/mamra-sunnitusjargsed-taastavad-retuusid\/\" \/>\n<meta property=\"og:site_name\" content=\"Beebipai\" \/>\n<meta property=\"article:modified_time\" content=\"2026-04-21T08:32:15+00:00\" \/>\n<meta property=\"og:image\" content=\"https:\/\/beebipai.ee\/wp-content\/uploads\/2026\/04\/IMG_1147-e1776668382318.png\" \/>\n\t<meta property=\"og:image:width\" content=\"500\" \/>\n\t<meta property=\"og:image:height\" content=\"667\" \/>\n\t<meta property=\"og:image:type\" content=\"image\/png\" \/>\n<meta name=\"twitter:card\" content=\"summary_large_image\" \/>\n<meta name=\"twitter:label1\" content=\"\u041f\u0440\u0438\u043c\u0435\u0440\u043d\u043e\u0435 \u0432\u0440\u0435\u043c\u044f \u0434\u043b\u044f \u0447\u0442\u0435\u043d\u0438\u044f\" \/>\n\t<meta name=\"twitter:data1\" content=\"1 \u043c\u0438\u043d\u0443\u0442\u0430\" \/>\n<script type=\"application\/ld+json\" class=\"yoast-schema-graph\">{\"@context\":\"https:\\\/\\\/schema.org\",\"@graph\":[{\"@type\":\"WebPage\",\"@id\":\"https:\\\/\\\/beebipai.ee\\\/product\\\/mamra-sunnitusjargsed-taastavad-retuusid\\\/\",\"url\":\"https:\\\/\\\/beebipai.ee\\\/product\\\/mamra-sunnitusjargsed-taastavad-retuusid\\\/\",\"name\":\"Mamra s\u00fcnnitusj\u00e4rgsed taastavad retuusid - Beebipai\",\"isPartOf\":{\"@id\":\"https:\\\/\\\/beebipai.ee\\\/en\\\/#website\"},\"primaryImageOfPage\":{\"@id\":\"https:\\\/\\\/beebipai.ee\\\/product\\\/mamra-sunnitusjargsed-taastavad-retuusid\\\/#primaryimage\"},\"image\":{\"@id\":\"https:\\\/\\\/beebipai.ee\\\/product\\\/mamra-sunnitusjargsed-taastavad-retuusid\\\/#primaryimage\"},\"thumbnailUrl\":\"https:\\\/\\\/beebipai.ee\\\/wp-content\\\/uploads\\\/2026\\\/04\\\/IMG_1147-e1776668382318.png\",\"datePublished\":\"2026-04-19T14:45:38+00:00\",\"dateModified\":\"2026-04-21T08:32:15+00:00\",\"description\":\"Mamra s\u00fcnnitusj\u00e4rgsed retuusid toetavad s\u00fcnnitusj\u00e4rgset perioodi ja aitavad taastada raseduseelset figuuri. Vaata toodet Mamra s\u00fcnnitusj\u00e4rgsed retuusid!\",\"breadcrumb\":{\"@id\":\"https:\\\/\\\/beebipai.ee\\\/product\\\/mamra-sunnitusjargsed-taastavad-retuusid\\\/#breadcrumb\"},\"inLanguage\":\"ru-RU\",\"potentialAction\":[{\"@type\":\"ReadAction\",\"target\":[\"https:\\\/\\\/beebipai.ee\\\/product\\\/mamra-sunnitusjargsed-taastavad-retuusid\\\/\"]}]},{\"@type\":\"ImageObject\",\"inLanguage\":\"ru-RU\",\"@id\":\"https:\\\/\\\/beebipai.ee\\\/product\\\/mamra-sunnitusjargsed-taastavad-retuusid\\\/#primaryimage\",\"url\":\"https:\\\/\\\/beebipai.ee\\\/wp-content\\\/uploads\\\/2026\\\/04\\\/IMG_1147-e1776668382318.png\",\"contentUrl\":\"https:\\\/\\\/beebipai.ee\\\/wp-content\\\/uploads\\\/2026\\\/04\\\/IMG_1147-e1776668382318.png\",\"width\":500,\"height\":667},{\"@type\":\"BreadcrumbList\",\"@id\":\"https:\\\/\\\/beebipai.ee\\\/product\\\/mamra-sunnitusjargsed-taastavad-retuusid\\\/#breadcrumb\",\"itemListElement\":[{\"@type\":\"ListItem\",\"position\":1,\"name\":\"Home\",\"item\":\"https:\\\/\\\/beebipai.ee\\\/\"},{\"@type\":\"ListItem\",\"position\":2,\"name\":\"Pood\",\"item\":\"https:\\\/\\\/beebipai.ee\\\/store\\\/\"},{\"@type\":\"ListItem\",\"position\":3,\"name\":\"Mamra s\u00fcnnitusj\u00e4rgsed taastavad retuusid\"}]},{\"@type\":\"WebSite\",\"@id\":\"https:\\\/\\\/beebipai.ee\\\/en\\\/#website\",\"url\":\"https:\\\/\\\/beebipai.ee\\\/en\\\/\",\"name\":\"Beebipai\",\"description\":\"Rasedate ja beebide veebipood\",\"potentialAction\":[{\"@type\":\"SearchAction\",\"target\":{\"@type\":\"EntryPoint\",\"urlTemplate\":\"https:\\\/\\\/beebipai.ee\\\/en\\\/?s={search_term_string}\"},\"query-input\":{\"@type\":\"PropertyValueSpecification\",\"valueRequired\":true,\"valueName\":\"search_term_string\"}}],\"inLanguage\":\"ru-RU\"}]}<\/script>\n<!-- \/ Yoast SEO plugin. -->","yoast_head_json":{"title":"Mamra s\u00fcnnitusj\u00e4rgsed taastavad retuusid - Beebipai","description":"Mamra s\u00fcnnitusj\u00e4rgsed retuusid toetavad s\u00fcnnitusj\u00e4rgset perioodi ja aitavad taastada raseduseelset figuuri. Vaata toodet Mamra s\u00fcnnitusj\u00e4rgsed retuusid!","robots":{"index":"index","follow":"follow","max-snippet":"max-snippet:-1","max-image-preview":"max-image-preview:large","max-video-preview":"max-video-preview:-1"},"canonical":"https:\/\/beebipai.ee\/ru\/product\/mamra-sunnitusjargsed-taastavad-retuusid\/","og_locale":"ru_RU","og_type":"article","og_title":"Mamra s\u00fcnnitusj\u00e4rgsed taastavad retuusid - Beebipai","og_description":"Mamra s\u00fcnnitusj\u00e4rgsed retuusid toetavad s\u00fcnnitusj\u00e4rgset perioodi ja aitavad taastada raseduseelset figuuri. Vaata toodet Mamra s\u00fcnnitusj\u00e4rgsed retuusid!","og_url":"https:\/\/beebipai.ee\/ru\/product\/mamra-sunnitusjargsed-taastavad-retuusid\/","og_site_name":"Beebipai","article_modified_time":"2026-04-21T08:32:15+00:00","og_image":[{"width":500,"height":667,"url":"https:\/\/beebipai.ee\/wp-content\/uploads\/2026\/04\/IMG_1147-e1776668382318.png","type":"image\/png"}],"twitter_card":"summary_large_image","twitter_misc":{"\u041f\u0440\u0438\u043c\u0435\u0440\u043d\u043e\u0435 \u0432\u0440\u0435\u043c\u044f \u0434\u043b\u044f \u0447\u0442\u0435\u043d\u0438\u044f":"1 \u043c\u0438\u043d\u0443\u0442\u0430"},"schema":{"@context":"https:\/\/schema.org","@graph":[{"@type":"WebPage","@id":"https:\/\/beebipai.ee\/product\/mamra-sunnitusjargsed-taastavad-retuusid\/","url":"https:\/\/beebipai.ee\/product\/mamra-sunnitusjargsed-taastavad-retuusid\/","name":"Mamra s\u00fcnnitusj\u00e4rgsed taastavad retuusid - Beebipai","isPartOf":{"@id":"https:\/\/beebipai.ee\/en\/#website"},"primaryImageOfPage":{"@id":"https:\/\/beebipai.ee\/product\/mamra-sunnitusjargsed-taastavad-retuusid\/#primaryimage"},"image":{"@id":"https:\/\/beebipai.ee\/product\/mamra-sunnitusjargsed-taastavad-retuusid\/#primaryimage"},"thumbnailUrl":"https:\/\/beebipai.ee\/wp-content\/uploads\/2026\/04\/IMG_1147-e1776668382318.png","datePublished":"2026-04-19T14:45:38+00:00","dateModified":"2026-04-21T08:32:15+00:00","description":"Mamra s\u00fcnnitusj\u00e4rgsed retuusid toetavad s\u00fcnnitusj\u00e4rgset perioodi ja aitavad taastada raseduseelset figuuri. Vaata toodet Mamra s\u00fcnnitusj\u00e4rgsed retuusid!","breadcrumb":{"@id":"https:\/\/beebipai.ee\/product\/mamra-sunnitusjargsed-taastavad-retuusid\/#breadcrumb"},"inLanguage":"ru-RU","potentialAction":[{"@type":"ReadAction","target":["https:\/\/beebipai.ee\/product\/mamra-sunnitusjargsed-taastavad-retuusid\/"]}]},{"@type":"ImageObject","inLanguage":"ru-RU","@id":"https:\/\/beebipai.ee\/product\/mamra-sunnitusjargsed-taastavad-retuusid\/#primaryimage","url":"https:\/\/beebipai.ee\/wp-content\/uploads\/2026\/04\/IMG_1147-e1776668382318.png","contentUrl":"https:\/\/beebipai.ee\/wp-content\/uploads\/2026\/04\/IMG_1147-e1776668382318.png","width":500,"height":667},{"@type":"BreadcrumbList","@id":"https:\/\/beebipai.ee\/product\/mamra-sunnitusjargsed-taastavad-retuusid\/#breadcrumb","itemListElement":[{"@type":"ListItem","position":1,"name":"Home","item":"https:\/\/beebipai.ee\/"},{"@type":"ListItem","position":2,"name":"Pood","item":"https:\/\/beebipai.ee\/store\/"},{"@type":"ListItem","position":3,"name":"Mamra s\u00fcnnitusj\u00e4rgsed taastavad retuusid"}]},{"@type":"WebSite","@id":"https:\/\/beebipai.ee\/en\/#website","url":"https:\/\/beebipai.ee\/en\/","name":"Beebipai","description":"Rasedate ja beebide veebipood","potentialAction":[{"@type":"SearchAction","target":{"@type":"EntryPoint","urlTemplate":"https:\/\/beebipai.ee\/en\/?s={search_term_string}"},"query-input":{"@type":"PropertyValueSpecification","valueRequired":true,"valueName":"search_term_string"}}],"inLanguage":"ru-RU"}]}},"_links":{"self":[{"href":"https:\/\/beebipai.ee\/ru\/wp-json\/wp\/v2\/product\/13604","targetHints":{"allow":["GET"]}}],"collection":[{"href":"https:\/\/beebipai.ee\/ru\/wp-json\/wp\/v2\/product"}],"about":[{"href":"https:\/\/beebipai.ee\/ru\/wp-json\/wp\/v2\/types\/product"}],"version-history":[{"count":19,"href":"https:\/\/beebipai.ee\/ru\/wp-json\/wp\/v2\/product\/13604\/revisions"}],"predecessor-version":[{"id":13638,"href":"https:\/\/beebipai.ee\/ru\/wp-json\/wp\/v2\/product\/13604\/revisions\/13638"}],"wp:featuredmedia":[{"embeddable":true,"href":"https:\/\/beebipai.ee\/ru\/wp-json\/wp\/v2\/media\/13607"}],"wp:attachment":[{"href":"https:\/\/beebipai.ee\/ru\/wp-json\/wp\/v2\/media?parent=13604"}],"wp:term":[{"taxonomy":"product_brand","embeddable":true,"href":"https:\/\/beebipai.ee\/ru\/wp-json\/wp\/v2\/product_brand?post=13604"},{"taxonomy":"product_cat","embeddable":true,"href":"https:\/\/beebipai.ee\/ru\/wp-json\/wp\/v2\/product_cat?post=13604"},{"taxonomy":"product_tag","embeddable":true,"href":"https:\/\/beebipai.ee\/ru\/wp-json\/wp\/v2\/product_tag?post=13604"}],"curies":[{"name":"wp","href":"https:\/\/api.w.org\/{rel}","templated":true}]}}