{"id":13438,"date":"2026-02-11T14:01:09","date_gmt":"2026-02-11T12:01:09","guid":{"rendered":"https:\/\/beebipai.ee\/?post_type=product&#038;p=13438"},"modified":"2026-02-11T14:16:30","modified_gmt":"2026-02-11T12:16:30","slug":"faith-in-nature-looduslik-sampoon-lavendli-ja-pelargoonioliga-400ml","status":"publish","type":"product","link":"https:\/\/beebipai.ee\/ru\/product\/faith-in-nature-looduslik-sampoon-lavendli-ja-pelargoonioliga-400ml\/","title":{"rendered":"Faith in Nature looduslik \u0161ampoon lavendli ja pelargooni\u00f5liga, 400ml"},"content":{"rendered":"<div data-elementor-type=\"wp-post\" data-elementor-id=\"13438\" class=\"elementor elementor-13438\">\n\t\t\t\t\t\t<section class=\"elementor-section elementor-top-section elementor-element elementor-element-9a8d67b elementor-section-boxed elementor-section-height-default elementor-section-height-default\" data-id=\"9a8d67b\" data-element_type=\"section\" data-e-type=\"section\">\n\t\t\t\t\t\t<div class=\"elementor-container elementor-column-gap-default\">\n\t\t\t\t\t<div class=\"elementor-column elementor-col-50 elementor-top-column elementor-element elementor-element-380aaf0\" data-id=\"380aaf0\" data-element_type=\"column\" data-e-type=\"column\">\n\t\t\t<div class=\"elementor-widget-wrap elementor-element-populated\">\n\t\t\t\t\t\t<div class=\"elementor-element elementor-element-f22cc0c elementor-widget elementor-widget-heading\" data-id=\"f22cc0c\" data-element_type=\"widget\" data-e-type=\"widget\" data-widget_type=\"heading.default\">\n\t\t\t\t<div class=\"elementor-widget-container\">\n\t\t\t\t\t<h2 class=\"elementor-heading-title elementor-size-default\">Faith in Nature looduslik \u0161ampoon lavendli ja pelargooni\u00f5liga<\/h2>\t\t\t\t<\/div>\n\t\t\t\t<\/div>\n\t\t\t\t<div class=\"elementor-element elementor-element-db3415c elementor-widget elementor-widget-text-editor\" data-id=\"db3415c\" data-element_type=\"widget\" data-e-type=\"widget\" data-widget_type=\"text-editor.default\">\n\t\t\t\t<div class=\"elementor-widget-container\">\n\t\t\t\t\t\t\t\t\t<p>Faith in Nature looduslik \u0161ampoon toidab juukseid \u00f5rnalt ja loomulikult. Lavendel ja pelargooni\u00f5li on v\u00e4ga toitvate ja rahustavate omadustega. Juuksed saavad intensiivselt toidetud ja niisutatud. See hoiab neid pikemalt tervete ja tugevatena. Parandab juba katkisi juuksed ja annab juustele uue hingamise. \u0160ampoon j\u00e4tab juuksed m\u00f5nusalt pehmeks, kohevaks ja kergelt kammitavaks.\u00a0<\/p><p>Parima tulemuse saavutamiseks kasuta koos Faith in Nature loodusliku lavendli ja pelargooni\u00f5li sisaldava palsamiga. Silma sattumisel loputa koheselt puhta veega.\u00a0<\/p><p>\u041f\u0440\u043e\u0434\u0443\u043a\u0442 \u043d\u0435 \u0441\u043e\u0434\u0435\u0440\u0436\u0438\u0442 \u043f\u0430\u0440\u0430\u0431\u0435\u043d\u043e\u0432 \u0438 \u0441\u043e\u0435\u0434\u0438\u043d\u0435\u043d\u0438\u0439 SLS. \u0417\u0430\u043f\u0430\u0445 \u043a\u043e\u043d\u0434\u0438\u0446\u0438\u043e\u043d\u0435\u0440\u0430 \u0434\u043b\u044f \u0432\u043e\u043b\u043e\u0441 \u0438\u0441\u0445\u043e\u0434\u0438\u0442 \u043e\u0442 100% \u043d\u0430\u0442\u0443\u0440\u0430\u043b\u044c\u043d\u044b\u0445 \u0430\u0440\u043e\u043c\u0430\u0442\u0438\u0437\u0430\u0442\u043e\u0440\u043e\u0432. \u041f\u0440\u043e\u0434\u0443\u043a\u0442 \u043f\u043e\u0434\u0445\u043e\u0434\u0438\u0442 \u0434\u043b\u044f \u0432\u0435\u0433\u0430\u043d\u043e\u0432.\u00a0<\/p><p>\u0423\u043f\u0430\u043a\u043e\u0432\u043a\u0430 \u043f\u0440\u043e\u0434\u0443\u043a\u0442\u0430 \u0438\u0437\u0433\u043e\u0442\u043e\u0432\u043b\u0435\u043d\u0430 \u200b\u200b\u0438\u0437 \u043f\u0435\u0440\u0435\u0440\u0430\u0431\u043e\u0442\u0430\u043d\u043d\u044b\u0445 \u043c\u0430\u0442\u0435\u0440\u0438\u0430\u043b\u043e\u0432, \u0447\u0442\u043e \u0441\u043d\u0438\u0436\u0430\u0435\u0442 \u0432\u043e\u0437\u0434\u0435\u0439\u0441\u0442\u0432\u0438\u0435 \u043d\u0430 \u043e\u043a\u0440\u0443\u0436\u0430\u044e\u0449\u0443\u044e \u0441\u0440\u0435\u0434\u0443.<\/p>\t\t\t\t\t\t\t\t<\/div>\n\t\t\t\t<\/div>\n\t\t\t\t\t<\/div>\n\t\t<\/div>\n\t\t\t\t<div class=\"elementor-column elementor-col-50 elementor-top-column elementor-element elementor-element-23d3605\" data-id=\"23d3605\" data-element_type=\"column\" data-e-type=\"column\">\n\t\t\t<div class=\"elementor-widget-wrap elementor-element-populated\">\n\t\t\t\t\t\t<div class=\"elementor-element elementor-element-5cee3fd elementor-widget elementor-widget-image\" data-id=\"5cee3fd\" data-element_type=\"widget\" data-e-type=\"widget\" data-widget_type=\"image.default\">\n\t\t\t\t<div class=\"elementor-widget-container\">\n\t\t\t\t\t\t\t\t\t\t\t\t\t\t\t<img fetchpriority=\"high\" decoding=\"async\" width=\"1024\" height=\"614\" src=\"https:\/\/beebipai.ee\/wp-content\/uploads\/2026\/02\/faithinnature1-1024x614.webp\" class=\"attachment-large size-large wp-image-13443\" alt=\"\" srcset=\"https:\/\/beebipai.ee\/wp-content\/uploads\/2026\/02\/faithinnature1-1024x614.webp 1024w, https:\/\/beebipai.ee\/wp-content\/uploads\/2026\/02\/faithinnature1-300x180.webp 300w, https:\/\/beebipai.ee\/wp-content\/uploads\/2026\/02\/faithinnature1-768x461.webp 768w, https:\/\/beebipai.ee\/wp-content\/uploads\/2026\/02\/faithinnature1-1536x922.webp 1536w, https:\/\/beebipai.ee\/wp-content\/uploads\/2026\/02\/faithinnature1-18x12.webp 18w, https:\/\/beebipai.ee\/wp-content\/uploads\/2026\/02\/faithinnature1-600x360.webp 600w, https:\/\/beebipai.ee\/wp-content\/uploads\/2026\/02\/faithinnature1-e1770811895234.webp 500w\" sizes=\"(max-width: 1024px) 100vw, 1024px\" \/>\t\t\t\t\t\t\t\t\t\t\t\t\t\t\t<\/div>\n\t\t\t\t<\/div>\n\t\t\t\t\t<\/div>\n\t\t<\/div>\n\t\t\t\t\t<\/div>\n\t\t<\/section>\n\t\t\t\t<\/div>","protected":false},"excerpt":{"rendered":"<p>Faith in Nature looduslik \u0161ampoon lavendli ja pelargooni\u00f5liga pakub juustele rikkalikult toitaineid. Lavendel ja pelargooni\u00f5li mitmek\u00fclgsete ja rikkalike omaduste poolest sobivad normaalsetele\/kuivadele\u00a0 juukset\u00fc\u00fcpidele.<\/p>\n<p>\u041f\u043e\u0434\u0445\u043e\u0434\u0438\u0442 \u0434\u043b\u044f \u0435\u0436\u0435\u0434\u043d\u0435\u0432\u043d\u043e\u0433\u043e \u043f\u0440\u0438\u043c\u0435\u043d\u0435\u043d\u0438\u044f \u0441 3 \u043b\u0435\u0442, \u0430 \u0442\u0430\u043a\u0436\u0435 \u0432 \u043f\u0435\u0440\u0438\u043e\u0434 \u0431\u0435\u0440\u0435\u043c\u0435\u043d\u043d\u043e\u0441\u0442\u0438 \u0438 \u043a\u043e\u0440\u043c\u043b\u0435\u043d\u0438\u044f \u0433\u0440\u0443\u0434\u044c\u044e.<\/p>\n<p>99% \u0438\u043d\u0433\u0440\u0435\u0434\u0438\u0435\u043d\u0442\u043e\u0432 \u043d\u0430\u0442\u0443\u0440\u0430\u043b\u044c\u043d\u044b\u0435, 100% \u0431\u0438\u043e\u0440\u0430\u0437\u043b\u0430\u0433\u0430\u0435\u043c\u044b\u0435.<\/p>\n<p>\u041f\u0440\u043e\u0438\u0437\u0432\u0435\u0434\u0435\u043d\u043e \u0432 \u0410\u043d\u0433\u043b\u0438\u0438<\/p>","protected":false},"featured_media":13441,"template":"","meta":{"_monsterinsights_skip_tracking":false,"_monsterinsights_sitenote_active":false,"_monsterinsights_sitenote_note":"","_monsterinsights_sitenote_category":0,"site-sidebar-layout":"no-sidebar","site-content-layout":"page-builder","ast-site-content-layout":"full-width-container","site-content-style":"default","site-sidebar-style":"default","ast-global-header-display":"","ast-banner-title-visibility":"","ast-main-header-display":"","ast-hfb-above-header-display":"","ast-hfb-below-header-display":"","ast-hfb-mobile-header-display":"","site-post-title":"","ast-breadcrumbs-content":"","ast-featured-img":"disabled","footer-sml-layout":"","ast-disable-related-posts":"","theme-transparent-header-meta":"default","adv-header-id-meta":"","stick-header-meta":"","header-above-stick-meta":"","header-main-stick-meta":"","header-below-stick-meta":"","astra-migrate-meta-layouts":"set","ast-page-background-enabled":"default","ast-page-background-meta":{"desktop":{"background-color":"","background-image":"","background-repeat":"repeat","background-position":"center center","background-size":"auto","background-attachment":"scroll","background-type":"","background-media":"","overlay-type":"","overlay-color":"","overlay-opacity":"","overlay-gradient":""},"tablet":{"background-color":"","background-image":"","background-repeat":"repeat","background-position":"center center","background-size":"auto","background-attachment":"scroll","background-type":"","background-media":"","overlay-type":"","overlay-color":"","overlay-opacity":"","overlay-gradient":""},"mobile":{"background-color":"","background-image":"","background-repeat":"repeat","background-position":"center center","background-size":"auto","background-attachment":"scroll","background-type":"","background-media":"","overlay-type":"","overlay-color":"","overlay-opacity":"","overlay-gradient":""}},"ast-content-background-meta":{"desktop":{"background-color":"var(--ast-global-color-5)","background-image":"","background-repeat":"repeat","background-position":"center center","background-size":"auto","background-attachment":"scroll","background-type":"","background-media":"","overlay-type":"","overlay-color":"","overlay-opacity":"","overlay-gradient":""},"tablet":{"background-color":"var(--ast-global-color-5)","background-image":"","background-repeat":"repeat","background-position":"center center","background-size":"auto","background-attachment":"scroll","background-type":"","background-media":"","overlay-type":"","overlay-color":"","overlay-opacity":"","overlay-gradient":""},"mobile":{"background-color":"var(--ast-global-color-5)","background-image":"","background-repeat":"repeat","background-position":"center center","background-size":"auto","background-attachment":"scroll","background-type":"","background-media":"","overlay-type":"","overlay-color":"","overlay-opacity":"","overlay-gradient":""}}},"product_brand":[],"product_cat":[112,22,100],"product_tag":[],"class_list":{"0":"post-13438","1":"product","2":"type-product","3":"status-publish","4":"has-post-thumbnail","6":"product_cat-dusigeelid-sampoonid-palsamid","7":"product_cat-emale","8":"product_cat-hooldus-emale","9":"desktop-align-left","10":"tablet-align-left","11":"mobile-align-left","13":"first","14":"instock","15":"sale","16":"taxable","17":"shipping-taxable","18":"purchasable","19":"product-type-simple"},"yoast_head":"<!-- This site is optimized with the Yoast SEO plugin v27.4 - https:\/\/yoast.com\/product\/yoast-seo-wordpress\/ -->\n<title>Faith in Nature looduslik \u0161ampoon lavendli ja pelargooni\u00f5liga, 400ml - Beebipai<\/title>\n<meta name=\"description\" content=\"Faith in Nature looduslik \u0161ampoon lavendli ja pelargooni\u00f5liga toidab juukseid rikkalikult. Vaata toodet Faith in Nature looduslik palsam lavendli ja pelargooni\u00f5liga!\" \/>\n<meta name=\"robots\" content=\"index, follow, max-snippet:-1, max-image-preview:large, max-video-preview:-1\" \/>\n<link rel=\"canonical\" href=\"https:\/\/beebipai.ee\/ru\/product\/faith-in-nature-looduslik-sampoon-lavendli-ja-pelargoonioliga-400ml\/\" \/>\n<meta property=\"og:locale\" content=\"ru_RU\" \/>\n<meta property=\"og:type\" content=\"article\" \/>\n<meta property=\"og:title\" content=\"Faith in Nature looduslik \u0161ampoon lavendli ja pelargooni\u00f5liga, 400ml - Beebipai\" \/>\n<meta property=\"og:description\" content=\"Faith in Nature looduslik \u0161ampoon lavendli ja pelargooni\u00f5liga toidab juukseid rikkalikult. Vaata toodet Faith in Nature looduslik palsam lavendli ja pelargooni\u00f5liga!\" \/>\n<meta property=\"og:url\" content=\"https:\/\/beebipai.ee\/ru\/product\/faith-in-nature-looduslik-sampoon-lavendli-ja-pelargoonioliga-400ml\/\" \/>\n<meta property=\"og:site_name\" content=\"Beebipai\" \/>\n<meta property=\"article:modified_time\" content=\"2026-02-11T12:16:30+00:00\" \/>\n<meta property=\"og:image\" content=\"https:\/\/beebipai.ee\/wp-content\/uploads\/2026\/02\/FNT0012-1__39842-e1770811381884.jpg\" \/>\n\t<meta property=\"og:image:width\" content=\"500\" \/>\n\t<meta property=\"og:image:height\" content=\"500\" \/>\n\t<meta property=\"og:image:type\" content=\"image\/jpeg\" \/>\n<meta name=\"twitter:card\" content=\"summary_large_image\" \/>\n<meta name=\"twitter:label1\" content=\"\u041f\u0440\u0438\u043c\u0435\u0440\u043d\u043e\u0435 \u0432\u0440\u0435\u043c\u044f \u0434\u043b\u044f \u0447\u0442\u0435\u043d\u0438\u044f\" \/>\n\t<meta name=\"twitter:data1\" content=\"1 \u043c\u0438\u043d\u0443\u0442\u0430\" \/>\n<script type=\"application\/ld+json\" class=\"yoast-schema-graph\">{\"@context\":\"https:\\\/\\\/schema.org\",\"@graph\":[{\"@type\":\"WebPage\",\"@id\":\"https:\\\/\\\/beebipai.ee\\\/product\\\/faith-in-nature-looduslik-sampoon-lavendli-ja-pelargoonioliga-400ml\\\/\",\"url\":\"https:\\\/\\\/beebipai.ee\\\/product\\\/faith-in-nature-looduslik-sampoon-lavendli-ja-pelargoonioliga-400ml\\\/\",\"name\":\"Faith in Nature looduslik \u0161ampoon lavendli ja pelargooni\u00f5liga, 400ml - Beebipai\",\"isPartOf\":{\"@id\":\"https:\\\/\\\/beebipai.ee\\\/en\\\/#website\"},\"primaryImageOfPage\":{\"@id\":\"https:\\\/\\\/beebipai.ee\\\/product\\\/faith-in-nature-looduslik-sampoon-lavendli-ja-pelargoonioliga-400ml\\\/#primaryimage\"},\"image\":{\"@id\":\"https:\\\/\\\/beebipai.ee\\\/product\\\/faith-in-nature-looduslik-sampoon-lavendli-ja-pelargoonioliga-400ml\\\/#primaryimage\"},\"thumbnailUrl\":\"https:\\\/\\\/beebipai.ee\\\/wp-content\\\/uploads\\\/2026\\\/02\\\/FNT0012-1__39842-e1770811381884.jpg\",\"datePublished\":\"2026-02-11T12:01:09+00:00\",\"dateModified\":\"2026-02-11T12:16:30+00:00\",\"description\":\"Faith in Nature looduslik \u0161ampoon lavendli ja pelargooni\u00f5liga toidab juukseid rikkalikult. Vaata toodet Faith in Nature looduslik palsam lavendli ja pelargooni\u00f5liga!\",\"breadcrumb\":{\"@id\":\"https:\\\/\\\/beebipai.ee\\\/product\\\/faith-in-nature-looduslik-sampoon-lavendli-ja-pelargoonioliga-400ml\\\/#breadcrumb\"},\"inLanguage\":\"ru-RU\",\"potentialAction\":[{\"@type\":\"ReadAction\",\"target\":[\"https:\\\/\\\/beebipai.ee\\\/product\\\/faith-in-nature-looduslik-sampoon-lavendli-ja-pelargoonioliga-400ml\\\/\"]}]},{\"@type\":\"ImageObject\",\"inLanguage\":\"ru-RU\",\"@id\":\"https:\\\/\\\/beebipai.ee\\\/product\\\/faith-in-nature-looduslik-sampoon-lavendli-ja-pelargoonioliga-400ml\\\/#primaryimage\",\"url\":\"https:\\\/\\\/beebipai.ee\\\/wp-content\\\/uploads\\\/2026\\\/02\\\/FNT0012-1__39842-e1770811381884.jpg\",\"contentUrl\":\"https:\\\/\\\/beebipai.ee\\\/wp-content\\\/uploads\\\/2026\\\/02\\\/FNT0012-1__39842-e1770811381884.jpg\",\"width\":500,\"height\":500},{\"@type\":\"BreadcrumbList\",\"@id\":\"https:\\\/\\\/beebipai.ee\\\/product\\\/faith-in-nature-looduslik-sampoon-lavendli-ja-pelargoonioliga-400ml\\\/#breadcrumb\",\"itemListElement\":[{\"@type\":\"ListItem\",\"position\":1,\"name\":\"Home\",\"item\":\"https:\\\/\\\/beebipai.ee\\\/\"},{\"@type\":\"ListItem\",\"position\":2,\"name\":\"Pood\",\"item\":\"https:\\\/\\\/beebipai.ee\\\/store\\\/\"},{\"@type\":\"ListItem\",\"position\":3,\"name\":\"Faith in Nature looduslik \u0161ampoon lavendli ja pelargooni\u00f5liga, 400ml\"}]},{\"@type\":\"WebSite\",\"@id\":\"https:\\\/\\\/beebipai.ee\\\/en\\\/#website\",\"url\":\"https:\\\/\\\/beebipai.ee\\\/en\\\/\",\"name\":\"Beebipai\",\"description\":\"Rasedate ja beebide veebipood\",\"potentialAction\":[{\"@type\":\"SearchAction\",\"target\":{\"@type\":\"EntryPoint\",\"urlTemplate\":\"https:\\\/\\\/beebipai.ee\\\/en\\\/?s={search_term_string}\"},\"query-input\":{\"@type\":\"PropertyValueSpecification\",\"valueRequired\":true,\"valueName\":\"search_term_string\"}}],\"inLanguage\":\"ru-RU\"}]}<\/script>\n<!-- \/ Yoast SEO plugin. -->","yoast_head_json":{"title":"Faith in Nature looduslik \u0161ampoon lavendli ja pelargooni\u00f5liga, 400ml - Beebipai","description":"Faith in Nature looduslik \u0161ampoon lavendli ja pelargooni\u00f5liga toidab juukseid rikkalikult. Vaata toodet Faith in Nature looduslik palsam lavendli ja pelargooni\u00f5liga!","robots":{"index":"index","follow":"follow","max-snippet":"max-snippet:-1","max-image-preview":"max-image-preview:large","max-video-preview":"max-video-preview:-1"},"canonical":"https:\/\/beebipai.ee\/ru\/product\/faith-in-nature-looduslik-sampoon-lavendli-ja-pelargoonioliga-400ml\/","og_locale":"ru_RU","og_type":"article","og_title":"Faith in Nature looduslik \u0161ampoon lavendli ja pelargooni\u00f5liga, 400ml - Beebipai","og_description":"Faith in Nature looduslik \u0161ampoon lavendli ja pelargooni\u00f5liga toidab juukseid rikkalikult. Vaata toodet Faith in Nature looduslik palsam lavendli ja pelargooni\u00f5liga!","og_url":"https:\/\/beebipai.ee\/ru\/product\/faith-in-nature-looduslik-sampoon-lavendli-ja-pelargoonioliga-400ml\/","og_site_name":"Beebipai","article_modified_time":"2026-02-11T12:16:30+00:00","og_image":[{"width":500,"height":500,"url":"https:\/\/beebipai.ee\/wp-content\/uploads\/2026\/02\/FNT0012-1__39842-e1770811381884.jpg","type":"image\/jpeg"}],"twitter_card":"summary_large_image","twitter_misc":{"\u041f\u0440\u0438\u043c\u0435\u0440\u043d\u043e\u0435 \u0432\u0440\u0435\u043c\u044f \u0434\u043b\u044f \u0447\u0442\u0435\u043d\u0438\u044f":"1 \u043c\u0438\u043d\u0443\u0442\u0430"},"schema":{"@context":"https:\/\/schema.org","@graph":[{"@type":"WebPage","@id":"https:\/\/beebipai.ee\/product\/faith-in-nature-looduslik-sampoon-lavendli-ja-pelargoonioliga-400ml\/","url":"https:\/\/beebipai.ee\/product\/faith-in-nature-looduslik-sampoon-lavendli-ja-pelargoonioliga-400ml\/","name":"Faith in Nature looduslik \u0161ampoon lavendli ja pelargooni\u00f5liga, 400ml - Beebipai","isPartOf":{"@id":"https:\/\/beebipai.ee\/en\/#website"},"primaryImageOfPage":{"@id":"https:\/\/beebipai.ee\/product\/faith-in-nature-looduslik-sampoon-lavendli-ja-pelargoonioliga-400ml\/#primaryimage"},"image":{"@id":"https:\/\/beebipai.ee\/product\/faith-in-nature-looduslik-sampoon-lavendli-ja-pelargoonioliga-400ml\/#primaryimage"},"thumbnailUrl":"https:\/\/beebipai.ee\/wp-content\/uploads\/2026\/02\/FNT0012-1__39842-e1770811381884.jpg","datePublished":"2026-02-11T12:01:09+00:00","dateModified":"2026-02-11T12:16:30+00:00","description":"Faith in Nature looduslik \u0161ampoon lavendli ja pelargooni\u00f5liga toidab juukseid rikkalikult. Vaata toodet Faith in Nature looduslik palsam lavendli ja pelargooni\u00f5liga!","breadcrumb":{"@id":"https:\/\/beebipai.ee\/product\/faith-in-nature-looduslik-sampoon-lavendli-ja-pelargoonioliga-400ml\/#breadcrumb"},"inLanguage":"ru-RU","potentialAction":[{"@type":"ReadAction","target":["https:\/\/beebipai.ee\/product\/faith-in-nature-looduslik-sampoon-lavendli-ja-pelargoonioliga-400ml\/"]}]},{"@type":"ImageObject","inLanguage":"ru-RU","@id":"https:\/\/beebipai.ee\/product\/faith-in-nature-looduslik-sampoon-lavendli-ja-pelargoonioliga-400ml\/#primaryimage","url":"https:\/\/beebipai.ee\/wp-content\/uploads\/2026\/02\/FNT0012-1__39842-e1770811381884.jpg","contentUrl":"https:\/\/beebipai.ee\/wp-content\/uploads\/2026\/02\/FNT0012-1__39842-e1770811381884.jpg","width":500,"height":500},{"@type":"BreadcrumbList","@id":"https:\/\/beebipai.ee\/product\/faith-in-nature-looduslik-sampoon-lavendli-ja-pelargoonioliga-400ml\/#breadcrumb","itemListElement":[{"@type":"ListItem","position":1,"name":"Home","item":"https:\/\/beebipai.ee\/"},{"@type":"ListItem","position":2,"name":"Pood","item":"https:\/\/beebipai.ee\/store\/"},{"@type":"ListItem","position":3,"name":"Faith in Nature looduslik \u0161ampoon lavendli ja pelargooni\u00f5liga, 400ml"}]},{"@type":"WebSite","@id":"https:\/\/beebipai.ee\/en\/#website","url":"https:\/\/beebipai.ee\/en\/","name":"Beebipai","description":"Rasedate ja beebide veebipood","potentialAction":[{"@type":"SearchAction","target":{"@type":"EntryPoint","urlTemplate":"https:\/\/beebipai.ee\/en\/?s={search_term_string}"},"query-input":{"@type":"PropertyValueSpecification","valueRequired":true,"valueName":"search_term_string"}}],"inLanguage":"ru-RU"}]}},"_links":{"self":[{"href":"https:\/\/beebipai.ee\/ru\/wp-json\/wp\/v2\/product\/13438","targetHints":{"allow":["GET"]}}],"collection":[{"href":"https:\/\/beebipai.ee\/ru\/wp-json\/wp\/v2\/product"}],"about":[{"href":"https:\/\/beebipai.ee\/ru\/wp-json\/wp\/v2\/types\/product"}],"version-history":[{"count":5,"href":"https:\/\/beebipai.ee\/ru\/wp-json\/wp\/v2\/product\/13438\/revisions"}],"predecessor-version":[{"id":13447,"href":"https:\/\/beebipai.ee\/ru\/wp-json\/wp\/v2\/product\/13438\/revisions\/13447"}],"wp:featuredmedia":[{"embeddable":true,"href":"https:\/\/beebipai.ee\/ru\/wp-json\/wp\/v2\/media\/13441"}],"wp:attachment":[{"href":"https:\/\/beebipai.ee\/ru\/wp-json\/wp\/v2\/media?parent=13438"}],"wp:term":[{"taxonomy":"product_brand","embeddable":true,"href":"https:\/\/beebipai.ee\/ru\/wp-json\/wp\/v2\/product_brand?post=13438"},{"taxonomy":"product_cat","embeddable":true,"href":"https:\/\/beebipai.ee\/ru\/wp-json\/wp\/v2\/product_cat?post=13438"},{"taxonomy":"product_tag","embeddable":true,"href":"https:\/\/beebipai.ee\/ru\/wp-json\/wp\/v2\/product_tag?post=13438"}],"curies":[{"name":"wp","href":"https:\/\/api.w.org\/{rel}","templated":true}]}}