{"id":13118,"date":"2025-10-08T20:23:46","date_gmt":"2025-10-08T17:23:46","guid":{"rendered":"https:\/\/beebipai.ee\/?post_type=product&#038;p=13118"},"modified":"2025-10-08T20:46:56","modified_gmt":"2025-10-08T17:46:56","slug":"cadenshae-imetamisrinnahoidja-ultimate-black-suuremale-rinnale","status":"publish","type":"product","link":"https:\/\/beebipai.ee\/ru\/product\/cadenshae-imetamisrinnahoidja-ultimate-black-suuremale-rinnale\/","title":{"rendered":"Cadenshae imetamisrinnahoidja Ultimate Black (suuremale rinnale)"},"content":{"rendered":"<div data-elementor-type=\"wp-post\" data-elementor-id=\"13118\" class=\"elementor elementor-13118\">\n\t\t\t\t\t\t<section class=\"elementor-section elementor-top-section elementor-element elementor-element-b25c959 elementor-section-boxed elementor-section-height-default elementor-section-height-default\" data-id=\"b25c959\" data-element_type=\"section\" data-e-type=\"section\">\n\t\t\t\t\t\t<div class=\"elementor-container elementor-column-gap-default\">\n\t\t\t\t\t<div class=\"elementor-column elementor-col-50 elementor-top-column elementor-element elementor-element-46a4bfc\" data-id=\"46a4bfc\" data-element_type=\"column\" data-e-type=\"column\">\n\t\t\t<div class=\"elementor-widget-wrap elementor-element-populated\">\n\t\t\t\t\t\t<div class=\"elementor-element elementor-element-5d245f5 elementor-widget elementor-widget-heading\" data-id=\"5d245f5\" data-element_type=\"widget\" data-e-type=\"widget\" data-widget_type=\"heading.default\">\n\t\t\t\t<div class=\"elementor-widget-container\">\n\t\t\t\t\t<h2 class=\"elementor-heading-title elementor-size-default\">Cadenshae imetamisrinnahoidja Ultimate Black<\/h2>\t\t\t\t<\/div>\n\t\t\t\t<\/div>\n\t\t\t\t<div class=\"elementor-element elementor-element-4657d6a elementor-widget elementor-widget-text-editor\" data-id=\"4657d6a\" data-element_type=\"widget\" data-e-type=\"widget\" data-widget_type=\"text-editor.default\">\n\t\t\t\t<div class=\"elementor-widget-container\">\n\t\t\t\t\t\t\t\t\t<p>Cadenshae imetamisrinnahoidja toetab raseduse ja imetamise ajal nii igap\u00e4eva toimetusi tehes kui ka treeningul. Hoiab \u00e4ra rinna liigse rappumise, p\u00f5rutuse ning kaitseb rinda j\u00e4rskudel liigutustel ja asendivahetustel. Kergelt avatavad kinnitused v\u00f5imaldavad lapse toitmise igal vajalikult hetkel. V\u00f5imaldavad Sulle imetamise ajal vajalikku privaatsust.\u00a0 V\u00e4ga pehme ja mugav materjal ei sooni ega pigista, mis imetamise ajal on eriti oluline.\u00a0 Imetamisrinnahoidja tagune kinnitus on reguleeritav. Kaasas on lisakinnitused. Ka on reguleeritavad \u00f5lapaelad. Rinnahoidja see olevad padjakesed on eemaldatavad. Cadenshae imetamisrinnahoidja on traadivaba.<\/p>\t\t\t\t\t\t\t\t<\/div>\n\t\t\t\t<\/div>\n\t\t\t\t\t<\/div>\n\t\t<\/div>\n\t\t\t\t<div class=\"elementor-column elementor-col-50 elementor-top-column elementor-element elementor-element-63dcd98\" data-id=\"63dcd98\" data-element_type=\"column\" data-e-type=\"column\">\n\t\t\t<div class=\"elementor-widget-wrap elementor-element-populated\">\n\t\t\t\t\t\t<div class=\"elementor-element elementor-element-cb40c29 elementor-widget elementor-widget-image\" data-id=\"cb40c29\" data-element_type=\"widget\" data-e-type=\"widget\" data-widget_type=\"image.default\">\n\t\t\t\t<div class=\"elementor-widget-container\">\n\t\t\t\t\t\t\t\t\t\t\t\t\t\t\t<img fetchpriority=\"high\" decoding=\"async\" width=\"923\" height=\"1024\" src=\"https:\/\/beebipai.ee\/wp-content\/uploads\/2025\/10\/Cadenshae-imetamisrinnahoidja-Ultimate-Black-3-923x1024.webp\" class=\"attachment-large size-large wp-image-13121\" alt=\"\" srcset=\"https:\/\/beebipai.ee\/wp-content\/uploads\/2025\/10\/Cadenshae-imetamisrinnahoidja-Ultimate-Black-3-923x1024.webp 923w, https:\/\/beebipai.ee\/wp-content\/uploads\/2025\/10\/Cadenshae-imetamisrinnahoidja-Ultimate-Black-3-270x300.webp 270w, https:\/\/beebipai.ee\/wp-content\/uploads\/2025\/10\/Cadenshae-imetamisrinnahoidja-Ultimate-Black-3-768x852.webp 768w, https:\/\/beebipai.ee\/wp-content\/uploads\/2025\/10\/Cadenshae-imetamisrinnahoidja-Ultimate-Black-3-11x12.webp 11w, https:\/\/beebipai.ee\/wp-content\/uploads\/2025\/10\/Cadenshae-imetamisrinnahoidja-Ultimate-Black-3-600x666.webp 600w, https:\/\/beebipai.ee\/wp-content\/uploads\/2025\/10\/Cadenshae-imetamisrinnahoidja-Ultimate-Black-3-e1759944136761.webp 500w\" sizes=\"(max-width: 923px) 100vw, 923px\" \/>\t\t\t\t\t\t\t\t\t\t\t\t\t\t\t<\/div>\n\t\t\t\t<\/div>\n\t\t\t\t\t<\/div>\n\t\t<\/div>\n\t\t\t\t\t<\/div>\n\t\t<\/section>\n\t\t\t\t<\/div>","protected":false},"excerpt":{"rendered":"<p>Cadenshae imetamisrinnahoidja Ultimate Black pakub toetust suuremale ja raskemale rinnale. Lapse toitmiseks vajalik ligip\u00e4\u00e4s klassikaliste kl\u00f5psudega.<\/p>","protected":false},"featured_media":13123,"template":"","meta":{"_monsterinsights_skip_tracking":false,"_monsterinsights_sitenote_active":false,"_monsterinsights_sitenote_note":"","_monsterinsights_sitenote_category":0,"site-sidebar-layout":"no-sidebar","site-content-layout":"page-builder","ast-site-content-layout":"full-width-container","site-content-style":"default","site-sidebar-style":"default","ast-global-header-display":"","ast-banner-title-visibility":"","ast-main-header-display":"","ast-hfb-above-header-display":"","ast-hfb-below-header-display":"","ast-hfb-mobile-header-display":"","site-post-title":"","ast-breadcrumbs-content":"","ast-featured-img":"disabled","footer-sml-layout":"","ast-disable-related-posts":"","theme-transparent-header-meta":"default","adv-header-id-meta":"","stick-header-meta":"","header-above-stick-meta":"","header-main-stick-meta":"","header-below-stick-meta":"","astra-migrate-meta-layouts":"set","ast-page-background-enabled":"default","ast-page-background-meta":{"desktop":{"background-color":"","background-image":"","background-repeat":"repeat","background-position":"center center","background-size":"auto","background-attachment":"scroll","background-type":"","background-media":"","overlay-type":"","overlay-color":"","overlay-opacity":"","overlay-gradient":""},"tablet":{"background-color":"","background-image":"","background-repeat":"repeat","background-position":"center center","background-size":"auto","background-attachment":"scroll","background-type":"","background-media":"","overlay-type":"","overlay-color":"","overlay-opacity":"","overlay-gradient":""},"mobile":{"background-color":"","background-image":"","background-repeat":"repeat","background-position":"center center","background-size":"auto","background-attachment":"scroll","background-type":"","background-media":"","overlay-type":"","overlay-color":"","overlay-opacity":"","overlay-gradient":""}},"ast-content-background-meta":{"desktop":{"background-color":"var(--ast-global-color-5)","background-image":"","background-repeat":"repeat","background-position":"center center","background-size":"auto","background-attachment":"scroll","background-type":"","background-media":"","overlay-type":"","overlay-color":"","overlay-opacity":"","overlay-gradient":""},"tablet":{"background-color":"var(--ast-global-color-5)","background-image":"","background-repeat":"repeat","background-position":"center center","background-size":"auto","background-attachment":"scroll","background-type":"","background-media":"","overlay-type":"","overlay-color":"","overlay-opacity":"","overlay-gradient":""},"mobile":{"background-color":"var(--ast-global-color-5)","background-image":"","background-repeat":"repeat","background-position":"center center","background-size":"auto","background-attachment":"scroll","background-type":"","background-media":"","overlay-type":"","overlay-color":"","overlay-opacity":"","overlay-gradient":""}}},"product_brand":[],"product_cat":[22,133],"product_tag":[],"class_list":{"0":"post-13118","1":"product","2":"type-product","3":"status-publish","4":"has-post-thumbnail","6":"product_cat-emale","7":"product_cat-riided-rasedatele-ja-rinnaga-toitvatele-emadele","8":"desktop-align-left","9":"tablet-align-left","10":"mobile-align-left","12":"first","13":"instock","14":"sale","15":"taxable","16":"shipping-taxable","17":"purchasable","18":"product-type-variable"},"yoast_head":"<!-- This site is optimized with the Yoast SEO plugin v27.4 - https:\/\/yoast.com\/product\/yoast-seo-wordpress\/ -->\n<title>Cadenshae imetamisrinnahoidja Ultimate Black (suuremale rinnale) - Beebipai<\/title>\n<meta name=\"description\" content=\"Cadenshae imetamisrinnahoidja Ultimate Black pakub ideaalset toetuste suuremale ja raskemale rinnale. Vaata toodet Cadenshae imetamisrinnahoidja Ultimate Black!\" \/>\n<meta name=\"robots\" content=\"index, follow, max-snippet:-1, max-image-preview:large, max-video-preview:-1\" \/>\n<link rel=\"canonical\" href=\"https:\/\/beebipai.ee\/ru\/product\/cadenshae-imetamisrinnahoidja-ultimate-black-suuremale-rinnale\/\" \/>\n<meta property=\"og:locale\" content=\"ru_RU\" \/>\n<meta property=\"og:type\" content=\"article\" \/>\n<meta property=\"og:title\" content=\"Cadenshae imetamisrinnahoidja Ultimate Black (suuremale rinnale) - Beebipai\" \/>\n<meta property=\"og:description\" content=\"Cadenshae imetamisrinnahoidja Ultimate Black pakub ideaalset toetuste suuremale ja raskemale rinnale. Vaata toodet Cadenshae imetamisrinnahoidja Ultimate Black!\" \/>\n<meta property=\"og:url\" content=\"https:\/\/beebipai.ee\/ru\/product\/cadenshae-imetamisrinnahoidja-ultimate-black-suuremale-rinnale\/\" \/>\n<meta property=\"og:site_name\" content=\"Beebipai\" \/>\n<meta property=\"article:modified_time\" content=\"2025-10-08T17:46:56+00:00\" \/>\n<meta property=\"og:image\" content=\"https:\/\/beebipai.ee\/wp-content\/uploads\/2025\/10\/Cadenshae-imetamisrinnahoidja-Ultimate-Black-e1759944096693.webp\" \/>\n\t<meta property=\"og:image:width\" content=\"500\" \/>\n\t<meta property=\"og:image:height\" content=\"555\" \/>\n\t<meta property=\"og:image:type\" content=\"image\/webp\" \/>\n<meta name=\"twitter:card\" content=\"summary_large_image\" \/>\n<script type=\"application\/ld+json\" class=\"yoast-schema-graph\">{\"@context\":\"https:\\\/\\\/schema.org\",\"@graph\":[{\"@type\":\"WebPage\",\"@id\":\"https:\\\/\\\/beebipai.ee\\\/product\\\/cadenshae-imetamisrinnahoidja-ultimate-black-suuremale-rinnale\\\/\",\"url\":\"https:\\\/\\\/beebipai.ee\\\/product\\\/cadenshae-imetamisrinnahoidja-ultimate-black-suuremale-rinnale\\\/\",\"name\":\"Cadenshae imetamisrinnahoidja Ultimate Black (suuremale rinnale) - Beebipai\",\"isPartOf\":{\"@id\":\"https:\\\/\\\/beebipai.ee\\\/en\\\/#website\"},\"primaryImageOfPage\":{\"@id\":\"https:\\\/\\\/beebipai.ee\\\/product\\\/cadenshae-imetamisrinnahoidja-ultimate-black-suuremale-rinnale\\\/#primaryimage\"},\"image\":{\"@id\":\"https:\\\/\\\/beebipai.ee\\\/product\\\/cadenshae-imetamisrinnahoidja-ultimate-black-suuremale-rinnale\\\/#primaryimage\"},\"thumbnailUrl\":\"https:\\\/\\\/beebipai.ee\\\/wp-content\\\/uploads\\\/2025\\\/10\\\/Cadenshae-imetamisrinnahoidja-Ultimate-Black-e1759944096693.webp\",\"datePublished\":\"2025-10-08T17:23:46+00:00\",\"dateModified\":\"2025-10-08T17:46:56+00:00\",\"description\":\"Cadenshae imetamisrinnahoidja Ultimate Black pakub ideaalset toetuste suuremale ja raskemale rinnale. Vaata toodet Cadenshae imetamisrinnahoidja Ultimate Black!\",\"breadcrumb\":{\"@id\":\"https:\\\/\\\/beebipai.ee\\\/product\\\/cadenshae-imetamisrinnahoidja-ultimate-black-suuremale-rinnale\\\/#breadcrumb\"},\"inLanguage\":\"ru-RU\",\"potentialAction\":[{\"@type\":\"ReadAction\",\"target\":[\"https:\\\/\\\/beebipai.ee\\\/product\\\/cadenshae-imetamisrinnahoidja-ultimate-black-suuremale-rinnale\\\/\"]}]},{\"@type\":\"ImageObject\",\"inLanguage\":\"ru-RU\",\"@id\":\"https:\\\/\\\/beebipai.ee\\\/product\\\/cadenshae-imetamisrinnahoidja-ultimate-black-suuremale-rinnale\\\/#primaryimage\",\"url\":\"https:\\\/\\\/beebipai.ee\\\/wp-content\\\/uploads\\\/2025\\\/10\\\/Cadenshae-imetamisrinnahoidja-Ultimate-Black-e1759944096693.webp\",\"contentUrl\":\"https:\\\/\\\/beebipai.ee\\\/wp-content\\\/uploads\\\/2025\\\/10\\\/Cadenshae-imetamisrinnahoidja-Ultimate-Black-e1759944096693.webp\",\"width\":500,\"height\":555},{\"@type\":\"BreadcrumbList\",\"@id\":\"https:\\\/\\\/beebipai.ee\\\/product\\\/cadenshae-imetamisrinnahoidja-ultimate-black-suuremale-rinnale\\\/#breadcrumb\",\"itemListElement\":[{\"@type\":\"ListItem\",\"position\":1,\"name\":\"Home\",\"item\":\"https:\\\/\\\/beebipai.ee\\\/\"},{\"@type\":\"ListItem\",\"position\":2,\"name\":\"Pood\",\"item\":\"https:\\\/\\\/beebipai.ee\\\/store\\\/\"},{\"@type\":\"ListItem\",\"position\":3,\"name\":\"Cadenshae imetamisrinnahoidja Ultimate Black (suuremale rinnale)\"}]},{\"@type\":\"WebSite\",\"@id\":\"https:\\\/\\\/beebipai.ee\\\/en\\\/#website\",\"url\":\"https:\\\/\\\/beebipai.ee\\\/en\\\/\",\"name\":\"Beebipai\",\"description\":\"Rasedate ja beebide veebipood\",\"potentialAction\":[{\"@type\":\"SearchAction\",\"target\":{\"@type\":\"EntryPoint\",\"urlTemplate\":\"https:\\\/\\\/beebipai.ee\\\/en\\\/?s={search_term_string}\"},\"query-input\":{\"@type\":\"PropertyValueSpecification\",\"valueRequired\":true,\"valueName\":\"search_term_string\"}}],\"inLanguage\":\"ru-RU\"}]}<\/script>\n<!-- \/ Yoast SEO plugin. -->","yoast_head_json":{"title":"Cadenshae imetamisrinnahoidja Ultimate Black (suuremale rinnale) - Beebipai","description":"Cadenshae imetamisrinnahoidja Ultimate Black pakub ideaalset toetuste suuremale ja raskemale rinnale. Vaata toodet Cadenshae imetamisrinnahoidja Ultimate Black!","robots":{"index":"index","follow":"follow","max-snippet":"max-snippet:-1","max-image-preview":"max-image-preview:large","max-video-preview":"max-video-preview:-1"},"canonical":"https:\/\/beebipai.ee\/ru\/product\/cadenshae-imetamisrinnahoidja-ultimate-black-suuremale-rinnale\/","og_locale":"ru_RU","og_type":"article","og_title":"Cadenshae imetamisrinnahoidja Ultimate Black (suuremale rinnale) - Beebipai","og_description":"Cadenshae imetamisrinnahoidja Ultimate Black pakub ideaalset toetuste suuremale ja raskemale rinnale. Vaata toodet Cadenshae imetamisrinnahoidja Ultimate Black!","og_url":"https:\/\/beebipai.ee\/ru\/product\/cadenshae-imetamisrinnahoidja-ultimate-black-suuremale-rinnale\/","og_site_name":"Beebipai","article_modified_time":"2025-10-08T17:46:56+00:00","og_image":[{"width":500,"height":555,"url":"https:\/\/beebipai.ee\/wp-content\/uploads\/2025\/10\/Cadenshae-imetamisrinnahoidja-Ultimate-Black-e1759944096693.webp","type":"image\/webp"}],"twitter_card":"summary_large_image","schema":{"@context":"https:\/\/schema.org","@graph":[{"@type":"WebPage","@id":"https:\/\/beebipai.ee\/product\/cadenshae-imetamisrinnahoidja-ultimate-black-suuremale-rinnale\/","url":"https:\/\/beebipai.ee\/product\/cadenshae-imetamisrinnahoidja-ultimate-black-suuremale-rinnale\/","name":"Cadenshae imetamisrinnahoidja Ultimate Black (suuremale rinnale) - Beebipai","isPartOf":{"@id":"https:\/\/beebipai.ee\/en\/#website"},"primaryImageOfPage":{"@id":"https:\/\/beebipai.ee\/product\/cadenshae-imetamisrinnahoidja-ultimate-black-suuremale-rinnale\/#primaryimage"},"image":{"@id":"https:\/\/beebipai.ee\/product\/cadenshae-imetamisrinnahoidja-ultimate-black-suuremale-rinnale\/#primaryimage"},"thumbnailUrl":"https:\/\/beebipai.ee\/wp-content\/uploads\/2025\/10\/Cadenshae-imetamisrinnahoidja-Ultimate-Black-e1759944096693.webp","datePublished":"2025-10-08T17:23:46+00:00","dateModified":"2025-10-08T17:46:56+00:00","description":"Cadenshae imetamisrinnahoidja Ultimate Black pakub ideaalset toetuste suuremale ja raskemale rinnale. Vaata toodet Cadenshae imetamisrinnahoidja Ultimate Black!","breadcrumb":{"@id":"https:\/\/beebipai.ee\/product\/cadenshae-imetamisrinnahoidja-ultimate-black-suuremale-rinnale\/#breadcrumb"},"inLanguage":"ru-RU","potentialAction":[{"@type":"ReadAction","target":["https:\/\/beebipai.ee\/product\/cadenshae-imetamisrinnahoidja-ultimate-black-suuremale-rinnale\/"]}]},{"@type":"ImageObject","inLanguage":"ru-RU","@id":"https:\/\/beebipai.ee\/product\/cadenshae-imetamisrinnahoidja-ultimate-black-suuremale-rinnale\/#primaryimage","url":"https:\/\/beebipai.ee\/wp-content\/uploads\/2025\/10\/Cadenshae-imetamisrinnahoidja-Ultimate-Black-e1759944096693.webp","contentUrl":"https:\/\/beebipai.ee\/wp-content\/uploads\/2025\/10\/Cadenshae-imetamisrinnahoidja-Ultimate-Black-e1759944096693.webp","width":500,"height":555},{"@type":"BreadcrumbList","@id":"https:\/\/beebipai.ee\/product\/cadenshae-imetamisrinnahoidja-ultimate-black-suuremale-rinnale\/#breadcrumb","itemListElement":[{"@type":"ListItem","position":1,"name":"Home","item":"https:\/\/beebipai.ee\/"},{"@type":"ListItem","position":2,"name":"Pood","item":"https:\/\/beebipai.ee\/store\/"},{"@type":"ListItem","position":3,"name":"Cadenshae imetamisrinnahoidja Ultimate Black (suuremale rinnale)"}]},{"@type":"WebSite","@id":"https:\/\/beebipai.ee\/en\/#website","url":"https:\/\/beebipai.ee\/en\/","name":"Beebipai","description":"Rasedate ja beebide veebipood","potentialAction":[{"@type":"SearchAction","target":{"@type":"EntryPoint","urlTemplate":"https:\/\/beebipai.ee\/en\/?s={search_term_string}"},"query-input":{"@type":"PropertyValueSpecification","valueRequired":true,"valueName":"search_term_string"}}],"inLanguage":"ru-RU"}]}},"_links":{"self":[{"href":"https:\/\/beebipai.ee\/ru\/wp-json\/wp\/v2\/product\/13118","targetHints":{"allow":["GET"]}}],"collection":[{"href":"https:\/\/beebipai.ee\/ru\/wp-json\/wp\/v2\/product"}],"about":[{"href":"https:\/\/beebipai.ee\/ru\/wp-json\/wp\/v2\/types\/product"}],"version-history":[{"count":4,"href":"https:\/\/beebipai.ee\/ru\/wp-json\/wp\/v2\/product\/13118\/revisions"}],"predecessor-version":[{"id":13131,"href":"https:\/\/beebipai.ee\/ru\/wp-json\/wp\/v2\/product\/13118\/revisions\/13131"}],"wp:featuredmedia":[{"embeddable":true,"href":"https:\/\/beebipai.ee\/ru\/wp-json\/wp\/v2\/media\/13123"}],"wp:attachment":[{"href":"https:\/\/beebipai.ee\/ru\/wp-json\/wp\/v2\/media?parent=13118"}],"wp:term":[{"taxonomy":"product_brand","embeddable":true,"href":"https:\/\/beebipai.ee\/ru\/wp-json\/wp\/v2\/product_brand?post=13118"},{"taxonomy":"product_cat","embeddable":true,"href":"https:\/\/beebipai.ee\/ru\/wp-json\/wp\/v2\/product_cat?post=13118"},{"taxonomy":"product_tag","embeddable":true,"href":"https:\/\/beebipai.ee\/ru\/wp-json\/wp\/v2\/product_tag?post=13118"}],"curies":[{"name":"wp","href":"https:\/\/api.w.org\/{rel}","templated":true}]}}