{"id":13055,"date":"2025-09-28T12:32:13","date_gmt":"2025-09-28T09:32:13","guid":{"rendered":"https:\/\/beebipai.ee\/?post_type=product&#038;p=13055"},"modified":"2025-09-28T12:38:04","modified_gmt":"2025-09-28T09:38:04","slug":"kikkaboo-mangumatt-sky-city","status":"publish","type":"product","link":"https:\/\/beebipai.ee\/ru\/product\/kikkaboo-mangumatt-sky-city\/","title":{"rendered":"Kikkaboo m\u00e4ngumatt Sky City"},"content":{"rendered":"<div data-elementor-type=\"wp-post\" data-elementor-id=\"13055\" class=\"elementor elementor-13055\">\n\t\t\t\t\t\t<section class=\"elementor-section elementor-top-section elementor-element elementor-element-2cce575 elementor-section-boxed elementor-section-height-default elementor-section-height-default\" data-id=\"2cce575\" data-element_type=\"section\" data-e-type=\"section\">\n\t\t\t\t\t\t<div class=\"elementor-container elementor-column-gap-default\">\n\t\t\t\t\t<div class=\"elementor-column elementor-col-50 elementor-top-column elementor-element elementor-element-c919efd\" data-id=\"c919efd\" data-element_type=\"column\" data-e-type=\"column\">\n\t\t\t<div class=\"elementor-widget-wrap elementor-element-populated\">\n\t\t\t\t\t\t<div class=\"elementor-element elementor-element-b8534e0 elementor-widget elementor-widget-heading\" data-id=\"b8534e0\" data-element_type=\"widget\" data-e-type=\"widget\" data-widget_type=\"heading.default\">\n\t\t\t\t<div class=\"elementor-widget-container\">\n\t\t\t\t\t<h2 class=\"elementor-heading-title elementor-size-default\">Kikkaboo m\u00e4ngumatt Sky City<\/h2>\t\t\t\t<\/div>\n\t\t\t\t<\/div>\n\t\t\t\t<div class=\"elementor-element elementor-element-c1e4bb0 elementor-widget elementor-widget-text-editor\" data-id=\"c1e4bb0\" data-element_type=\"widget\" data-e-type=\"widget\" data-widget_type=\"text-editor.default\">\n\t\t\t\t<div class=\"elementor-widget-container\">\n\t\t\t\t\t\t\t\t\t<p>Multisensoorne m\u00e4ngumatt pakub mitmesuguseid tegevusi beebi arengu toetamiseks.\u00a0 Saab m\u00e4ngida selili, k\u00f5huli ja istuli. M\u00e4ngumatiga on kaasas m\u00e4ngukaarel rippuvad klassikalised ja interaktiivsed m\u00e4nguasjad ning eriv\u00e4rvilised pallid. M\u00e4ngumatt arendab beebil mitmesuguseid oskusi, nagu j\u00e4lgimist, sirutamist, puudutamist, hoidmist, keeramist, motoorikat.<\/p>\t\t\t\t\t\t\t\t<\/div>\n\t\t\t\t<\/div>\n\t\t\t\t\t<\/div>\n\t\t<\/div>\n\t\t\t\t<div class=\"elementor-column elementor-col-50 elementor-top-column elementor-element elementor-element-1a82188\" data-id=\"1a82188\" data-element_type=\"column\" data-e-type=\"column\">\n\t\t\t<div class=\"elementor-widget-wrap elementor-element-populated\">\n\t\t\t\t\t\t<div class=\"elementor-element elementor-element-81e9bad elementor-widget elementor-widget-image\" data-id=\"81e9bad\" data-element_type=\"widget\" data-e-type=\"widget\" data-widget_type=\"image.default\">\n\t\t\t\t<div class=\"elementor-widget-container\">\n\t\t\t\t\t\t\t\t\t\t\t\t\t\t\t<img fetchpriority=\"high\" decoding=\"async\" width=\"500\" height=\"500\" src=\"https:\/\/beebipai.ee\/wp-content\/uploads\/2025\/09\/Kikkaboo-Sky-City-3-e1759051886524.jpg\" class=\"attachment-large size-large wp-image-13057\" alt=\"\" \/>\t\t\t\t\t\t\t\t\t\t\t\t\t\t\t<\/div>\n\t\t\t\t<\/div>\n\t\t\t\t\t<\/div>\n\t\t<\/div>\n\t\t\t\t\t<\/div>\n\t\t<\/section>\n\t\t\t\t<\/div>","protected":false},"excerpt":{"rendered":"<p>M\u00e4ngumatt Sky City pakub beebile m\u00e4ngu- ja avastamisr\u00f5\u00f5mu l\u00e4bi mitmesuguste tegevuste.<\/p>","protected":false},"featured_media":13058,"template":"","meta":{"_monsterinsights_skip_tracking":false,"_monsterinsights_sitenote_active":false,"_monsterinsights_sitenote_note":"","_monsterinsights_sitenote_category":0,"site-sidebar-layout":"no-sidebar","site-content-layout":"page-builder","ast-site-content-layout":"full-width-container","site-content-style":"default","site-sidebar-style":"default","ast-global-header-display":"","ast-banner-title-visibility":"","ast-main-header-display":"","ast-hfb-above-header-display":"","ast-hfb-below-header-display":"","ast-hfb-mobile-header-display":"","site-post-title":"","ast-breadcrumbs-content":"","ast-featured-img":"disabled","footer-sml-layout":"","ast-disable-related-posts":"","theme-transparent-header-meta":"default","adv-header-id-meta":"","stick-header-meta":"","header-above-stick-meta":"","header-main-stick-meta":"","header-below-stick-meta":"","astra-migrate-meta-layouts":"set","ast-page-background-enabled":"default","ast-page-background-meta":{"desktop":{"background-color":"","background-image":"","background-repeat":"repeat","background-position":"center center","background-size":"auto","background-attachment":"scroll","background-type":"","background-media":"","overlay-type":"","overlay-color":"","overlay-opacity":"","overlay-gradient":""},"tablet":{"background-color":"","background-image":"","background-repeat":"repeat","background-position":"center center","background-size":"auto","background-attachment":"scroll","background-type":"","background-media":"","overlay-type":"","overlay-color":"","overlay-opacity":"","overlay-gradient":""},"mobile":{"background-color":"","background-image":"","background-repeat":"repeat","background-position":"center center","background-size":"auto","background-attachment":"scroll","background-type":"","background-media":"","overlay-type":"","overlay-color":"","overlay-opacity":"","overlay-gradient":""}},"ast-content-background-meta":{"desktop":{"background-color":"var(--ast-global-color-5)","background-image":"","background-repeat":"repeat","background-position":"center center","background-size":"auto","background-attachment":"scroll","background-type":"","background-media":"","overlay-type":"","overlay-color":"","overlay-opacity":"","overlay-gradient":""},"tablet":{"background-color":"var(--ast-global-color-5)","background-image":"","background-repeat":"repeat","background-position":"center center","background-size":"auto","background-attachment":"scroll","background-type":"","background-media":"","overlay-type":"","overlay-color":"","overlay-opacity":"","overlay-gradient":""},"mobile":{"background-color":"var(--ast-global-color-5)","background-image":"","background-repeat":"repeat","background-position":"center center","background-size":"auto","background-attachment":"scroll","background-type":"","background-media":"","overlay-type":"","overlay-color":"","overlay-opacity":"","overlay-gradient":""}}},"product_brand":[],"product_cat":[23,153],"product_tag":[],"class_list":{"0":"post-13055","1":"product","2":"type-product","3":"status-publish","4":"has-post-thumbnail","6":"product_cat-beebile","7":"product_cat-mangimiseks","8":"desktop-align-left","9":"tablet-align-left","10":"mobile-align-left","12":"first","13":"instock","14":"taxable","15":"shipping-taxable","16":"purchasable","17":"product-type-simple"},"yoast_head":"<!-- This site is optimized with the Yoast SEO plugin v27.4 - https:\/\/yoast.com\/product\/yoast-seo-wordpress\/ -->\n<title>Kikkaboo m\u00e4ngumatt Sky City - Beebipai<\/title>\n<meta name=\"description\" content=\"M\u00e4ngumatt Sky City pakub beebile m\u00e4ngu- ja avastamisr\u00f5\u00f5mu l\u00e4bi mitmesuguste tegevuste. Vaata toodet Kikkaboo m\u00e4mgumatt Sky City!\" \/>\n<meta name=\"robots\" content=\"index, follow, max-snippet:-1, max-image-preview:large, max-video-preview:-1\" \/>\n<link rel=\"canonical\" href=\"https:\/\/beebipai.ee\/ru\/product\/kikkaboo-mangumatt-sky-city\/\" \/>\n<meta property=\"og:locale\" content=\"ru_RU\" \/>\n<meta property=\"og:type\" content=\"article\" \/>\n<meta property=\"og:title\" content=\"Kikkaboo m\u00e4ngumatt Sky City - Beebipai\" \/>\n<meta property=\"og:description\" content=\"M\u00e4ngumatt Sky City pakub beebile m\u00e4ngu- ja avastamisr\u00f5\u00f5mu l\u00e4bi mitmesuguste tegevuste. Vaata toodet Kikkaboo m\u00e4mgumatt Sky City!\" \/>\n<meta property=\"og:url\" content=\"https:\/\/beebipai.ee\/ru\/product\/kikkaboo-mangumatt-sky-city\/\" \/>\n<meta property=\"og:site_name\" content=\"Beebipai\" \/>\n<meta property=\"article:modified_time\" content=\"2025-09-28T09:38:04+00:00\" \/>\n<meta property=\"og:image\" content=\"https:\/\/beebipai.ee\/wp-content\/uploads\/2025\/09\/Kikkaboo-Sky-City-4-e1759051874467.jpg\" \/>\n\t<meta property=\"og:image:width\" content=\"500\" \/>\n\t<meta property=\"og:image:height\" content=\"500\" \/>\n\t<meta property=\"og:image:type\" content=\"image\/jpeg\" \/>\n<meta name=\"twitter:card\" content=\"summary_large_image\" \/>\n<script type=\"application\/ld+json\" class=\"yoast-schema-graph\">{\"@context\":\"https:\\\/\\\/schema.org\",\"@graph\":[{\"@type\":\"WebPage\",\"@id\":\"https:\\\/\\\/beebipai.ee\\\/product\\\/kikkaboo-mangumatt-sky-city\\\/\",\"url\":\"https:\\\/\\\/beebipai.ee\\\/product\\\/kikkaboo-mangumatt-sky-city\\\/\",\"name\":\"Kikkaboo m\u00e4ngumatt Sky City - Beebipai\",\"isPartOf\":{\"@id\":\"https:\\\/\\\/beebipai.ee\\\/en\\\/#website\"},\"primaryImageOfPage\":{\"@id\":\"https:\\\/\\\/beebipai.ee\\\/product\\\/kikkaboo-mangumatt-sky-city\\\/#primaryimage\"},\"image\":{\"@id\":\"https:\\\/\\\/beebipai.ee\\\/product\\\/kikkaboo-mangumatt-sky-city\\\/#primaryimage\"},\"thumbnailUrl\":\"https:\\\/\\\/beebipai.ee\\\/wp-content\\\/uploads\\\/2025\\\/09\\\/Kikkaboo-Sky-City-4-e1759051874467.jpg\",\"datePublished\":\"2025-09-28T09:32:13+00:00\",\"dateModified\":\"2025-09-28T09:38:04+00:00\",\"description\":\"M\u00e4ngumatt Sky City pakub beebile m\u00e4ngu- ja avastamisr\u00f5\u00f5mu l\u00e4bi mitmesuguste tegevuste. Vaata toodet Kikkaboo m\u00e4mgumatt Sky City!\",\"breadcrumb\":{\"@id\":\"https:\\\/\\\/beebipai.ee\\\/product\\\/kikkaboo-mangumatt-sky-city\\\/#breadcrumb\"},\"inLanguage\":\"ru-RU\",\"potentialAction\":[{\"@type\":\"ReadAction\",\"target\":[\"https:\\\/\\\/beebipai.ee\\\/product\\\/kikkaboo-mangumatt-sky-city\\\/\"]}]},{\"@type\":\"ImageObject\",\"inLanguage\":\"ru-RU\",\"@id\":\"https:\\\/\\\/beebipai.ee\\\/product\\\/kikkaboo-mangumatt-sky-city\\\/#primaryimage\",\"url\":\"https:\\\/\\\/beebipai.ee\\\/wp-content\\\/uploads\\\/2025\\\/09\\\/Kikkaboo-Sky-City-4-e1759051874467.jpg\",\"contentUrl\":\"https:\\\/\\\/beebipai.ee\\\/wp-content\\\/uploads\\\/2025\\\/09\\\/Kikkaboo-Sky-City-4-e1759051874467.jpg\",\"width\":500,\"height\":500},{\"@type\":\"BreadcrumbList\",\"@id\":\"https:\\\/\\\/beebipai.ee\\\/product\\\/kikkaboo-mangumatt-sky-city\\\/#breadcrumb\",\"itemListElement\":[{\"@type\":\"ListItem\",\"position\":1,\"name\":\"Home\",\"item\":\"https:\\\/\\\/beebipai.ee\\\/\"},{\"@type\":\"ListItem\",\"position\":2,\"name\":\"Pood\",\"item\":\"https:\\\/\\\/beebipai.ee\\\/store\\\/\"},{\"@type\":\"ListItem\",\"position\":3,\"name\":\"Kikkaboo m\u00e4ngumatt Sky City\"}]},{\"@type\":\"WebSite\",\"@id\":\"https:\\\/\\\/beebipai.ee\\\/en\\\/#website\",\"url\":\"https:\\\/\\\/beebipai.ee\\\/en\\\/\",\"name\":\"Beebipai\",\"description\":\"Rasedate ja beebide veebipood\",\"potentialAction\":[{\"@type\":\"SearchAction\",\"target\":{\"@type\":\"EntryPoint\",\"urlTemplate\":\"https:\\\/\\\/beebipai.ee\\\/en\\\/?s={search_term_string}\"},\"query-input\":{\"@type\":\"PropertyValueSpecification\",\"valueRequired\":true,\"valueName\":\"search_term_string\"}}],\"inLanguage\":\"ru-RU\"}]}<\/script>\n<!-- \/ Yoast SEO plugin. -->","yoast_head_json":{"title":"Kikkaboo m\u00e4ngumatt Sky City - Beebipai","description":"M\u00e4ngumatt Sky City pakub beebile m\u00e4ngu- ja avastamisr\u00f5\u00f5mu l\u00e4bi mitmesuguste tegevuste. Vaata toodet Kikkaboo m\u00e4mgumatt Sky City!","robots":{"index":"index","follow":"follow","max-snippet":"max-snippet:-1","max-image-preview":"max-image-preview:large","max-video-preview":"max-video-preview:-1"},"canonical":"https:\/\/beebipai.ee\/ru\/product\/kikkaboo-mangumatt-sky-city\/","og_locale":"ru_RU","og_type":"article","og_title":"Kikkaboo m\u00e4ngumatt Sky City - Beebipai","og_description":"M\u00e4ngumatt Sky City pakub beebile m\u00e4ngu- ja avastamisr\u00f5\u00f5mu l\u00e4bi mitmesuguste tegevuste. Vaata toodet Kikkaboo m\u00e4mgumatt Sky City!","og_url":"https:\/\/beebipai.ee\/ru\/product\/kikkaboo-mangumatt-sky-city\/","og_site_name":"Beebipai","article_modified_time":"2025-09-28T09:38:04+00:00","og_image":[{"width":500,"height":500,"url":"https:\/\/beebipai.ee\/wp-content\/uploads\/2025\/09\/Kikkaboo-Sky-City-4-e1759051874467.jpg","type":"image\/jpeg"}],"twitter_card":"summary_large_image","schema":{"@context":"https:\/\/schema.org","@graph":[{"@type":"WebPage","@id":"https:\/\/beebipai.ee\/product\/kikkaboo-mangumatt-sky-city\/","url":"https:\/\/beebipai.ee\/product\/kikkaboo-mangumatt-sky-city\/","name":"Kikkaboo m\u00e4ngumatt Sky City - Beebipai","isPartOf":{"@id":"https:\/\/beebipai.ee\/en\/#website"},"primaryImageOfPage":{"@id":"https:\/\/beebipai.ee\/product\/kikkaboo-mangumatt-sky-city\/#primaryimage"},"image":{"@id":"https:\/\/beebipai.ee\/product\/kikkaboo-mangumatt-sky-city\/#primaryimage"},"thumbnailUrl":"https:\/\/beebipai.ee\/wp-content\/uploads\/2025\/09\/Kikkaboo-Sky-City-4-e1759051874467.jpg","datePublished":"2025-09-28T09:32:13+00:00","dateModified":"2025-09-28T09:38:04+00:00","description":"M\u00e4ngumatt Sky City pakub beebile m\u00e4ngu- ja avastamisr\u00f5\u00f5mu l\u00e4bi mitmesuguste tegevuste. Vaata toodet Kikkaboo m\u00e4mgumatt Sky City!","breadcrumb":{"@id":"https:\/\/beebipai.ee\/product\/kikkaboo-mangumatt-sky-city\/#breadcrumb"},"inLanguage":"ru-RU","potentialAction":[{"@type":"ReadAction","target":["https:\/\/beebipai.ee\/product\/kikkaboo-mangumatt-sky-city\/"]}]},{"@type":"ImageObject","inLanguage":"ru-RU","@id":"https:\/\/beebipai.ee\/product\/kikkaboo-mangumatt-sky-city\/#primaryimage","url":"https:\/\/beebipai.ee\/wp-content\/uploads\/2025\/09\/Kikkaboo-Sky-City-4-e1759051874467.jpg","contentUrl":"https:\/\/beebipai.ee\/wp-content\/uploads\/2025\/09\/Kikkaboo-Sky-City-4-e1759051874467.jpg","width":500,"height":500},{"@type":"BreadcrumbList","@id":"https:\/\/beebipai.ee\/product\/kikkaboo-mangumatt-sky-city\/#breadcrumb","itemListElement":[{"@type":"ListItem","position":1,"name":"Home","item":"https:\/\/beebipai.ee\/"},{"@type":"ListItem","position":2,"name":"Pood","item":"https:\/\/beebipai.ee\/store\/"},{"@type":"ListItem","position":3,"name":"Kikkaboo m\u00e4ngumatt Sky City"}]},{"@type":"WebSite","@id":"https:\/\/beebipai.ee\/en\/#website","url":"https:\/\/beebipai.ee\/en\/","name":"Beebipai","description":"Rasedate ja beebide veebipood","potentialAction":[{"@type":"SearchAction","target":{"@type":"EntryPoint","urlTemplate":"https:\/\/beebipai.ee\/en\/?s={search_term_string}"},"query-input":{"@type":"PropertyValueSpecification","valueRequired":true,"valueName":"search_term_string"}}],"inLanguage":"ru-RU"}]}},"_links":{"self":[{"href":"https:\/\/beebipai.ee\/ru\/wp-json\/wp\/v2\/product\/13055","targetHints":{"allow":["GET"]}}],"collection":[{"href":"https:\/\/beebipai.ee\/ru\/wp-json\/wp\/v2\/product"}],"about":[{"href":"https:\/\/beebipai.ee\/ru\/wp-json\/wp\/v2\/types\/product"}],"version-history":[{"count":5,"href":"https:\/\/beebipai.ee\/ru\/wp-json\/wp\/v2\/product\/13055\/revisions"}],"predecessor-version":[{"id":13068,"href":"https:\/\/beebipai.ee\/ru\/wp-json\/wp\/v2\/product\/13055\/revisions\/13068"}],"wp:featuredmedia":[{"embeddable":true,"href":"https:\/\/beebipai.ee\/ru\/wp-json\/wp\/v2\/media\/13058"}],"wp:attachment":[{"href":"https:\/\/beebipai.ee\/ru\/wp-json\/wp\/v2\/media?parent=13055"}],"wp:term":[{"taxonomy":"product_brand","embeddable":true,"href":"https:\/\/beebipai.ee\/ru\/wp-json\/wp\/v2\/product_brand?post=13055"},{"taxonomy":"product_cat","embeddable":true,"href":"https:\/\/beebipai.ee\/ru\/wp-json\/wp\/v2\/product_cat?post=13055"},{"taxonomy":"product_tag","embeddable":true,"href":"https:\/\/beebipai.ee\/ru\/wp-json\/wp\/v2\/product_tag?post=13055"}],"curies":[{"name":"wp","href":"https:\/\/api.w.org\/{rel}","templated":true}]}}