{"id":12388,"date":"2025-03-21T10:15:45","date_gmt":"2025-03-21T08:15:45","guid":{"rendered":"https:\/\/beebipai.ee\/?post_type=product&#038;p=12388"},"modified":"2026-03-10T12:01:04","modified_gmt":"2026-03-10T10:01:04","slug":"kikkaboo-beebitarvete-kott-siena-secret-garden-beez","status":"publish","type":"product","link":"https:\/\/beebipai.ee\/ru\/product\/kikkaboo-beebitarvete-kott-siena-secret-garden-beez\/","title":{"rendered":"Kikkaboo beebitarvete kott Siena, Secret Garden bee\u017e"},"content":{"rendered":"<div data-elementor-type=\"wp-post\" data-elementor-id=\"12388\" class=\"elementor elementor-12388\">\n\t\t\t\t\t\t<section class=\"elementor-section elementor-top-section elementor-element elementor-element-3d5403e elementor-section-boxed elementor-section-height-default elementor-section-height-default\" data-id=\"3d5403e\" data-element_type=\"section\" data-e-type=\"section\">\n\t\t\t\t\t\t<div class=\"elementor-container elementor-column-gap-default\">\n\t\t\t\t\t<div class=\"elementor-column elementor-col-50 elementor-top-column elementor-element elementor-element-c420177\" data-id=\"c420177\" data-element_type=\"column\" data-e-type=\"column\">\n\t\t\t<div class=\"elementor-widget-wrap elementor-element-populated\">\n\t\t\t\t\t\t<div class=\"elementor-element elementor-element-dff4e9e elementor-widget elementor-widget-heading\" data-id=\"dff4e9e\" data-element_type=\"widget\" data-e-type=\"widget\" data-widget_type=\"heading.default\">\n\t\t\t\t<div class=\"elementor-widget-container\">\n\t\t\t\t\t<h2 class=\"elementor-heading-title elementor-size-default\">\nKikkaboo beebitarvete kott Siena<\/h2>\t\t\t\t<\/div>\n\t\t\t\t<\/div>\n\t\t\t\t<div class=\"elementor-element elementor-element-023f1f2 elementor-widget elementor-widget-text-editor\" data-id=\"023f1f2\" data-element_type=\"widget\" data-e-type=\"widget\" data-widget_type=\"text-editor.default\">\n\t\t\t\t<div class=\"elementor-widget-container\">\n\t\t\t\t\t\t\t\t\t<p>\u0421\u0442\u0438\u043b\u044c\u043d\u0430\u044f \u0440\u043e\u0441\u043a\u043e\u0448\u043d\u0430\u044f \u0441\u0443\u043c\u043a\u0430 \u0434\u043b\u044f \u0434\u0435\u0442\u0441\u043a\u0438\u0445 \u043f\u0440\u0438\u043d\u0430\u0434\u043b\u0435\u0436\u043d\u043e\u0441\u0442\u0435\u0439 \u0438\u0437 \u043c\u0435\u043b\u0430\u043d\u0436\u0435\u0432\u043e\u0439 \u0442\u043a\u0430\u043d\u0438 \u043f\u043e\u0434\u0445\u043e\u0434\u0438\u0442 \u043a\u0430\u043a \u0434\u043b\u044f \u0440\u044e\u043a\u0437\u0430\u043a\u0430, \u0442\u0430\u043a \u0438 \u0434\u043b\u044f \u0441\u0443\u043c\u043e\u0447\u043a\u0438. \u041f\u0440\u0435\u043a\u0440\u0430\u0441\u043d\u043e \u0432\u043c\u0435\u0449\u0430\u0435\u0442 \u043d\u0435\u043e\u0431\u0445\u043e\u0434\u0438\u043c\u044b\u0435 \u0432\u0435\u0449\u0438 \u043a\u0430\u043a \u043c\u0430\u043b\u044b\u0448\u0443, \u0442\u0430\u043a \u0438 \u043c\u0430\u043c\u0435. \u0412 \u043a\u043e\u043c\u043f\u043b\u0435\u043a\u0442 \u0432\u0445\u043e\u0434\u0438\u0442 \u043f\u043e\u0434\u0434\u043e\u043d \u0434\u043b\u044f \u043f\u043e\u0434\u0433\u0443\u0437\u043d\u0438\u043a\u043e\u0432 \u0434\u043b\u044f \u0431\u043e\u043b\u0435\u0435 \u0443\u0434\u043e\u0431\u043d\u043e\u0433\u043e \u043e\u0434\u0435\u0432\u0430\u043d\u0438\u044f \u043c\u0430\u043b\u044b\u0448\u0430.<\/p><p>\u0428\u0438\u0440\u043e\u043a\u043e\u0435 \u043e\u0442\u0432\u0435\u0440\u0441\u0442\u0438\u0435 \u0432 \u043e\u0441\u043d\u043e\u0432\u043d\u043e\u043c \u043a\u0430\u0440\u043c\u0430\u043d\u0435 \u0434\u043b\u044f \u0431\u043e\u043b\u0435\u0435 \u043b\u0435\u0433\u043a\u043e\u0433\u043e \u0438 \u0431\u044b\u0441\u0442\u0440\u043e\u0433\u043e \u0434\u043e\u0441\u0442\u0443\u043f\u0430. \u041e\u0442\u0432\u0435\u0440\u0441\u0442\u0438\u0435 \u043d\u0430 \u043c\u043e\u043b\u043d\u0438\u0438 \u0441\u0437\u0430\u0434\u0438 \u043e\u0431\u0435\u0441\u043f\u0435\u0447\u0438\u0432\u0430\u0435\u0442 \u0431\u044b\u0441\u0442\u0440\u044b\u0439 \u0434\u043e\u0441\u0442\u0443\u043f \u043a\u043e \u0434\u043d\u0443 \u043e\u0441\u043d\u043e\u0432\u043d\u043e\u0433\u043e \u043e\u0442\u0434\u0435\u043b\u0435\u043d\u0438\u044f. \u041b\u0435\u0433\u043a\u043e \u043a\u0440\u0435\u043f\u0438\u0442\u0441\u044f \u043d\u0430 \u0440\u0443\u0447\u043a\u0435 \u043a\u043e\u043b\u044f\u0441\u043a\u0438 \u0441 \u043f\u043e\u043c\u043e\u0449\u044c\u044e \u043a\u043b\u0438\u043f\u0441. \u0412 \u043a\u043e\u043c\u043f\u043b\u0435\u043a\u0442\u0435 \u0438\u0434\u0435\u0442 \u0431\u043e\u043b\u0435\u0435 \u0434\u043b\u0438\u043d\u043d\u044b\u0439 \u0440\u0435\u0433\u0443\u043b\u0438\u0440\u0443\u0435\u043c\u044b\u0439 \u0440\u0435\u043c\u0435\u043d\u044c. \u042d\u043b\u0430\u0441\u0442\u0438\u0447\u043d\u044b\u0439 \u0440\u0435\u0433\u0443\u043b\u044f\u0442\u043e\u0440 \u0434\u043b\u0438\u043d\u044b \u0440\u0443\u0447\u043a\u0438. \u0412 \u043a\u043e\u043c\u043f\u043b\u0435\u043a\u0442\u0435 \u0431\u0440\u0435\u043b\u043e\u043a \u0434\u043b\u044f \u043a\u043b\u044e\u0447\u0435\u0439.\u00a0<\/p><p>\u0420\u0430\u0437\u043b\u0438\u0447\u043d\u044b\u0435 \u043e\u0442\u0434\u0435\u043b\u0435\u043d\u0438\u044f \u0434\u043b\u044f \u043e\u0434\u0435\u0436\u0434\u044b \u0438 \u043f\u043e\u0434\u0433\u0443\u0437\u043d\u0438\u043a\u043e\u0432, \u0430 \u0442\u0430\u043a\u0436\u0435 \u0432\u043e\u0434\u043e\u043d\u0435\u043f\u0440\u043e\u043d\u0438\u0446\u0430\u0435\u043c\u044b\u0435 \u043a\u0430\u0440\u043c\u0430\u043d\u044b \u0434\u043b\u044f \u043c\u043e\u043a\u0440\u044b\u0445 \u0438\u043b\u0438 \u043f\u0440\u043e\u0442\u0435\u043a\u0430\u044e\u0449\u0438\u0445 \u0432\u0435\u0449\u0435\u0439. 3 \u0442\u0435\u0440\u043c\u043e\u043a\u043e\u043d\u0442\u0435\u0439\u043d\u0435\u0440\u0430 \u0434\u043b\u044f \u043f\u043e\u0434\u0434\u0435\u0440\u0436\u0430\u043d\u0438\u044f \u0441\u0442\u0430\u0431\u0438\u043b\u044c\u043d\u043e\u0439 \u0442\u0435\u043c\u043f\u0435\u0440\u0430\u0442\u0443\u0440\u044b \u043c\u043e\u043b\u043e\u043a\u0430, \u0432\u043e\u0434\u044b \u0438 \u0441\u043e\u043a\u0430 \u0432 \u0442\u0435\u0447\u0435\u043d\u0438\u0435 \u043d\u0435\u0441\u043a\u043e\u043b\u044c\u043a\u0438\u0445 \u0447\u0430\u0441\u043e\u0432. \u0414\u0432\u0430 \u044d\u043b\u0430\u0441\u0442\u0438\u0447\u043d\u044b\u0445 \u043a\u0430\u0440\u043c\u0430\u043d\u0430 \u043f\u043e \u0431\u043e\u043a\u0430\u043c \u0434\u043b\u044f \u0431\u044b\u0441\u0442\u0440\u043e \u043d\u0435\u043e\u0431\u0445\u043e\u0434\u0438\u043c\u044b\u0445 \u0432\u0435\u0449\u0435\u0439.<\/p><p>Kott on vastupidav, pika kasutuseaga ja kergesti puhastatav.\u00a0<\/p>\t\t\t\t\t\t\t\t<\/div>\n\t\t\t\t<\/div>\n\t\t\t\t\t<\/div>\n\t\t<\/div>\n\t\t\t\t<div class=\"elementor-column elementor-col-50 elementor-top-column elementor-element elementor-element-3961963\" data-id=\"3961963\" data-element_type=\"column\" data-e-type=\"column\">\n\t\t\t<div class=\"elementor-widget-wrap elementor-element-populated\">\n\t\t\t\t\t\t<div class=\"elementor-element elementor-element-d04b394 elementor-widget elementor-widget-image\" data-id=\"d04b394\" data-element_type=\"widget\" data-e-type=\"widget\" data-widget_type=\"image.default\">\n\t\t\t\t<div class=\"elementor-widget-container\">\n\t\t\t\t\t\t\t\t\t\t\t\t\t\t\t<img fetchpriority=\"high\" decoding=\"async\" width=\"522\" height=\"522\" src=\"https:\/\/beebipai.ee\/wp-content\/uploads\/2025\/03\/Kikkaboo-beebitarvete-kott-Secret-Garden-beez-9.jpg\" class=\"attachment-large size-large wp-image-12397\" alt=\"\" srcset=\"https:\/\/beebipai.ee\/wp-content\/uploads\/2025\/03\/Kikkaboo-beebitarvete-kott-Secret-Garden-beez-9.jpg 522w, https:\/\/beebipai.ee\/wp-content\/uploads\/2025\/03\/Kikkaboo-beebitarvete-kott-Secret-Garden-beez-9-300x300.jpg 300w, https:\/\/beebipai.ee\/wp-content\/uploads\/2025\/03\/Kikkaboo-beebitarvete-kott-Secret-Garden-beez-9-150x150.jpg 150w, https:\/\/beebipai.ee\/wp-content\/uploads\/2025\/03\/Kikkaboo-beebitarvete-kott-Secret-Garden-beez-9-12x12.jpg 12w, https:\/\/beebipai.ee\/wp-content\/uploads\/2025\/03\/Kikkaboo-beebitarvete-kott-Secret-Garden-beez-9-100x100.jpg 100w\" sizes=\"(max-width: 522px) 100vw, 522px\" \/>\t\t\t\t\t\t\t\t\t\t\t\t\t\t\t<\/div>\n\t\t\t\t<\/div>\n\t\t\t\t\t<\/div>\n\t\t<\/div>\n\t\t\t\t\t<\/div>\n\t\t<\/section>\n\t\t\t\t<\/div>","protected":false},"excerpt":{"rendered":"<p>Kikkaboo beebitarvete kott Siena on mugav, praktiline ja stiilne. Multifunktsionaalne kott \u00fchendab ilusa v\u00e4limuse praktilisusega, tagades et k\u00f5ik vajalikud asjad oleksid k\u00e4eulatuses.\u00a0 Kotti mahutad k\u00f5ik vajalikud asjad nii endale kui ka beebile. Hooldusvahenditest s\u00f6\u00f6gitarveteni.<\/p>","protected":false},"featured_media":12390,"template":"","meta":{"_monsterinsights_skip_tracking":false,"_monsterinsights_sitenote_active":false,"_monsterinsights_sitenote_note":"","_monsterinsights_sitenote_category":0,"site-sidebar-layout":"no-sidebar","site-content-layout":"page-builder","ast-site-content-layout":"full-width-container","site-content-style":"default","site-sidebar-style":"default","ast-global-header-display":"","ast-banner-title-visibility":"","ast-main-header-display":"","ast-hfb-above-header-display":"","ast-hfb-below-header-display":"","ast-hfb-mobile-header-display":"","site-post-title":"disabled","ast-breadcrumbs-content":"","ast-featured-img":"disabled","footer-sml-layout":"","ast-disable-related-posts":"","theme-transparent-header-meta":"default","adv-header-id-meta":"","stick-header-meta":"","header-above-stick-meta":"","header-main-stick-meta":"","header-below-stick-meta":"","astra-migrate-meta-layouts":"set","ast-page-background-enabled":"default","ast-page-background-meta":{"desktop":{"background-color":"","background-image":"","background-repeat":"repeat","background-position":"center center","background-size":"auto","background-attachment":"scroll","background-type":"","background-media":"","overlay-type":"","overlay-color":"","overlay-opacity":"","overlay-gradient":""},"tablet":{"background-color":"","background-image":"","background-repeat":"repeat","background-position":"center center","background-size":"auto","background-attachment":"scroll","background-type":"","background-media":"","overlay-type":"","overlay-color":"","overlay-opacity":"","overlay-gradient":""},"mobile":{"background-color":"","background-image":"","background-repeat":"repeat","background-position":"center center","background-size":"auto","background-attachment":"scroll","background-type":"","background-media":"","overlay-type":"","overlay-color":"","overlay-opacity":"","overlay-gradient":""}},"ast-content-background-meta":{"desktop":{"background-color":"var(--ast-global-color-5)","background-image":"","background-repeat":"repeat","background-position":"center center","background-size":"auto","background-attachment":"scroll","background-type":"","background-media":"","overlay-type":"","overlay-color":"","overlay-opacity":"","overlay-gradient":""},"tablet":{"background-color":"var(--ast-global-color-5)","background-image":"","background-repeat":"repeat","background-position":"center center","background-size":"auto","background-attachment":"scroll","background-type":"","background-media":"","overlay-type":"","overlay-color":"","overlay-opacity":"","overlay-gradient":""},"mobile":{"background-color":"var(--ast-global-color-5)","background-image":"","background-repeat":"repeat","background-position":"center center","background-size":"auto","background-attachment":"scroll","background-type":"","background-media":"","overlay-type":"","overlay-color":"","overlay-opacity":"","overlay-gradient":""}}},"product_brand":[],"product_cat":[157,22],"product_tag":[],"class_list":{"0":"post-12388","1":"product","2":"type-product","3":"status-publish","4":"has-post-thumbnail","6":"product_cat-beebitarvete-kotid","7":"product_cat-emale","8":"desktop-align-left","9":"tablet-align-left","10":"mobile-align-left","12":"first","13":"outofstock","14":"taxable","15":"shipping-taxable","16":"purchasable","17":"product-type-simple"},"yoast_head":"<!-- This site is optimized with the Yoast SEO plugin v27.4 - https:\/\/yoast.com\/product\/yoast-seo-wordpress\/ -->\n<title>Kikkaboo beebitarvete kott Siena, Secret Garden bee\u017e - Beebipai<\/title>\n<meta name=\"description\" content=\"Kikkaboo beebitarvete kott Siena on mugav ja praktiline, mahutad sinna asjad nii endale kui ka beebile.. Vaata toodet Kikkaboo beebitarvete kott Siena!\" \/>\n<meta name=\"robots\" content=\"index, follow, max-snippet:-1, max-image-preview:large, max-video-preview:-1\" \/>\n<link rel=\"canonical\" href=\"https:\/\/beebipai.ee\/ru\/product\/kikkaboo-beebitarvete-kott-siena-secret-garden-beez\/\" \/>\n<meta property=\"og:locale\" content=\"ru_RU\" \/>\n<meta property=\"og:type\" content=\"article\" \/>\n<meta property=\"og:title\" content=\"Kikkaboo beebitarvete kott Siena, Secret Garden bee\u017e - Beebipai\" \/>\n<meta property=\"og:description\" content=\"Kikkaboo beebitarvete kott Siena on mugav ja praktiline, mahutad sinna asjad nii endale kui ka beebile.. Vaata toodet Kikkaboo beebitarvete kott Siena!\" \/>\n<meta property=\"og:url\" content=\"https:\/\/beebipai.ee\/ru\/product\/kikkaboo-beebitarvete-kott-siena-secret-garden-beez\/\" \/>\n<meta property=\"og:site_name\" content=\"Beebipai\" \/>\n<meta property=\"article:modified_time\" content=\"2026-03-10T10:01:04+00:00\" \/>\n<meta property=\"og:image\" content=\"https:\/\/beebipai.ee\/wp-content\/uploads\/2025\/03\/Kikkaboo-beebitarvete-kott-Secret-Garden-beez-2.jpg\" \/>\n\t<meta property=\"og:image:width\" content=\"522\" \/>\n\t<meta property=\"og:image:height\" content=\"522\" \/>\n\t<meta property=\"og:image:type\" content=\"image\/jpeg\" \/>\n<meta name=\"twitter:card\" content=\"summary_large_image\" \/>\n<meta name=\"twitter:label1\" content=\"\u041f\u0440\u0438\u043c\u0435\u0440\u043d\u043e\u0435 \u0432\u0440\u0435\u043c\u044f \u0434\u043b\u044f \u0447\u0442\u0435\u043d\u0438\u044f\" \/>\n\t<meta name=\"twitter:data1\" content=\"1 \u043c\u0438\u043d\u0443\u0442\u0430\" \/>\n<script type=\"application\/ld+json\" class=\"yoast-schema-graph\">{\"@context\":\"https:\\\/\\\/schema.org\",\"@graph\":[{\"@type\":\"WebPage\",\"@id\":\"https:\\\/\\\/beebipai.ee\\\/product\\\/kikkaboo-beebitarvete-kott-siena-secret-garden-beez\\\/\",\"url\":\"https:\\\/\\\/beebipai.ee\\\/product\\\/kikkaboo-beebitarvete-kott-siena-secret-garden-beez\\\/\",\"name\":\"Kikkaboo beebitarvete kott Siena, Secret Garden bee\u017e - Beebipai\",\"isPartOf\":{\"@id\":\"https:\\\/\\\/beebipai.ee\\\/en\\\/#website\"},\"primaryImageOfPage\":{\"@id\":\"https:\\\/\\\/beebipai.ee\\\/product\\\/kikkaboo-beebitarvete-kott-siena-secret-garden-beez\\\/#primaryimage\"},\"image\":{\"@id\":\"https:\\\/\\\/beebipai.ee\\\/product\\\/kikkaboo-beebitarvete-kott-siena-secret-garden-beez\\\/#primaryimage\"},\"thumbnailUrl\":\"https:\\\/\\\/beebipai.ee\\\/wp-content\\\/uploads\\\/2025\\\/03\\\/Kikkaboo-beebitarvete-kott-Secret-Garden-beez-2.jpg\",\"datePublished\":\"2025-03-21T08:15:45+00:00\",\"dateModified\":\"2026-03-10T10:01:04+00:00\",\"description\":\"Kikkaboo beebitarvete kott Siena on mugav ja praktiline, mahutad sinna asjad nii endale kui ka beebile.. Vaata toodet Kikkaboo beebitarvete kott Siena!\",\"breadcrumb\":{\"@id\":\"https:\\\/\\\/beebipai.ee\\\/product\\\/kikkaboo-beebitarvete-kott-siena-secret-garden-beez\\\/#breadcrumb\"},\"inLanguage\":\"ru-RU\",\"potentialAction\":[{\"@type\":\"ReadAction\",\"target\":[\"https:\\\/\\\/beebipai.ee\\\/product\\\/kikkaboo-beebitarvete-kott-siena-secret-garden-beez\\\/\"]}]},{\"@type\":\"ImageObject\",\"inLanguage\":\"ru-RU\",\"@id\":\"https:\\\/\\\/beebipai.ee\\\/product\\\/kikkaboo-beebitarvete-kott-siena-secret-garden-beez\\\/#primaryimage\",\"url\":\"https:\\\/\\\/beebipai.ee\\\/wp-content\\\/uploads\\\/2025\\\/03\\\/Kikkaboo-beebitarvete-kott-Secret-Garden-beez-2.jpg\",\"contentUrl\":\"https:\\\/\\\/beebipai.ee\\\/wp-content\\\/uploads\\\/2025\\\/03\\\/Kikkaboo-beebitarvete-kott-Secret-Garden-beez-2.jpg\",\"width\":522,\"height\":522},{\"@type\":\"BreadcrumbList\",\"@id\":\"https:\\\/\\\/beebipai.ee\\\/product\\\/kikkaboo-beebitarvete-kott-siena-secret-garden-beez\\\/#breadcrumb\",\"itemListElement\":[{\"@type\":\"ListItem\",\"position\":1,\"name\":\"Home\",\"item\":\"https:\\\/\\\/beebipai.ee\\\/\"},{\"@type\":\"ListItem\",\"position\":2,\"name\":\"Pood\",\"item\":\"https:\\\/\\\/beebipai.ee\\\/store\\\/\"},{\"@type\":\"ListItem\",\"position\":3,\"name\":\"Kikkaboo beebitarvete kott Siena, Secret Garden bee\u017e\"}]},{\"@type\":\"WebSite\",\"@id\":\"https:\\\/\\\/beebipai.ee\\\/en\\\/#website\",\"url\":\"https:\\\/\\\/beebipai.ee\\\/en\\\/\",\"name\":\"Beebipai\",\"description\":\"Rasedate ja beebide veebipood\",\"potentialAction\":[{\"@type\":\"SearchAction\",\"target\":{\"@type\":\"EntryPoint\",\"urlTemplate\":\"https:\\\/\\\/beebipai.ee\\\/en\\\/?s={search_term_string}\"},\"query-input\":{\"@type\":\"PropertyValueSpecification\",\"valueRequired\":true,\"valueName\":\"search_term_string\"}}],\"inLanguage\":\"ru-RU\"}]}<\/script>\n<!-- \/ Yoast SEO plugin. -->","yoast_head_json":{"title":"Kikkaboo beebitarvete kott Siena, Secret Garden bee\u017e - Beebipai","description":"Kikkaboo beebitarvete kott Siena on mugav ja praktiline, mahutad sinna asjad nii endale kui ka beebile.. Vaata toodet Kikkaboo beebitarvete kott Siena!","robots":{"index":"index","follow":"follow","max-snippet":"max-snippet:-1","max-image-preview":"max-image-preview:large","max-video-preview":"max-video-preview:-1"},"canonical":"https:\/\/beebipai.ee\/ru\/product\/kikkaboo-beebitarvete-kott-siena-secret-garden-beez\/","og_locale":"ru_RU","og_type":"article","og_title":"Kikkaboo beebitarvete kott Siena, Secret Garden bee\u017e - Beebipai","og_description":"Kikkaboo beebitarvete kott Siena on mugav ja praktiline, mahutad sinna asjad nii endale kui ka beebile.. Vaata toodet Kikkaboo beebitarvete kott Siena!","og_url":"https:\/\/beebipai.ee\/ru\/product\/kikkaboo-beebitarvete-kott-siena-secret-garden-beez\/","og_site_name":"Beebipai","article_modified_time":"2026-03-10T10:01:04+00:00","og_image":[{"width":522,"height":522,"url":"https:\/\/beebipai.ee\/wp-content\/uploads\/2025\/03\/Kikkaboo-beebitarvete-kott-Secret-Garden-beez-2.jpg","type":"image\/jpeg"}],"twitter_card":"summary_large_image","twitter_misc":{"\u041f\u0440\u0438\u043c\u0435\u0440\u043d\u043e\u0435 \u0432\u0440\u0435\u043c\u044f \u0434\u043b\u044f \u0447\u0442\u0435\u043d\u0438\u044f":"1 \u043c\u0438\u043d\u0443\u0442\u0430"},"schema":{"@context":"https:\/\/schema.org","@graph":[{"@type":"WebPage","@id":"https:\/\/beebipai.ee\/product\/kikkaboo-beebitarvete-kott-siena-secret-garden-beez\/","url":"https:\/\/beebipai.ee\/product\/kikkaboo-beebitarvete-kott-siena-secret-garden-beez\/","name":"Kikkaboo beebitarvete kott Siena, Secret Garden bee\u017e - Beebipai","isPartOf":{"@id":"https:\/\/beebipai.ee\/en\/#website"},"primaryImageOfPage":{"@id":"https:\/\/beebipai.ee\/product\/kikkaboo-beebitarvete-kott-siena-secret-garden-beez\/#primaryimage"},"image":{"@id":"https:\/\/beebipai.ee\/product\/kikkaboo-beebitarvete-kott-siena-secret-garden-beez\/#primaryimage"},"thumbnailUrl":"https:\/\/beebipai.ee\/wp-content\/uploads\/2025\/03\/Kikkaboo-beebitarvete-kott-Secret-Garden-beez-2.jpg","datePublished":"2025-03-21T08:15:45+00:00","dateModified":"2026-03-10T10:01:04+00:00","description":"Kikkaboo beebitarvete kott Siena on mugav ja praktiline, mahutad sinna asjad nii endale kui ka beebile.. Vaata toodet Kikkaboo beebitarvete kott Siena!","breadcrumb":{"@id":"https:\/\/beebipai.ee\/product\/kikkaboo-beebitarvete-kott-siena-secret-garden-beez\/#breadcrumb"},"inLanguage":"ru-RU","potentialAction":[{"@type":"ReadAction","target":["https:\/\/beebipai.ee\/product\/kikkaboo-beebitarvete-kott-siena-secret-garden-beez\/"]}]},{"@type":"ImageObject","inLanguage":"ru-RU","@id":"https:\/\/beebipai.ee\/product\/kikkaboo-beebitarvete-kott-siena-secret-garden-beez\/#primaryimage","url":"https:\/\/beebipai.ee\/wp-content\/uploads\/2025\/03\/Kikkaboo-beebitarvete-kott-Secret-Garden-beez-2.jpg","contentUrl":"https:\/\/beebipai.ee\/wp-content\/uploads\/2025\/03\/Kikkaboo-beebitarvete-kott-Secret-Garden-beez-2.jpg","width":522,"height":522},{"@type":"BreadcrumbList","@id":"https:\/\/beebipai.ee\/product\/kikkaboo-beebitarvete-kott-siena-secret-garden-beez\/#breadcrumb","itemListElement":[{"@type":"ListItem","position":1,"name":"Home","item":"https:\/\/beebipai.ee\/"},{"@type":"ListItem","position":2,"name":"Pood","item":"https:\/\/beebipai.ee\/store\/"},{"@type":"ListItem","position":3,"name":"Kikkaboo beebitarvete kott Siena, Secret Garden bee\u017e"}]},{"@type":"WebSite","@id":"https:\/\/beebipai.ee\/en\/#website","url":"https:\/\/beebipai.ee\/en\/","name":"Beebipai","description":"Rasedate ja beebide veebipood","potentialAction":[{"@type":"SearchAction","target":{"@type":"EntryPoint","urlTemplate":"https:\/\/beebipai.ee\/en\/?s={search_term_string}"},"query-input":{"@type":"PropertyValueSpecification","valueRequired":true,"valueName":"search_term_string"}}],"inLanguage":"ru-RU"}]}},"_links":{"self":[{"href":"https:\/\/beebipai.ee\/ru\/wp-json\/wp\/v2\/product\/12388","targetHints":{"allow":["GET"]}}],"collection":[{"href":"https:\/\/beebipai.ee\/ru\/wp-json\/wp\/v2\/product"}],"about":[{"href":"https:\/\/beebipai.ee\/ru\/wp-json\/wp\/v2\/types\/product"}],"version-history":[{"count":5,"href":"https:\/\/beebipai.ee\/ru\/wp-json\/wp\/v2\/product\/12388\/revisions"}],"predecessor-version":[{"id":12404,"href":"https:\/\/beebipai.ee\/ru\/wp-json\/wp\/v2\/product\/12388\/revisions\/12404"}],"wp:featuredmedia":[{"embeddable":true,"href":"https:\/\/beebipai.ee\/ru\/wp-json\/wp\/v2\/media\/12390"}],"wp:attachment":[{"href":"https:\/\/beebipai.ee\/ru\/wp-json\/wp\/v2\/media?parent=12388"}],"wp:term":[{"taxonomy":"product_brand","embeddable":true,"href":"https:\/\/beebipai.ee\/ru\/wp-json\/wp\/v2\/product_brand?post=12388"},{"taxonomy":"product_cat","embeddable":true,"href":"https:\/\/beebipai.ee\/ru\/wp-json\/wp\/v2\/product_cat?post=12388"},{"taxonomy":"product_tag","embeddable":true,"href":"https:\/\/beebipai.ee\/ru\/wp-json\/wp\/v2\/product_tag?post=12388"}],"curies":[{"name":"wp","href":"https:\/\/api.w.org\/{rel}","templated":true}]}}