{"id":11937,"date":"2024-12-09T11:58:19","date_gmt":"2024-12-09T09:58:19","guid":{"rendered":"https:\/\/beebipai.ee\/?post_type=product&#038;p=11937"},"modified":"2026-03-10T12:05:03","modified_gmt":"2026-03-10T10:05:03","slug":"seraphine-toetavad-sunnitusjargsed-aluspuksid","status":"publish","type":"product","link":"https:\/\/beebipai.ee\/ru\/product\/seraphine-toetavad-sunnitusjargsed-aluspuksid\/","title":{"rendered":"Seraphine s\u00fcnnitusj\u00e4rgsed toetavad alusp\u00fcksid, 2tk pakis"},"content":{"rendered":"<div data-elementor-type=\"wp-post\" data-elementor-id=\"11937\" class=\"elementor elementor-11937\">\n\t\t\t\t\t\t<section class=\"elementor-section elementor-top-section elementor-element elementor-element-d7691eb elementor-section-boxed elementor-section-height-default elementor-section-height-default\" data-id=\"d7691eb\" data-element_type=\"section\" data-e-type=\"section\">\n\t\t\t\t\t\t<div class=\"elementor-container elementor-column-gap-default\">\n\t\t\t\t\t<div class=\"elementor-column elementor-col-50 elementor-top-column elementor-element elementor-element-1bbcb76\" data-id=\"1bbcb76\" data-element_type=\"column\" data-e-type=\"column\">\n\t\t\t<div class=\"elementor-widget-wrap elementor-element-populated\">\n\t\t\t\t\t\t<div class=\"elementor-element elementor-element-1e38279 elementor-widget elementor-widget-heading\" data-id=\"1e38279\" data-element_type=\"widget\" data-e-type=\"widget\" data-widget_type=\"heading.default\">\n\t\t\t\t<div class=\"elementor-widget-container\">\n\t\t\t\t\t<h2 class=\"elementor-heading-title elementor-size-default\">Seraphine s\u00fcnnitusj\u00e4rgsed toetavad alusp\u00fcksid<\/h2>\t\t\t\t<\/div>\n\t\t\t\t<\/div>\n\t\t\t\t<div class=\"elementor-element elementor-element-edde2f3 elementor-widget elementor-widget-text-editor\" data-id=\"edde2f3\" data-element_type=\"widget\" data-e-type=\"widget\" data-widget_type=\"text-editor.default\">\n\t\t\t\t<div class=\"elementor-widget-container\">\n\t\t\t\t\t\t\t\t\t<p>Seraphine s\u00fcnnitusj\u00e4rgsed k\u00f5rge pihaga alusp\u00fcksid on ideaalsed s\u00fcnnitusj\u00e4rgseks perioodiks. P\u00fcksid on pehmed ja \u00f5mblustevabad, mis v\u00e4listab soonimise ja ebameeldivuse kandmisel.\u00a0<\/p><p>Alusp\u00fckste k\u00f5huosa on kompresseeriv, mis tagab vajaliku toetuse ning kiirendab s\u00fcnnitusj\u00e4rgset taastumist. Kompressiooniaste on keskmine. K\u00f5rge pihaga toetavad alusp\u00fcksid sobivad kasutamiseks ka keisril\u00f5ike j\u00e4rgsel perioodil.\u00a0<\/p>\t\t\t\t\t\t\t\t<\/div>\n\t\t\t\t<\/div>\n\t\t\t\t\t<\/div>\n\t\t<\/div>\n\t\t\t\t<div class=\"elementor-column elementor-col-50 elementor-top-column elementor-element elementor-element-7dc65cd\" data-id=\"7dc65cd\" data-element_type=\"column\" data-e-type=\"column\">\n\t\t\t<div class=\"elementor-widget-wrap elementor-element-populated\">\n\t\t\t\t\t\t<div class=\"elementor-element elementor-element-76f08b8 elementor-widget elementor-widget-image\" data-id=\"76f08b8\" data-element_type=\"widget\" data-e-type=\"widget\" data-widget_type=\"image.default\">\n\t\t\t\t<div class=\"elementor-widget-container\">\n\t\t\t\t\t\t\t\t\t\t\t\t\t\t\t<img fetchpriority=\"high\" decoding=\"async\" width=\"800\" height=\"1024\" src=\"https:\/\/beebipai.ee\/wp-content\/uploads\/2024\/12\/Seraphine-sunnitusjargsed-aluspuksid-5-800x1024.jpg\" class=\"attachment-large size-large wp-image-11966\" alt=\"\" srcset=\"https:\/\/beebipai.ee\/wp-content\/uploads\/2024\/12\/Seraphine-sunnitusjargsed-aluspuksid-5-800x1024.jpg 800w, https:\/\/beebipai.ee\/wp-content\/uploads\/2024\/12\/Seraphine-sunnitusjargsed-aluspuksid-5-234x300.jpg 234w, https:\/\/beebipai.ee\/wp-content\/uploads\/2024\/12\/Seraphine-sunnitusjargsed-aluspuksid-5-768x983.jpg 768w, https:\/\/beebipai.ee\/wp-content\/uploads\/2024\/12\/Seraphine-sunnitusjargsed-aluspuksid-5-1200x1536.jpg 1200w, https:\/\/beebipai.ee\/wp-content\/uploads\/2024\/12\/Seraphine-sunnitusjargsed-aluspuksid-5-9x12.jpg 9w, https:\/\/beebipai.ee\/wp-content\/uploads\/2024\/12\/Seraphine-sunnitusjargsed-aluspuksid-5-600x768.jpg 600w, https:\/\/beebipai.ee\/wp-content\/uploads\/2024\/12\/Seraphine-sunnitusjargsed-aluspuksid-5-e1733917235239.jpg 500w\" sizes=\"(max-width: 800px) 100vw, 800px\" \/>\t\t\t\t\t\t\t\t\t\t\t\t\t\t\t<\/div>\n\t\t\t\t<\/div>\n\t\t\t\t\t<\/div>\n\t\t<\/div>\n\t\t\t\t\t<\/div>\n\t\t<\/section>\n\t\t\t\t<\/div>","protected":false},"excerpt":{"rendered":"<p>Pehmed ja \u00f5mblustevabad k\u00f5rge pihaga alusp\u00fcksid on ideaalsed s\u00fcnnitusj\u00e4rgseks perioodiks. Annavad kerge toetuse k\u00f5hule ning kiirendavad taastumisprotsessi.<\/p>\n<p>Pakis 2tk.<\/p>","protected":false},"featured_media":11969,"template":"","meta":{"_monsterinsights_skip_tracking":false,"_monsterinsights_sitenote_active":false,"_monsterinsights_sitenote_note":"","_monsterinsights_sitenote_category":0,"site-sidebar-layout":"no-sidebar","site-content-layout":"page-builder","ast-site-content-layout":"full-width-container","site-content-style":"default","site-sidebar-style":"default","ast-global-header-display":"","ast-banner-title-visibility":"","ast-main-header-display":"","ast-hfb-above-header-display":"","ast-hfb-below-header-display":"","ast-hfb-mobile-header-display":"","site-post-title":"disabled","ast-breadcrumbs-content":"","ast-featured-img":"disabled","footer-sml-layout":"","ast-disable-related-posts":"","theme-transparent-header-meta":"default","adv-header-id-meta":"","stick-header-meta":"","header-above-stick-meta":"","header-main-stick-meta":"","header-below-stick-meta":"","astra-migrate-meta-layouts":"set","ast-page-background-enabled":"default","ast-page-background-meta":{"desktop":{"background-color":"","background-image":"","background-repeat":"repeat","background-position":"center center","background-size":"auto","background-attachment":"scroll","background-type":"","background-media":"","overlay-type":"","overlay-color":"","overlay-opacity":"","overlay-gradient":""},"tablet":{"background-color":"","background-image":"","background-repeat":"repeat","background-position":"center center","background-size":"auto","background-attachment":"scroll","background-type":"","background-media":"","overlay-type":"","overlay-color":"","overlay-opacity":"","overlay-gradient":""},"mobile":{"background-color":"","background-image":"","background-repeat":"repeat","background-position":"center center","background-size":"auto","background-attachment":"scroll","background-type":"","background-media":"","overlay-type":"","overlay-color":"","overlay-opacity":"","overlay-gradient":""}},"ast-content-background-meta":{"desktop":{"background-color":"var(--ast-global-color-5)","background-image":"","background-repeat":"repeat","background-position":"center center","background-size":"auto","background-attachment":"scroll","background-type":"","background-media":"","overlay-type":"","overlay-color":"","overlay-opacity":"","overlay-gradient":""},"tablet":{"background-color":"var(--ast-global-color-5)","background-image":"","background-repeat":"repeat","background-position":"center center","background-size":"auto","background-attachment":"scroll","background-type":"","background-media":"","overlay-type":"","overlay-color":"","overlay-opacity":"","overlay-gradient":""},"mobile":{"background-color":"var(--ast-global-color-5)","background-image":"","background-repeat":"repeat","background-position":"center center","background-size":"auto","background-attachment":"scroll","background-type":"","background-media":"","overlay-type":"","overlay-color":"","overlay-opacity":"","overlay-gradient":""}}},"product_brand":[],"product_cat":[22,133],"product_tag":[],"class_list":{"0":"post-11937","1":"product","2":"type-product","3":"status-publish","4":"has-post-thumbnail","6":"product_cat-emale","7":"product_cat-riided-rasedatele-ja-rinnaga-toitvatele-emadele","8":"desktop-align-left","9":"tablet-align-left","10":"mobile-align-left","12":"first","13":"instock","14":"taxable","15":"shipping-taxable","16":"purchasable","17":"product-type-variable"},"yoast_head":"<!-- This site is optimized with the Yoast SEO plugin v27.3 - https:\/\/yoast.com\/product\/yoast-seo-wordpress\/ -->\n<title>Seraphine s\u00fcnnitusj\u00e4rgsed toetavad alusp\u00fcksid, 2tk pakis - Beebipai<\/title>\n<meta name=\"description\" content=\"Seraphine s\u00fcnnitusj\u00e4rgsed toetavad alusp\u00fcksid on pehmed ja \u00f5mblustevabad. Ideaalsed s\u00fcnnitusj\u00e4rgseks perioodiks. Vaata toodet!\" \/>\n<meta name=\"robots\" content=\"index, follow, max-snippet:-1, max-image-preview:large, max-video-preview:-1\" \/>\n<link rel=\"canonical\" href=\"https:\/\/beebipai.ee\/ru\/product\/seraphine-toetavad-sunnitusjargsed-aluspuksid\/\" \/>\n<meta property=\"og:locale\" content=\"ru_RU\" \/>\n<meta property=\"og:type\" content=\"article\" \/>\n<meta property=\"og:title\" content=\"Seraphine s\u00fcnnitusj\u00e4rgsed toetavad alusp\u00fcksid, 2tk pakis - Beebipai\" \/>\n<meta property=\"og:description\" content=\"Seraphine s\u00fcnnitusj\u00e4rgsed toetavad alusp\u00fcksid on pehmed ja \u00f5mblustevabad. Ideaalsed s\u00fcnnitusj\u00e4rgseks perioodiks. Vaata toodet!\" \/>\n<meta property=\"og:url\" content=\"https:\/\/beebipai.ee\/ru\/product\/seraphine-toetavad-sunnitusjargsed-aluspuksid\/\" \/>\n<meta property=\"og:site_name\" content=\"Beebipai\" \/>\n<meta property=\"article:modified_time\" content=\"2026-03-10T10:05:03+00:00\" \/>\n<meta property=\"og:image\" content=\"https:\/\/beebipai.ee\/wp-content\/uploads\/2024\/12\/Seraphine-sunnitusjargsed-aluspuksid-e1733917177722.jpg\" \/>\n\t<meta property=\"og:image:width\" content=\"500\" \/>\n\t<meta property=\"og:image:height\" content=\"640\" \/>\n\t<meta property=\"og:image:type\" content=\"image\/jpeg\" \/>\n<meta name=\"twitter:card\" content=\"summary_large_image\" \/>\n<script type=\"application\/ld+json\" class=\"yoast-schema-graph\">{\"@context\":\"https:\\\/\\\/schema.org\",\"@graph\":[{\"@type\":\"WebPage\",\"@id\":\"https:\\\/\\\/beebipai.ee\\\/product\\\/seraphine-toetavad-sunnitusjargsed-aluspuksid\\\/\",\"url\":\"https:\\\/\\\/beebipai.ee\\\/product\\\/seraphine-toetavad-sunnitusjargsed-aluspuksid\\\/\",\"name\":\"Seraphine s\u00fcnnitusj\u00e4rgsed toetavad alusp\u00fcksid, 2tk pakis - Beebipai\",\"isPartOf\":{\"@id\":\"https:\\\/\\\/beebipai.ee\\\/en\\\/#website\"},\"primaryImageOfPage\":{\"@id\":\"https:\\\/\\\/beebipai.ee\\\/product\\\/seraphine-toetavad-sunnitusjargsed-aluspuksid\\\/#primaryimage\"},\"image\":{\"@id\":\"https:\\\/\\\/beebipai.ee\\\/product\\\/seraphine-toetavad-sunnitusjargsed-aluspuksid\\\/#primaryimage\"},\"thumbnailUrl\":\"https:\\\/\\\/beebipai.ee\\\/wp-content\\\/uploads\\\/2024\\\/12\\\/Seraphine-sunnitusjargsed-aluspuksid-e1733917177722.jpg\",\"datePublished\":\"2024-12-09T09:58:19+00:00\",\"dateModified\":\"2026-03-10T10:05:03+00:00\",\"description\":\"Seraphine s\u00fcnnitusj\u00e4rgsed toetavad alusp\u00fcksid on pehmed ja \u00f5mblustevabad. Ideaalsed s\u00fcnnitusj\u00e4rgseks perioodiks. Vaata toodet!\",\"breadcrumb\":{\"@id\":\"https:\\\/\\\/beebipai.ee\\\/product\\\/seraphine-toetavad-sunnitusjargsed-aluspuksid\\\/#breadcrumb\"},\"inLanguage\":\"ru-RU\",\"potentialAction\":[{\"@type\":\"ReadAction\",\"target\":[\"https:\\\/\\\/beebipai.ee\\\/product\\\/seraphine-toetavad-sunnitusjargsed-aluspuksid\\\/\"]}]},{\"@type\":\"ImageObject\",\"inLanguage\":\"ru-RU\",\"@id\":\"https:\\\/\\\/beebipai.ee\\\/product\\\/seraphine-toetavad-sunnitusjargsed-aluspuksid\\\/#primaryimage\",\"url\":\"https:\\\/\\\/beebipai.ee\\\/wp-content\\\/uploads\\\/2024\\\/12\\\/Seraphine-sunnitusjargsed-aluspuksid-e1733917177722.jpg\",\"contentUrl\":\"https:\\\/\\\/beebipai.ee\\\/wp-content\\\/uploads\\\/2024\\\/12\\\/Seraphine-sunnitusjargsed-aluspuksid-e1733917177722.jpg\",\"width\":500,\"height\":640},{\"@type\":\"BreadcrumbList\",\"@id\":\"https:\\\/\\\/beebipai.ee\\\/product\\\/seraphine-toetavad-sunnitusjargsed-aluspuksid\\\/#breadcrumb\",\"itemListElement\":[{\"@type\":\"ListItem\",\"position\":1,\"name\":\"Home\",\"item\":\"https:\\\/\\\/beebipai.ee\\\/\"},{\"@type\":\"ListItem\",\"position\":2,\"name\":\"Pood\",\"item\":\"https:\\\/\\\/beebipai.ee\\\/store\\\/\"},{\"@type\":\"ListItem\",\"position\":3,\"name\":\"Seraphine s\u00fcnnitusj\u00e4rgsed toetavad alusp\u00fcksid, 2tk pakis\"}]},{\"@type\":\"WebSite\",\"@id\":\"https:\\\/\\\/beebipai.ee\\\/en\\\/#website\",\"url\":\"https:\\\/\\\/beebipai.ee\\\/en\\\/\",\"name\":\"Beebipai\",\"description\":\"Rasedate ja beebide veebipood\",\"potentialAction\":[{\"@type\":\"SearchAction\",\"target\":{\"@type\":\"EntryPoint\",\"urlTemplate\":\"https:\\\/\\\/beebipai.ee\\\/en\\\/?s={search_term_string}\"},\"query-input\":{\"@type\":\"PropertyValueSpecification\",\"valueRequired\":true,\"valueName\":\"search_term_string\"}}],\"inLanguage\":\"ru-RU\"}]}<\/script>\n<!-- \/ Yoast SEO plugin. -->","yoast_head_json":{"title":"Seraphine s\u00fcnnitusj\u00e4rgsed toetavad alusp\u00fcksid, 2tk pakis - Beebipai","description":"Seraphine s\u00fcnnitusj\u00e4rgsed toetavad alusp\u00fcksid on pehmed ja \u00f5mblustevabad. Ideaalsed s\u00fcnnitusj\u00e4rgseks perioodiks. Vaata toodet!","robots":{"index":"index","follow":"follow","max-snippet":"max-snippet:-1","max-image-preview":"max-image-preview:large","max-video-preview":"max-video-preview:-1"},"canonical":"https:\/\/beebipai.ee\/ru\/product\/seraphine-toetavad-sunnitusjargsed-aluspuksid\/","og_locale":"ru_RU","og_type":"article","og_title":"Seraphine s\u00fcnnitusj\u00e4rgsed toetavad alusp\u00fcksid, 2tk pakis - Beebipai","og_description":"Seraphine s\u00fcnnitusj\u00e4rgsed toetavad alusp\u00fcksid on pehmed ja \u00f5mblustevabad. Ideaalsed s\u00fcnnitusj\u00e4rgseks perioodiks. Vaata toodet!","og_url":"https:\/\/beebipai.ee\/ru\/product\/seraphine-toetavad-sunnitusjargsed-aluspuksid\/","og_site_name":"Beebipai","article_modified_time":"2026-03-10T10:05:03+00:00","og_image":[{"width":500,"height":640,"url":"https:\/\/beebipai.ee\/wp-content\/uploads\/2024\/12\/Seraphine-sunnitusjargsed-aluspuksid-e1733917177722.jpg","type":"image\/jpeg"}],"twitter_card":"summary_large_image","schema":{"@context":"https:\/\/schema.org","@graph":[{"@type":"WebPage","@id":"https:\/\/beebipai.ee\/product\/seraphine-toetavad-sunnitusjargsed-aluspuksid\/","url":"https:\/\/beebipai.ee\/product\/seraphine-toetavad-sunnitusjargsed-aluspuksid\/","name":"Seraphine s\u00fcnnitusj\u00e4rgsed toetavad alusp\u00fcksid, 2tk pakis - Beebipai","isPartOf":{"@id":"https:\/\/beebipai.ee\/en\/#website"},"primaryImageOfPage":{"@id":"https:\/\/beebipai.ee\/product\/seraphine-toetavad-sunnitusjargsed-aluspuksid\/#primaryimage"},"image":{"@id":"https:\/\/beebipai.ee\/product\/seraphine-toetavad-sunnitusjargsed-aluspuksid\/#primaryimage"},"thumbnailUrl":"https:\/\/beebipai.ee\/wp-content\/uploads\/2024\/12\/Seraphine-sunnitusjargsed-aluspuksid-e1733917177722.jpg","datePublished":"2024-12-09T09:58:19+00:00","dateModified":"2026-03-10T10:05:03+00:00","description":"Seraphine s\u00fcnnitusj\u00e4rgsed toetavad alusp\u00fcksid on pehmed ja \u00f5mblustevabad. Ideaalsed s\u00fcnnitusj\u00e4rgseks perioodiks. Vaata toodet!","breadcrumb":{"@id":"https:\/\/beebipai.ee\/product\/seraphine-toetavad-sunnitusjargsed-aluspuksid\/#breadcrumb"},"inLanguage":"ru-RU","potentialAction":[{"@type":"ReadAction","target":["https:\/\/beebipai.ee\/product\/seraphine-toetavad-sunnitusjargsed-aluspuksid\/"]}]},{"@type":"ImageObject","inLanguage":"ru-RU","@id":"https:\/\/beebipai.ee\/product\/seraphine-toetavad-sunnitusjargsed-aluspuksid\/#primaryimage","url":"https:\/\/beebipai.ee\/wp-content\/uploads\/2024\/12\/Seraphine-sunnitusjargsed-aluspuksid-e1733917177722.jpg","contentUrl":"https:\/\/beebipai.ee\/wp-content\/uploads\/2024\/12\/Seraphine-sunnitusjargsed-aluspuksid-e1733917177722.jpg","width":500,"height":640},{"@type":"BreadcrumbList","@id":"https:\/\/beebipai.ee\/product\/seraphine-toetavad-sunnitusjargsed-aluspuksid\/#breadcrumb","itemListElement":[{"@type":"ListItem","position":1,"name":"Home","item":"https:\/\/beebipai.ee\/"},{"@type":"ListItem","position":2,"name":"Pood","item":"https:\/\/beebipai.ee\/store\/"},{"@type":"ListItem","position":3,"name":"Seraphine s\u00fcnnitusj\u00e4rgsed toetavad alusp\u00fcksid, 2tk pakis"}]},{"@type":"WebSite","@id":"https:\/\/beebipai.ee\/en\/#website","url":"https:\/\/beebipai.ee\/en\/","name":"Beebipai","description":"Rasedate ja beebide veebipood","potentialAction":[{"@type":"SearchAction","target":{"@type":"EntryPoint","urlTemplate":"https:\/\/beebipai.ee\/en\/?s={search_term_string}"},"query-input":{"@type":"PropertyValueSpecification","valueRequired":true,"valueName":"search_term_string"}}],"inLanguage":"ru-RU"}]}},"_links":{"self":[{"href":"https:\/\/beebipai.ee\/ru\/wp-json\/wp\/v2\/product\/11937","targetHints":{"allow":["GET"]}}],"collection":[{"href":"https:\/\/beebipai.ee\/ru\/wp-json\/wp\/v2\/product"}],"about":[{"href":"https:\/\/beebipai.ee\/ru\/wp-json\/wp\/v2\/types\/product"}],"version-history":[{"count":5,"href":"https:\/\/beebipai.ee\/ru\/wp-json\/wp\/v2\/product\/11937\/revisions"}],"predecessor-version":[{"id":11974,"href":"https:\/\/beebipai.ee\/ru\/wp-json\/wp\/v2\/product\/11937\/revisions\/11974"}],"wp:featuredmedia":[{"embeddable":true,"href":"https:\/\/beebipai.ee\/ru\/wp-json\/wp\/v2\/media\/11969"}],"wp:attachment":[{"href":"https:\/\/beebipai.ee\/ru\/wp-json\/wp\/v2\/media?parent=11937"}],"wp:term":[{"taxonomy":"product_brand","embeddable":true,"href":"https:\/\/beebipai.ee\/ru\/wp-json\/wp\/v2\/product_brand?post=11937"},{"taxonomy":"product_cat","embeddable":true,"href":"https:\/\/beebipai.ee\/ru\/wp-json\/wp\/v2\/product_cat?post=11937"},{"taxonomy":"product_tag","embeddable":true,"href":"https:\/\/beebipai.ee\/ru\/wp-json\/wp\/v2\/product_tag?post=11937"}],"curies":[{"name":"wp","href":"https:\/\/api.w.org\/{rel}","templated":true}]}}