{"id":11409,"date":"2024-09-13T11:43:06","date_gmt":"2024-09-13T08:43:06","guid":{"rendered":"https:\/\/beebipai.ee\/?post_type=product&#038;p=11409"},"modified":"2024-09-13T11:45:05","modified_gmt":"2024-09-13T08:45:05","slug":"kikkaboo-kahekihiline-musliinlina-100cm-x-100cm-sleepy-sheep","status":"publish","type":"product","link":"https:\/\/beebipai.ee\/ru\/product\/kikkaboo-kahekihiline-musliinlina-100cm-x-100cm-sleepy-sheep\/","title":{"rendered":"Kikkaboo kahekihiline musliinlina 100cm x 100cm, Sleepy Sheep"},"content":{"rendered":"<div data-elementor-type=\"wp-post\" data-elementor-id=\"11409\" class=\"elementor elementor-11409\">\n\t\t\t\t\t\t<section class=\"elementor-section elementor-top-section elementor-element elementor-element-8c35dd6 elementor-section-boxed elementor-section-height-default elementor-section-height-default\" data-id=\"8c35dd6\" data-element_type=\"section\" data-e-type=\"section\">\n\t\t\t\t\t\t<div class=\"elementor-container elementor-column-gap-default\">\n\t\t\t\t\t<div class=\"elementor-column elementor-col-50 elementor-top-column elementor-element elementor-element-78ef512\" data-id=\"78ef512\" data-element_type=\"column\" data-e-type=\"column\">\n\t\t\t<div class=\"elementor-widget-wrap elementor-element-populated\">\n\t\t\t\t\t\t<div class=\"elementor-element elementor-element-93b1ab8 elementor-widget elementor-widget-heading\" data-id=\"93b1ab8\" data-element_type=\"widget\" data-e-type=\"widget\" data-widget_type=\"heading.default\">\n\t\t\t\t<div class=\"elementor-widget-container\">\n\t\t\t\t\t<h2 class=\"elementor-heading-title elementor-size-default\">Kikkaboo kahekihiline musliinlina, Sleepy Sheep<\/h2>\t\t\t\t<\/div>\n\t\t\t\t<\/div>\n\t\t\t\t<div class=\"elementor-element elementor-element-56a1cae elementor-widget elementor-widget-text-editor\" data-id=\"56a1cae\" data-element_type=\"widget\" data-e-type=\"widget\" data-widget_type=\"text-editor.default\">\n\t\t\t\t<div class=\"elementor-widget-container\">\n\t\t\t\t\t\t\t\t\t<p>\u041c\u0443\u0441\u043b\u0438\u043d\u043e\u0432\u0430\u044f \u0442\u043a\u0430\u043d\u044c \u043c\u044f\u0433\u043a\u0430\u044f \u0438 \u0434\u044b\u0448\u0430\u0449\u0430\u044f. 100% \u043b\u0435\u0433\u043a\u0438\u0439 \u0438 \u0443\u0434\u043e\u0431\u043d\u044b\u0439 \u0445\u043b\u043e\u043f\u043a\u043e\u0432\u044b\u0439 \u043a\u0440\u0435\u043f \u0438\u043b\u0438 \u043c\u0443\u0441\u043b\u0438\u043d. \u041e\u0442\u043b\u0438\u0447\u043d\u043e \u043f\u043e\u0434\u0445\u043e\u0434\u0438\u0442 \u0434\u043b\u044f \u0438\u0441\u043f\u043e\u043b\u044c\u0437\u043e\u0432\u0430\u043d\u0438\u044f \u0432 \u043a\u0430\u0447\u0435\u0441\u0442\u0432\u0435 \u043b\u0435\u0433\u043a\u043e\u0433\u043e \u043e\u0434\u0435\u044f\u043b\u0430, \u0434\u043b\u044f \u0441\u0443\u0448\u043a\u0438 \u0438 \u043f\u0435\u043b\u0435\u043d\u0430\u043d\u0438\u044f \u0440\u0435\u0431\u0435\u043d\u043a\u0430, \u0430 \u0442\u0430\u043a\u0436\u0435 \u0434\u043b\u044f \u043a\u043e\u0440\u043c\u043b\u0435\u043d\u0438\u044f. \u041e\u0447\u0435\u043d\u044c \u043c\u044f\u0433\u043a\u0438\u0439 \u0438 \u043f\u0440\u0438\u044f\u0442\u043d\u044b\u0439 \u0434\u043b\u044f \u043a\u043e\u0436\u0438. \u041b\u0435\u0433\u043a\u043e \u043c\u044b\u0442\u044c \u0438 \u043f\u043e\u0434\u0434\u0435\u0440\u0436\u0438\u0432\u0430\u0442\u044c.<\/p><p>\u0420\u0430\u0437\u043c\u0435\u0440 \u043b\u0438\u0441\u0442\u0430 \u043c\u0443\u0441\u043b\u0438\u043d\u0430 100 \u0445 100 \u0441\u043c.\u00a0<\/p>\t\t\t\t\t\t\t\t<\/div>\n\t\t\t\t<\/div>\n\t\t\t\t\t<\/div>\n\t\t<\/div>\n\t\t\t\t<div class=\"elementor-column elementor-col-50 elementor-top-column elementor-element elementor-element-b05e816\" data-id=\"b05e816\" data-element_type=\"column\" data-e-type=\"column\">\n\t\t\t<div class=\"elementor-widget-wrap elementor-element-populated\">\n\t\t\t\t\t\t<div class=\"elementor-element elementor-element-57ba78c elementor-widget elementor-widget-image\" data-id=\"57ba78c\" data-element_type=\"widget\" data-e-type=\"widget\" data-widget_type=\"image.default\">\n\t\t\t\t<div class=\"elementor-widget-container\">\n\t\t\t\t\t\t\t\t\t\t\t\t\t\t\t<img fetchpriority=\"high\" decoding=\"async\" width=\"520\" height=\"520\" src=\"https:\/\/beebipai.ee\/wp-content\/uploads\/2024\/09\/Kikkaboo-kahekiniline-musliinlina-Sleepy-Sheep-1.webp\" class=\"attachment-large size-large wp-image-11412\" alt=\"\" srcset=\"https:\/\/beebipai.ee\/wp-content\/uploads\/2024\/09\/Kikkaboo-kahekiniline-musliinlina-Sleepy-Sheep-1.webp 520w, https:\/\/beebipai.ee\/wp-content\/uploads\/2024\/09\/Kikkaboo-kahekiniline-musliinlina-Sleepy-Sheep-1-300x300.webp 300w, https:\/\/beebipai.ee\/wp-content\/uploads\/2024\/09\/Kikkaboo-kahekiniline-musliinlina-Sleepy-Sheep-1-150x150.webp 150w, https:\/\/beebipai.ee\/wp-content\/uploads\/2024\/09\/Kikkaboo-kahekiniline-musliinlina-Sleepy-Sheep-1-12x12.webp 12w, https:\/\/beebipai.ee\/wp-content\/uploads\/2024\/09\/Kikkaboo-kahekiniline-musliinlina-Sleepy-Sheep-1-100x100.webp 100w\" sizes=\"(max-width: 520px) 100vw, 520px\" \/>\t\t\t\t\t\t\t\t\t\t\t\t\t\t\t<\/div>\n\t\t\t\t<\/div>\n\t\t\t\t\t<\/div>\n\t\t<\/div>\n\t\t\t\t\t<\/div>\n\t\t<\/section>\n\t\t\t\t<\/div>","protected":false},"excerpt":{"rendered":"<p>\u041c\u0443\u0441\u043b\u0438\u043d\u043e\u0432\u043e\u0435 \u0431\u0435\u043b\u044c\u0435 \u043b\u0435\u0433\u043a\u043e\u0435 \u0438 \u043c\u044f\u0433\u043a\u043e\u0435. \u0418\u0434\u0435\u0430\u043b\u044c\u043d\u043e \u043f\u043e\u0434\u0445\u043e\u0434\u0438\u0442 \u0434\u043b\u044f \u0438\u0441\u043f\u043e\u043b\u044c\u0437\u043e\u0432\u0430\u043d\u0438\u044f \u0432 \u043a\u0430\u0447\u0435\u0441\u0442\u0432\u0435 \u043b\u0435\u0433\u043a\u043e\u0433\u043e \u043e\u0434\u0435\u044f\u043b\u0430, \u0441\u0443\u0448\u043a\u0438 \u0440\u0435\u0431\u0435\u043d\u043a\u0430, \u043f\u0435\u043b\u0435\u043d\u0430\u043d\u0438\u044f \u0438\u043b\u0438 \u043a\u043e\u0440\u043c\u043b\u0435\u043d\u0438\u044f \u0440\u0435\u0431\u0435\u043d\u043a\u0430.<\/p>\n<p>\u0418\u0437\u0433\u043e\u0442\u043e\u0432\u043b\u0435\u043d \u0438\u0437 100% \u0445\u043b\u043e\u043f\u043a\u0430.<\/p>","protected":false},"featured_media":11413,"template":"","meta":{"_monsterinsights_skip_tracking":false,"_monsterinsights_sitenote_active":false,"_monsterinsights_sitenote_note":"","_monsterinsights_sitenote_category":0,"site-sidebar-layout":"no-sidebar","site-content-layout":"page-builder","ast-site-content-layout":"full-width-container","site-content-style":"default","site-sidebar-style":"default","ast-global-header-display":"","ast-banner-title-visibility":"","ast-main-header-display":"","ast-hfb-above-header-display":"","ast-hfb-below-header-display":"","ast-hfb-mobile-header-display":"","site-post-title":"disabled","ast-breadcrumbs-content":"","ast-featured-img":"disabled","footer-sml-layout":"","ast-disable-related-posts":"","theme-transparent-header-meta":"default","adv-header-id-meta":"","stick-header-meta":"","header-above-stick-meta":"","header-main-stick-meta":"","header-below-stick-meta":"","astra-migrate-meta-layouts":"set","ast-page-background-enabled":"default","ast-page-background-meta":{"desktop":{"background-color":"","background-image":"","background-repeat":"repeat","background-position":"center center","background-size":"auto","background-attachment":"scroll","background-type":"","background-media":"","overlay-type":"","overlay-color":"","overlay-opacity":"","overlay-gradient":""},"tablet":{"background-color":"","background-image":"","background-repeat":"repeat","background-position":"center center","background-size":"auto","background-attachment":"scroll","background-type":"","background-media":"","overlay-type":"","overlay-color":"","overlay-opacity":"","overlay-gradient":""},"mobile":{"background-color":"","background-image":"","background-repeat":"repeat","background-position":"center center","background-size":"auto","background-attachment":"scroll","background-type":"","background-media":"","overlay-type":"","overlay-color":"","overlay-opacity":"","overlay-gradient":""}},"ast-content-background-meta":{"desktop":{"background-color":"var(--ast-global-color-5)","background-image":"","background-repeat":"repeat","background-position":"center center","background-size":"auto","background-attachment":"scroll","background-type":"","background-media":"","overlay-type":"","overlay-color":"","overlay-opacity":"","overlay-gradient":""},"tablet":{"background-color":"var(--ast-global-color-5)","background-image":"","background-repeat":"repeat","background-position":"center center","background-size":"auto","background-attachment":"scroll","background-type":"","background-media":"","overlay-type":"","overlay-color":"","overlay-opacity":"","overlay-gradient":""},"mobile":{"background-color":"var(--ast-global-color-5)","background-image":"","background-repeat":"repeat","background-position":"center center","background-size":"auto","background-attachment":"scroll","background-type":"","background-media":"","overlay-type":"","overlay-color":"","overlay-opacity":"","overlay-gradient":""}}},"product_brand":[],"product_cat":[23,146],"product_tag":[],"class_list":{"0":"post-11409","1":"product","2":"type-product","3":"status-publish","4":"has-post-thumbnail","6":"product_cat-beebile","7":"product_cat-magamiseks","8":"desktop-align-left","9":"tablet-align-left","10":"mobile-align-left","12":"first","13":"instock","14":"taxable","15":"shipping-taxable","16":"purchasable","17":"product-type-simple"},"yoast_head":"<!-- This site is optimized with the Yoast SEO plugin v27.4 - https:\/\/yoast.com\/product\/yoast-seo-wordpress\/ -->\n<title>Kikkaboo kahekihiline musliinlina 100cm x 100cm, Sleepy Sheep - Beebipai<\/title>\n<meta name=\"description\" content=\"Kikkaboo kahekihiline musliinlina sobib suurep\u00e4raselt kasutamiseks tekina, m\u00e4hkimiseks v\u00f5i beebit toites. Vaata toodet Kikkaboo kahekihiline musliinlina!\" \/>\n<meta name=\"robots\" content=\"index, follow, max-snippet:-1, max-image-preview:large, max-video-preview:-1\" \/>\n<link rel=\"canonical\" href=\"https:\/\/beebipai.ee\/ru\/product\/kikkaboo-kahekihiline-musliinlina-100cm-x-100cm-sleepy-sheep\/\" \/>\n<meta property=\"og:locale\" content=\"ru_RU\" \/>\n<meta property=\"og:type\" content=\"article\" \/>\n<meta property=\"og:title\" content=\"Kikkaboo kahekihiline musliinlina 100cm x 100cm, Sleepy Sheep - Beebipai\" \/>\n<meta property=\"og:description\" content=\"Kikkaboo kahekihiline musliinlina sobib suurep\u00e4raselt kasutamiseks tekina, m\u00e4hkimiseks v\u00f5i beebit toites. Vaata toodet Kikkaboo kahekihiline musliinlina!\" \/>\n<meta property=\"og:url\" content=\"https:\/\/beebipai.ee\/ru\/product\/kikkaboo-kahekihiline-musliinlina-100cm-x-100cm-sleepy-sheep\/\" \/>\n<meta property=\"og:site_name\" content=\"Beebipai\" \/>\n<meta property=\"article:modified_time\" content=\"2024-09-13T08:45:05+00:00\" \/>\n<meta property=\"og:image\" content=\"https:\/\/beebipai.ee\/wp-content\/uploads\/2024\/09\/Kikkaboo-kahekiniline-musliinlina-Sleepy-Sheep.webp\" \/>\n\t<meta property=\"og:image:width\" content=\"520\" \/>\n\t<meta property=\"og:image:height\" content=\"520\" \/>\n\t<meta property=\"og:image:type\" content=\"image\/webp\" \/>\n<meta name=\"twitter:card\" content=\"summary_large_image\" \/>\n<script type=\"application\/ld+json\" class=\"yoast-schema-graph\">{\"@context\":\"https:\\\/\\\/schema.org\",\"@graph\":[{\"@type\":\"WebPage\",\"@id\":\"https:\\\/\\\/beebipai.ee\\\/ru\\\/product\\\/kikkaboo-kahekihiline-musliinlina-100cm-x-100cm-sleepy-sheep\\\/\",\"url\":\"https:\\\/\\\/beebipai.ee\\\/ru\\\/product\\\/kikkaboo-kahekihiline-musliinlina-100cm-x-100cm-sleepy-sheep\\\/\",\"name\":\"Kikkaboo kahekihiline musliinlina 100cm x 100cm, Sleepy Sheep - Beebipai\",\"isPartOf\":{\"@id\":\"https:\\\/\\\/beebipai.ee\\\/en\\\/#website\"},\"primaryImageOfPage\":{\"@id\":\"https:\\\/\\\/beebipai.ee\\\/ru\\\/product\\\/kikkaboo-kahekihiline-musliinlina-100cm-x-100cm-sleepy-sheep\\\/#primaryimage\"},\"image\":{\"@id\":\"https:\\\/\\\/beebipai.ee\\\/ru\\\/product\\\/kikkaboo-kahekihiline-musliinlina-100cm-x-100cm-sleepy-sheep\\\/#primaryimage\"},\"thumbnailUrl\":\"https:\\\/\\\/beebipai.ee\\\/wp-content\\\/uploads\\\/2024\\\/09\\\/Kikkaboo-kahekiniline-musliinlina-Sleepy-Sheep.webp\",\"datePublished\":\"2024-09-13T08:43:06+00:00\",\"dateModified\":\"2024-09-13T08:45:05+00:00\",\"description\":\"Kikkaboo kahekihiline musliinlina sobib suurep\u00e4raselt kasutamiseks tekina, m\u00e4hkimiseks v\u00f5i beebit toites. Vaata toodet Kikkaboo kahekihiline musliinlina!\",\"breadcrumb\":{\"@id\":\"https:\\\/\\\/beebipai.ee\\\/ru\\\/product\\\/kikkaboo-kahekihiline-musliinlina-100cm-x-100cm-sleepy-sheep\\\/#breadcrumb\"},\"inLanguage\":\"ru-RU\",\"potentialAction\":[{\"@type\":\"ReadAction\",\"target\":[\"https:\\\/\\\/beebipai.ee\\\/ru\\\/product\\\/kikkaboo-kahekihiline-musliinlina-100cm-x-100cm-sleepy-sheep\\\/\"]}]},{\"@type\":\"ImageObject\",\"inLanguage\":\"ru-RU\",\"@id\":\"https:\\\/\\\/beebipai.ee\\\/ru\\\/product\\\/kikkaboo-kahekihiline-musliinlina-100cm-x-100cm-sleepy-sheep\\\/#primaryimage\",\"url\":\"https:\\\/\\\/beebipai.ee\\\/wp-content\\\/uploads\\\/2024\\\/09\\\/Kikkaboo-kahekiniline-musliinlina-Sleepy-Sheep.webp\",\"contentUrl\":\"https:\\\/\\\/beebipai.ee\\\/wp-content\\\/uploads\\\/2024\\\/09\\\/Kikkaboo-kahekiniline-musliinlina-Sleepy-Sheep.webp\",\"width\":520,\"height\":520},{\"@type\":\"BreadcrumbList\",\"@id\":\"https:\\\/\\\/beebipai.ee\\\/ru\\\/product\\\/kikkaboo-kahekihiline-musliinlina-100cm-x-100cm-sleepy-sheep\\\/#breadcrumb\",\"itemListElement\":[{\"@type\":\"ListItem\",\"position\":1,\"name\":\"Home\",\"item\":\"https:\\\/\\\/beebipai.ee\\\/\"},{\"@type\":\"ListItem\",\"position\":2,\"name\":\"Pood\",\"item\":\"https:\\\/\\\/beebipai.ee\\\/store\\\/\"},{\"@type\":\"ListItem\",\"position\":3,\"name\":\"Kikkaboo kahekihiline musliinlina 100cm x 100cm, Sleepy Sheep\"}]},{\"@type\":\"WebSite\",\"@id\":\"https:\\\/\\\/beebipai.ee\\\/en\\\/#website\",\"url\":\"https:\\\/\\\/beebipai.ee\\\/en\\\/\",\"name\":\"Beebipai\",\"description\":\"Rasedate ja beebide veebipood\",\"potentialAction\":[{\"@type\":\"SearchAction\",\"target\":{\"@type\":\"EntryPoint\",\"urlTemplate\":\"https:\\\/\\\/beebipai.ee\\\/en\\\/?s={search_term_string}\"},\"query-input\":{\"@type\":\"PropertyValueSpecification\",\"valueRequired\":true,\"valueName\":\"search_term_string\"}}],\"inLanguage\":\"ru-RU\"}]}<\/script>\n<!-- \/ Yoast SEO plugin. -->","yoast_head_json":{"title":"Kikkaboo kahekihiline musliinlina 100cm x 100cm, Sleepy Sheep - Beebipai","description":"Kikkaboo kahekihiline musliinlina sobib suurep\u00e4raselt kasutamiseks tekina, m\u00e4hkimiseks v\u00f5i beebit toites. Vaata toodet Kikkaboo kahekihiline musliinlina!","robots":{"index":"index","follow":"follow","max-snippet":"max-snippet:-1","max-image-preview":"max-image-preview:large","max-video-preview":"max-video-preview:-1"},"canonical":"https:\/\/beebipai.ee\/ru\/product\/kikkaboo-kahekihiline-musliinlina-100cm-x-100cm-sleepy-sheep\/","og_locale":"ru_RU","og_type":"article","og_title":"Kikkaboo kahekihiline musliinlina 100cm x 100cm, Sleepy Sheep - Beebipai","og_description":"Kikkaboo kahekihiline musliinlina sobib suurep\u00e4raselt kasutamiseks tekina, m\u00e4hkimiseks v\u00f5i beebit toites. Vaata toodet Kikkaboo kahekihiline musliinlina!","og_url":"https:\/\/beebipai.ee\/ru\/product\/kikkaboo-kahekihiline-musliinlina-100cm-x-100cm-sleepy-sheep\/","og_site_name":"Beebipai","article_modified_time":"2024-09-13T08:45:05+00:00","og_image":[{"width":520,"height":520,"url":"https:\/\/beebipai.ee\/wp-content\/uploads\/2024\/09\/Kikkaboo-kahekiniline-musliinlina-Sleepy-Sheep.webp","type":"image\/webp"}],"twitter_card":"summary_large_image","schema":{"@context":"https:\/\/schema.org","@graph":[{"@type":"WebPage","@id":"https:\/\/beebipai.ee\/ru\/product\/kikkaboo-kahekihiline-musliinlina-100cm-x-100cm-sleepy-sheep\/","url":"https:\/\/beebipai.ee\/ru\/product\/kikkaboo-kahekihiline-musliinlina-100cm-x-100cm-sleepy-sheep\/","name":"Kikkaboo kahekihiline musliinlina 100cm x 100cm, Sleepy Sheep - Beebipai","isPartOf":{"@id":"https:\/\/beebipai.ee\/en\/#website"},"primaryImageOfPage":{"@id":"https:\/\/beebipai.ee\/ru\/product\/kikkaboo-kahekihiline-musliinlina-100cm-x-100cm-sleepy-sheep\/#primaryimage"},"image":{"@id":"https:\/\/beebipai.ee\/ru\/product\/kikkaboo-kahekihiline-musliinlina-100cm-x-100cm-sleepy-sheep\/#primaryimage"},"thumbnailUrl":"https:\/\/beebipai.ee\/wp-content\/uploads\/2024\/09\/Kikkaboo-kahekiniline-musliinlina-Sleepy-Sheep.webp","datePublished":"2024-09-13T08:43:06+00:00","dateModified":"2024-09-13T08:45:05+00:00","description":"Kikkaboo kahekihiline musliinlina sobib suurep\u00e4raselt kasutamiseks tekina, m\u00e4hkimiseks v\u00f5i beebit toites. Vaata toodet Kikkaboo kahekihiline musliinlina!","breadcrumb":{"@id":"https:\/\/beebipai.ee\/ru\/product\/kikkaboo-kahekihiline-musliinlina-100cm-x-100cm-sleepy-sheep\/#breadcrumb"},"inLanguage":"ru-RU","potentialAction":[{"@type":"ReadAction","target":["https:\/\/beebipai.ee\/ru\/product\/kikkaboo-kahekihiline-musliinlina-100cm-x-100cm-sleepy-sheep\/"]}]},{"@type":"ImageObject","inLanguage":"ru-RU","@id":"https:\/\/beebipai.ee\/ru\/product\/kikkaboo-kahekihiline-musliinlina-100cm-x-100cm-sleepy-sheep\/#primaryimage","url":"https:\/\/beebipai.ee\/wp-content\/uploads\/2024\/09\/Kikkaboo-kahekiniline-musliinlina-Sleepy-Sheep.webp","contentUrl":"https:\/\/beebipai.ee\/wp-content\/uploads\/2024\/09\/Kikkaboo-kahekiniline-musliinlina-Sleepy-Sheep.webp","width":520,"height":520},{"@type":"BreadcrumbList","@id":"https:\/\/beebipai.ee\/ru\/product\/kikkaboo-kahekihiline-musliinlina-100cm-x-100cm-sleepy-sheep\/#breadcrumb","itemListElement":[{"@type":"ListItem","position":1,"name":"Home","item":"https:\/\/beebipai.ee\/"},{"@type":"ListItem","position":2,"name":"Pood","item":"https:\/\/beebipai.ee\/store\/"},{"@type":"ListItem","position":3,"name":"Kikkaboo kahekihiline musliinlina 100cm x 100cm, Sleepy Sheep"}]},{"@type":"WebSite","@id":"https:\/\/beebipai.ee\/en\/#website","url":"https:\/\/beebipai.ee\/en\/","name":"Beebipai","description":"Rasedate ja beebide veebipood","potentialAction":[{"@type":"SearchAction","target":{"@type":"EntryPoint","urlTemplate":"https:\/\/beebipai.ee\/en\/?s={search_term_string}"},"query-input":{"@type":"PropertyValueSpecification","valueRequired":true,"valueName":"search_term_string"}}],"inLanguage":"ru-RU"}]}},"_links":{"self":[{"href":"https:\/\/beebipai.ee\/ru\/wp-json\/wp\/v2\/product\/11409","targetHints":{"allow":["GET"]}}],"collection":[{"href":"https:\/\/beebipai.ee\/ru\/wp-json\/wp\/v2\/product"}],"about":[{"href":"https:\/\/beebipai.ee\/ru\/wp-json\/wp\/v2\/types\/product"}],"version-history":[{"count":4,"href":"https:\/\/beebipai.ee\/ru\/wp-json\/wp\/v2\/product\/11409\/revisions"}],"predecessor-version":[{"id":11417,"href":"https:\/\/beebipai.ee\/ru\/wp-json\/wp\/v2\/product\/11409\/revisions\/11417"}],"wp:featuredmedia":[{"embeddable":true,"href":"https:\/\/beebipai.ee\/ru\/wp-json\/wp\/v2\/media\/11413"}],"wp:attachment":[{"href":"https:\/\/beebipai.ee\/ru\/wp-json\/wp\/v2\/media?parent=11409"}],"wp:term":[{"taxonomy":"product_brand","embeddable":true,"href":"https:\/\/beebipai.ee\/ru\/wp-json\/wp\/v2\/product_brand?post=11409"},{"taxonomy":"product_cat","embeddable":true,"href":"https:\/\/beebipai.ee\/ru\/wp-json\/wp\/v2\/product_cat?post=11409"},{"taxonomy":"product_tag","embeddable":true,"href":"https:\/\/beebipai.ee\/ru\/wp-json\/wp\/v2\/product_tag?post=11409"}],"curies":[{"name":"wp","href":"https:\/\/api.w.org\/{rel}","templated":true}]}}