{"id":9433,"date":"2023-10-20T10:12:11","date_gmt":"2023-10-20T07:12:11","guid":{"rendered":"https:\/\/www.beebipai.ee\/?post_type=product&#038;p=9433"},"modified":"2024-07-03T00:27:08","modified_gmt":"2024-07-02T21:27:08","slug":"gabriella-rasedate-omblustevabad-retuusid","status":"publish","type":"product","link":"https:\/\/beebipai.ee\/lv\/product\/gabriella-rasedate-omblustevabad-retuusid\/","title":{"rendered":"Gabriella bez\u0161uvju gr\u016btnie\u010du legingi"},"content":{"rendered":"<div data-elementor-type=\"wp-post\" data-elementor-id=\"9433\" class=\"elementor elementor-9433\">\n\t\t\t\t\t\t<section class=\"elementor-section elementor-top-section elementor-element elementor-element-ea2f011 elementor-section-boxed elementor-section-height-default elementor-section-height-default\" data-id=\"ea2f011\" data-element_type=\"section\" data-e-type=\"section\">\n\t\t\t\t\t\t<div class=\"elementor-container elementor-column-gap-default\">\n\t\t\t\t\t<div class=\"elementor-column elementor-col-50 elementor-top-column elementor-element elementor-element-ce61f5e\" data-id=\"ce61f5e\" data-element_type=\"column\" data-e-type=\"column\">\n\t\t\t<div class=\"elementor-widget-wrap elementor-element-populated\">\n\t\t\t\t\t\t<div class=\"elementor-element elementor-element-0b79283 elementor-widget elementor-widget-heading\" data-id=\"0b79283\" data-element_type=\"widget\" data-e-type=\"widget\" data-widget_type=\"heading.default\">\n\t\t\t\t<div class=\"elementor-widget-container\">\n\t\t\t\t\t<h2 class=\"elementor-heading-title elementor-size-default\">Bez\u0161uvju gr\u016btnie\u010du legingi<\/h2>\t\t\t\t<\/div>\n\t\t\t\t<\/div>\n\t\t\t\t<div class=\"elementor-element elementor-element-57cd74c elementor-widget elementor-widget-text-editor\" data-id=\"57cd74c\" data-element_type=\"widget\" data-e-type=\"widget\" data-widget_type=\"text-editor.default\">\n\t\t\t\t<div class=\"elementor-widget-container\">\n\t\t\t\t\t\t\t\t\t<p>Bez\u0161uvju gr\u016btnie\u010du legingi ar augstu vidukli atbalsta augo\u0161o topo\u0161\u0101s m\u0101mi\u0146as v\u0113deru, neradot nepat\u012bkamu spiedienu un skaisti izskat\u0101s uz gr\u016btnieces fig\u016bras. \u0160uvju tr\u016bkums padara legingus \u0113rtus un m\u012bkstus gr\u016btnie\u010du jut\u012bgajai \u0101dai.\u00a0<\/p><p>Augstais v\u0113dera panelis piln\u012bb\u0101 nosedz augo\u0161o v\u0113deru un piel\u0101gojas jebkura izm\u0113ra v\u0113deram. Priek\u0161\u0113j\u0101s da\u013cas dizains atbalsta v\u0113deru no apak\u0161as, nerada spiedienu un nesl\u012bd. Papildu pastiprin\u0101jums jostas da\u013c\u0101 mazina spiedienu uz jostas zonu un padara legingu valk\u0101\u0161anu \u012bpa\u0161i \u0113rtu.<\/p>\t\t\t\t\t\t\t\t<\/div>\n\t\t\t\t<\/div>\n\t\t\t\t\t<\/div>\n\t\t<\/div>\n\t\t\t\t<div class=\"elementor-column elementor-col-50 elementor-top-column elementor-element elementor-element-7a4f4a0\" data-id=\"7a4f4a0\" data-element_type=\"column\" data-e-type=\"column\">\n\t\t\t<div class=\"elementor-widget-wrap elementor-element-populated\">\n\t\t\t\t\t\t<div class=\"elementor-element elementor-element-173d6c0 elementor-widget elementor-widget-image\" data-id=\"173d6c0\" data-element_type=\"widget\" data-e-type=\"widget\" data-widget_type=\"image.default\">\n\t\t\t\t<div class=\"elementor-widget-container\">\n\t\t\t\t\t\t\t\t\t\t\t\t\t\t\t<img fetchpriority=\"high\" decoding=\"async\" width=\"819\" height=\"1024\" src=\"https:\/\/beebipai.ee\/wp-content\/uploads\/2023\/10\/Gabriella-rasedate-omblustevabad-retuusid-1-819x1024.jpg\" class=\"attachment-large size-large wp-image-9436\" alt=\"\" srcset=\"https:\/\/beebipai.ee\/wp-content\/uploads\/2023\/10\/Gabriella-rasedate-omblustevabad-retuusid-1-819x1024.jpg 819w, https:\/\/beebipai.ee\/wp-content\/uploads\/2023\/10\/Gabriella-rasedate-omblustevabad-retuusid-1-240x300.jpg 240w, https:\/\/beebipai.ee\/wp-content\/uploads\/2023\/10\/Gabriella-rasedate-omblustevabad-retuusid-1-768x960.jpg 768w, https:\/\/beebipai.ee\/wp-content\/uploads\/2023\/10\/Gabriella-rasedate-omblustevabad-retuusid-1-10x12.jpg 10w, https:\/\/beebipai.ee\/wp-content\/uploads\/2023\/10\/Gabriella-rasedate-omblustevabad-retuusid-1-600x750.jpg 600w, https:\/\/beebipai.ee\/wp-content\/uploads\/2023\/10\/Gabriella-rasedate-omblustevabad-retuusid-1-e1697785878474.jpg 500w\" sizes=\"(max-width: 819px) 100vw, 819px\" \/>\t\t\t\t\t\t\t\t\t\t\t\t\t\t\t<\/div>\n\t\t\t\t<\/div>\n\t\t\t\t\t<\/div>\n\t\t<\/div>\n\t\t\t\t\t<\/div>\n\t\t<\/section>\n\t\t\t\t<\/div>","protected":false},"excerpt":{"rendered":"<p>Bez\u0161uvju maternit\u0101tes legingi atbilst augo\u0161a v\u0113dera \u0137erme\u0146a formai jebkur\u0101 gr\u016btniec\u012bbas izm\u0113r\u0101. Necaursp\u012bd\u012bgi legingi ir \u0113rtas ikdienas bikses jebkuram gr\u016btniec\u012bbas izm\u0113ram.<\/p>","protected":false},"featured_media":9437,"template":"","meta":{"_monsterinsights_skip_tracking":false,"_monsterinsights_sitenote_active":false,"_monsterinsights_sitenote_note":"","_monsterinsights_sitenote_category":0,"site-sidebar-layout":"no-sidebar","site-content-layout":"page-builder","ast-site-content-layout":"full-width-container","site-content-style":"default","site-sidebar-style":"default","ast-global-header-display":"","ast-banner-title-visibility":"","ast-main-header-display":"","ast-hfb-above-header-display":"","ast-hfb-below-header-display":"","ast-hfb-mobile-header-display":"","site-post-title":"disabled","ast-breadcrumbs-content":"","ast-featured-img":"disabled","footer-sml-layout":"","ast-disable-related-posts":"","theme-transparent-header-meta":"default","adv-header-id-meta":"","stick-header-meta":"","header-above-stick-meta":"","header-main-stick-meta":"","header-below-stick-meta":"","astra-migrate-meta-layouts":"set","ast-page-background-enabled":"default","ast-page-background-meta":{"desktop":{"background-color":"","background-image":"","background-repeat":"repeat","background-position":"center center","background-size":"auto","background-attachment":"scroll","background-type":"","background-media":"","overlay-type":"","overlay-color":"","overlay-opacity":"","overlay-gradient":""},"tablet":{"background-color":"","background-image":"","background-repeat":"repeat","background-position":"center center","background-size":"auto","background-attachment":"scroll","background-type":"","background-media":"","overlay-type":"","overlay-color":"","overlay-opacity":"","overlay-gradient":""},"mobile":{"background-color":"","background-image":"","background-repeat":"repeat","background-position":"center center","background-size":"auto","background-attachment":"scroll","background-type":"","background-media":"","overlay-type":"","overlay-color":"","overlay-opacity":"","overlay-gradient":""}},"ast-content-background-meta":{"desktop":{"background-color":"var(--ast-global-color-5)","background-image":"","background-repeat":"repeat","background-position":"center center","background-size":"auto","background-attachment":"scroll","background-type":"","background-media":"","overlay-type":"","overlay-color":"","overlay-opacity":"","overlay-gradient":""},"tablet":{"background-color":"var(--ast-global-color-5)","background-image":"","background-repeat":"repeat","background-position":"center center","background-size":"auto","background-attachment":"scroll","background-type":"","background-media":"","overlay-type":"","overlay-color":"","overlay-opacity":"","overlay-gradient":""},"mobile":{"background-color":"var(--ast-global-color-5)","background-image":"","background-repeat":"repeat","background-position":"center center","background-size":"auto","background-attachment":"scroll","background-type":"","background-media":"","overlay-type":"","overlay-color":"","overlay-opacity":"","overlay-gradient":""}}},"product_brand":[],"product_cat":[133],"product_tag":[],"class_list":{"0":"post-9433","1":"product","2":"type-product","3":"status-publish","4":"has-post-thumbnail","6":"product_cat-riided-rasedatele-ja-rinnaga-toitvatele-emadele","7":"desktop-align-left","8":"tablet-align-left","9":"mobile-align-left","11":"first","12":"instock","13":"sale","14":"taxable","15":"shipping-taxable","16":"purchasable","17":"product-type-variable"},"yoast_head":"<!-- This site is optimized with the Yoast SEO plugin v27.3 - https:\/\/yoast.com\/product\/yoast-seo-wordpress\/ -->\n<title>Gabriella rasedate \u00f5mblustevabad retuusid - Beebipai<\/title>\n<meta name=\"description\" content=\"Gabriella rasedate \u00f5mblustevabad retuusid on mugavad ja praktilised igap\u00e4evaseks kandmiseks. Vaata toodet Gabriella rasedate retuusid!\" \/>\n<meta name=\"robots\" content=\"index, follow, max-snippet:-1, max-image-preview:large, max-video-preview:-1\" \/>\n<link rel=\"canonical\" href=\"https:\/\/beebipai.ee\/lv\/product\/gabriella-rasedate-omblustevabad-retuusid\/\" \/>\n<meta property=\"og:locale\" content=\"lv_LV\" \/>\n<meta property=\"og:type\" content=\"article\" \/>\n<meta property=\"og:title\" content=\"Gabriella rasedate \u00f5mblustevabad retuusid - Beebipai\" \/>\n<meta property=\"og:description\" content=\"Gabriella rasedate \u00f5mblustevabad retuusid on mugavad ja praktilised igap\u00e4evaseks kandmiseks. Vaata toodet Gabriella rasedate retuusid!\" \/>\n<meta property=\"og:url\" content=\"https:\/\/beebipai.ee\/lv\/product\/gabriella-rasedate-omblustevabad-retuusid\/\" \/>\n<meta property=\"og:site_name\" content=\"Beebipai\" \/>\n<meta property=\"article:modified_time\" content=\"2024-07-02T21:27:08+00:00\" \/>\n<meta property=\"og:image\" content=\"https:\/\/beebipai.ee\/wp-content\/uploads\/2023\/10\/Gabriella-rasedate-omblustevabad-retuusid-4-e1697785813180.jpg\" \/>\n\t<meta property=\"og:image:width\" content=\"500\" \/>\n\t<meta property=\"og:image:height\" content=\"750\" \/>\n\t<meta property=\"og:image:type\" content=\"image\/jpeg\" \/>\n<meta name=\"twitter:card\" content=\"summary_large_image\" \/>\n<script type=\"application\/ld+json\" class=\"yoast-schema-graph\">{\"@context\":\"https:\\\/\\\/schema.org\",\"@graph\":[{\"@type\":\"WebPage\",\"@id\":\"https:\\\/\\\/beebipai.ee\\\/product\\\/gabriella-rasedate-omblustevabad-retuusid\\\/\",\"url\":\"https:\\\/\\\/beebipai.ee\\\/product\\\/gabriella-rasedate-omblustevabad-retuusid\\\/\",\"name\":\"Gabriella rasedate \u00f5mblustevabad retuusid - Beebipai\",\"isPartOf\":{\"@id\":\"https:\\\/\\\/beebipai.ee\\\/en\\\/#website\"},\"primaryImageOfPage\":{\"@id\":\"https:\\\/\\\/beebipai.ee\\\/product\\\/gabriella-rasedate-omblustevabad-retuusid\\\/#primaryimage\"},\"image\":{\"@id\":\"https:\\\/\\\/beebipai.ee\\\/product\\\/gabriella-rasedate-omblustevabad-retuusid\\\/#primaryimage\"},\"thumbnailUrl\":\"https:\\\/\\\/beebipai.ee\\\/wp-content\\\/uploads\\\/2023\\\/10\\\/Gabriella-rasedate-omblustevabad-retuusid-4-e1697785813180.jpg\",\"datePublished\":\"2023-10-20T07:12:11+00:00\",\"dateModified\":\"2024-07-02T21:27:08+00:00\",\"description\":\"Gabriella rasedate \u00f5mblustevabad retuusid on mugavad ja praktilised igap\u00e4evaseks kandmiseks. Vaata toodet Gabriella rasedate retuusid!\",\"breadcrumb\":{\"@id\":\"https:\\\/\\\/beebipai.ee\\\/product\\\/gabriella-rasedate-omblustevabad-retuusid\\\/#breadcrumb\"},\"inLanguage\":\"lv-LV\",\"potentialAction\":[{\"@type\":\"ReadAction\",\"target\":[\"https:\\\/\\\/beebipai.ee\\\/product\\\/gabriella-rasedate-omblustevabad-retuusid\\\/\"]}]},{\"@type\":\"ImageObject\",\"inLanguage\":\"lv-LV\",\"@id\":\"https:\\\/\\\/beebipai.ee\\\/product\\\/gabriella-rasedate-omblustevabad-retuusid\\\/#primaryimage\",\"url\":\"https:\\\/\\\/beebipai.ee\\\/wp-content\\\/uploads\\\/2023\\\/10\\\/Gabriella-rasedate-omblustevabad-retuusid-4-e1697785813180.jpg\",\"contentUrl\":\"https:\\\/\\\/beebipai.ee\\\/wp-content\\\/uploads\\\/2023\\\/10\\\/Gabriella-rasedate-omblustevabad-retuusid-4-e1697785813180.jpg\",\"width\":500,\"height\":750},{\"@type\":\"BreadcrumbList\",\"@id\":\"https:\\\/\\\/beebipai.ee\\\/product\\\/gabriella-rasedate-omblustevabad-retuusid\\\/#breadcrumb\",\"itemListElement\":[{\"@type\":\"ListItem\",\"position\":1,\"name\":\"Home\",\"item\":\"https:\\\/\\\/beebipai.ee\\\/\"},{\"@type\":\"ListItem\",\"position\":2,\"name\":\"Pood\",\"item\":\"https:\\\/\\\/beebipai.ee\\\/store\\\/\"},{\"@type\":\"ListItem\",\"position\":3,\"name\":\"Gabriella rasedate \u00f5mblustevabad retuusid\"}]},{\"@type\":\"WebSite\",\"@id\":\"https:\\\/\\\/beebipai.ee\\\/en\\\/#website\",\"url\":\"https:\\\/\\\/beebipai.ee\\\/en\\\/\",\"name\":\"Beebipai\",\"description\":\"Rasedate ja beebide veebipood\",\"potentialAction\":[{\"@type\":\"SearchAction\",\"target\":{\"@type\":\"EntryPoint\",\"urlTemplate\":\"https:\\\/\\\/beebipai.ee\\\/en\\\/?s={search_term_string}\"},\"query-input\":{\"@type\":\"PropertyValueSpecification\",\"valueRequired\":true,\"valueName\":\"search_term_string\"}}],\"inLanguage\":\"lv-LV\"}]}<\/script>\n<!-- \/ Yoast SEO plugin. -->","yoast_head_json":{"title":"Gabriella rasedate \u00f5mblustevabad retuusid - Beebipai","description":"Gabriella rasedate \u00f5mblustevabad retuusid on mugavad ja praktilised igap\u00e4evaseks kandmiseks. Vaata toodet Gabriella rasedate retuusid!","robots":{"index":"index","follow":"follow","max-snippet":"max-snippet:-1","max-image-preview":"max-image-preview:large","max-video-preview":"max-video-preview:-1"},"canonical":"https:\/\/beebipai.ee\/lv\/product\/gabriella-rasedate-omblustevabad-retuusid\/","og_locale":"lv_LV","og_type":"article","og_title":"Gabriella rasedate \u00f5mblustevabad retuusid - Beebipai","og_description":"Gabriella rasedate \u00f5mblustevabad retuusid on mugavad ja praktilised igap\u00e4evaseks kandmiseks. Vaata toodet Gabriella rasedate retuusid!","og_url":"https:\/\/beebipai.ee\/lv\/product\/gabriella-rasedate-omblustevabad-retuusid\/","og_site_name":"Beebipai","article_modified_time":"2024-07-02T21:27:08+00:00","og_image":[{"width":500,"height":750,"url":"https:\/\/beebipai.ee\/wp-content\/uploads\/2023\/10\/Gabriella-rasedate-omblustevabad-retuusid-4-e1697785813180.jpg","type":"image\/jpeg"}],"twitter_card":"summary_large_image","schema":{"@context":"https:\/\/schema.org","@graph":[{"@type":"WebPage","@id":"https:\/\/beebipai.ee\/product\/gabriella-rasedate-omblustevabad-retuusid\/","url":"https:\/\/beebipai.ee\/product\/gabriella-rasedate-omblustevabad-retuusid\/","name":"Gabriella rasedate \u00f5mblustevabad retuusid - Beebipai","isPartOf":{"@id":"https:\/\/beebipai.ee\/en\/#website"},"primaryImageOfPage":{"@id":"https:\/\/beebipai.ee\/product\/gabriella-rasedate-omblustevabad-retuusid\/#primaryimage"},"image":{"@id":"https:\/\/beebipai.ee\/product\/gabriella-rasedate-omblustevabad-retuusid\/#primaryimage"},"thumbnailUrl":"https:\/\/beebipai.ee\/wp-content\/uploads\/2023\/10\/Gabriella-rasedate-omblustevabad-retuusid-4-e1697785813180.jpg","datePublished":"2023-10-20T07:12:11+00:00","dateModified":"2024-07-02T21:27:08+00:00","description":"Gabriella rasedate \u00f5mblustevabad retuusid on mugavad ja praktilised igap\u00e4evaseks kandmiseks. Vaata toodet Gabriella rasedate retuusid!","breadcrumb":{"@id":"https:\/\/beebipai.ee\/product\/gabriella-rasedate-omblustevabad-retuusid\/#breadcrumb"},"inLanguage":"lv-LV","potentialAction":[{"@type":"ReadAction","target":["https:\/\/beebipai.ee\/product\/gabriella-rasedate-omblustevabad-retuusid\/"]}]},{"@type":"ImageObject","inLanguage":"lv-LV","@id":"https:\/\/beebipai.ee\/product\/gabriella-rasedate-omblustevabad-retuusid\/#primaryimage","url":"https:\/\/beebipai.ee\/wp-content\/uploads\/2023\/10\/Gabriella-rasedate-omblustevabad-retuusid-4-e1697785813180.jpg","contentUrl":"https:\/\/beebipai.ee\/wp-content\/uploads\/2023\/10\/Gabriella-rasedate-omblustevabad-retuusid-4-e1697785813180.jpg","width":500,"height":750},{"@type":"BreadcrumbList","@id":"https:\/\/beebipai.ee\/product\/gabriella-rasedate-omblustevabad-retuusid\/#breadcrumb","itemListElement":[{"@type":"ListItem","position":1,"name":"Home","item":"https:\/\/beebipai.ee\/"},{"@type":"ListItem","position":2,"name":"Pood","item":"https:\/\/beebipai.ee\/store\/"},{"@type":"ListItem","position":3,"name":"Gabriella rasedate \u00f5mblustevabad retuusid"}]},{"@type":"WebSite","@id":"https:\/\/beebipai.ee\/en\/#website","url":"https:\/\/beebipai.ee\/en\/","name":"Beebipai","description":"Rasedate ja beebide veebipood","potentialAction":[{"@type":"SearchAction","target":{"@type":"EntryPoint","urlTemplate":"https:\/\/beebipai.ee\/en\/?s={search_term_string}"},"query-input":{"@type":"PropertyValueSpecification","valueRequired":true,"valueName":"search_term_string"}}],"inLanguage":"lv-LV"}]}},"_links":{"self":[{"href":"https:\/\/beebipai.ee\/lv\/wp-json\/wp\/v2\/product\/9433","targetHints":{"allow":["GET"]}}],"collection":[{"href":"https:\/\/beebipai.ee\/lv\/wp-json\/wp\/v2\/product"}],"about":[{"href":"https:\/\/beebipai.ee\/lv\/wp-json\/wp\/v2\/types\/product"}],"version-history":[{"count":5,"href":"https:\/\/beebipai.ee\/lv\/wp-json\/wp\/v2\/product\/9433\/revisions"}],"predecessor-version":[{"id":9445,"href":"https:\/\/beebipai.ee\/lv\/wp-json\/wp\/v2\/product\/9433\/revisions\/9445"}],"wp:featuredmedia":[{"embeddable":true,"href":"https:\/\/beebipai.ee\/lv\/wp-json\/wp\/v2\/media\/9437"}],"wp:attachment":[{"href":"https:\/\/beebipai.ee\/lv\/wp-json\/wp\/v2\/media?parent=9433"}],"wp:term":[{"taxonomy":"product_brand","embeddable":true,"href":"https:\/\/beebipai.ee\/lv\/wp-json\/wp\/v2\/product_brand?post=9433"},{"taxonomy":"product_cat","embeddable":true,"href":"https:\/\/beebipai.ee\/lv\/wp-json\/wp\/v2\/product_cat?post=9433"},{"taxonomy":"product_tag","embeddable":true,"href":"https:\/\/beebipai.ee\/lv\/wp-json\/wp\/v2\/product_tag?post=9433"}],"curies":[{"name":"wp","href":"https:\/\/api.w.org\/{rel}","templated":true}]}}