{"id":9211,"date":"2023-10-06T10:31:23","date_gmt":"2023-10-06T07:31:23","guid":{"rendered":"https:\/\/beebipai.ee\/?post_type=product&#038;p=9211"},"modified":"2024-12-03T16:11:03","modified_gmt":"2024-12-03T14:11:03","slug":"kikkaboo-kaed-vabad-rinnapump","status":"publish","type":"product","link":"https:\/\/beebipai.ee\/lv\/product\/kikkaboo-kaed-vabad-rinnapump\/","title":{"rendered":"Kikkaboo br\u012bvroku kr\u016bts s\u016bknis"},"content":{"rendered":"<div data-elementor-type=\"wp-post\" data-elementor-id=\"9211\" class=\"elementor elementor-9211\">\n\t\t\t\t\t\t<section class=\"elementor-section elementor-top-section elementor-element elementor-element-9c5ae1e elementor-section-boxed elementor-section-height-default elementor-section-height-default\" data-id=\"9c5ae1e\" data-element_type=\"section\" data-e-type=\"section\">\n\t\t\t\t\t\t<div class=\"elementor-container elementor-column-gap-default\">\n\t\t\t\t\t<div class=\"elementor-column elementor-col-50 elementor-top-column elementor-element elementor-element-5f1178f\" data-id=\"5f1178f\" data-element_type=\"column\" data-e-type=\"column\">\n\t\t\t<div class=\"elementor-widget-wrap elementor-element-populated\">\n\t\t\t\t\t\t<div class=\"elementor-element elementor-element-69b44ed elementor-widget elementor-widget-heading\" data-id=\"69b44ed\" data-element_type=\"widget\" data-e-type=\"widget\" data-widget_type=\"heading.default\">\n\t\t\t\t<div class=\"elementor-widget-container\">\n\t\t\t\t\t<h2 class=\"elementor-heading-title elementor-size-default\">Kikkaboo br\u012bvroku kr\u016bts s\u016bknis<\/h2>\t\t\t\t<\/div>\n\t\t\t\t<\/div>\n\t\t\t\t<div class=\"elementor-element elementor-element-32aeee3 elementor-widget elementor-widget-text-editor\" data-id=\"32aeee3\" data-element_type=\"widget\" data-e-type=\"widget\" data-widget_type=\"text-editor.default\">\n\t\t\t\t<div class=\"elementor-widget-container\">\n\t\t\t\t\t\t\t\t\t<p>Novatoriskais bezvadu br\u012bvroku kr\u016bts s\u016bknis ir viegli piestiprin\u0101ms pie kr\u016bt\u012bm. Efekt\u012bvs un praktisks kr\u016bts s\u016bknis \u013cauj s\u016bkn\u0113t m\u0101tes pienu jebkur\u0101 viet\u0101 un laik\u0101 un taj\u0101 pa\u0161\u0101 laik\u0101 turpin\u0101t ierast\u0101s darb\u012bbas.<\/p><p>Kr\u016bts s\u016bknim ir 3 re\u017e\u012bmi, kas imit\u0113 b\u0113rna baro\u0161anu ar kr\u016bti. 9 s\u016bkn\u0113\u0161anas stiprumi \u013cauj izv\u0113l\u0113ties sev piem\u0113rot\u0101ko un piel\u0101goties atbilsto\u0161i piena pl\u016bsmai no kr\u016bts. Atmi\u0146as funkcija un taimeris \u013cauj uzraudz\u012bt un ierakst\u012bt s\u016bkn\u0113\u0161anas sesijas. Sk\u0101rienekr\u0101ns padara kr\u016bts s\u016bk\u0146a lieto\u0161anu \u0113rtu un \u0113rtu. Viegls un viegli t\u012br\u0101ms. Kr\u016bts s\u016bknis darbojas klusi, kas \u013cauj s\u016bkn\u0113t pat nakt\u012b un klus\u0101 vid\u0113. Piena tilpums 150ml.<\/p><p>Lielais litija akumulators (1100 mAh) \u013cauj str\u0101d\u0101t aptuveni 120 min\u016btes. Ar\u012b uzl\u0101des laiks ir aptuveni 120 min\u016btes.<\/p><p>M\u012bkstie silikona starplikas 19mm (19-21mm) un 22mm (22-24mm).<\/p>\t\t\t\t\t\t\t\t<\/div>\n\t\t\t\t<\/div>\n\t\t\t\t\t<\/div>\n\t\t<\/div>\n\t\t\t\t<div class=\"elementor-column elementor-col-50 elementor-top-column elementor-element elementor-element-56c2da7\" data-id=\"56c2da7\" data-element_type=\"column\" data-e-type=\"column\">\n\t\t\t<div class=\"elementor-widget-wrap elementor-element-populated\">\n\t\t\t\t\t\t<div class=\"elementor-element elementor-element-a40d964 elementor-widget elementor-widget-image\" data-id=\"a40d964\" data-element_type=\"widget\" data-e-type=\"widget\" data-widget_type=\"image.default\">\n\t\t\t\t<div class=\"elementor-widget-container\">\n\t\t\t\t\t\t\t\t\t\t\t\t\t\t\t<img fetchpriority=\"high\" decoding=\"async\" width=\"522\" height=\"522\" src=\"https:\/\/beebipai.ee\/wp-content\/uploads\/2023\/10\/Kikkaboo-kaed-vabad-rinnapump7.jpg\" class=\"attachment-large size-large wp-image-9221\" alt=\"\" srcset=\"https:\/\/beebipai.ee\/wp-content\/uploads\/2023\/10\/Kikkaboo-kaed-vabad-rinnapump7.jpg 522w, https:\/\/beebipai.ee\/wp-content\/uploads\/2023\/10\/Kikkaboo-kaed-vabad-rinnapump7-300x300.jpg 300w, https:\/\/beebipai.ee\/wp-content\/uploads\/2023\/10\/Kikkaboo-kaed-vabad-rinnapump7-150x150.jpg 150w, https:\/\/beebipai.ee\/wp-content\/uploads\/2023\/10\/Kikkaboo-kaed-vabad-rinnapump7-12x12.jpg 12w, https:\/\/beebipai.ee\/wp-content\/uploads\/2023\/10\/Kikkaboo-kaed-vabad-rinnapump7-100x100.jpg 100w\" sizes=\"(max-width: 522px) 100vw, 522px\" \/>\t\t\t\t\t\t\t\t\t\t\t\t\t\t\t<\/div>\n\t\t\t\t<\/div>\n\t\t\t\t\t<\/div>\n\t\t<\/div>\n\t\t\t\t\t<\/div>\n\t\t<\/section>\n\t\t\t\t<\/div>","protected":false},"excerpt":{"rendered":"<p>Kikkaboo br\u012bvroku kr\u016bts s\u016bknis ir jauns \u0113rt\u012bbas l\u012bmenis. Viegli uzst\u0101d\u0101mais kr\u016bts s\u016bknis dara savu darbu, un j\u016bs varat turpin\u0101t visas ierast\u0101s darb\u012bbas.<\/p>","protected":false},"featured_media":9215,"template":"","meta":{"_monsterinsights_skip_tracking":false,"_monsterinsights_sitenote_active":false,"_monsterinsights_sitenote_note":"","_monsterinsights_sitenote_category":0,"site-sidebar-layout":"no-sidebar","site-content-layout":"page-builder","ast-site-content-layout":"full-width-container","site-content-style":"default","site-sidebar-style":"default","ast-global-header-display":"","ast-banner-title-visibility":"","ast-main-header-display":"","ast-hfb-above-header-display":"","ast-hfb-below-header-display":"","ast-hfb-mobile-header-display":"","site-post-title":"disabled","ast-breadcrumbs-content":"","ast-featured-img":"disabled","footer-sml-layout":"","ast-disable-related-posts":"","theme-transparent-header-meta":"default","adv-header-id-meta":"","stick-header-meta":"","header-above-stick-meta":"","header-main-stick-meta":"","header-below-stick-meta":"","astra-migrate-meta-layouts":"set","ast-page-background-enabled":"default","ast-page-background-meta":{"desktop":{"background-color":"","background-image":"","background-repeat":"repeat","background-position":"center center","background-size":"auto","background-attachment":"scroll","background-type":"","background-media":"","overlay-type":"","overlay-color":"","overlay-opacity":"","overlay-gradient":""},"tablet":{"background-color":"","background-image":"","background-repeat":"repeat","background-position":"center center","background-size":"auto","background-attachment":"scroll","background-type":"","background-media":"","overlay-type":"","overlay-color":"","overlay-opacity":"","overlay-gradient":""},"mobile":{"background-color":"","background-image":"","background-repeat":"repeat","background-position":"center center","background-size":"auto","background-attachment":"scroll","background-type":"","background-media":"","overlay-type":"","overlay-color":"","overlay-opacity":"","overlay-gradient":""}},"ast-content-background-meta":{"desktop":{"background-color":"var(--ast-global-color-5)","background-image":"","background-repeat":"repeat","background-position":"center center","background-size":"auto","background-attachment":"scroll","background-type":"","background-media":"","overlay-type":"","overlay-color":"","overlay-opacity":"","overlay-gradient":""},"tablet":{"background-color":"var(--ast-global-color-5)","background-image":"","background-repeat":"repeat","background-position":"center center","background-size":"auto","background-attachment":"scroll","background-type":"","background-media":"","overlay-type":"","overlay-color":"","overlay-opacity":"","overlay-gradient":""},"mobile":{"background-color":"var(--ast-global-color-5)","background-image":"","background-repeat":"repeat","background-position":"center center","background-size":"auto","background-attachment":"scroll","background-type":"","background-media":"","overlay-type":"","overlay-color":"","overlay-opacity":"","overlay-gradient":""}}},"product_brand":[],"product_cat":[22,103],"product_tag":[163,162],"class_list":{"0":"post-9211","1":"product","2":"type-product","3":"status-publish","4":"has-post-thumbnail","6":"product_cat-emale","7":"product_cat-imetamine","8":"product_tag-rinnaga-toitvale-emale","9":"product_tag-rinnapump","10":"desktop-align-left","11":"tablet-align-left","12":"mobile-align-left","14":"first","15":"instock","16":"taxable","17":"shipping-taxable","18":"purchasable","19":"product-type-variable"},"yoast_head":"<!-- This site is optimized with the Yoast SEO plugin v27.4 - https:\/\/yoast.com\/product\/yoast-seo-wordpress\/ -->\n<title>Kikkaboo k\u00e4ed-vabad rinnapump - Beebipai<\/title>\n<meta name=\"description\" content=\"Kikkaboo k\u00e4ed-vabad rinnapump v\u00f5imaldab mugavalt rinnapiima pumbates j\u00e4tkata tavap\u00e4raste toimetustega. Vaata toodet Kikkaboo k\u00e4ed-vabad rinnapump!\" \/>\n<meta name=\"robots\" content=\"index, follow, max-snippet:-1, max-image-preview:large, max-video-preview:-1\" \/>\n<link rel=\"canonical\" href=\"https:\/\/beebipai.ee\/lv\/product\/kikkaboo-kaed-vabad-rinnapump\/\" \/>\n<meta property=\"og:locale\" content=\"lv_LV\" \/>\n<meta property=\"og:type\" content=\"article\" \/>\n<meta property=\"og:title\" content=\"Kikkaboo k\u00e4ed-vabad rinnapump - Beebipai\" \/>\n<meta property=\"og:description\" content=\"Kikkaboo k\u00e4ed-vabad rinnapump v\u00f5imaldab mugavalt rinnapiima pumbates j\u00e4tkata tavap\u00e4raste toimetustega. Vaata toodet Kikkaboo k\u00e4ed-vabad rinnapump!\" \/>\n<meta property=\"og:url\" content=\"https:\/\/beebipai.ee\/lv\/product\/kikkaboo-kaed-vabad-rinnapump\/\" \/>\n<meta property=\"og:site_name\" content=\"Beebipai\" \/>\n<meta property=\"article:modified_time\" content=\"2024-12-03T14:11:03+00:00\" \/>\n<meta property=\"og:image\" content=\"https:\/\/beebipai.ee\/wp-content\/uploads\/2023\/10\/Kikkaboo-kaed-vabad-rinnapump.jpg\" \/>\n\t<meta property=\"og:image:width\" content=\"522\" \/>\n\t<meta property=\"og:image:height\" content=\"522\" \/>\n\t<meta property=\"og:image:type\" content=\"image\/jpeg\" \/>\n<meta name=\"twitter:card\" content=\"summary_large_image\" \/>\n<meta name=\"twitter:label1\" content=\"Est. reading time\" \/>\n\t<meta name=\"twitter:data1\" content=\"1 min\u016bte\" \/>\n<script type=\"application\/ld+json\" class=\"yoast-schema-graph\">{\"@context\":\"https:\\\/\\\/schema.org\",\"@graph\":[{\"@type\":\"WebPage\",\"@id\":\"https:\\\/\\\/beebipai.ee\\\/product\\\/kikkaboo-kaed-vabad-rinnapump\\\/\",\"url\":\"https:\\\/\\\/beebipai.ee\\\/product\\\/kikkaboo-kaed-vabad-rinnapump\\\/\",\"name\":\"Kikkaboo k\u00e4ed-vabad rinnapump - Beebipai\",\"isPartOf\":{\"@id\":\"https:\\\/\\\/beebipai.ee\\\/en\\\/#website\"},\"primaryImageOfPage\":{\"@id\":\"https:\\\/\\\/beebipai.ee\\\/product\\\/kikkaboo-kaed-vabad-rinnapump\\\/#primaryimage\"},\"image\":{\"@id\":\"https:\\\/\\\/beebipai.ee\\\/product\\\/kikkaboo-kaed-vabad-rinnapump\\\/#primaryimage\"},\"thumbnailUrl\":\"https:\\\/\\\/beebipai.ee\\\/wp-content\\\/uploads\\\/2023\\\/10\\\/Kikkaboo-kaed-vabad-rinnapump.jpg\",\"datePublished\":\"2023-10-06T07:31:23+00:00\",\"dateModified\":\"2024-12-03T14:11:03+00:00\",\"description\":\"Kikkaboo k\u00e4ed-vabad rinnapump v\u00f5imaldab mugavalt rinnapiima pumbates j\u00e4tkata tavap\u00e4raste toimetustega. Vaata toodet Kikkaboo k\u00e4ed-vabad rinnapump!\",\"breadcrumb\":{\"@id\":\"https:\\\/\\\/beebipai.ee\\\/product\\\/kikkaboo-kaed-vabad-rinnapump\\\/#breadcrumb\"},\"inLanguage\":\"lv-LV\",\"potentialAction\":[{\"@type\":\"ReadAction\",\"target\":[\"https:\\\/\\\/beebipai.ee\\\/product\\\/kikkaboo-kaed-vabad-rinnapump\\\/\"]}]},{\"@type\":\"ImageObject\",\"inLanguage\":\"lv-LV\",\"@id\":\"https:\\\/\\\/beebipai.ee\\\/product\\\/kikkaboo-kaed-vabad-rinnapump\\\/#primaryimage\",\"url\":\"https:\\\/\\\/beebipai.ee\\\/wp-content\\\/uploads\\\/2023\\\/10\\\/Kikkaboo-kaed-vabad-rinnapump.jpg\",\"contentUrl\":\"https:\\\/\\\/beebipai.ee\\\/wp-content\\\/uploads\\\/2023\\\/10\\\/Kikkaboo-kaed-vabad-rinnapump.jpg\",\"width\":522,\"height\":522},{\"@type\":\"BreadcrumbList\",\"@id\":\"https:\\\/\\\/beebipai.ee\\\/product\\\/kikkaboo-kaed-vabad-rinnapump\\\/#breadcrumb\",\"itemListElement\":[{\"@type\":\"ListItem\",\"position\":1,\"name\":\"Home\",\"item\":\"https:\\\/\\\/beebipai.ee\\\/\"},{\"@type\":\"ListItem\",\"position\":2,\"name\":\"Pood\",\"item\":\"https:\\\/\\\/beebipai.ee\\\/store\\\/\"},{\"@type\":\"ListItem\",\"position\":3,\"name\":\"Kikkaboo k\u00e4ed-vabad rinnapump\"}]},{\"@type\":\"WebSite\",\"@id\":\"https:\\\/\\\/beebipai.ee\\\/en\\\/#website\",\"url\":\"https:\\\/\\\/beebipai.ee\\\/en\\\/\",\"name\":\"Beebipai\",\"description\":\"Rasedate ja beebide veebipood\",\"potentialAction\":[{\"@type\":\"SearchAction\",\"target\":{\"@type\":\"EntryPoint\",\"urlTemplate\":\"https:\\\/\\\/beebipai.ee\\\/en\\\/?s={search_term_string}\"},\"query-input\":{\"@type\":\"PropertyValueSpecification\",\"valueRequired\":true,\"valueName\":\"search_term_string\"}}],\"inLanguage\":\"lv-LV\"}]}<\/script>\n<!-- \/ Yoast SEO plugin. -->","yoast_head_json":{"title":"Kikkaboo k\u00e4ed-vabad rinnapump - Beebipai","description":"Kikkaboo k\u00e4ed-vabad rinnapump v\u00f5imaldab mugavalt rinnapiima pumbates j\u00e4tkata tavap\u00e4raste toimetustega. Vaata toodet Kikkaboo k\u00e4ed-vabad rinnapump!","robots":{"index":"index","follow":"follow","max-snippet":"max-snippet:-1","max-image-preview":"max-image-preview:large","max-video-preview":"max-video-preview:-1"},"canonical":"https:\/\/beebipai.ee\/lv\/product\/kikkaboo-kaed-vabad-rinnapump\/","og_locale":"lv_LV","og_type":"article","og_title":"Kikkaboo k\u00e4ed-vabad rinnapump - Beebipai","og_description":"Kikkaboo k\u00e4ed-vabad rinnapump v\u00f5imaldab mugavalt rinnapiima pumbates j\u00e4tkata tavap\u00e4raste toimetustega. Vaata toodet Kikkaboo k\u00e4ed-vabad rinnapump!","og_url":"https:\/\/beebipai.ee\/lv\/product\/kikkaboo-kaed-vabad-rinnapump\/","og_site_name":"Beebipai","article_modified_time":"2024-12-03T14:11:03+00:00","og_image":[{"width":522,"height":522,"url":"https:\/\/beebipai.ee\/wp-content\/uploads\/2023\/10\/Kikkaboo-kaed-vabad-rinnapump.jpg","type":"image\/jpeg"}],"twitter_card":"summary_large_image","twitter_misc":{"Est. reading time":"1 min\u016bte"},"schema":{"@context":"https:\/\/schema.org","@graph":[{"@type":"WebPage","@id":"https:\/\/beebipai.ee\/product\/kikkaboo-kaed-vabad-rinnapump\/","url":"https:\/\/beebipai.ee\/product\/kikkaboo-kaed-vabad-rinnapump\/","name":"Kikkaboo k\u00e4ed-vabad rinnapump - Beebipai","isPartOf":{"@id":"https:\/\/beebipai.ee\/en\/#website"},"primaryImageOfPage":{"@id":"https:\/\/beebipai.ee\/product\/kikkaboo-kaed-vabad-rinnapump\/#primaryimage"},"image":{"@id":"https:\/\/beebipai.ee\/product\/kikkaboo-kaed-vabad-rinnapump\/#primaryimage"},"thumbnailUrl":"https:\/\/beebipai.ee\/wp-content\/uploads\/2023\/10\/Kikkaboo-kaed-vabad-rinnapump.jpg","datePublished":"2023-10-06T07:31:23+00:00","dateModified":"2024-12-03T14:11:03+00:00","description":"Kikkaboo k\u00e4ed-vabad rinnapump v\u00f5imaldab mugavalt rinnapiima pumbates j\u00e4tkata tavap\u00e4raste toimetustega. Vaata toodet Kikkaboo k\u00e4ed-vabad rinnapump!","breadcrumb":{"@id":"https:\/\/beebipai.ee\/product\/kikkaboo-kaed-vabad-rinnapump\/#breadcrumb"},"inLanguage":"lv-LV","potentialAction":[{"@type":"ReadAction","target":["https:\/\/beebipai.ee\/product\/kikkaboo-kaed-vabad-rinnapump\/"]}]},{"@type":"ImageObject","inLanguage":"lv-LV","@id":"https:\/\/beebipai.ee\/product\/kikkaboo-kaed-vabad-rinnapump\/#primaryimage","url":"https:\/\/beebipai.ee\/wp-content\/uploads\/2023\/10\/Kikkaboo-kaed-vabad-rinnapump.jpg","contentUrl":"https:\/\/beebipai.ee\/wp-content\/uploads\/2023\/10\/Kikkaboo-kaed-vabad-rinnapump.jpg","width":522,"height":522},{"@type":"BreadcrumbList","@id":"https:\/\/beebipai.ee\/product\/kikkaboo-kaed-vabad-rinnapump\/#breadcrumb","itemListElement":[{"@type":"ListItem","position":1,"name":"Home","item":"https:\/\/beebipai.ee\/"},{"@type":"ListItem","position":2,"name":"Pood","item":"https:\/\/beebipai.ee\/store\/"},{"@type":"ListItem","position":3,"name":"Kikkaboo k\u00e4ed-vabad rinnapump"}]},{"@type":"WebSite","@id":"https:\/\/beebipai.ee\/en\/#website","url":"https:\/\/beebipai.ee\/en\/","name":"Beebipai","description":"Rasedate ja beebide veebipood","potentialAction":[{"@type":"SearchAction","target":{"@type":"EntryPoint","urlTemplate":"https:\/\/beebipai.ee\/en\/?s={search_term_string}"},"query-input":{"@type":"PropertyValueSpecification","valueRequired":true,"valueName":"search_term_string"}}],"inLanguage":"lv-LV"}]}},"_links":{"self":[{"href":"https:\/\/beebipai.ee\/lv\/wp-json\/wp\/v2\/product\/9211","targetHints":{"allow":["GET"]}}],"collection":[{"href":"https:\/\/beebipai.ee\/lv\/wp-json\/wp\/v2\/product"}],"about":[{"href":"https:\/\/beebipai.ee\/lv\/wp-json\/wp\/v2\/types\/product"}],"version-history":[{"count":5,"href":"https:\/\/beebipai.ee\/lv\/wp-json\/wp\/v2\/product\/9211\/revisions"}],"predecessor-version":[{"id":9238,"href":"https:\/\/beebipai.ee\/lv\/wp-json\/wp\/v2\/product\/9211\/revisions\/9238"}],"wp:featuredmedia":[{"embeddable":true,"href":"https:\/\/beebipai.ee\/lv\/wp-json\/wp\/v2\/media\/9215"}],"wp:attachment":[{"href":"https:\/\/beebipai.ee\/lv\/wp-json\/wp\/v2\/media?parent=9211"}],"wp:term":[{"taxonomy":"product_brand","embeddable":true,"href":"https:\/\/beebipai.ee\/lv\/wp-json\/wp\/v2\/product_brand?post=9211"},{"taxonomy":"product_cat","embeddable":true,"href":"https:\/\/beebipai.ee\/lv\/wp-json\/wp\/v2\/product_cat?post=9211"},{"taxonomy":"product_tag","embeddable":true,"href":"https:\/\/beebipai.ee\/lv\/wp-json\/wp\/v2\/product_tag?post=9211"}],"curies":[{"name":"wp","href":"https:\/\/api.w.org\/{rel}","templated":true}]}}