{"id":8798,"date":"2023-07-04T21:34:15","date_gmt":"2023-07-04T18:34:15","guid":{"rendered":"https:\/\/beebipai.ee\/?post_type=product&#038;p=8798"},"modified":"2023-07-04T21:38:31","modified_gmt":"2023-07-04T18:38:31","slug":"kikkaboo-toitmistarvikute-kuivatusalus-2","status":"publish","type":"product","link":"https:\/\/beebipai.ee\/lv\/product\/kikkaboo-toitmistarvikute-kuivatusalus-2\/","title":{"rendered":"Kikkaboo padeves \u017e\u0101v\u0113t\u0101js"},"content":{"rendered":"<div data-elementor-type=\"wp-post\" data-elementor-id=\"8798\" class=\"elementor elementor-8798\">\n\t\t\t\t\t\t<section class=\"elementor-section elementor-top-section elementor-element elementor-element-cc54c46 elementor-section-boxed elementor-section-height-default elementor-section-height-default\" data-id=\"cc54c46\" data-element_type=\"section\" data-e-type=\"section\">\n\t\t\t\t\t\t<div class=\"elementor-container elementor-column-gap-default\">\n\t\t\t\t\t<div class=\"elementor-column elementor-col-50 elementor-top-column elementor-element elementor-element-5deb58b\" data-id=\"5deb58b\" data-element_type=\"column\" data-e-type=\"column\">\n\t\t\t<div class=\"elementor-widget-wrap elementor-element-populated\">\n\t\t\t\t\t\t<div class=\"elementor-element elementor-element-9954f53 elementor-widget elementor-widget-heading\" data-id=\"9954f53\" data-element_type=\"widget\" data-e-type=\"widget\" data-widget_type=\"heading.default\">\n\t\t\t\t<div class=\"elementor-widget-container\">\n\t\t\t\t\t<h2 class=\"elementor-heading-title elementor-size-default\">Kikkaboo padeves \u017e\u0101v\u0113t\u0101js<\/h2>\t\t\t\t<\/div>\n\t\t\t\t<\/div>\n\t\t\t\t<div class=\"elementor-element elementor-element-9bd8875 elementor-widget elementor-widget-text-editor\" data-id=\"9bd8875\" data-element_type=\"widget\" data-e-type=\"widget\" data-widget_type=\"text-editor.default\">\n\t\t\t\t<div class=\"elementor-widget-container\">\n\t\t\t\t\t\t\t\t\t<p>Baro\u0161anas piederumu \u017e\u0101v\u0113\u0161anas stat\u012bvs ir ide\u0101ls risin\u0101jums pude\u013cu, knup\u012b\u0161u, v\u0101ci\u0146u un \u012bpa\u0161u kr\u016bts s\u016bk\u0146a da\u013cu \u017e\u0101v\u0113\u0161anai. Pamatnes mala ir augst\u0101ka, kas ne\u013cauj pilieniem izpl\u016bst. \u017d\u0101v\u0113\u0161anas papl\u0101t\u0113 ir 8 pudeles. Viegli izjaukt un salikt. Lielisks dizains ar t\u012br\u0101m kr\u0101s\u0101m. Bez BPA.<\/p>\t\t\t\t\t\t\t\t<\/div>\n\t\t\t\t<\/div>\n\t\t\t\t\t<\/div>\n\t\t<\/div>\n\t\t\t\t<div class=\"elementor-column elementor-col-50 elementor-top-column elementor-element elementor-element-43c7967\" data-id=\"43c7967\" data-element_type=\"column\" data-e-type=\"column\">\n\t\t\t<div class=\"elementor-widget-wrap elementor-element-populated\">\n\t\t\t\t\t\t<div class=\"elementor-element elementor-element-82eb4d8 elementor-widget elementor-widget-image\" data-id=\"82eb4d8\" data-element_type=\"widget\" data-e-type=\"widget\" data-widget_type=\"image.default\">\n\t\t\t\t<div class=\"elementor-widget-container\">\n\t\t\t\t\t\t\t\t\t\t\t\t\t\t\t<img fetchpriority=\"high\" decoding=\"async\" width=\"1024\" height=\"683\" src=\"https:\/\/beebipai.ee\/wp-content\/uploads\/2022\/09\/lutipudelite-kuivatusalus-10-1024x683.jpg\" class=\"attachment-large size-large wp-image-8793\" alt=\"\" srcset=\"https:\/\/beebipai.ee\/wp-content\/uploads\/2022\/09\/lutipudelite-kuivatusalus-10-1024x683.jpg 1024w, https:\/\/beebipai.ee\/wp-content\/uploads\/2022\/09\/lutipudelite-kuivatusalus-10-e1688495730811-300x200.jpg 300w, https:\/\/beebipai.ee\/wp-content\/uploads\/2022\/09\/lutipudelite-kuivatusalus-10-768x513.jpg 768w, https:\/\/beebipai.ee\/wp-content\/uploads\/2022\/09\/lutipudelite-kuivatusalus-10-e1688495730811-18x12.jpg 18w, https:\/\/beebipai.ee\/wp-content\/uploads\/2022\/09\/lutipudelite-kuivatusalus-10-e1688495730811.jpg 600w\" sizes=\"(max-width: 1024px) 100vw, 1024px\" \/>\t\t\t\t\t\t\t\t\t\t\t\t\t\t\t<\/div>\n\t\t\t\t<\/div>\n\t\t\t\t\t<\/div>\n\t\t<\/div>\n\t\t\t\t\t<\/div>\n\t\t<\/section>\n\t\t\t\t<\/div>","protected":false},"excerpt":{"rendered":"<p>Kikkaboo baro\u0161anas piederumu \u017e\u0101v\u0113t\u0101js ir jauks un praktisks pal\u012bgs, kur\u0101 var novietot visas pudel\u012btes, knup\u012b\u0161us, v\u0101ci\u0146us un citus piederumus \u017e\u0101v\u0113\u0161anai.<\/p>","protected":false},"featured_media":8787,"template":"","meta":{"_monsterinsights_skip_tracking":false,"_monsterinsights_sitenote_active":false,"_monsterinsights_sitenote_note":"","_monsterinsights_sitenote_category":0,"site-sidebar-layout":"no-sidebar","site-content-layout":"page-builder","ast-site-content-layout":"default","site-content-style":"default","site-sidebar-style":"default","ast-global-header-display":"","ast-banner-title-visibility":"","ast-main-header-display":"","ast-hfb-above-header-display":"","ast-hfb-below-header-display":"","ast-hfb-mobile-header-display":"","site-post-title":"disabled","ast-breadcrumbs-content":"","ast-featured-img":"disabled","footer-sml-layout":"","ast-disable-related-posts":"","theme-transparent-header-meta":"default","adv-header-id-meta":"","stick-header-meta":"","header-above-stick-meta":"","header-main-stick-meta":"","header-below-stick-meta":"","astra-migrate-meta-layouts":"default","ast-page-background-enabled":"default","ast-page-background-meta":{"desktop":{"background-color":"","background-image":"","background-repeat":"repeat","background-position":"center center","background-size":"auto","background-attachment":"scroll","background-type":"","background-media":"","overlay-type":"","overlay-color":"","overlay-opacity":"","overlay-gradient":""},"tablet":{"background-color":"","background-image":"","background-repeat":"repeat","background-position":"center center","background-size":"auto","background-attachment":"scroll","background-type":"","background-media":"","overlay-type":"","overlay-color":"","overlay-opacity":"","overlay-gradient":""},"mobile":{"background-color":"","background-image":"","background-repeat":"repeat","background-position":"center center","background-size":"auto","background-attachment":"scroll","background-type":"","background-media":"","overlay-type":"","overlay-color":"","overlay-opacity":"","overlay-gradient":""}},"ast-content-background-meta":{"desktop":{"background-color":"var(--ast-global-color-5)","background-image":"","background-repeat":"repeat","background-position":"center center","background-size":"auto","background-attachment":"scroll","background-type":"","background-media":"","overlay-type":"","overlay-color":"","overlay-opacity":"","overlay-gradient":""},"tablet":{"background-color":"var(--ast-global-color-5)","background-image":"","background-repeat":"repeat","background-position":"center center","background-size":"auto","background-attachment":"scroll","background-type":"","background-media":"","overlay-type":"","overlay-color":"","overlay-opacity":"","overlay-gradient":""},"mobile":{"background-color":"var(--ast-global-color-5)","background-image":"","background-repeat":"repeat","background-position":"center center","background-size":"auto","background-attachment":"scroll","background-type":"","background-media":"","overlay-type":"","overlay-color":"","overlay-opacity":"","overlay-gradient":""}}},"product_brand":[],"product_cat":[23,22,103,143],"product_tag":[],"class_list":{"0":"post-8798","1":"product","2":"type-product","3":"status-publish","4":"has-post-thumbnail","6":"product_cat-beebile","7":"product_cat-emale","8":"product_cat-imetamine","9":"product_cat-sootmiseks-soomiseks","10":"desktop-align-left","11":"tablet-align-left","12":"mobile-align-left","14":"first","15":"instock","16":"taxable","17":"shipping-taxable","18":"purchasable","19":"product-type-variable"},"yoast_head":"<!-- This site is optimized with the Yoast SEO plugin v27.3 - https:\/\/yoast.com\/product\/yoast-seo-wordpress\/ -->\n<title>Kikkaboo toitmistarvikute kuivatusalus - Beebipai<\/title>\n<meta name=\"description\" content=\"Kikkaboo toitmistarvikute kuivatusalus on praktiline abimees pudelite, luttide ja muude varuosade kuivatamiseks. Vaata toodet Kikkaboo toitmistarvikute kuivatusalus!\" \/>\n<meta name=\"robots\" content=\"index, follow, max-snippet:-1, max-image-preview:large, max-video-preview:-1\" \/>\n<link rel=\"canonical\" href=\"https:\/\/beebipai.ee\/lv\/product\/kikkaboo-toitmistarvikute-kuivatusalus-2\/\" \/>\n<meta property=\"og:locale\" content=\"lv_LV\" \/>\n<meta property=\"og:type\" content=\"article\" \/>\n<meta property=\"og:title\" content=\"Kikkaboo toitmistarvikute kuivatusalus - Beebipai\" \/>\n<meta property=\"og:description\" content=\"Kikkaboo toitmistarvikute kuivatusalus on praktiline abimees pudelite, luttide ja muude varuosade kuivatamiseks. Vaata toodet Kikkaboo toitmistarvikute kuivatusalus!\" \/>\n<meta property=\"og:url\" content=\"https:\/\/beebipai.ee\/lv\/product\/kikkaboo-toitmistarvikute-kuivatusalus-2\/\" \/>\n<meta property=\"og:site_name\" content=\"Beebipai\" \/>\n<meta property=\"article:modified_time\" content=\"2023-07-04T18:38:31+00:00\" \/>\n<meta property=\"og:image\" content=\"https:\/\/beebipai.ee\/wp-content\/uploads\/2022\/09\/Lutipudelite-kuivatusalus-4.jpg\" \/>\n\t<meta property=\"og:image:width\" content=\"522\" \/>\n\t<meta property=\"og:image:height\" content=\"522\" \/>\n\t<meta property=\"og:image:type\" content=\"image\/jpeg\" \/>\n<meta name=\"twitter:card\" content=\"summary_large_image\" \/>\n<script type=\"application\/ld+json\" class=\"yoast-schema-graph\">{\"@context\":\"https:\\\/\\\/schema.org\",\"@graph\":[{\"@type\":\"WebPage\",\"@id\":\"https:\\\/\\\/beebipai.ee\\\/en\\\/product\\\/kikkaboo-toitmistarvikute-kuivatusalus-2\\\/\",\"url\":\"https:\\\/\\\/beebipai.ee\\\/en\\\/product\\\/kikkaboo-toitmistarvikute-kuivatusalus-2\\\/\",\"name\":\"Kikkaboo toitmistarvikute kuivatusalus - Beebipai\",\"isPartOf\":{\"@id\":\"https:\\\/\\\/beebipai.ee\\\/en\\\/#website\"},\"primaryImageOfPage\":{\"@id\":\"https:\\\/\\\/beebipai.ee\\\/en\\\/product\\\/kikkaboo-toitmistarvikute-kuivatusalus-2\\\/#primaryimage\"},\"image\":{\"@id\":\"https:\\\/\\\/beebipai.ee\\\/en\\\/product\\\/kikkaboo-toitmistarvikute-kuivatusalus-2\\\/#primaryimage\"},\"thumbnailUrl\":\"https:\\\/\\\/beebipai.ee\\\/wp-content\\\/uploads\\\/2022\\\/09\\\/Lutipudelite-kuivatusalus-4.jpg\",\"datePublished\":\"2023-07-04T18:34:15+00:00\",\"dateModified\":\"2023-07-04T18:38:31+00:00\",\"description\":\"Kikkaboo toitmistarvikute kuivatusalus on praktiline abimees pudelite, luttide ja muude varuosade kuivatamiseks. Vaata toodet Kikkaboo toitmistarvikute kuivatusalus!\",\"breadcrumb\":{\"@id\":\"https:\\\/\\\/beebipai.ee\\\/en\\\/product\\\/kikkaboo-toitmistarvikute-kuivatusalus-2\\\/#breadcrumb\"},\"inLanguage\":\"lv-LV\",\"potentialAction\":[{\"@type\":\"ReadAction\",\"target\":[\"https:\\\/\\\/beebipai.ee\\\/en\\\/product\\\/kikkaboo-toitmistarvikute-kuivatusalus-2\\\/\"]}]},{\"@type\":\"ImageObject\",\"inLanguage\":\"lv-LV\",\"@id\":\"https:\\\/\\\/beebipai.ee\\\/en\\\/product\\\/kikkaboo-toitmistarvikute-kuivatusalus-2\\\/#primaryimage\",\"url\":\"https:\\\/\\\/beebipai.ee\\\/wp-content\\\/uploads\\\/2022\\\/09\\\/Lutipudelite-kuivatusalus-4.jpg\",\"contentUrl\":\"https:\\\/\\\/beebipai.ee\\\/wp-content\\\/uploads\\\/2022\\\/09\\\/Lutipudelite-kuivatusalus-4.jpg\",\"width\":522,\"height\":522},{\"@type\":\"BreadcrumbList\",\"@id\":\"https:\\\/\\\/beebipai.ee\\\/en\\\/product\\\/kikkaboo-toitmistarvikute-kuivatusalus-2\\\/#breadcrumb\",\"itemListElement\":[{\"@type\":\"ListItem\",\"position\":1,\"name\":\"Home\",\"item\":\"https:\\\/\\\/beebipai.ee\\\/\"},{\"@type\":\"ListItem\",\"position\":2,\"name\":\"Pood\",\"item\":\"https:\\\/\\\/beebipai.ee\\\/store\\\/\"},{\"@type\":\"ListItem\",\"position\":3,\"name\":\"Kikkaboo toitmistarvikute kuivatusalus\"}]},{\"@type\":\"WebSite\",\"@id\":\"https:\\\/\\\/beebipai.ee\\\/en\\\/#website\",\"url\":\"https:\\\/\\\/beebipai.ee\\\/en\\\/\",\"name\":\"Beebipai\",\"description\":\"Rasedate ja beebide veebipood\",\"potentialAction\":[{\"@type\":\"SearchAction\",\"target\":{\"@type\":\"EntryPoint\",\"urlTemplate\":\"https:\\\/\\\/beebipai.ee\\\/en\\\/?s={search_term_string}\"},\"query-input\":{\"@type\":\"PropertyValueSpecification\",\"valueRequired\":true,\"valueName\":\"search_term_string\"}}],\"inLanguage\":\"lv-LV\"}]}<\/script>\n<!-- \/ Yoast SEO plugin. -->","yoast_head_json":{"title":"Kikkaboo toitmistarvikute kuivatusalus - Beebipai","description":"Kikkaboo toitmistarvikute kuivatusalus on praktiline abimees pudelite, luttide ja muude varuosade kuivatamiseks. Vaata toodet Kikkaboo toitmistarvikute kuivatusalus!","robots":{"index":"index","follow":"follow","max-snippet":"max-snippet:-1","max-image-preview":"max-image-preview:large","max-video-preview":"max-video-preview:-1"},"canonical":"https:\/\/beebipai.ee\/lv\/product\/kikkaboo-toitmistarvikute-kuivatusalus-2\/","og_locale":"lv_LV","og_type":"article","og_title":"Kikkaboo toitmistarvikute kuivatusalus - Beebipai","og_description":"Kikkaboo toitmistarvikute kuivatusalus on praktiline abimees pudelite, luttide ja muude varuosade kuivatamiseks. Vaata toodet Kikkaboo toitmistarvikute kuivatusalus!","og_url":"https:\/\/beebipai.ee\/lv\/product\/kikkaboo-toitmistarvikute-kuivatusalus-2\/","og_site_name":"Beebipai","article_modified_time":"2023-07-04T18:38:31+00:00","og_image":[{"width":522,"height":522,"url":"https:\/\/beebipai.ee\/wp-content\/uploads\/2022\/09\/Lutipudelite-kuivatusalus-4.jpg","type":"image\/jpeg"}],"twitter_card":"summary_large_image","schema":{"@context":"https:\/\/schema.org","@graph":[{"@type":"WebPage","@id":"https:\/\/beebipai.ee\/en\/product\/kikkaboo-toitmistarvikute-kuivatusalus-2\/","url":"https:\/\/beebipai.ee\/en\/product\/kikkaboo-toitmistarvikute-kuivatusalus-2\/","name":"Kikkaboo toitmistarvikute kuivatusalus - Beebipai","isPartOf":{"@id":"https:\/\/beebipai.ee\/en\/#website"},"primaryImageOfPage":{"@id":"https:\/\/beebipai.ee\/en\/product\/kikkaboo-toitmistarvikute-kuivatusalus-2\/#primaryimage"},"image":{"@id":"https:\/\/beebipai.ee\/en\/product\/kikkaboo-toitmistarvikute-kuivatusalus-2\/#primaryimage"},"thumbnailUrl":"https:\/\/beebipai.ee\/wp-content\/uploads\/2022\/09\/Lutipudelite-kuivatusalus-4.jpg","datePublished":"2023-07-04T18:34:15+00:00","dateModified":"2023-07-04T18:38:31+00:00","description":"Kikkaboo toitmistarvikute kuivatusalus on praktiline abimees pudelite, luttide ja muude varuosade kuivatamiseks. Vaata toodet Kikkaboo toitmistarvikute kuivatusalus!","breadcrumb":{"@id":"https:\/\/beebipai.ee\/en\/product\/kikkaboo-toitmistarvikute-kuivatusalus-2\/#breadcrumb"},"inLanguage":"lv-LV","potentialAction":[{"@type":"ReadAction","target":["https:\/\/beebipai.ee\/en\/product\/kikkaboo-toitmistarvikute-kuivatusalus-2\/"]}]},{"@type":"ImageObject","inLanguage":"lv-LV","@id":"https:\/\/beebipai.ee\/en\/product\/kikkaboo-toitmistarvikute-kuivatusalus-2\/#primaryimage","url":"https:\/\/beebipai.ee\/wp-content\/uploads\/2022\/09\/Lutipudelite-kuivatusalus-4.jpg","contentUrl":"https:\/\/beebipai.ee\/wp-content\/uploads\/2022\/09\/Lutipudelite-kuivatusalus-4.jpg","width":522,"height":522},{"@type":"BreadcrumbList","@id":"https:\/\/beebipai.ee\/en\/product\/kikkaboo-toitmistarvikute-kuivatusalus-2\/#breadcrumb","itemListElement":[{"@type":"ListItem","position":1,"name":"Home","item":"https:\/\/beebipai.ee\/"},{"@type":"ListItem","position":2,"name":"Pood","item":"https:\/\/beebipai.ee\/store\/"},{"@type":"ListItem","position":3,"name":"Kikkaboo toitmistarvikute kuivatusalus"}]},{"@type":"WebSite","@id":"https:\/\/beebipai.ee\/en\/#website","url":"https:\/\/beebipai.ee\/en\/","name":"Beebipai","description":"Rasedate ja beebide veebipood","potentialAction":[{"@type":"SearchAction","target":{"@type":"EntryPoint","urlTemplate":"https:\/\/beebipai.ee\/en\/?s={search_term_string}"},"query-input":{"@type":"PropertyValueSpecification","valueRequired":true,"valueName":"search_term_string"}}],"inLanguage":"lv-LV"}]}},"_links":{"self":[{"href":"https:\/\/beebipai.ee\/lv\/wp-json\/wp\/v2\/product\/8798","targetHints":{"allow":["GET"]}}],"collection":[{"href":"https:\/\/beebipai.ee\/lv\/wp-json\/wp\/v2\/product"}],"about":[{"href":"https:\/\/beebipai.ee\/lv\/wp-json\/wp\/v2\/types\/product"}],"version-history":[{"count":4,"href":"https:\/\/beebipai.ee\/lv\/wp-json\/wp\/v2\/product\/8798\/revisions"}],"predecessor-version":[{"id":8804,"href":"https:\/\/beebipai.ee\/lv\/wp-json\/wp\/v2\/product\/8798\/revisions\/8804"}],"wp:featuredmedia":[{"embeddable":true,"href":"https:\/\/beebipai.ee\/lv\/wp-json\/wp\/v2\/media\/8787"}],"wp:attachment":[{"href":"https:\/\/beebipai.ee\/lv\/wp-json\/wp\/v2\/media?parent=8798"}],"wp:term":[{"taxonomy":"product_brand","embeddable":true,"href":"https:\/\/beebipai.ee\/lv\/wp-json\/wp\/v2\/product_brand?post=8798"},{"taxonomy":"product_cat","embeddable":true,"href":"https:\/\/beebipai.ee\/lv\/wp-json\/wp\/v2\/product_cat?post=8798"},{"taxonomy":"product_tag","embeddable":true,"href":"https:\/\/beebipai.ee\/lv\/wp-json\/wp\/v2\/product_tag?post=8798"}],"curies":[{"name":"wp","href":"https:\/\/api.w.org\/{rel}","templated":true}]}}