{"id":8521,"date":"2023-05-10T23:22:08","date_gmt":"2023-05-10T20:22:08","guid":{"rendered":"https:\/\/beebipai.ee\/?post_type=product&#038;p=8521"},"modified":"2025-10-08T13:31:25","modified_gmt":"2025-10-08T10:31:25","slug":"cadenshae-pluus-raseduse-ja-imetamise-ajaks","status":"publish","type":"product","link":"https:\/\/beebipai.ee\/lv\/product\/cadenshae-pluus-raseduse-ja-imetamise-ajaks\/","title":{"rendered":"Cadenshae bl\u016bze gr\u016btniec\u012bbai un z\u012bd\u012b\u0161anas periodam"},"content":{"rendered":"<div data-elementor-type=\"wp-post\" data-elementor-id=\"8521\" class=\"elementor elementor-8521\">\n\t\t\t\t\t\t<section class=\"elementor-section elementor-top-section elementor-element elementor-element-0a531be elementor-section-boxed elementor-section-height-default elementor-section-height-default\" data-id=\"0a531be\" data-element_type=\"section\" data-e-type=\"section\">\n\t\t\t\t\t\t<div class=\"elementor-container elementor-column-gap-default\">\n\t\t\t\t\t<div class=\"elementor-column elementor-col-50 elementor-top-column elementor-element elementor-element-7ea1ece\" data-id=\"7ea1ece\" data-element_type=\"column\" data-e-type=\"column\">\n\t\t\t<div class=\"elementor-widget-wrap elementor-element-populated\">\n\t\t\t\t\t\t<div class=\"elementor-element elementor-element-304b9b2 elementor-widget elementor-widget-heading\" data-id=\"304b9b2\" data-element_type=\"widget\" data-e-type=\"widget\" data-widget_type=\"heading.default\">\n\t\t\t\t<div class=\"elementor-widget-container\">\n\t\t\t\t\t<h2 class=\"elementor-heading-title elementor-size-default\">Cadenshae bl\u016bze gr\u016btniec\u012bbai un z\u012bd\u012b\u0161anas periodam<\/h2>\t\t\t\t<\/div>\n\t\t\t\t<\/div>\n\t\t\t\t<div class=\"elementor-element elementor-element-bc59e4c elementor-widget elementor-widget-text-editor\" data-id=\"bc59e4c\" data-element_type=\"widget\" data-e-type=\"widget\" data-widget_type=\"text-editor.default\">\n\t\t\t\t<div class=\"elementor-widget-container\">\n\t\t\t\t\t\t\t\t\t<p>Cadenshae bl\u016bze gr\u016btniec\u012bbas un z\u012bd\u012b\u0161anas laik\u0101 ir piem\u0113rota jebkuram gr\u016btniec\u012bbas izm\u0113ram. Audums labi piel\u0101gojas augo\u0161ajam v\u0113deram. Bl\u016bzi elegantu padara ar me\u017e\u0123\u012bn\u0113m rot\u0101tie aizmugures v\u0101ki, kas \u013cauj bl\u016bz\u012bti n\u0113s\u0101t ar\u012b svin\u012bg\u0101kos gad\u012bjumos. Diskr\u0113tas sl\u0113dzenes padara mazu\u013ca baro\u0161anu \u013coti vienk\u0101r\u0161u un diskr\u0113tu.<\/p>\t\t\t\t\t\t\t\t<\/div>\n\t\t\t\t<\/div>\n\t\t\t\t\t<\/div>\n\t\t<\/div>\n\t\t\t\t<div class=\"elementor-column elementor-col-50 elementor-top-column elementor-element elementor-element-aa38a23\" data-id=\"aa38a23\" data-element_type=\"column\" data-e-type=\"column\">\n\t\t\t<div class=\"elementor-widget-wrap elementor-element-populated\">\n\t\t\t\t\t\t<div class=\"elementor-element elementor-element-6db969b elementor-widget elementor-widget-image\" data-id=\"6db969b\" data-element_type=\"widget\" data-e-type=\"widget\" data-widget_type=\"image.default\">\n\t\t\t\t<div class=\"elementor-widget-container\">\n\t\t\t\t\t\t\t\t\t\t\t\t\t\t\t<img fetchpriority=\"high\" decoding=\"async\" width=\"807\" height=\"1024\" src=\"https:\/\/beebipai.ee\/wp-content\/uploads\/2023\/05\/Cadenshae-pluus-raseduse-ja-imetamise-ajaks-1-807x1024.webp\" class=\"attachment-large size-large wp-image-8526\" alt=\"\" srcset=\"https:\/\/beebipai.ee\/wp-content\/uploads\/2023\/05\/Cadenshae-pluus-raseduse-ja-imetamise-ajaks-1-807x1024.webp 807w, https:\/\/beebipai.ee\/wp-content\/uploads\/2023\/05\/Cadenshae-pluus-raseduse-ja-imetamise-ajaks-1-e1683750102298-237x300.webp 237w, https:\/\/beebipai.ee\/wp-content\/uploads\/2023\/05\/Cadenshae-pluus-raseduse-ja-imetamise-ajaks-1-768x974.webp 768w, https:\/\/beebipai.ee\/wp-content\/uploads\/2023\/05\/Cadenshae-pluus-raseduse-ja-imetamise-ajaks-1-1211x1536.webp 1211w, https:\/\/beebipai.ee\/wp-content\/uploads\/2023\/05\/Cadenshae-pluus-raseduse-ja-imetamise-ajaks-1-e1683750102298-9x12.webp 9w, https:\/\/beebipai.ee\/wp-content\/uploads\/2023\/05\/Cadenshae-pluus-raseduse-ja-imetamise-ajaks-1-600x761.webp 600w, https:\/\/beebipai.ee\/wp-content\/uploads\/2023\/05\/Cadenshae-pluus-raseduse-ja-imetamise-ajaks-1-e1683750102298.webp 500w\" sizes=\"(max-width: 807px) 100vw, 807px\" \/>\t\t\t\t\t\t\t\t\t\t\t\t\t\t\t<\/div>\n\t\t\t\t<\/div>\n\t\t\t\t\t<\/div>\n\t\t<\/div>\n\t\t\t\t\t<\/div>\n\t\t<\/section>\n\t\t\t\t<\/div>","protected":false},"excerpt":{"rendered":"<p>Cadenshae bl\u016bze ar me\u017e\u0123\u012b\u0146u piedurkn\u0113m ir piem\u0113rota jebkuram gr\u016btniec\u012bbas izm\u0113ram. Diskr\u0113tas sl\u0113dzenes atvieglo mazu\u013ca baro\u0161anu jebkur\u0101 situ\u0101cij\u0101.<\/p>","protected":false},"featured_media":8529,"template":"","meta":{"_monsterinsights_skip_tracking":false,"_monsterinsights_sitenote_active":false,"_monsterinsights_sitenote_note":"","_monsterinsights_sitenote_category":0,"site-sidebar-layout":"no-sidebar","site-content-layout":"page-builder","ast-site-content-layout":"full-width-container","site-content-style":"unboxed","site-sidebar-style":"unboxed","ast-global-header-display":"","ast-banner-title-visibility":"","ast-main-header-display":"","ast-hfb-above-header-display":"","ast-hfb-below-header-display":"","ast-hfb-mobile-header-display":"","site-post-title":"disabled","ast-breadcrumbs-content":"","ast-featured-img":"disabled","footer-sml-layout":"","ast-disable-related-posts":"","theme-transparent-header-meta":"default","adv-header-id-meta":"","stick-header-meta":"","header-above-stick-meta":"","header-main-stick-meta":"","header-below-stick-meta":"","astra-migrate-meta-layouts":"set","ast-page-background-enabled":"default","ast-page-background-meta":{"desktop":{"background-color":"","background-image":"","background-repeat":"repeat","background-position":"center center","background-size":"auto","background-attachment":"scroll","background-type":"","background-media":"","overlay-type":"","overlay-color":"","overlay-opacity":"","overlay-gradient":""},"tablet":{"background-color":"","background-image":"","background-repeat":"repeat","background-position":"center center","background-size":"auto","background-attachment":"scroll","background-type":"","background-media":"","overlay-type":"","overlay-color":"","overlay-opacity":"","overlay-gradient":""},"mobile":{"background-color":"","background-image":"","background-repeat":"repeat","background-position":"center center","background-size":"auto","background-attachment":"scroll","background-type":"","background-media":"","overlay-type":"","overlay-color":"","overlay-opacity":"","overlay-gradient":""}},"ast-content-background-meta":{"desktop":{"background-color":"var(--ast-global-color-5)","background-image":"","background-repeat":"repeat","background-position":"center center","background-size":"auto","background-attachment":"scroll","background-type":"","background-media":"","overlay-type":"","overlay-color":"","overlay-opacity":"","overlay-gradient":""},"tablet":{"background-color":"var(--ast-global-color-5)","background-image":"","background-repeat":"repeat","background-position":"center center","background-size":"auto","background-attachment":"scroll","background-type":"","background-media":"","overlay-type":"","overlay-color":"","overlay-opacity":"","overlay-gradient":""},"mobile":{"background-color":"var(--ast-global-color-5)","background-image":"","background-repeat":"repeat","background-position":"center center","background-size":"auto","background-attachment":"scroll","background-type":"","background-media":"","overlay-type":"","overlay-color":"","overlay-opacity":"","overlay-gradient":""}}},"product_brand":[],"product_cat":[22,133],"product_tag":[],"class_list":{"0":"post-8521","1":"product","2":"type-product","3":"status-publish","4":"has-post-thumbnail","6":"product_cat-emale","7":"product_cat-riided-rasedatele-ja-rinnaga-toitvatele-emadele","8":"desktop-align-left","9":"tablet-align-left","10":"mobile-align-left","12":"first","13":"instock","14":"sale","15":"taxable","16":"shipping-taxable","17":"purchasable","18":"product-type-variable"},"yoast_head":"<!-- This site is optimized with the Yoast SEO plugin v27.3 - https:\/\/yoast.com\/product\/yoast-seo-wordpress\/ -->\n<title>Cadenshae pluus raseduse ja imetamise ajaks - Beebipai<\/title>\n<meta name=\"description\" content=\"Cadeshae pluusi raseduse ja imetamise ajaks saad kanda terve raseduse. Vaata toodet Cadenshae pluus raseduse ja imetamise ajaks!\" \/>\n<meta name=\"robots\" content=\"index, follow, max-snippet:-1, max-image-preview:large, max-video-preview:-1\" \/>\n<link rel=\"canonical\" href=\"https:\/\/beebipai.ee\/lv\/product\/cadenshae-pluus-raseduse-ja-imetamise-ajaks\/\" \/>\n<meta property=\"og:locale\" content=\"lv_LV\" \/>\n<meta property=\"og:type\" content=\"article\" \/>\n<meta property=\"og:title\" content=\"Cadenshae pluus raseduse ja imetamise ajaks - Beebipai\" \/>\n<meta property=\"og:description\" content=\"Cadeshae pluusi raseduse ja imetamise ajaks saad kanda terve raseduse. Vaata toodet Cadenshae pluus raseduse ja imetamise ajaks!\" \/>\n<meta property=\"og:url\" content=\"https:\/\/beebipai.ee\/lv\/product\/cadenshae-pluus-raseduse-ja-imetamise-ajaks\/\" \/>\n<meta property=\"og:site_name\" content=\"Beebipai\" \/>\n<meta property=\"article:modified_time\" content=\"2025-10-08T10:31:25+00:00\" \/>\n<meta property=\"og:image\" content=\"https:\/\/beebipai.ee\/wp-content\/uploads\/2023\/05\/Cadenshae-pluus-raseduse-ja-imetamise-ajaks-e1683750057425.webp\" \/>\n\t<meta property=\"og:image:width\" content=\"500\" \/>\n\t<meta property=\"og:image:height\" content=\"634\" \/>\n\t<meta property=\"og:image:type\" content=\"image\/webp\" \/>\n<meta name=\"twitter:card\" content=\"summary_large_image\" \/>\n<script type=\"application\/ld+json\" class=\"yoast-schema-graph\">{\"@context\":\"https:\\\/\\\/schema.org\",\"@graph\":[{\"@type\":\"WebPage\",\"@id\":\"https:\\\/\\\/beebipai.ee\\\/product\\\/cadenshae-pluus-raseduse-ja-imetamise-ajaks\\\/\",\"url\":\"https:\\\/\\\/beebipai.ee\\\/product\\\/cadenshae-pluus-raseduse-ja-imetamise-ajaks\\\/\",\"name\":\"Cadenshae pluus raseduse ja imetamise ajaks - Beebipai\",\"isPartOf\":{\"@id\":\"https:\\\/\\\/beebipai.ee\\\/en\\\/#website\"},\"primaryImageOfPage\":{\"@id\":\"https:\\\/\\\/beebipai.ee\\\/product\\\/cadenshae-pluus-raseduse-ja-imetamise-ajaks\\\/#primaryimage\"},\"image\":{\"@id\":\"https:\\\/\\\/beebipai.ee\\\/product\\\/cadenshae-pluus-raseduse-ja-imetamise-ajaks\\\/#primaryimage\"},\"thumbnailUrl\":\"https:\\\/\\\/beebipai.ee\\\/wp-content\\\/uploads\\\/2023\\\/05\\\/Cadenshae-pluus-raseduse-ja-imetamise-ajaks-e1683750057425.webp\",\"datePublished\":\"2023-05-10T20:22:08+00:00\",\"dateModified\":\"2025-10-08T10:31:25+00:00\",\"description\":\"Cadeshae pluusi raseduse ja imetamise ajaks saad kanda terve raseduse. Vaata toodet Cadenshae pluus raseduse ja imetamise ajaks!\",\"breadcrumb\":{\"@id\":\"https:\\\/\\\/beebipai.ee\\\/product\\\/cadenshae-pluus-raseduse-ja-imetamise-ajaks\\\/#breadcrumb\"},\"inLanguage\":\"lv-LV\",\"potentialAction\":[{\"@type\":\"ReadAction\",\"target\":[\"https:\\\/\\\/beebipai.ee\\\/product\\\/cadenshae-pluus-raseduse-ja-imetamise-ajaks\\\/\"]}]},{\"@type\":\"ImageObject\",\"inLanguage\":\"lv-LV\",\"@id\":\"https:\\\/\\\/beebipai.ee\\\/product\\\/cadenshae-pluus-raseduse-ja-imetamise-ajaks\\\/#primaryimage\",\"url\":\"https:\\\/\\\/beebipai.ee\\\/wp-content\\\/uploads\\\/2023\\\/05\\\/Cadenshae-pluus-raseduse-ja-imetamise-ajaks-e1683750057425.webp\",\"contentUrl\":\"https:\\\/\\\/beebipai.ee\\\/wp-content\\\/uploads\\\/2023\\\/05\\\/Cadenshae-pluus-raseduse-ja-imetamise-ajaks-e1683750057425.webp\",\"width\":500,\"height\":634},{\"@type\":\"BreadcrumbList\",\"@id\":\"https:\\\/\\\/beebipai.ee\\\/product\\\/cadenshae-pluus-raseduse-ja-imetamise-ajaks\\\/#breadcrumb\",\"itemListElement\":[{\"@type\":\"ListItem\",\"position\":1,\"name\":\"Home\",\"item\":\"https:\\\/\\\/beebipai.ee\\\/\"},{\"@type\":\"ListItem\",\"position\":2,\"name\":\"Pood\",\"item\":\"https:\\\/\\\/beebipai.ee\\\/store\\\/\"},{\"@type\":\"ListItem\",\"position\":3,\"name\":\"Cadenshae pluus raseduse ja imetamise ajaks\"}]},{\"@type\":\"WebSite\",\"@id\":\"https:\\\/\\\/beebipai.ee\\\/en\\\/#website\",\"url\":\"https:\\\/\\\/beebipai.ee\\\/en\\\/\",\"name\":\"Beebipai\",\"description\":\"Rasedate ja beebide veebipood\",\"potentialAction\":[{\"@type\":\"SearchAction\",\"target\":{\"@type\":\"EntryPoint\",\"urlTemplate\":\"https:\\\/\\\/beebipai.ee\\\/en\\\/?s={search_term_string}\"},\"query-input\":{\"@type\":\"PropertyValueSpecification\",\"valueRequired\":true,\"valueName\":\"search_term_string\"}}],\"inLanguage\":\"lv-LV\"}]}<\/script>\n<!-- \/ Yoast SEO plugin. -->","yoast_head_json":{"title":"Cadenshae pluus raseduse ja imetamise ajaks - Beebipai","description":"Cadeshae pluusi raseduse ja imetamise ajaks saad kanda terve raseduse. Vaata toodet Cadenshae pluus raseduse ja imetamise ajaks!","robots":{"index":"index","follow":"follow","max-snippet":"max-snippet:-1","max-image-preview":"max-image-preview:large","max-video-preview":"max-video-preview:-1"},"canonical":"https:\/\/beebipai.ee\/lv\/product\/cadenshae-pluus-raseduse-ja-imetamise-ajaks\/","og_locale":"lv_LV","og_type":"article","og_title":"Cadenshae pluus raseduse ja imetamise ajaks - Beebipai","og_description":"Cadeshae pluusi raseduse ja imetamise ajaks saad kanda terve raseduse. Vaata toodet Cadenshae pluus raseduse ja imetamise ajaks!","og_url":"https:\/\/beebipai.ee\/lv\/product\/cadenshae-pluus-raseduse-ja-imetamise-ajaks\/","og_site_name":"Beebipai","article_modified_time":"2025-10-08T10:31:25+00:00","og_image":[{"width":500,"height":634,"url":"https:\/\/beebipai.ee\/wp-content\/uploads\/2023\/05\/Cadenshae-pluus-raseduse-ja-imetamise-ajaks-e1683750057425.webp","type":"image\/webp"}],"twitter_card":"summary_large_image","schema":{"@context":"https:\/\/schema.org","@graph":[{"@type":"WebPage","@id":"https:\/\/beebipai.ee\/product\/cadenshae-pluus-raseduse-ja-imetamise-ajaks\/","url":"https:\/\/beebipai.ee\/product\/cadenshae-pluus-raseduse-ja-imetamise-ajaks\/","name":"Cadenshae pluus raseduse ja imetamise ajaks - Beebipai","isPartOf":{"@id":"https:\/\/beebipai.ee\/en\/#website"},"primaryImageOfPage":{"@id":"https:\/\/beebipai.ee\/product\/cadenshae-pluus-raseduse-ja-imetamise-ajaks\/#primaryimage"},"image":{"@id":"https:\/\/beebipai.ee\/product\/cadenshae-pluus-raseduse-ja-imetamise-ajaks\/#primaryimage"},"thumbnailUrl":"https:\/\/beebipai.ee\/wp-content\/uploads\/2023\/05\/Cadenshae-pluus-raseduse-ja-imetamise-ajaks-e1683750057425.webp","datePublished":"2023-05-10T20:22:08+00:00","dateModified":"2025-10-08T10:31:25+00:00","description":"Cadeshae pluusi raseduse ja imetamise ajaks saad kanda terve raseduse. Vaata toodet Cadenshae pluus raseduse ja imetamise ajaks!","breadcrumb":{"@id":"https:\/\/beebipai.ee\/product\/cadenshae-pluus-raseduse-ja-imetamise-ajaks\/#breadcrumb"},"inLanguage":"lv-LV","potentialAction":[{"@type":"ReadAction","target":["https:\/\/beebipai.ee\/product\/cadenshae-pluus-raseduse-ja-imetamise-ajaks\/"]}]},{"@type":"ImageObject","inLanguage":"lv-LV","@id":"https:\/\/beebipai.ee\/product\/cadenshae-pluus-raseduse-ja-imetamise-ajaks\/#primaryimage","url":"https:\/\/beebipai.ee\/wp-content\/uploads\/2023\/05\/Cadenshae-pluus-raseduse-ja-imetamise-ajaks-e1683750057425.webp","contentUrl":"https:\/\/beebipai.ee\/wp-content\/uploads\/2023\/05\/Cadenshae-pluus-raseduse-ja-imetamise-ajaks-e1683750057425.webp","width":500,"height":634},{"@type":"BreadcrumbList","@id":"https:\/\/beebipai.ee\/product\/cadenshae-pluus-raseduse-ja-imetamise-ajaks\/#breadcrumb","itemListElement":[{"@type":"ListItem","position":1,"name":"Home","item":"https:\/\/beebipai.ee\/"},{"@type":"ListItem","position":2,"name":"Pood","item":"https:\/\/beebipai.ee\/store\/"},{"@type":"ListItem","position":3,"name":"Cadenshae pluus raseduse ja imetamise ajaks"}]},{"@type":"WebSite","@id":"https:\/\/beebipai.ee\/en\/#website","url":"https:\/\/beebipai.ee\/en\/","name":"Beebipai","description":"Rasedate ja beebide veebipood","potentialAction":[{"@type":"SearchAction","target":{"@type":"EntryPoint","urlTemplate":"https:\/\/beebipai.ee\/en\/?s={search_term_string}"},"query-input":{"@type":"PropertyValueSpecification","valueRequired":true,"valueName":"search_term_string"}}],"inLanguage":"lv-LV"}]}},"_links":{"self":[{"href":"https:\/\/beebipai.ee\/lv\/wp-json\/wp\/v2\/product\/8521","targetHints":{"allow":["GET"]}}],"collection":[{"href":"https:\/\/beebipai.ee\/lv\/wp-json\/wp\/v2\/product"}],"about":[{"href":"https:\/\/beebipai.ee\/lv\/wp-json\/wp\/v2\/types\/product"}],"version-history":[{"count":5,"href":"https:\/\/beebipai.ee\/lv\/wp-json\/wp\/v2\/product\/8521\/revisions"}],"predecessor-version":[{"id":13109,"href":"https:\/\/beebipai.ee\/lv\/wp-json\/wp\/v2\/product\/8521\/revisions\/13109"}],"wp:featuredmedia":[{"embeddable":true,"href":"https:\/\/beebipai.ee\/lv\/wp-json\/wp\/v2\/media\/8529"}],"wp:attachment":[{"href":"https:\/\/beebipai.ee\/lv\/wp-json\/wp\/v2\/media?parent=8521"}],"wp:term":[{"taxonomy":"product_brand","embeddable":true,"href":"https:\/\/beebipai.ee\/lv\/wp-json\/wp\/v2\/product_brand?post=8521"},{"taxonomy":"product_cat","embeddable":true,"href":"https:\/\/beebipai.ee\/lv\/wp-json\/wp\/v2\/product_cat?post=8521"},{"taxonomy":"product_tag","embeddable":true,"href":"https:\/\/beebipai.ee\/lv\/wp-json\/wp\/v2\/product_tag?post=8521"}],"curies":[{"name":"wp","href":"https:\/\/api.w.org\/{rel}","templated":true}]}}