{"id":8502,"date":"2023-05-10T19:36:56","date_gmt":"2023-05-10T16:36:56","guid":{"rendered":"https:\/\/beebipai.ee\/?post_type=product&#038;p=8502"},"modified":"2025-10-08T12:46:48","modified_gmt":"2025-10-08T09:46:48","slug":"cadenshae-bambusest-top-raseduse-ja-imetamise-ajaks","status":"publish","type":"product","link":"https:\/\/beebipai.ee\/lv\/product\/cadenshae-bambusest-top-raseduse-ja-imetamise-ajaks\/","title":{"rendered":"Cadenshae bambusa tops gr\u016btniec\u0113m un baro\u0161anai ar kr\u016bti"},"content":{"rendered":"<div data-elementor-type=\"wp-post\" data-elementor-id=\"8502\" class=\"elementor elementor-8502\">\n\t\t\t\t\t\t<section class=\"elementor-section elementor-top-section elementor-element elementor-element-70e29f4 elementor-section-boxed elementor-section-height-default elementor-section-height-default\" data-id=\"70e29f4\" data-element_type=\"section\" data-e-type=\"section\">\n\t\t\t\t\t\t<div class=\"elementor-container elementor-column-gap-default\">\n\t\t\t\t\t<div class=\"elementor-column elementor-col-50 elementor-top-column elementor-element elementor-element-8711ee5\" data-id=\"8711ee5\" data-element_type=\"column\" data-e-type=\"column\">\n\t\t\t<div class=\"elementor-widget-wrap elementor-element-populated\">\n\t\t\t\t\t\t<div class=\"elementor-element elementor-element-f0bb7c3 elementor-widget elementor-widget-heading\" data-id=\"f0bb7c3\" data-element_type=\"widget\" data-e-type=\"widget\" data-widget_type=\"heading.default\">\n\t\t\t\t<div class=\"elementor-widget-container\">\n\t\t\t\t\t<h2 class=\"elementor-heading-title elementor-size-default\">Bambusa tops gr\u016btniec\u0113m un baro\u0161anai ar kr\u016bti<\/h2>\t\t\t\t<\/div>\n\t\t\t\t<\/div>\n\t\t\t\t<div class=\"elementor-element elementor-element-a50f2cd elementor-widget elementor-widget-text-editor\" data-id=\"a50f2cd\" data-element_type=\"widget\" data-e-type=\"widget\" data-widget_type=\"text-editor.default\">\n\t\t\t\t<div class=\"elementor-widget-container\">\n\t\t\t\t\t\t\t\t\t<p>Viegls, m\u012bksts un gais\u012bgs un praktisks un ilgm\u016b\u017e\u012bgs ap\u0123\u0113rbs visam gr\u016btniec\u012bbas un z\u012bd\u012b\u0161anas periodam. Un k\u0101p\u0113c gan ne bez gr\u016btniec\u012bbas un z\u012bd\u012b\u0161anas. \u0160is stil\u012bgais topi\u0146\u0161 nekur nenor\u0101da, ka tas ir ap\u0123\u0113rba priek\u0161mets gr\u016btniec\u0113m un barojo\u0161\u0101m m\u0101mi\u0146\u0101m \ud83d\ude42<\/p><p>Superpehme\u00e4 ja kevyt bambuviskoosi mukautuu kaiken kokoiseen raskauteen ja on kaunis sel\u00e4ss\u00e4 my\u00f6s ilman raskautta. Leve\u00e4t k\u00e4sivarret mahdollistavat helpon ja huomaamattoman imetyksen. Kankaana bambuviskoosi on kevyt, kosteutta imev\u00e4, l\u00e4mp\u00f6\u00e4 s\u00e4\u00e4telev\u00e4, hypoallergeeninen ja UV-suojattu. T\u00e4ydellinen kes\u00e4st\u00e4 talveen.\u00a0<\/p>\t\t\t\t\t\t\t\t<\/div>\n\t\t\t\t<\/div>\n\t\t\t\t\t<\/div>\n\t\t<\/div>\n\t\t\t\t<div class=\"elementor-column elementor-col-50 elementor-top-column elementor-element elementor-element-7e71734\" data-id=\"7e71734\" data-element_type=\"column\" data-e-type=\"column\">\n\t\t\t<div class=\"elementor-widget-wrap elementor-element-populated\">\n\t\t\t\t\t\t<div class=\"elementor-element elementor-element-5614888 elementor-widget elementor-widget-image\" data-id=\"5614888\" data-element_type=\"widget\" data-e-type=\"widget\" data-widget_type=\"image.default\">\n\t\t\t\t<div class=\"elementor-widget-container\">\n\t\t\t\t\t\t\t\t\t\t\t\t\t\t\t<img fetchpriority=\"high\" decoding=\"async\" width=\"807\" height=\"1024\" src=\"https:\/\/beebipai.ee\/wp-content\/uploads\/2023\/05\/Bambusest-top-raseduse-ja-imetamise-ajaks-4-807x1024.webp\" class=\"attachment-large size-large wp-image-8511\" alt=\"\" srcset=\"https:\/\/beebipai.ee\/wp-content\/uploads\/2023\/05\/Bambusest-top-raseduse-ja-imetamise-ajaks-4-807x1024.webp 807w, https:\/\/beebipai.ee\/wp-content\/uploads\/2023\/05\/Bambusest-top-raseduse-ja-imetamise-ajaks-4-e1683736365848-237x300.webp 237w, https:\/\/beebipai.ee\/wp-content\/uploads\/2023\/05\/Bambusest-top-raseduse-ja-imetamise-ajaks-4-768x974.webp 768w, https:\/\/beebipai.ee\/wp-content\/uploads\/2023\/05\/Bambusest-top-raseduse-ja-imetamise-ajaks-4-1211x1536.webp 1211w, https:\/\/beebipai.ee\/wp-content\/uploads\/2023\/05\/Bambusest-top-raseduse-ja-imetamise-ajaks-4-e1683736365848-9x12.webp 9w, https:\/\/beebipai.ee\/wp-content\/uploads\/2023\/05\/Bambusest-top-raseduse-ja-imetamise-ajaks-4-600x761.webp 600w, https:\/\/beebipai.ee\/wp-content\/uploads\/2023\/05\/Bambusest-top-raseduse-ja-imetamise-ajaks-4-e1683736365848.webp 500w\" sizes=\"(max-width: 807px) 100vw, 807px\" \/>\t\t\t\t\t\t\t\t\t\t\t\t\t\t\t<\/div>\n\t\t\t\t<\/div>\n\t\t\t\t\t<\/div>\n\t\t<\/div>\n\t\t\t\t\t<\/div>\n\t\t<\/section>\n\t\t\t\t<\/div>","protected":false},"excerpt":{"rendered":"<p>Stil\u012bgs, bet diskr\u0113ts bambusa tops ir neaizst\u0101jams ap\u0123\u0113rba gabals gr\u016btniec\u012bbas un z\u012bd\u012b\u0161anas laik\u0101. Labi piel\u0101gojas augo\u0161ai gr\u016btniec\u012bbai, un to var viegli lietot z\u012bd\u012b\u0161anas laik\u0101.<\/p>","protected":false},"featured_media":8509,"template":"","meta":{"_monsterinsights_skip_tracking":false,"_monsterinsights_sitenote_active":false,"_monsterinsights_sitenote_note":"","_monsterinsights_sitenote_category":0,"site-sidebar-layout":"no-sidebar","site-content-layout":"page-builder","ast-site-content-layout":"full-width-container","site-content-style":"unboxed","site-sidebar-style":"unboxed","ast-global-header-display":"","ast-banner-title-visibility":"","ast-main-header-display":"","ast-hfb-above-header-display":"","ast-hfb-below-header-display":"","ast-hfb-mobile-header-display":"","site-post-title":"disabled","ast-breadcrumbs-content":"","ast-featured-img":"disabled","footer-sml-layout":"","ast-disable-related-posts":"","theme-transparent-header-meta":"default","adv-header-id-meta":"","stick-header-meta":"","header-above-stick-meta":"","header-main-stick-meta":"","header-below-stick-meta":"","astra-migrate-meta-layouts":"set","ast-page-background-enabled":"default","ast-page-background-meta":{"desktop":{"background-color":"","background-image":"","background-repeat":"repeat","background-position":"center center","background-size":"auto","background-attachment":"scroll","background-type":"","background-media":"","overlay-type":"","overlay-color":"","overlay-opacity":"","overlay-gradient":""},"tablet":{"background-color":"","background-image":"","background-repeat":"repeat","background-position":"center center","background-size":"auto","background-attachment":"scroll","background-type":"","background-media":"","overlay-type":"","overlay-color":"","overlay-opacity":"","overlay-gradient":""},"mobile":{"background-color":"","background-image":"","background-repeat":"repeat","background-position":"center center","background-size":"auto","background-attachment":"scroll","background-type":"","background-media":"","overlay-type":"","overlay-color":"","overlay-opacity":"","overlay-gradient":""}},"ast-content-background-meta":{"desktop":{"background-color":"var(--ast-global-color-5)","background-image":"","background-repeat":"repeat","background-position":"center center","background-size":"auto","background-attachment":"scroll","background-type":"","background-media":"","overlay-type":"","overlay-color":"","overlay-opacity":"","overlay-gradient":""},"tablet":{"background-color":"var(--ast-global-color-5)","background-image":"","background-repeat":"repeat","background-position":"center center","background-size":"auto","background-attachment":"scroll","background-type":"","background-media":"","overlay-type":"","overlay-color":"","overlay-opacity":"","overlay-gradient":""},"mobile":{"background-color":"var(--ast-global-color-5)","background-image":"","background-repeat":"repeat","background-position":"center center","background-size":"auto","background-attachment":"scroll","background-type":"","background-media":"","overlay-type":"","overlay-color":"","overlay-opacity":"","overlay-gradient":""}}},"product_brand":[],"product_cat":[22,133],"product_tag":[],"class_list":{"0":"post-8502","1":"product","2":"type-product","3":"status-publish","4":"has-post-thumbnail","6":"product_cat-emale","7":"product_cat-riided-rasedatele-ja-rinnaga-toitvatele-emadele","8":"desktop-align-left","9":"tablet-align-left","10":"mobile-align-left","12":"first","13":"instock","14":"sale","15":"taxable","16":"shipping-taxable","17":"purchasable","18":"product-type-variable"},"yoast_head":"<!-- This site is optimized with the Yoast SEO plugin v27.3 - https:\/\/yoast.com\/product\/yoast-seo-wordpress\/ -->\n<title>Cadenshae bambusest top raseduse ja imetamise ajaks - Beebipai<\/title>\n<meta name=\"description\" content=\"Bambusest top raseduse ja imetamise ajaks on kerge ja praktiline terveks raseduse ajaks ja imetamise perioodiks. Vaata toodet bambusest top raseduse ajaks!\" \/>\n<meta name=\"robots\" content=\"index, follow, max-snippet:-1, max-image-preview:large, max-video-preview:-1\" \/>\n<link rel=\"canonical\" href=\"https:\/\/beebipai.ee\/lv\/product\/cadenshae-bambusest-top-raseduse-ja-imetamise-ajaks\/\" \/>\n<meta property=\"og:locale\" content=\"lv_LV\" \/>\n<meta property=\"og:type\" content=\"article\" \/>\n<meta property=\"og:title\" content=\"Cadenshae bambusest top raseduse ja imetamise ajaks - Beebipai\" \/>\n<meta property=\"og:description\" content=\"Bambusest top raseduse ja imetamise ajaks on kerge ja praktiline terveks raseduse ajaks ja imetamise perioodiks. Vaata toodet bambusest top raseduse ajaks!\" \/>\n<meta property=\"og:url\" content=\"https:\/\/beebipai.ee\/lv\/product\/cadenshae-bambusest-top-raseduse-ja-imetamise-ajaks\/\" \/>\n<meta property=\"og:site_name\" content=\"Beebipai\" \/>\n<meta property=\"article:modified_time\" content=\"2025-10-08T09:46:48+00:00\" \/>\n<meta property=\"og:image\" content=\"https:\/\/beebipai.ee\/wp-content\/uploads\/2023\/05\/Bambusest-top-raseduse-ja-imetamise-ajaks-2-e1683736315634.webp\" \/>\n\t<meta property=\"og:image:width\" content=\"500\" \/>\n\t<meta property=\"og:image:height\" content=\"634\" \/>\n\t<meta property=\"og:image:type\" content=\"image\/webp\" \/>\n<meta name=\"twitter:card\" content=\"summary_large_image\" \/>\n<script type=\"application\/ld+json\" class=\"yoast-schema-graph\">{\"@context\":\"https:\\\/\\\/schema.org\",\"@graph\":[{\"@type\":\"WebPage\",\"@id\":\"https:\\\/\\\/beebipai.ee\\\/product\\\/cadenshae-bambusest-top-raseduse-ja-imetamise-ajaks\\\/\",\"url\":\"https:\\\/\\\/beebipai.ee\\\/product\\\/cadenshae-bambusest-top-raseduse-ja-imetamise-ajaks\\\/\",\"name\":\"Cadenshae bambusest top raseduse ja imetamise ajaks - Beebipai\",\"isPartOf\":{\"@id\":\"https:\\\/\\\/beebipai.ee\\\/en\\\/#website\"},\"primaryImageOfPage\":{\"@id\":\"https:\\\/\\\/beebipai.ee\\\/product\\\/cadenshae-bambusest-top-raseduse-ja-imetamise-ajaks\\\/#primaryimage\"},\"image\":{\"@id\":\"https:\\\/\\\/beebipai.ee\\\/product\\\/cadenshae-bambusest-top-raseduse-ja-imetamise-ajaks\\\/#primaryimage\"},\"thumbnailUrl\":\"https:\\\/\\\/beebipai.ee\\\/wp-content\\\/uploads\\\/2023\\\/05\\\/Bambusest-top-raseduse-ja-imetamise-ajaks-2-e1683736315634.webp\",\"datePublished\":\"2023-05-10T16:36:56+00:00\",\"dateModified\":\"2025-10-08T09:46:48+00:00\",\"description\":\"Bambusest top raseduse ja imetamise ajaks on kerge ja praktiline terveks raseduse ajaks ja imetamise perioodiks. Vaata toodet bambusest top raseduse ajaks!\",\"breadcrumb\":{\"@id\":\"https:\\\/\\\/beebipai.ee\\\/product\\\/cadenshae-bambusest-top-raseduse-ja-imetamise-ajaks\\\/#breadcrumb\"},\"inLanguage\":\"lv-LV\",\"potentialAction\":[{\"@type\":\"ReadAction\",\"target\":[\"https:\\\/\\\/beebipai.ee\\\/product\\\/cadenshae-bambusest-top-raseduse-ja-imetamise-ajaks\\\/\"]}]},{\"@type\":\"ImageObject\",\"inLanguage\":\"lv-LV\",\"@id\":\"https:\\\/\\\/beebipai.ee\\\/product\\\/cadenshae-bambusest-top-raseduse-ja-imetamise-ajaks\\\/#primaryimage\",\"url\":\"https:\\\/\\\/beebipai.ee\\\/wp-content\\\/uploads\\\/2023\\\/05\\\/Bambusest-top-raseduse-ja-imetamise-ajaks-2-e1683736315634.webp\",\"contentUrl\":\"https:\\\/\\\/beebipai.ee\\\/wp-content\\\/uploads\\\/2023\\\/05\\\/Bambusest-top-raseduse-ja-imetamise-ajaks-2-e1683736315634.webp\",\"width\":500,\"height\":634},{\"@type\":\"BreadcrumbList\",\"@id\":\"https:\\\/\\\/beebipai.ee\\\/product\\\/cadenshae-bambusest-top-raseduse-ja-imetamise-ajaks\\\/#breadcrumb\",\"itemListElement\":[{\"@type\":\"ListItem\",\"position\":1,\"name\":\"Home\",\"item\":\"https:\\\/\\\/beebipai.ee\\\/\"},{\"@type\":\"ListItem\",\"position\":2,\"name\":\"Pood\",\"item\":\"https:\\\/\\\/beebipai.ee\\\/store\\\/\"},{\"@type\":\"ListItem\",\"position\":3,\"name\":\"Cadenshae bambusest top raseduse ja imetamise ajaks\"}]},{\"@type\":\"WebSite\",\"@id\":\"https:\\\/\\\/beebipai.ee\\\/en\\\/#website\",\"url\":\"https:\\\/\\\/beebipai.ee\\\/en\\\/\",\"name\":\"Beebipai\",\"description\":\"Rasedate ja beebide veebipood\",\"potentialAction\":[{\"@type\":\"SearchAction\",\"target\":{\"@type\":\"EntryPoint\",\"urlTemplate\":\"https:\\\/\\\/beebipai.ee\\\/en\\\/?s={search_term_string}\"},\"query-input\":{\"@type\":\"PropertyValueSpecification\",\"valueRequired\":true,\"valueName\":\"search_term_string\"}}],\"inLanguage\":\"lv-LV\"}]}<\/script>\n<!-- \/ Yoast SEO plugin. -->","yoast_head_json":{"title":"Cadenshae bambusest top raseduse ja imetamise ajaks - Beebipai","description":"Bambusest top raseduse ja imetamise ajaks on kerge ja praktiline terveks raseduse ajaks ja imetamise perioodiks. Vaata toodet bambusest top raseduse ajaks!","robots":{"index":"index","follow":"follow","max-snippet":"max-snippet:-1","max-image-preview":"max-image-preview:large","max-video-preview":"max-video-preview:-1"},"canonical":"https:\/\/beebipai.ee\/lv\/product\/cadenshae-bambusest-top-raseduse-ja-imetamise-ajaks\/","og_locale":"lv_LV","og_type":"article","og_title":"Cadenshae bambusest top raseduse ja imetamise ajaks - Beebipai","og_description":"Bambusest top raseduse ja imetamise ajaks on kerge ja praktiline terveks raseduse ajaks ja imetamise perioodiks. Vaata toodet bambusest top raseduse ajaks!","og_url":"https:\/\/beebipai.ee\/lv\/product\/cadenshae-bambusest-top-raseduse-ja-imetamise-ajaks\/","og_site_name":"Beebipai","article_modified_time":"2025-10-08T09:46:48+00:00","og_image":[{"width":500,"height":634,"url":"https:\/\/beebipai.ee\/wp-content\/uploads\/2023\/05\/Bambusest-top-raseduse-ja-imetamise-ajaks-2-e1683736315634.webp","type":"image\/webp"}],"twitter_card":"summary_large_image","schema":{"@context":"https:\/\/schema.org","@graph":[{"@type":"WebPage","@id":"https:\/\/beebipai.ee\/product\/cadenshae-bambusest-top-raseduse-ja-imetamise-ajaks\/","url":"https:\/\/beebipai.ee\/product\/cadenshae-bambusest-top-raseduse-ja-imetamise-ajaks\/","name":"Cadenshae bambusest top raseduse ja imetamise ajaks - Beebipai","isPartOf":{"@id":"https:\/\/beebipai.ee\/en\/#website"},"primaryImageOfPage":{"@id":"https:\/\/beebipai.ee\/product\/cadenshae-bambusest-top-raseduse-ja-imetamise-ajaks\/#primaryimage"},"image":{"@id":"https:\/\/beebipai.ee\/product\/cadenshae-bambusest-top-raseduse-ja-imetamise-ajaks\/#primaryimage"},"thumbnailUrl":"https:\/\/beebipai.ee\/wp-content\/uploads\/2023\/05\/Bambusest-top-raseduse-ja-imetamise-ajaks-2-e1683736315634.webp","datePublished":"2023-05-10T16:36:56+00:00","dateModified":"2025-10-08T09:46:48+00:00","description":"Bambusest top raseduse ja imetamise ajaks on kerge ja praktiline terveks raseduse ajaks ja imetamise perioodiks. Vaata toodet bambusest top raseduse ajaks!","breadcrumb":{"@id":"https:\/\/beebipai.ee\/product\/cadenshae-bambusest-top-raseduse-ja-imetamise-ajaks\/#breadcrumb"},"inLanguage":"lv-LV","potentialAction":[{"@type":"ReadAction","target":["https:\/\/beebipai.ee\/product\/cadenshae-bambusest-top-raseduse-ja-imetamise-ajaks\/"]}]},{"@type":"ImageObject","inLanguage":"lv-LV","@id":"https:\/\/beebipai.ee\/product\/cadenshae-bambusest-top-raseduse-ja-imetamise-ajaks\/#primaryimage","url":"https:\/\/beebipai.ee\/wp-content\/uploads\/2023\/05\/Bambusest-top-raseduse-ja-imetamise-ajaks-2-e1683736315634.webp","contentUrl":"https:\/\/beebipai.ee\/wp-content\/uploads\/2023\/05\/Bambusest-top-raseduse-ja-imetamise-ajaks-2-e1683736315634.webp","width":500,"height":634},{"@type":"BreadcrumbList","@id":"https:\/\/beebipai.ee\/product\/cadenshae-bambusest-top-raseduse-ja-imetamise-ajaks\/#breadcrumb","itemListElement":[{"@type":"ListItem","position":1,"name":"Home","item":"https:\/\/beebipai.ee\/"},{"@type":"ListItem","position":2,"name":"Pood","item":"https:\/\/beebipai.ee\/store\/"},{"@type":"ListItem","position":3,"name":"Cadenshae bambusest top raseduse ja imetamise ajaks"}]},{"@type":"WebSite","@id":"https:\/\/beebipai.ee\/en\/#website","url":"https:\/\/beebipai.ee\/en\/","name":"Beebipai","description":"Rasedate ja beebide veebipood","potentialAction":[{"@type":"SearchAction","target":{"@type":"EntryPoint","urlTemplate":"https:\/\/beebipai.ee\/en\/?s={search_term_string}"},"query-input":{"@type":"PropertyValueSpecification","valueRequired":true,"valueName":"search_term_string"}}],"inLanguage":"lv-LV"}]}},"_links":{"self":[{"href":"https:\/\/beebipai.ee\/lv\/wp-json\/wp\/v2\/product\/8502","targetHints":{"allow":["GET"]}}],"collection":[{"href":"https:\/\/beebipai.ee\/lv\/wp-json\/wp\/v2\/product"}],"about":[{"href":"https:\/\/beebipai.ee\/lv\/wp-json\/wp\/v2\/types\/product"}],"version-history":[{"count":5,"href":"https:\/\/beebipai.ee\/lv\/wp-json\/wp\/v2\/product\/8502\/revisions"}],"predecessor-version":[{"id":8520,"href":"https:\/\/beebipai.ee\/lv\/wp-json\/wp\/v2\/product\/8502\/revisions\/8520"}],"wp:featuredmedia":[{"embeddable":true,"href":"https:\/\/beebipai.ee\/lv\/wp-json\/wp\/v2\/media\/8509"}],"wp:attachment":[{"href":"https:\/\/beebipai.ee\/lv\/wp-json\/wp\/v2\/media?parent=8502"}],"wp:term":[{"taxonomy":"product_brand","embeddable":true,"href":"https:\/\/beebipai.ee\/lv\/wp-json\/wp\/v2\/product_brand?post=8502"},{"taxonomy":"product_cat","embeddable":true,"href":"https:\/\/beebipai.ee\/lv\/wp-json\/wp\/v2\/product_cat?post=8502"},{"taxonomy":"product_tag","embeddable":true,"href":"https:\/\/beebipai.ee\/lv\/wp-json\/wp\/v2\/product_tag?post=8502"}],"curies":[{"name":"wp","href":"https:\/\/api.w.org\/{rel}","templated":true}]}}