{"id":8019,"date":"2023-03-19T17:59:39","date_gmt":"2023-03-19T15:59:39","guid":{"rendered":"https:\/\/beebipai.ee\/?post_type=product&#038;p=8019"},"modified":"2025-01-09T21:58:28","modified_gmt":"2025-01-09T19:58:28","slug":"rasedate-dressipuksid-2tk-pakis","status":"publish","type":"product","link":"https:\/\/beebipai.ee\/lv\/product\/rasedate-dressipuksid-2tk-pakis\/","title":{"rendered":"Seraphine gr\u016btnie\u010du treni\u0146bikses, 2 iepakojum\u0101"},"content":{"rendered":"<div data-elementor-type=\"wp-post\" data-elementor-id=\"8019\" class=\"elementor elementor-8019\">\n\t\t\t\t\t\t<section class=\"elementor-section elementor-top-section elementor-element elementor-element-3a25d3f elementor-section-boxed elementor-section-height-default elementor-section-height-default\" data-id=\"3a25d3f\" data-element_type=\"section\" data-e-type=\"section\">\n\t\t\t\t\t\t<div class=\"elementor-container elementor-column-gap-default\">\n\t\t\t\t\t<div class=\"elementor-column elementor-col-50 elementor-top-column elementor-element elementor-element-d9f7f2d\" data-id=\"d9f7f2d\" data-element_type=\"column\" data-e-type=\"column\">\n\t\t\t<div class=\"elementor-widget-wrap elementor-element-populated\">\n\t\t\t\t\t\t<div class=\"elementor-element elementor-element-4bbb6d3 elementor-widget elementor-widget-heading\" data-id=\"4bbb6d3\" data-element_type=\"widget\" data-e-type=\"widget\" data-widget_type=\"heading.default\">\n\t\t\t\t<div class=\"elementor-widget-container\">\n\t\t\t\t\t<h2 class=\"elementor-heading-title elementor-size-default\">Seraphine gr\u016btnie\u010du treni\u0146bikses<\/h2>\t\t\t\t<\/div>\n\t\t\t\t<\/div>\n\t\t\t\t<div class=\"elementor-element elementor-element-5b55fe5 elementor-widget elementor-widget-text-editor\" data-id=\"5b55fe5\" data-element_type=\"widget\" data-e-type=\"widget\" data-widget_type=\"text-editor.default\">\n\t\t\t\t<div class=\"elementor-widget-container\">\n\t\t\t\t\t\t\t\t\t<p>Seraphine gr\u016btnie\u010du treni\u0146bikses ir \u0101rk\u0101rt\u012bgi m\u012bkstas un \u0113rtas. V\u0113dera paneli var n\u0113s\u0101t p\u0113c vajadz\u012bbas un v\u0113lmes. Vai nu izmantojot to pa visu v\u0113deru, vai ripinot to tik augstu, cik v\u0113laties. V\u0113dera pane\u013ca da\u013ca \u013cauj izmantot treni\u0146bikses visu gr\u016btniec\u012bbas laiku, bet ar\u012b p\u0113c dzemd\u012bb\u0101m. Viduklis ar\u012b regul\u0113jams ar \u0161\u0146or\u0113m. Materi\u0101ls ir \u0101rk\u0101rt\u012bgi m\u012bksts, negrie\u017eas un nespie\u017e. Ab\u0101s pus\u0113s kabatas. M\u016bsdienu sa\u0161aurin\u0101jumi uz pot\u012bt\u0113m. Ide\u0101li piem\u0113rots ikdienas biks\u0113m, treni\u0146iem vai vienk\u0101r\u0161i m\u0101j\u0101s.<\/p>\t\t\t\t\t\t\t\t<\/div>\n\t\t\t\t<\/div>\n\t\t\t\t\t<\/div>\n\t\t<\/div>\n\t\t\t\t<div class=\"elementor-column elementor-col-50 elementor-top-column elementor-element elementor-element-8de29de\" data-id=\"8de29de\" data-element_type=\"column\" data-e-type=\"column\">\n\t\t\t<div class=\"elementor-widget-wrap elementor-element-populated\">\n\t\t\t\t\t\t<div class=\"elementor-element elementor-element-a2cdf8d elementor-widget elementor-widget-image\" data-id=\"a2cdf8d\" data-element_type=\"widget\" data-e-type=\"widget\" data-widget_type=\"image.default\">\n\t\t\t\t<div class=\"elementor-widget-container\">\n\t\t\t\t\t\t\t\t\t\t\t\t\t\t\t<img fetchpriority=\"high\" decoding=\"async\" width=\"586\" height=\"750\" src=\"https:\/\/beebipai.ee\/wp-content\/uploads\/2023\/03\/Seraphine-rasedate-dressipuksid-2.jpg\" class=\"attachment-large size-large wp-image-8025\" alt=\"\" srcset=\"https:\/\/beebipai.ee\/wp-content\/uploads\/2023\/03\/Seraphine-rasedate-dressipuksid-2.jpg 586w, https:\/\/beebipai.ee\/wp-content\/uploads\/2023\/03\/Seraphine-rasedate-dressipuksid-2-234x300.jpg 234w, https:\/\/beebipai.ee\/wp-content\/uploads\/2023\/03\/Seraphine-rasedate-dressipuksid-2-9x12.jpg 9w\" sizes=\"(max-width: 586px) 100vw, 586px\" \/>\t\t\t\t\t\t\t\t\t\t\t\t\t\t\t<\/div>\n\t\t\t\t<\/div>\n\t\t\t\t\t<\/div>\n\t\t<\/div>\n\t\t\t\t\t<\/div>\n\t\t<\/section>\n\t\t\t\t<\/div>","protected":false},"excerpt":{"rendered":"<p>Gr\u016btnie\u010du treni\u0146bikses ir \u0113rtas valk\u0101\u0161anai visu gr\u016btniec\u012bbas laiku. Lielisks ap\u0123\u0113rba gabals gan br\u012bvajam laikam, gan sportam gan gr\u016btniec\u012bbas laik\u0101, gan p\u0113c dzemd\u012bb\u0101m.<\/p>\n<p>Iepakojum\u0101 2 p\u0101ri biks\u012b\u0161u<\/p>\n<p>Vali 1-2 suurust v\u00e4iksem suurus<\/p>","protected":false},"featured_media":8029,"template":"","meta":{"_monsterinsights_skip_tracking":false,"_monsterinsights_sitenote_active":false,"_monsterinsights_sitenote_note":"","_monsterinsights_sitenote_category":0,"site-sidebar-layout":"no-sidebar","site-content-layout":"page-builder","ast-site-content-layout":"full-width-container","site-content-style":"unboxed","site-sidebar-style":"unboxed","ast-global-header-display":"","ast-banner-title-visibility":"","ast-main-header-display":"","ast-hfb-above-header-display":"","ast-hfb-below-header-display":"","ast-hfb-mobile-header-display":"","site-post-title":"disabled","ast-breadcrumbs-content":"","ast-featured-img":"disabled","footer-sml-layout":"","ast-disable-related-posts":"","theme-transparent-header-meta":"default","adv-header-id-meta":"","stick-header-meta":"","header-above-stick-meta":"","header-main-stick-meta":"","header-below-stick-meta":"","astra-migrate-meta-layouts":"set","ast-page-background-enabled":"default","ast-page-background-meta":{"desktop":{"background-color":"","background-image":"","background-repeat":"repeat","background-position":"center center","background-size":"auto","background-attachment":"scroll","background-type":"","background-media":"","overlay-type":"","overlay-color":"","overlay-opacity":"","overlay-gradient":""},"tablet":{"background-color":"","background-image":"","background-repeat":"repeat","background-position":"center center","background-size":"auto","background-attachment":"scroll","background-type":"","background-media":"","overlay-type":"","overlay-color":"","overlay-opacity":"","overlay-gradient":""},"mobile":{"background-color":"","background-image":"","background-repeat":"repeat","background-position":"center center","background-size":"auto","background-attachment":"scroll","background-type":"","background-media":"","overlay-type":"","overlay-color":"","overlay-opacity":"","overlay-gradient":""}},"ast-content-background-meta":{"desktop":{"background-color":"var(--ast-global-color-5)","background-image":"","background-repeat":"repeat","background-position":"center center","background-size":"auto","background-attachment":"scroll","background-type":"","background-media":"","overlay-type":"","overlay-color":"","overlay-opacity":"","overlay-gradient":""},"tablet":{"background-color":"var(--ast-global-color-5)","background-image":"","background-repeat":"repeat","background-position":"center center","background-size":"auto","background-attachment":"scroll","background-type":"","background-media":"","overlay-type":"","overlay-color":"","overlay-opacity":"","overlay-gradient":""},"mobile":{"background-color":"var(--ast-global-color-5)","background-image":"","background-repeat":"repeat","background-position":"center center","background-size":"auto","background-attachment":"scroll","background-type":"","background-media":"","overlay-type":"","overlay-color":"","overlay-opacity":"","overlay-gradient":""}}},"product_brand":[],"product_cat":[22,133],"product_tag":[],"class_list":{"0":"post-8019","1":"product","2":"type-product","3":"status-publish","4":"has-post-thumbnail","6":"product_cat-emale","7":"product_cat-riided-rasedatele-ja-rinnaga-toitvatele-emadele","8":"desktop-align-left","9":"tablet-align-left","10":"mobile-align-left","12":"first","13":"instock","14":"sale","15":"taxable","16":"shipping-taxable","17":"purchasable","18":"product-type-variable"},"yoast_head":"<!-- This site is optimized with the Yoast SEO plugin v27.5 - https:\/\/yoast.com\/product\/yoast-seo-wordpress\/ -->\n<title>Seraphine rasedate dressip\u00fcksid, 2tk pakis - Beebipai<\/title>\n<meta name=\"description\" content=\"Rasedate dressip\u00fcksid on mugavad kandmiseks terve raseduse aja. P\u00fcksid kohanevad rasedse suuruse ja kasvava k\u00f5huga. Vaata toodet rasedate dressip\u00fcksid!\" \/>\n<meta name=\"robots\" content=\"index, follow, max-snippet:-1, max-image-preview:large, max-video-preview:-1\" \/>\n<link rel=\"canonical\" href=\"https:\/\/beebipai.ee\/lv\/product\/rasedate-dressipuksid-2tk-pakis\/\" \/>\n<meta property=\"og:locale\" content=\"lv_LV\" \/>\n<meta property=\"og:type\" content=\"article\" \/>\n<meta property=\"og:title\" content=\"Seraphine rasedate dressip\u00fcksid, 2tk pakis - Beebipai\" \/>\n<meta property=\"og:description\" content=\"Rasedate dressip\u00fcksid on mugavad kandmiseks terve raseduse aja. P\u00fcksid kohanevad rasedse suuruse ja kasvava k\u00f5huga. Vaata toodet rasedate dressip\u00fcksid!\" \/>\n<meta property=\"og:url\" content=\"https:\/\/beebipai.ee\/lv\/product\/rasedate-dressipuksid-2tk-pakis\/\" \/>\n<meta property=\"og:site_name\" content=\"Beebipai\" \/>\n<meta property=\"article:modified_time\" content=\"2025-01-09T19:58:28+00:00\" \/>\n<meta property=\"og:image\" content=\"https:\/\/beebipai.ee\/wp-content\/uploads\/2023\/03\/Seraphine-rasedate-dressipuksid.jpg\" \/>\n\t<meta property=\"og:image:width\" content=\"586\" \/>\n\t<meta property=\"og:image:height\" content=\"750\" \/>\n\t<meta property=\"og:image:type\" content=\"image\/jpeg\" \/>\n<meta name=\"twitter:card\" content=\"summary_large_image\" \/>\n<script type=\"application\/ld+json\" class=\"yoast-schema-graph\">{\"@context\":\"https:\\\/\\\/schema.org\",\"@graph\":[{\"@type\":\"WebPage\",\"@id\":\"https:\\\/\\\/beebipai.ee\\\/lv\\\/product\\\/rasedate-dressipuksid-2tk-pakis\\\/\",\"url\":\"https:\\\/\\\/beebipai.ee\\\/lv\\\/product\\\/rasedate-dressipuksid-2tk-pakis\\\/\",\"name\":\"Seraphine rasedate dressip\u00fcksid, 2tk pakis - Beebipai\",\"isPartOf\":{\"@id\":\"https:\\\/\\\/beebipai.ee\\\/en\\\/#website\"},\"primaryImageOfPage\":{\"@id\":\"https:\\\/\\\/beebipai.ee\\\/lv\\\/product\\\/rasedate-dressipuksid-2tk-pakis\\\/#primaryimage\"},\"image\":{\"@id\":\"https:\\\/\\\/beebipai.ee\\\/lv\\\/product\\\/rasedate-dressipuksid-2tk-pakis\\\/#primaryimage\"},\"thumbnailUrl\":\"https:\\\/\\\/beebipai.ee\\\/wp-content\\\/uploads\\\/2023\\\/03\\\/Seraphine-rasedate-dressipuksid.jpg\",\"datePublished\":\"2023-03-19T15:59:39+00:00\",\"dateModified\":\"2025-01-09T19:58:28+00:00\",\"description\":\"Rasedate dressip\u00fcksid on mugavad kandmiseks terve raseduse aja. P\u00fcksid kohanevad rasedse suuruse ja kasvava k\u00f5huga. Vaata toodet rasedate dressip\u00fcksid!\",\"breadcrumb\":{\"@id\":\"https:\\\/\\\/beebipai.ee\\\/lv\\\/product\\\/rasedate-dressipuksid-2tk-pakis\\\/#breadcrumb\"},\"inLanguage\":\"lv-LV\",\"potentialAction\":[{\"@type\":\"ReadAction\",\"target\":[\"https:\\\/\\\/beebipai.ee\\\/lv\\\/product\\\/rasedate-dressipuksid-2tk-pakis\\\/\"]}]},{\"@type\":\"ImageObject\",\"inLanguage\":\"lv-LV\",\"@id\":\"https:\\\/\\\/beebipai.ee\\\/lv\\\/product\\\/rasedate-dressipuksid-2tk-pakis\\\/#primaryimage\",\"url\":\"https:\\\/\\\/beebipai.ee\\\/wp-content\\\/uploads\\\/2023\\\/03\\\/Seraphine-rasedate-dressipuksid.jpg\",\"contentUrl\":\"https:\\\/\\\/beebipai.ee\\\/wp-content\\\/uploads\\\/2023\\\/03\\\/Seraphine-rasedate-dressipuksid.jpg\",\"width\":586,\"height\":750},{\"@type\":\"BreadcrumbList\",\"@id\":\"https:\\\/\\\/beebipai.ee\\\/lv\\\/product\\\/rasedate-dressipuksid-2tk-pakis\\\/#breadcrumb\",\"itemListElement\":[{\"@type\":\"ListItem\",\"position\":1,\"name\":\"Home\",\"item\":\"https:\\\/\\\/beebipai.ee\\\/\"},{\"@type\":\"ListItem\",\"position\":2,\"name\":\"Pood\",\"item\":\"https:\\\/\\\/beebipai.ee\\\/store\\\/\"},{\"@type\":\"ListItem\",\"position\":3,\"name\":\"Seraphine rasedate dressip\u00fcksid, 2tk pakis\"}]},{\"@type\":\"WebSite\",\"@id\":\"https:\\\/\\\/beebipai.ee\\\/en\\\/#website\",\"url\":\"https:\\\/\\\/beebipai.ee\\\/en\\\/\",\"name\":\"Beebipai\",\"description\":\"Rasedate ja beebide veebipood\",\"potentialAction\":[{\"@type\":\"SearchAction\",\"target\":{\"@type\":\"EntryPoint\",\"urlTemplate\":\"https:\\\/\\\/beebipai.ee\\\/en\\\/?s={search_term_string}\"},\"query-input\":{\"@type\":\"PropertyValueSpecification\",\"valueRequired\":true,\"valueName\":\"search_term_string\"}}],\"inLanguage\":\"lv-LV\"}]}<\/script>\n<!-- \/ Yoast SEO plugin. -->","yoast_head_json":{"title":"Seraphine rasedate dressip\u00fcksid, 2tk pakis - Beebipai","description":"Rasedate dressip\u00fcksid on mugavad kandmiseks terve raseduse aja. P\u00fcksid kohanevad rasedse suuruse ja kasvava k\u00f5huga. Vaata toodet rasedate dressip\u00fcksid!","robots":{"index":"index","follow":"follow","max-snippet":"max-snippet:-1","max-image-preview":"max-image-preview:large","max-video-preview":"max-video-preview:-1"},"canonical":"https:\/\/beebipai.ee\/lv\/product\/rasedate-dressipuksid-2tk-pakis\/","og_locale":"lv_LV","og_type":"article","og_title":"Seraphine rasedate dressip\u00fcksid, 2tk pakis - Beebipai","og_description":"Rasedate dressip\u00fcksid on mugavad kandmiseks terve raseduse aja. P\u00fcksid kohanevad rasedse suuruse ja kasvava k\u00f5huga. Vaata toodet rasedate dressip\u00fcksid!","og_url":"https:\/\/beebipai.ee\/lv\/product\/rasedate-dressipuksid-2tk-pakis\/","og_site_name":"Beebipai","article_modified_time":"2025-01-09T19:58:28+00:00","og_image":[{"width":586,"height":750,"url":"https:\/\/beebipai.ee\/wp-content\/uploads\/2023\/03\/Seraphine-rasedate-dressipuksid.jpg","type":"image\/jpeg"}],"twitter_card":"summary_large_image","schema":{"@context":"https:\/\/schema.org","@graph":[{"@type":"WebPage","@id":"https:\/\/beebipai.ee\/lv\/product\/rasedate-dressipuksid-2tk-pakis\/","url":"https:\/\/beebipai.ee\/lv\/product\/rasedate-dressipuksid-2tk-pakis\/","name":"Seraphine rasedate dressip\u00fcksid, 2tk pakis - Beebipai","isPartOf":{"@id":"https:\/\/beebipai.ee\/en\/#website"},"primaryImageOfPage":{"@id":"https:\/\/beebipai.ee\/lv\/product\/rasedate-dressipuksid-2tk-pakis\/#primaryimage"},"image":{"@id":"https:\/\/beebipai.ee\/lv\/product\/rasedate-dressipuksid-2tk-pakis\/#primaryimage"},"thumbnailUrl":"https:\/\/beebipai.ee\/wp-content\/uploads\/2023\/03\/Seraphine-rasedate-dressipuksid.jpg","datePublished":"2023-03-19T15:59:39+00:00","dateModified":"2025-01-09T19:58:28+00:00","description":"Rasedate dressip\u00fcksid on mugavad kandmiseks terve raseduse aja. P\u00fcksid kohanevad rasedse suuruse ja kasvava k\u00f5huga. Vaata toodet rasedate dressip\u00fcksid!","breadcrumb":{"@id":"https:\/\/beebipai.ee\/lv\/product\/rasedate-dressipuksid-2tk-pakis\/#breadcrumb"},"inLanguage":"lv-LV","potentialAction":[{"@type":"ReadAction","target":["https:\/\/beebipai.ee\/lv\/product\/rasedate-dressipuksid-2tk-pakis\/"]}]},{"@type":"ImageObject","inLanguage":"lv-LV","@id":"https:\/\/beebipai.ee\/lv\/product\/rasedate-dressipuksid-2tk-pakis\/#primaryimage","url":"https:\/\/beebipai.ee\/wp-content\/uploads\/2023\/03\/Seraphine-rasedate-dressipuksid.jpg","contentUrl":"https:\/\/beebipai.ee\/wp-content\/uploads\/2023\/03\/Seraphine-rasedate-dressipuksid.jpg","width":586,"height":750},{"@type":"BreadcrumbList","@id":"https:\/\/beebipai.ee\/lv\/product\/rasedate-dressipuksid-2tk-pakis\/#breadcrumb","itemListElement":[{"@type":"ListItem","position":1,"name":"Home","item":"https:\/\/beebipai.ee\/"},{"@type":"ListItem","position":2,"name":"Pood","item":"https:\/\/beebipai.ee\/store\/"},{"@type":"ListItem","position":3,"name":"Seraphine rasedate dressip\u00fcksid, 2tk pakis"}]},{"@type":"WebSite","@id":"https:\/\/beebipai.ee\/en\/#website","url":"https:\/\/beebipai.ee\/en\/","name":"Beebipai","description":"Rasedate ja beebide veebipood","potentialAction":[{"@type":"SearchAction","target":{"@type":"EntryPoint","urlTemplate":"https:\/\/beebipai.ee\/en\/?s={search_term_string}"},"query-input":{"@type":"PropertyValueSpecification","valueRequired":true,"valueName":"search_term_string"}}],"inLanguage":"lv-LV"}]}},"_links":{"self":[{"href":"https:\/\/beebipai.ee\/lv\/wp-json\/wp\/v2\/product\/8019","targetHints":{"allow":["GET"]}}],"collection":[{"href":"https:\/\/beebipai.ee\/lv\/wp-json\/wp\/v2\/product"}],"about":[{"href":"https:\/\/beebipai.ee\/lv\/wp-json\/wp\/v2\/types\/product"}],"version-history":[{"count":5,"href":"https:\/\/beebipai.ee\/lv\/wp-json\/wp\/v2\/product\/8019\/revisions"}],"predecessor-version":[{"id":10666,"href":"https:\/\/beebipai.ee\/lv\/wp-json\/wp\/v2\/product\/8019\/revisions\/10666"}],"wp:featuredmedia":[{"embeddable":true,"href":"https:\/\/beebipai.ee\/lv\/wp-json\/wp\/v2\/media\/8029"}],"wp:attachment":[{"href":"https:\/\/beebipai.ee\/lv\/wp-json\/wp\/v2\/media?parent=8019"}],"wp:term":[{"taxonomy":"product_brand","embeddable":true,"href":"https:\/\/beebipai.ee\/lv\/wp-json\/wp\/v2\/product_brand?post=8019"},{"taxonomy":"product_cat","embeddable":true,"href":"https:\/\/beebipai.ee\/lv\/wp-json\/wp\/v2\/product_cat?post=8019"},{"taxonomy":"product_tag","embeddable":true,"href":"https:\/\/beebipai.ee\/lv\/wp-json\/wp\/v2\/product_tag?post=8019"}],"curies":[{"name":"wp","href":"https:\/\/api.w.org\/{rel}","templated":true}]}}