{"id":7858,"date":"2023-02-17T09:33:15","date_gmt":"2023-02-17T07:33:15","guid":{"rendered":"https:\/\/beebipai.ee\/?post_type=product&#038;p=7858"},"modified":"2023-02-17T09:47:41","modified_gmt":"2023-02-17T07:47:41","slug":"turvarihmad","status":"publish","type":"product","link":"https:\/\/beebipai.ee\/lv\/product\/turvarihmad\/","title":{"rendered":"Dro\u0161\u012bbas jostas z\u012bdai\u0146iem\/maziem b\u0113rniem"},"content":{"rendered":"<div data-elementor-type=\"wp-post\" data-elementor-id=\"7858\" class=\"elementor elementor-7858\">\n\t\t\t\t\t\t<section class=\"elementor-section elementor-top-section elementor-element elementor-element-3c229d6 elementor-section-boxed elementor-section-height-default elementor-section-height-default\" data-id=\"3c229d6\" data-element_type=\"section\" data-e-type=\"section\">\n\t\t\t\t\t\t<div class=\"elementor-container elementor-column-gap-default\">\n\t\t\t\t\t<div class=\"elementor-column elementor-col-50 elementor-top-column elementor-element elementor-element-e17b4a7\" data-id=\"e17b4a7\" data-element_type=\"column\" data-e-type=\"column\">\n\t\t\t<div class=\"elementor-widget-wrap elementor-element-populated\">\n\t\t\t\t\t\t<div class=\"elementor-element elementor-element-8c07e1f elementor-widget elementor-widget-heading\" data-id=\"8c07e1f\" data-element_type=\"widget\" data-e-type=\"widget\" data-widget_type=\"heading.default\">\n\t\t\t\t<div class=\"elementor-widget-container\">\n\t\t\t\t\t<h2 class=\"elementor-heading-title elementor-size-default\">Dro\u0161\u012bbas jostas z\u012bdai\u0146iem\/maziem b\u0113rniem<\/h2>\t\t\t\t<\/div>\n\t\t\t\t<\/div>\n\t\t\t\t<div class=\"elementor-element elementor-element-253e14f elementor-widget elementor-widget-text-editor\" data-id=\"253e14f\" data-element_type=\"widget\" data-e-type=\"widget\" data-widget_type=\"text-editor.default\">\n\t\t\t\t<div class=\"elementor-widget-container\">\n\t\t\t\t\t\t\t\t\t<p>Dro\u0161\u012bbas jostas z\u012bdainim\/mazam b\u0113rnam ir pal\u012bgs, kad b\u0113rns m\u0101c\u0101s staig\u0101t, pal\u012bdzot b\u0113rnam s\u0101kotn\u0113ji saglab\u0101t l\u012bdzsvaru. Bet \u012bpa\u0161i lieliski pal\u012bgi tie ir izbraucienos, p\u0101rpild\u012bt\u0101s viet\u0101s, viet\u0101s ar akt\u012bvu satiksmi, ku\u0123os, vilcienos utt. Mazu\u013ca kust\u012bbas bie\u017ei ir \u0101tras un neparedzamas, ar dro\u0161\u012bbas jost\u0101m j\u016bs varat ne\u013caut b\u0113rnam b\u0113gt, pazust vai nokrist.\u00a0<\/p><p>Dro\u0161\u012bbas jostas ir regul\u0113jamas garum\u0101, \u013caujot b\u0113rnam staig\u0101t un p\u0101rvietoties patst\u0101v\u012bgi, bet taj\u0101 pa\u0161\u0101 laik\u0101 noturot vi\u0146u dro\u0161i tuvu vec\u0101kiem. Polster\u0113tie pleci nav rievoti un nav ne\u0113rti b\u0113rnam. Regul\u0113jami pleci un viduklis. Dro\u0161s stiprin\u0101jums mugurpus\u0113. Augstas kvalit\u0101tes melan\u017ea audums. B\u0113rniem draudz\u012bgs 3D druk\u0101ts ka\u0137\u0113ns padara dro\u0161\u012bbas jostu piespr\u0101dz\u0113\u0161anos b\u0113rniem rota\u013c\u012bgu.\u00a0<\/p>\t\t\t\t\t\t\t\t<\/div>\n\t\t\t\t<\/div>\n\t\t\t\t\t<\/div>\n\t\t<\/div>\n\t\t\t\t<div class=\"elementor-column elementor-col-50 elementor-top-column elementor-element elementor-element-a46b0c5\" data-id=\"a46b0c5\" data-element_type=\"column\" data-e-type=\"column\">\n\t\t\t<div class=\"elementor-widget-wrap elementor-element-populated\">\n\t\t\t\t\t\t<div class=\"elementor-element elementor-element-946aa31 elementor-widget elementor-widget-image\" data-id=\"946aa31\" data-element_type=\"widget\" data-e-type=\"widget\" data-widget_type=\"image.default\">\n\t\t\t\t<div class=\"elementor-widget-container\">\n\t\t\t\t\t\t\t\t\t\t\t\t\t\t\t<img fetchpriority=\"high\" decoding=\"async\" width=\"505\" height=\"325\" src=\"https:\/\/beebipai.ee\/wp-content\/uploads\/2023\/02\/Turvarihmad5.jpg\" class=\"attachment-large size-large wp-image-7872\" alt=\"\" srcset=\"https:\/\/beebipai.ee\/wp-content\/uploads\/2023\/02\/Turvarihmad5.jpg 505w, https:\/\/beebipai.ee\/wp-content\/uploads\/2023\/02\/Turvarihmad5-300x193.jpg 300w, https:\/\/beebipai.ee\/wp-content\/uploads\/2023\/02\/Turvarihmad5-18x12.jpg 18w\" sizes=\"(max-width: 505px) 100vw, 505px\" \/>\t\t\t\t\t\t\t\t\t\t\t\t\t\t\t<\/div>\n\t\t\t\t<\/div>\n\t\t\t\t\t<\/div>\n\t\t<\/div>\n\t\t\t\t\t<\/div>\n\t\t<\/section>\n\t\t\t\t<\/div>","protected":false},"excerpt":{"rendered":"<p>B\u0113rnu\/mazu\u013cu dro\u0161\u012bbas jostas ir lielisks pal\u012bgs, p\u0101rvietojoties kop\u0101 ar niec\u012bgu, neparedzamu cilv\u0113ku.<\/p>","protected":false},"featured_media":7871,"template":"","meta":{"_monsterinsights_skip_tracking":false,"_monsterinsights_sitenote_active":false,"_monsterinsights_sitenote_note":"","_monsterinsights_sitenote_category":0,"site-sidebar-layout":"no-sidebar","site-content-layout":"page-builder","ast-site-content-layout":"default","site-content-style":"default","site-sidebar-style":"default","ast-global-header-display":"","ast-banner-title-visibility":"","ast-main-header-display":"","ast-hfb-above-header-display":"","ast-hfb-below-header-display":"","ast-hfb-mobile-header-display":"","site-post-title":"disabled","ast-breadcrumbs-content":"","ast-featured-img":"disabled","footer-sml-layout":"","ast-disable-related-posts":"","theme-transparent-header-meta":"default","adv-header-id-meta":"","stick-header-meta":"","header-above-stick-meta":"","header-main-stick-meta":"","header-below-stick-meta":"","astra-migrate-meta-layouts":"default","ast-page-background-enabled":"default","ast-page-background-meta":{"desktop":{"background-color":"","background-image":"","background-repeat":"repeat","background-position":"center center","background-size":"auto","background-attachment":"scroll","background-type":"","background-media":"","overlay-type":"","overlay-color":"","overlay-opacity":"","overlay-gradient":""},"tablet":{"background-color":"","background-image":"","background-repeat":"repeat","background-position":"center center","background-size":"auto","background-attachment":"scroll","background-type":"","background-media":"","overlay-type":"","overlay-color":"","overlay-opacity":"","overlay-gradient":""},"mobile":{"background-color":"","background-image":"","background-repeat":"repeat","background-position":"center center","background-size":"auto","background-attachment":"scroll","background-type":"","background-media":"","overlay-type":"","overlay-color":"","overlay-opacity":"","overlay-gradient":""}},"ast-content-background-meta":{"desktop":{"background-color":"var(--ast-global-color-5)","background-image":"","background-repeat":"repeat","background-position":"center center","background-size":"auto","background-attachment":"scroll","background-type":"","background-media":"","overlay-type":"","overlay-color":"","overlay-opacity":"","overlay-gradient":""},"tablet":{"background-color":"var(--ast-global-color-5)","background-image":"","background-repeat":"repeat","background-position":"center center","background-size":"auto","background-attachment":"scroll","background-type":"","background-media":"","overlay-type":"","overlay-color":"","overlay-opacity":"","overlay-gradient":""},"mobile":{"background-color":"var(--ast-global-color-5)","background-image":"","background-repeat":"repeat","background-position":"center center","background-size":"auto","background-attachment":"scroll","background-type":"","background-media":"","overlay-type":"","overlay-color":"","overlay-opacity":"","overlay-gradient":""}}},"product_brand":[],"product_cat":[23,145],"product_tag":[],"class_list":{"0":"post-7858","1":"product","2":"type-product","3":"status-publish","4":"has-post-thumbnail","6":"product_cat-beebile","7":"product_cat-turvalisus","8":"desktop-align-left","9":"tablet-align-left","10":"mobile-align-left","12":"first","13":"instock","14":"taxable","15":"shipping-taxable","16":"purchasable","17":"product-type-variable"},"yoast_head":"<!-- This site is optimized with the Yoast SEO plugin v27.4 - https:\/\/yoast.com\/product\/yoast-seo-wordpress\/ -->\n<title>Turvarihmad beebile\/v\u00e4ikelapsele - Beebipai<\/title>\n<meta name=\"description\" content=\"Turvarihmad beebile\/v\u00e4ikelapsele teevad liikumise lapsega turvaliseks. Vaata toodet turvarihmad beebile\/v\u00e4ikelapsele!\" \/>\n<meta name=\"robots\" content=\"index, follow, max-snippet:-1, max-image-preview:large, max-video-preview:-1\" \/>\n<link rel=\"canonical\" href=\"https:\/\/beebipai.ee\/lv\/product\/turvarihmad\/\" \/>\n<meta property=\"og:locale\" content=\"lv_LV\" \/>\n<meta property=\"og:type\" content=\"article\" \/>\n<meta property=\"og:title\" content=\"Turvarihmad beebile\/v\u00e4ikelapsele - Beebipai\" \/>\n<meta property=\"og:description\" content=\"Turvarihmad beebile\/v\u00e4ikelapsele teevad liikumise lapsega turvaliseks. Vaata toodet turvarihmad beebile\/v\u00e4ikelapsele!\" \/>\n<meta property=\"og:url\" content=\"https:\/\/beebipai.ee\/lv\/product\/turvarihmad\/\" \/>\n<meta property=\"og:site_name\" content=\"Beebipai\" \/>\n<meta property=\"article:modified_time\" content=\"2023-02-17T07:47:41+00:00\" \/>\n<meta property=\"og:image\" content=\"https:\/\/beebipai.ee\/wp-content\/uploads\/2023\/02\/Turvarihmad3.jpg\" \/>\n\t<meta property=\"og:image:width\" content=\"560\" \/>\n\t<meta property=\"og:image:height\" content=\"450\" \/>\n\t<meta property=\"og:image:type\" content=\"image\/jpeg\" \/>\n<meta name=\"twitter:card\" content=\"summary_large_image\" \/>\n<meta name=\"twitter:label1\" content=\"Est. reading time\" \/>\n\t<meta name=\"twitter:data1\" content=\"1 min\u016bte\" \/>\n<script type=\"application\/ld+json\" class=\"yoast-schema-graph\">{\"@context\":\"https:\\\/\\\/schema.org\",\"@graph\":[{\"@type\":\"WebPage\",\"@id\":\"https:\\\/\\\/beebipai.ee\\\/product\\\/turvarihmad\\\/\",\"url\":\"https:\\\/\\\/beebipai.ee\\\/product\\\/turvarihmad\\\/\",\"name\":\"Turvarihmad beebile\\\/v\u00e4ikelapsele - Beebipai\",\"isPartOf\":{\"@id\":\"https:\\\/\\\/beebipai.ee\\\/en\\\/#website\"},\"primaryImageOfPage\":{\"@id\":\"https:\\\/\\\/beebipai.ee\\\/product\\\/turvarihmad\\\/#primaryimage\"},\"image\":{\"@id\":\"https:\\\/\\\/beebipai.ee\\\/product\\\/turvarihmad\\\/#primaryimage\"},\"thumbnailUrl\":\"https:\\\/\\\/beebipai.ee\\\/wp-content\\\/uploads\\\/2023\\\/02\\\/Turvarihmad3.jpg\",\"datePublished\":\"2023-02-17T07:33:15+00:00\",\"dateModified\":\"2023-02-17T07:47:41+00:00\",\"description\":\"Turvarihmad beebile\\\/v\u00e4ikelapsele teevad liikumise lapsega turvaliseks. Vaata toodet turvarihmad beebile\\\/v\u00e4ikelapsele!\",\"breadcrumb\":{\"@id\":\"https:\\\/\\\/beebipai.ee\\\/product\\\/turvarihmad\\\/#breadcrumb\"},\"inLanguage\":\"lv-LV\",\"potentialAction\":[{\"@type\":\"ReadAction\",\"target\":[\"https:\\\/\\\/beebipai.ee\\\/product\\\/turvarihmad\\\/\"]}]},{\"@type\":\"ImageObject\",\"inLanguage\":\"lv-LV\",\"@id\":\"https:\\\/\\\/beebipai.ee\\\/product\\\/turvarihmad\\\/#primaryimage\",\"url\":\"https:\\\/\\\/beebipai.ee\\\/wp-content\\\/uploads\\\/2023\\\/02\\\/Turvarihmad3.jpg\",\"contentUrl\":\"https:\\\/\\\/beebipai.ee\\\/wp-content\\\/uploads\\\/2023\\\/02\\\/Turvarihmad3.jpg\",\"width\":560,\"height\":450},{\"@type\":\"BreadcrumbList\",\"@id\":\"https:\\\/\\\/beebipai.ee\\\/product\\\/turvarihmad\\\/#breadcrumb\",\"itemListElement\":[{\"@type\":\"ListItem\",\"position\":1,\"name\":\"Home\",\"item\":\"https:\\\/\\\/beebipai.ee\\\/\"},{\"@type\":\"ListItem\",\"position\":2,\"name\":\"Pood\",\"item\":\"https:\\\/\\\/beebipai.ee\\\/store\\\/\"},{\"@type\":\"ListItem\",\"position\":3,\"name\":\"Turvarihmad beebile\\\/v\u00e4ikelapsele\"}]},{\"@type\":\"WebSite\",\"@id\":\"https:\\\/\\\/beebipai.ee\\\/en\\\/#website\",\"url\":\"https:\\\/\\\/beebipai.ee\\\/en\\\/\",\"name\":\"Beebipai\",\"description\":\"Rasedate ja beebide veebipood\",\"potentialAction\":[{\"@type\":\"SearchAction\",\"target\":{\"@type\":\"EntryPoint\",\"urlTemplate\":\"https:\\\/\\\/beebipai.ee\\\/en\\\/?s={search_term_string}\"},\"query-input\":{\"@type\":\"PropertyValueSpecification\",\"valueRequired\":true,\"valueName\":\"search_term_string\"}}],\"inLanguage\":\"lv-LV\"}]}<\/script>\n<!-- \/ Yoast SEO plugin. -->","yoast_head_json":{"title":"Turvarihmad beebile\/v\u00e4ikelapsele - Beebipai","description":"Turvarihmad beebile\/v\u00e4ikelapsele teevad liikumise lapsega turvaliseks. Vaata toodet turvarihmad beebile\/v\u00e4ikelapsele!","robots":{"index":"index","follow":"follow","max-snippet":"max-snippet:-1","max-image-preview":"max-image-preview:large","max-video-preview":"max-video-preview:-1"},"canonical":"https:\/\/beebipai.ee\/lv\/product\/turvarihmad\/","og_locale":"lv_LV","og_type":"article","og_title":"Turvarihmad beebile\/v\u00e4ikelapsele - Beebipai","og_description":"Turvarihmad beebile\/v\u00e4ikelapsele teevad liikumise lapsega turvaliseks. Vaata toodet turvarihmad beebile\/v\u00e4ikelapsele!","og_url":"https:\/\/beebipai.ee\/lv\/product\/turvarihmad\/","og_site_name":"Beebipai","article_modified_time":"2023-02-17T07:47:41+00:00","og_image":[{"width":560,"height":450,"url":"https:\/\/beebipai.ee\/wp-content\/uploads\/2023\/02\/Turvarihmad3.jpg","type":"image\/jpeg"}],"twitter_card":"summary_large_image","twitter_misc":{"Est. reading time":"1 min\u016bte"},"schema":{"@context":"https:\/\/schema.org","@graph":[{"@type":"WebPage","@id":"https:\/\/beebipai.ee\/product\/turvarihmad\/","url":"https:\/\/beebipai.ee\/product\/turvarihmad\/","name":"Turvarihmad beebile\/v\u00e4ikelapsele - Beebipai","isPartOf":{"@id":"https:\/\/beebipai.ee\/en\/#website"},"primaryImageOfPage":{"@id":"https:\/\/beebipai.ee\/product\/turvarihmad\/#primaryimage"},"image":{"@id":"https:\/\/beebipai.ee\/product\/turvarihmad\/#primaryimage"},"thumbnailUrl":"https:\/\/beebipai.ee\/wp-content\/uploads\/2023\/02\/Turvarihmad3.jpg","datePublished":"2023-02-17T07:33:15+00:00","dateModified":"2023-02-17T07:47:41+00:00","description":"Turvarihmad beebile\/v\u00e4ikelapsele teevad liikumise lapsega turvaliseks. Vaata toodet turvarihmad beebile\/v\u00e4ikelapsele!","breadcrumb":{"@id":"https:\/\/beebipai.ee\/product\/turvarihmad\/#breadcrumb"},"inLanguage":"lv-LV","potentialAction":[{"@type":"ReadAction","target":["https:\/\/beebipai.ee\/product\/turvarihmad\/"]}]},{"@type":"ImageObject","inLanguage":"lv-LV","@id":"https:\/\/beebipai.ee\/product\/turvarihmad\/#primaryimage","url":"https:\/\/beebipai.ee\/wp-content\/uploads\/2023\/02\/Turvarihmad3.jpg","contentUrl":"https:\/\/beebipai.ee\/wp-content\/uploads\/2023\/02\/Turvarihmad3.jpg","width":560,"height":450},{"@type":"BreadcrumbList","@id":"https:\/\/beebipai.ee\/product\/turvarihmad\/#breadcrumb","itemListElement":[{"@type":"ListItem","position":1,"name":"Home","item":"https:\/\/beebipai.ee\/"},{"@type":"ListItem","position":2,"name":"Pood","item":"https:\/\/beebipai.ee\/store\/"},{"@type":"ListItem","position":3,"name":"Turvarihmad beebile\/v\u00e4ikelapsele"}]},{"@type":"WebSite","@id":"https:\/\/beebipai.ee\/en\/#website","url":"https:\/\/beebipai.ee\/en\/","name":"Beebipai","description":"Rasedate ja beebide veebipood","potentialAction":[{"@type":"SearchAction","target":{"@type":"EntryPoint","urlTemplate":"https:\/\/beebipai.ee\/en\/?s={search_term_string}"},"query-input":{"@type":"PropertyValueSpecification","valueRequired":true,"valueName":"search_term_string"}}],"inLanguage":"lv-LV"}]}},"_links":{"self":[{"href":"https:\/\/beebipai.ee\/lv\/wp-json\/wp\/v2\/product\/7858","targetHints":{"allow":["GET"]}}],"collection":[{"href":"https:\/\/beebipai.ee\/lv\/wp-json\/wp\/v2\/product"}],"about":[{"href":"https:\/\/beebipai.ee\/lv\/wp-json\/wp\/v2\/types\/product"}],"version-history":[{"count":5,"href":"https:\/\/beebipai.ee\/lv\/wp-json\/wp\/v2\/product\/7858\/revisions"}],"predecessor-version":[{"id":7879,"href":"https:\/\/beebipai.ee\/lv\/wp-json\/wp\/v2\/product\/7858\/revisions\/7879"}],"wp:featuredmedia":[{"embeddable":true,"href":"https:\/\/beebipai.ee\/lv\/wp-json\/wp\/v2\/media\/7871"}],"wp:attachment":[{"href":"https:\/\/beebipai.ee\/lv\/wp-json\/wp\/v2\/media?parent=7858"}],"wp:term":[{"taxonomy":"product_brand","embeddable":true,"href":"https:\/\/beebipai.ee\/lv\/wp-json\/wp\/v2\/product_brand?post=7858"},{"taxonomy":"product_cat","embeddable":true,"href":"https:\/\/beebipai.ee\/lv\/wp-json\/wp\/v2\/product_cat?post=7858"},{"taxonomy":"product_tag","embeddable":true,"href":"https:\/\/beebipai.ee\/lv\/wp-json\/wp\/v2\/product_tag?post=7858"}],"curies":[{"name":"wp","href":"https:\/\/api.w.org\/{rel}","templated":true}]}}