{"id":7550,"date":"2023-01-06T23:29:52","date_gmt":"2023-01-06T21:29:52","guid":{"rendered":"https:\/\/beebipai.ee\/?post_type=product&#038;p=7550"},"modified":"2023-08-07T12:02:30","modified_gmt":"2023-08-07T09:02:30","slug":"pestavad-rinnapadjad-8tk-kotis","status":"publish","type":"product","link":"https:\/\/beebipai.ee\/lv\/product\/pestavad-rinnapadjad-8tk-kotis\/","title":{"rendered":"Mazg\u0101jami kr\u016b\u0161u spilventi\u0146i, 8gab maisi\u0146\u0101"},"content":{"rendered":"<div data-elementor-type=\"wp-post\" data-elementor-id=\"7550\" class=\"elementor elementor-7550\">\n\t\t\t\t\t\t<section class=\"elementor-section elementor-top-section elementor-element elementor-element-332ab6f elementor-section-boxed elementor-section-height-default elementor-section-height-default\" data-id=\"332ab6f\" data-element_type=\"section\" data-e-type=\"section\">\n\t\t\t\t\t\t<div class=\"elementor-container elementor-column-gap-default\">\n\t\t\t\t\t<div class=\"elementor-column elementor-col-50 elementor-top-column elementor-element elementor-element-de440e8\" data-id=\"de440e8\" data-element_type=\"column\" data-e-type=\"column\">\n\t\t\t<div class=\"elementor-widget-wrap elementor-element-populated\">\n\t\t\t\t\t\t<div class=\"elementor-element elementor-element-adb5670 elementor-widget elementor-widget-heading\" data-id=\"adb5670\" data-element_type=\"widget\" data-e-type=\"widget\" data-widget_type=\"heading.default\">\n\t\t\t\t<div class=\"elementor-widget-container\">\n\t\t\t\t\t<h2 class=\"elementor-heading-title elementor-size-default\">Mazg\u0101jami kr\u016b\u0161u spilventi\u0146i<\/h2>\t\t\t\t<\/div>\n\t\t\t\t<\/div>\n\t\t\t\t<div class=\"elementor-element elementor-element-8d57368 elementor-widget elementor-widget-text-editor\" data-id=\"8d57368\" data-element_type=\"widget\" data-e-type=\"widget\" data-widget_type=\"text-editor.default\">\n\t\t\t\t<div class=\"elementor-widget-container\">\n\t\t\t\t\t\t\t\t\t<p>Mazg\u0101jamie kr\u016b\u0161u spilventi\u0146i ir pl\u0101ni un \u0113rti, bet \u013coti absorb\u0113jo\u0161i. Tie pied\u0101v\u0101 barojo\u0161ai m\u0101tei sausumu un dro\u0161\u012bbu pret piena nopl\u016bdi. Kr\u016b\u0161u spilventi\u0146us ar \u013coti labu iztur\u012bbu var lietot gan dien\u0101, gan nakt\u012b.<\/p><p>Kr\u016b\u0161u polsteriem ir tr\u012bs sl\u0101\u0146i, kas nodro\u0161ina maigumu, komfortu un sausumu:\u00a0<\/p><ul><li>pirmais sl\u0101nis ir m\u012bksta un \u013coti absorb\u0113jo\u0161a organisk\u0101 kokvilna. \u0160is sl\u0101nis pieskaras kr\u016bt\u012bm<\/li><li>vid\u0113jais sl\u0101nis sast\u0101v no fl\u012bsa un organisk\u0101s kokvilnas, kas nodro\u0161ina \u016bdens notur\u012bbu un maigumu<\/li><li>\u0101r\u0113jais sl\u0101nis sast\u0101v no poliestera, kas ir \u016bdensiztur\u012bgs, mitrumu uzs\u016bco\u0161s un ar sp\u0113c\u012bgu sp\u0113ju aiztur\u0113t \u0161\u0137idrumu.\u00a0<\/li><\/ul><p>Komplekts sast\u0101v no 8 kr\u016b\u0161u spilventi\u0146iem un \u016bdensnecaurlaid\u012bgas somas. J\u016bs varat uzglab\u0101t un transport\u0113t lietotus kr\u016b\u0161u spilventi\u0146us \u016bdensnecaurlaid\u012bg\u0101 maisi\u0146\u0101. Maci\u0146\u0101 var ievietot ar\u012b b\u0113rnu bambusa salvetes.\u00a0<\/p><p>Var mazg\u0101t ve\u013casma\u0161\u012bn\u0101 40\u00b0C. Optim\u0101la uzs\u016bk\u0161an\u0101s tiek sasniegta p\u0113c 2-3 mazg\u0101\u0161anas reiz\u0113m.\u00a0<\/p><p>Kr\u016b\u0161u spilvena diametrs ir 11 cm. Somas izm\u0113rs 15cm x 15cm<\/p>\t\t\t\t\t\t\t\t<\/div>\n\t\t\t\t<\/div>\n\t\t\t\t\t<\/div>\n\t\t<\/div>\n\t\t\t\t<div class=\"elementor-column elementor-col-50 elementor-top-column elementor-element elementor-element-cabff8d\" data-id=\"cabff8d\" data-element_type=\"column\" data-e-type=\"column\">\n\t\t\t<div class=\"elementor-widget-wrap elementor-element-populated\">\n\t\t\t\t\t\t<div class=\"elementor-element elementor-element-179fa59 elementor-widget elementor-widget-image\" data-id=\"179fa59\" data-element_type=\"widget\" data-e-type=\"widget\" data-widget_type=\"image.default\">\n\t\t\t\t<div class=\"elementor-widget-container\">\n\t\t\t\t\t\t\t\t\t\t\t\t\t\t\t<img fetchpriority=\"high\" decoding=\"async\" width=\"500\" height=\"500\" src=\"https:\/\/beebipai.ee\/wp-content\/uploads\/2023\/01\/Pestavad-rinnapadjad.webp\" class=\"attachment-large size-large wp-image-7552\" alt=\"\" srcset=\"https:\/\/beebipai.ee\/wp-content\/uploads\/2023\/01\/Pestavad-rinnapadjad.webp 500w, https:\/\/beebipai.ee\/wp-content\/uploads\/2023\/01\/Pestavad-rinnapadjad-300x300.webp 300w, https:\/\/beebipai.ee\/wp-content\/uploads\/2023\/01\/Pestavad-rinnapadjad-150x150.webp 150w, https:\/\/beebipai.ee\/wp-content\/uploads\/2023\/01\/Pestavad-rinnapadjad-12x12.webp 12w, https:\/\/beebipai.ee\/wp-content\/uploads\/2023\/01\/Pestavad-rinnapadjad-100x100.webp 100w\" sizes=\"(max-width: 500px) 100vw, 500px\" \/>\t\t\t\t\t\t\t\t\t\t\t\t\t\t\t<\/div>\n\t\t\t\t<\/div>\n\t\t\t\t\t<\/div>\n\t\t<\/div>\n\t\t\t\t\t<\/div>\n\t\t<\/section>\n\t\t\t\t<\/div>","protected":false},"excerpt":{"rendered":"<p>Mazg\u0101jami kr\u016b\u0161u spilventi\u0146i nodro\u0161ina lielisku aizsardz\u012bbu un komfortu barojo\u0161ai m\u0101tei. Viegli kopjami un \u0101tri \u017e\u016bsto\u0161i kr\u016b\u0161kurvja spilventi\u0146i ir \u013coti praktiski un paroc\u012bgi. Ekolo\u0123iska un ekonomiska izv\u0113le.<\/p>","protected":false},"featured_media":7540,"template":"","meta":{"_monsterinsights_skip_tracking":false,"_monsterinsights_sitenote_active":false,"_monsterinsights_sitenote_note":"","_monsterinsights_sitenote_category":0,"site-sidebar-layout":"no-sidebar","site-content-layout":"page-builder","ast-site-content-layout":"default","site-content-style":"default","site-sidebar-style":"default","ast-global-header-display":"","ast-banner-title-visibility":"","ast-main-header-display":"","ast-hfb-above-header-display":"","ast-hfb-below-header-display":"","ast-hfb-mobile-header-display":"","site-post-title":"disabled","ast-breadcrumbs-content":"","ast-featured-img":"disabled","footer-sml-layout":"","ast-disable-related-posts":"","theme-transparent-header-meta":"default","adv-header-id-meta":"","stick-header-meta":"","header-above-stick-meta":"","header-main-stick-meta":"","header-below-stick-meta":"","astra-migrate-meta-layouts":"default","ast-page-background-enabled":"default","ast-page-background-meta":{"desktop":{"background-color":"","background-image":"","background-repeat":"repeat","background-position":"center center","background-size":"auto","background-attachment":"scroll","background-type":"","background-media":"","overlay-type":"","overlay-color":"","overlay-opacity":"","overlay-gradient":""},"tablet":{"background-color":"","background-image":"","background-repeat":"repeat","background-position":"center center","background-size":"auto","background-attachment":"scroll","background-type":"","background-media":"","overlay-type":"","overlay-color":"","overlay-opacity":"","overlay-gradient":""},"mobile":{"background-color":"","background-image":"","background-repeat":"repeat","background-position":"center center","background-size":"auto","background-attachment":"scroll","background-type":"","background-media":"","overlay-type":"","overlay-color":"","overlay-opacity":"","overlay-gradient":""}},"ast-content-background-meta":{"desktop":{"background-color":"var(--ast-global-color-5)","background-image":"","background-repeat":"repeat","background-position":"center center","background-size":"auto","background-attachment":"scroll","background-type":"","background-media":"","overlay-type":"","overlay-color":"","overlay-opacity":"","overlay-gradient":""},"tablet":{"background-color":"var(--ast-global-color-5)","background-image":"","background-repeat":"repeat","background-position":"center center","background-size":"auto","background-attachment":"scroll","background-type":"","background-media":"","overlay-type":"","overlay-color":"","overlay-opacity":"","overlay-gradient":""},"mobile":{"background-color":"var(--ast-global-color-5)","background-image":"","background-repeat":"repeat","background-position":"center center","background-size":"auto","background-attachment":"scroll","background-type":"","background-media":"","overlay-type":"","overlay-color":"","overlay-opacity":"","overlay-gradient":""}}},"product_brand":[],"product_cat":[22,103],"product_tag":[],"class_list":{"0":"post-7550","1":"product","2":"type-product","3":"status-publish","4":"has-post-thumbnail","6":"product_cat-emale","7":"product_cat-imetamine","8":"desktop-align-left","9":"tablet-align-left","10":"mobile-align-left","12":"first","13":"instock","14":"taxable","15":"shipping-taxable","16":"purchasable","17":"product-type-simple"},"yoast_head":"<!-- This site is optimized with the Yoast SEO plugin v27.3 - https:\/\/yoast.com\/product\/yoast-seo-wordpress\/ -->\n<title>Pestavad rinnapadjad, 8tk kotis - Beebipai<\/title>\n<meta name=\"description\" content=\"Pestavad rinnapadjad on mugavad, pehmed ja lekkekindlad. Vaata toodet pestavad rinnapadjad!\" \/>\n<meta name=\"robots\" content=\"index, follow, max-snippet:-1, max-image-preview:large, max-video-preview:-1\" \/>\n<link rel=\"canonical\" href=\"https:\/\/beebipai.ee\/lv\/product\/pestavad-rinnapadjad-8tk-kotis\/\" \/>\n<meta property=\"og:locale\" content=\"lv_LV\" \/>\n<meta property=\"og:type\" content=\"article\" \/>\n<meta property=\"og:title\" content=\"Pestavad rinnapadjad, 8tk kotis - Beebipai\" \/>\n<meta property=\"og:description\" content=\"Pestavad rinnapadjad on mugavad, pehmed ja lekkekindlad. Vaata toodet pestavad rinnapadjad!\" \/>\n<meta property=\"og:url\" content=\"https:\/\/beebipai.ee\/lv\/product\/pestavad-rinnapadjad-8tk-kotis\/\" \/>\n<meta property=\"og:site_name\" content=\"Beebipai\" \/>\n<meta property=\"article:modified_time\" content=\"2023-08-07T09:02:30+00:00\" \/>\n<meta property=\"og:image\" content=\"https:\/\/beebipai.ee\/wp-content\/uploads\/2023\/01\/Neobulle-pestavad-rinnapadjad.jpg\" \/>\n\t<meta property=\"og:image:width\" content=\"458\" \/>\n\t<meta property=\"og:image:height\" content=\"458\" \/>\n\t<meta property=\"og:image:type\" content=\"image\/jpeg\" \/>\n<meta name=\"twitter:card\" content=\"summary_large_image\" \/>\n<meta name=\"twitter:label1\" content=\"Est. reading time\" \/>\n\t<meta name=\"twitter:data1\" content=\"1 min\u016bte\" \/>\n<script type=\"application\/ld+json\" class=\"yoast-schema-graph\">{\"@context\":\"https:\\\/\\\/schema.org\",\"@graph\":[{\"@type\":\"WebPage\",\"@id\":\"https:\\\/\\\/beebipai.ee\\\/lv\\\/product\\\/pestavad-rinnapadjad-8tk-kotis\\\/\",\"url\":\"https:\\\/\\\/beebipai.ee\\\/lv\\\/product\\\/pestavad-rinnapadjad-8tk-kotis\\\/\",\"name\":\"Pestavad rinnapadjad, 8tk kotis - Beebipai\",\"isPartOf\":{\"@id\":\"https:\\\/\\\/beebipai.ee\\\/en\\\/#website\"},\"primaryImageOfPage\":{\"@id\":\"https:\\\/\\\/beebipai.ee\\\/lv\\\/product\\\/pestavad-rinnapadjad-8tk-kotis\\\/#primaryimage\"},\"image\":{\"@id\":\"https:\\\/\\\/beebipai.ee\\\/lv\\\/product\\\/pestavad-rinnapadjad-8tk-kotis\\\/#primaryimage\"},\"thumbnailUrl\":\"https:\\\/\\\/beebipai.ee\\\/wp-content\\\/uploads\\\/2023\\\/01\\\/Neobulle-pestavad-rinnapadjad.jpg\",\"datePublished\":\"2023-01-06T21:29:52+00:00\",\"dateModified\":\"2023-08-07T09:02:30+00:00\",\"description\":\"Pestavad rinnapadjad on mugavad, pehmed ja lekkekindlad. Vaata toodet pestavad rinnapadjad!\",\"breadcrumb\":{\"@id\":\"https:\\\/\\\/beebipai.ee\\\/lv\\\/product\\\/pestavad-rinnapadjad-8tk-kotis\\\/#breadcrumb\"},\"inLanguage\":\"lv-LV\",\"potentialAction\":[{\"@type\":\"ReadAction\",\"target\":[\"https:\\\/\\\/beebipai.ee\\\/lv\\\/product\\\/pestavad-rinnapadjad-8tk-kotis\\\/\"]}]},{\"@type\":\"ImageObject\",\"inLanguage\":\"lv-LV\",\"@id\":\"https:\\\/\\\/beebipai.ee\\\/lv\\\/product\\\/pestavad-rinnapadjad-8tk-kotis\\\/#primaryimage\",\"url\":\"https:\\\/\\\/beebipai.ee\\\/wp-content\\\/uploads\\\/2023\\\/01\\\/Neobulle-pestavad-rinnapadjad.jpg\",\"contentUrl\":\"https:\\\/\\\/beebipai.ee\\\/wp-content\\\/uploads\\\/2023\\\/01\\\/Neobulle-pestavad-rinnapadjad.jpg\",\"width\":458,\"height\":458},{\"@type\":\"BreadcrumbList\",\"@id\":\"https:\\\/\\\/beebipai.ee\\\/lv\\\/product\\\/pestavad-rinnapadjad-8tk-kotis\\\/#breadcrumb\",\"itemListElement\":[{\"@type\":\"ListItem\",\"position\":1,\"name\":\"Home\",\"item\":\"https:\\\/\\\/beebipai.ee\\\/\"},{\"@type\":\"ListItem\",\"position\":2,\"name\":\"Pood\",\"item\":\"https:\\\/\\\/beebipai.ee\\\/store\\\/\"},{\"@type\":\"ListItem\",\"position\":3,\"name\":\"Pestavad rinnapadjad, 8tk kotis\"}]},{\"@type\":\"WebSite\",\"@id\":\"https:\\\/\\\/beebipai.ee\\\/en\\\/#website\",\"url\":\"https:\\\/\\\/beebipai.ee\\\/en\\\/\",\"name\":\"Beebipai\",\"description\":\"Rasedate ja beebide veebipood\",\"potentialAction\":[{\"@type\":\"SearchAction\",\"target\":{\"@type\":\"EntryPoint\",\"urlTemplate\":\"https:\\\/\\\/beebipai.ee\\\/en\\\/?s={search_term_string}\"},\"query-input\":{\"@type\":\"PropertyValueSpecification\",\"valueRequired\":true,\"valueName\":\"search_term_string\"}}],\"inLanguage\":\"lv-LV\"}]}<\/script>\n<!-- \/ Yoast SEO plugin. -->","yoast_head_json":{"title":"Pestavad rinnapadjad, 8tk kotis - Beebipai","description":"Pestavad rinnapadjad on mugavad, pehmed ja lekkekindlad. Vaata toodet pestavad rinnapadjad!","robots":{"index":"index","follow":"follow","max-snippet":"max-snippet:-1","max-image-preview":"max-image-preview:large","max-video-preview":"max-video-preview:-1"},"canonical":"https:\/\/beebipai.ee\/lv\/product\/pestavad-rinnapadjad-8tk-kotis\/","og_locale":"lv_LV","og_type":"article","og_title":"Pestavad rinnapadjad, 8tk kotis - Beebipai","og_description":"Pestavad rinnapadjad on mugavad, pehmed ja lekkekindlad. Vaata toodet pestavad rinnapadjad!","og_url":"https:\/\/beebipai.ee\/lv\/product\/pestavad-rinnapadjad-8tk-kotis\/","og_site_name":"Beebipai","article_modified_time":"2023-08-07T09:02:30+00:00","og_image":[{"width":458,"height":458,"url":"https:\/\/beebipai.ee\/wp-content\/uploads\/2023\/01\/Neobulle-pestavad-rinnapadjad.jpg","type":"image\/jpeg"}],"twitter_card":"summary_large_image","twitter_misc":{"Est. reading time":"1 min\u016bte"},"schema":{"@context":"https:\/\/schema.org","@graph":[{"@type":"WebPage","@id":"https:\/\/beebipai.ee\/lv\/product\/pestavad-rinnapadjad-8tk-kotis\/","url":"https:\/\/beebipai.ee\/lv\/product\/pestavad-rinnapadjad-8tk-kotis\/","name":"Pestavad rinnapadjad, 8tk kotis - Beebipai","isPartOf":{"@id":"https:\/\/beebipai.ee\/en\/#website"},"primaryImageOfPage":{"@id":"https:\/\/beebipai.ee\/lv\/product\/pestavad-rinnapadjad-8tk-kotis\/#primaryimage"},"image":{"@id":"https:\/\/beebipai.ee\/lv\/product\/pestavad-rinnapadjad-8tk-kotis\/#primaryimage"},"thumbnailUrl":"https:\/\/beebipai.ee\/wp-content\/uploads\/2023\/01\/Neobulle-pestavad-rinnapadjad.jpg","datePublished":"2023-01-06T21:29:52+00:00","dateModified":"2023-08-07T09:02:30+00:00","description":"Pestavad rinnapadjad on mugavad, pehmed ja lekkekindlad. Vaata toodet pestavad rinnapadjad!","breadcrumb":{"@id":"https:\/\/beebipai.ee\/lv\/product\/pestavad-rinnapadjad-8tk-kotis\/#breadcrumb"},"inLanguage":"lv-LV","potentialAction":[{"@type":"ReadAction","target":["https:\/\/beebipai.ee\/lv\/product\/pestavad-rinnapadjad-8tk-kotis\/"]}]},{"@type":"ImageObject","inLanguage":"lv-LV","@id":"https:\/\/beebipai.ee\/lv\/product\/pestavad-rinnapadjad-8tk-kotis\/#primaryimage","url":"https:\/\/beebipai.ee\/wp-content\/uploads\/2023\/01\/Neobulle-pestavad-rinnapadjad.jpg","contentUrl":"https:\/\/beebipai.ee\/wp-content\/uploads\/2023\/01\/Neobulle-pestavad-rinnapadjad.jpg","width":458,"height":458},{"@type":"BreadcrumbList","@id":"https:\/\/beebipai.ee\/lv\/product\/pestavad-rinnapadjad-8tk-kotis\/#breadcrumb","itemListElement":[{"@type":"ListItem","position":1,"name":"Home","item":"https:\/\/beebipai.ee\/"},{"@type":"ListItem","position":2,"name":"Pood","item":"https:\/\/beebipai.ee\/store\/"},{"@type":"ListItem","position":3,"name":"Pestavad rinnapadjad, 8tk kotis"}]},{"@type":"WebSite","@id":"https:\/\/beebipai.ee\/en\/#website","url":"https:\/\/beebipai.ee\/en\/","name":"Beebipai","description":"Rasedate ja beebide veebipood","potentialAction":[{"@type":"SearchAction","target":{"@type":"EntryPoint","urlTemplate":"https:\/\/beebipai.ee\/en\/?s={search_term_string}"},"query-input":{"@type":"PropertyValueSpecification","valueRequired":true,"valueName":"search_term_string"}}],"inLanguage":"lv-LV"}]}},"_links":{"self":[{"href":"https:\/\/beebipai.ee\/lv\/wp-json\/wp\/v2\/product\/7550","targetHints":{"allow":["GET"]}}],"collection":[{"href":"https:\/\/beebipai.ee\/lv\/wp-json\/wp\/v2\/product"}],"about":[{"href":"https:\/\/beebipai.ee\/lv\/wp-json\/wp\/v2\/types\/product"}],"version-history":[{"count":5,"href":"https:\/\/beebipai.ee\/lv\/wp-json\/wp\/v2\/product\/7550\/revisions"}],"predecessor-version":[{"id":8985,"href":"https:\/\/beebipai.ee\/lv\/wp-json\/wp\/v2\/product\/7550\/revisions\/8985"}],"wp:featuredmedia":[{"embeddable":true,"href":"https:\/\/beebipai.ee\/lv\/wp-json\/wp\/v2\/media\/7540"}],"wp:attachment":[{"href":"https:\/\/beebipai.ee\/lv\/wp-json\/wp\/v2\/media?parent=7550"}],"wp:term":[{"taxonomy":"product_brand","embeddable":true,"href":"https:\/\/beebipai.ee\/lv\/wp-json\/wp\/v2\/product_brand?post=7550"},{"taxonomy":"product_cat","embeddable":true,"href":"https:\/\/beebipai.ee\/lv\/wp-json\/wp\/v2\/product_cat?post=7550"},{"taxonomy":"product_tag","embeddable":true,"href":"https:\/\/beebipai.ee\/lv\/wp-json\/wp\/v2\/product_tag?post=7550"}],"curies":[{"name":"wp","href":"https:\/\/api.w.org\/{rel}","templated":true}]}}