{"id":7475,"date":"2022-12-23T15:54:03","date_gmt":"2022-12-23T13:54:03","guid":{"rendered":"https:\/\/beebipai.ee\/?post_type=product&#038;p=7475"},"modified":"2023-02-06T22:06:34","modified_gmt":"2023-02-06T20:06:34","slug":"orgaanilised-pesuribad-64-riba-pakis","status":"publish","type":"product","link":"https:\/\/beebipai.ee\/lv\/product\/orgaanilised-pesuribad-64-riba-pakis\/","title":{"rendered":"Organisk\u0101s ve\u013cas sloksnes, 64 sloksnes iepakojum\u0101"},"content":{"rendered":"<div data-elementor-type=\"wp-post\" data-elementor-id=\"7475\" class=\"elementor elementor-7475\">\n\t\t\t\t\t\t<section class=\"elementor-section elementor-top-section elementor-element elementor-element-a21f02b elementor-section-boxed elementor-section-height-default elementor-section-height-default\" data-id=\"a21f02b\" data-element_type=\"section\" data-e-type=\"section\">\n\t\t\t\t\t\t<div class=\"elementor-container elementor-column-gap-default\">\n\t\t\t\t\t<div class=\"elementor-column elementor-col-50 elementor-top-column elementor-element elementor-element-01dcf53\" data-id=\"01dcf53\" data-element_type=\"column\" data-e-type=\"column\">\n\t\t\t<div class=\"elementor-widget-wrap elementor-element-populated\">\n\t\t\t\t\t\t<div class=\"elementor-element elementor-element-3b40f31 elementor-widget elementor-widget-heading\" data-id=\"3b40f31\" data-element_type=\"widget\" data-e-type=\"widget\" data-widget_type=\"heading.default\">\n\t\t\t\t<div class=\"elementor-widget-container\">\n\t\t\t\t\t<h2 class=\"elementor-heading-title elementor-size-default\">Organisk\u0101s ve\u013cas sloksnes<\/h2>\t\t\t\t<\/div>\n\t\t\t\t<\/div>\n\t\t\t\t<div class=\"elementor-element elementor-element-c4b864d elementor-widget elementor-widget-text-editor\" data-id=\"c4b864d\" data-element_type=\"widget\" data-e-type=\"widget\" data-widget_type=\"text-editor.default\">\n\t\t\t\t<div class=\"elementor-widget-container\">\n\t\t\t\t\t\t\t\t\t<p>Organisk\u0101s mazg\u0101\u0161anas sloksnes ir ide\u0101li piem\u0113rotas mazu\u013cu, b\u0113rnu un aler\u0123isku cilv\u0113ku dr\u0113bju mazg\u0101\u0161anai.\u00a0<\/p><p>Mazg\u0101\u0161anas sloksnes nesatur parab\u0113nus, palmu e\u013c\u013cu un ir bez fosf\u0101tiem, bez pl\u016bksn\u0101m, bez cietsird\u012bbas un hipoaler\u0123iskas. 100% veg\u0101ns produkts.<\/p><p>Mazg\u0101\u0161anas sloksnes ir p\u0101rkl\u0101tas ar mazg\u0101\u0161anas l\u012bdzek\u013ca koncentr\u0101ciju, kas piln\u012bb\u0101 iz\u0161\u0137\u012bst \u016bden\u012b. Ve\u013cas sloksnes ir piem\u0113rotas mazg\u0101\u0161anai ar ma\u0161\u012bnu un rok\u0101m, baltai, tum\u0161ai un kr\u0101sainai ve\u013cai un mazg\u0101\u0161anai gan aukst\u0101, gan karst\u0101 \u016bden\u012b.\u00a0<\/p><p>Ve\u013cas sloksnes nav piem\u0113rotas vilnai un z\u012bdam!<\/p><p>Mazg\u0101\u0161anas sloksnes zilaj\u0101 iepakojum\u0101 ir bez smar\u017eas, roz\u0101 iepakojum\u0101 mazg\u0101\u0161anas sloksnes ir ar pietic\u012bgu svaigu smar\u017eu.<\/p><p>Organisk\u0101s ve\u013cas sloksnes ir \u0101rk\u0101rt\u012bgi videi draudz\u012bgas, jo t\u0101s nesatur plastmasu, piln\u012bb\u0101 biolo\u0123iski no\u0101rd\u0101s, un to ra\u017eo\u0161ana un izmanto\u0161ana samazina emisijas.\u00a0<\/p><p>Lieto\u0161ana ve\u013casma\u0161\u012bn\u0101: nopl\u0113\u0161 vienu sloksni pa punkt\u0113tu l\u012bniju un ievieto tvertn\u0113 kop\u0101 ar mazg\u0101jamo ve\u013cu.<\/p><p>Lieto\u0161ana roku mazg\u0101\u0161anai: iz\u0161\u0137\u012bdiniet 1 sloksni 5 litros \u016bdens piem\u0113rot\u0101 temperat\u016br\u0101<\/p><p>Doz\u0113\u0161ana: 1 sloksne ir piem\u0113rota 5 kg ve\u013cas mazg\u0101\u0161anai. Izmantojiet 2 sloksnes \u013coti ka\u013c\u0137ainam \u016bdenim un\/vai \u013coti net\u012brai ve\u013cai.<\/p>\t\t\t\t\t\t\t\t<\/div>\n\t\t\t\t<\/div>\n\t\t\t\t\t<\/div>\n\t\t<\/div>\n\t\t\t\t<div class=\"elementor-column elementor-col-50 elementor-top-column elementor-element elementor-element-34c4bb9\" data-id=\"34c4bb9\" data-element_type=\"column\" data-e-type=\"column\">\n\t\t\t<div class=\"elementor-widget-wrap elementor-element-populated\">\n\t\t\t\t\t\t<div class=\"elementor-element elementor-element-18ab952 elementor-widget elementor-widget-image\" data-id=\"18ab952\" data-element_type=\"widget\" data-e-type=\"widget\" data-widget_type=\"image.default\">\n\t\t\t\t<div class=\"elementor-widget-container\">\n\t\t\t\t\t\t\t\t\t\t\t\t\t\t\t<img fetchpriority=\"high\" decoding=\"async\" width=\"600\" height=\"800\" src=\"https:\/\/beebipai.ee\/wp-content\/uploads\/2022\/12\/Orgaanilised-pesuribad-3.webp\" class=\"attachment-large size-large wp-image-7478\" alt=\"\" srcset=\"https:\/\/beebipai.ee\/wp-content\/uploads\/2022\/12\/Orgaanilised-pesuribad-3.webp 600w, https:\/\/beebipai.ee\/wp-content\/uploads\/2022\/12\/Orgaanilised-pesuribad-3-225x300.webp 225w, https:\/\/beebipai.ee\/wp-content\/uploads\/2022\/12\/Orgaanilised-pesuribad-3-9x12.webp 9w\" sizes=\"(max-width: 600px) 100vw, 600px\" \/>\t\t\t\t\t\t\t\t\t\t\t\t\t\t\t<\/div>\n\t\t\t\t<\/div>\n\t\t\t\t\t<\/div>\n\t\t<\/div>\n\t\t\t\t\t<\/div>\n\t\t<\/section>\n\t\t\t\t<\/div>","protected":false},"excerpt":{"rendered":"<p>Organisk\u0101s ve\u013cas sloksnes ir hipoaler\u0123iskas, nesatur \u0137\u012bmiskas vielas un piedevas. Ide\u0101li piem\u0113rots z\u012bdai\u0146u, b\u0113rnu un aler\u0123iju mazg\u0101\u0161anai.<\/p>\n<p>Iepakojum\u0101 ir 64 sloksnes<\/p>","protected":false},"featured_media":7481,"template":"","meta":{"_monsterinsights_skip_tracking":false,"_monsterinsights_sitenote_active":false,"_monsterinsights_sitenote_note":"","_monsterinsights_sitenote_category":0,"site-sidebar-layout":"no-sidebar","site-content-layout":"page-builder","ast-site-content-layout":"default","site-content-style":"default","site-sidebar-style":"default","ast-global-header-display":"","ast-banner-title-visibility":"","ast-main-header-display":"","ast-hfb-above-header-display":"","ast-hfb-below-header-display":"","ast-hfb-mobile-header-display":"","site-post-title":"disabled","ast-breadcrumbs-content":"","ast-featured-img":"disabled","footer-sml-layout":"","ast-disable-related-posts":"","theme-transparent-header-meta":"default","adv-header-id-meta":"","stick-header-meta":"","header-above-stick-meta":"","header-main-stick-meta":"","header-below-stick-meta":"","astra-migrate-meta-layouts":"default","ast-page-background-enabled":"default","ast-page-background-meta":{"desktop":{"background-color":"","background-image":"","background-repeat":"repeat","background-position":"center center","background-size":"auto","background-attachment":"scroll","background-type":"","background-media":"","overlay-type":"","overlay-color":"","overlay-opacity":"","overlay-gradient":""},"tablet":{"background-color":"","background-image":"","background-repeat":"repeat","background-position":"center center","background-size":"auto","background-attachment":"scroll","background-type":"","background-media":"","overlay-type":"","overlay-color":"","overlay-opacity":"","overlay-gradient":""},"mobile":{"background-color":"","background-image":"","background-repeat":"repeat","background-position":"center center","background-size":"auto","background-attachment":"scroll","background-type":"","background-media":"","overlay-type":"","overlay-color":"","overlay-opacity":"","overlay-gradient":""}},"ast-content-background-meta":{"desktop":{"background-color":"var(--ast-global-color-5)","background-image":"","background-repeat":"repeat","background-position":"center center","background-size":"auto","background-attachment":"scroll","background-type":"","background-media":"","overlay-type":"","overlay-color":"","overlay-opacity":"","overlay-gradient":""},"tablet":{"background-color":"var(--ast-global-color-5)","background-image":"","background-repeat":"repeat","background-position":"center center","background-size":"auto","background-attachment":"scroll","background-type":"","background-media":"","overlay-type":"","overlay-color":"","overlay-opacity":"","overlay-gradient":""},"mobile":{"background-color":"var(--ast-global-color-5)","background-image":"","background-repeat":"repeat","background-position":"center center","background-size":"auto","background-attachment":"scroll","background-type":"","background-media":"","overlay-type":"","overlay-color":"","overlay-opacity":"","overlay-gradient":""}}},"product_brand":[],"product_cat":[135,136],"product_tag":[],"class_list":{"0":"post-7475","1":"product","2":"type-product","3":"status-publish","4":"has-post-thumbnail","6":"product_cat-tervisemurede-leevend","7":"product_cat-tervisetooted","8":"desktop-align-left","9":"tablet-align-left","10":"mobile-align-left","12":"first","13":"instock","14":"taxable","15":"shipping-taxable","16":"purchasable","17":"product-type-variable"},"yoast_head":"<!-- This site is optimized with the Yoast SEO plugin v27.3 - https:\/\/yoast.com\/product\/yoast-seo-wordpress\/ -->\n<title>Orgaanilised pesuribad, 64 riba pakis - Beebipai<\/title>\n<meta name=\"description\" content=\"Orgaanilised pesuribad on ideaalsed beebide, laste ja allergikute pesu pesemiseks. Vaata toodet orgaanilised pesuribad!\" \/>\n<meta name=\"robots\" content=\"index, follow, max-snippet:-1, max-image-preview:large, max-video-preview:-1\" \/>\n<link rel=\"canonical\" href=\"https:\/\/beebipai.ee\/lv\/product\/orgaanilised-pesuribad-64-riba-pakis\/\" \/>\n<meta property=\"og:locale\" content=\"lv_LV\" \/>\n<meta property=\"og:type\" content=\"article\" \/>\n<meta property=\"og:title\" content=\"Orgaanilised pesuribad, 64 riba pakis - Beebipai\" \/>\n<meta property=\"og:description\" content=\"Orgaanilised pesuribad on ideaalsed beebide, laste ja allergikute pesu pesemiseks. Vaata toodet orgaanilised pesuribad!\" \/>\n<meta property=\"og:url\" content=\"https:\/\/beebipai.ee\/lv\/product\/orgaanilised-pesuribad-64-riba-pakis\/\" \/>\n<meta property=\"og:site_name\" content=\"Beebipai\" \/>\n<meta property=\"article:modified_time\" content=\"2023-02-06T20:06:34+00:00\" \/>\n<meta property=\"og:image\" content=\"https:\/\/beebipai.ee\/wp-content\/uploads\/2022\/12\/Orgaanilised-pesuribad5.webp\" \/>\n\t<meta property=\"og:image:width\" content=\"614\" \/>\n\t<meta property=\"og:image:height\" content=\"800\" \/>\n\t<meta property=\"og:image:type\" content=\"image\/webp\" \/>\n<meta name=\"twitter:card\" content=\"summary_large_image\" \/>\n<meta name=\"twitter:label1\" content=\"Est. reading time\" \/>\n\t<meta name=\"twitter:data1\" content=\"1 min\u016bte\" \/>\n<script type=\"application\/ld+json\" class=\"yoast-schema-graph\">{\"@context\":\"https:\\\/\\\/schema.org\",\"@graph\":[{\"@type\":\"WebPage\",\"@id\":\"https:\\\/\\\/beebipai.ee\\\/product\\\/orgaanilised-pesuribad-64-riba-pakis\\\/\",\"url\":\"https:\\\/\\\/beebipai.ee\\\/product\\\/orgaanilised-pesuribad-64-riba-pakis\\\/\",\"name\":\"Orgaanilised pesuribad, 64 riba pakis - Beebipai\",\"isPartOf\":{\"@id\":\"https:\\\/\\\/beebipai.ee\\\/en\\\/#website\"},\"primaryImageOfPage\":{\"@id\":\"https:\\\/\\\/beebipai.ee\\\/product\\\/orgaanilised-pesuribad-64-riba-pakis\\\/#primaryimage\"},\"image\":{\"@id\":\"https:\\\/\\\/beebipai.ee\\\/product\\\/orgaanilised-pesuribad-64-riba-pakis\\\/#primaryimage\"},\"thumbnailUrl\":\"https:\\\/\\\/beebipai.ee\\\/wp-content\\\/uploads\\\/2022\\\/12\\\/Orgaanilised-pesuribad5.webp\",\"datePublished\":\"2022-12-23T13:54:03+00:00\",\"dateModified\":\"2023-02-06T20:06:34+00:00\",\"description\":\"Orgaanilised pesuribad on ideaalsed beebide, laste ja allergikute pesu pesemiseks. Vaata toodet orgaanilised pesuribad!\",\"breadcrumb\":{\"@id\":\"https:\\\/\\\/beebipai.ee\\\/product\\\/orgaanilised-pesuribad-64-riba-pakis\\\/#breadcrumb\"},\"inLanguage\":\"lv-LV\",\"potentialAction\":[{\"@type\":\"ReadAction\",\"target\":[\"https:\\\/\\\/beebipai.ee\\\/product\\\/orgaanilised-pesuribad-64-riba-pakis\\\/\"]}]},{\"@type\":\"ImageObject\",\"inLanguage\":\"lv-LV\",\"@id\":\"https:\\\/\\\/beebipai.ee\\\/product\\\/orgaanilised-pesuribad-64-riba-pakis\\\/#primaryimage\",\"url\":\"https:\\\/\\\/beebipai.ee\\\/wp-content\\\/uploads\\\/2022\\\/12\\\/Orgaanilised-pesuribad5.webp\",\"contentUrl\":\"https:\\\/\\\/beebipai.ee\\\/wp-content\\\/uploads\\\/2022\\\/12\\\/Orgaanilised-pesuribad5.webp\",\"width\":614,\"height\":800},{\"@type\":\"BreadcrumbList\",\"@id\":\"https:\\\/\\\/beebipai.ee\\\/product\\\/orgaanilised-pesuribad-64-riba-pakis\\\/#breadcrumb\",\"itemListElement\":[{\"@type\":\"ListItem\",\"position\":1,\"name\":\"Home\",\"item\":\"https:\\\/\\\/beebipai.ee\\\/\"},{\"@type\":\"ListItem\",\"position\":2,\"name\":\"Pood\",\"item\":\"https:\\\/\\\/beebipai.ee\\\/store\\\/\"},{\"@type\":\"ListItem\",\"position\":3,\"name\":\"Orgaanilised pesuribad, 64 riba pakis\"}]},{\"@type\":\"WebSite\",\"@id\":\"https:\\\/\\\/beebipai.ee\\\/en\\\/#website\",\"url\":\"https:\\\/\\\/beebipai.ee\\\/en\\\/\",\"name\":\"Beebipai\",\"description\":\"Rasedate ja beebide veebipood\",\"potentialAction\":[{\"@type\":\"SearchAction\",\"target\":{\"@type\":\"EntryPoint\",\"urlTemplate\":\"https:\\\/\\\/beebipai.ee\\\/en\\\/?s={search_term_string}\"},\"query-input\":{\"@type\":\"PropertyValueSpecification\",\"valueRequired\":true,\"valueName\":\"search_term_string\"}}],\"inLanguage\":\"lv-LV\"}]}<\/script>\n<!-- \/ Yoast SEO plugin. -->","yoast_head_json":{"title":"Orgaanilised pesuribad, 64 riba pakis - Beebipai","description":"Orgaanilised pesuribad on ideaalsed beebide, laste ja allergikute pesu pesemiseks. Vaata toodet orgaanilised pesuribad!","robots":{"index":"index","follow":"follow","max-snippet":"max-snippet:-1","max-image-preview":"max-image-preview:large","max-video-preview":"max-video-preview:-1"},"canonical":"https:\/\/beebipai.ee\/lv\/product\/orgaanilised-pesuribad-64-riba-pakis\/","og_locale":"lv_LV","og_type":"article","og_title":"Orgaanilised pesuribad, 64 riba pakis - Beebipai","og_description":"Orgaanilised pesuribad on ideaalsed beebide, laste ja allergikute pesu pesemiseks. Vaata toodet orgaanilised pesuribad!","og_url":"https:\/\/beebipai.ee\/lv\/product\/orgaanilised-pesuribad-64-riba-pakis\/","og_site_name":"Beebipai","article_modified_time":"2023-02-06T20:06:34+00:00","og_image":[{"width":614,"height":800,"url":"https:\/\/beebipai.ee\/wp-content\/uploads\/2022\/12\/Orgaanilised-pesuribad5.webp","type":"image\/webp"}],"twitter_card":"summary_large_image","twitter_misc":{"Est. reading time":"1 min\u016bte"},"schema":{"@context":"https:\/\/schema.org","@graph":[{"@type":"WebPage","@id":"https:\/\/beebipai.ee\/product\/orgaanilised-pesuribad-64-riba-pakis\/","url":"https:\/\/beebipai.ee\/product\/orgaanilised-pesuribad-64-riba-pakis\/","name":"Orgaanilised pesuribad, 64 riba pakis - Beebipai","isPartOf":{"@id":"https:\/\/beebipai.ee\/en\/#website"},"primaryImageOfPage":{"@id":"https:\/\/beebipai.ee\/product\/orgaanilised-pesuribad-64-riba-pakis\/#primaryimage"},"image":{"@id":"https:\/\/beebipai.ee\/product\/orgaanilised-pesuribad-64-riba-pakis\/#primaryimage"},"thumbnailUrl":"https:\/\/beebipai.ee\/wp-content\/uploads\/2022\/12\/Orgaanilised-pesuribad5.webp","datePublished":"2022-12-23T13:54:03+00:00","dateModified":"2023-02-06T20:06:34+00:00","description":"Orgaanilised pesuribad on ideaalsed beebide, laste ja allergikute pesu pesemiseks. Vaata toodet orgaanilised pesuribad!","breadcrumb":{"@id":"https:\/\/beebipai.ee\/product\/orgaanilised-pesuribad-64-riba-pakis\/#breadcrumb"},"inLanguage":"lv-LV","potentialAction":[{"@type":"ReadAction","target":["https:\/\/beebipai.ee\/product\/orgaanilised-pesuribad-64-riba-pakis\/"]}]},{"@type":"ImageObject","inLanguage":"lv-LV","@id":"https:\/\/beebipai.ee\/product\/orgaanilised-pesuribad-64-riba-pakis\/#primaryimage","url":"https:\/\/beebipai.ee\/wp-content\/uploads\/2022\/12\/Orgaanilised-pesuribad5.webp","contentUrl":"https:\/\/beebipai.ee\/wp-content\/uploads\/2022\/12\/Orgaanilised-pesuribad5.webp","width":614,"height":800},{"@type":"BreadcrumbList","@id":"https:\/\/beebipai.ee\/product\/orgaanilised-pesuribad-64-riba-pakis\/#breadcrumb","itemListElement":[{"@type":"ListItem","position":1,"name":"Home","item":"https:\/\/beebipai.ee\/"},{"@type":"ListItem","position":2,"name":"Pood","item":"https:\/\/beebipai.ee\/store\/"},{"@type":"ListItem","position":3,"name":"Orgaanilised pesuribad, 64 riba pakis"}]},{"@type":"WebSite","@id":"https:\/\/beebipai.ee\/en\/#website","url":"https:\/\/beebipai.ee\/en\/","name":"Beebipai","description":"Rasedate ja beebide veebipood","potentialAction":[{"@type":"SearchAction","target":{"@type":"EntryPoint","urlTemplate":"https:\/\/beebipai.ee\/en\/?s={search_term_string}"},"query-input":{"@type":"PropertyValueSpecification","valueRequired":true,"valueName":"search_term_string"}}],"inLanguage":"lv-LV"}]}},"_links":{"self":[{"href":"https:\/\/beebipai.ee\/lv\/wp-json\/wp\/v2\/product\/7475","targetHints":{"allow":["GET"]}}],"collection":[{"href":"https:\/\/beebipai.ee\/lv\/wp-json\/wp\/v2\/product"}],"about":[{"href":"https:\/\/beebipai.ee\/lv\/wp-json\/wp\/v2\/types\/product"}],"version-history":[{"count":5,"href":"https:\/\/beebipai.ee\/lv\/wp-json\/wp\/v2\/product\/7475\/revisions"}],"predecessor-version":[{"id":7756,"href":"https:\/\/beebipai.ee\/lv\/wp-json\/wp\/v2\/product\/7475\/revisions\/7756"}],"wp:featuredmedia":[{"embeddable":true,"href":"https:\/\/beebipai.ee\/lv\/wp-json\/wp\/v2\/media\/7481"}],"wp:attachment":[{"href":"https:\/\/beebipai.ee\/lv\/wp-json\/wp\/v2\/media?parent=7475"}],"wp:term":[{"taxonomy":"product_brand","embeddable":true,"href":"https:\/\/beebipai.ee\/lv\/wp-json\/wp\/v2\/product_brand?post=7475"},{"taxonomy":"product_cat","embeddable":true,"href":"https:\/\/beebipai.ee\/lv\/wp-json\/wp\/v2\/product_cat?post=7475"},{"taxonomy":"product_tag","embeddable":true,"href":"https:\/\/beebipai.ee\/lv\/wp-json\/wp\/v2\/product_tag?post=7475"}],"curies":[{"name":"wp","href":"https:\/\/api.w.org\/{rel}","templated":true}]}}