{"id":7222,"date":"2022-11-16T23:16:30","date_gmt":"2022-11-16T21:16:30","guid":{"rendered":"https:\/\/beebipai.ee\/?post_type=product&#038;p=7222"},"modified":"2026-02-11T12:15:58","modified_gmt":"2026-02-11T10:15:58","slug":"seraphine-rasedate-teksad-orgaanilisest-puuvillast","status":"publish","type":"product","link":"https:\/\/beebipai.ee\/lv\/product\/seraphine-rasedate-teksad-orgaanilisest-puuvillast\/","title":{"rendered":"Seraphine gr\u016btnie\u010du d\u017einsi no organisk\u0101s kokvilnas"},"content":{"rendered":"<div data-elementor-type=\"wp-post\" data-elementor-id=\"7222\" class=\"elementor elementor-7222\">\n\t\t\t\t\t\t<section class=\"elementor-section elementor-top-section elementor-element elementor-element-c32b30f elementor-section-boxed elementor-section-height-default elementor-section-height-default\" data-id=\"c32b30f\" data-element_type=\"section\" data-e-type=\"section\">\n\t\t\t\t\t\t<div class=\"elementor-container elementor-column-gap-default\">\n\t\t\t\t\t<div class=\"elementor-column elementor-col-50 elementor-top-column elementor-element elementor-element-dc75912\" data-id=\"dc75912\" data-element_type=\"column\" data-e-type=\"column\">\n\t\t\t<div class=\"elementor-widget-wrap elementor-element-populated\">\n\t\t\t\t\t\t<div class=\"elementor-element elementor-element-40210f4 elementor-widget elementor-widget-heading\" data-id=\"40210f4\" data-element_type=\"widget\" data-e-type=\"widget\" data-widget_type=\"heading.default\">\n\t\t\t\t<div class=\"elementor-widget-container\">\n\t\t\t\t\t<h2 class=\"elementor-heading-title elementor-size-default\">Seraphine gr\u016btnie\u010du d\u017einsi no organisk\u0101s kokvilnas<\/h2>\t\t\t\t<\/div>\n\t\t\t\t<\/div>\n\t\t\t\t<div class=\"elementor-element elementor-element-cda2702 elementor-widget elementor-widget-text-editor\" data-id=\"cda2702\" data-element_type=\"widget\" data-e-type=\"widget\" data-widget_type=\"text-editor.default\">\n\t\t\t\t<div class=\"elementor-widget-container\">\n\t\t\t\t\t\t\t\t\t<p>Gr\u016btnie\u010du d\u017einsi ir izgatavoti no m\u012bkstas un \u013coti elast\u012bgas organisk\u0101s kokvilnas. Izmantotais materi\u0101ls padara bikses elast\u012bgas un \u0113rtas.<\/p><p>Organiskajai kokvilnai ir labas temperat\u016bru regul\u0113jo\u0161as \u012bpa\u0161\u012bbas, saglab\u0101jot siltumu v\u0113s\u0101 laik\u0101 un nov\u0113r\u0161ot sv\u012b\u0161anu silt\u0101 laik\u0101.<\/p><p>Augst\u0101 v\u0113dera da\u013ca piln\u012bb\u0101 nosedz augo\u0161o v\u0113deru un piel\u0101gojas main\u012bgajam un augo\u0161ajam v\u0113deram katr\u0101 gr\u016btniec\u012bbas posm\u0101.<\/p><p>J\u016bs varat s\u0101kt valk\u0101t bikses no pa\u0161a gr\u016btniec\u012bbas s\u0101kuma un turpin\u0101t ar\u012b p\u0113c dzemd\u012bb\u0101m.\u00a0<\/p><p>Lai bikses saglab\u0101tu skaistumu ilgu laiku, piev\u0113rsiet uzman\u012bbu da\u017eiem kop\u0161anas nor\u0101d\u012bjumiem:<\/p><ul><li>var mazg\u0101t ve\u013casma\u0161\u012bn\u0101 30 gr\u0101dos<\/li><li>nebalin\u0101t<\/li><li>gludin\u0101\u0161ana uz vid\u0113jas uguns<\/li><li>at\u013cauta \u0137\u012bmisk\u0101 t\u012br\u012b\u0161ana<\/li><\/ul>\t\t\t\t\t\t\t\t<\/div>\n\t\t\t\t<\/div>\n\t\t\t\t\t<\/div>\n\t\t<\/div>\n\t\t\t\t<div class=\"elementor-column elementor-col-50 elementor-top-column elementor-element elementor-element-3ab78c2\" data-id=\"3ab78c2\" data-element_type=\"column\" data-e-type=\"column\">\n\t\t\t<div class=\"elementor-widget-wrap elementor-element-populated\">\n\t\t\t\t\t\t<div class=\"elementor-element elementor-element-eccdb51 elementor-widget elementor-widget-image\" data-id=\"eccdb51\" data-element_type=\"widget\" data-e-type=\"widget\" data-widget_type=\"image.default\">\n\t\t\t\t<div class=\"elementor-widget-container\">\n\t\t\t\t\t\t\t\t\t\t\t\t\t\t\t<img fetchpriority=\"high\" decoding=\"async\" width=\"586\" height=\"750\" src=\"https:\/\/beebipai.ee\/wp-content\/uploads\/2022\/11\/Seraphine-orgaanilisest-puuvillast-teksad-1.jpg\" class=\"attachment-large size-large wp-image-7227\" alt=\"\" srcset=\"https:\/\/beebipai.ee\/wp-content\/uploads\/2022\/11\/Seraphine-orgaanilisest-puuvillast-teksad-1.jpg 586w, https:\/\/beebipai.ee\/wp-content\/uploads\/2022\/11\/Seraphine-orgaanilisest-puuvillast-teksad-1-234x300.jpg 234w, https:\/\/beebipai.ee\/wp-content\/uploads\/2022\/11\/Seraphine-orgaanilisest-puuvillast-teksad-1-9x12.jpg 9w\" sizes=\"(max-width: 586px) 100vw, 586px\" \/>\t\t\t\t\t\t\t\t\t\t\t\t\t\t\t<\/div>\n\t\t\t\t<\/div>\n\t\t\t\t\t<\/div>\n\t\t<\/div>\n\t\t\t\t\t<\/div>\n\t\t<\/section>\n\t\t\t\t<\/div>","protected":false},"excerpt":{"rendered":"<p>Seraphine gr\u016btnie\u010du d\u017einsi ir izgatavoti no m\u012bkstas organisk\u0101s kokvilnas. Lieliski lietojams katr\u0101 gr\u016btniec\u012bbas stadij\u0101 un ar\u012b p\u0113c dzemd\u012bb\u0101m.<\/p>","protected":false},"featured_media":7229,"template":"","meta":{"_monsterinsights_skip_tracking":false,"_monsterinsights_sitenote_active":false,"_monsterinsights_sitenote_note":"","_monsterinsights_sitenote_category":0,"site-sidebar-layout":"no-sidebar","site-content-layout":"page-builder","ast-site-content-layout":"full-width-container","site-content-style":"unboxed","site-sidebar-style":"unboxed","ast-global-header-display":"","ast-banner-title-visibility":"","ast-main-header-display":"","ast-hfb-above-header-display":"","ast-hfb-below-header-display":"","ast-hfb-mobile-header-display":"","site-post-title":"disabled","ast-breadcrumbs-content":"","ast-featured-img":"disabled","footer-sml-layout":"","ast-disable-related-posts":"","theme-transparent-header-meta":"default","adv-header-id-meta":"","stick-header-meta":"","header-above-stick-meta":"","header-main-stick-meta":"","header-below-stick-meta":"","astra-migrate-meta-layouts":"set","ast-page-background-enabled":"default","ast-page-background-meta":{"desktop":{"background-color":"","background-image":"","background-repeat":"repeat","background-position":"center center","background-size":"auto","background-attachment":"scroll","background-type":"","background-media":"","overlay-type":"","overlay-color":"","overlay-opacity":"","overlay-gradient":""},"tablet":{"background-color":"","background-image":"","background-repeat":"repeat","background-position":"center center","background-size":"auto","background-attachment":"scroll","background-type":"","background-media":"","overlay-type":"","overlay-color":"","overlay-opacity":"","overlay-gradient":""},"mobile":{"background-color":"","background-image":"","background-repeat":"repeat","background-position":"center center","background-size":"auto","background-attachment":"scroll","background-type":"","background-media":"","overlay-type":"","overlay-color":"","overlay-opacity":"","overlay-gradient":""}},"ast-content-background-meta":{"desktop":{"background-color":"var(--ast-global-color-5)","background-image":"","background-repeat":"repeat","background-position":"center center","background-size":"auto","background-attachment":"scroll","background-type":"","background-media":"","overlay-type":"","overlay-color":"","overlay-opacity":"","overlay-gradient":""},"tablet":{"background-color":"var(--ast-global-color-5)","background-image":"","background-repeat":"repeat","background-position":"center center","background-size":"auto","background-attachment":"scroll","background-type":"","background-media":"","overlay-type":"","overlay-color":"","overlay-opacity":"","overlay-gradient":""},"mobile":{"background-color":"var(--ast-global-color-5)","background-image":"","background-repeat":"repeat","background-position":"center center","background-size":"auto","background-attachment":"scroll","background-type":"","background-media":"","overlay-type":"","overlay-color":"","overlay-opacity":"","overlay-gradient":""}}},"product_brand":[],"product_cat":[22,148,133],"product_tag":[],"class_list":{"0":"post-7222","1":"product","2":"type-product","3":"status-publish","4":"has-post-thumbnail","6":"product_cat-emale","7":"product_cat-kingiideed-emale","8":"product_cat-riided-rasedatele-ja-rinnaga-toitvatele-emadele","9":"desktop-align-left","10":"tablet-align-left","11":"mobile-align-left","13":"first","14":"instock","15":"sale","16":"taxable","17":"shipping-taxable","18":"purchasable","19":"product-type-variable"},"yoast_head":"<!-- This site is optimized with the Yoast SEO plugin v27.3 - https:\/\/yoast.com\/product\/yoast-seo-wordpress\/ -->\n<title>Seraphine rasedate teksad orgaanilisest puuvillast - Beebipai<\/title>\n<meta name=\"description\" content=\"Seraphine rasedate teksad orgaanilisest puuvillast on pehmed ja mugavad terveks raseduse ajaks. Vaata toodet Seraphine rasedate teksad!\" \/>\n<meta name=\"robots\" content=\"index, follow, max-snippet:-1, max-image-preview:large, max-video-preview:-1\" \/>\n<link rel=\"canonical\" href=\"https:\/\/beebipai.ee\/lv\/product\/seraphine-rasedate-teksad-orgaanilisest-puuvillast\/\" \/>\n<meta property=\"og:locale\" content=\"lv_LV\" \/>\n<meta property=\"og:type\" content=\"article\" \/>\n<meta property=\"og:title\" content=\"Seraphine rasedate teksad orgaanilisest puuvillast - Beebipai\" \/>\n<meta property=\"og:description\" content=\"Seraphine rasedate teksad orgaanilisest puuvillast on pehmed ja mugavad terveks raseduse ajaks. Vaata toodet Seraphine rasedate teksad!\" \/>\n<meta property=\"og:url\" content=\"https:\/\/beebipai.ee\/lv\/product\/seraphine-rasedate-teksad-orgaanilisest-puuvillast\/\" \/>\n<meta property=\"og:site_name\" content=\"Beebipai\" \/>\n<meta property=\"article:modified_time\" content=\"2026-02-11T10:15:58+00:00\" \/>\n<meta property=\"og:image\" content=\"https:\/\/beebipai.ee\/wp-content\/uploads\/2022\/11\/Seraphine-orgaanilisest-puuvillast-teksad-3.jpg\" \/>\n\t<meta property=\"og:image:width\" content=\"586\" \/>\n\t<meta property=\"og:image:height\" content=\"750\" \/>\n\t<meta property=\"og:image:type\" content=\"image\/jpeg\" \/>\n<meta name=\"twitter:card\" content=\"summary_large_image\" \/>\n<meta name=\"twitter:label1\" content=\"Est. reading time\" \/>\n\t<meta name=\"twitter:data1\" content=\"1 min\u016bte\" \/>\n<script type=\"application\/ld+json\" class=\"yoast-schema-graph\">{\"@context\":\"https:\\\/\\\/schema.org\",\"@graph\":[{\"@type\":\"WebPage\",\"@id\":\"https:\\\/\\\/beebipai.ee\\\/product\\\/seraphine-rasedate-teksad-orgaanilisest-puuvillast\\\/\",\"url\":\"https:\\\/\\\/beebipai.ee\\\/product\\\/seraphine-rasedate-teksad-orgaanilisest-puuvillast\\\/\",\"name\":\"Seraphine rasedate teksad orgaanilisest puuvillast - Beebipai\",\"isPartOf\":{\"@id\":\"https:\\\/\\\/beebipai.ee\\\/en\\\/#website\"},\"primaryImageOfPage\":{\"@id\":\"https:\\\/\\\/beebipai.ee\\\/product\\\/seraphine-rasedate-teksad-orgaanilisest-puuvillast\\\/#primaryimage\"},\"image\":{\"@id\":\"https:\\\/\\\/beebipai.ee\\\/product\\\/seraphine-rasedate-teksad-orgaanilisest-puuvillast\\\/#primaryimage\"},\"thumbnailUrl\":\"https:\\\/\\\/beebipai.ee\\\/wp-content\\\/uploads\\\/2022\\\/11\\\/Seraphine-orgaanilisest-puuvillast-teksad-3.jpg\",\"datePublished\":\"2022-11-16T21:16:30+00:00\",\"dateModified\":\"2026-02-11T10:15:58+00:00\",\"description\":\"Seraphine rasedate teksad orgaanilisest puuvillast on pehmed ja mugavad terveks raseduse ajaks. Vaata toodet Seraphine rasedate teksad!\",\"breadcrumb\":{\"@id\":\"https:\\\/\\\/beebipai.ee\\\/product\\\/seraphine-rasedate-teksad-orgaanilisest-puuvillast\\\/#breadcrumb\"},\"inLanguage\":\"lv-LV\",\"potentialAction\":[{\"@type\":\"ReadAction\",\"target\":[\"https:\\\/\\\/beebipai.ee\\\/product\\\/seraphine-rasedate-teksad-orgaanilisest-puuvillast\\\/\"]}]},{\"@type\":\"ImageObject\",\"inLanguage\":\"lv-LV\",\"@id\":\"https:\\\/\\\/beebipai.ee\\\/product\\\/seraphine-rasedate-teksad-orgaanilisest-puuvillast\\\/#primaryimage\",\"url\":\"https:\\\/\\\/beebipai.ee\\\/wp-content\\\/uploads\\\/2022\\\/11\\\/Seraphine-orgaanilisest-puuvillast-teksad-3.jpg\",\"contentUrl\":\"https:\\\/\\\/beebipai.ee\\\/wp-content\\\/uploads\\\/2022\\\/11\\\/Seraphine-orgaanilisest-puuvillast-teksad-3.jpg\",\"width\":586,\"height\":750},{\"@type\":\"BreadcrumbList\",\"@id\":\"https:\\\/\\\/beebipai.ee\\\/product\\\/seraphine-rasedate-teksad-orgaanilisest-puuvillast\\\/#breadcrumb\",\"itemListElement\":[{\"@type\":\"ListItem\",\"position\":1,\"name\":\"Home\",\"item\":\"https:\\\/\\\/beebipai.ee\\\/\"},{\"@type\":\"ListItem\",\"position\":2,\"name\":\"Pood\",\"item\":\"https:\\\/\\\/beebipai.ee\\\/store\\\/\"},{\"@type\":\"ListItem\",\"position\":3,\"name\":\"Seraphine rasedate teksad orgaanilisest puuvillast\"}]},{\"@type\":\"WebSite\",\"@id\":\"https:\\\/\\\/beebipai.ee\\\/en\\\/#website\",\"url\":\"https:\\\/\\\/beebipai.ee\\\/en\\\/\",\"name\":\"Beebipai\",\"description\":\"Rasedate ja beebide veebipood\",\"potentialAction\":[{\"@type\":\"SearchAction\",\"target\":{\"@type\":\"EntryPoint\",\"urlTemplate\":\"https:\\\/\\\/beebipai.ee\\\/en\\\/?s={search_term_string}\"},\"query-input\":{\"@type\":\"PropertyValueSpecification\",\"valueRequired\":true,\"valueName\":\"search_term_string\"}}],\"inLanguage\":\"lv-LV\"}]}<\/script>\n<!-- \/ Yoast SEO plugin. -->","yoast_head_json":{"title":"Seraphine rasedate teksad orgaanilisest puuvillast - Beebipai","description":"Seraphine rasedate teksad orgaanilisest puuvillast on pehmed ja mugavad terveks raseduse ajaks. Vaata toodet Seraphine rasedate teksad!","robots":{"index":"index","follow":"follow","max-snippet":"max-snippet:-1","max-image-preview":"max-image-preview:large","max-video-preview":"max-video-preview:-1"},"canonical":"https:\/\/beebipai.ee\/lv\/product\/seraphine-rasedate-teksad-orgaanilisest-puuvillast\/","og_locale":"lv_LV","og_type":"article","og_title":"Seraphine rasedate teksad orgaanilisest puuvillast - Beebipai","og_description":"Seraphine rasedate teksad orgaanilisest puuvillast on pehmed ja mugavad terveks raseduse ajaks. Vaata toodet Seraphine rasedate teksad!","og_url":"https:\/\/beebipai.ee\/lv\/product\/seraphine-rasedate-teksad-orgaanilisest-puuvillast\/","og_site_name":"Beebipai","article_modified_time":"2026-02-11T10:15:58+00:00","og_image":[{"width":586,"height":750,"url":"https:\/\/beebipai.ee\/wp-content\/uploads\/2022\/11\/Seraphine-orgaanilisest-puuvillast-teksad-3.jpg","type":"image\/jpeg"}],"twitter_card":"summary_large_image","twitter_misc":{"Est. reading time":"1 min\u016bte"},"schema":{"@context":"https:\/\/schema.org","@graph":[{"@type":"WebPage","@id":"https:\/\/beebipai.ee\/product\/seraphine-rasedate-teksad-orgaanilisest-puuvillast\/","url":"https:\/\/beebipai.ee\/product\/seraphine-rasedate-teksad-orgaanilisest-puuvillast\/","name":"Seraphine rasedate teksad orgaanilisest puuvillast - Beebipai","isPartOf":{"@id":"https:\/\/beebipai.ee\/en\/#website"},"primaryImageOfPage":{"@id":"https:\/\/beebipai.ee\/product\/seraphine-rasedate-teksad-orgaanilisest-puuvillast\/#primaryimage"},"image":{"@id":"https:\/\/beebipai.ee\/product\/seraphine-rasedate-teksad-orgaanilisest-puuvillast\/#primaryimage"},"thumbnailUrl":"https:\/\/beebipai.ee\/wp-content\/uploads\/2022\/11\/Seraphine-orgaanilisest-puuvillast-teksad-3.jpg","datePublished":"2022-11-16T21:16:30+00:00","dateModified":"2026-02-11T10:15:58+00:00","description":"Seraphine rasedate teksad orgaanilisest puuvillast on pehmed ja mugavad terveks raseduse ajaks. Vaata toodet Seraphine rasedate teksad!","breadcrumb":{"@id":"https:\/\/beebipai.ee\/product\/seraphine-rasedate-teksad-orgaanilisest-puuvillast\/#breadcrumb"},"inLanguage":"lv-LV","potentialAction":[{"@type":"ReadAction","target":["https:\/\/beebipai.ee\/product\/seraphine-rasedate-teksad-orgaanilisest-puuvillast\/"]}]},{"@type":"ImageObject","inLanguage":"lv-LV","@id":"https:\/\/beebipai.ee\/product\/seraphine-rasedate-teksad-orgaanilisest-puuvillast\/#primaryimage","url":"https:\/\/beebipai.ee\/wp-content\/uploads\/2022\/11\/Seraphine-orgaanilisest-puuvillast-teksad-3.jpg","contentUrl":"https:\/\/beebipai.ee\/wp-content\/uploads\/2022\/11\/Seraphine-orgaanilisest-puuvillast-teksad-3.jpg","width":586,"height":750},{"@type":"BreadcrumbList","@id":"https:\/\/beebipai.ee\/product\/seraphine-rasedate-teksad-orgaanilisest-puuvillast\/#breadcrumb","itemListElement":[{"@type":"ListItem","position":1,"name":"Home","item":"https:\/\/beebipai.ee\/"},{"@type":"ListItem","position":2,"name":"Pood","item":"https:\/\/beebipai.ee\/store\/"},{"@type":"ListItem","position":3,"name":"Seraphine rasedate teksad orgaanilisest puuvillast"}]},{"@type":"WebSite","@id":"https:\/\/beebipai.ee\/en\/#website","url":"https:\/\/beebipai.ee\/en\/","name":"Beebipai","description":"Rasedate ja beebide veebipood","potentialAction":[{"@type":"SearchAction","target":{"@type":"EntryPoint","urlTemplate":"https:\/\/beebipai.ee\/en\/?s={search_term_string}"},"query-input":{"@type":"PropertyValueSpecification","valueRequired":true,"valueName":"search_term_string"}}],"inLanguage":"lv-LV"}]}},"_links":{"self":[{"href":"https:\/\/beebipai.ee\/lv\/wp-json\/wp\/v2\/product\/7222","targetHints":{"allow":["GET"]}}],"collection":[{"href":"https:\/\/beebipai.ee\/lv\/wp-json\/wp\/v2\/product"}],"about":[{"href":"https:\/\/beebipai.ee\/lv\/wp-json\/wp\/v2\/types\/product"}],"version-history":[{"count":5,"href":"https:\/\/beebipai.ee\/lv\/wp-json\/wp\/v2\/product\/7222\/revisions"}],"predecessor-version":[{"id":7364,"href":"https:\/\/beebipai.ee\/lv\/wp-json\/wp\/v2\/product\/7222\/revisions\/7364"}],"wp:featuredmedia":[{"embeddable":true,"href":"https:\/\/beebipai.ee\/lv\/wp-json\/wp\/v2\/media\/7229"}],"wp:attachment":[{"href":"https:\/\/beebipai.ee\/lv\/wp-json\/wp\/v2\/media?parent=7222"}],"wp:term":[{"taxonomy":"product_brand","embeddable":true,"href":"https:\/\/beebipai.ee\/lv\/wp-json\/wp\/v2\/product_brand?post=7222"},{"taxonomy":"product_cat","embeddable":true,"href":"https:\/\/beebipai.ee\/lv\/wp-json\/wp\/v2\/product_cat?post=7222"},{"taxonomy":"product_tag","embeddable":true,"href":"https:\/\/beebipai.ee\/lv\/wp-json\/wp\/v2\/product_tag?post=7222"}],"curies":[{"name":"wp","href":"https:\/\/api.w.org\/{rel}","templated":true}]}}