{"id":7032,"date":"2022-11-05T14:38:55","date_gmt":"2022-11-05T12:38:55","guid":{"rendered":"https:\/\/beebipai.ee\/?post_type=product&#038;p=7032"},"modified":"2024-10-06T09:11:18","modified_gmt":"2024-10-06T06:11:18","slug":"soe-talvetekk-beebile","status":"publish","type":"product","link":"https:\/\/beebipai.ee\/lv\/product\/soe-talvetekk-beebile\/","title":{"rendered":"Kikkaboo ad\u012bta sega ar \u0161erpa vilnu"},"content":{"rendered":"<div data-elementor-type=\"wp-post\" data-elementor-id=\"7032\" class=\"elementor elementor-7032\">\n\t\t\t\t\t\t<section class=\"elementor-section elementor-top-section elementor-element elementor-element-a221a82 elementor-section-boxed elementor-section-height-default elementor-section-height-default\" data-id=\"a221a82\" data-element_type=\"section\" data-e-type=\"section\">\n\t\t\t\t\t\t<div class=\"elementor-container elementor-column-gap-default\">\n\t\t\t\t\t<div class=\"elementor-column elementor-col-50 elementor-top-column elementor-element elementor-element-c03008c\" data-id=\"c03008c\" data-element_type=\"column\" data-e-type=\"column\">\n\t\t\t<div class=\"elementor-widget-wrap elementor-element-populated\">\n\t\t\t\t\t\t<div class=\"elementor-element elementor-element-213a60c elementor-widget elementor-widget-heading\" data-id=\"213a60c\" data-element_type=\"widget\" data-e-type=\"widget\" data-widget_type=\"heading.default\">\n\t\t\t\t<div class=\"elementor-widget-container\">\n\t\t\t\t\t<h2 class=\"elementor-heading-title elementor-size-default\">Kikkaboo ad\u012bta sega ar \u0161erpa vilnu<\/h2>\t\t\t\t<\/div>\n\t\t\t\t<\/div>\n\t\t\t\t<div class=\"elementor-element elementor-element-c786006 elementor-widget elementor-widget-text-editor\" data-id=\"c786006\" data-element_type=\"widget\" data-e-type=\"widget\" data-widget_type=\"text-editor.default\">\n\t\t\t\t<div class=\"elementor-widget-container\">\n\t\t\t\t\t\t\t\t\t<p>Silta \u0161erpa fl\u012bsa sega mazulim ir ide\u0101li piem\u0113rota aukst\u0101kajam periodam. Segai ir divas puses, no kur\u0101m austa puse izgatavota no kvalitat\u012bvas kokvilnas un m\u012bkst\u0101 puse no \u0161erpa fl\u012bsa. Sega ir \u013coti viegla, m\u012bksta un silta.<\/p><p>Segas izm\u0113ri: 75\u00d7100 cm<\/p>\t\t\t\t\t\t\t\t<\/div>\n\t\t\t\t<\/div>\n\t\t\t\t\t<\/div>\n\t\t<\/div>\n\t\t\t\t<div class=\"elementor-column elementor-col-50 elementor-top-column elementor-element elementor-element-bfe9a54\" data-id=\"bfe9a54\" data-element_type=\"column\" data-e-type=\"column\">\n\t\t\t<div class=\"elementor-widget-wrap elementor-element-populated\">\n\t\t\t\t\t\t<div class=\"elementor-element elementor-element-8239a9c elementor-widget elementor-widget-image\" data-id=\"8239a9c\" data-element_type=\"widget\" data-e-type=\"widget\" data-widget_type=\"image.default\">\n\t\t\t\t<div class=\"elementor-widget-container\">\n\t\t\t\t\t\t\t\t\t\t\t\t\t\t\t<img fetchpriority=\"high\" decoding=\"async\" width=\"800\" height=\"800\" src=\"https:\/\/beebipai.ee\/wp-content\/uploads\/2022\/11\/Soe-beebitekk6-e1667652469987.jpg\" class=\"attachment-large size-large wp-image-7044\" alt=\"\" srcset=\"https:\/\/beebipai.ee\/wp-content\/uploads\/2022\/11\/Soe-beebitekk6-e1667652469987.jpg 800w, https:\/\/beebipai.ee\/wp-content\/uploads\/2022\/11\/Soe-beebitekk6-e1667652469987-300x300.jpg 300w, https:\/\/beebipai.ee\/wp-content\/uploads\/2022\/11\/Soe-beebitekk6-e1667652469987-150x150.jpg 150w, https:\/\/beebipai.ee\/wp-content\/uploads\/2022\/11\/Soe-beebitekk6-e1667652469987-768x768.jpg 768w, https:\/\/beebipai.ee\/wp-content\/uploads\/2022\/11\/Soe-beebitekk6-e1667652469987-12x12.jpg 12w, https:\/\/beebipai.ee\/wp-content\/uploads\/2022\/11\/Soe-beebitekk6-e1667652469987-600x600.jpg 600w, https:\/\/beebipai.ee\/wp-content\/uploads\/2022\/11\/Soe-beebitekk6-e1667652469987-100x100.jpg 100w\" sizes=\"(max-width: 800px) 100vw, 800px\" \/>\t\t\t\t\t\t\t\t\t\t\t\t\t\t\t<\/div>\n\t\t\t\t<\/div>\n\t\t\t\t\t<\/div>\n\t\t<\/div>\n\t\t\t\t\t<\/div>\n\t\t<\/section>\n\t\t\t\t<\/div>","protected":false},"excerpt":{"rendered":"<p>Kikkaboo silt\u0101 Sherpa fl\u012bsa abpus\u0113ja b\u0113rnu sega ir paredz\u0113ta v\u0113s\u0101kam periodam. Sega ir viegla, m\u012bksta un \u013coti silta. Skaist\u0101 izskata sega ir piem\u0113rota lieto\u0161anai jebkur.<\/p>","protected":false},"featured_media":11516,"template":"","meta":{"_monsterinsights_skip_tracking":false,"_monsterinsights_sitenote_active":false,"_monsterinsights_sitenote_note":"","_monsterinsights_sitenote_category":0,"site-sidebar-layout":"no-sidebar","site-content-layout":"page-builder","ast-site-content-layout":"full-width-container","site-content-style":"unboxed","site-sidebar-style":"unboxed","ast-global-header-display":"","ast-banner-title-visibility":"","ast-main-header-display":"","ast-hfb-above-header-display":"","ast-hfb-below-header-display":"","ast-hfb-mobile-header-display":"","site-post-title":"disabled","ast-breadcrumbs-content":"","ast-featured-img":"disabled","footer-sml-layout":"","ast-disable-related-posts":"","theme-transparent-header-meta":"default","adv-header-id-meta":"","stick-header-meta":"","header-above-stick-meta":"","header-main-stick-meta":"","header-below-stick-meta":"","astra-migrate-meta-layouts":"set","ast-page-background-enabled":"default","ast-page-background-meta":{"desktop":{"background-color":"","background-image":"","background-repeat":"repeat","background-position":"center center","background-size":"auto","background-attachment":"scroll","background-type":"","background-media":"","overlay-type":"","overlay-color":"","overlay-opacity":"","overlay-gradient":""},"tablet":{"background-color":"","background-image":"","background-repeat":"repeat","background-position":"center center","background-size":"auto","background-attachment":"scroll","background-type":"","background-media":"","overlay-type":"","overlay-color":"","overlay-opacity":"","overlay-gradient":""},"mobile":{"background-color":"","background-image":"","background-repeat":"repeat","background-position":"center center","background-size":"auto","background-attachment":"scroll","background-type":"","background-media":"","overlay-type":"","overlay-color":"","overlay-opacity":"","overlay-gradient":""}},"ast-content-background-meta":{"desktop":{"background-color":"var(--ast-global-color-5)","background-image":"","background-repeat":"repeat","background-position":"center center","background-size":"auto","background-attachment":"scroll","background-type":"","background-media":"","overlay-type":"","overlay-color":"","overlay-opacity":"","overlay-gradient":""},"tablet":{"background-color":"var(--ast-global-color-5)","background-image":"","background-repeat":"repeat","background-position":"center center","background-size":"auto","background-attachment":"scroll","background-type":"","background-media":"","overlay-type":"","overlay-color":"","overlay-opacity":"","overlay-gradient":""},"mobile":{"background-color":"var(--ast-global-color-5)","background-image":"","background-repeat":"repeat","background-position":"center center","background-size":"auto","background-attachment":"scroll","background-type":"","background-media":"","overlay-type":"","overlay-color":"","overlay-opacity":"","overlay-gradient":""}}},"product_brand":[],"product_cat":[23,147,146],"product_tag":[],"class_list":{"0":"post-7032","1":"product","2":"type-product","3":"status-publish","4":"has-post-thumbnail","6":"product_cat-beebile","7":"product_cat-kingiideed-beebile","8":"product_cat-magamiseks","9":"desktop-align-left","10":"tablet-align-left","11":"mobile-align-left","13":"first","14":"instock","15":"taxable","16":"shipping-taxable","17":"purchasable","18":"product-type-variable"},"yoast_head":"<!-- This site is optimized with the Yoast SEO plugin v27.4 - https:\/\/yoast.com\/product\/yoast-seo-wordpress\/ -->\n<title>Kikkaboo kootud tekk \u0161erpa fliisiga - Beebipai<\/title>\n<meta name=\"description\" content=\"Kikkaboo soe talvetekk beebile on pehme ja soojahoidev. Ideaalne beebile jahedamaks perioodiks. Vaata toodet Kikkaboo soe talvetekk beebile!\" \/>\n<meta name=\"robots\" content=\"index, follow, max-snippet:-1, max-image-preview:large, max-video-preview:-1\" \/>\n<link rel=\"canonical\" href=\"https:\/\/beebipai.ee\/lv\/product\/soe-talvetekk-beebile\/\" \/>\n<meta property=\"og:locale\" content=\"lv_LV\" \/>\n<meta property=\"og:type\" content=\"article\" \/>\n<meta property=\"og:title\" content=\"Kikkaboo kootud tekk \u0161erpa fliisiga - Beebipai\" \/>\n<meta property=\"og:description\" content=\"Kikkaboo soe talvetekk beebile on pehme ja soojahoidev. Ideaalne beebile jahedamaks perioodiks. Vaata toodet Kikkaboo soe talvetekk beebile!\" \/>\n<meta property=\"og:url\" content=\"https:\/\/beebipai.ee\/lv\/product\/soe-talvetekk-beebile\/\" \/>\n<meta property=\"og:site_name\" content=\"Beebipai\" \/>\n<meta property=\"article:modified_time\" content=\"2024-10-06T06:11:18+00:00\" \/>\n<meta property=\"og:image\" content=\"https:\/\/beebipai.ee\/wp-content\/uploads\/2022\/11\/Kikkaboo-kootud-tekk-sherpa-villaga-e1728194943175.webp\" \/>\n\t<meta property=\"og:image:width\" content=\"500\" \/>\n\t<meta property=\"og:image:height\" content=\"500\" \/>\n\t<meta property=\"og:image:type\" content=\"image\/webp\" \/>\n<meta name=\"twitter:card\" content=\"summary_large_image\" \/>\n<script type=\"application\/ld+json\" class=\"yoast-schema-graph\">{\"@context\":\"https:\\\/\\\/schema.org\",\"@graph\":[{\"@type\":\"WebPage\",\"@id\":\"https:\\\/\\\/beebipai.ee\\\/fi\\\/product\\\/soe-talvetekk-beebile\\\/\",\"url\":\"https:\\\/\\\/beebipai.ee\\\/fi\\\/product\\\/soe-talvetekk-beebile\\\/\",\"name\":\"Kikkaboo kootud tekk \u0161erpa fliisiga - Beebipai\",\"isPartOf\":{\"@id\":\"https:\\\/\\\/beebipai.ee\\\/en\\\/#website\"},\"primaryImageOfPage\":{\"@id\":\"https:\\\/\\\/beebipai.ee\\\/fi\\\/product\\\/soe-talvetekk-beebile\\\/#primaryimage\"},\"image\":{\"@id\":\"https:\\\/\\\/beebipai.ee\\\/fi\\\/product\\\/soe-talvetekk-beebile\\\/#primaryimage\"},\"thumbnailUrl\":\"https:\\\/\\\/beebipai.ee\\\/wp-content\\\/uploads\\\/2022\\\/11\\\/Kikkaboo-kootud-tekk-sherpa-villaga-e1728194943175.webp\",\"datePublished\":\"2022-11-05T12:38:55+00:00\",\"dateModified\":\"2024-10-06T06:11:18+00:00\",\"description\":\"Kikkaboo soe talvetekk beebile on pehme ja soojahoidev. Ideaalne beebile jahedamaks perioodiks. Vaata toodet Kikkaboo soe talvetekk beebile!\",\"breadcrumb\":{\"@id\":\"https:\\\/\\\/beebipai.ee\\\/fi\\\/product\\\/soe-talvetekk-beebile\\\/#breadcrumb\"},\"inLanguage\":\"lv-LV\",\"potentialAction\":[{\"@type\":\"ReadAction\",\"target\":[\"https:\\\/\\\/beebipai.ee\\\/fi\\\/product\\\/soe-talvetekk-beebile\\\/\"]}]},{\"@type\":\"ImageObject\",\"inLanguage\":\"lv-LV\",\"@id\":\"https:\\\/\\\/beebipai.ee\\\/fi\\\/product\\\/soe-talvetekk-beebile\\\/#primaryimage\",\"url\":\"https:\\\/\\\/beebipai.ee\\\/wp-content\\\/uploads\\\/2022\\\/11\\\/Kikkaboo-kootud-tekk-sherpa-villaga-e1728194943175.webp\",\"contentUrl\":\"https:\\\/\\\/beebipai.ee\\\/wp-content\\\/uploads\\\/2022\\\/11\\\/Kikkaboo-kootud-tekk-sherpa-villaga-e1728194943175.webp\",\"width\":500,\"height\":500},{\"@type\":\"BreadcrumbList\",\"@id\":\"https:\\\/\\\/beebipai.ee\\\/fi\\\/product\\\/soe-talvetekk-beebile\\\/#breadcrumb\",\"itemListElement\":[{\"@type\":\"ListItem\",\"position\":1,\"name\":\"Home\",\"item\":\"https:\\\/\\\/beebipai.ee\\\/\"},{\"@type\":\"ListItem\",\"position\":2,\"name\":\"Pood\",\"item\":\"https:\\\/\\\/beebipai.ee\\\/store\\\/\"},{\"@type\":\"ListItem\",\"position\":3,\"name\":\"Kikkaboo kootud tekk \u0161erpa fliisiga\"}]},{\"@type\":\"WebSite\",\"@id\":\"https:\\\/\\\/beebipai.ee\\\/en\\\/#website\",\"url\":\"https:\\\/\\\/beebipai.ee\\\/en\\\/\",\"name\":\"Beebipai\",\"description\":\"Rasedate ja beebide veebipood\",\"potentialAction\":[{\"@type\":\"SearchAction\",\"target\":{\"@type\":\"EntryPoint\",\"urlTemplate\":\"https:\\\/\\\/beebipai.ee\\\/en\\\/?s={search_term_string}\"},\"query-input\":{\"@type\":\"PropertyValueSpecification\",\"valueRequired\":true,\"valueName\":\"search_term_string\"}}],\"inLanguage\":\"lv-LV\"}]}<\/script>\n<!-- \/ Yoast SEO plugin. -->","yoast_head_json":{"title":"Kikkaboo kootud tekk \u0161erpa fliisiga - Beebipai","description":"Kikkaboo soe talvetekk beebile on pehme ja soojahoidev. Ideaalne beebile jahedamaks perioodiks. Vaata toodet Kikkaboo soe talvetekk beebile!","robots":{"index":"index","follow":"follow","max-snippet":"max-snippet:-1","max-image-preview":"max-image-preview:large","max-video-preview":"max-video-preview:-1"},"canonical":"https:\/\/beebipai.ee\/lv\/product\/soe-talvetekk-beebile\/","og_locale":"lv_LV","og_type":"article","og_title":"Kikkaboo kootud tekk \u0161erpa fliisiga - Beebipai","og_description":"Kikkaboo soe talvetekk beebile on pehme ja soojahoidev. Ideaalne beebile jahedamaks perioodiks. Vaata toodet Kikkaboo soe talvetekk beebile!","og_url":"https:\/\/beebipai.ee\/lv\/product\/soe-talvetekk-beebile\/","og_site_name":"Beebipai","article_modified_time":"2024-10-06T06:11:18+00:00","og_image":[{"width":500,"height":500,"url":"https:\/\/beebipai.ee\/wp-content\/uploads\/2022\/11\/Kikkaboo-kootud-tekk-sherpa-villaga-e1728194943175.webp","type":"image\/webp"}],"twitter_card":"summary_large_image","schema":{"@context":"https:\/\/schema.org","@graph":[{"@type":"WebPage","@id":"https:\/\/beebipai.ee\/fi\/product\/soe-talvetekk-beebile\/","url":"https:\/\/beebipai.ee\/fi\/product\/soe-talvetekk-beebile\/","name":"Kikkaboo kootud tekk \u0161erpa fliisiga - Beebipai","isPartOf":{"@id":"https:\/\/beebipai.ee\/en\/#website"},"primaryImageOfPage":{"@id":"https:\/\/beebipai.ee\/fi\/product\/soe-talvetekk-beebile\/#primaryimage"},"image":{"@id":"https:\/\/beebipai.ee\/fi\/product\/soe-talvetekk-beebile\/#primaryimage"},"thumbnailUrl":"https:\/\/beebipai.ee\/wp-content\/uploads\/2022\/11\/Kikkaboo-kootud-tekk-sherpa-villaga-e1728194943175.webp","datePublished":"2022-11-05T12:38:55+00:00","dateModified":"2024-10-06T06:11:18+00:00","description":"Kikkaboo soe talvetekk beebile on pehme ja soojahoidev. Ideaalne beebile jahedamaks perioodiks. Vaata toodet Kikkaboo soe talvetekk beebile!","breadcrumb":{"@id":"https:\/\/beebipai.ee\/fi\/product\/soe-talvetekk-beebile\/#breadcrumb"},"inLanguage":"lv-LV","potentialAction":[{"@type":"ReadAction","target":["https:\/\/beebipai.ee\/fi\/product\/soe-talvetekk-beebile\/"]}]},{"@type":"ImageObject","inLanguage":"lv-LV","@id":"https:\/\/beebipai.ee\/fi\/product\/soe-talvetekk-beebile\/#primaryimage","url":"https:\/\/beebipai.ee\/wp-content\/uploads\/2022\/11\/Kikkaboo-kootud-tekk-sherpa-villaga-e1728194943175.webp","contentUrl":"https:\/\/beebipai.ee\/wp-content\/uploads\/2022\/11\/Kikkaboo-kootud-tekk-sherpa-villaga-e1728194943175.webp","width":500,"height":500},{"@type":"BreadcrumbList","@id":"https:\/\/beebipai.ee\/fi\/product\/soe-talvetekk-beebile\/#breadcrumb","itemListElement":[{"@type":"ListItem","position":1,"name":"Home","item":"https:\/\/beebipai.ee\/"},{"@type":"ListItem","position":2,"name":"Pood","item":"https:\/\/beebipai.ee\/store\/"},{"@type":"ListItem","position":3,"name":"Kikkaboo kootud tekk \u0161erpa fliisiga"}]},{"@type":"WebSite","@id":"https:\/\/beebipai.ee\/en\/#website","url":"https:\/\/beebipai.ee\/en\/","name":"Beebipai","description":"Rasedate ja beebide veebipood","potentialAction":[{"@type":"SearchAction","target":{"@type":"EntryPoint","urlTemplate":"https:\/\/beebipai.ee\/en\/?s={search_term_string}"},"query-input":{"@type":"PropertyValueSpecification","valueRequired":true,"valueName":"search_term_string"}}],"inLanguage":"lv-LV"}]}},"_links":{"self":[{"href":"https:\/\/beebipai.ee\/lv\/wp-json\/wp\/v2\/product\/7032","targetHints":{"allow":["GET"]}}],"collection":[{"href":"https:\/\/beebipai.ee\/lv\/wp-json\/wp\/v2\/product"}],"about":[{"href":"https:\/\/beebipai.ee\/lv\/wp-json\/wp\/v2\/types\/product"}],"version-history":[{"count":5,"href":"https:\/\/beebipai.ee\/lv\/wp-json\/wp\/v2\/product\/7032\/revisions"}],"predecessor-version":[{"id":9176,"href":"https:\/\/beebipai.ee\/lv\/wp-json\/wp\/v2\/product\/7032\/revisions\/9176"}],"wp:featuredmedia":[{"embeddable":true,"href":"https:\/\/beebipai.ee\/lv\/wp-json\/wp\/v2\/media\/11516"}],"wp:attachment":[{"href":"https:\/\/beebipai.ee\/lv\/wp-json\/wp\/v2\/media?parent=7032"}],"wp:term":[{"taxonomy":"product_brand","embeddable":true,"href":"https:\/\/beebipai.ee\/lv\/wp-json\/wp\/v2\/product_brand?post=7032"},{"taxonomy":"product_cat","embeddable":true,"href":"https:\/\/beebipai.ee\/lv\/wp-json\/wp\/v2\/product_cat?post=7032"},{"taxonomy":"product_tag","embeddable":true,"href":"https:\/\/beebipai.ee\/lv\/wp-json\/wp\/v2\/product_tag?post=7032"}],"curies":[{"name":"wp","href":"https:\/\/api.w.org\/{rel}","templated":true}]}}