{"id":6738,"date":"2022-09-25T14:48:49","date_gmt":"2022-09-25T11:48:49","guid":{"rendered":"https:\/\/beebipai.ee\/?post_type=product&#038;p=6738"},"modified":"2025-03-23T16:21:08","modified_gmt":"2025-03-23T14:21:08","slug":"profulaktilised-kompressioonsukad","status":"publish","type":"product","link":"https:\/\/beebipai.ee\/lv\/product\/profulaktilised-kompressioonsukad\/","title":{"rendered":"Profilaktisk\u0101s kompresijas ze\u0137es, 10-18 mmHg"},"content":{"rendered":"<div data-elementor-type=\"wp-post\" data-elementor-id=\"6738\" class=\"elementor elementor-6738\">\n\t\t\t\t\t\t<section class=\"elementor-section elementor-top-section elementor-element elementor-element-86c5c9d elementor-section-boxed elementor-section-height-default elementor-section-height-default\" data-id=\"86c5c9d\" data-element_type=\"section\" data-e-type=\"section\">\n\t\t\t\t\t\t<div class=\"elementor-container elementor-column-gap-default\">\n\t\t\t\t\t<div class=\"elementor-column elementor-col-50 elementor-top-column elementor-element elementor-element-4bb2ea7\" data-id=\"4bb2ea7\" data-element_type=\"column\" data-e-type=\"column\">\n\t\t\t<div class=\"elementor-widget-wrap elementor-element-populated\">\n\t\t\t\t\t\t<div class=\"elementor-element elementor-element-b8883be elementor-widget elementor-widget-heading\" data-id=\"b8883be\" data-element_type=\"widget\" data-e-type=\"widget\" data-widget_type=\"heading.default\">\n\t\t\t\t<div class=\"elementor-widget-container\">\n\t\t\t\t\t<h2 class=\"elementor-heading-title elementor-size-default\">Profilaktisk\u0101s kompresijas ze\u0137es<\/h2>\t\t\t\t<\/div>\n\t\t\t\t<\/div>\n\t\t\t\t<div class=\"elementor-element elementor-element-4c746e1 elementor-widget elementor-widget-text-editor\" data-id=\"4c746e1\" data-element_type=\"widget\" data-e-type=\"widget\" data-widget_type=\"text-editor.default\">\n\t\t\t\t<div class=\"elementor-widget-container\">\n\t\t\t\t\t\t\t\t\t<p>Gr\u016btniec\u012bbas otraj\u0101 pus\u0113 daudz\u0101m topo\u0161aj\u0101m m\u0101mi\u0146\u0101m s\u0101k par\u0101d\u012bties piet\u016bkums. K\u0101jas, galvenok\u0101rt k\u0101ju pirksti, p\u0113das, pot\u012btes m\u0113dz piet\u016bkt. Roku piet\u016bkums ir otrais izplat\u012bt\u0101kais. Liel\u0101k\u0101 da\u013ca piet\u016bkumu gr\u016btniec\u012bbas laik\u0101 ir fiziolo\u0123iski, t.i., norm\u0101li. Piet\u016bkumu gr\u016btniec\u012bbas laik\u0101 izraisa gan hormon\u0101las izmai\u0146as, kuru rezult\u0101t\u0101 \u0137erme\u0146a \u0161\u016bnas saista vair\u0101k \u0161\u0137idruma, gan augo\u0161\u0101 b\u0113rna spiediens uz iegur\u0146a v\u0113n\u0101m, kas pal\u0113nina k\u0101ju asinsriti. Piet\u016bkums bie\u017e\u0101k rodas vakar\u0101, p\u0113c ilgsto\u0161as \u200b\u200bs\u0113d\u0113\u0161anas vai st\u0101v\u0113\u0161anas, k\u0101 ar\u012b silt\u0101k\u0101 laik\u0101.\u00a0<\/p>\t\t\t\t\t\t\t\t<\/div>\n\t\t\t\t<\/div>\n\t\t\t\t\t<\/div>\n\t\t<\/div>\n\t\t\t\t<div class=\"elementor-column elementor-col-50 elementor-top-column elementor-element elementor-element-ca5b749\" data-id=\"ca5b749\" data-element_type=\"column\" data-e-type=\"column\">\n\t\t\t<div class=\"elementor-widget-wrap elementor-element-populated\">\n\t\t\t\t\t\t<div class=\"elementor-element elementor-element-e5ac8b8 elementor-widget elementor-widget-image\" data-id=\"e5ac8b8\" data-element_type=\"widget\" data-e-type=\"widget\" data-widget_type=\"image.default\">\n\t\t\t\t<div class=\"elementor-widget-container\">\n\t\t\t\t\t\t\t\t\t\t\t\t\t\t\t<img fetchpriority=\"high\" decoding=\"async\" width=\"400\" height=\"253\" src=\"https:\/\/beebipai.ee\/wp-content\/uploads\/2022\/09\/Turses-jalad-e1664108044108.jpg\" class=\"attachment-large size-large wp-image-6751\" alt=\"\" srcset=\"https:\/\/beebipai.ee\/wp-content\/uploads\/2022\/09\/Turses-jalad-e1664108044108.jpg 400w, https:\/\/beebipai.ee\/wp-content\/uploads\/2022\/09\/Turses-jalad-e1664108044108-300x190.jpg 300w, https:\/\/beebipai.ee\/wp-content\/uploads\/2022\/09\/Turses-jalad-e1664108044108-18x12.jpg 18w\" sizes=\"(max-width: 400px) 100vw, 400px\" \/>\t\t\t\t\t\t\t\t\t\t\t\t\t\t\t<\/div>\n\t\t\t\t<\/div>\n\t\t\t\t\t<\/div>\n\t\t<\/div>\n\t\t\t\t\t<\/div>\n\t\t<\/section>\n\t\t\t\t<section class=\"elementor-section elementor-top-section elementor-element elementor-element-492c6ca elementor-section-boxed elementor-section-height-default elementor-section-height-default\" data-id=\"492c6ca\" data-element_type=\"section\" data-e-type=\"section\">\n\t\t\t\t\t\t<div class=\"elementor-container elementor-column-gap-default\">\n\t\t\t\t\t<div class=\"elementor-column elementor-col-50 elementor-top-column elementor-element elementor-element-664bcfd\" data-id=\"664bcfd\" data-element_type=\"column\" data-e-type=\"column\">\n\t\t\t<div class=\"elementor-widget-wrap elementor-element-populated\">\n\t\t\t\t\t\t<div class=\"elementor-element elementor-element-ead91b4 elementor-widget elementor-widget-text-editor\" data-id=\"ead91b4\" data-element_type=\"widget\" data-e-type=\"widget\" data-widget_type=\"text-editor.default\">\n\t\t\t\t<div class=\"elementor-widget-container\">\n\t\t\t\t\t\t\t\t\t<p>Lai mazin\u0101tu piet\u016bkumu:<\/p><ul><li>ierobe\u017eot s\u0101ls daudzumu p\u0101rtik\u0101<\/li><li>dzert pietiekami daudz \u0161\u0137idruma<\/li><li>kust\u0113ties katru dienu<\/li><li>ze\u0137es, bikses un apavi nekur nedr\u012bkst saspiest vai rievas<\/li><li>paceliet k\u0101jas uz aug\u0161u<\/li><li>v\u0113sas k\u0101ju vannas vai main\u012bga \u016bdens (silta\/auksta) du\u0161as mas\u0101\u017ea<\/li><li>kompresijas produkti<\/li><\/ul><p>Kui tursed s\u00fcvenevad ja kodused leevendusmeetodid kergendust ei too, turse l\u00e4heb n\u00e4gu, esineb peavalu, t\u00e4pid silmade ees, kohin k\u00f5rvades, \u00fclak\u00f5huvalu, siis tuleb kindlasti p\u00f6\u00f6rduda \u00e4mmaemanda\/naistearsti poole t\u00e4iendavateks uuringuteks ja preeklampsia v\u00e4listamiseks.\u00a0<\/p>\t\t\t\t\t\t\t\t<\/div>\n\t\t\t\t<\/div>\n\t\t\t\t\t<\/div>\n\t\t<\/div>\n\t\t\t\t<div class=\"elementor-column elementor-col-50 elementor-top-column elementor-element elementor-element-cbaef44\" data-id=\"cbaef44\" data-element_type=\"column\" data-e-type=\"column\">\n\t\t\t<div class=\"elementor-widget-wrap elementor-element-populated\">\n\t\t\t\t\t\t<div class=\"elementor-element elementor-element-bb4faf6 elementor-widget elementor-widget-image\" data-id=\"bb4faf6\" data-element_type=\"widget\" data-e-type=\"widget\" data-widget_type=\"image.default\">\n\t\t\t\t<div class=\"elementor-widget-container\">\n\t\t\t\t\t\t\t\t\t\t\t\t\t\t\t<img decoding=\"async\" width=\"400\" height=\"320\" src=\"https:\/\/beebipai.ee\/wp-content\/uploads\/2022\/09\/Turses-jalad6.jpg\" class=\"attachment-large size-large wp-image-6753\" alt=\"\" srcset=\"https:\/\/beebipai.ee\/wp-content\/uploads\/2022\/09\/Turses-jalad6.jpg 400w, https:\/\/beebipai.ee\/wp-content\/uploads\/2022\/09\/Turses-jalad6-300x240.jpg 300w, https:\/\/beebipai.ee\/wp-content\/uploads\/2022\/09\/Turses-jalad6-15x12.jpg 15w\" sizes=\"(max-width: 400px) 100vw, 400px\" \/>\t\t\t\t\t\t\t\t\t\t\t\t\t\t\t<\/div>\n\t\t\t\t<\/div>\n\t\t\t\t\t<\/div>\n\t\t<\/div>\n\t\t\t\t\t<\/div>\n\t\t<\/section>\n\t\t\t\t<section class=\"elementor-section elementor-top-section elementor-element elementor-element-bb7bdb1 elementor-section-boxed elementor-section-height-default elementor-section-height-default\" data-id=\"bb7bdb1\" data-element_type=\"section\" data-e-type=\"section\">\n\t\t\t\t\t\t<div class=\"elementor-container elementor-column-gap-default\">\n\t\t\t\t\t<div class=\"elementor-column elementor-col-50 elementor-top-column elementor-element elementor-element-26b0d35\" data-id=\"26b0d35\" data-element_type=\"column\" data-e-type=\"column\">\n\t\t\t<div class=\"elementor-widget-wrap elementor-element-populated\">\n\t\t\t\t\t\t<div class=\"elementor-element elementor-element-2f0a58a elementor-widget elementor-widget-text-editor\" data-id=\"2f0a58a\" data-element_type=\"widget\" data-e-type=\"widget\" data-widget_type=\"text-editor.default\">\n\t\t\t\t<div class=\"elementor-widget-container\">\n\t\t\t\t\t\t\t\t\t<p>Profilaktisk\u0101s kompresijas ze\u0137es pal\u012bdz nov\u0113rst un mazin\u0101t piet\u016bkumu gr\u016btniec\u012bbas laik\u0101. Samaziniet k\u0101ju nogurumu un smaguma saj\u016btu. T\u0101s ar\u012b pal\u012bdz nov\u0113rst varikozas v\u0113nas, \u012bpa\u0161i ieteicamas ikdienas lieto\u0161anai cilv\u0113kiem, kuriem ir nosliece uz varikoz\u0101m v\u0113n\u0101m.<\/p><p>Kompresijas ze\u0137u plakano \u0161uvju tehnolo\u0123ija nov\u0113r\u0161 berzi un saspie\u0161anu lieto\u0161anas laik\u0101. Hipoaler\u0123iskais materi\u0101ls atbilst \u00d6KO TEX 100 standartam. Kompresijas ze\u0137es \u0113rti piegu\u013c k\u0101jai, t\u0101m ir skaists izskats un sniedz k\u0101jai vieglu un pat\u012bkamu saj\u016btu visai dienai. Profilaktisk\u0101s kompresijas ze\u0137es ir \u012bpa\u0161i ieteicamas ikdienas lieto\u0161anai:<\/p><ul><li>gr\u016btniec\u012bbas laik\u0101<\/li><li>cilv\u0113kiem, kas str\u0101d\u0101 s\u0113dus un st\u0101vus<\/li><li>cilv\u0113kiem, kuri cil\u0101 svarus<\/li><li>cilv\u0113kiem ar lieko svaru<\/li><li>cilv\u0113kiem, kuru \u0123imenes anamn\u0113z\u0113 ir asinsvadu slim\u012bbas<\/li><\/ul>\t\t\t\t\t\t\t\t<\/div>\n\t\t\t\t<\/div>\n\t\t\t\t\t<\/div>\n\t\t<\/div>\n\t\t\t\t<div class=\"elementor-column elementor-col-50 elementor-top-column elementor-element elementor-element-df5f858\" data-id=\"df5f858\" data-element_type=\"column\" data-e-type=\"column\">\n\t\t\t<div class=\"elementor-widget-wrap elementor-element-populated\">\n\t\t\t\t\t\t<div class=\"elementor-element elementor-element-367a215 elementor-widget elementor-widget-image\" data-id=\"367a215\" data-element_type=\"widget\" data-e-type=\"widget\" data-widget_type=\"image.default\">\n\t\t\t\t<div class=\"elementor-widget-container\">\n\t\t\t\t\t\t\t\t\t\t\t\t\t\t\t<img decoding=\"async\" width=\"768\" height=\"512\" src=\"https:\/\/beebipai.ee\/wp-content\/uploads\/2022\/09\/Varikoos-rasedusega1-768x512.jpg\" class=\"attachment-medium_large size-medium_large wp-image-6754\" alt=\"\" srcset=\"https:\/\/beebipai.ee\/wp-content\/uploads\/2022\/09\/Varikoos-rasedusega1-768x512.jpg 768w, https:\/\/beebipai.ee\/wp-content\/uploads\/2022\/09\/Varikoos-rasedusega1-e1664108237646-300x200.jpg 300w, https:\/\/beebipai.ee\/wp-content\/uploads\/2022\/09\/Varikoos-rasedusega1-e1664108237646-18x12.jpg 18w, https:\/\/beebipai.ee\/wp-content\/uploads\/2022\/09\/Varikoos-rasedusega1-600x400.jpg 600w, https:\/\/beebipai.ee\/wp-content\/uploads\/2022\/09\/Varikoos-rasedusega1-e1664108237646.jpg 400w\" sizes=\"(max-width: 768px) 100vw, 768px\" \/>\t\t\t\t\t\t\t\t\t\t\t\t\t\t\t<\/div>\n\t\t\t\t<\/div>\n\t\t\t\t\t<\/div>\n\t\t<\/div>\n\t\t\t\t\t<\/div>\n\t\t<\/section>\n\t\t\t\t<\/div>","protected":false},"excerpt":{"rendered":"<p>Profilaktisk\u0101s kompresijas ze\u0137es lieliski nov\u0113r\u0161 un mazina t\u016bsku un varikozas v\u0113nas. Piem\u0113rots ikdienas lieto\u0161anai.<\/p>\n<p>O kompresijas klase, t.i., profilaktiska\/profilaktiska. Spiediens 10-18 mmHg<\/p>","protected":false},"featured_media":6745,"template":"","meta":{"_monsterinsights_skip_tracking":false,"_monsterinsights_sitenote_active":false,"_monsterinsights_sitenote_note":"","_monsterinsights_sitenote_category":0,"site-sidebar-layout":"no-sidebar","site-content-layout":"page-builder","ast-site-content-layout":"full-width-container","site-content-style":"unboxed","site-sidebar-style":"unboxed","ast-global-header-display":"","ast-banner-title-visibility":"","ast-main-header-display":"","ast-hfb-above-header-display":"","ast-hfb-below-header-display":"","ast-hfb-mobile-header-display":"","site-post-title":"disabled","ast-breadcrumbs-content":"","ast-featured-img":"disabled","footer-sml-layout":"","ast-disable-related-posts":"","theme-transparent-header-meta":"default","adv-header-id-meta":"","stick-header-meta":"","header-above-stick-meta":"","header-main-stick-meta":"","header-below-stick-meta":"","astra-migrate-meta-layouts":"set","ast-page-background-enabled":"default","ast-page-background-meta":{"desktop":{"background-color":"","background-image":"","background-repeat":"repeat","background-position":"center center","background-size":"auto","background-attachment":"scroll","background-type":"","background-media":"","overlay-type":"","overlay-color":"","overlay-opacity":"","overlay-gradient":""},"tablet":{"background-color":"","background-image":"","background-repeat":"repeat","background-position":"center center","background-size":"auto","background-attachment":"scroll","background-type":"","background-media":"","overlay-type":"","overlay-color":"","overlay-opacity":"","overlay-gradient":""},"mobile":{"background-color":"","background-image":"","background-repeat":"repeat","background-position":"center center","background-size":"auto","background-attachment":"scroll","background-type":"","background-media":"","overlay-type":"","overlay-color":"","overlay-opacity":"","overlay-gradient":""}},"ast-content-background-meta":{"desktop":{"background-color":"var(--ast-global-color-5)","background-image":"","background-repeat":"repeat","background-position":"center center","background-size":"auto","background-attachment":"scroll","background-type":"","background-media":"","overlay-type":"","overlay-color":"","overlay-opacity":"","overlay-gradient":""},"tablet":{"background-color":"var(--ast-global-color-5)","background-image":"","background-repeat":"repeat","background-position":"center center","background-size":"auto","background-attachment":"scroll","background-type":"","background-media":"","overlay-type":"","overlay-color":"","overlay-opacity":"","overlay-gradient":""},"mobile":{"background-color":"var(--ast-global-color-5)","background-image":"","background-repeat":"repeat","background-position":"center center","background-size":"auto","background-attachment":"scroll","background-type":"","background-media":"","overlay-type":"","overlay-color":"","overlay-opacity":"","overlay-gradient":""}}},"product_brand":[],"product_cat":[22,134,130],"product_tag":[],"class_list":{"0":"post-6738","1":"product","2":"type-product","3":"status-publish","4":"has-post-thumbnail","6":"product_cat-emale","7":"product_cat-kompressioon-tooted","8":"product_cat-sukkpuksid-polvikud-sokid","9":"desktop-align-left","10":"tablet-align-left","11":"mobile-align-left","13":"first","14":"instock","15":"taxable","16":"shipping-taxable","17":"purchasable","18":"product-type-variable"},"yoast_head":"<!-- This site is optimized with the Yoast SEO plugin v27.3 - https:\/\/yoast.com\/product\/yoast-seo-wordpress\/ -->\n<title>Prof\u00fclaktilised kompressioonsukad, 10-18 mmHg - Beebipai<\/title>\n<meta name=\"description\" content=\"Prof\u00fclaktilised kompressioonsukad leevendavad rasedusaegseid turseid ning ennetavad veenilaiendite teket. Vaata toodet prof\u00fclaktilised kompressioonsukad!\" \/>\n<meta name=\"robots\" content=\"index, follow, max-snippet:-1, max-image-preview:large, max-video-preview:-1\" \/>\n<link rel=\"canonical\" href=\"https:\/\/beebipai.ee\/lv\/product\/profulaktilised-kompressioonsukad\/\" \/>\n<meta property=\"og:locale\" content=\"lv_LV\" \/>\n<meta property=\"og:type\" content=\"article\" \/>\n<meta property=\"og:title\" content=\"Prof\u00fclaktilised kompressioonsukad, 10-18 mmHg - Beebipai\" \/>\n<meta property=\"og:description\" content=\"Prof\u00fclaktilised kompressioonsukad leevendavad rasedusaegseid turseid ning ennetavad veenilaiendite teket. Vaata toodet prof\u00fclaktilised kompressioonsukad!\" \/>\n<meta property=\"og:url\" content=\"https:\/\/beebipai.ee\/lv\/product\/profulaktilised-kompressioonsukad\/\" \/>\n<meta property=\"og:site_name\" content=\"Beebipai\" \/>\n<meta property=\"article:modified_time\" content=\"2025-03-23T14:21:08+00:00\" \/>\n<meta property=\"og:image\" content=\"https:\/\/beebipai.ee\/wp-content\/uploads\/2022\/09\/Kompressioonsukad2.webp\" \/>\n\t<meta property=\"og:image:width\" content=\"530\" \/>\n\t<meta property=\"og:image:height\" content=\"530\" \/>\n\t<meta property=\"og:image:type\" content=\"image\/webp\" \/>\n<meta name=\"twitter:card\" content=\"summary_large_image\" \/>\n<meta name=\"twitter:label1\" content=\"Est. reading time\" \/>\n\t<meta name=\"twitter:data1\" content=\"1 min\u016bte\" \/>\n<script type=\"application\/ld+json\" class=\"yoast-schema-graph\">{\"@context\":\"https:\\\/\\\/schema.org\",\"@graph\":[{\"@type\":\"WebPage\",\"@id\":\"https:\\\/\\\/beebipai.ee\\\/product\\\/profulaktilised-kompressioonsukad\\\/\",\"url\":\"https:\\\/\\\/beebipai.ee\\\/product\\\/profulaktilised-kompressioonsukad\\\/\",\"name\":\"Prof\u00fclaktilised kompressioonsukad, 10-18 mmHg - Beebipai\",\"isPartOf\":{\"@id\":\"https:\\\/\\\/beebipai.ee\\\/en\\\/#website\"},\"primaryImageOfPage\":{\"@id\":\"https:\\\/\\\/beebipai.ee\\\/product\\\/profulaktilised-kompressioonsukad\\\/#primaryimage\"},\"image\":{\"@id\":\"https:\\\/\\\/beebipai.ee\\\/product\\\/profulaktilised-kompressioonsukad\\\/#primaryimage\"},\"thumbnailUrl\":\"https:\\\/\\\/beebipai.ee\\\/wp-content\\\/uploads\\\/2022\\\/09\\\/Kompressioonsukad2.webp\",\"datePublished\":\"2022-09-25T11:48:49+00:00\",\"dateModified\":\"2025-03-23T14:21:08+00:00\",\"description\":\"Prof\u00fclaktilised kompressioonsukad leevendavad rasedusaegseid turseid ning ennetavad veenilaiendite teket. Vaata toodet prof\u00fclaktilised kompressioonsukad!\",\"breadcrumb\":{\"@id\":\"https:\\\/\\\/beebipai.ee\\\/product\\\/profulaktilised-kompressioonsukad\\\/#breadcrumb\"},\"inLanguage\":\"lv-LV\",\"potentialAction\":[{\"@type\":\"ReadAction\",\"target\":[\"https:\\\/\\\/beebipai.ee\\\/product\\\/profulaktilised-kompressioonsukad\\\/\"]}]},{\"@type\":\"ImageObject\",\"inLanguage\":\"lv-LV\",\"@id\":\"https:\\\/\\\/beebipai.ee\\\/product\\\/profulaktilised-kompressioonsukad\\\/#primaryimage\",\"url\":\"https:\\\/\\\/beebipai.ee\\\/wp-content\\\/uploads\\\/2022\\\/09\\\/Kompressioonsukad2.webp\",\"contentUrl\":\"https:\\\/\\\/beebipai.ee\\\/wp-content\\\/uploads\\\/2022\\\/09\\\/Kompressioonsukad2.webp\",\"width\":530,\"height\":530},{\"@type\":\"BreadcrumbList\",\"@id\":\"https:\\\/\\\/beebipai.ee\\\/product\\\/profulaktilised-kompressioonsukad\\\/#breadcrumb\",\"itemListElement\":[{\"@type\":\"ListItem\",\"position\":1,\"name\":\"Home\",\"item\":\"https:\\\/\\\/beebipai.ee\\\/\"},{\"@type\":\"ListItem\",\"position\":2,\"name\":\"Pood\",\"item\":\"https:\\\/\\\/beebipai.ee\\\/store\\\/\"},{\"@type\":\"ListItem\",\"position\":3,\"name\":\"Prof\u00fclaktilised kompressioonsukad, 10-18 mmHg\"}]},{\"@type\":\"WebSite\",\"@id\":\"https:\\\/\\\/beebipai.ee\\\/en\\\/#website\",\"url\":\"https:\\\/\\\/beebipai.ee\\\/en\\\/\",\"name\":\"Beebipai\",\"description\":\"Rasedate ja beebide veebipood\",\"potentialAction\":[{\"@type\":\"SearchAction\",\"target\":{\"@type\":\"EntryPoint\",\"urlTemplate\":\"https:\\\/\\\/beebipai.ee\\\/en\\\/?s={search_term_string}\"},\"query-input\":{\"@type\":\"PropertyValueSpecification\",\"valueRequired\":true,\"valueName\":\"search_term_string\"}}],\"inLanguage\":\"lv-LV\"}]}<\/script>\n<!-- \/ Yoast SEO plugin. -->","yoast_head_json":{"title":"Prof\u00fclaktilised kompressioonsukad, 10-18 mmHg - Beebipai","description":"Prof\u00fclaktilised kompressioonsukad leevendavad rasedusaegseid turseid ning ennetavad veenilaiendite teket. Vaata toodet prof\u00fclaktilised kompressioonsukad!","robots":{"index":"index","follow":"follow","max-snippet":"max-snippet:-1","max-image-preview":"max-image-preview:large","max-video-preview":"max-video-preview:-1"},"canonical":"https:\/\/beebipai.ee\/lv\/product\/profulaktilised-kompressioonsukad\/","og_locale":"lv_LV","og_type":"article","og_title":"Prof\u00fclaktilised kompressioonsukad, 10-18 mmHg - Beebipai","og_description":"Prof\u00fclaktilised kompressioonsukad leevendavad rasedusaegseid turseid ning ennetavad veenilaiendite teket. Vaata toodet prof\u00fclaktilised kompressioonsukad!","og_url":"https:\/\/beebipai.ee\/lv\/product\/profulaktilised-kompressioonsukad\/","og_site_name":"Beebipai","article_modified_time":"2025-03-23T14:21:08+00:00","og_image":[{"width":530,"height":530,"url":"https:\/\/beebipai.ee\/wp-content\/uploads\/2022\/09\/Kompressioonsukad2.webp","type":"image\/webp"}],"twitter_card":"summary_large_image","twitter_misc":{"Est. reading time":"1 min\u016bte"},"schema":{"@context":"https:\/\/schema.org","@graph":[{"@type":"WebPage","@id":"https:\/\/beebipai.ee\/product\/profulaktilised-kompressioonsukad\/","url":"https:\/\/beebipai.ee\/product\/profulaktilised-kompressioonsukad\/","name":"Prof\u00fclaktilised kompressioonsukad, 10-18 mmHg - Beebipai","isPartOf":{"@id":"https:\/\/beebipai.ee\/en\/#website"},"primaryImageOfPage":{"@id":"https:\/\/beebipai.ee\/product\/profulaktilised-kompressioonsukad\/#primaryimage"},"image":{"@id":"https:\/\/beebipai.ee\/product\/profulaktilised-kompressioonsukad\/#primaryimage"},"thumbnailUrl":"https:\/\/beebipai.ee\/wp-content\/uploads\/2022\/09\/Kompressioonsukad2.webp","datePublished":"2022-09-25T11:48:49+00:00","dateModified":"2025-03-23T14:21:08+00:00","description":"Prof\u00fclaktilised kompressioonsukad leevendavad rasedusaegseid turseid ning ennetavad veenilaiendite teket. Vaata toodet prof\u00fclaktilised kompressioonsukad!","breadcrumb":{"@id":"https:\/\/beebipai.ee\/product\/profulaktilised-kompressioonsukad\/#breadcrumb"},"inLanguage":"lv-LV","potentialAction":[{"@type":"ReadAction","target":["https:\/\/beebipai.ee\/product\/profulaktilised-kompressioonsukad\/"]}]},{"@type":"ImageObject","inLanguage":"lv-LV","@id":"https:\/\/beebipai.ee\/product\/profulaktilised-kompressioonsukad\/#primaryimage","url":"https:\/\/beebipai.ee\/wp-content\/uploads\/2022\/09\/Kompressioonsukad2.webp","contentUrl":"https:\/\/beebipai.ee\/wp-content\/uploads\/2022\/09\/Kompressioonsukad2.webp","width":530,"height":530},{"@type":"BreadcrumbList","@id":"https:\/\/beebipai.ee\/product\/profulaktilised-kompressioonsukad\/#breadcrumb","itemListElement":[{"@type":"ListItem","position":1,"name":"Home","item":"https:\/\/beebipai.ee\/"},{"@type":"ListItem","position":2,"name":"Pood","item":"https:\/\/beebipai.ee\/store\/"},{"@type":"ListItem","position":3,"name":"Prof\u00fclaktilised kompressioonsukad, 10-18 mmHg"}]},{"@type":"WebSite","@id":"https:\/\/beebipai.ee\/en\/#website","url":"https:\/\/beebipai.ee\/en\/","name":"Beebipai","description":"Rasedate ja beebide veebipood","potentialAction":[{"@type":"SearchAction","target":{"@type":"EntryPoint","urlTemplate":"https:\/\/beebipai.ee\/en\/?s={search_term_string}"},"query-input":{"@type":"PropertyValueSpecification","valueRequired":true,"valueName":"search_term_string"}}],"inLanguage":"lv-LV"}]}},"_links":{"self":[{"href":"https:\/\/beebipai.ee\/lv\/wp-json\/wp\/v2\/product\/6738","targetHints":{"allow":["GET"]}}],"collection":[{"href":"https:\/\/beebipai.ee\/lv\/wp-json\/wp\/v2\/product"}],"about":[{"href":"https:\/\/beebipai.ee\/lv\/wp-json\/wp\/v2\/types\/product"}],"version-history":[{"count":5,"href":"https:\/\/beebipai.ee\/lv\/wp-json\/wp\/v2\/product\/6738\/revisions"}],"predecessor-version":[{"id":6791,"href":"https:\/\/beebipai.ee\/lv\/wp-json\/wp\/v2\/product\/6738\/revisions\/6791"}],"wp:featuredmedia":[{"embeddable":true,"href":"https:\/\/beebipai.ee\/lv\/wp-json\/wp\/v2\/media\/6745"}],"wp:attachment":[{"href":"https:\/\/beebipai.ee\/lv\/wp-json\/wp\/v2\/media?parent=6738"}],"wp:term":[{"taxonomy":"product_brand","embeddable":true,"href":"https:\/\/beebipai.ee\/lv\/wp-json\/wp\/v2\/product_brand?post=6738"},{"taxonomy":"product_cat","embeddable":true,"href":"https:\/\/beebipai.ee\/lv\/wp-json\/wp\/v2\/product_cat?post=6738"},{"taxonomy":"product_tag","embeddable":true,"href":"https:\/\/beebipai.ee\/lv\/wp-json\/wp\/v2\/product_tag?post=6738"}],"curies":[{"name":"wp","href":"https:\/\/api.w.org\/{rel}","templated":true}]}}