{"id":6584,"date":"2022-09-11T23:33:49","date_gmt":"2022-09-11T20:33:49","guid":{"rendered":"https:\/\/beebipai.ee\/?post_type=product&#038;p=6584"},"modified":"2023-07-04T19:50:33","modified_gmt":"2023-07-04T16:50:33","slug":"kikkaboo-toitmistarvikute-kuivatusalus","status":"publish","type":"product","link":"https:\/\/beebipai.ee\/lv\/product\/kikkaboo-toitmistarvikute-kuivatusalus\/","title":{"rendered":"Kikkaboo padeves \u017e\u0101v\u0113t\u0101js"},"content":{"rendered":"<div data-elementor-type=\"wp-post\" data-elementor-id=\"6584\" class=\"elementor elementor-6584\">\n\t\t\t\t\t\t<section class=\"elementor-section elementor-top-section elementor-element elementor-element-e52ebc2 elementor-section-boxed elementor-section-height-default elementor-section-height-default\" data-id=\"e52ebc2\" data-element_type=\"section\" data-e-type=\"section\">\n\t\t\t\t\t\t<div class=\"elementor-container elementor-column-gap-default\">\n\t\t\t\t\t<div class=\"elementor-column elementor-col-50 elementor-top-column elementor-element elementor-element-86fb34d\" data-id=\"86fb34d\" data-element_type=\"column\" data-e-type=\"column\">\n\t\t\t<div class=\"elementor-widget-wrap elementor-element-populated\">\n\t\t\t\t\t\t<div class=\"elementor-element elementor-element-0287ab9 elementor-widget elementor-widget-heading\" data-id=\"0287ab9\" data-element_type=\"widget\" data-e-type=\"widget\" data-widget_type=\"heading.default\">\n\t\t\t\t<div class=\"elementor-widget-container\">\n\t\t\t\t\t<h2 class=\"elementor-heading-title elementor-size-default\">Toitmistarvikute kuivatusalus<\/h2>\t\t\t\t<\/div>\n\t\t\t\t<\/div>\n\t\t\t\t<div class=\"elementor-element elementor-element-28dfa51 elementor-widget elementor-widget-text-editor\" data-id=\"28dfa51\" data-element_type=\"widget\" data-e-type=\"widget\" data-widget_type=\"text-editor.default\">\n\t\t\t\t<div class=\"elementor-widget-container\">\n\t\t\t\t\t\t\t\t\t<p>Toitmistarvikute kuivatusalus on ideaalne lahendus pudelite, luttide ja korkide kuivatamiseks. Aluse serv on k\u00f5rgem, mis ei lase tilkunud veel v\u00e4lja voolata. Kuivatusalus mahutab 8 pudelit. Vahva puhaste v\u00e4rvidega disain.\u00a0 V\u00e4ga kergesti kokku pandav. BPA vaba.<\/p>\t\t\t\t\t\t\t\t<\/div>\n\t\t\t\t<\/div>\n\t\t\t\t\t<\/div>\n\t\t<\/div>\n\t\t\t\t<div class=\"elementor-column elementor-col-50 elementor-top-column elementor-element elementor-element-f2d86b6\" data-id=\"f2d86b6\" data-element_type=\"column\" data-e-type=\"column\">\n\t\t\t<div class=\"elementor-widget-wrap elementor-element-populated\">\n\t\t\t\t\t\t<div class=\"elementor-element elementor-element-0c88d1a elementor-widget elementor-widget-image\" data-id=\"0c88d1a\" data-element_type=\"widget\" data-e-type=\"widget\" data-widget_type=\"image.default\">\n\t\t\t\t<div class=\"elementor-widget-container\">\n\t\t\t\t\t\t\t\t\t\t\t\t\t\t\t<img fetchpriority=\"high\" decoding=\"async\" width=\"400\" height=\"257\" src=\"https:\/\/beebipai.ee\/wp-content\/uploads\/2022\/09\/Toitmistarvikute-kuivataja-6-e1662928389908.jpg\" class=\"attachment-large size-large wp-image-6586\" alt=\"\" srcset=\"https:\/\/beebipai.ee\/wp-content\/uploads\/2022\/09\/Toitmistarvikute-kuivataja-6-e1662928389908.jpg 400w, https:\/\/beebipai.ee\/wp-content\/uploads\/2022\/09\/Toitmistarvikute-kuivataja-6-e1662928389908-300x193.jpg 300w, https:\/\/beebipai.ee\/wp-content\/uploads\/2022\/09\/Toitmistarvikute-kuivataja-6-e1662928389908-18x12.jpg 18w\" sizes=\"(max-width: 400px) 100vw, 400px\" \/>\t\t\t\t\t\t\t\t\t\t\t\t\t\t\t<\/div>\n\t\t\t\t<\/div>\n\t\t\t\t\t<\/div>\n\t\t<\/div>\n\t\t\t\t\t<\/div>\n\t\t<\/section>\n\t\t\t\t<\/div>","protected":false},"excerpt":{"rendered":"<p>Kikkaboo toitmistarvikute kuivatusalus on m\u00f5nus ja praktiline abimees kuhu paigutada k\u00f5ik pudelid, lutid, korgid jm tarvikud kuivama.<\/p>","protected":false},"featured_media":6587,"template":"","meta":{"_monsterinsights_skip_tracking":false,"_monsterinsights_sitenote_active":false,"_monsterinsights_sitenote_note":"","_monsterinsights_sitenote_category":0,"site-sidebar-layout":"no-sidebar","site-content-layout":"page-builder","ast-site-content-layout":"default","site-content-style":"default","site-sidebar-style":"default","ast-global-header-display":"","ast-banner-title-visibility":"","ast-main-header-display":"","ast-hfb-above-header-display":"","ast-hfb-below-header-display":"","ast-hfb-mobile-header-display":"","site-post-title":"disabled","ast-breadcrumbs-content":"","ast-featured-img":"disabled","footer-sml-layout":"","ast-disable-related-posts":"","theme-transparent-header-meta":"default","adv-header-id-meta":"","stick-header-meta":"","header-above-stick-meta":"","header-main-stick-meta":"","header-below-stick-meta":"","astra-migrate-meta-layouts":"default","ast-page-background-enabled":"default","ast-page-background-meta":{"desktop":{"background-color":"","background-image":"","background-repeat":"repeat","background-position":"center center","background-size":"auto","background-attachment":"scroll","background-type":"","background-media":"","overlay-type":"","overlay-color":"","overlay-opacity":"","overlay-gradient":""},"tablet":{"background-color":"","background-image":"","background-repeat":"repeat","background-position":"center center","background-size":"auto","background-attachment":"scroll","background-type":"","background-media":"","overlay-type":"","overlay-color":"","overlay-opacity":"","overlay-gradient":""},"mobile":{"background-color":"","background-image":"","background-repeat":"repeat","background-position":"center center","background-size":"auto","background-attachment":"scroll","background-type":"","background-media":"","overlay-type":"","overlay-color":"","overlay-opacity":"","overlay-gradient":""}},"ast-content-background-meta":{"desktop":{"background-color":"var(--ast-global-color-5)","background-image":"","background-repeat":"repeat","background-position":"center center","background-size":"auto","background-attachment":"scroll","background-type":"","background-media":"","overlay-type":"","overlay-color":"","overlay-opacity":"","overlay-gradient":""},"tablet":{"background-color":"var(--ast-global-color-5)","background-image":"","background-repeat":"repeat","background-position":"center center","background-size":"auto","background-attachment":"scroll","background-type":"","background-media":"","overlay-type":"","overlay-color":"","overlay-opacity":"","overlay-gradient":""},"mobile":{"background-color":"var(--ast-global-color-5)","background-image":"","background-repeat":"repeat","background-position":"center center","background-size":"auto","background-attachment":"scroll","background-type":"","background-media":"","overlay-type":"","overlay-color":"","overlay-opacity":"","overlay-gradient":""}}},"product_brand":[],"product_cat":[23,143],"product_tag":[],"class_list":{"0":"post-6584","1":"product","2":"type-product","3":"status-publish","4":"has-post-thumbnail","6":"product_cat-beebile","7":"product_cat-sootmiseks-soomiseks","8":"desktop-align-left","9":"tablet-align-left","10":"mobile-align-left","12":"first","13":"instock","14":"taxable","15":"shipping-taxable","16":"purchasable","17":"product-type-variable"},"yoast_head":"<!-- This site is optimized with the Yoast SEO plugin v27.3 - https:\/\/yoast.com\/product\/yoast-seo-wordpress\/ -->\n<title>Kikkaboo toitmistarvikute kuivatusalus - Beebipai<\/title>\n<meta name=\"description\" content=\"Kikkaboo toitmistarvikute kuivatusalus on parktiline abimees pudelite, lutide ja korkide kuivatamiseks. Vaata toodet Kikkaboo toitmistarvikute kuivatusalus!\" \/>\n<meta name=\"robots\" content=\"index, follow, max-snippet:-1, max-image-preview:large, max-video-preview:-1\" \/>\n<link rel=\"canonical\" href=\"https:\/\/beebipai.ee\/lv\/product\/kikkaboo-toitmistarvikute-kuivatusalus\/\" \/>\n<meta property=\"og:locale\" content=\"lv_LV\" \/>\n<meta property=\"og:type\" content=\"article\" \/>\n<meta property=\"og:title\" content=\"Kikkaboo toitmistarvikute kuivatusalus - Beebipai\" \/>\n<meta property=\"og:description\" content=\"Kikkaboo toitmistarvikute kuivatusalus on parktiline abimees pudelite, lutide ja korkide kuivatamiseks. Vaata toodet Kikkaboo toitmistarvikute kuivatusalus!\" \/>\n<meta property=\"og:url\" content=\"https:\/\/beebipai.ee\/lv\/product\/kikkaboo-toitmistarvikute-kuivatusalus\/\" \/>\n<meta property=\"og:site_name\" content=\"Beebipai\" \/>\n<meta property=\"article:modified_time\" content=\"2023-07-04T16:50:33+00:00\" \/>\n<meta property=\"og:image\" content=\"https:\/\/beebipai.ee\/wp-content\/uploads\/2022\/09\/Toitmistarvikute-kuivataja.jpg\" \/>\n\t<meta property=\"og:image:width\" content=\"600\" \/>\n\t<meta property=\"og:image:height\" content=\"480\" \/>\n\t<meta property=\"og:image:type\" content=\"image\/jpeg\" \/>\n<meta name=\"twitter:card\" content=\"summary_large_image\" \/>\n<script type=\"application\/ld+json\" class=\"yoast-schema-graph\">{\"@context\":\"https:\\\/\\\/schema.org\",\"@graph\":[{\"@type\":\"WebPage\",\"@id\":\"https:\\\/\\\/beebipai.ee\\\/ru\\\/product\\\/kikkaboo-toitmistarvikute-kuivatusalus\\\/\",\"url\":\"https:\\\/\\\/beebipai.ee\\\/ru\\\/product\\\/kikkaboo-toitmistarvikute-kuivatusalus\\\/\",\"name\":\"Kikkaboo toitmistarvikute kuivatusalus - Beebipai\",\"isPartOf\":{\"@id\":\"https:\\\/\\\/beebipai.ee\\\/en\\\/#website\"},\"primaryImageOfPage\":{\"@id\":\"https:\\\/\\\/beebipai.ee\\\/ru\\\/product\\\/kikkaboo-toitmistarvikute-kuivatusalus\\\/#primaryimage\"},\"image\":{\"@id\":\"https:\\\/\\\/beebipai.ee\\\/ru\\\/product\\\/kikkaboo-toitmistarvikute-kuivatusalus\\\/#primaryimage\"},\"thumbnailUrl\":\"https:\\\/\\\/beebipai.ee\\\/wp-content\\\/uploads\\\/2022\\\/09\\\/Toitmistarvikute-kuivataja.jpg\",\"datePublished\":\"2022-09-11T20:33:49+00:00\",\"dateModified\":\"2023-07-04T16:50:33+00:00\",\"description\":\"Kikkaboo toitmistarvikute kuivatusalus on parktiline abimees pudelite, lutide ja korkide kuivatamiseks. Vaata toodet Kikkaboo toitmistarvikute kuivatusalus!\",\"breadcrumb\":{\"@id\":\"https:\\\/\\\/beebipai.ee\\\/ru\\\/product\\\/kikkaboo-toitmistarvikute-kuivatusalus\\\/#breadcrumb\"},\"inLanguage\":\"lv-LV\",\"potentialAction\":[{\"@type\":\"ReadAction\",\"target\":[\"https:\\\/\\\/beebipai.ee\\\/ru\\\/product\\\/kikkaboo-toitmistarvikute-kuivatusalus\\\/\"]}]},{\"@type\":\"ImageObject\",\"inLanguage\":\"lv-LV\",\"@id\":\"https:\\\/\\\/beebipai.ee\\\/ru\\\/product\\\/kikkaboo-toitmistarvikute-kuivatusalus\\\/#primaryimage\",\"url\":\"https:\\\/\\\/beebipai.ee\\\/wp-content\\\/uploads\\\/2022\\\/09\\\/Toitmistarvikute-kuivataja.jpg\",\"contentUrl\":\"https:\\\/\\\/beebipai.ee\\\/wp-content\\\/uploads\\\/2022\\\/09\\\/Toitmistarvikute-kuivataja.jpg\",\"width\":600,\"height\":480},{\"@type\":\"BreadcrumbList\",\"@id\":\"https:\\\/\\\/beebipai.ee\\\/ru\\\/product\\\/kikkaboo-toitmistarvikute-kuivatusalus\\\/#breadcrumb\",\"itemListElement\":[{\"@type\":\"ListItem\",\"position\":1,\"name\":\"Home\",\"item\":\"https:\\\/\\\/beebipai.ee\\\/\"},{\"@type\":\"ListItem\",\"position\":2,\"name\":\"Pood\",\"item\":\"https:\\\/\\\/beebipai.ee\\\/store\\\/\"},{\"@type\":\"ListItem\",\"position\":3,\"name\":\"Kikkaboo toitmistarvikute kuivatusalus\"}]},{\"@type\":\"WebSite\",\"@id\":\"https:\\\/\\\/beebipai.ee\\\/en\\\/#website\",\"url\":\"https:\\\/\\\/beebipai.ee\\\/en\\\/\",\"name\":\"Beebipai\",\"description\":\"Rasedate ja beebide veebipood\",\"potentialAction\":[{\"@type\":\"SearchAction\",\"target\":{\"@type\":\"EntryPoint\",\"urlTemplate\":\"https:\\\/\\\/beebipai.ee\\\/en\\\/?s={search_term_string}\"},\"query-input\":{\"@type\":\"PropertyValueSpecification\",\"valueRequired\":true,\"valueName\":\"search_term_string\"}}],\"inLanguage\":\"lv-LV\"}]}<\/script>\n<!-- \/ Yoast SEO plugin. -->","yoast_head_json":{"title":"Kikkaboo toitmistarvikute kuivatusalus - Beebipai","description":"Kikkaboo toitmistarvikute kuivatusalus on parktiline abimees pudelite, lutide ja korkide kuivatamiseks. Vaata toodet Kikkaboo toitmistarvikute kuivatusalus!","robots":{"index":"index","follow":"follow","max-snippet":"max-snippet:-1","max-image-preview":"max-image-preview:large","max-video-preview":"max-video-preview:-1"},"canonical":"https:\/\/beebipai.ee\/lv\/product\/kikkaboo-toitmistarvikute-kuivatusalus\/","og_locale":"lv_LV","og_type":"article","og_title":"Kikkaboo toitmistarvikute kuivatusalus - Beebipai","og_description":"Kikkaboo toitmistarvikute kuivatusalus on parktiline abimees pudelite, lutide ja korkide kuivatamiseks. Vaata toodet Kikkaboo toitmistarvikute kuivatusalus!","og_url":"https:\/\/beebipai.ee\/lv\/product\/kikkaboo-toitmistarvikute-kuivatusalus\/","og_site_name":"Beebipai","article_modified_time":"2023-07-04T16:50:33+00:00","og_image":[{"width":600,"height":480,"url":"https:\/\/beebipai.ee\/wp-content\/uploads\/2022\/09\/Toitmistarvikute-kuivataja.jpg","type":"image\/jpeg"}],"twitter_card":"summary_large_image","schema":{"@context":"https:\/\/schema.org","@graph":[{"@type":"WebPage","@id":"https:\/\/beebipai.ee\/ru\/product\/kikkaboo-toitmistarvikute-kuivatusalus\/","url":"https:\/\/beebipai.ee\/ru\/product\/kikkaboo-toitmistarvikute-kuivatusalus\/","name":"Kikkaboo toitmistarvikute kuivatusalus - Beebipai","isPartOf":{"@id":"https:\/\/beebipai.ee\/en\/#website"},"primaryImageOfPage":{"@id":"https:\/\/beebipai.ee\/ru\/product\/kikkaboo-toitmistarvikute-kuivatusalus\/#primaryimage"},"image":{"@id":"https:\/\/beebipai.ee\/ru\/product\/kikkaboo-toitmistarvikute-kuivatusalus\/#primaryimage"},"thumbnailUrl":"https:\/\/beebipai.ee\/wp-content\/uploads\/2022\/09\/Toitmistarvikute-kuivataja.jpg","datePublished":"2022-09-11T20:33:49+00:00","dateModified":"2023-07-04T16:50:33+00:00","description":"Kikkaboo toitmistarvikute kuivatusalus on parktiline abimees pudelite, lutide ja korkide kuivatamiseks. Vaata toodet Kikkaboo toitmistarvikute kuivatusalus!","breadcrumb":{"@id":"https:\/\/beebipai.ee\/ru\/product\/kikkaboo-toitmistarvikute-kuivatusalus\/#breadcrumb"},"inLanguage":"lv-LV","potentialAction":[{"@type":"ReadAction","target":["https:\/\/beebipai.ee\/ru\/product\/kikkaboo-toitmistarvikute-kuivatusalus\/"]}]},{"@type":"ImageObject","inLanguage":"lv-LV","@id":"https:\/\/beebipai.ee\/ru\/product\/kikkaboo-toitmistarvikute-kuivatusalus\/#primaryimage","url":"https:\/\/beebipai.ee\/wp-content\/uploads\/2022\/09\/Toitmistarvikute-kuivataja.jpg","contentUrl":"https:\/\/beebipai.ee\/wp-content\/uploads\/2022\/09\/Toitmistarvikute-kuivataja.jpg","width":600,"height":480},{"@type":"BreadcrumbList","@id":"https:\/\/beebipai.ee\/ru\/product\/kikkaboo-toitmistarvikute-kuivatusalus\/#breadcrumb","itemListElement":[{"@type":"ListItem","position":1,"name":"Home","item":"https:\/\/beebipai.ee\/"},{"@type":"ListItem","position":2,"name":"Pood","item":"https:\/\/beebipai.ee\/store\/"},{"@type":"ListItem","position":3,"name":"Kikkaboo toitmistarvikute kuivatusalus"}]},{"@type":"WebSite","@id":"https:\/\/beebipai.ee\/en\/#website","url":"https:\/\/beebipai.ee\/en\/","name":"Beebipai","description":"Rasedate ja beebide veebipood","potentialAction":[{"@type":"SearchAction","target":{"@type":"EntryPoint","urlTemplate":"https:\/\/beebipai.ee\/en\/?s={search_term_string}"},"query-input":{"@type":"PropertyValueSpecification","valueRequired":true,"valueName":"search_term_string"}}],"inLanguage":"lv-LV"}]}},"_links":{"self":[{"href":"https:\/\/beebipai.ee\/lv\/wp-json\/wp\/v2\/product\/6584","targetHints":{"allow":["GET"]}}],"collection":[{"href":"https:\/\/beebipai.ee\/lv\/wp-json\/wp\/v2\/product"}],"about":[{"href":"https:\/\/beebipai.ee\/lv\/wp-json\/wp\/v2\/types\/product"}],"version-history":[{"count":5,"href":"https:\/\/beebipai.ee\/lv\/wp-json\/wp\/v2\/product\/6584\/revisions"}],"predecessor-version":[{"id":8797,"href":"https:\/\/beebipai.ee\/lv\/wp-json\/wp\/v2\/product\/6584\/revisions\/8797"}],"wp:featuredmedia":[{"embeddable":true,"href":"https:\/\/beebipai.ee\/lv\/wp-json\/wp\/v2\/media\/6587"}],"wp:attachment":[{"href":"https:\/\/beebipai.ee\/lv\/wp-json\/wp\/v2\/media?parent=6584"}],"wp:term":[{"taxonomy":"product_brand","embeddable":true,"href":"https:\/\/beebipai.ee\/lv\/wp-json\/wp\/v2\/product_brand?post=6584"},{"taxonomy":"product_cat","embeddable":true,"href":"https:\/\/beebipai.ee\/lv\/wp-json\/wp\/v2\/product_cat?post=6584"},{"taxonomy":"product_tag","embeddable":true,"href":"https:\/\/beebipai.ee\/lv\/wp-json\/wp\/v2\/product_tag?post=6584"}],"curies":[{"name":"wp","href":"https:\/\/api.w.org\/{rel}","templated":true}]}}