{"id":6540,"date":"2022-09-11T12:59:33","date_gmt":"2022-09-11T09:59:33","guid":{"rendered":"https:\/\/beebipai.ee\/?post_type=product&#038;p=6540"},"modified":"2024-06-19T09:32:33","modified_gmt":"2024-06-19T06:32:33","slug":"kikkaboo-wi-fi-beebikaamera-lua","status":"publish","type":"product","link":"https:\/\/beebipai.ee\/lv\/product\/kikkaboo-wi-fi-beebikaamera-lua\/","title":{"rendered":"Kikkaboo Wi-Fi Baby Camera Lua"},"content":{"rendered":"<div data-elementor-type=\"wp-post\" data-elementor-id=\"6540\" class=\"elementor elementor-6540\">\n\t\t\t\t\t\t<section class=\"elementor-section elementor-top-section elementor-element elementor-element-3d19c0c elementor-section-boxed elementor-section-height-default elementor-section-height-default\" data-id=\"3d19c0c\" data-element_type=\"section\" data-e-type=\"section\">\n\t\t\t\t\t\t<div class=\"elementor-container elementor-column-gap-default\">\n\t\t\t\t\t<div class=\"elementor-column elementor-col-50 elementor-top-column elementor-element elementor-element-46f395a\" data-id=\"46f395a\" data-element_type=\"column\" data-e-type=\"column\">\n\t\t\t<div class=\"elementor-widget-wrap elementor-element-populated\">\n\t\t\t\t\t\t<div class=\"elementor-element elementor-element-82ba52b elementor-widget elementor-widget-heading\" data-id=\"82ba52b\" data-element_type=\"widget\" data-e-type=\"widget\" data-widget_type=\"heading.default\">\n\t\t\t\t<div class=\"elementor-widget-container\">\n\t\t\t\t\t<h2 class=\"elementor-heading-title elementor-size-default\">Kikkaboo Wi-Fi Baby Camera Lua<\/h2>\t\t\t\t<\/div>\n\t\t\t\t<\/div>\n\t\t\t\t<div class=\"elementor-element elementor-element-a5b55ff elementor-widget elementor-widget-text-editor\" data-id=\"a5b55ff\" data-element_type=\"widget\" data-e-type=\"widget\" data-widget_type=\"text-editor.default\">\n\t\t\t\t<div class=\"elementor-widget-container\">\n\t\t\t\t\t\t\t\t\t<p>Kikkaboo mobil\u0101 mazu\u013ca kamera ir \u012bsts sirdsmiers vec\u0101kiem. Ar daudz\u0101m praktisk\u0101m un funkcion\u0101l\u0101m \u012bpa\u0161\u012bb\u0101m tas nodro\u0161ina b\u0113rna dro\u0161\u012bbu un vec\u0101ku sirdsmieru.\u00a0<\/p><p>Kikkaboo mobil\u0101 b\u0113rnu kamera nodro\u0161ina tie\u0161raides video ierakst\u012b\u0161anu IOS\/Andriod mobilaj\u0101 t\u0101lrun\u012b vai plan\u0161etdator\u0101, izmantojot lietotni IPC360 HOME. Video ierakst\u012b\u0161ana notiek l\u012bdz 128kB TF atmi\u0146as kart\u0113.\u00a0<\/p><p>Mobil\u0101 mazu\u013ca kamera darbojas ar frekvenci 2,4\u20132,4835 GHz (nav sader\u012bga ar 5 GHz). T\u012bkla interfeiss RJ-45 10\/100Mb adapt\u012bvais Ethernet interfeiss. Bezvadu Wi-Fi, 802.11 b\/g\/n.<\/p><p>Mobil\u0101s mazu\u013ca kameras savienojumu var koplietot ar 5 lietot\u0101jiem.<\/p><p>Iz\u0161\u0137irtsp\u0113ja 1080p (1920 \u00d7 1080)<\/p><p>Objekt\u012bvs 3,6 mm<\/p><p>B\u0113rnu kamera nosaka un izseko kust\u012bbu. Ir regul\u0113jams ska\u013cums. Ir divvirzienu komunik\u0101cijas funkcija. Mazu\u013cu kamera nakts redzam\u012bba l\u012bdz 10 m. Ir iesp\u0113jams nos\u016bt\u012bt un izsl\u0113gt t\u0113rz\u0113\u0161anas zi\u0146as. Darbojas no -10C l\u012bdz +50C. Pagrie\u017eams par 90\u00b0 \/ 355\u00b0.<\/p><p>Lua Mobile Baby Camera ir viegli uzst\u0101d\u012bt un lietot.<\/p><p>Komplekt\u0101 ietilpst: kamera, USB adapteris, USB kabelis, sienas stiprin\u0101jums, instrukcija<\/p><p>Produktam ir CE atbilst\u012bbas mar\u0137\u0113jums<\/p>\t\t\t\t\t\t\t\t<\/div>\n\t\t\t\t<\/div>\n\t\t\t\t\t<\/div>\n\t\t<\/div>\n\t\t\t\t<div class=\"elementor-column elementor-col-50 elementor-top-column elementor-element elementor-element-badf4f6\" data-id=\"badf4f6\" data-element_type=\"column\" data-e-type=\"column\">\n\t\t\t<div class=\"elementor-widget-wrap elementor-element-populated\">\n\t\t\t\t\t\t<div class=\"elementor-element elementor-element-547791c elementor-widget elementor-widget-image\" data-id=\"547791c\" data-element_type=\"widget\" data-e-type=\"widget\" data-widget_type=\"image.default\">\n\t\t\t\t<div class=\"elementor-widget-container\">\n\t\t\t\t\t\t\t\t\t\t\t\t\t\t\t<img fetchpriority=\"high\" decoding=\"async\" width=\"600\" height=\"750\" src=\"https:\/\/beebipai.ee\/wp-content\/uploads\/2022\/09\/Wi-Fi-beebimonitor-Lua.jpg\" class=\"attachment-large size-large wp-image-6469\" alt=\"\" srcset=\"https:\/\/beebipai.ee\/wp-content\/uploads\/2022\/09\/Wi-Fi-beebimonitor-Lua.jpg 600w, https:\/\/beebipai.ee\/wp-content\/uploads\/2022\/09\/Wi-Fi-beebimonitor-Lua-240x300.jpg 240w, https:\/\/beebipai.ee\/wp-content\/uploads\/2022\/09\/Wi-Fi-beebimonitor-Lua-10x12.jpg 10w\" sizes=\"(max-width: 600px) 100vw, 600px\" \/>\t\t\t\t\t\t\t\t\t\t\t\t\t\t\t<\/div>\n\t\t\t\t<\/div>\n\t\t\t\t\t<\/div>\n\t\t<\/div>\n\t\t\t\t\t<\/div>\n\t\t<\/section>\n\t\t\t\t<\/div>","protected":false},"excerpt":{"rendered":"<p>Kikkaboo wi-fi b\u0113rnu kamera Lua ir novatoriska un funkcion\u0101la, nodro\u0161inot mazu\u013ca dro\u0161\u012bbu un vec\u0101ku sirdsmieru. Ar ier\u012bces pal\u012bdz\u012bbu j\u016bs varat past\u0101v\u012bgi uzraudz\u012bt b\u0113rnu un istabu ar t\u0101lruni vai plan\u0161etdatoru.<\/p>","protected":false},"featured_media":6469,"template":"","meta":{"_monsterinsights_skip_tracking":false,"_monsterinsights_sitenote_active":false,"_monsterinsights_sitenote_note":"","_monsterinsights_sitenote_category":0,"site-sidebar-layout":"no-sidebar","site-content-layout":"page-builder","ast-site-content-layout":"full-width-container","site-content-style":"unboxed","site-sidebar-style":"unboxed","ast-global-header-display":"","ast-banner-title-visibility":"","ast-main-header-display":"","ast-hfb-above-header-display":"","ast-hfb-below-header-display":"","ast-hfb-mobile-header-display":"","site-post-title":"disabled","ast-breadcrumbs-content":"","ast-featured-img":"disabled","footer-sml-layout":"","ast-disable-related-posts":"","theme-transparent-header-meta":"default","adv-header-id-meta":"","stick-header-meta":"","header-above-stick-meta":"","header-main-stick-meta":"","header-below-stick-meta":"","astra-migrate-meta-layouts":"set","ast-page-background-enabled":"default","ast-page-background-meta":{"desktop":{"background-color":"","background-image":"","background-repeat":"repeat","background-position":"center center","background-size":"auto","background-attachment":"scroll","background-type":"","background-media":"","overlay-type":"","overlay-color":"","overlay-opacity":"","overlay-gradient":""},"tablet":{"background-color":"","background-image":"","background-repeat":"repeat","background-position":"center center","background-size":"auto","background-attachment":"scroll","background-type":"","background-media":"","overlay-type":"","overlay-color":"","overlay-opacity":"","overlay-gradient":""},"mobile":{"background-color":"","background-image":"","background-repeat":"repeat","background-position":"center center","background-size":"auto","background-attachment":"scroll","background-type":"","background-media":"","overlay-type":"","overlay-color":"","overlay-opacity":"","overlay-gradient":""}},"ast-content-background-meta":{"desktop":{"background-color":"var(--ast-global-color-5)","background-image":"","background-repeat":"repeat","background-position":"center center","background-size":"auto","background-attachment":"scroll","background-type":"","background-media":"","overlay-type":"","overlay-color":"","overlay-opacity":"","overlay-gradient":""},"tablet":{"background-color":"var(--ast-global-color-5)","background-image":"","background-repeat":"repeat","background-position":"center center","background-size":"auto","background-attachment":"scroll","background-type":"","background-media":"","overlay-type":"","overlay-color":"","overlay-opacity":"","overlay-gradient":""},"mobile":{"background-color":"var(--ast-global-color-5)","background-image":"","background-repeat":"repeat","background-position":"center center","background-size":"auto","background-attachment":"scroll","background-type":"","background-media":"","overlay-type":"","overlay-color":"","overlay-opacity":"","overlay-gradient":""}}},"product_brand":[],"product_cat":[23,148,145],"product_tag":[],"class_list":{"0":"post-6540","1":"product","2":"type-product","3":"status-publish","4":"has-post-thumbnail","6":"product_cat-beebile","7":"product_cat-kingiideed-emale","8":"product_cat-turvalisus","9":"desktop-align-left","10":"tablet-align-left","11":"mobile-align-left","13":"first","14":"instock","15":"taxable","16":"shipping-taxable","17":"purchasable","18":"product-type-simple"},"yoast_head":"<!-- This site is optimized with the Yoast SEO plugin v27.3 - https:\/\/yoast.com\/product\/yoast-seo-wordpress\/ -->\n<title>Kikkaboo Wi-fi beebikaamera Lua - Beebipai<\/title>\n<meta name=\"description\" content=\"Kikkaboo wi-fi beebikaamera Lua tagab lapse turvalisuse ja lapsevanemate meelerahu. Vaata toodet Kikkaboo wi-fi beebikaamera Lua!\" \/>\n<meta name=\"robots\" content=\"index, follow, max-snippet:-1, max-image-preview:large, max-video-preview:-1\" \/>\n<link rel=\"canonical\" href=\"https:\/\/beebipai.ee\/lv\/product\/kikkaboo-wi-fi-beebikaamera-lua\/\" \/>\n<meta property=\"og:locale\" content=\"lv_LV\" \/>\n<meta property=\"og:type\" content=\"article\" \/>\n<meta property=\"og:title\" content=\"Kikkaboo Wi-fi beebikaamera Lua - Beebipai\" \/>\n<meta property=\"og:description\" content=\"Kikkaboo wi-fi beebikaamera Lua tagab lapse turvalisuse ja lapsevanemate meelerahu. Vaata toodet Kikkaboo wi-fi beebikaamera Lua!\" \/>\n<meta property=\"og:url\" content=\"https:\/\/beebipai.ee\/lv\/product\/kikkaboo-wi-fi-beebikaamera-lua\/\" \/>\n<meta property=\"og:site_name\" content=\"Beebipai\" \/>\n<meta property=\"article:modified_time\" content=\"2024-06-19T06:32:33+00:00\" \/>\n<meta property=\"og:image\" content=\"https:\/\/beebipai.ee\/wp-content\/uploads\/2022\/09\/Wi-Fi-beebimonitor-Lua.jpg\" \/>\n\t<meta property=\"og:image:width\" content=\"600\" \/>\n\t<meta property=\"og:image:height\" content=\"750\" \/>\n\t<meta property=\"og:image:type\" content=\"image\/jpeg\" \/>\n<meta name=\"twitter:card\" content=\"summary_large_image\" \/>\n<meta name=\"twitter:label1\" content=\"Est. reading time\" \/>\n\t<meta name=\"twitter:data1\" content=\"1 min\u016bte\" \/>\n<script type=\"application\/ld+json\" class=\"yoast-schema-graph\">{\"@context\":\"https:\\\/\\\/schema.org\",\"@graph\":[{\"@type\":\"WebPage\",\"@id\":\"https:\\\/\\\/beebipai.ee\\\/en\\\/product\\\/kikkaboo-wi-fi-beebikaamera-lua\\\/\",\"url\":\"https:\\\/\\\/beebipai.ee\\\/en\\\/product\\\/kikkaboo-wi-fi-beebikaamera-lua\\\/\",\"name\":\"Kikkaboo Wi-fi beebikaamera Lua - Beebipai\",\"isPartOf\":{\"@id\":\"https:\\\/\\\/beebipai.ee\\\/en\\\/#website\"},\"primaryImageOfPage\":{\"@id\":\"https:\\\/\\\/beebipai.ee\\\/en\\\/product\\\/kikkaboo-wi-fi-beebikaamera-lua\\\/#primaryimage\"},\"image\":{\"@id\":\"https:\\\/\\\/beebipai.ee\\\/en\\\/product\\\/kikkaboo-wi-fi-beebikaamera-lua\\\/#primaryimage\"},\"thumbnailUrl\":\"https:\\\/\\\/beebipai.ee\\\/wp-content\\\/uploads\\\/2022\\\/09\\\/Wi-Fi-beebimonitor-Lua.jpg\",\"datePublished\":\"2022-09-11T09:59:33+00:00\",\"dateModified\":\"2024-06-19T06:32:33+00:00\",\"description\":\"Kikkaboo wi-fi beebikaamera Lua tagab lapse turvalisuse ja lapsevanemate meelerahu. Vaata toodet Kikkaboo wi-fi beebikaamera Lua!\",\"breadcrumb\":{\"@id\":\"https:\\\/\\\/beebipai.ee\\\/en\\\/product\\\/kikkaboo-wi-fi-beebikaamera-lua\\\/#breadcrumb\"},\"inLanguage\":\"lv-LV\",\"potentialAction\":[{\"@type\":\"ReadAction\",\"target\":[\"https:\\\/\\\/beebipai.ee\\\/en\\\/product\\\/kikkaboo-wi-fi-beebikaamera-lua\\\/\"]}]},{\"@type\":\"ImageObject\",\"inLanguage\":\"lv-LV\",\"@id\":\"https:\\\/\\\/beebipai.ee\\\/en\\\/product\\\/kikkaboo-wi-fi-beebikaamera-lua\\\/#primaryimage\",\"url\":\"https:\\\/\\\/beebipai.ee\\\/wp-content\\\/uploads\\\/2022\\\/09\\\/Wi-Fi-beebimonitor-Lua.jpg\",\"contentUrl\":\"https:\\\/\\\/beebipai.ee\\\/wp-content\\\/uploads\\\/2022\\\/09\\\/Wi-Fi-beebimonitor-Lua.jpg\",\"width\":600,\"height\":750},{\"@type\":\"BreadcrumbList\",\"@id\":\"https:\\\/\\\/beebipai.ee\\\/en\\\/product\\\/kikkaboo-wi-fi-beebikaamera-lua\\\/#breadcrumb\",\"itemListElement\":[{\"@type\":\"ListItem\",\"position\":1,\"name\":\"Home\",\"item\":\"https:\\\/\\\/beebipai.ee\\\/\"},{\"@type\":\"ListItem\",\"position\":2,\"name\":\"Pood\",\"item\":\"https:\\\/\\\/beebipai.ee\\\/store\\\/\"},{\"@type\":\"ListItem\",\"position\":3,\"name\":\"Kikkaboo Wi-fi beebikaamera Lua\"}]},{\"@type\":\"WebSite\",\"@id\":\"https:\\\/\\\/beebipai.ee\\\/en\\\/#website\",\"url\":\"https:\\\/\\\/beebipai.ee\\\/en\\\/\",\"name\":\"Beebipai\",\"description\":\"Rasedate ja beebide veebipood\",\"potentialAction\":[{\"@type\":\"SearchAction\",\"target\":{\"@type\":\"EntryPoint\",\"urlTemplate\":\"https:\\\/\\\/beebipai.ee\\\/en\\\/?s={search_term_string}\"},\"query-input\":{\"@type\":\"PropertyValueSpecification\",\"valueRequired\":true,\"valueName\":\"search_term_string\"}}],\"inLanguage\":\"lv-LV\"}]}<\/script>\n<!-- \/ Yoast SEO plugin. -->","yoast_head_json":{"title":"Kikkaboo Wi-fi beebikaamera Lua - Beebipai","description":"Kikkaboo wi-fi beebikaamera Lua tagab lapse turvalisuse ja lapsevanemate meelerahu. Vaata toodet Kikkaboo wi-fi beebikaamera Lua!","robots":{"index":"index","follow":"follow","max-snippet":"max-snippet:-1","max-image-preview":"max-image-preview:large","max-video-preview":"max-video-preview:-1"},"canonical":"https:\/\/beebipai.ee\/lv\/product\/kikkaboo-wi-fi-beebikaamera-lua\/","og_locale":"lv_LV","og_type":"article","og_title":"Kikkaboo Wi-fi beebikaamera Lua - Beebipai","og_description":"Kikkaboo wi-fi beebikaamera Lua tagab lapse turvalisuse ja lapsevanemate meelerahu. Vaata toodet Kikkaboo wi-fi beebikaamera Lua!","og_url":"https:\/\/beebipai.ee\/lv\/product\/kikkaboo-wi-fi-beebikaamera-lua\/","og_site_name":"Beebipai","article_modified_time":"2024-06-19T06:32:33+00:00","og_image":[{"width":600,"height":750,"url":"https:\/\/beebipai.ee\/wp-content\/uploads\/2022\/09\/Wi-Fi-beebimonitor-Lua.jpg","type":"image\/jpeg"}],"twitter_card":"summary_large_image","twitter_misc":{"Est. reading time":"1 min\u016bte"},"schema":{"@context":"https:\/\/schema.org","@graph":[{"@type":"WebPage","@id":"https:\/\/beebipai.ee\/en\/product\/kikkaboo-wi-fi-beebikaamera-lua\/","url":"https:\/\/beebipai.ee\/en\/product\/kikkaboo-wi-fi-beebikaamera-lua\/","name":"Kikkaboo Wi-fi beebikaamera Lua - Beebipai","isPartOf":{"@id":"https:\/\/beebipai.ee\/en\/#website"},"primaryImageOfPage":{"@id":"https:\/\/beebipai.ee\/en\/product\/kikkaboo-wi-fi-beebikaamera-lua\/#primaryimage"},"image":{"@id":"https:\/\/beebipai.ee\/en\/product\/kikkaboo-wi-fi-beebikaamera-lua\/#primaryimage"},"thumbnailUrl":"https:\/\/beebipai.ee\/wp-content\/uploads\/2022\/09\/Wi-Fi-beebimonitor-Lua.jpg","datePublished":"2022-09-11T09:59:33+00:00","dateModified":"2024-06-19T06:32:33+00:00","description":"Kikkaboo wi-fi beebikaamera Lua tagab lapse turvalisuse ja lapsevanemate meelerahu. Vaata toodet Kikkaboo wi-fi beebikaamera Lua!","breadcrumb":{"@id":"https:\/\/beebipai.ee\/en\/product\/kikkaboo-wi-fi-beebikaamera-lua\/#breadcrumb"},"inLanguage":"lv-LV","potentialAction":[{"@type":"ReadAction","target":["https:\/\/beebipai.ee\/en\/product\/kikkaboo-wi-fi-beebikaamera-lua\/"]}]},{"@type":"ImageObject","inLanguage":"lv-LV","@id":"https:\/\/beebipai.ee\/en\/product\/kikkaboo-wi-fi-beebikaamera-lua\/#primaryimage","url":"https:\/\/beebipai.ee\/wp-content\/uploads\/2022\/09\/Wi-Fi-beebimonitor-Lua.jpg","contentUrl":"https:\/\/beebipai.ee\/wp-content\/uploads\/2022\/09\/Wi-Fi-beebimonitor-Lua.jpg","width":600,"height":750},{"@type":"BreadcrumbList","@id":"https:\/\/beebipai.ee\/en\/product\/kikkaboo-wi-fi-beebikaamera-lua\/#breadcrumb","itemListElement":[{"@type":"ListItem","position":1,"name":"Home","item":"https:\/\/beebipai.ee\/"},{"@type":"ListItem","position":2,"name":"Pood","item":"https:\/\/beebipai.ee\/store\/"},{"@type":"ListItem","position":3,"name":"Kikkaboo Wi-fi beebikaamera Lua"}]},{"@type":"WebSite","@id":"https:\/\/beebipai.ee\/en\/#website","url":"https:\/\/beebipai.ee\/en\/","name":"Beebipai","description":"Rasedate ja beebide veebipood","potentialAction":[{"@type":"SearchAction","target":{"@type":"EntryPoint","urlTemplate":"https:\/\/beebipai.ee\/en\/?s={search_term_string}"},"query-input":{"@type":"PropertyValueSpecification","valueRequired":true,"valueName":"search_term_string"}}],"inLanguage":"lv-LV"}]}},"_links":{"self":[{"href":"https:\/\/beebipai.ee\/lv\/wp-json\/wp\/v2\/product\/6540","targetHints":{"allow":["GET"]}}],"collection":[{"href":"https:\/\/beebipai.ee\/lv\/wp-json\/wp\/v2\/product"}],"about":[{"href":"https:\/\/beebipai.ee\/lv\/wp-json\/wp\/v2\/types\/product"}],"version-history":[{"count":5,"href":"https:\/\/beebipai.ee\/lv\/wp-json\/wp\/v2\/product\/6540\/revisions"}],"predecessor-version":[{"id":7355,"href":"https:\/\/beebipai.ee\/lv\/wp-json\/wp\/v2\/product\/6540\/revisions\/7355"}],"wp:featuredmedia":[{"embeddable":true,"href":"https:\/\/beebipai.ee\/lv\/wp-json\/wp\/v2\/media\/6469"}],"wp:attachment":[{"href":"https:\/\/beebipai.ee\/lv\/wp-json\/wp\/v2\/media?parent=6540"}],"wp:term":[{"taxonomy":"product_brand","embeddable":true,"href":"https:\/\/beebipai.ee\/lv\/wp-json\/wp\/v2\/product_brand?post=6540"},{"taxonomy":"product_cat","embeddable":true,"href":"https:\/\/beebipai.ee\/lv\/wp-json\/wp\/v2\/product_cat?post=6540"},{"taxonomy":"product_tag","embeddable":true,"href":"https:\/\/beebipai.ee\/lv\/wp-json\/wp\/v2\/product_tag?post=6540"}],"curies":[{"name":"wp","href":"https:\/\/api.w.org\/{rel}","templated":true}]}}