{"id":6462,"date":"2022-09-05T00:20:49","date_gmt":"2022-09-04T21:20:49","guid":{"rendered":"https:\/\/beebipai.ee\/?post_type=product&#038;p=6462"},"modified":"2024-04-09T11:22:39","modified_gmt":"2024-04-09T08:22:39","slug":"kikkaboo-digitaalne-beebimonitor-linit","status":"publish","type":"product","link":"https:\/\/beebipai.ee\/lv\/product\/kikkaboo-digitaalne-beebimonitor-linit\/","title":{"rendered":"Kikkaboo digit\u0101lais b\u0113rnu monitors Linit"},"content":{"rendered":"<div data-elementor-type=\"wp-post\" data-elementor-id=\"6462\" class=\"elementor elementor-6462\">\n\t\t\t\t\t\t<section class=\"elementor-section elementor-top-section elementor-element elementor-element-51a1442 elementor-section-boxed elementor-section-height-default elementor-section-height-default\" data-id=\"51a1442\" data-element_type=\"section\" data-e-type=\"section\">\n\t\t\t\t\t\t<div class=\"elementor-container elementor-column-gap-default\">\n\t\t\t\t\t<div class=\"elementor-column elementor-col-50 elementor-top-column elementor-element elementor-element-2ce55e2\" data-id=\"2ce55e2\" data-element_type=\"column\" data-e-type=\"column\">\n\t\t\t<div class=\"elementor-widget-wrap elementor-element-populated\">\n\t\t\t\t\t\t<div class=\"elementor-element elementor-element-d0a6405 elementor-widget elementor-widget-heading\" data-id=\"d0a6405\" data-element_type=\"widget\" data-e-type=\"widget\" data-widget_type=\"heading.default\">\n\t\t\t\t<div class=\"elementor-widget-container\">\n\t\t\t\t\t<h2 class=\"elementor-heading-title elementor-size-default\">Kikkaboo digit\u0101lais b\u0113rnu monitors<\/h2>\t\t\t\t<\/div>\n\t\t\t\t<\/div>\n\t\t\t\t<div class=\"elementor-element elementor-element-8c6448d elementor-widget elementor-widget-text-editor\" data-id=\"8c6448d\" data-element_type=\"widget\" data-e-type=\"widget\" data-widget_type=\"text-editor.default\">\n\t\t\t\t<div class=\"elementor-widget-container\">\n\t\t\t\t\t\t\t\t\t<p>Digit\u0101lais mazu\u013ca monitors ir praktisks un kompakts. Daudzas pieejam\u0101s funkcijas padara to mier\u012bgu vec\u0101kiem un dro\u0161u b\u0113rnam. \u013bauj klaus\u012bties b\u0113rnu att\u0101lin\u0101ti no jebkuras vietas.<\/p><p>Digit\u0101lais mazu\u013ca motors Linit sast\u0101v no div\u0101m da\u013c\u0101m: mazu\u013ca ier\u012bces un vec\u0101ku ier\u012bces. Integr\u0113tais iek\u0161\u0113jais savienojums \u013cauj sazin\u0101ties ar monitora otru pusi, t.i., b\u0113rnu. B\u0113rnu monitors Linit darbojas ar 24 GHz frekvenci. Ska\u0146as p\u0101rraide atkl\u0101t\u0101 viet\u0101 l\u012bdz 300m un telp\u0101s l\u012bdz 50m. Br\u012bdina ar trauksmi, izejot no p\u0101rkl\u0101juma zonas.<\/p><p>Str\u0101d\u0101 ar \u013coti skaidru balsi ar regul\u0113jamu ska\u013cumu.\u00a0<\/p><p>Darbojas ar uzl\u0101d\u0113jam\u0101m baterij\u0101m - 400mAh. Ir nakts gaisma, kas padara lieto\u0161anu tums\u0101 \u013coti paroc\u012bgu. Darbojas ener\u0123iju taupo\u0161\u0101 ECO re\u017e\u012bm\u0101.\u00a0<\/p><p>Ir ar\u012b \u0101rk\u0101rt\u012bgi nepiecie\u0161ama VOX funkcija, kas nodro\u0161ina autom\u0101tisku monitora aktiviz\u0113\u0161anos, kad tiek dzirdama balss.\u00a0<\/p><p>Komplekt\u0101 ietilpst: vec\u0101ku ier\u012bce, mazu\u013ca ier\u012bce, 2 USB kabe\u013ci, 1 USB adapteris, ieb\u016bv\u0113ts akumulators gan vec\u0101ku, gan mazu\u013ca ier\u012bc\u0113<\/p><p>Produktam ir CE atbilst\u012bbas mar\u0137\u0113jums<\/p>\t\t\t\t\t\t\t\t<\/div>\n\t\t\t\t<\/div>\n\t\t\t\t\t<\/div>\n\t\t<\/div>\n\t\t\t\t<div class=\"elementor-column elementor-col-50 elementor-top-column elementor-element elementor-element-3db3004\" data-id=\"3db3004\" data-element_type=\"column\" data-e-type=\"column\">\n\t\t\t<div class=\"elementor-widget-wrap elementor-element-populated\">\n\t\t\t\t\t\t<div class=\"elementor-element elementor-element-a35ddca elementor-widget elementor-widget-image\" data-id=\"a35ddca\" data-element_type=\"widget\" data-e-type=\"widget\" data-widget_type=\"image.default\">\n\t\t\t\t<div class=\"elementor-widget-container\">\n\t\t\t\t\t\t\t\t\t\t\t\t\t\t\t<img fetchpriority=\"high\" decoding=\"async\" width=\"400\" height=\"400\" src=\"https:\/\/beebipai.ee\/wp-content\/uploads\/2022\/09\/Digitaalne-beebi-monitor-Linit-e1662326333776.jpg\" class=\"attachment-large size-large wp-image-6471\" alt=\"\" srcset=\"https:\/\/beebipai.ee\/wp-content\/uploads\/2022\/09\/Digitaalne-beebi-monitor-Linit-e1662326333776.jpg 400w, https:\/\/beebipai.ee\/wp-content\/uploads\/2022\/09\/Digitaalne-beebi-monitor-Linit-e1662326333776-300x300.jpg 300w, https:\/\/beebipai.ee\/wp-content\/uploads\/2022\/09\/Digitaalne-beebi-monitor-Linit-e1662326333776-150x150.jpg 150w, https:\/\/beebipai.ee\/wp-content\/uploads\/2022\/09\/Digitaalne-beebi-monitor-Linit-e1662326333776-12x12.jpg 12w, https:\/\/beebipai.ee\/wp-content\/uploads\/2022\/09\/Digitaalne-beebi-monitor-Linit-e1662326333776-100x100.jpg 100w\" sizes=\"(max-width: 400px) 100vw, 400px\" \/>\t\t\t\t\t\t\t\t\t\t\t\t\t\t\t<\/div>\n\t\t\t\t<\/div>\n\t\t\t\t\t<\/div>\n\t\t<\/div>\n\t\t\t\t\t<\/div>\n\t\t<\/section>\n\t\t\t\t<\/div>","protected":false},"excerpt":{"rendered":"<p>Kikkaboo digit\u0101lais b\u0113rnu monitors Linit ir \u0101rk\u0101rt\u012bgi noder\u012bga, praktiska un kompakta ier\u012bce, ar kuru jebkur\u0101 laik\u0101 varat klaus\u012bties savu mazuli. Digit\u0101lais mazu\u013ca monitors nodro\u0161ina vec\u0101ku sirdsmieru un mazu\u013ca dro\u0161\u012bbu.<\/p>","protected":false},"featured_media":6472,"template":"","meta":{"_monsterinsights_skip_tracking":false,"_monsterinsights_sitenote_active":false,"_monsterinsights_sitenote_note":"","_monsterinsights_sitenote_category":0,"site-sidebar-layout":"no-sidebar","site-content-layout":"page-builder","ast-site-content-layout":"full-width-container","site-content-style":"unboxed","site-sidebar-style":"unboxed","ast-global-header-display":"","ast-banner-title-visibility":"","ast-main-header-display":"","ast-hfb-above-header-display":"","ast-hfb-below-header-display":"","ast-hfb-mobile-header-display":"","site-post-title":"disabled","ast-breadcrumbs-content":"","ast-featured-img":"disabled","footer-sml-layout":"","ast-disable-related-posts":"","theme-transparent-header-meta":"default","adv-header-id-meta":"","stick-header-meta":"","header-above-stick-meta":"","header-main-stick-meta":"","header-below-stick-meta":"","astra-migrate-meta-layouts":"set","ast-page-background-enabled":"default","ast-page-background-meta":{"desktop":{"background-color":"","background-image":"","background-repeat":"repeat","background-position":"center center","background-size":"auto","background-attachment":"scroll","background-type":"","background-media":"","overlay-type":"","overlay-color":"","overlay-opacity":"","overlay-gradient":""},"tablet":{"background-color":"","background-image":"","background-repeat":"repeat","background-position":"center center","background-size":"auto","background-attachment":"scroll","background-type":"","background-media":"","overlay-type":"","overlay-color":"","overlay-opacity":"","overlay-gradient":""},"mobile":{"background-color":"","background-image":"","background-repeat":"repeat","background-position":"center center","background-size":"auto","background-attachment":"scroll","background-type":"","background-media":"","overlay-type":"","overlay-color":"","overlay-opacity":"","overlay-gradient":""}},"ast-content-background-meta":{"desktop":{"background-color":"var(--ast-global-color-5)","background-image":"","background-repeat":"repeat","background-position":"center center","background-size":"auto","background-attachment":"scroll","background-type":"","background-media":"","overlay-type":"","overlay-color":"","overlay-opacity":"","overlay-gradient":""},"tablet":{"background-color":"var(--ast-global-color-5)","background-image":"","background-repeat":"repeat","background-position":"center center","background-size":"auto","background-attachment":"scroll","background-type":"","background-media":"","overlay-type":"","overlay-color":"","overlay-opacity":"","overlay-gradient":""},"mobile":{"background-color":"var(--ast-global-color-5)","background-image":"","background-repeat":"repeat","background-position":"center center","background-size":"auto","background-attachment":"scroll","background-type":"","background-media":"","overlay-type":"","overlay-color":"","overlay-opacity":"","overlay-gradient":""}}},"product_brand":[],"product_cat":[23,148,145],"product_tag":[],"class_list":{"0":"post-6462","1":"product","2":"type-product","3":"status-publish","4":"has-post-thumbnail","6":"product_cat-beebile","7":"product_cat-kingiideed-emale","8":"product_cat-turvalisus","9":"desktop-align-left","10":"tablet-align-left","11":"mobile-align-left","13":"first","14":"outofstock","15":"taxable","16":"shipping-taxable","17":"purchasable","18":"product-type-simple"},"yoast_head":"<!-- This site is optimized with the Yoast SEO plugin v27.3 - https:\/\/yoast.com\/product\/yoast-seo-wordpress\/ -->\n<title>Kikkaboo digitaalne beebimonitor Linit - Beebipai<\/title>\n<meta name=\"description\" content=\"Digitaalne beebimonitor on kasulik ja kompaktne. Tagab vanemate meelerahu ja lapse turvalisuse. Vaata toodet digitaalne beebimonitor!\" \/>\n<meta name=\"robots\" content=\"index, follow, max-snippet:-1, max-image-preview:large, max-video-preview:-1\" \/>\n<link rel=\"canonical\" href=\"https:\/\/beebipai.ee\/lv\/product\/kikkaboo-digitaalne-beebimonitor-linit\/\" \/>\n<meta property=\"og:locale\" content=\"lv_LV\" \/>\n<meta property=\"og:type\" content=\"article\" \/>\n<meta property=\"og:title\" content=\"Kikkaboo digitaalne beebimonitor Linit - Beebipai\" \/>\n<meta property=\"og:description\" content=\"Digitaalne beebimonitor on kasulik ja kompaktne. Tagab vanemate meelerahu ja lapse turvalisuse. Vaata toodet digitaalne beebimonitor!\" \/>\n<meta property=\"og:url\" content=\"https:\/\/beebipai.ee\/lv\/product\/kikkaboo-digitaalne-beebimonitor-linit\/\" \/>\n<meta property=\"og:site_name\" content=\"Beebipai\" \/>\n<meta property=\"article:modified_time\" content=\"2024-04-09T08:22:39+00:00\" \/>\n<meta property=\"og:image\" content=\"https:\/\/beebipai.ee\/wp-content\/uploads\/2022\/09\/Digitaalne-beebi-monitor-Linit1.jpg\" \/>\n\t<meta property=\"og:image:width\" content=\"522\" \/>\n\t<meta property=\"og:image:height\" content=\"522\" \/>\n\t<meta property=\"og:image:type\" content=\"image\/jpeg\" \/>\n<meta name=\"twitter:card\" content=\"summary_large_image\" \/>\n<meta name=\"twitter:label1\" content=\"Est. reading time\" \/>\n\t<meta name=\"twitter:data1\" content=\"1 min\u016bte\" \/>\n<script type=\"application\/ld+json\" class=\"yoast-schema-graph\">{\"@context\":\"https:\\\/\\\/schema.org\",\"@graph\":[{\"@type\":\"WebPage\",\"@id\":\"https:\\\/\\\/beebipai.ee\\\/product\\\/kikkaboo-digitaalne-beebimonitor-linit\\\/\",\"url\":\"https:\\\/\\\/beebipai.ee\\\/product\\\/kikkaboo-digitaalne-beebimonitor-linit\\\/\",\"name\":\"Kikkaboo digitaalne beebimonitor Linit - Beebipai\",\"isPartOf\":{\"@id\":\"https:\\\/\\\/beebipai.ee\\\/en\\\/#website\"},\"primaryImageOfPage\":{\"@id\":\"https:\\\/\\\/beebipai.ee\\\/product\\\/kikkaboo-digitaalne-beebimonitor-linit\\\/#primaryimage\"},\"image\":{\"@id\":\"https:\\\/\\\/beebipai.ee\\\/product\\\/kikkaboo-digitaalne-beebimonitor-linit\\\/#primaryimage\"},\"thumbnailUrl\":\"https:\\\/\\\/beebipai.ee\\\/wp-content\\\/uploads\\\/2022\\\/09\\\/Digitaalne-beebi-monitor-Linit1.jpg\",\"datePublished\":\"2022-09-04T21:20:49+00:00\",\"dateModified\":\"2024-04-09T08:22:39+00:00\",\"description\":\"Digitaalne beebimonitor on kasulik ja kompaktne. Tagab vanemate meelerahu ja lapse turvalisuse. Vaata toodet digitaalne beebimonitor!\",\"breadcrumb\":{\"@id\":\"https:\\\/\\\/beebipai.ee\\\/product\\\/kikkaboo-digitaalne-beebimonitor-linit\\\/#breadcrumb\"},\"inLanguage\":\"lv-LV\",\"potentialAction\":[{\"@type\":\"ReadAction\",\"target\":[\"https:\\\/\\\/beebipai.ee\\\/product\\\/kikkaboo-digitaalne-beebimonitor-linit\\\/\"]}]},{\"@type\":\"ImageObject\",\"inLanguage\":\"lv-LV\",\"@id\":\"https:\\\/\\\/beebipai.ee\\\/product\\\/kikkaboo-digitaalne-beebimonitor-linit\\\/#primaryimage\",\"url\":\"https:\\\/\\\/beebipai.ee\\\/wp-content\\\/uploads\\\/2022\\\/09\\\/Digitaalne-beebi-monitor-Linit1.jpg\",\"contentUrl\":\"https:\\\/\\\/beebipai.ee\\\/wp-content\\\/uploads\\\/2022\\\/09\\\/Digitaalne-beebi-monitor-Linit1.jpg\",\"width\":522,\"height\":522},{\"@type\":\"BreadcrumbList\",\"@id\":\"https:\\\/\\\/beebipai.ee\\\/product\\\/kikkaboo-digitaalne-beebimonitor-linit\\\/#breadcrumb\",\"itemListElement\":[{\"@type\":\"ListItem\",\"position\":1,\"name\":\"Home\",\"item\":\"https:\\\/\\\/beebipai.ee\\\/\"},{\"@type\":\"ListItem\",\"position\":2,\"name\":\"Pood\",\"item\":\"https:\\\/\\\/beebipai.ee\\\/store\\\/\"},{\"@type\":\"ListItem\",\"position\":3,\"name\":\"Kikkaboo digitaalne beebimonitor Linit\"}]},{\"@type\":\"WebSite\",\"@id\":\"https:\\\/\\\/beebipai.ee\\\/en\\\/#website\",\"url\":\"https:\\\/\\\/beebipai.ee\\\/en\\\/\",\"name\":\"Beebipai\",\"description\":\"Rasedate ja beebide veebipood\",\"potentialAction\":[{\"@type\":\"SearchAction\",\"target\":{\"@type\":\"EntryPoint\",\"urlTemplate\":\"https:\\\/\\\/beebipai.ee\\\/en\\\/?s={search_term_string}\"},\"query-input\":{\"@type\":\"PropertyValueSpecification\",\"valueRequired\":true,\"valueName\":\"search_term_string\"}}],\"inLanguage\":\"lv-LV\"}]}<\/script>\n<!-- \/ Yoast SEO plugin. -->","yoast_head_json":{"title":"Kikkaboo digitaalne beebimonitor Linit - Beebipai","description":"Digitaalne beebimonitor on kasulik ja kompaktne. Tagab vanemate meelerahu ja lapse turvalisuse. Vaata toodet digitaalne beebimonitor!","robots":{"index":"index","follow":"follow","max-snippet":"max-snippet:-1","max-image-preview":"max-image-preview:large","max-video-preview":"max-video-preview:-1"},"canonical":"https:\/\/beebipai.ee\/lv\/product\/kikkaboo-digitaalne-beebimonitor-linit\/","og_locale":"lv_LV","og_type":"article","og_title":"Kikkaboo digitaalne beebimonitor Linit - Beebipai","og_description":"Digitaalne beebimonitor on kasulik ja kompaktne. Tagab vanemate meelerahu ja lapse turvalisuse. Vaata toodet digitaalne beebimonitor!","og_url":"https:\/\/beebipai.ee\/lv\/product\/kikkaboo-digitaalne-beebimonitor-linit\/","og_site_name":"Beebipai","article_modified_time":"2024-04-09T08:22:39+00:00","og_image":[{"width":522,"height":522,"url":"https:\/\/beebipai.ee\/wp-content\/uploads\/2022\/09\/Digitaalne-beebi-monitor-Linit1.jpg","type":"image\/jpeg"}],"twitter_card":"summary_large_image","twitter_misc":{"Est. reading time":"1 min\u016bte"},"schema":{"@context":"https:\/\/schema.org","@graph":[{"@type":"WebPage","@id":"https:\/\/beebipai.ee\/product\/kikkaboo-digitaalne-beebimonitor-linit\/","url":"https:\/\/beebipai.ee\/product\/kikkaboo-digitaalne-beebimonitor-linit\/","name":"Kikkaboo digitaalne beebimonitor Linit - Beebipai","isPartOf":{"@id":"https:\/\/beebipai.ee\/en\/#website"},"primaryImageOfPage":{"@id":"https:\/\/beebipai.ee\/product\/kikkaboo-digitaalne-beebimonitor-linit\/#primaryimage"},"image":{"@id":"https:\/\/beebipai.ee\/product\/kikkaboo-digitaalne-beebimonitor-linit\/#primaryimage"},"thumbnailUrl":"https:\/\/beebipai.ee\/wp-content\/uploads\/2022\/09\/Digitaalne-beebi-monitor-Linit1.jpg","datePublished":"2022-09-04T21:20:49+00:00","dateModified":"2024-04-09T08:22:39+00:00","description":"Digitaalne beebimonitor on kasulik ja kompaktne. Tagab vanemate meelerahu ja lapse turvalisuse. Vaata toodet digitaalne beebimonitor!","breadcrumb":{"@id":"https:\/\/beebipai.ee\/product\/kikkaboo-digitaalne-beebimonitor-linit\/#breadcrumb"},"inLanguage":"lv-LV","potentialAction":[{"@type":"ReadAction","target":["https:\/\/beebipai.ee\/product\/kikkaboo-digitaalne-beebimonitor-linit\/"]}]},{"@type":"ImageObject","inLanguage":"lv-LV","@id":"https:\/\/beebipai.ee\/product\/kikkaboo-digitaalne-beebimonitor-linit\/#primaryimage","url":"https:\/\/beebipai.ee\/wp-content\/uploads\/2022\/09\/Digitaalne-beebi-monitor-Linit1.jpg","contentUrl":"https:\/\/beebipai.ee\/wp-content\/uploads\/2022\/09\/Digitaalne-beebi-monitor-Linit1.jpg","width":522,"height":522},{"@type":"BreadcrumbList","@id":"https:\/\/beebipai.ee\/product\/kikkaboo-digitaalne-beebimonitor-linit\/#breadcrumb","itemListElement":[{"@type":"ListItem","position":1,"name":"Home","item":"https:\/\/beebipai.ee\/"},{"@type":"ListItem","position":2,"name":"Pood","item":"https:\/\/beebipai.ee\/store\/"},{"@type":"ListItem","position":3,"name":"Kikkaboo digitaalne beebimonitor Linit"}]},{"@type":"WebSite","@id":"https:\/\/beebipai.ee\/en\/#website","url":"https:\/\/beebipai.ee\/en\/","name":"Beebipai","description":"Rasedate ja beebide veebipood","potentialAction":[{"@type":"SearchAction","target":{"@type":"EntryPoint","urlTemplate":"https:\/\/beebipai.ee\/en\/?s={search_term_string}"},"query-input":{"@type":"PropertyValueSpecification","valueRequired":true,"valueName":"search_term_string"}}],"inLanguage":"lv-LV"}]}},"_links":{"self":[{"href":"https:\/\/beebipai.ee\/lv\/wp-json\/wp\/v2\/product\/6462","targetHints":{"allow":["GET"]}}],"collection":[{"href":"https:\/\/beebipai.ee\/lv\/wp-json\/wp\/v2\/product"}],"about":[{"href":"https:\/\/beebipai.ee\/lv\/wp-json\/wp\/v2\/types\/product"}],"version-history":[{"count":5,"href":"https:\/\/beebipai.ee\/lv\/wp-json\/wp\/v2\/product\/6462\/revisions"}],"predecessor-version":[{"id":7356,"href":"https:\/\/beebipai.ee\/lv\/wp-json\/wp\/v2\/product\/6462\/revisions\/7356"}],"wp:featuredmedia":[{"embeddable":true,"href":"https:\/\/beebipai.ee\/lv\/wp-json\/wp\/v2\/media\/6472"}],"wp:attachment":[{"href":"https:\/\/beebipai.ee\/lv\/wp-json\/wp\/v2\/media?parent=6462"}],"wp:term":[{"taxonomy":"product_brand","embeddable":true,"href":"https:\/\/beebipai.ee\/lv\/wp-json\/wp\/v2\/product_brand?post=6462"},{"taxonomy":"product_cat","embeddable":true,"href":"https:\/\/beebipai.ee\/lv\/wp-json\/wp\/v2\/product_cat?post=6462"},{"taxonomy":"product_tag","embeddable":true,"href":"https:\/\/beebipai.ee\/lv\/wp-json\/wp\/v2\/product_tag?post=6462"}],"curies":[{"name":"wp","href":"https:\/\/api.w.org\/{rel}","templated":true}]}}