{"id":6443,"date":"2022-09-04T23:23:44","date_gmt":"2022-09-04T20:23:44","guid":{"rendered":"https:\/\/beebipai.ee\/?post_type=product&#038;p=6443"},"modified":"2023-10-08T13:08:00","modified_gmt":"2023-10-08T10:08:00","slug":"kikkaboo-silikoonist-poll","status":"publish","type":"product","link":"https:\/\/beebipai.ee\/lv\/product\/kikkaboo-silikoonist-poll\/","title":{"rendered":"Kikkaboo silikona priek\u0161auts"},"content":{"rendered":"<div data-elementor-type=\"wp-post\" data-elementor-id=\"6443\" class=\"elementor elementor-6443\">\n\t\t\t\t\t\t<section class=\"elementor-section elementor-top-section elementor-element elementor-element-83910bc elementor-section-boxed elementor-section-height-default elementor-section-height-default\" data-id=\"83910bc\" data-element_type=\"section\" data-e-type=\"section\">\n\t\t\t\t\t\t<div class=\"elementor-container elementor-column-gap-default\">\n\t\t\t\t\t<div class=\"elementor-column elementor-col-50 elementor-top-column elementor-element elementor-element-8bdc8ff\" data-id=\"8bdc8ff\" data-element_type=\"column\" data-e-type=\"column\">\n\t\t\t<div class=\"elementor-widget-wrap elementor-element-populated\">\n\t\t\t\t\t\t<div class=\"elementor-element elementor-element-a871ea0 elementor-widget elementor-widget-heading\" data-id=\"a871ea0\" data-element_type=\"widget\" data-e-type=\"widget\" data-widget_type=\"heading.default\">\n\t\t\t\t<div class=\"elementor-widget-container\">\n\t\t\t\t\t<h2 class=\"elementor-heading-title elementor-size-default\">Silikona priek\u0161auts<\/h2>\t\t\t\t<\/div>\n\t\t\t\t<\/div>\n\t\t\t\t<div class=\"elementor-element elementor-element-8425c85 elementor-widget elementor-widget-text-editor\" data-id=\"8425c85\" data-element_type=\"widget\" data-e-type=\"widget\" data-widget_type=\"text-editor.default\">\n\t\t\t\t<div class=\"elementor-widget-container\">\n\t\t\t\t\t\t\t\t\t<p>Kikkaboo silikona priek\u0161auts ir \u0113rts un praktisks. Priek\u0161auta aizdare regul\u0113jama. Priek\u0161auts ir viegli t\u012br\u0101ms un, pateicoties ietilp\u012bgajam drupu tv\u0113r\u0113jam, tas vienm\u0113r uztur b\u0113rna dr\u0113bes t\u012bras. Rota\u013c\u012bgais un b\u0113rniem draudz\u012bgais dizains b\u0113rnam ir jauks un interesants. Kr\u016b\u0161ut\u0113ls ir izgatavots no m\u012bksta silikona un nesatur BPA.<\/p>\t\t\t\t\t\t\t\t<\/div>\n\t\t\t\t<\/div>\n\t\t\t\t\t<\/div>\n\t\t<\/div>\n\t\t\t\t<div class=\"elementor-column elementor-col-50 elementor-top-column elementor-element elementor-element-75ff635\" data-id=\"75ff635\" data-element_type=\"column\" data-e-type=\"column\">\n\t\t\t<div class=\"elementor-widget-wrap elementor-element-populated\">\n\t\t\t\t\t\t<div class=\"elementor-element elementor-element-7305857 elementor-widget elementor-widget-image\" data-id=\"7305857\" data-element_type=\"widget\" data-e-type=\"widget\" data-widget_type=\"image.default\">\n\t\t\t\t<div class=\"elementor-widget-container\">\n\t\t\t\t\t\t\t\t\t\t\t\t\t\t\t<img fetchpriority=\"high\" decoding=\"async\" width=\"400\" height=\"257\" src=\"https:\/\/beebipai.ee\/wp-content\/uploads\/2022\/09\/Silikoonist-poll2-e1662323673668.jpg\" class=\"attachment-large size-large wp-image-6444\" alt=\"\" srcset=\"https:\/\/beebipai.ee\/wp-content\/uploads\/2022\/09\/Silikoonist-poll2-e1662323673668.jpg 400w, https:\/\/beebipai.ee\/wp-content\/uploads\/2022\/09\/Silikoonist-poll2-e1662323673668-300x193.jpg 300w, https:\/\/beebipai.ee\/wp-content\/uploads\/2022\/09\/Silikoonist-poll2-e1662323673668-18x12.jpg 18w\" sizes=\"(max-width: 400px) 100vw, 400px\" \/>\t\t\t\t\t\t\t\t\t\t\t\t\t\t\t<\/div>\n\t\t\t\t<\/div>\n\t\t\t\t\t<\/div>\n\t\t<\/div>\n\t\t\t\t\t<\/div>\n\t\t<\/section>\n\t\t\t\t<\/div>","protected":false},"excerpt":{"rendered":"<p>Kikkaboo silikona priek\u0161auts ir praktisks, viegls un \u0113rts. Ietilp\u012bgais drupu \u0137\u0113r\u0113js nodro\u0161ina, ka katra maz\u0101 \u0113d\u0101ja dr\u0113bes ir t\u012bras.<\/p>","protected":false},"featured_media":6447,"template":"","meta":{"_monsterinsights_skip_tracking":false,"_monsterinsights_sitenote_active":false,"_monsterinsights_sitenote_note":"","_monsterinsights_sitenote_category":0,"site-sidebar-layout":"no-sidebar","site-content-layout":"page-builder","ast-site-content-layout":"full-width-container","site-content-style":"unboxed","site-sidebar-style":"unboxed","ast-global-header-display":"","ast-banner-title-visibility":"","ast-main-header-display":"","ast-hfb-above-header-display":"","ast-hfb-below-header-display":"","ast-hfb-mobile-header-display":"","site-post-title":"disabled","ast-breadcrumbs-content":"","ast-featured-img":"disabled","footer-sml-layout":"","ast-disable-related-posts":"","theme-transparent-header-meta":"default","adv-header-id-meta":"","stick-header-meta":"","header-above-stick-meta":"","header-main-stick-meta":"","header-below-stick-meta":"","astra-migrate-meta-layouts":"set","ast-page-background-enabled":"default","ast-page-background-meta":{"desktop":{"background-color":"","background-image":"","background-repeat":"repeat","background-position":"center center","background-size":"auto","background-attachment":"scroll","background-type":"","background-media":"","overlay-type":"","overlay-color":"","overlay-opacity":"","overlay-gradient":""},"tablet":{"background-color":"","background-image":"","background-repeat":"repeat","background-position":"center center","background-size":"auto","background-attachment":"scroll","background-type":"","background-media":"","overlay-type":"","overlay-color":"","overlay-opacity":"","overlay-gradient":""},"mobile":{"background-color":"","background-image":"","background-repeat":"repeat","background-position":"center center","background-size":"auto","background-attachment":"scroll","background-type":"","background-media":"","overlay-type":"","overlay-color":"","overlay-opacity":"","overlay-gradient":""}},"ast-content-background-meta":{"desktop":{"background-color":"var(--ast-global-color-5)","background-image":"","background-repeat":"repeat","background-position":"center center","background-size":"auto","background-attachment":"scroll","background-type":"","background-media":"","overlay-type":"","overlay-color":"","overlay-opacity":"","overlay-gradient":""},"tablet":{"background-color":"var(--ast-global-color-5)","background-image":"","background-repeat":"repeat","background-position":"center center","background-size":"auto","background-attachment":"scroll","background-type":"","background-media":"","overlay-type":"","overlay-color":"","overlay-opacity":"","overlay-gradient":""},"mobile":{"background-color":"var(--ast-global-color-5)","background-image":"","background-repeat":"repeat","background-position":"center center","background-size":"auto","background-attachment":"scroll","background-type":"","background-media":"","overlay-type":"","overlay-color":"","overlay-opacity":"","overlay-gradient":""}}},"product_brand":[],"product_cat":[23,147,143],"product_tag":[],"class_list":{"0":"post-6443","1":"product","2":"type-product","3":"status-publish","4":"has-post-thumbnail","6":"product_cat-beebile","7":"product_cat-kingiideed-beebile","8":"product_cat-sootmiseks-soomiseks","9":"desktop-align-left","10":"tablet-align-left","11":"mobile-align-left","13":"first","14":"instock","15":"taxable","16":"shipping-taxable","17":"purchasable","18":"product-type-variable"},"yoast_head":"<!-- This site is optimized with the Yoast SEO plugin v27.3 - https:\/\/yoast.com\/product\/yoast-seo-wordpress\/ -->\n<title>Kikkaboo silikoonist p\u00f5ll - Beebipai<\/title>\n<meta name=\"description\" content=\"Kikkaboo silikoonist p\u00f5ll on kerge ja mugav beebidele ja v\u00e4ikelastele. Hoiab lapse riided puhtana. Vaata toodet Kikkaboo silikoonist p\u00f5ll!\" \/>\n<meta name=\"robots\" content=\"index, follow, max-snippet:-1, max-image-preview:large, max-video-preview:-1\" \/>\n<link rel=\"canonical\" href=\"https:\/\/beebipai.ee\/lv\/product\/kikkaboo-silikoonist-poll\/\" \/>\n<meta property=\"og:locale\" content=\"lv_LV\" \/>\n<meta property=\"og:type\" content=\"article\" \/>\n<meta property=\"og:title\" content=\"Kikkaboo silikoonist p\u00f5ll - Beebipai\" \/>\n<meta property=\"og:description\" content=\"Kikkaboo silikoonist p\u00f5ll on kerge ja mugav beebidele ja v\u00e4ikelastele. Hoiab lapse riided puhtana. Vaata toodet Kikkaboo silikoonist p\u00f5ll!\" \/>\n<meta property=\"og:url\" content=\"https:\/\/beebipai.ee\/lv\/product\/kikkaboo-silikoonist-poll\/\" \/>\n<meta property=\"og:site_name\" content=\"Beebipai\" \/>\n<meta property=\"article:modified_time\" content=\"2023-10-08T10:08:00+00:00\" \/>\n<meta property=\"og:image\" content=\"https:\/\/beebipai.ee\/wp-content\/uploads\/2022\/09\/Silikoonist-poll8.jpg\" \/>\n\t<meta property=\"og:image:width\" content=\"522\" \/>\n\t<meta property=\"og:image:height\" content=\"522\" \/>\n\t<meta property=\"og:image:type\" content=\"image\/jpeg\" \/>\n<meta name=\"twitter:card\" content=\"summary_large_image\" \/>\n<script type=\"application\/ld+json\" class=\"yoast-schema-graph\">{\"@context\":\"https:\\\/\\\/schema.org\",\"@graph\":[{\"@type\":\"WebPage\",\"@id\":\"https:\\\/\\\/beebipai.ee\\\/lt\\\/product\\\/kikkaboo-silikoonist-poll\\\/\",\"url\":\"https:\\\/\\\/beebipai.ee\\\/lt\\\/product\\\/kikkaboo-silikoonist-poll\\\/\",\"name\":\"Kikkaboo silikoonist p\u00f5ll - Beebipai\",\"isPartOf\":{\"@id\":\"https:\\\/\\\/beebipai.ee\\\/en\\\/#website\"},\"primaryImageOfPage\":{\"@id\":\"https:\\\/\\\/beebipai.ee\\\/lt\\\/product\\\/kikkaboo-silikoonist-poll\\\/#primaryimage\"},\"image\":{\"@id\":\"https:\\\/\\\/beebipai.ee\\\/lt\\\/product\\\/kikkaboo-silikoonist-poll\\\/#primaryimage\"},\"thumbnailUrl\":\"https:\\\/\\\/beebipai.ee\\\/wp-content\\\/uploads\\\/2022\\\/09\\\/Silikoonist-poll8.jpg\",\"datePublished\":\"2022-09-04T20:23:44+00:00\",\"dateModified\":\"2023-10-08T10:08:00+00:00\",\"description\":\"Kikkaboo silikoonist p\u00f5ll on kerge ja mugav beebidele ja v\u00e4ikelastele. Hoiab lapse riided puhtana. Vaata toodet Kikkaboo silikoonist p\u00f5ll!\",\"breadcrumb\":{\"@id\":\"https:\\\/\\\/beebipai.ee\\\/lt\\\/product\\\/kikkaboo-silikoonist-poll\\\/#breadcrumb\"},\"inLanguage\":\"lv-LV\",\"potentialAction\":[{\"@type\":\"ReadAction\",\"target\":[\"https:\\\/\\\/beebipai.ee\\\/lt\\\/product\\\/kikkaboo-silikoonist-poll\\\/\"]}]},{\"@type\":\"ImageObject\",\"inLanguage\":\"lv-LV\",\"@id\":\"https:\\\/\\\/beebipai.ee\\\/lt\\\/product\\\/kikkaboo-silikoonist-poll\\\/#primaryimage\",\"url\":\"https:\\\/\\\/beebipai.ee\\\/wp-content\\\/uploads\\\/2022\\\/09\\\/Silikoonist-poll8.jpg\",\"contentUrl\":\"https:\\\/\\\/beebipai.ee\\\/wp-content\\\/uploads\\\/2022\\\/09\\\/Silikoonist-poll8.jpg\",\"width\":522,\"height\":522},{\"@type\":\"BreadcrumbList\",\"@id\":\"https:\\\/\\\/beebipai.ee\\\/lt\\\/product\\\/kikkaboo-silikoonist-poll\\\/#breadcrumb\",\"itemListElement\":[{\"@type\":\"ListItem\",\"position\":1,\"name\":\"Home\",\"item\":\"https:\\\/\\\/beebipai.ee\\\/\"},{\"@type\":\"ListItem\",\"position\":2,\"name\":\"Pood\",\"item\":\"https:\\\/\\\/beebipai.ee\\\/store\\\/\"},{\"@type\":\"ListItem\",\"position\":3,\"name\":\"Kikkaboo silikoonist p\u00f5ll\"}]},{\"@type\":\"WebSite\",\"@id\":\"https:\\\/\\\/beebipai.ee\\\/en\\\/#website\",\"url\":\"https:\\\/\\\/beebipai.ee\\\/en\\\/\",\"name\":\"Beebipai\",\"description\":\"Rasedate ja beebide veebipood\",\"potentialAction\":[{\"@type\":\"SearchAction\",\"target\":{\"@type\":\"EntryPoint\",\"urlTemplate\":\"https:\\\/\\\/beebipai.ee\\\/en\\\/?s={search_term_string}\"},\"query-input\":{\"@type\":\"PropertyValueSpecification\",\"valueRequired\":true,\"valueName\":\"search_term_string\"}}],\"inLanguage\":\"lv-LV\"}]}<\/script>\n<!-- \/ Yoast SEO plugin. -->","yoast_head_json":{"title":"Kikkaboo silikoonist p\u00f5ll - Beebipai","description":"Kikkaboo silikoonist p\u00f5ll on kerge ja mugav beebidele ja v\u00e4ikelastele. Hoiab lapse riided puhtana. Vaata toodet Kikkaboo silikoonist p\u00f5ll!","robots":{"index":"index","follow":"follow","max-snippet":"max-snippet:-1","max-image-preview":"max-image-preview:large","max-video-preview":"max-video-preview:-1"},"canonical":"https:\/\/beebipai.ee\/lv\/product\/kikkaboo-silikoonist-poll\/","og_locale":"lv_LV","og_type":"article","og_title":"Kikkaboo silikoonist p\u00f5ll - Beebipai","og_description":"Kikkaboo silikoonist p\u00f5ll on kerge ja mugav beebidele ja v\u00e4ikelastele. Hoiab lapse riided puhtana. Vaata toodet Kikkaboo silikoonist p\u00f5ll!","og_url":"https:\/\/beebipai.ee\/lv\/product\/kikkaboo-silikoonist-poll\/","og_site_name":"Beebipai","article_modified_time":"2023-10-08T10:08:00+00:00","og_image":[{"width":522,"height":522,"url":"https:\/\/beebipai.ee\/wp-content\/uploads\/2022\/09\/Silikoonist-poll8.jpg","type":"image\/jpeg"}],"twitter_card":"summary_large_image","schema":{"@context":"https:\/\/schema.org","@graph":[{"@type":"WebPage","@id":"https:\/\/beebipai.ee\/lt\/product\/kikkaboo-silikoonist-poll\/","url":"https:\/\/beebipai.ee\/lt\/product\/kikkaboo-silikoonist-poll\/","name":"Kikkaboo silikoonist p\u00f5ll - Beebipai","isPartOf":{"@id":"https:\/\/beebipai.ee\/en\/#website"},"primaryImageOfPage":{"@id":"https:\/\/beebipai.ee\/lt\/product\/kikkaboo-silikoonist-poll\/#primaryimage"},"image":{"@id":"https:\/\/beebipai.ee\/lt\/product\/kikkaboo-silikoonist-poll\/#primaryimage"},"thumbnailUrl":"https:\/\/beebipai.ee\/wp-content\/uploads\/2022\/09\/Silikoonist-poll8.jpg","datePublished":"2022-09-04T20:23:44+00:00","dateModified":"2023-10-08T10:08:00+00:00","description":"Kikkaboo silikoonist p\u00f5ll on kerge ja mugav beebidele ja v\u00e4ikelastele. Hoiab lapse riided puhtana. Vaata toodet Kikkaboo silikoonist p\u00f5ll!","breadcrumb":{"@id":"https:\/\/beebipai.ee\/lt\/product\/kikkaboo-silikoonist-poll\/#breadcrumb"},"inLanguage":"lv-LV","potentialAction":[{"@type":"ReadAction","target":["https:\/\/beebipai.ee\/lt\/product\/kikkaboo-silikoonist-poll\/"]}]},{"@type":"ImageObject","inLanguage":"lv-LV","@id":"https:\/\/beebipai.ee\/lt\/product\/kikkaboo-silikoonist-poll\/#primaryimage","url":"https:\/\/beebipai.ee\/wp-content\/uploads\/2022\/09\/Silikoonist-poll8.jpg","contentUrl":"https:\/\/beebipai.ee\/wp-content\/uploads\/2022\/09\/Silikoonist-poll8.jpg","width":522,"height":522},{"@type":"BreadcrumbList","@id":"https:\/\/beebipai.ee\/lt\/product\/kikkaboo-silikoonist-poll\/#breadcrumb","itemListElement":[{"@type":"ListItem","position":1,"name":"Home","item":"https:\/\/beebipai.ee\/"},{"@type":"ListItem","position":2,"name":"Pood","item":"https:\/\/beebipai.ee\/store\/"},{"@type":"ListItem","position":3,"name":"Kikkaboo silikoonist p\u00f5ll"}]},{"@type":"WebSite","@id":"https:\/\/beebipai.ee\/en\/#website","url":"https:\/\/beebipai.ee\/en\/","name":"Beebipai","description":"Rasedate ja beebide veebipood","potentialAction":[{"@type":"SearchAction","target":{"@type":"EntryPoint","urlTemplate":"https:\/\/beebipai.ee\/en\/?s={search_term_string}"},"query-input":{"@type":"PropertyValueSpecification","valueRequired":true,"valueName":"search_term_string"}}],"inLanguage":"lv-LV"}]}},"_links":{"self":[{"href":"https:\/\/beebipai.ee\/lv\/wp-json\/wp\/v2\/product\/6443","targetHints":{"allow":["GET"]}}],"collection":[{"href":"https:\/\/beebipai.ee\/lv\/wp-json\/wp\/v2\/product"}],"about":[{"href":"https:\/\/beebipai.ee\/lv\/wp-json\/wp\/v2\/types\/product"}],"version-history":[{"count":5,"href":"https:\/\/beebipai.ee\/lv\/wp-json\/wp\/v2\/product\/6443\/revisions"}],"predecessor-version":[{"id":7365,"href":"https:\/\/beebipai.ee\/lv\/wp-json\/wp\/v2\/product\/6443\/revisions\/7365"}],"wp:featuredmedia":[{"embeddable":true,"href":"https:\/\/beebipai.ee\/lv\/wp-json\/wp\/v2\/media\/6447"}],"wp:attachment":[{"href":"https:\/\/beebipai.ee\/lv\/wp-json\/wp\/v2\/media?parent=6443"}],"wp:term":[{"taxonomy":"product_brand","embeddable":true,"href":"https:\/\/beebipai.ee\/lv\/wp-json\/wp\/v2\/product_brand?post=6443"},{"taxonomy":"product_cat","embeddable":true,"href":"https:\/\/beebipai.ee\/lv\/wp-json\/wp\/v2\/product_cat?post=6443"},{"taxonomy":"product_tag","embeddable":true,"href":"https:\/\/beebipai.ee\/lv\/wp-json\/wp\/v2\/product_tag?post=6443"}],"curies":[{"name":"wp","href":"https:\/\/api.w.org\/{rel}","templated":true}]}}