{"id":6308,"date":"2022-09-03T23:48:04","date_gmt":"2022-09-03T20:48:04","guid":{"rendered":"https:\/\/beebipai.ee\/?post_type=product&#038;p=6308"},"modified":"2025-09-04T13:37:20","modified_gmt":"2025-09-04T10:37:20","slug":"orgaaniline-d-vitamiin","status":"publish","type":"product","link":"https:\/\/beebipai.ee\/lv\/product\/orgaaniline-d-vitamiin\/","title":{"rendered":"Laveeni orgaaniline D-vitamiin, 30ml"},"content":{"rendered":"<div data-elementor-type=\"wp-post\" data-elementor-id=\"6308\" class=\"elementor elementor-6308\">\n\t\t\t\t\t\t<section class=\"elementor-section elementor-top-section elementor-element elementor-element-5de76fa elementor-section-boxed elementor-section-height-default elementor-section-height-default\" data-id=\"5de76fa\" data-element_type=\"section\" data-e-type=\"section\">\n\t\t\t\t\t\t<div class=\"elementor-container elementor-column-gap-default\">\n\t\t\t\t\t<div class=\"elementor-column elementor-col-50 elementor-top-column elementor-element elementor-element-f87a0ba\" data-id=\"f87a0ba\" data-element_type=\"column\" data-e-type=\"column\">\n\t\t\t<div class=\"elementor-widget-wrap elementor-element-populated\">\n\t\t\t\t\t\t<div class=\"elementor-element elementor-element-cdd3698 elementor-widget elementor-widget-heading\" data-id=\"cdd3698\" data-element_type=\"widget\" data-e-type=\"widget\" data-widget_type=\"heading.default\">\n\t\t\t\t<div class=\"elementor-widget-container\">\n\t\t\t\t\t<h2 class=\"elementor-heading-title elementor-size-default\">Orgaaniline D-vitamiin<\/h2>\t\t\t\t<\/div>\n\t\t\t\t<\/div>\n\t\t\t\t<div class=\"elementor-element elementor-element-7e711ff elementor-widget elementor-widget-text-editor\" data-id=\"7e711ff\" data-element_type=\"widget\" data-e-type=\"widget\" data-widget_type=\"text-editor.default\">\n\t\t\t\t<div class=\"elementor-widget-container\">\n\t\t\t\t\t\t\t\t\t<p>D-vitamiin ehk p\u00e4ikese vitamiin seostub tavaliselt luude kasvu ja tugevusega aga D-vitamiinil on palju mitmek\u00fclgseid omadusi ja \u00fclesandeid. D-vitamiin toimetab peamiselt soolestikus ja luudes ning ta on v\u00e4ga olulisel kohal ka immuuns\u00fcsteemi t\u00f6\u00f6s.<\/p><p>D-vitamiinil on \u00e4\u00e4rmiselt oluline roll kaltsiumi ainevahetuse reguleerimisel. On teada, et D-vitamiini vaegusel imendub sooletikust vaid kuni 15% kaltsiumist, normaalse D-vitamiini taseme korral aga 40%. Ehk D- vitamiinivaeguses inimene v\u00f5ib s\u00fc\u00fca rohkesti kaltsiumirikkaid toiduaineid, kuid organismi j\u00f5uab sellest v\u00e4ga v\u00e4ike osa. Piisav kogus D- vitamiini aitab omastada kaltsiumi ning v\u00f5imaldab\u00a0 lapse luudel kasvada ja muudab need tugevaks. D vitamiini puudus kasvavatel lastel v\u00f5ib p\u00f5hjustada erinevaid luustiku arenguh\u00e4ireid nagu rahhiiti, osteomalaatsiat jne.\u00a0<\/p><p>D vitamiin on oluline ka hammaste tervises. D vitamiini vajalik kogus soodustab fosfori imendumist. Fosfor koos kaltsiumiga loob hambaemaili ja hambastruktuuri. Samuti p\u00fcsivad hambad tervemate ja tugevamatena.<\/p><p>Madal D-vitamiini tase halvendab lihaste funktsiooni. D-vitamiini puudust seostakse ateroskleroosi, k\u00f5rge verer\u00f5hu, diabeedi ja s\u00fcdamehaigustega.<\/p><p>Madal D-vitamiini tase v\u00f5ib p\u00f5hjustada depressiooni. D-vitamiini retseptoreid leidub k\u00e4itumist ja meeleolu reguleerivas aju piirkonnas.<\/p><p>\u00dcks D-vitamiini t\u00e4htsamaid \u00fclesandeid on immuuns\u00fcsteemi tugevdamine, mis aitab omakorda organismil v\u00f5idelda erinevate haigustekitajatega.<\/p>\t\t\t\t\t\t\t\t<\/div>\n\t\t\t\t<\/div>\n\t\t\t\t\t<\/div>\n\t\t<\/div>\n\t\t\t\t<div class=\"elementor-column elementor-col-50 elementor-top-column elementor-element elementor-element-f2f0d26\" data-id=\"f2f0d26\" data-element_type=\"column\" data-e-type=\"column\">\n\t\t\t<div class=\"elementor-widget-wrap elementor-element-populated\">\n\t\t\t\t\t\t<div class=\"elementor-element elementor-element-3662cd7 elementor-widget elementor-widget-image\" data-id=\"3662cd7\" data-element_type=\"widget\" data-e-type=\"widget\" data-widget_type=\"image.default\">\n\t\t\t\t<div class=\"elementor-widget-container\">\n\t\t\t\t\t\t\t\t\t\t\t\t\t\t\t<img fetchpriority=\"high\" decoding=\"async\" width=\"768\" height=\"1152\" src=\"https:\/\/beebipai.ee\/wp-content\/uploads\/2022\/09\/Orgaaniline-D-vitamiin1-768x1152.webp\" class=\"attachment-medium_large size-medium_large wp-image-6313\" alt=\"\" srcset=\"https:\/\/beebipai.ee\/wp-content\/uploads\/2022\/09\/Orgaaniline-D-vitamiin1-768x1152.webp 768w, https:\/\/beebipai.ee\/wp-content\/uploads\/2022\/09\/Orgaaniline-D-vitamiin1-e1662234983958-200x300.webp 200w, https:\/\/beebipai.ee\/wp-content\/uploads\/2022\/09\/Orgaaniline-D-vitamiin1-683x1024.webp 683w, https:\/\/beebipai.ee\/wp-content\/uploads\/2022\/09\/Orgaaniline-D-vitamiin1-1024x1536.webp 1024w, https:\/\/beebipai.ee\/wp-content\/uploads\/2022\/09\/Orgaaniline-D-vitamiin1-e1662234983958-8x12.webp 8w, https:\/\/beebipai.ee\/wp-content\/uploads\/2022\/09\/Orgaaniline-D-vitamiin1-600x900.webp 600w, https:\/\/beebipai.ee\/wp-content\/uploads\/2022\/09\/Orgaaniline-D-vitamiin1-e1662234983958.webp 400w\" sizes=\"(max-width: 768px) 100vw, 768px\" \/>\t\t\t\t\t\t\t\t\t\t\t\t\t\t\t<\/div>\n\t\t\t\t<\/div>\n\t\t\t\t\t<\/div>\n\t\t<\/div>\n\t\t\t\t\t<\/div>\n\t\t<\/section>\n\t\t\t\t<section class=\"elementor-section elementor-top-section elementor-element elementor-element-d71635e elementor-section-boxed elementor-section-height-default elementor-section-height-default\" data-id=\"d71635e\" data-element_type=\"section\" data-e-type=\"section\">\n\t\t\t\t\t\t<div class=\"elementor-container elementor-column-gap-default\">\n\t\t\t\t\t<div class=\"elementor-column elementor-col-50 elementor-top-column elementor-element elementor-element-00f52d9\" data-id=\"00f52d9\" data-element_type=\"column\" data-e-type=\"column\">\n\t\t\t<div class=\"elementor-widget-wrap elementor-element-populated\">\n\t\t\t\t\t\t<div class=\"elementor-element elementor-element-186e736 elementor-widget elementor-widget-text-editor\" data-id=\"186e736\" data-element_type=\"widget\" data-e-type=\"widget\" data-widget_type=\"text-editor.default\">\n\t\t\t\t<div class=\"elementor-widget-container\">\n\t\t\t\t\t\t\t\t\t<p>Inimese keha toodab D-vitamiini nahale langenud p\u00e4ikesevalguse abil. D-vitamiini saab ka v\u00e4hestest toiduainetest nagu rasvane l\u00f5he, makrell, heeringas, munad. Kuid peamine D-vitamiini allikas on siiski p\u00e4ike. Meie kliimas peaks mai-august saama hakkama p\u00e4ikesevalgusega, kuid k\u00f5ikidel R-t\u00e4hega kuudel on piisavaks D-vitamiini s\u00fcnteesiks looduslikku p\u00e4ikesevalgust liiga v\u00e4he.\u00a0<\/p><p>Piisava koguse D-vitamiini tagamiseks, tuleks meie kliimas D-vitamiini toidulisandina juurde v\u00f5tta. Soovitav on seda teha septembrist aprillini. Kindlasti peaksid D-vitamiini saama igap\u00e4evaselt:<\/p><ul><li>oma kiire kasvu ja arengu t\u00f5ttu k\u00f5ik beebid alates 2-st elun\u00e4dalast<\/li><li>lapsed<\/li><li>rasedad. Rasedusaegne D-vitamiini tarbimine hoiab D-vitamiini taseme normis emal ja annab lapsele s\u00fcndides kaasa ka v\u00e4ikese D-vitamiini varu<\/li><li>sportlased. Sportides ja liikudes kulutavad lihasrakud oma t\u00f6\u00f6ks D-vitamiini reserve. Eriti oluline on D-vitamiini lisaks tarbimine sisetingimustes sportijatel<\/li><li>eakad oma v\u00e4hese liikumise ja \u00f5ues viibimise t\u00f5ttu. Eaka D-vitamiini tootmise v\u00f5ime kahaneb.<\/li><\/ul>\t\t\t\t\t\t\t\t<\/div>\n\t\t\t\t<\/div>\n\t\t\t\t\t<\/div>\n\t\t<\/div>\n\t\t\t\t<div class=\"elementor-column elementor-col-50 elementor-top-column elementor-element elementor-element-0243a44\" data-id=\"0243a44\" data-element_type=\"column\" data-e-type=\"column\">\n\t\t\t<div class=\"elementor-widget-wrap elementor-element-populated\">\n\t\t\t\t\t\t<div class=\"elementor-element elementor-element-440705e elementor-widget elementor-widget-image\" data-id=\"440705e\" data-element_type=\"widget\" data-e-type=\"widget\" data-widget_type=\"image.default\">\n\t\t\t\t<div class=\"elementor-widget-container\">\n\t\t\t\t\t\t\t\t\t\t\t\t\t\t\t<img decoding=\"async\" width=\"768\" height=\"515\" src=\"https:\/\/beebipai.ee\/wp-content\/uploads\/2022\/09\/Orgaaniline-d-vitamiin7-768x515.jpg\" class=\"attachment-medium_large size-medium_large wp-image-6344\" alt=\"\" srcset=\"https:\/\/beebipai.ee\/wp-content\/uploads\/2022\/09\/Orgaaniline-d-vitamiin7-768x515.jpg 768w, https:\/\/beebipai.ee\/wp-content\/uploads\/2022\/09\/Orgaaniline-d-vitamiin7-e1662270199616-300x201.jpg 300w, https:\/\/beebipai.ee\/wp-content\/uploads\/2022\/09\/Orgaaniline-d-vitamiin7-e1662270199616-18x12.jpg 18w, https:\/\/beebipai.ee\/wp-content\/uploads\/2022\/09\/Orgaaniline-d-vitamiin7-600x402.jpg 600w, https:\/\/beebipai.ee\/wp-content\/uploads\/2022\/09\/Orgaaniline-d-vitamiin7-e1662270199616.jpg 400w\" sizes=\"(max-width: 768px) 100vw, 768px\" \/>\t\t\t\t\t\t\t\t\t\t\t\t\t\t\t<\/div>\n\t\t\t\t<\/div>\n\t\t\t\t\t<\/div>\n\t\t<\/div>\n\t\t\t\t\t<\/div>\n\t\t<\/section>\n\t\t\t\t<section class=\"elementor-section elementor-top-section elementor-element elementor-element-f120d6d elementor-section-boxed elementor-section-height-default elementor-section-height-default\" data-id=\"f120d6d\" data-element_type=\"section\" data-e-type=\"section\">\n\t\t\t\t\t\t<div class=\"elementor-container elementor-column-gap-default\">\n\t\t\t\t\t<div class=\"elementor-column elementor-col-50 elementor-top-column elementor-element elementor-element-92999d3\" data-id=\"92999d3\" data-element_type=\"column\" data-e-type=\"column\">\n\t\t\t<div class=\"elementor-widget-wrap elementor-element-populated\">\n\t\t\t\t\t\t<div class=\"elementor-element elementor-element-1d10b86 elementor-widget elementor-widget-text-editor\" data-id=\"1d10b86\" data-element_type=\"widget\" data-e-type=\"widget\" data-widget_type=\"text-editor.default\">\n\t\t\t\t<div class=\"elementor-widget-container\">\n\t\t\t\t\t\t\t\t\t<p>Laveeni D-vitamiin on valmistatud orgaanilisest neitsioliivi\u00f5list. \u00c4\u00e4rmiselt puhas ja kvaliteetne \u00f5li tagab D-vitamiini parima imenudmise, kuna D-vitamiin on rasvlahustuv vitamiin. D3 vitamiin p\u00e4rineb orgaaniliselt kasvatatud samblikest. Toode sobib k\u00f5igile- vasts\u00fcndinust eakani. Sobib ideaalselt ka veganitele. Laveeni orgaaniline D-vitamiin on soja-, gluteeni-, laktoosi- ja p\u00e4hklivaba.\u00a0<\/p><table width=\"604\"><tbody><tr><td><strong>3\u00a0tilka D vitamiini sisaldab<\/strong><\/td><td><strong>Summa<\/strong><\/td><td><strong>\u00a0 NRV*<\/strong><\/td><\/tr><tr><td>Vitamiin D3\u00a0<\/td><td>10mcg\/400IU<\/td><td>200%<\/td><\/tr><tr><td colspan=\"3\">* (1169\/2011) % p\u00e4evasest v\u00f5rdluskogusest<\/td><\/tr><\/tbody><\/table><p>D vitamiini prof\u00fclaktiline manustamine s\u00f5ltub vanusest ja riskigrupist:<\/p><p>Imikud\/lapsed- 3 tilka p\u00e4evas (10\u03bcg\/400IU)<\/p><p>Terved inimesed alates 12 eluaastat &#8211; 6 tilka p\u00e4evas (20\u03bcg\/800IU)<\/p><p>Rasedad &#8211; 6 tilka p\u00e4evas (20\u03bcg\/800IU)<\/p><p>Eakad &#8211; 9-12 tilka p\u00e4evas (30-40\u03bcg\/1200IU-1600IU)<\/p><p>D-vitamiini v\u00f5ib manustada otse lusikast. Soovi korral v\u00f5ib segada D-vitamiini ka s\u00f6\u00f6gi\/joogi sisse.<\/p>\t\t\t\t\t\t\t\t<\/div>\n\t\t\t\t<\/div>\n\t\t\t\t\t<\/div>\n\t\t<\/div>\n\t\t\t\t<div class=\"elementor-column elementor-col-50 elementor-top-column elementor-element elementor-element-cd0fe08\" data-id=\"cd0fe08\" data-element_type=\"column\" data-e-type=\"column\">\n\t\t\t<div class=\"elementor-widget-wrap elementor-element-populated\">\n\t\t\t\t\t\t<div class=\"elementor-element elementor-element-59b31fc elementor-widget elementor-widget-image\" data-id=\"59b31fc\" data-element_type=\"widget\" data-e-type=\"widget\" data-widget_type=\"image.default\">\n\t\t\t\t<div class=\"elementor-widget-container\">\n\t\t\t\t\t\t\t\t\t\t\t\t\t\t\t<img decoding=\"async\" width=\"768\" height=\"409\" src=\"https:\/\/beebipai.ee\/wp-content\/uploads\/2022\/09\/orgaaniline-D-vitamiin5-768x409.jpg\" class=\"attachment-medium_large size-medium_large wp-image-6316\" alt=\"\" srcset=\"https:\/\/beebipai.ee\/wp-content\/uploads\/2022\/09\/orgaaniline-D-vitamiin5-768x409.jpg 768w, https:\/\/beebipai.ee\/wp-content\/uploads\/2022\/09\/orgaaniline-D-vitamiin5-e1662234911598-300x160.jpg 300w, https:\/\/beebipai.ee\/wp-content\/uploads\/2022\/09\/orgaaniline-D-vitamiin5-1024x545.jpg 1024w, https:\/\/beebipai.ee\/wp-content\/uploads\/2022\/09\/orgaaniline-D-vitamiin5-e1662234911598-18x10.jpg 18w, https:\/\/beebipai.ee\/wp-content\/uploads\/2022\/09\/orgaaniline-D-vitamiin5-600x319.jpg 600w, https:\/\/beebipai.ee\/wp-content\/uploads\/2022\/09\/orgaaniline-D-vitamiin5-e1662234911598.jpg 400w\" sizes=\"(max-width: 768px) 100vw, 768px\" \/>\t\t\t\t\t\t\t\t\t\t\t\t\t\t\t<\/div>\n\t\t\t\t<\/div>\n\t\t\t\t\t<\/div>\n\t\t<\/div>\n\t\t\t\t\t<\/div>\n\t\t<\/section>\n\t\t\t\t<\/div>","protected":false},"excerpt":{"rendered":"<p>Laveeni orgaaniline D-vitamiin on puhas ja tervislik ise\u00e4ranis beebidele ja lastele. D-vitamiin hoiab terved luud ja hambad, tugevdab keskn\u00e4rvis\u00fcsteemi, osaleb ainevahetuses ning parandab organismi vastupanuv\u00f5imet.<\/p>\n<p>100% orgaaniline toode klaaspudelis<\/p>\n<p>&nbsp;<\/p>","protected":false},"featured_media":6392,"template":"","meta":{"_monsterinsights_skip_tracking":false,"_monsterinsights_sitenote_active":false,"_monsterinsights_sitenote_note":"","_monsterinsights_sitenote_category":0,"site-sidebar-layout":"no-sidebar","site-content-layout":"page-builder","ast-site-content-layout":"full-width-container","site-content-style":"unboxed","site-sidebar-style":"unboxed","ast-global-header-display":"","ast-banner-title-visibility":"","ast-main-header-display":"","ast-hfb-above-header-display":"","ast-hfb-below-header-display":"","ast-hfb-mobile-header-display":"","site-post-title":"disabled","ast-breadcrumbs-content":"","ast-featured-img":"disabled","footer-sml-layout":"","ast-disable-related-posts":"","theme-transparent-header-meta":"default","adv-header-id-meta":"","stick-header-meta":"","header-above-stick-meta":"","header-main-stick-meta":"","header-below-stick-meta":"","astra-migrate-meta-layouts":"set","ast-page-background-enabled":"default","ast-page-background-meta":{"desktop":{"background-color":"","background-image":"","background-repeat":"repeat","background-position":"center center","background-size":"auto","background-attachment":"scroll","background-type":"","background-media":"","overlay-type":"","overlay-color":"","overlay-opacity":"","overlay-gradient":""},"tablet":{"background-color":"","background-image":"","background-repeat":"repeat","background-position":"center center","background-size":"auto","background-attachment":"scroll","background-type":"","background-media":"","overlay-type":"","overlay-color":"","overlay-opacity":"","overlay-gradient":""},"mobile":{"background-color":"","background-image":"","background-repeat":"repeat","background-position":"center center","background-size":"auto","background-attachment":"scroll","background-type":"","background-media":"","overlay-type":"","overlay-color":"","overlay-opacity":"","overlay-gradient":""}},"ast-content-background-meta":{"desktop":{"background-color":"var(--ast-global-color-5)","background-image":"","background-repeat":"repeat","background-position":"center center","background-size":"auto","background-attachment":"scroll","background-type":"","background-media":"","overlay-type":"","overlay-color":"","overlay-opacity":"","overlay-gradient":""},"tablet":{"background-color":"var(--ast-global-color-5)","background-image":"","background-repeat":"repeat","background-position":"center center","background-size":"auto","background-attachment":"scroll","background-type":"","background-media":"","overlay-type":"","overlay-color":"","overlay-opacity":"","overlay-gradient":""},"mobile":{"background-color":"var(--ast-global-color-5)","background-image":"","background-repeat":"repeat","background-position":"center center","background-size":"auto","background-attachment":"scroll","background-type":"","background-media":"","overlay-type":"","overlay-color":"","overlay-opacity":"","overlay-gradient":""}}},"product_brand":[],"product_cat":[23,22,135,136,104],"product_tag":[],"class_list":{"0":"post-6308","1":"product","2":"type-product","3":"status-publish","4":"has-post-thumbnail","6":"product_cat-beebile","7":"product_cat-emale","8":"product_cat-tervisemurede-leevend","9":"product_cat-tervisetooted","10":"product_cat-vitamiinid-emale","11":"desktop-align-left","12":"tablet-align-left","13":"mobile-align-left","15":"first","16":"instock","17":"taxable","18":"shipping-taxable","19":"purchasable","20":"product-type-simple"},"yoast_head":"<!-- This site is optimized with the Yoast SEO plugin v27.3 - https:\/\/yoast.com\/product\/yoast-seo-wordpress\/ -->\n<title>Laveeni orgaaniline D-vitamiin, 30ml - Beebipai<\/title>\n<meta name=\"description\" content=\"Laveen orgaaniline D-vitamiin aitab hoida tervena luud ja keskn\u00e4rvis\u00fcsteemi. Tugevdab immuunsust. Vaata toodet Laveen orgaaniline D-vitamiin!\" \/>\n<meta name=\"robots\" content=\"index, follow, max-snippet:-1, max-image-preview:large, max-video-preview:-1\" \/>\n<link rel=\"canonical\" href=\"https:\/\/beebipai.ee\/lv\/product\/orgaaniline-d-vitamiin\/\" \/>\n<meta property=\"og:locale\" content=\"lv_LV\" \/>\n<meta property=\"og:type\" content=\"article\" \/>\n<meta property=\"og:title\" content=\"Laveeni orgaaniline D-vitamiin, 30ml - Beebipai\" \/>\n<meta property=\"og:description\" content=\"Laveen orgaaniline D-vitamiin aitab hoida tervena luud ja keskn\u00e4rvis\u00fcsteemi. Tugevdab immuunsust. Vaata toodet Laveen orgaaniline D-vitamiin!\" \/>\n<meta property=\"og:url\" content=\"https:\/\/beebipai.ee\/lv\/product\/orgaaniline-d-vitamiin\/\" \/>\n<meta property=\"og:site_name\" content=\"Beebipai\" \/>\n<meta property=\"article:modified_time\" content=\"2025-09-04T10:37:20+00:00\" \/>\n<meta property=\"og:image\" content=\"https:\/\/beebipai.ee\/wp-content\/uploads\/2022\/09\/Orgaaniline-D-vitamiin-8-scaled-e1662289776966.jpg\" \/>\n\t<meta property=\"og:image:width\" content=\"500\" \/>\n\t<meta property=\"og:image:height\" content=\"335\" \/>\n\t<meta property=\"og:image:type\" content=\"image\/jpeg\" \/>\n<meta name=\"twitter:card\" content=\"summary_large_image\" \/>\n<meta name=\"twitter:label1\" content=\"Est. reading time\" \/>\n\t<meta name=\"twitter:data1\" content=\"2 min\u016btes\" \/>\n<script type=\"application\/ld+json\" class=\"yoast-schema-graph\">{\"@context\":\"https:\\\/\\\/schema.org\",\"@graph\":[{\"@type\":\"WebPage\",\"@id\":\"https:\\\/\\\/beebipai.ee\\\/product\\\/orgaaniline-d-vitamiin\\\/\",\"url\":\"https:\\\/\\\/beebipai.ee\\\/product\\\/orgaaniline-d-vitamiin\\\/\",\"name\":\"Laveeni orgaaniline D-vitamiin, 30ml - Beebipai\",\"isPartOf\":{\"@id\":\"https:\\\/\\\/beebipai.ee\\\/en\\\/#website\"},\"primaryImageOfPage\":{\"@id\":\"https:\\\/\\\/beebipai.ee\\\/product\\\/orgaaniline-d-vitamiin\\\/#primaryimage\"},\"image\":{\"@id\":\"https:\\\/\\\/beebipai.ee\\\/product\\\/orgaaniline-d-vitamiin\\\/#primaryimage\"},\"thumbnailUrl\":\"https:\\\/\\\/beebipai.ee\\\/wp-content\\\/uploads\\\/2022\\\/09\\\/Orgaaniline-D-vitamiin-8-scaled-e1662289776966.jpg\",\"datePublished\":\"2022-09-03T20:48:04+00:00\",\"dateModified\":\"2025-09-04T10:37:20+00:00\",\"description\":\"Laveen orgaaniline D-vitamiin aitab hoida tervena luud ja keskn\u00e4rvis\u00fcsteemi. Tugevdab immuunsust. Vaata toodet Laveen orgaaniline D-vitamiin!\",\"breadcrumb\":{\"@id\":\"https:\\\/\\\/beebipai.ee\\\/product\\\/orgaaniline-d-vitamiin\\\/#breadcrumb\"},\"inLanguage\":\"lv-LV\",\"potentialAction\":[{\"@type\":\"ReadAction\",\"target\":[\"https:\\\/\\\/beebipai.ee\\\/product\\\/orgaaniline-d-vitamiin\\\/\"]}]},{\"@type\":\"ImageObject\",\"inLanguage\":\"lv-LV\",\"@id\":\"https:\\\/\\\/beebipai.ee\\\/product\\\/orgaaniline-d-vitamiin\\\/#primaryimage\",\"url\":\"https:\\\/\\\/beebipai.ee\\\/wp-content\\\/uploads\\\/2022\\\/09\\\/Orgaaniline-D-vitamiin-8-scaled-e1662289776966.jpg\",\"contentUrl\":\"https:\\\/\\\/beebipai.ee\\\/wp-content\\\/uploads\\\/2022\\\/09\\\/Orgaaniline-D-vitamiin-8-scaled-e1662289776966.jpg\",\"width\":500,\"height\":335},{\"@type\":\"BreadcrumbList\",\"@id\":\"https:\\\/\\\/beebipai.ee\\\/product\\\/orgaaniline-d-vitamiin\\\/#breadcrumb\",\"itemListElement\":[{\"@type\":\"ListItem\",\"position\":1,\"name\":\"Home\",\"item\":\"https:\\\/\\\/beebipai.ee\\\/\"},{\"@type\":\"ListItem\",\"position\":2,\"name\":\"Pood\",\"item\":\"https:\\\/\\\/beebipai.ee\\\/store\\\/\"},{\"@type\":\"ListItem\",\"position\":3,\"name\":\"Laveeni orgaaniline D-vitamiin, 30ml\"}]},{\"@type\":\"WebSite\",\"@id\":\"https:\\\/\\\/beebipai.ee\\\/en\\\/#website\",\"url\":\"https:\\\/\\\/beebipai.ee\\\/en\\\/\",\"name\":\"Beebipai\",\"description\":\"Rasedate ja beebide veebipood\",\"potentialAction\":[{\"@type\":\"SearchAction\",\"target\":{\"@type\":\"EntryPoint\",\"urlTemplate\":\"https:\\\/\\\/beebipai.ee\\\/en\\\/?s={search_term_string}\"},\"query-input\":{\"@type\":\"PropertyValueSpecification\",\"valueRequired\":true,\"valueName\":\"search_term_string\"}}],\"inLanguage\":\"lv-LV\"}]}<\/script>\n<!-- \/ Yoast SEO plugin. -->","yoast_head_json":{"title":"Laveeni orgaaniline D-vitamiin, 30ml - Beebipai","description":"Laveen orgaaniline D-vitamiin aitab hoida tervena luud ja keskn\u00e4rvis\u00fcsteemi. Tugevdab immuunsust. Vaata toodet Laveen orgaaniline D-vitamiin!","robots":{"index":"index","follow":"follow","max-snippet":"max-snippet:-1","max-image-preview":"max-image-preview:large","max-video-preview":"max-video-preview:-1"},"canonical":"https:\/\/beebipai.ee\/lv\/product\/orgaaniline-d-vitamiin\/","og_locale":"lv_LV","og_type":"article","og_title":"Laveeni orgaaniline D-vitamiin, 30ml - Beebipai","og_description":"Laveen orgaaniline D-vitamiin aitab hoida tervena luud ja keskn\u00e4rvis\u00fcsteemi. Tugevdab immuunsust. Vaata toodet Laveen orgaaniline D-vitamiin!","og_url":"https:\/\/beebipai.ee\/lv\/product\/orgaaniline-d-vitamiin\/","og_site_name":"Beebipai","article_modified_time":"2025-09-04T10:37:20+00:00","og_image":[{"width":500,"height":335,"url":"https:\/\/beebipai.ee\/wp-content\/uploads\/2022\/09\/Orgaaniline-D-vitamiin-8-scaled-e1662289776966.jpg","type":"image\/jpeg"}],"twitter_card":"summary_large_image","twitter_misc":{"Est. reading time":"2 min\u016btes"},"schema":{"@context":"https:\/\/schema.org","@graph":[{"@type":"WebPage","@id":"https:\/\/beebipai.ee\/product\/orgaaniline-d-vitamiin\/","url":"https:\/\/beebipai.ee\/product\/orgaaniline-d-vitamiin\/","name":"Laveeni orgaaniline D-vitamiin, 30ml - Beebipai","isPartOf":{"@id":"https:\/\/beebipai.ee\/en\/#website"},"primaryImageOfPage":{"@id":"https:\/\/beebipai.ee\/product\/orgaaniline-d-vitamiin\/#primaryimage"},"image":{"@id":"https:\/\/beebipai.ee\/product\/orgaaniline-d-vitamiin\/#primaryimage"},"thumbnailUrl":"https:\/\/beebipai.ee\/wp-content\/uploads\/2022\/09\/Orgaaniline-D-vitamiin-8-scaled-e1662289776966.jpg","datePublished":"2022-09-03T20:48:04+00:00","dateModified":"2025-09-04T10:37:20+00:00","description":"Laveen orgaaniline D-vitamiin aitab hoida tervena luud ja keskn\u00e4rvis\u00fcsteemi. Tugevdab immuunsust. Vaata toodet Laveen orgaaniline D-vitamiin!","breadcrumb":{"@id":"https:\/\/beebipai.ee\/product\/orgaaniline-d-vitamiin\/#breadcrumb"},"inLanguage":"lv-LV","potentialAction":[{"@type":"ReadAction","target":["https:\/\/beebipai.ee\/product\/orgaaniline-d-vitamiin\/"]}]},{"@type":"ImageObject","inLanguage":"lv-LV","@id":"https:\/\/beebipai.ee\/product\/orgaaniline-d-vitamiin\/#primaryimage","url":"https:\/\/beebipai.ee\/wp-content\/uploads\/2022\/09\/Orgaaniline-D-vitamiin-8-scaled-e1662289776966.jpg","contentUrl":"https:\/\/beebipai.ee\/wp-content\/uploads\/2022\/09\/Orgaaniline-D-vitamiin-8-scaled-e1662289776966.jpg","width":500,"height":335},{"@type":"BreadcrumbList","@id":"https:\/\/beebipai.ee\/product\/orgaaniline-d-vitamiin\/#breadcrumb","itemListElement":[{"@type":"ListItem","position":1,"name":"Home","item":"https:\/\/beebipai.ee\/"},{"@type":"ListItem","position":2,"name":"Pood","item":"https:\/\/beebipai.ee\/store\/"},{"@type":"ListItem","position":3,"name":"Laveeni orgaaniline D-vitamiin, 30ml"}]},{"@type":"WebSite","@id":"https:\/\/beebipai.ee\/en\/#website","url":"https:\/\/beebipai.ee\/en\/","name":"Beebipai","description":"Rasedate ja beebide veebipood","potentialAction":[{"@type":"SearchAction","target":{"@type":"EntryPoint","urlTemplate":"https:\/\/beebipai.ee\/en\/?s={search_term_string}"},"query-input":{"@type":"PropertyValueSpecification","valueRequired":true,"valueName":"search_term_string"}}],"inLanguage":"lv-LV"}]}},"_links":{"self":[{"href":"https:\/\/beebipai.ee\/lv\/wp-json\/wp\/v2\/product\/6308","targetHints":{"allow":["GET"]}}],"collection":[{"href":"https:\/\/beebipai.ee\/lv\/wp-json\/wp\/v2\/product"}],"about":[{"href":"https:\/\/beebipai.ee\/lv\/wp-json\/wp\/v2\/types\/product"}],"version-history":[{"count":5,"href":"https:\/\/beebipai.ee\/lv\/wp-json\/wp\/v2\/product\/6308\/revisions"}],"predecessor-version":[{"id":10853,"href":"https:\/\/beebipai.ee\/lv\/wp-json\/wp\/v2\/product\/6308\/revisions\/10853"}],"wp:featuredmedia":[{"embeddable":true,"href":"https:\/\/beebipai.ee\/lv\/wp-json\/wp\/v2\/media\/6392"}],"wp:attachment":[{"href":"https:\/\/beebipai.ee\/lv\/wp-json\/wp\/v2\/media?parent=6308"}],"wp:term":[{"taxonomy":"product_brand","embeddable":true,"href":"https:\/\/beebipai.ee\/lv\/wp-json\/wp\/v2\/product_brand?post=6308"},{"taxonomy":"product_cat","embeddable":true,"href":"https:\/\/beebipai.ee\/lv\/wp-json\/wp\/v2\/product_cat?post=6308"},{"taxonomy":"product_tag","embeddable":true,"href":"https:\/\/beebipai.ee\/lv\/wp-json\/wp\/v2\/product_tag?post=6308"}],"curies":[{"name":"wp","href":"https:\/\/api.w.org\/{rel}","templated":true}]}}