{"id":6242,"date":"2022-08-31T22:47:23","date_gmt":"2022-08-31T19:47:23","guid":{"rendered":"https:\/\/beebipai.ee\/?post_type=product&#038;p=6242"},"modified":"2025-10-08T09:31:46","modified_gmt":"2025-10-08T06:31:46","slug":"laveen-naturaalne-omega-3-60-kapslit","status":"publish","type":"product","link":"https:\/\/beebipai.ee\/lv\/product\/laveen-naturaalne-omega-3-60-kapslit\/","title":{"rendered":"Laveen naturaalne Omega 3 vetika\u00f5list"},"content":{"rendered":"<div data-elementor-type=\"wp-post\" data-elementor-id=\"6242\" class=\"elementor elementor-6242\">\n\t\t\t\t\t\t<section class=\"elementor-section elementor-top-section elementor-element elementor-element-d4cb0c7 elementor-section-boxed elementor-section-height-default elementor-section-height-default\" data-id=\"d4cb0c7\" data-element_type=\"section\" data-e-type=\"section\">\n\t\t\t\t\t\t<div class=\"elementor-container elementor-column-gap-default\">\n\t\t\t\t\t<div class=\"elementor-column elementor-col-50 elementor-top-column elementor-element elementor-element-830cf26\" data-id=\"830cf26\" data-element_type=\"column\" data-e-type=\"column\">\n\t\t\t<div class=\"elementor-widget-wrap elementor-element-populated\">\n\t\t\t\t\t\t<div class=\"elementor-element elementor-element-ed2f52c elementor-widget elementor-widget-heading\" data-id=\"ed2f52c\" data-element_type=\"widget\" data-e-type=\"widget\" data-widget_type=\"heading.default\">\n\t\t\t\t<div class=\"elementor-widget-container\">\n\t\t\t\t\t<h2 class=\"elementor-heading-title elementor-size-default\">Laveen naturaalne Omega-3<\/h2>\t\t\t\t<\/div>\n\t\t\t\t<\/div>\n\t\t\t\t<div class=\"elementor-element elementor-element-7d85eec elementor-widget elementor-widget-text-editor\" data-id=\"7d85eec\" data-element_type=\"widget\" data-e-type=\"widget\" data-widget_type=\"text-editor.default\">\n\t\t\t\t<div class=\"elementor-widget-container\">\n\t\t\t\t\t\t\t\t\t<p>Raseduse ajal kasvab vajadus k\u00f5ikide vitamiinide ja mineraalainete j\u00e4rele. Samuti on oluline raseduse ajal varustada end Omega 3 rasvhappega. Omega 3 on organismis asendamatu rasvhape, kuna organismil puudub v\u00f5ime seda ise toota. Kui DHA ja EPA rasvhappeid toodab organism ise, siis Omega 3 rasvhappeid saab inimene ainult toidust. Seet\u00f5ttu m\u00f5jutab kasvava lapse Omega 3 rasvhappega varustamine ainult \u00a0ema toidulauast. Omega 3 rasvahapped on olulised loote aju, silmade ja keskn\u00e4rvis\u00fcsteemi arenemiseks.\u00a0<\/p><p>Lisaks tugevdavad Omega-3 rasvhapped iga inimese immuuns\u00fcsteemi ja parandavad eluj\u00f5ulisust. Nad reguleerivad rasvade ainevahetust ning alandavad arteriaalset verer\u00f5hku. Oomega-3 rasvhapped parandavad pea- ja seljaaju, silmade ja s\u00fcdame funktsioone ning hoiavad \u00e4ra infarktide ja insultide teket. Ka on omega-3 rasvhapped \u00a0allergiavastased.<\/p><p>Omega-3-rasvhappeid sisaldavad\u00a0peamiselt rasvased kalad, n\u00e4iteks l\u00f5he, makrell, tuunikala, an\u0161oovis ja heeringas. K\u00f5ige rohkem oomega-3-rasvhapet on \u00f5lidest linaseemne\u00f5lis ning oliiv\u00f5lis. Palju leidub Omega-3 rasvhappeid vetikates. Lisaks leidub omega-3 rasvhapet seemnetes nagu chia-, k\u00f5rvitsa- ja linaseemned.<\/p>\t\t\t\t\t\t\t\t<\/div>\n\t\t\t\t<\/div>\n\t\t\t\t\t<\/div>\n\t\t<\/div>\n\t\t\t\t<div class=\"elementor-column elementor-col-50 elementor-top-column elementor-element elementor-element-1622f5f\" data-id=\"1622f5f\" data-element_type=\"column\" data-e-type=\"column\">\n\t\t\t<div class=\"elementor-widget-wrap elementor-element-populated\">\n\t\t\t\t\t\t<div class=\"elementor-element elementor-element-44a0fe7 elementor-widget elementor-widget-image\" data-id=\"44a0fe7\" data-element_type=\"widget\" data-e-type=\"widget\" data-widget_type=\"image.default\">\n\t\t\t\t<div class=\"elementor-widget-container\">\n\t\t\t\t\t\t\t\t\t\t\t\t\t\t\t<img fetchpriority=\"high\" decoding=\"async\" width=\"400\" height=\"600\" src=\"https:\/\/beebipai.ee\/wp-content\/uploads\/2022\/08\/Laveen-Omega-3-4-e1661975179373.jpeg\" class=\"attachment-large size-large wp-image-6244\" alt=\"\" srcset=\"https:\/\/beebipai.ee\/wp-content\/uploads\/2022\/08\/Laveen-Omega-3-4-e1661975179373.jpeg 400w, https:\/\/beebipai.ee\/wp-content\/uploads\/2022\/08\/Laveen-Omega-3-4-e1661975179373-200x300.jpeg 200w, https:\/\/beebipai.ee\/wp-content\/uploads\/2022\/08\/Laveen-Omega-3-4-e1661975179373-8x12.jpeg 8w\" sizes=\"(max-width: 400px) 100vw, 400px\" \/>\t\t\t\t\t\t\t\t\t\t\t\t\t\t\t<\/div>\n\t\t\t\t<\/div>\n\t\t\t\t\t<\/div>\n\t\t<\/div>\n\t\t\t\t\t<\/div>\n\t\t<\/section>\n\t\t\t\t<section class=\"elementor-section elementor-top-section elementor-element elementor-element-cdf0691 elementor-section-boxed elementor-section-height-default elementor-section-height-default\" data-id=\"cdf0691\" data-element_type=\"section\" data-e-type=\"section\">\n\t\t\t\t\t\t<div class=\"elementor-container elementor-column-gap-default\">\n\t\t\t\t\t<div class=\"elementor-column elementor-col-50 elementor-top-column elementor-element elementor-element-137233b\" data-id=\"137233b\" data-element_type=\"column\" data-e-type=\"column\">\n\t\t\t<div class=\"elementor-widget-wrap elementor-element-populated\">\n\t\t\t\t\t\t<div class=\"elementor-element elementor-element-3647e47 elementor-widget elementor-widget-text-editor\" data-id=\"3647e47\" data-element_type=\"widget\" data-e-type=\"widget\" data-widget_type=\"text-editor.default\">\n\t\t\t\t<div class=\"elementor-widget-container\">\n\t\t\t\t\t\t\t\t\t<p>Laveen Omega-3 on valmistatud \u00e4\u00e4rmiselt puhtast ja kvaliteetsest vetika\u00f5list ning on rikastatud DHA-ga. \u00dcks pehme geelkapsel sisaldab 250mg DHA-d. Olles valmistatud vetika\u00f5list, sobib toode ka veganitele. Laveen Omega 3 on vaba raskemetallidest (nt elavh\u00f5be), pol\u00fcklooritud bifen\u00fc\u00fclidest ja dioksiinidest, mida tihti v\u00f5ib leiduda kalades. Vetika\u00f5li on valmistatud kontrollitud kasvukeskkonnas kasvanud vetikatest. See meetod kaitseb ka \u00f6kos\u00fcsteemi katkemise ja\/v\u00f5i kahjustumise eest.\u00a0<\/p><p>\u00dcks geelkapsel sisaldab:<\/p><table width=\"604\"><tbody><tr><td width=\"387\"><strong>\u00dcks kapsel sisaldab<\/strong><\/td><td width=\"123\"><b>Kogus 1 kapsli kohta<\/b><\/td><td width=\"94\"><strong>RI (%)*<\/strong><\/td><\/tr><tr><td width=\"387\">Vetika\u00f5li<\/td><td width=\"123\">500 mg<\/td><td width=\"94\">NA<\/td><\/tr><tr><td width=\"387\">millest: Omega 3 DHA<\/td><td width=\"123\">250 mg<\/td><td width=\"94\">\u00a0<\/td><\/tr><tr><td width=\"387\">Vitamine E (D-alfa tokoferool)<\/td><td width=\"123\">4 mg<\/td><td width=\"94\">33<\/td><\/tr><\/tbody><\/table><p>Soovitav annus on 1 geelkapsel p\u00e4evas.\u00a0<\/p><p>Toode on soja-, laktoosi-, p\u00e4hkli- ja gluteenivaba.<\/p>\t\t\t\t\t\t\t\t<\/div>\n\t\t\t\t<\/div>\n\t\t\t\t\t<\/div>\n\t\t<\/div>\n\t\t\t\t<div class=\"elementor-column elementor-col-50 elementor-top-column elementor-element elementor-element-1b95a9a\" data-id=\"1b95a9a\" data-element_type=\"column\" data-e-type=\"column\">\n\t\t\t<div class=\"elementor-widget-wrap elementor-element-populated\">\n\t\t\t\t\t\t<div class=\"elementor-element elementor-element-f3e6548 elementor-widget elementor-widget-image\" data-id=\"f3e6548\" data-element_type=\"widget\" data-e-type=\"widget\" data-widget_type=\"image.default\">\n\t\t\t\t<div class=\"elementor-widget-container\">\n\t\t\t\t\t\t\t\t\t\t\t\t\t\t\t<img decoding=\"async\" width=\"683\" height=\"1024\" src=\"https:\/\/beebipai.ee\/wp-content\/uploads\/2022\/08\/Laveen-Omega3-3-683x1024.jpeg\" class=\"attachment-large size-large wp-image-6247\" alt=\"\" srcset=\"https:\/\/beebipai.ee\/wp-content\/uploads\/2022\/08\/Laveen-Omega3-3-683x1024.jpeg 683w, https:\/\/beebipai.ee\/wp-content\/uploads\/2022\/08\/Laveen-Omega3-3-e1661975144682-200x300.jpeg 200w, https:\/\/beebipai.ee\/wp-content\/uploads\/2022\/08\/Laveen-Omega3-3-768x1152.jpeg 768w, https:\/\/beebipai.ee\/wp-content\/uploads\/2022\/08\/Laveen-Omega3-3-1024x1536.jpeg 1024w, https:\/\/beebipai.ee\/wp-content\/uploads\/2022\/08\/Laveen-Omega3-3-1366x2048.jpeg 1366w, https:\/\/beebipai.ee\/wp-content\/uploads\/2022\/08\/Laveen-Omega3-3-e1661975144682-8x12.jpeg 8w, https:\/\/beebipai.ee\/wp-content\/uploads\/2022\/08\/Laveen-Omega3-3-600x900.jpeg 600w, https:\/\/beebipai.ee\/wp-content\/uploads\/2022\/08\/Laveen-Omega3-3-e1661975144682.jpeg 400w\" sizes=\"(max-width: 683px) 100vw, 683px\" \/>\t\t\t\t\t\t\t\t\t\t\t\t\t\t\t<\/div>\n\t\t\t\t<\/div>\n\t\t\t\t\t<\/div>\n\t\t<\/div>\n\t\t\t\t\t<\/div>\n\t\t<\/section>\n\t\t\t\t<\/div>","protected":false},"excerpt":{"rendered":"<p>Laveen naturaalne Omega 3 rikastatud DHA-ga on valmistatud \u00e4\u00e4rmiselt kvaliteetsest vetika\u00f5list. Omega 3 kapslid tagavad ema ja kasvava lapse piisava varustatuse selle v\u00e4\u00e4rtusliku rasvhappega.<\/p>\n<p>Olemas mugav t\u00e4itepakend purgi edasiseks t\u00e4itmiseks<\/p>","protected":false},"featured_media":7908,"template":"","meta":{"_monsterinsights_skip_tracking":false,"_monsterinsights_sitenote_active":false,"_monsterinsights_sitenote_note":"","_monsterinsights_sitenote_category":0,"site-sidebar-layout":"no-sidebar","site-content-layout":"page-builder","ast-site-content-layout":"full-width-container","site-content-style":"unboxed","site-sidebar-style":"unboxed","ast-global-header-display":"","ast-banner-title-visibility":"","ast-main-header-display":"","ast-hfb-above-header-display":"","ast-hfb-below-header-display":"","ast-hfb-mobile-header-display":"","site-post-title":"disabled","ast-breadcrumbs-content":"","ast-featured-img":"disabled","footer-sml-layout":"","ast-disable-related-posts":"","theme-transparent-header-meta":"default","adv-header-id-meta":"","stick-header-meta":"","header-above-stick-meta":"","header-main-stick-meta":"","header-below-stick-meta":"","astra-migrate-meta-layouts":"set","ast-page-background-enabled":"default","ast-page-background-meta":{"desktop":{"background-color":"","background-image":"","background-repeat":"repeat","background-position":"center center","background-size":"auto","background-attachment":"scroll","background-type":"","background-media":"","overlay-type":"","overlay-color":"","overlay-opacity":"","overlay-gradient":""},"tablet":{"background-color":"","background-image":"","background-repeat":"repeat","background-position":"center center","background-size":"auto","background-attachment":"scroll","background-type":"","background-media":"","overlay-type":"","overlay-color":"","overlay-opacity":"","overlay-gradient":""},"mobile":{"background-color":"","background-image":"","background-repeat":"repeat","background-position":"center center","background-size":"auto","background-attachment":"scroll","background-type":"","background-media":"","overlay-type":"","overlay-color":"","overlay-opacity":"","overlay-gradient":""}},"ast-content-background-meta":{"desktop":{"background-color":"var(--ast-global-color-5)","background-image":"","background-repeat":"repeat","background-position":"center center","background-size":"auto","background-attachment":"scroll","background-type":"","background-media":"","overlay-type":"","overlay-color":"","overlay-opacity":"","overlay-gradient":""},"tablet":{"background-color":"var(--ast-global-color-5)","background-image":"","background-repeat":"repeat","background-position":"center center","background-size":"auto","background-attachment":"scroll","background-type":"","background-media":"","overlay-type":"","overlay-color":"","overlay-opacity":"","overlay-gradient":""},"mobile":{"background-color":"var(--ast-global-color-5)","background-image":"","background-repeat":"repeat","background-position":"center center","background-size":"auto","background-attachment":"scroll","background-type":"","background-media":"","overlay-type":"","overlay-color":"","overlay-opacity":"","overlay-gradient":""}}},"product_brand":[],"product_cat":[22,104],"product_tag":[],"class_list":{"0":"post-6242","1":"product","2":"type-product","3":"status-publish","4":"has-post-thumbnail","6":"product_cat-emale","7":"product_cat-vitamiinid-emale","8":"desktop-align-left","9":"tablet-align-left","10":"mobile-align-left","12":"first","13":"instock","14":"taxable","15":"shipping-taxable","16":"purchasable","17":"product-type-variable"},"yoast_head":"<!-- This site is optimized with the Yoast SEO plugin v27.4 - https:\/\/yoast.com\/product\/yoast-seo-wordpress\/ -->\n<title>Laveen naturaalne Omega 3 vetika\u00f5list - Beebipai<\/title>\n<meta name=\"description\" content=\"Laveen naturaalne Omega 3 toetab raseduse ajal loote keskn\u00e4rvis\u00fcsteemi arengut. Vaata toodet Laveen naturaalne Omega 3!\" \/>\n<meta name=\"robots\" content=\"index, follow, max-snippet:-1, max-image-preview:large, max-video-preview:-1\" \/>\n<link rel=\"canonical\" href=\"https:\/\/beebipai.ee\/lv\/product\/laveen-naturaalne-omega-3-60-kapslit\/\" \/>\n<meta property=\"og:locale\" content=\"lv_LV\" \/>\n<meta property=\"og:type\" content=\"article\" \/>\n<meta property=\"og:title\" content=\"Laveen naturaalne Omega 3 vetika\u00f5list - Beebipai\" \/>\n<meta property=\"og:description\" content=\"Laveen naturaalne Omega 3 toetab raseduse ajal loote keskn\u00e4rvis\u00fcsteemi arengut. Vaata toodet Laveen naturaalne Omega 3!\" \/>\n<meta property=\"og:url\" content=\"https:\/\/beebipai.ee\/lv\/product\/laveen-naturaalne-omega-3-60-kapslit\/\" \/>\n<meta property=\"og:site_name\" content=\"Beebipai\" \/>\n<meta property=\"article:modified_time\" content=\"2025-10-08T06:31:46+00:00\" \/>\n<meta property=\"og:image\" content=\"https:\/\/beebipai.ee\/wp-content\/uploads\/2022\/08\/Omega-3-vetikaolist-e1677330267453.webp\" \/>\n\t<meta property=\"og:image:width\" content=\"600\" \/>\n\t<meta property=\"og:image:height\" content=\"600\" \/>\n\t<meta property=\"og:image:type\" content=\"image\/webp\" \/>\n<meta name=\"twitter:card\" content=\"summary_large_image\" \/>\n<meta name=\"twitter:label1\" content=\"Est. reading time\" \/>\n\t<meta name=\"twitter:data1\" content=\"1 min\u016bte\" \/>\n<script type=\"application\/ld+json\" class=\"yoast-schema-graph\">{\"@context\":\"https:\\\/\\\/schema.org\",\"@graph\":[{\"@type\":\"WebPage\",\"@id\":\"https:\\\/\\\/beebipai.ee\\\/product\\\/laveen-naturaalne-omega-3-60-kapslit\\\/\",\"url\":\"https:\\\/\\\/beebipai.ee\\\/product\\\/laveen-naturaalne-omega-3-60-kapslit\\\/\",\"name\":\"Laveen naturaalne Omega 3 vetika\u00f5list - Beebipai\",\"isPartOf\":{\"@id\":\"https:\\\/\\\/beebipai.ee\\\/en\\\/#website\"},\"primaryImageOfPage\":{\"@id\":\"https:\\\/\\\/beebipai.ee\\\/product\\\/laveen-naturaalne-omega-3-60-kapslit\\\/#primaryimage\"},\"image\":{\"@id\":\"https:\\\/\\\/beebipai.ee\\\/product\\\/laveen-naturaalne-omega-3-60-kapslit\\\/#primaryimage\"},\"thumbnailUrl\":\"https:\\\/\\\/beebipai.ee\\\/wp-content\\\/uploads\\\/2022\\\/08\\\/Omega-3-vetikaolist-e1677330267453.webp\",\"datePublished\":\"2022-08-31T19:47:23+00:00\",\"dateModified\":\"2025-10-08T06:31:46+00:00\",\"description\":\"Laveen naturaalne Omega 3 toetab raseduse ajal loote keskn\u00e4rvis\u00fcsteemi arengut. Vaata toodet Laveen naturaalne Omega 3!\",\"breadcrumb\":{\"@id\":\"https:\\\/\\\/beebipai.ee\\\/product\\\/laveen-naturaalne-omega-3-60-kapslit\\\/#breadcrumb\"},\"inLanguage\":\"lv-LV\",\"potentialAction\":[{\"@type\":\"ReadAction\",\"target\":[\"https:\\\/\\\/beebipai.ee\\\/product\\\/laveen-naturaalne-omega-3-60-kapslit\\\/\"]}]},{\"@type\":\"ImageObject\",\"inLanguage\":\"lv-LV\",\"@id\":\"https:\\\/\\\/beebipai.ee\\\/product\\\/laveen-naturaalne-omega-3-60-kapslit\\\/#primaryimage\",\"url\":\"https:\\\/\\\/beebipai.ee\\\/wp-content\\\/uploads\\\/2022\\\/08\\\/Omega-3-vetikaolist-e1677330267453.webp\",\"contentUrl\":\"https:\\\/\\\/beebipai.ee\\\/wp-content\\\/uploads\\\/2022\\\/08\\\/Omega-3-vetikaolist-e1677330267453.webp\",\"width\":600,\"height\":600},{\"@type\":\"BreadcrumbList\",\"@id\":\"https:\\\/\\\/beebipai.ee\\\/product\\\/laveen-naturaalne-omega-3-60-kapslit\\\/#breadcrumb\",\"itemListElement\":[{\"@type\":\"ListItem\",\"position\":1,\"name\":\"Home\",\"item\":\"https:\\\/\\\/beebipai.ee\\\/\"},{\"@type\":\"ListItem\",\"position\":2,\"name\":\"Pood\",\"item\":\"https:\\\/\\\/beebipai.ee\\\/store\\\/\"},{\"@type\":\"ListItem\",\"position\":3,\"name\":\"Laveen naturaalne Omega 3 vetika\u00f5list\"}]},{\"@type\":\"WebSite\",\"@id\":\"https:\\\/\\\/beebipai.ee\\\/en\\\/#website\",\"url\":\"https:\\\/\\\/beebipai.ee\\\/en\\\/\",\"name\":\"Beebipai\",\"description\":\"Rasedate ja beebide veebipood\",\"potentialAction\":[{\"@type\":\"SearchAction\",\"target\":{\"@type\":\"EntryPoint\",\"urlTemplate\":\"https:\\\/\\\/beebipai.ee\\\/en\\\/?s={search_term_string}\"},\"query-input\":{\"@type\":\"PropertyValueSpecification\",\"valueRequired\":true,\"valueName\":\"search_term_string\"}}],\"inLanguage\":\"lv-LV\"}]}<\/script>\n<!-- \/ Yoast SEO plugin. -->","yoast_head_json":{"title":"Laveen naturaalne Omega 3 vetika\u00f5list - Beebipai","description":"Laveen naturaalne Omega 3 toetab raseduse ajal loote keskn\u00e4rvis\u00fcsteemi arengut. Vaata toodet Laveen naturaalne Omega 3!","robots":{"index":"index","follow":"follow","max-snippet":"max-snippet:-1","max-image-preview":"max-image-preview:large","max-video-preview":"max-video-preview:-1"},"canonical":"https:\/\/beebipai.ee\/lv\/product\/laveen-naturaalne-omega-3-60-kapslit\/","og_locale":"lv_LV","og_type":"article","og_title":"Laveen naturaalne Omega 3 vetika\u00f5list - Beebipai","og_description":"Laveen naturaalne Omega 3 toetab raseduse ajal loote keskn\u00e4rvis\u00fcsteemi arengut. Vaata toodet Laveen naturaalne Omega 3!","og_url":"https:\/\/beebipai.ee\/lv\/product\/laveen-naturaalne-omega-3-60-kapslit\/","og_site_name":"Beebipai","article_modified_time":"2025-10-08T06:31:46+00:00","og_image":[{"width":600,"height":600,"url":"https:\/\/beebipai.ee\/wp-content\/uploads\/2022\/08\/Omega-3-vetikaolist-e1677330267453.webp","type":"image\/webp"}],"twitter_card":"summary_large_image","twitter_misc":{"Est. reading time":"1 min\u016bte"},"schema":{"@context":"https:\/\/schema.org","@graph":[{"@type":"WebPage","@id":"https:\/\/beebipai.ee\/product\/laveen-naturaalne-omega-3-60-kapslit\/","url":"https:\/\/beebipai.ee\/product\/laveen-naturaalne-omega-3-60-kapslit\/","name":"Laveen naturaalne Omega 3 vetika\u00f5list - Beebipai","isPartOf":{"@id":"https:\/\/beebipai.ee\/en\/#website"},"primaryImageOfPage":{"@id":"https:\/\/beebipai.ee\/product\/laveen-naturaalne-omega-3-60-kapslit\/#primaryimage"},"image":{"@id":"https:\/\/beebipai.ee\/product\/laveen-naturaalne-omega-3-60-kapslit\/#primaryimage"},"thumbnailUrl":"https:\/\/beebipai.ee\/wp-content\/uploads\/2022\/08\/Omega-3-vetikaolist-e1677330267453.webp","datePublished":"2022-08-31T19:47:23+00:00","dateModified":"2025-10-08T06:31:46+00:00","description":"Laveen naturaalne Omega 3 toetab raseduse ajal loote keskn\u00e4rvis\u00fcsteemi arengut. Vaata toodet Laveen naturaalne Omega 3!","breadcrumb":{"@id":"https:\/\/beebipai.ee\/product\/laveen-naturaalne-omega-3-60-kapslit\/#breadcrumb"},"inLanguage":"lv-LV","potentialAction":[{"@type":"ReadAction","target":["https:\/\/beebipai.ee\/product\/laveen-naturaalne-omega-3-60-kapslit\/"]}]},{"@type":"ImageObject","inLanguage":"lv-LV","@id":"https:\/\/beebipai.ee\/product\/laveen-naturaalne-omega-3-60-kapslit\/#primaryimage","url":"https:\/\/beebipai.ee\/wp-content\/uploads\/2022\/08\/Omega-3-vetikaolist-e1677330267453.webp","contentUrl":"https:\/\/beebipai.ee\/wp-content\/uploads\/2022\/08\/Omega-3-vetikaolist-e1677330267453.webp","width":600,"height":600},{"@type":"BreadcrumbList","@id":"https:\/\/beebipai.ee\/product\/laveen-naturaalne-omega-3-60-kapslit\/#breadcrumb","itemListElement":[{"@type":"ListItem","position":1,"name":"Home","item":"https:\/\/beebipai.ee\/"},{"@type":"ListItem","position":2,"name":"Pood","item":"https:\/\/beebipai.ee\/store\/"},{"@type":"ListItem","position":3,"name":"Laveen naturaalne Omega 3 vetika\u00f5list"}]},{"@type":"WebSite","@id":"https:\/\/beebipai.ee\/en\/#website","url":"https:\/\/beebipai.ee\/en\/","name":"Beebipai","description":"Rasedate ja beebide veebipood","potentialAction":[{"@type":"SearchAction","target":{"@type":"EntryPoint","urlTemplate":"https:\/\/beebipai.ee\/en\/?s={search_term_string}"},"query-input":{"@type":"PropertyValueSpecification","valueRequired":true,"valueName":"search_term_string"}}],"inLanguage":"lv-LV"}]}},"_links":{"self":[{"href":"https:\/\/beebipai.ee\/lv\/wp-json\/wp\/v2\/product\/6242","targetHints":{"allow":["GET"]}}],"collection":[{"href":"https:\/\/beebipai.ee\/lv\/wp-json\/wp\/v2\/product"}],"about":[{"href":"https:\/\/beebipai.ee\/lv\/wp-json\/wp\/v2\/types\/product"}],"version-history":[{"count":5,"href":"https:\/\/beebipai.ee\/lv\/wp-json\/wp\/v2\/product\/6242\/revisions"}],"predecessor-version":[{"id":7913,"href":"https:\/\/beebipai.ee\/lv\/wp-json\/wp\/v2\/product\/6242\/revisions\/7913"}],"wp:featuredmedia":[{"embeddable":true,"href":"https:\/\/beebipai.ee\/lv\/wp-json\/wp\/v2\/media\/7908"}],"wp:attachment":[{"href":"https:\/\/beebipai.ee\/lv\/wp-json\/wp\/v2\/media?parent=6242"}],"wp:term":[{"taxonomy":"product_brand","embeddable":true,"href":"https:\/\/beebipai.ee\/lv\/wp-json\/wp\/v2\/product_brand?post=6242"},{"taxonomy":"product_cat","embeddable":true,"href":"https:\/\/beebipai.ee\/lv\/wp-json\/wp\/v2\/product_cat?post=6242"},{"taxonomy":"product_tag","embeddable":true,"href":"https:\/\/beebipai.ee\/lv\/wp-json\/wp\/v2\/product_tag?post=6242"}],"curies":[{"name":"wp","href":"https:\/\/api.w.org\/{rel}","templated":true}]}}