{"id":6241,"date":"2022-09-04T14:54:43","date_gmt":"2022-09-04T11:54:43","guid":{"rendered":"https:\/\/beebipai.ee\/?post_type=product&#038;p=6241"},"modified":"2024-09-22T10:50:26","modified_gmt":"2024-09-22T07:50:26","slug":"2in1-kikkoboo-silikoonist-suupistetops","status":"publish","type":"product","link":"https:\/\/beebipai.ee\/lv\/product\/2in1-kikkoboo-silikoonist-suupistetops\/","title":{"rendered":"2in1 Kikkoboo silikona uzkodu kr\u016bze"},"content":{"rendered":"<div data-elementor-type=\"wp-post\" data-elementor-id=\"6241\" class=\"elementor elementor-6241\">\n\t\t\t\t\t\t<section class=\"elementor-section elementor-top-section elementor-element elementor-element-283ff2e elementor-section-boxed elementor-section-height-default elementor-section-height-default\" data-id=\"283ff2e\" data-element_type=\"section\" data-e-type=\"section\">\n\t\t\t\t\t\t<div class=\"elementor-container elementor-column-gap-default\">\n\t\t\t\t\t<div class=\"elementor-column elementor-col-33 elementor-top-column elementor-element elementor-element-3c82623\" data-id=\"3c82623\" data-element_type=\"column\" data-e-type=\"column\">\n\t\t\t<div class=\"elementor-widget-wrap elementor-element-populated\">\n\t\t\t\t\t\t<div class=\"elementor-element elementor-element-79e27f7 elementor-widget elementor-widget-image\" data-id=\"79e27f7\" data-element_type=\"widget\" data-e-type=\"widget\" data-widget_type=\"image.default\">\n\t\t\t\t<div class=\"elementor-widget-container\">\n\t\t\t\t\t\t\t\t\t\t\t\t\t\t\t<img fetchpriority=\"high\" decoding=\"async\" width=\"400\" height=\"257\" src=\"https:\/\/beebipai.ee\/wp-content\/uploads\/2022\/08\/Silikoonist-suupistekauss17-e1662292167884.jpg\" class=\"attachment-large size-large wp-image-6421\" alt=\"\" srcset=\"https:\/\/beebipai.ee\/wp-content\/uploads\/2022\/08\/Silikoonist-suupistekauss17-e1662292167884.jpg 400w, https:\/\/beebipai.ee\/wp-content\/uploads\/2022\/08\/Silikoonist-suupistekauss17-e1662292167884-300x193.jpg 300w, https:\/\/beebipai.ee\/wp-content\/uploads\/2022\/08\/Silikoonist-suupistekauss17-e1662292167884-18x12.jpg 18w\" sizes=\"(max-width: 400px) 100vw, 400px\" \/>\t\t\t\t\t\t\t\t\t\t\t\t\t\t\t<\/div>\n\t\t\t\t<\/div>\n\t\t\t\t\t<\/div>\n\t\t<\/div>\n\t\t\t\t<div class=\"elementor-column elementor-col-33 elementor-top-column elementor-element elementor-element-1352f8c\" data-id=\"1352f8c\" data-element_type=\"column\" data-e-type=\"column\">\n\t\t\t<div class=\"elementor-widget-wrap elementor-element-populated\">\n\t\t\t\t\t\t<div class=\"elementor-element elementor-element-955fd8d elementor-widget elementor-widget-heading\" data-id=\"955fd8d\" data-element_type=\"widget\" data-e-type=\"widget\" data-widget_type=\"heading.default\">\n\t\t\t\t<div class=\"elementor-widget-container\">\n\t\t\t\t\t<h2 class=\"elementor-heading-title elementor-size-default\">2in1 silikona uzkodu b\u013coda<\/h2>\t\t\t\t<\/div>\n\t\t\t\t<\/div>\n\t\t\t\t<div class=\"elementor-element elementor-element-5a1cfef elementor-widget elementor-widget-text-editor\" data-id=\"5a1cfef\" data-element_type=\"widget\" data-e-type=\"widget\" data-widget_type=\"text-editor.default\">\n\t\t\t\t<div class=\"elementor-widget-container\">\n\t\t\t\t\t\t\t\t\t<p>Kikkaboo 2in1 b\u013codu var izmantot gan k\u0101 uzkodu b\u013codu, gan k\u0101 parastu b\u013codu. Silikona b\u013coda bez BPA ir m\u012bksta un viegla. Ide\u0101li rokturi maz\u0101m roci\u0146\u0101m. Ietver v\u0101ku, kas pasarg\u0101 p\u0101rtiku no putek\u013ciem un net\u012brumiem, k\u0101 ar\u012b p\u0101rtikas izkri\u0161anas. Jautrs, b\u0113rniem draudz\u012bgs un interesants dizains, lai rosin\u0101tu b\u0113rn\u0101 interesi. Tilpums 380ml.\u00a0<\/p>\t\t\t\t\t\t\t\t<\/div>\n\t\t\t\t<\/div>\n\t\t\t\t\t<\/div>\n\t\t<\/div>\n\t\t\t\t<div class=\"elementor-column elementor-col-33 elementor-top-column elementor-element elementor-element-5decf32\" data-id=\"5decf32\" data-element_type=\"column\" data-e-type=\"column\">\n\t\t\t<div class=\"elementor-widget-wrap elementor-element-populated\">\n\t\t\t\t\t\t<div class=\"elementor-element elementor-element-aef54a0 elementor-widget elementor-widget-image\" data-id=\"aef54a0\" data-element_type=\"widget\" data-e-type=\"widget\" data-widget_type=\"image.default\">\n\t\t\t\t<div class=\"elementor-widget-container\">\n\t\t\t\t\t\t\t\t\t\t\t\t\t\t\t<img decoding=\"async\" width=\"400\" height=\"257\" src=\"https:\/\/beebipai.ee\/wp-content\/uploads\/2022\/08\/Silikoonist-suupistekauss16-e1662292181252.jpg\" class=\"attachment-large size-large wp-image-6420\" alt=\"\" srcset=\"https:\/\/beebipai.ee\/wp-content\/uploads\/2022\/08\/Silikoonist-suupistekauss16-e1662292181252.jpg 400w, https:\/\/beebipai.ee\/wp-content\/uploads\/2022\/08\/Silikoonist-suupistekauss16-e1662292181252-300x193.jpg 300w, https:\/\/beebipai.ee\/wp-content\/uploads\/2022\/08\/Silikoonist-suupistekauss16-e1662292181252-18x12.jpg 18w\" sizes=\"(max-width: 400px) 100vw, 400px\" \/>\t\t\t\t\t\t\t\t\t\t\t\t\t\t\t<\/div>\n\t\t\t\t<\/div>\n\t\t\t\t\t<\/div>\n\t\t<\/div>\n\t\t\t\t\t<\/div>\n\t\t<\/section>\n\t\t\t\t<\/div>","protected":false},"excerpt":{"rendered":"<p>Kikkaboo 2in1 silikona uzkodu b\u013coda ir \u0101rk\u0101rt\u012bgi \u0113rta un praktiska. B\u0113rniem draudz\u012bgais dizains padara uzkodu b\u013codu b\u0113rnam interesantu un rota\u013c\u012bgu.<\/p>","protected":false},"featured_media":6404,"template":"","meta":{"_monsterinsights_skip_tracking":false,"_monsterinsights_sitenote_active":false,"_monsterinsights_sitenote_note":"","_monsterinsights_sitenote_category":0,"site-sidebar-layout":"no-sidebar","site-content-layout":"page-builder","ast-site-content-layout":"full-width-container","site-content-style":"unboxed","site-sidebar-style":"unboxed","ast-global-header-display":"","ast-banner-title-visibility":"","ast-main-header-display":"","ast-hfb-above-header-display":"","ast-hfb-below-header-display":"","ast-hfb-mobile-header-display":"","site-post-title":"disabled","ast-breadcrumbs-content":"","ast-featured-img":"disabled","footer-sml-layout":"","ast-disable-related-posts":"","theme-transparent-header-meta":"default","adv-header-id-meta":"","stick-header-meta":"","header-above-stick-meta":"","header-main-stick-meta":"","header-below-stick-meta":"","astra-migrate-meta-layouts":"set","ast-page-background-enabled":"default","ast-page-background-meta":{"desktop":{"background-color":"","background-image":"","background-repeat":"repeat","background-position":"center center","background-size":"auto","background-attachment":"scroll","background-type":"","background-media":"","overlay-type":"","overlay-color":"","overlay-opacity":"","overlay-gradient":""},"tablet":{"background-color":"","background-image":"","background-repeat":"repeat","background-position":"center center","background-size":"auto","background-attachment":"scroll","background-type":"","background-media":"","overlay-type":"","overlay-color":"","overlay-opacity":"","overlay-gradient":""},"mobile":{"background-color":"","background-image":"","background-repeat":"repeat","background-position":"center center","background-size":"auto","background-attachment":"scroll","background-type":"","background-media":"","overlay-type":"","overlay-color":"","overlay-opacity":"","overlay-gradient":""}},"ast-content-background-meta":{"desktop":{"background-color":"var(--ast-global-color-5)","background-image":"","background-repeat":"repeat","background-position":"center center","background-size":"auto","background-attachment":"scroll","background-type":"","background-media":"","overlay-type":"","overlay-color":"","overlay-opacity":"","overlay-gradient":""},"tablet":{"background-color":"var(--ast-global-color-5)","background-image":"","background-repeat":"repeat","background-position":"center center","background-size":"auto","background-attachment":"scroll","background-type":"","background-media":"","overlay-type":"","overlay-color":"","overlay-opacity":"","overlay-gradient":""},"mobile":{"background-color":"var(--ast-global-color-5)","background-image":"","background-repeat":"repeat","background-position":"center center","background-size":"auto","background-attachment":"scroll","background-type":"","background-media":"","overlay-type":"","overlay-color":"","overlay-opacity":"","overlay-gradient":""}}},"product_brand":[],"product_cat":[23,147,144,143],"product_tag":[],"class_list":{"0":"post-6241","1":"product","2":"type-product","3":"status-publish","4":"has-post-thumbnail","6":"product_cat-beebile","7":"product_cat-kingiideed-beebile","8":"product_cat-soomistarbed","9":"product_cat-sootmiseks-soomiseks","10":"desktop-align-left","11":"tablet-align-left","12":"mobile-align-left","14":"first","15":"instock","16":"taxable","17":"shipping-taxable","18":"purchasable","19":"product-type-variable"},"yoast_head":"<!-- This site is optimized with the Yoast SEO plugin v27.4 - https:\/\/yoast.com\/product\/yoast-seo-wordpress\/ -->\n<title>2in1 Kikkoboo silikoonist suupistetops - Beebipai<\/title>\n<meta name=\"description\" content=\"Silikoonist suupistekauss on lapse jaoks mugav, praktiline ja m\u00e4nguline. Vaata toodet silikoonist suupistekauss!\" \/>\n<meta name=\"robots\" content=\"index, follow, max-snippet:-1, max-image-preview:large, max-video-preview:-1\" \/>\n<link rel=\"canonical\" href=\"https:\/\/beebipai.ee\/lv\/product\/2in1-kikkoboo-silikoonist-suupistetops\/\" \/>\n<meta property=\"og:locale\" content=\"lv_LV\" \/>\n<meta property=\"og:type\" content=\"article\" \/>\n<meta property=\"og:title\" content=\"2in1 Kikkoboo silikoonist suupistetops - Beebipai\" \/>\n<meta property=\"og:description\" content=\"Silikoonist suupistekauss on lapse jaoks mugav, praktiline ja m\u00e4nguline. Vaata toodet silikoonist suupistekauss!\" \/>\n<meta property=\"og:url\" content=\"https:\/\/beebipai.ee\/lv\/product\/2in1-kikkoboo-silikoonist-suupistetops\/\" \/>\n<meta property=\"og:site_name\" content=\"Beebipai\" \/>\n<meta property=\"article:modified_time\" content=\"2024-09-22T07:50:26+00:00\" \/>\n<meta property=\"og:image\" content=\"https:\/\/beebipai.ee\/wp-content\/uploads\/2022\/08\/Silikoonist-suupistekauss.jpg\" \/>\n\t<meta property=\"og:image:width\" content=\"522\" \/>\n\t<meta property=\"og:image:height\" content=\"522\" \/>\n\t<meta property=\"og:image:type\" content=\"image\/jpeg\" \/>\n<meta name=\"twitter:card\" content=\"summary_large_image\" \/>\n<script type=\"application\/ld+json\" class=\"yoast-schema-graph\">{\"@context\":\"https:\\\/\\\/schema.org\",\"@graph\":[{\"@type\":\"WebPage\",\"@id\":\"https:\\\/\\\/beebipai.ee\\\/fi\\\/product\\\/2in1-kikkoboo-silikoonist-suupistetops\\\/\",\"url\":\"https:\\\/\\\/beebipai.ee\\\/fi\\\/product\\\/2in1-kikkoboo-silikoonist-suupistetops\\\/\",\"name\":\"2in1 Kikkoboo silikoonist suupistetops - Beebipai\",\"isPartOf\":{\"@id\":\"https:\\\/\\\/beebipai.ee\\\/en\\\/#website\"},\"primaryImageOfPage\":{\"@id\":\"https:\\\/\\\/beebipai.ee\\\/fi\\\/product\\\/2in1-kikkoboo-silikoonist-suupistetops\\\/#primaryimage\"},\"image\":{\"@id\":\"https:\\\/\\\/beebipai.ee\\\/fi\\\/product\\\/2in1-kikkoboo-silikoonist-suupistetops\\\/#primaryimage\"},\"thumbnailUrl\":\"https:\\\/\\\/beebipai.ee\\\/wp-content\\\/uploads\\\/2022\\\/08\\\/Silikoonist-suupistekauss.jpg\",\"datePublished\":\"2022-09-04T11:54:43+00:00\",\"dateModified\":\"2024-09-22T07:50:26+00:00\",\"description\":\"Silikoonist suupistekauss on lapse jaoks mugav, praktiline ja m\u00e4nguline. Vaata toodet silikoonist suupistekauss!\",\"breadcrumb\":{\"@id\":\"https:\\\/\\\/beebipai.ee\\\/fi\\\/product\\\/2in1-kikkoboo-silikoonist-suupistetops\\\/#breadcrumb\"},\"inLanguage\":\"lv-LV\",\"potentialAction\":[{\"@type\":\"ReadAction\",\"target\":[\"https:\\\/\\\/beebipai.ee\\\/fi\\\/product\\\/2in1-kikkoboo-silikoonist-suupistetops\\\/\"]}]},{\"@type\":\"ImageObject\",\"inLanguage\":\"lv-LV\",\"@id\":\"https:\\\/\\\/beebipai.ee\\\/fi\\\/product\\\/2in1-kikkoboo-silikoonist-suupistetops\\\/#primaryimage\",\"url\":\"https:\\\/\\\/beebipai.ee\\\/wp-content\\\/uploads\\\/2022\\\/08\\\/Silikoonist-suupistekauss.jpg\",\"contentUrl\":\"https:\\\/\\\/beebipai.ee\\\/wp-content\\\/uploads\\\/2022\\\/08\\\/Silikoonist-suupistekauss.jpg\",\"width\":522,\"height\":522},{\"@type\":\"BreadcrumbList\",\"@id\":\"https:\\\/\\\/beebipai.ee\\\/fi\\\/product\\\/2in1-kikkoboo-silikoonist-suupistetops\\\/#breadcrumb\",\"itemListElement\":[{\"@type\":\"ListItem\",\"position\":1,\"name\":\"Home\",\"item\":\"https:\\\/\\\/beebipai.ee\\\/\"},{\"@type\":\"ListItem\",\"position\":2,\"name\":\"Pood\",\"item\":\"https:\\\/\\\/beebipai.ee\\\/store\\\/\"},{\"@type\":\"ListItem\",\"position\":3,\"name\":\"2in1 Kikkoboo silikoonist suupistetops\"}]},{\"@type\":\"WebSite\",\"@id\":\"https:\\\/\\\/beebipai.ee\\\/en\\\/#website\",\"url\":\"https:\\\/\\\/beebipai.ee\\\/en\\\/\",\"name\":\"Beebipai\",\"description\":\"Rasedate ja beebide veebipood\",\"potentialAction\":[{\"@type\":\"SearchAction\",\"target\":{\"@type\":\"EntryPoint\",\"urlTemplate\":\"https:\\\/\\\/beebipai.ee\\\/en\\\/?s={search_term_string}\"},\"query-input\":{\"@type\":\"PropertyValueSpecification\",\"valueRequired\":true,\"valueName\":\"search_term_string\"}}],\"inLanguage\":\"lv-LV\"}]}<\/script>\n<!-- \/ Yoast SEO plugin. -->","yoast_head_json":{"title":"2in1 Kikkoboo silikoonist suupistetops - Beebipai","description":"Silikoonist suupistekauss on lapse jaoks mugav, praktiline ja m\u00e4nguline. Vaata toodet silikoonist suupistekauss!","robots":{"index":"index","follow":"follow","max-snippet":"max-snippet:-1","max-image-preview":"max-image-preview:large","max-video-preview":"max-video-preview:-1"},"canonical":"https:\/\/beebipai.ee\/lv\/product\/2in1-kikkoboo-silikoonist-suupistetops\/","og_locale":"lv_LV","og_type":"article","og_title":"2in1 Kikkoboo silikoonist suupistetops - Beebipai","og_description":"Silikoonist suupistekauss on lapse jaoks mugav, praktiline ja m\u00e4nguline. Vaata toodet silikoonist suupistekauss!","og_url":"https:\/\/beebipai.ee\/lv\/product\/2in1-kikkoboo-silikoonist-suupistetops\/","og_site_name":"Beebipai","article_modified_time":"2024-09-22T07:50:26+00:00","og_image":[{"width":522,"height":522,"url":"https:\/\/beebipai.ee\/wp-content\/uploads\/2022\/08\/Silikoonist-suupistekauss.jpg","type":"image\/jpeg"}],"twitter_card":"summary_large_image","schema":{"@context":"https:\/\/schema.org","@graph":[{"@type":"WebPage","@id":"https:\/\/beebipai.ee\/fi\/product\/2in1-kikkoboo-silikoonist-suupistetops\/","url":"https:\/\/beebipai.ee\/fi\/product\/2in1-kikkoboo-silikoonist-suupistetops\/","name":"2in1 Kikkoboo silikoonist suupistetops - Beebipai","isPartOf":{"@id":"https:\/\/beebipai.ee\/en\/#website"},"primaryImageOfPage":{"@id":"https:\/\/beebipai.ee\/fi\/product\/2in1-kikkoboo-silikoonist-suupistetops\/#primaryimage"},"image":{"@id":"https:\/\/beebipai.ee\/fi\/product\/2in1-kikkoboo-silikoonist-suupistetops\/#primaryimage"},"thumbnailUrl":"https:\/\/beebipai.ee\/wp-content\/uploads\/2022\/08\/Silikoonist-suupistekauss.jpg","datePublished":"2022-09-04T11:54:43+00:00","dateModified":"2024-09-22T07:50:26+00:00","description":"Silikoonist suupistekauss on lapse jaoks mugav, praktiline ja m\u00e4nguline. Vaata toodet silikoonist suupistekauss!","breadcrumb":{"@id":"https:\/\/beebipai.ee\/fi\/product\/2in1-kikkoboo-silikoonist-suupistetops\/#breadcrumb"},"inLanguage":"lv-LV","potentialAction":[{"@type":"ReadAction","target":["https:\/\/beebipai.ee\/fi\/product\/2in1-kikkoboo-silikoonist-suupistetops\/"]}]},{"@type":"ImageObject","inLanguage":"lv-LV","@id":"https:\/\/beebipai.ee\/fi\/product\/2in1-kikkoboo-silikoonist-suupistetops\/#primaryimage","url":"https:\/\/beebipai.ee\/wp-content\/uploads\/2022\/08\/Silikoonist-suupistekauss.jpg","contentUrl":"https:\/\/beebipai.ee\/wp-content\/uploads\/2022\/08\/Silikoonist-suupistekauss.jpg","width":522,"height":522},{"@type":"BreadcrumbList","@id":"https:\/\/beebipai.ee\/fi\/product\/2in1-kikkoboo-silikoonist-suupistetops\/#breadcrumb","itemListElement":[{"@type":"ListItem","position":1,"name":"Home","item":"https:\/\/beebipai.ee\/"},{"@type":"ListItem","position":2,"name":"Pood","item":"https:\/\/beebipai.ee\/store\/"},{"@type":"ListItem","position":3,"name":"2in1 Kikkoboo silikoonist suupistetops"}]},{"@type":"WebSite","@id":"https:\/\/beebipai.ee\/en\/#website","url":"https:\/\/beebipai.ee\/en\/","name":"Beebipai","description":"Rasedate ja beebide veebipood","potentialAction":[{"@type":"SearchAction","target":{"@type":"EntryPoint","urlTemplate":"https:\/\/beebipai.ee\/en\/?s={search_term_string}"},"query-input":{"@type":"PropertyValueSpecification","valueRequired":true,"valueName":"search_term_string"}}],"inLanguage":"lv-LV"}]}},"_links":{"self":[{"href":"https:\/\/beebipai.ee\/lv\/wp-json\/wp\/v2\/product\/6241","targetHints":{"allow":["GET"]}}],"collection":[{"href":"https:\/\/beebipai.ee\/lv\/wp-json\/wp\/v2\/product"}],"about":[{"href":"https:\/\/beebipai.ee\/lv\/wp-json\/wp\/v2\/types\/product"}],"version-history":[{"count":5,"href":"https:\/\/beebipai.ee\/lv\/wp-json\/wp\/v2\/product\/6241\/revisions"}],"predecessor-version":[{"id":11457,"href":"https:\/\/beebipai.ee\/lv\/wp-json\/wp\/v2\/product\/6241\/revisions\/11457"}],"wp:featuredmedia":[{"embeddable":true,"href":"https:\/\/beebipai.ee\/lv\/wp-json\/wp\/v2\/media\/6404"}],"wp:attachment":[{"href":"https:\/\/beebipai.ee\/lv\/wp-json\/wp\/v2\/media?parent=6241"}],"wp:term":[{"taxonomy":"product_brand","embeddable":true,"href":"https:\/\/beebipai.ee\/lv\/wp-json\/wp\/v2\/product_brand?post=6241"},{"taxonomy":"product_cat","embeddable":true,"href":"https:\/\/beebipai.ee\/lv\/wp-json\/wp\/v2\/product_cat?post=6241"},{"taxonomy":"product_tag","embeddable":true,"href":"https:\/\/beebipai.ee\/lv\/wp-json\/wp\/v2\/product_tag?post=6241"}],"curies":[{"name":"wp","href":"https:\/\/api.w.org\/{rel}","templated":true}]}}