{"id":6160,"date":"2022-08-30T22:58:00","date_gmt":"2022-08-30T19:58:00","guid":{"rendered":"https:\/\/beebipai.ee\/?post_type=product&#038;p=6160"},"modified":"2025-04-24T10:31:50","modified_gmt":"2025-04-24T07:31:50","slug":"kikkaboo-kuumatundlikud-lusikad-2tk-pakis","status":"publish","type":"product","link":"https:\/\/beebipai.ee\/lv\/product\/kikkaboo-kuumatundlikud-lusikad-2tk-pakis\/","title":{"rendered":"Kikkaboo karstumj\u016bt\u012bgas karotes, 2 iepakojum\u0101"},"content":{"rendered":"<div data-elementor-type=\"wp-post\" data-elementor-id=\"6160\" class=\"elementor elementor-6160\">\n\t\t\t\t\t\t<section class=\"elementor-section elementor-top-section elementor-element elementor-element-b2a4e55 elementor-section-boxed elementor-section-height-default elementor-section-height-default\" data-id=\"b2a4e55\" data-element_type=\"section\" data-e-type=\"section\">\n\t\t\t\t\t\t<div class=\"elementor-container elementor-column-gap-default\">\n\t\t\t\t\t<div class=\"elementor-column elementor-col-50 elementor-top-column elementor-element elementor-element-49ed8ce\" data-id=\"49ed8ce\" data-element_type=\"column\" data-e-type=\"column\">\n\t\t\t<div class=\"elementor-widget-wrap elementor-element-populated\">\n\t\t\t\t\t\t<div class=\"elementor-element elementor-element-f888fe6 elementor-widget elementor-widget-heading\" data-id=\"f888fe6\" data-element_type=\"widget\" data-e-type=\"widget\" data-widget_type=\"heading.default\">\n\t\t\t\t<div class=\"elementor-widget-container\">\n\t\t\t\t\t<h2 class=\"elementor-heading-title elementor-size-default\">Kikkaboo karstumj\u016bt\u012bgas karotes<\/h2>\t\t\t\t<\/div>\n\t\t\t\t<\/div>\n\t\t\t\t<div class=\"elementor-element elementor-element-2826a69 elementor-widget elementor-widget-text-editor\" data-id=\"2826a69\" data-element_type=\"widget\" data-e-type=\"widget\" data-widget_type=\"text-editor.default\">\n\t\t\t\t<div class=\"elementor-widget-container\">\n\t\t\t\t\t\t\t\t\t<p>Kikkaboo siltumjut\u012bg\u0101s karotes ir dro\u0161as, lai mazulis var\u0113tu s\u0101kt ce\u013cu no piena uz parasto p\u0101rtiku. Karstumj\u016bt\u012bg\u0101s karotes ir paredz\u0113tas kr\u0101sas mai\u0146ai, lai br\u012bdin\u0101tu, ka \u0113diens vai dz\u0113riens uz karotes ir p\u0101r\u0101k karsts mazulim vai b\u0113rnam. Karote maina kr\u0101su, kad \u0113diens uz t\u0101s ir 45 gr\u0101di vai vair\u0101k. Kikkaboo siltumjut\u012bg\u0101s karotes nesatur BPA un ir piem\u0113rotas lieto\u0161anai no 4 m\u0113ne\u0161u vecuma.<\/p><p>Nemazg\u0101jiet karotes trauku mazg\u0101jamaj\u0101 ma\u0161\u012bn\u0101 un nelieciet t\u0101s mikrovi\u013c\u0146u kr\u0101sn\u012b.\u00a0<\/p>\t\t\t\t\t\t\t\t<\/div>\n\t\t\t\t<\/div>\n\t\t\t\t\t<\/div>\n\t\t<\/div>\n\t\t\t\t<div class=\"elementor-column elementor-col-50 elementor-top-column elementor-element elementor-element-11499b0\" data-id=\"11499b0\" data-element_type=\"column\" data-e-type=\"column\">\n\t\t\t<div class=\"elementor-widget-wrap elementor-element-populated\">\n\t\t\t\t\t\t<div class=\"elementor-element elementor-element-5db43f4 elementor-widget elementor-widget-image\" data-id=\"5db43f4\" data-element_type=\"widget\" data-e-type=\"widget\" data-widget_type=\"image.default\">\n\t\t\t\t<div class=\"elementor-widget-container\">\n\t\t\t\t\t\t\t\t\t\t\t\t\t\t\t<img fetchpriority=\"high\" decoding=\"async\" width=\"400\" height=\"213\" src=\"https:\/\/beebipai.ee\/wp-content\/uploads\/2022\/08\/kuumatundlik-lusikas3-e1661889045343.jpeg\" class=\"attachment-large size-large wp-image-6173\" alt=\"\" srcset=\"https:\/\/beebipai.ee\/wp-content\/uploads\/2022\/08\/kuumatundlik-lusikas3-e1661889045343.jpeg 400w, https:\/\/beebipai.ee\/wp-content\/uploads\/2022\/08\/kuumatundlik-lusikas3-e1661889045343-300x160.jpeg 300w, https:\/\/beebipai.ee\/wp-content\/uploads\/2022\/08\/kuumatundlik-lusikas3-e1661889045343-18x10.jpeg 18w\" sizes=\"(max-width: 400px) 100vw, 400px\" \/>\t\t\t\t\t\t\t\t\t\t\t\t\t\t\t<\/div>\n\t\t\t\t<\/div>\n\t\t\t\t\t<\/div>\n\t\t<\/div>\n\t\t\t\t\t<\/div>\n\t\t<\/section>\n\t\t\t\t<\/div>","protected":false},"excerpt":{"rendered":"<p>Kikkaboo siltumjut\u012bg\u0101s karotes ir ide\u0101li piem\u0113rotas z\u012bdai\u0146u un mazu\u013cu baro\u0161anai. Temperat\u016bras indikators ne\u013cauj b\u0113rnam pabarot p\u0101r\u0101k karstu \u0113dienu.<\/p>","protected":false},"featured_media":6208,"template":"","meta":{"_monsterinsights_skip_tracking":false,"_monsterinsights_sitenote_active":false,"_monsterinsights_sitenote_note":"","_monsterinsights_sitenote_category":0,"site-sidebar-layout":"no-sidebar","site-content-layout":"page-builder","ast-site-content-layout":"full-width-container","site-content-style":"unboxed","site-sidebar-style":"unboxed","ast-global-header-display":"","ast-banner-title-visibility":"","ast-main-header-display":"","ast-hfb-above-header-display":"","ast-hfb-below-header-display":"","ast-hfb-mobile-header-display":"","site-post-title":"disabled","ast-breadcrumbs-content":"","ast-featured-img":"disabled","footer-sml-layout":"","ast-disable-related-posts":"","theme-transparent-header-meta":"default","adv-header-id-meta":"","stick-header-meta":"","header-above-stick-meta":"","header-main-stick-meta":"","header-below-stick-meta":"","astra-migrate-meta-layouts":"set","ast-page-background-enabled":"default","ast-page-background-meta":{"desktop":{"background-color":"","background-image":"","background-repeat":"repeat","background-position":"center center","background-size":"auto","background-attachment":"scroll","background-type":"","background-media":"","overlay-type":"","overlay-color":"","overlay-opacity":"","overlay-gradient":""},"tablet":{"background-color":"","background-image":"","background-repeat":"repeat","background-position":"center center","background-size":"auto","background-attachment":"scroll","background-type":"","background-media":"","overlay-type":"","overlay-color":"","overlay-opacity":"","overlay-gradient":""},"mobile":{"background-color":"","background-image":"","background-repeat":"repeat","background-position":"center center","background-size":"auto","background-attachment":"scroll","background-type":"","background-media":"","overlay-type":"","overlay-color":"","overlay-opacity":"","overlay-gradient":""}},"ast-content-background-meta":{"desktop":{"background-color":"var(--ast-global-color-5)","background-image":"","background-repeat":"repeat","background-position":"center center","background-size":"auto","background-attachment":"scroll","background-type":"","background-media":"","overlay-type":"","overlay-color":"","overlay-opacity":"","overlay-gradient":""},"tablet":{"background-color":"var(--ast-global-color-5)","background-image":"","background-repeat":"repeat","background-position":"center center","background-size":"auto","background-attachment":"scroll","background-type":"","background-media":"","overlay-type":"","overlay-color":"","overlay-opacity":"","overlay-gradient":""},"mobile":{"background-color":"var(--ast-global-color-5)","background-image":"","background-repeat":"repeat","background-position":"center center","background-size":"auto","background-attachment":"scroll","background-type":"","background-media":"","overlay-type":"","overlay-color":"","overlay-opacity":"","overlay-gradient":""}}},"product_brand":[],"product_cat":[23,144,143],"product_tag":[],"class_list":{"0":"post-6160","1":"product","2":"type-product","3":"status-publish","4":"has-post-thumbnail","6":"product_cat-beebile","7":"product_cat-soomistarbed","8":"product_cat-sootmiseks-soomiseks","9":"desktop-align-left","10":"tablet-align-left","11":"mobile-align-left","13":"first","14":"instock","15":"taxable","16":"shipping-taxable","17":"purchasable","18":"product-type-variable"},"yoast_head":"<!-- This site is optimized with the Yoast SEO plugin v27.4 - https:\/\/yoast.com\/product\/yoast-seo-wordpress\/ -->\n<title>Kikkaboo kuumatundlikud lusikad, 2tk pakis - Beebipai<\/title>\n<meta name=\"description\" content=\"Kikkaboo kuumatundlikud lusikad on turvalised beebi ja v\u00e4ikelapse toitmiseks. Vaata toodet Kikkaboo kuumatundlikud lusikad!\" \/>\n<meta name=\"robots\" content=\"index, follow, max-snippet:-1, max-image-preview:large, max-video-preview:-1\" \/>\n<link rel=\"canonical\" href=\"https:\/\/beebipai.ee\/lv\/product\/kikkaboo-kuumatundlikud-lusikad-2tk-pakis\/\" \/>\n<meta property=\"og:locale\" content=\"lv_LV\" \/>\n<meta property=\"og:type\" content=\"article\" \/>\n<meta property=\"og:title\" content=\"Kikkaboo kuumatundlikud lusikad, 2tk pakis - Beebipai\" \/>\n<meta property=\"og:description\" content=\"Kikkaboo kuumatundlikud lusikad on turvalised beebi ja v\u00e4ikelapse toitmiseks. Vaata toodet Kikkaboo kuumatundlikud lusikad!\" \/>\n<meta property=\"og:url\" content=\"https:\/\/beebipai.ee\/lv\/product\/kikkaboo-kuumatundlikud-lusikad-2tk-pakis\/\" \/>\n<meta property=\"og:site_name\" content=\"Beebipai\" \/>\n<meta property=\"article:modified_time\" content=\"2025-04-24T07:31:50+00:00\" \/>\n<meta property=\"og:image\" content=\"https:\/\/beebipai.ee\/wp-content\/uploads\/2022\/08\/kuumatundlikud-lusikad8.jpeg\" \/>\n\t<meta property=\"og:image:width\" content=\"522\" \/>\n\t<meta property=\"og:image:height\" content=\"522\" \/>\n\t<meta property=\"og:image:type\" content=\"image\/jpeg\" \/>\n<meta name=\"twitter:card\" content=\"summary_large_image\" \/>\n<script type=\"application\/ld+json\" class=\"yoast-schema-graph\">{\"@context\":\"https:\\\/\\\/schema.org\",\"@graph\":[{\"@type\":\"WebPage\",\"@id\":\"https:\\\/\\\/beebipai.ee\\\/product\\\/kikkaboo-kuumatundlikud-lusikad-2tk-pakis\\\/\",\"url\":\"https:\\\/\\\/beebipai.ee\\\/product\\\/kikkaboo-kuumatundlikud-lusikad-2tk-pakis\\\/\",\"name\":\"Kikkaboo kuumatundlikud lusikad, 2tk pakis - Beebipai\",\"isPartOf\":{\"@id\":\"https:\\\/\\\/beebipai.ee\\\/en\\\/#website\"},\"primaryImageOfPage\":{\"@id\":\"https:\\\/\\\/beebipai.ee\\\/product\\\/kikkaboo-kuumatundlikud-lusikad-2tk-pakis\\\/#primaryimage\"},\"image\":{\"@id\":\"https:\\\/\\\/beebipai.ee\\\/product\\\/kikkaboo-kuumatundlikud-lusikad-2tk-pakis\\\/#primaryimage\"},\"thumbnailUrl\":\"https:\\\/\\\/beebipai.ee\\\/wp-content\\\/uploads\\\/2022\\\/08\\\/kuumatundlikud-lusikad8.jpeg\",\"datePublished\":\"2022-08-30T19:58:00+00:00\",\"dateModified\":\"2025-04-24T07:31:50+00:00\",\"description\":\"Kikkaboo kuumatundlikud lusikad on turvalised beebi ja v\u00e4ikelapse toitmiseks. Vaata toodet Kikkaboo kuumatundlikud lusikad!\",\"breadcrumb\":{\"@id\":\"https:\\\/\\\/beebipai.ee\\\/product\\\/kikkaboo-kuumatundlikud-lusikad-2tk-pakis\\\/#breadcrumb\"},\"inLanguage\":\"lv-LV\",\"potentialAction\":[{\"@type\":\"ReadAction\",\"target\":[\"https:\\\/\\\/beebipai.ee\\\/product\\\/kikkaboo-kuumatundlikud-lusikad-2tk-pakis\\\/\"]}]},{\"@type\":\"ImageObject\",\"inLanguage\":\"lv-LV\",\"@id\":\"https:\\\/\\\/beebipai.ee\\\/product\\\/kikkaboo-kuumatundlikud-lusikad-2tk-pakis\\\/#primaryimage\",\"url\":\"https:\\\/\\\/beebipai.ee\\\/wp-content\\\/uploads\\\/2022\\\/08\\\/kuumatundlikud-lusikad8.jpeg\",\"contentUrl\":\"https:\\\/\\\/beebipai.ee\\\/wp-content\\\/uploads\\\/2022\\\/08\\\/kuumatundlikud-lusikad8.jpeg\",\"width\":522,\"height\":522,\"caption\":\"Kikkaboo kuumatundlikud lusikad\"},{\"@type\":\"BreadcrumbList\",\"@id\":\"https:\\\/\\\/beebipai.ee\\\/product\\\/kikkaboo-kuumatundlikud-lusikad-2tk-pakis\\\/#breadcrumb\",\"itemListElement\":[{\"@type\":\"ListItem\",\"position\":1,\"name\":\"Home\",\"item\":\"https:\\\/\\\/beebipai.ee\\\/\"},{\"@type\":\"ListItem\",\"position\":2,\"name\":\"Pood\",\"item\":\"https:\\\/\\\/beebipai.ee\\\/store\\\/\"},{\"@type\":\"ListItem\",\"position\":3,\"name\":\"Kikkaboo kuumatundlikud lusikad, 2tk pakis\"}]},{\"@type\":\"WebSite\",\"@id\":\"https:\\\/\\\/beebipai.ee\\\/en\\\/#website\",\"url\":\"https:\\\/\\\/beebipai.ee\\\/en\\\/\",\"name\":\"Beebipai\",\"description\":\"Rasedate ja beebide veebipood\",\"potentialAction\":[{\"@type\":\"SearchAction\",\"target\":{\"@type\":\"EntryPoint\",\"urlTemplate\":\"https:\\\/\\\/beebipai.ee\\\/en\\\/?s={search_term_string}\"},\"query-input\":{\"@type\":\"PropertyValueSpecification\",\"valueRequired\":true,\"valueName\":\"search_term_string\"}}],\"inLanguage\":\"lv-LV\"}]}<\/script>\n<!-- \/ Yoast SEO plugin. -->","yoast_head_json":{"title":"Kikkaboo kuumatundlikud lusikad, 2tk pakis - Beebipai","description":"Kikkaboo kuumatundlikud lusikad on turvalised beebi ja v\u00e4ikelapse toitmiseks. Vaata toodet Kikkaboo kuumatundlikud lusikad!","robots":{"index":"index","follow":"follow","max-snippet":"max-snippet:-1","max-image-preview":"max-image-preview:large","max-video-preview":"max-video-preview:-1"},"canonical":"https:\/\/beebipai.ee\/lv\/product\/kikkaboo-kuumatundlikud-lusikad-2tk-pakis\/","og_locale":"lv_LV","og_type":"article","og_title":"Kikkaboo kuumatundlikud lusikad, 2tk pakis - Beebipai","og_description":"Kikkaboo kuumatundlikud lusikad on turvalised beebi ja v\u00e4ikelapse toitmiseks. Vaata toodet Kikkaboo kuumatundlikud lusikad!","og_url":"https:\/\/beebipai.ee\/lv\/product\/kikkaboo-kuumatundlikud-lusikad-2tk-pakis\/","og_site_name":"Beebipai","article_modified_time":"2025-04-24T07:31:50+00:00","og_image":[{"width":522,"height":522,"url":"https:\/\/beebipai.ee\/wp-content\/uploads\/2022\/08\/kuumatundlikud-lusikad8.jpeg","type":"image\/jpeg"}],"twitter_card":"summary_large_image","schema":{"@context":"https:\/\/schema.org","@graph":[{"@type":"WebPage","@id":"https:\/\/beebipai.ee\/product\/kikkaboo-kuumatundlikud-lusikad-2tk-pakis\/","url":"https:\/\/beebipai.ee\/product\/kikkaboo-kuumatundlikud-lusikad-2tk-pakis\/","name":"Kikkaboo kuumatundlikud lusikad, 2tk pakis - Beebipai","isPartOf":{"@id":"https:\/\/beebipai.ee\/en\/#website"},"primaryImageOfPage":{"@id":"https:\/\/beebipai.ee\/product\/kikkaboo-kuumatundlikud-lusikad-2tk-pakis\/#primaryimage"},"image":{"@id":"https:\/\/beebipai.ee\/product\/kikkaboo-kuumatundlikud-lusikad-2tk-pakis\/#primaryimage"},"thumbnailUrl":"https:\/\/beebipai.ee\/wp-content\/uploads\/2022\/08\/kuumatundlikud-lusikad8.jpeg","datePublished":"2022-08-30T19:58:00+00:00","dateModified":"2025-04-24T07:31:50+00:00","description":"Kikkaboo kuumatundlikud lusikad on turvalised beebi ja v\u00e4ikelapse toitmiseks. Vaata toodet Kikkaboo kuumatundlikud lusikad!","breadcrumb":{"@id":"https:\/\/beebipai.ee\/product\/kikkaboo-kuumatundlikud-lusikad-2tk-pakis\/#breadcrumb"},"inLanguage":"lv-LV","potentialAction":[{"@type":"ReadAction","target":["https:\/\/beebipai.ee\/product\/kikkaboo-kuumatundlikud-lusikad-2tk-pakis\/"]}]},{"@type":"ImageObject","inLanguage":"lv-LV","@id":"https:\/\/beebipai.ee\/product\/kikkaboo-kuumatundlikud-lusikad-2tk-pakis\/#primaryimage","url":"https:\/\/beebipai.ee\/wp-content\/uploads\/2022\/08\/kuumatundlikud-lusikad8.jpeg","contentUrl":"https:\/\/beebipai.ee\/wp-content\/uploads\/2022\/08\/kuumatundlikud-lusikad8.jpeg","width":522,"height":522,"caption":"Kikkaboo kuumatundlikud lusikad"},{"@type":"BreadcrumbList","@id":"https:\/\/beebipai.ee\/product\/kikkaboo-kuumatundlikud-lusikad-2tk-pakis\/#breadcrumb","itemListElement":[{"@type":"ListItem","position":1,"name":"Home","item":"https:\/\/beebipai.ee\/"},{"@type":"ListItem","position":2,"name":"Pood","item":"https:\/\/beebipai.ee\/store\/"},{"@type":"ListItem","position":3,"name":"Kikkaboo kuumatundlikud lusikad, 2tk pakis"}]},{"@type":"WebSite","@id":"https:\/\/beebipai.ee\/en\/#website","url":"https:\/\/beebipai.ee\/en\/","name":"Beebipai","description":"Rasedate ja beebide veebipood","potentialAction":[{"@type":"SearchAction","target":{"@type":"EntryPoint","urlTemplate":"https:\/\/beebipai.ee\/en\/?s={search_term_string}"},"query-input":{"@type":"PropertyValueSpecification","valueRequired":true,"valueName":"search_term_string"}}],"inLanguage":"lv-LV"}]}},"_links":{"self":[{"href":"https:\/\/beebipai.ee\/lv\/wp-json\/wp\/v2\/product\/6160","targetHints":{"allow":["GET"]}}],"collection":[{"href":"https:\/\/beebipai.ee\/lv\/wp-json\/wp\/v2\/product"}],"about":[{"href":"https:\/\/beebipai.ee\/lv\/wp-json\/wp\/v2\/types\/product"}],"version-history":[{"count":5,"href":"https:\/\/beebipai.ee\/lv\/wp-json\/wp\/v2\/product\/6160\/revisions"}],"predecessor-version":[{"id":6278,"href":"https:\/\/beebipai.ee\/lv\/wp-json\/wp\/v2\/product\/6160\/revisions\/6278"}],"wp:featuredmedia":[{"embeddable":true,"href":"https:\/\/beebipai.ee\/lv\/wp-json\/wp\/v2\/media\/6208"}],"wp:attachment":[{"href":"https:\/\/beebipai.ee\/lv\/wp-json\/wp\/v2\/media?parent=6160"}],"wp:term":[{"taxonomy":"product_brand","embeddable":true,"href":"https:\/\/beebipai.ee\/lv\/wp-json\/wp\/v2\/product_brand?post=6160"},{"taxonomy":"product_cat","embeddable":true,"href":"https:\/\/beebipai.ee\/lv\/wp-json\/wp\/v2\/product_cat?post=6160"},{"taxonomy":"product_tag","embeddable":true,"href":"https:\/\/beebipai.ee\/lv\/wp-json\/wp\/v2\/product_tag?post=6160"}],"curies":[{"name":"wp","href":"https:\/\/api.w.org\/{rel}","templated":true}]}}