{"id":6067,"date":"2022-08-23T15:49:11","date_gmt":"2022-08-23T12:49:11","guid":{"rendered":"https:\/\/beebipai.ee\/?post_type=product&#038;p=6067"},"modified":"2025-10-06T10:48:16","modified_gmt":"2025-10-06T07:48:16","slug":"kikkaboo-elektriline-rinnapump-leia-plus","status":"publish","type":"product","link":"https:\/\/beebipai.ee\/lv\/product\/kikkaboo-elektriline-rinnapump-leia-plus\/","title":{"rendered":"Kikkaboo bezvadu elektriskais kr\u016bts s\u016bknis Leia Plus"},"content":{"rendered":"<div data-elementor-type=\"wp-post\" data-elementor-id=\"6067\" class=\"elementor elementor-6067\">\n\t\t\t\t\t\t<section class=\"elementor-section elementor-top-section elementor-element elementor-element-fad507f elementor-section-boxed elementor-section-height-default elementor-section-height-default\" data-id=\"fad507f\" data-element_type=\"section\" data-e-type=\"section\">\n\t\t\t\t\t\t<div class=\"elementor-container elementor-column-gap-default\">\n\t\t\t\t\t<div class=\"elementor-column elementor-col-50 elementor-top-column elementor-element elementor-element-59e1e3f\" data-id=\"59e1e3f\" data-element_type=\"column\" data-e-type=\"column\">\n\t\t\t<div class=\"elementor-widget-wrap elementor-element-populated\">\n\t\t\t\t\t\t<div class=\"elementor-element elementor-element-a8fe307 elementor-widget elementor-widget-heading\" data-id=\"a8fe307\" data-element_type=\"widget\" data-e-type=\"widget\" data-widget_type=\"heading.default\">\n\t\t\t\t<div class=\"elementor-widget-container\">\n\t\t\t\t\t<h2 class=\"elementor-heading-title elementor-size-default\">Elektriskais kr\u016bts s\u016bknis Leia Plus<\/h2>\t\t\t\t<\/div>\n\t\t\t\t<\/div>\n\t\t\t\t<div class=\"elementor-element elementor-element-4f778bf elementor-widget elementor-widget-text-editor\" data-id=\"4f778bf\" data-element_type=\"widget\" data-e-type=\"widget\" data-widget_type=\"text-editor.default\">\n\t\t\t\t<div class=\"elementor-widget-container\">\n\t\t\t\t\t\t\t\t\t<p>Leia Plus elektriskais kr\u016bts s\u016bknis ir kompakts, funkcion\u0101ls, efekt\u012bvs un \u0101rk\u0101rt\u012bgi viegli lietojams. Leia Plus kr\u016bts s\u016bknim ir tr\u012bs atsevi\u0161\u0137i re\u017e\u012bmi, LED sk\u0101rienekr\u0101ns, nakts gaisma, atmi\u0146as funkcija un nulles atpaka\u013cpl\u016bsmas sist\u0113ma.<\/p><p>Tr\u012bs kr\u016bts s\u016bk\u0146a funkcijas - mas\u0101\u017ea, s\u016bk\u0161ana un bionisk\u0101 funkcija - imit\u0113 mazu\u013ca baro\u0161anu pie kr\u016bts. Ir pieejami 9 da\u017e\u0101di s\u016bk\u0161anas stiprumi, no kuriem izv\u0113l\u0113ties. Atmi\u0146as funkcija \u013cauj izmantot jau paz\u012bstamu un piem\u0113rotu re\u017e\u012bmu. LED apgaismojums padara s\u016bkni \u0113rti lietojamu jebkur\u0101 laik\u0101, pat nakt\u012b. Ir atsevi\u0161\u0137a nakts gaisma. S\u016bknim ir univers\u0101la m\u012bksta silikona piltuve ar izm\u0113ru 88\/24mm. Atpaka\u013cpl\u016bsmas sist\u0113ma nodro\u0161ina higi\u0113nisku un pareizu kr\u016bts ats\u016bkn\u0113\u0161anu, kur piens nepl\u016bst atpaka\u013c sist\u0113m\u0101 pat tad, ja pudele tiek sag\u0101zta. Sav\u0101k\u0161anas pudeles tilpums ir 150 ml, kas \u013cauj izs\u016bkn\u0113t liel\u0101ku piena daudzumu, to starplaik\u0101 neiztuk\u0161ojot. Komplekt\u0101 ir pudeles uzgalis ar knup\u012bti t\u016bl\u012bt\u0113jai mazu\u013ca baro\u0161anai.\u00a0<\/p><p>Kr\u016bts s\u016bknis darbojas ar litija bateriju. Tas nesatur BPA, padarot to par dro\u0161u un vesel\u012bgu izv\u0113li barojo\u0161\u0101m m\u0101t\u0113m un z\u012bdai\u0146iem.\u00a0<\/p>\t\t\t\t\t\t\t\t<\/div>\n\t\t\t\t<\/div>\n\t\t\t\t\t<\/div>\n\t\t<\/div>\n\t\t\t\t<div class=\"elementor-column elementor-col-50 elementor-top-column elementor-element elementor-element-0405777\" data-id=\"0405777\" data-element_type=\"column\" data-e-type=\"column\">\n\t\t\t<div class=\"elementor-widget-wrap elementor-element-populated\">\n\t\t\t\t\t\t<div class=\"elementor-element elementor-element-24f144c elementor-widget elementor-widget-image\" data-id=\"24f144c\" data-element_type=\"widget\" data-e-type=\"widget\" data-widget_type=\"image.default\">\n\t\t\t\t<div class=\"elementor-widget-container\">\n\t\t\t\t\t\t\t\t\t\t\t\t\t\t\t<img fetchpriority=\"high\" decoding=\"async\" width=\"819\" height=\"1024\" src=\"https:\/\/beebipai.ee\/wp-content\/uploads\/2022\/08\/Elektriline-rinnapump-Leia-Plus3-819x1024.jpeg\" class=\"attachment-large size-large wp-image-6074\" alt=\"\" srcset=\"https:\/\/beebipai.ee\/wp-content\/uploads\/2022\/08\/Elektriline-rinnapump-Leia-Plus3-819x1024.jpeg 819w, https:\/\/beebipai.ee\/wp-content\/uploads\/2022\/08\/Elektriline-rinnapump-Leia-Plus3-e1661258517701-240x300.jpeg 240w, https:\/\/beebipai.ee\/wp-content\/uploads\/2022\/08\/Elektriline-rinnapump-Leia-Plus3-768x960.jpeg 768w, https:\/\/beebipai.ee\/wp-content\/uploads\/2022\/08\/Elektriline-rinnapump-Leia-Plus3-e1661258517701-10x12.jpeg 10w, https:\/\/beebipai.ee\/wp-content\/uploads\/2022\/08\/Elektriline-rinnapump-Leia-Plus3-600x750.jpeg 600w, https:\/\/beebipai.ee\/wp-content\/uploads\/2022\/08\/Elektriline-rinnapump-Leia-Plus3-e1661258517701.jpeg 400w\" sizes=\"(max-width: 819px) 100vw, 819px\" \/>\t\t\t\t\t\t\t\t\t\t\t\t\t\t\t<\/div>\n\t\t\t\t<\/div>\n\t\t\t\t\t<\/div>\n\t\t<\/div>\n\t\t\t\t\t<\/div>\n\t\t<\/section>\n\t\t\t\t<\/div>","protected":false},"excerpt":{"rendered":"<p>Kikkaboo elektriskais integr\u0113tais kr\u016bts s\u016bknis Leia Plus ir \u0101rk\u0101rt\u012bgi \u0113rts un praktisks pal\u012bgs ikvienai sievietei, kas baro b\u0113rnu ar kr\u016bti. Elektriskais kr\u016bts s\u016bknis ar vair\u0101k\u0101m funkcij\u0101m imit\u0113 mazu\u013ca baro\u0161anu pie kr\u016bts, kas padara kr\u016b\u0161u stimul\u0101ciju \u012bpa\u0161i efekt\u012bvu.<\/p>","protected":false},"featured_media":6072,"template":"","meta":{"_monsterinsights_skip_tracking":false,"_monsterinsights_sitenote_active":false,"_monsterinsights_sitenote_note":"","_monsterinsights_sitenote_category":0,"site-sidebar-layout":"no-sidebar","site-content-layout":"page-builder","ast-site-content-layout":"full-width-container","site-content-style":"unboxed","site-sidebar-style":"unboxed","ast-global-header-display":"","ast-banner-title-visibility":"","ast-main-header-display":"","ast-hfb-above-header-display":"","ast-hfb-below-header-display":"","ast-hfb-mobile-header-display":"","site-post-title":"disabled","ast-breadcrumbs-content":"","ast-featured-img":"disabled","footer-sml-layout":"","ast-disable-related-posts":"","theme-transparent-header-meta":"default","adv-header-id-meta":"","stick-header-meta":"","header-above-stick-meta":"","header-main-stick-meta":"","header-below-stick-meta":"","astra-migrate-meta-layouts":"set","ast-page-background-enabled":"default","ast-page-background-meta":{"desktop":{"background-color":"","background-image":"","background-repeat":"repeat","background-position":"center center","background-size":"auto","background-attachment":"scroll","background-type":"","background-media":"","overlay-type":"","overlay-color":"","overlay-opacity":"","overlay-gradient":""},"tablet":{"background-color":"","background-image":"","background-repeat":"repeat","background-position":"center center","background-size":"auto","background-attachment":"scroll","background-type":"","background-media":"","overlay-type":"","overlay-color":"","overlay-opacity":"","overlay-gradient":""},"mobile":{"background-color":"","background-image":"","background-repeat":"repeat","background-position":"center center","background-size":"auto","background-attachment":"scroll","background-type":"","background-media":"","overlay-type":"","overlay-color":"","overlay-opacity":"","overlay-gradient":""}},"ast-content-background-meta":{"desktop":{"background-color":"var(--ast-global-color-5)","background-image":"","background-repeat":"repeat","background-position":"center center","background-size":"auto","background-attachment":"scroll","background-type":"","background-media":"","overlay-type":"","overlay-color":"","overlay-opacity":"","overlay-gradient":""},"tablet":{"background-color":"var(--ast-global-color-5)","background-image":"","background-repeat":"repeat","background-position":"center center","background-size":"auto","background-attachment":"scroll","background-type":"","background-media":"","overlay-type":"","overlay-color":"","overlay-opacity":"","overlay-gradient":""},"mobile":{"background-color":"var(--ast-global-color-5)","background-image":"","background-repeat":"repeat","background-position":"center center","background-size":"auto","background-attachment":"scroll","background-type":"","background-media":"","overlay-type":"","overlay-color":"","overlay-opacity":"","overlay-gradient":""}}},"product_brand":[],"product_cat":[22,148,103],"product_tag":[],"class_list":{"0":"post-6067","1":"product","2":"type-product","3":"status-publish","4":"has-post-thumbnail","6":"product_cat-emale","7":"product_cat-kingiideed-emale","8":"product_cat-imetamine","9":"desktop-align-left","10":"tablet-align-left","11":"mobile-align-left","13":"first","14":"instock","15":"sale","16":"taxable","17":"shipping-taxable","18":"purchasable","19":"product-type-simple"},"yoast_head":"<!-- This site is optimized with the Yoast SEO plugin v27.4 - https:\/\/yoast.com\/product\/yoast-seo-wordpress\/ -->\n<title>Kikkaboo juhtmevaba elektriline rinnapump Leia Plus - Beebipai<\/title>\n<meta name=\"description\" content=\"Kikkaboo elektriline rinnapump Leia Plus on mugav ja t\u00f5hus abimees rinnaga toitvale emale. Vaata toodet Kikkaboo elektriline rinnapump Leia Plus!\" \/>\n<meta name=\"robots\" content=\"index, follow, max-snippet:-1, max-image-preview:large, max-video-preview:-1\" \/>\n<link rel=\"canonical\" href=\"https:\/\/beebipai.ee\/lv\/product\/kikkaboo-elektriline-rinnapump-leia-plus\/\" \/>\n<meta property=\"og:locale\" content=\"lv_LV\" \/>\n<meta property=\"og:type\" content=\"article\" \/>\n<meta property=\"og:title\" content=\"Kikkaboo juhtmevaba elektriline rinnapump Leia Plus - Beebipai\" \/>\n<meta property=\"og:description\" content=\"Kikkaboo elektriline rinnapump Leia Plus on mugav ja t\u00f5hus abimees rinnaga toitvale emale. Vaata toodet Kikkaboo elektriline rinnapump Leia Plus!\" \/>\n<meta property=\"og:url\" content=\"https:\/\/beebipai.ee\/lv\/product\/kikkaboo-elektriline-rinnapump-leia-plus\/\" \/>\n<meta property=\"og:site_name\" content=\"Beebipai\" \/>\n<meta property=\"article:modified_time\" content=\"2025-10-06T07:48:16+00:00\" \/>\n<meta property=\"og:image\" content=\"https:\/\/beebipai.ee\/wp-content\/uploads\/2022\/08\/Elektriline-rinnapump-Leia-Plus1-e1661258544981.jpeg\" \/>\n\t<meta property=\"og:image:width\" content=\"400\" \/>\n\t<meta property=\"og:image:height\" content=\"500\" \/>\n\t<meta property=\"og:image:type\" content=\"image\/jpeg\" \/>\n<meta name=\"twitter:card\" content=\"summary_large_image\" \/>\n<meta name=\"twitter:label1\" content=\"Est. reading time\" \/>\n\t<meta name=\"twitter:data1\" content=\"1 min\u016bte\" \/>\n<script type=\"application\/ld+json\" class=\"yoast-schema-graph\">{\"@context\":\"https:\\\/\\\/schema.org\",\"@graph\":[{\"@type\":\"WebPage\",\"@id\":\"https:\\\/\\\/beebipai.ee\\\/product\\\/kikkaboo-elektriline-rinnapump-leia-plus\\\/\",\"url\":\"https:\\\/\\\/beebipai.ee\\\/product\\\/kikkaboo-elektriline-rinnapump-leia-plus\\\/\",\"name\":\"Kikkaboo juhtmevaba elektriline rinnapump Leia Plus - Beebipai\",\"isPartOf\":{\"@id\":\"https:\\\/\\\/beebipai.ee\\\/en\\\/#website\"},\"primaryImageOfPage\":{\"@id\":\"https:\\\/\\\/beebipai.ee\\\/product\\\/kikkaboo-elektriline-rinnapump-leia-plus\\\/#primaryimage\"},\"image\":{\"@id\":\"https:\\\/\\\/beebipai.ee\\\/product\\\/kikkaboo-elektriline-rinnapump-leia-plus\\\/#primaryimage\"},\"thumbnailUrl\":\"https:\\\/\\\/beebipai.ee\\\/wp-content\\\/uploads\\\/2022\\\/08\\\/Elektriline-rinnapump-Leia-Plus1-e1661258544981.jpeg\",\"datePublished\":\"2022-08-23T12:49:11+00:00\",\"dateModified\":\"2025-10-06T07:48:16+00:00\",\"description\":\"Kikkaboo elektriline rinnapump Leia Plus on mugav ja t\u00f5hus abimees rinnaga toitvale emale. Vaata toodet Kikkaboo elektriline rinnapump Leia Plus!\",\"breadcrumb\":{\"@id\":\"https:\\\/\\\/beebipai.ee\\\/product\\\/kikkaboo-elektriline-rinnapump-leia-plus\\\/#breadcrumb\"},\"inLanguage\":\"lv-LV\",\"potentialAction\":[{\"@type\":\"ReadAction\",\"target\":[\"https:\\\/\\\/beebipai.ee\\\/product\\\/kikkaboo-elektriline-rinnapump-leia-plus\\\/\"]}]},{\"@type\":\"ImageObject\",\"inLanguage\":\"lv-LV\",\"@id\":\"https:\\\/\\\/beebipai.ee\\\/product\\\/kikkaboo-elektriline-rinnapump-leia-plus\\\/#primaryimage\",\"url\":\"https:\\\/\\\/beebipai.ee\\\/wp-content\\\/uploads\\\/2022\\\/08\\\/Elektriline-rinnapump-Leia-Plus1-e1661258544981.jpeg\",\"contentUrl\":\"https:\\\/\\\/beebipai.ee\\\/wp-content\\\/uploads\\\/2022\\\/08\\\/Elektriline-rinnapump-Leia-Plus1-e1661258544981.jpeg\",\"width\":400,\"height\":500},{\"@type\":\"BreadcrumbList\",\"@id\":\"https:\\\/\\\/beebipai.ee\\\/product\\\/kikkaboo-elektriline-rinnapump-leia-plus\\\/#breadcrumb\",\"itemListElement\":[{\"@type\":\"ListItem\",\"position\":1,\"name\":\"Home\",\"item\":\"https:\\\/\\\/beebipai.ee\\\/\"},{\"@type\":\"ListItem\",\"position\":2,\"name\":\"Pood\",\"item\":\"https:\\\/\\\/beebipai.ee\\\/store\\\/\"},{\"@type\":\"ListItem\",\"position\":3,\"name\":\"Kikkaboo juhtmevaba elektriline rinnapump Leia Plus\"}]},{\"@type\":\"WebSite\",\"@id\":\"https:\\\/\\\/beebipai.ee\\\/en\\\/#website\",\"url\":\"https:\\\/\\\/beebipai.ee\\\/en\\\/\",\"name\":\"Beebipai\",\"description\":\"Rasedate ja beebide veebipood\",\"potentialAction\":[{\"@type\":\"SearchAction\",\"target\":{\"@type\":\"EntryPoint\",\"urlTemplate\":\"https:\\\/\\\/beebipai.ee\\\/en\\\/?s={search_term_string}\"},\"query-input\":{\"@type\":\"PropertyValueSpecification\",\"valueRequired\":true,\"valueName\":\"search_term_string\"}}],\"inLanguage\":\"lv-LV\"}]}<\/script>\n<!-- \/ Yoast SEO plugin. -->","yoast_head_json":{"title":"Kikkaboo juhtmevaba elektriline rinnapump Leia Plus - Beebipai","description":"Kikkaboo elektriline rinnapump Leia Plus on mugav ja t\u00f5hus abimees rinnaga toitvale emale. Vaata toodet Kikkaboo elektriline rinnapump Leia Plus!","robots":{"index":"index","follow":"follow","max-snippet":"max-snippet:-1","max-image-preview":"max-image-preview:large","max-video-preview":"max-video-preview:-1"},"canonical":"https:\/\/beebipai.ee\/lv\/product\/kikkaboo-elektriline-rinnapump-leia-plus\/","og_locale":"lv_LV","og_type":"article","og_title":"Kikkaboo juhtmevaba elektriline rinnapump Leia Plus - Beebipai","og_description":"Kikkaboo elektriline rinnapump Leia Plus on mugav ja t\u00f5hus abimees rinnaga toitvale emale. Vaata toodet Kikkaboo elektriline rinnapump Leia Plus!","og_url":"https:\/\/beebipai.ee\/lv\/product\/kikkaboo-elektriline-rinnapump-leia-plus\/","og_site_name":"Beebipai","article_modified_time":"2025-10-06T07:48:16+00:00","og_image":[{"width":400,"height":500,"url":"https:\/\/beebipai.ee\/wp-content\/uploads\/2022\/08\/Elektriline-rinnapump-Leia-Plus1-e1661258544981.jpeg","type":"image\/jpeg"}],"twitter_card":"summary_large_image","twitter_misc":{"Est. reading time":"1 min\u016bte"},"schema":{"@context":"https:\/\/schema.org","@graph":[{"@type":"WebPage","@id":"https:\/\/beebipai.ee\/product\/kikkaboo-elektriline-rinnapump-leia-plus\/","url":"https:\/\/beebipai.ee\/product\/kikkaboo-elektriline-rinnapump-leia-plus\/","name":"Kikkaboo juhtmevaba elektriline rinnapump Leia Plus - Beebipai","isPartOf":{"@id":"https:\/\/beebipai.ee\/en\/#website"},"primaryImageOfPage":{"@id":"https:\/\/beebipai.ee\/product\/kikkaboo-elektriline-rinnapump-leia-plus\/#primaryimage"},"image":{"@id":"https:\/\/beebipai.ee\/product\/kikkaboo-elektriline-rinnapump-leia-plus\/#primaryimage"},"thumbnailUrl":"https:\/\/beebipai.ee\/wp-content\/uploads\/2022\/08\/Elektriline-rinnapump-Leia-Plus1-e1661258544981.jpeg","datePublished":"2022-08-23T12:49:11+00:00","dateModified":"2025-10-06T07:48:16+00:00","description":"Kikkaboo elektriline rinnapump Leia Plus on mugav ja t\u00f5hus abimees rinnaga toitvale emale. Vaata toodet Kikkaboo elektriline rinnapump Leia Plus!","breadcrumb":{"@id":"https:\/\/beebipai.ee\/product\/kikkaboo-elektriline-rinnapump-leia-plus\/#breadcrumb"},"inLanguage":"lv-LV","potentialAction":[{"@type":"ReadAction","target":["https:\/\/beebipai.ee\/product\/kikkaboo-elektriline-rinnapump-leia-plus\/"]}]},{"@type":"ImageObject","inLanguage":"lv-LV","@id":"https:\/\/beebipai.ee\/product\/kikkaboo-elektriline-rinnapump-leia-plus\/#primaryimage","url":"https:\/\/beebipai.ee\/wp-content\/uploads\/2022\/08\/Elektriline-rinnapump-Leia-Plus1-e1661258544981.jpeg","contentUrl":"https:\/\/beebipai.ee\/wp-content\/uploads\/2022\/08\/Elektriline-rinnapump-Leia-Plus1-e1661258544981.jpeg","width":400,"height":500},{"@type":"BreadcrumbList","@id":"https:\/\/beebipai.ee\/product\/kikkaboo-elektriline-rinnapump-leia-plus\/#breadcrumb","itemListElement":[{"@type":"ListItem","position":1,"name":"Home","item":"https:\/\/beebipai.ee\/"},{"@type":"ListItem","position":2,"name":"Pood","item":"https:\/\/beebipai.ee\/store\/"},{"@type":"ListItem","position":3,"name":"Kikkaboo juhtmevaba elektriline rinnapump Leia Plus"}]},{"@type":"WebSite","@id":"https:\/\/beebipai.ee\/en\/#website","url":"https:\/\/beebipai.ee\/en\/","name":"Beebipai","description":"Rasedate ja beebide veebipood","potentialAction":[{"@type":"SearchAction","target":{"@type":"EntryPoint","urlTemplate":"https:\/\/beebipai.ee\/en\/?s={search_term_string}"},"query-input":{"@type":"PropertyValueSpecification","valueRequired":true,"valueName":"search_term_string"}}],"inLanguage":"lv-LV"}]}},"_links":{"self":[{"href":"https:\/\/beebipai.ee\/lv\/wp-json\/wp\/v2\/product\/6067","targetHints":{"allow":["GET"]}}],"collection":[{"href":"https:\/\/beebipai.ee\/lv\/wp-json\/wp\/v2\/product"}],"about":[{"href":"https:\/\/beebipai.ee\/lv\/wp-json\/wp\/v2\/types\/product"}],"version-history":[{"count":5,"href":"https:\/\/beebipai.ee\/lv\/wp-json\/wp\/v2\/product\/6067\/revisions"}],"predecessor-version":[{"id":9377,"href":"https:\/\/beebipai.ee\/lv\/wp-json\/wp\/v2\/product\/6067\/revisions\/9377"}],"wp:featuredmedia":[{"embeddable":true,"href":"https:\/\/beebipai.ee\/lv\/wp-json\/wp\/v2\/media\/6072"}],"wp:attachment":[{"href":"https:\/\/beebipai.ee\/lv\/wp-json\/wp\/v2\/media?parent=6067"}],"wp:term":[{"taxonomy":"product_brand","embeddable":true,"href":"https:\/\/beebipai.ee\/lv\/wp-json\/wp\/v2\/product_brand?post=6067"},{"taxonomy":"product_cat","embeddable":true,"href":"https:\/\/beebipai.ee\/lv\/wp-json\/wp\/v2\/product_cat?post=6067"},{"taxonomy":"product_tag","embeddable":true,"href":"https:\/\/beebipai.ee\/lv\/wp-json\/wp\/v2\/product_tag?post=6067"}],"curies":[{"name":"wp","href":"https:\/\/api.w.org\/{rel}","templated":true}]}}