{"id":5961,"date":"2022-08-20T23:50:45","date_gmt":"2022-08-20T20:50:45","guid":{"rendered":"https:\/\/beebipai.ee\/?post_type=product&#038;p=5961"},"modified":"2023-08-07T09:02:45","modified_gmt":"2023-08-07T06:02:45","slug":"kikkaboo-rinnapiima-sailituskotid-temperatuuri-sensoriga","status":"publish","type":"product","link":"https:\/\/beebipai.ee\/lv\/product\/kikkaboo-rinnapiima-sailituskotid-temperatuuri-sensoriga\/","title":{"rendered":"Kikkaboo m\u0101tes piena uzglab\u0101\u0161anas maisi\u0146i ar temperat\u016bras sensoru"},"content":{"rendered":"<div data-elementor-type=\"wp-post\" data-elementor-id=\"5961\" class=\"elementor elementor-5961\">\n\t\t\t\t\t\t<section class=\"elementor-section elementor-top-section elementor-element elementor-element-3e90634 elementor-section-boxed elementor-section-height-default elementor-section-height-default\" data-id=\"3e90634\" data-element_type=\"section\" data-e-type=\"section\">\n\t\t\t\t\t\t<div class=\"elementor-container elementor-column-gap-default\">\n\t\t\t\t\t<div class=\"elementor-column elementor-col-50 elementor-top-column elementor-element elementor-element-cacbc53\" data-id=\"cacbc53\" data-element_type=\"column\" data-e-type=\"column\">\n\t\t\t<div class=\"elementor-widget-wrap elementor-element-populated\">\n\t\t\t\t\t\t<div class=\"elementor-element elementor-element-88f99b9 elementor-widget elementor-widget-heading\" data-id=\"88f99b9\" data-element_type=\"widget\" data-e-type=\"widget\" data-widget_type=\"heading.default\">\n\t\t\t\t<div class=\"elementor-widget-container\">\n\t\t\t\t\t<h2 class=\"elementor-heading-title elementor-size-default\">M\u0101tes piena uzglab\u0101\u0161anas maisi\u0146i ar temperat\u016bras sensoru<\/h2>\t\t\t\t<\/div>\n\t\t\t\t<\/div>\n\t\t\t\t<div class=\"elementor-element elementor-element-1f0dd3c elementor-widget elementor-widget-text-editor\" data-id=\"1f0dd3c\" data-element_type=\"widget\" data-e-type=\"widget\" data-widget_type=\"text-editor.default\">\n\t\t\t\t<div class=\"elementor-widget-container\">\n\t\t\t\t\t\t\t\t\t<p>M\u0101tes piens ir lab\u0101kais \u0113diens mazulim. Ta\u010du, lai tas b\u016btu vienm\u0113r, labi, ja z\u012bd\u012b\u0161anas laik\u0101 sald\u0113tav\u0101 piena pietiek vismaz p\u0101ris \u0113dienreiz\u0113m. Tas nodro\u0161ina, ka b\u0113rns sa\u0146ems nepiecie\u0161amo \u0113dienu un dz\u0113rienu ar\u012b tad, ja k\u0101da iemesla d\u0113\u013c nevarat z\u012bd\u012bt pati, jums j\u0101atrodas prom no b\u0113rna vai, piem\u0113ram, b\u0113rns atsak\u0101s z\u012bd\u012bt. Da\u017ek\u0101rt ir ar\u012b j\u0101palielina piena daudzums ar papildu stimul\u0101ciju, k\u0101 ar\u012b pr\u0101t\u012bgi ir sasald\u0113t no mazu\u013ca p\u0101ri paliku\u0161o pienu.\u00a0<\/p>\t\t\t\t\t\t\t\t<\/div>\n\t\t\t\t<\/div>\n\t\t\t\t\t<\/div>\n\t\t<\/div>\n\t\t\t\t<div class=\"elementor-column elementor-col-50 elementor-top-column elementor-element elementor-element-b8152c9\" data-id=\"b8152c9\" data-element_type=\"column\" data-e-type=\"column\">\n\t\t\t<div class=\"elementor-widget-wrap elementor-element-populated\">\n\t\t\t\t\t\t<div class=\"elementor-element elementor-element-583d5e8 elementor-widget elementor-widget-image\" data-id=\"583d5e8\" data-element_type=\"widget\" data-e-type=\"widget\" data-widget_type=\"image.default\">\n\t\t\t\t<div class=\"elementor-widget-container\">\n\t\t\t\t\t\t\t\t\t\t\t\t\t\t\t<img fetchpriority=\"high\" decoding=\"async\" width=\"400\" height=\"267\" src=\"https:\/\/beebipai.ee\/wp-content\/uploads\/2022\/06\/Neobulle-rinnapiimakogus-suurendavad-kapslid5-e1661028011504.jpg\" class=\"attachment-large size-large wp-image-4871\" alt=\"\" srcset=\"https:\/\/beebipai.ee\/wp-content\/uploads\/2022\/06\/Neobulle-rinnapiimakogus-suurendavad-kapslid5-e1661028011504.jpg 400w, https:\/\/beebipai.ee\/wp-content\/uploads\/2022\/06\/Neobulle-rinnapiimakogus-suurendavad-kapslid5-e1661028011504-300x200.jpg 300w, https:\/\/beebipai.ee\/wp-content\/uploads\/2022\/06\/Neobulle-rinnapiimakogus-suurendavad-kapslid5-e1661028011504-18x12.jpg 18w\" sizes=\"(max-width: 400px) 100vw, 400px\" \/>\t\t\t\t\t\t\t\t\t\t\t\t\t\t\t<\/div>\n\t\t\t\t<\/div>\n\t\t\t\t\t<\/div>\n\t\t<\/div>\n\t\t\t\t\t<\/div>\n\t\t<\/section>\n\t\t\t\t<section class=\"elementor-section elementor-top-section elementor-element elementor-element-207a868 elementor-section-boxed elementor-section-height-default elementor-section-height-default\" data-id=\"207a868\" data-element_type=\"section\" data-e-type=\"section\">\n\t\t\t\t\t\t<div class=\"elementor-container elementor-column-gap-default\">\n\t\t\t\t\t<div class=\"elementor-column elementor-col-50 elementor-top-column elementor-element elementor-element-a1a506e\" data-id=\"a1a506e\" data-element_type=\"column\" data-e-type=\"column\">\n\t\t\t<div class=\"elementor-widget-wrap elementor-element-populated\">\n\t\t\t\t\t\t<div class=\"elementor-element elementor-element-9499602 elementor-widget elementor-widget-image\" data-id=\"9499602\" data-element_type=\"widget\" data-e-type=\"widget\" data-widget_type=\"image.default\">\n\t\t\t\t<div class=\"elementor-widget-container\">\n\t\t\t\t\t\t\t\t\t\t\t\t\t\t\t<img decoding=\"async\" width=\"522\" height=\"522\" src=\"https:\/\/beebipai.ee\/wp-content\/uploads\/2022\/08\/Rinnapiima-sailituskotid.jpg\" class=\"attachment-large size-large wp-image-8395\" alt=\"\" srcset=\"https:\/\/beebipai.ee\/wp-content\/uploads\/2022\/08\/Rinnapiima-sailituskotid.jpg 522w, https:\/\/beebipai.ee\/wp-content\/uploads\/2022\/08\/Rinnapiima-sailituskotid-300x300.jpg 300w, https:\/\/beebipai.ee\/wp-content\/uploads\/2022\/08\/Rinnapiima-sailituskotid-150x150.jpg 150w, https:\/\/beebipai.ee\/wp-content\/uploads\/2022\/08\/Rinnapiima-sailituskotid-12x12.jpg 12w, https:\/\/beebipai.ee\/wp-content\/uploads\/2022\/08\/Rinnapiima-sailituskotid-100x100.jpg 100w\" sizes=\"(max-width: 522px) 100vw, 522px\" \/>\t\t\t\t\t\t\t\t\t\t\t\t\t\t\t<\/div>\n\t\t\t\t<\/div>\n\t\t\t\t\t<\/div>\n\t\t<\/div>\n\t\t\t\t<div class=\"elementor-column elementor-col-50 elementor-top-column elementor-element elementor-element-d04ec9b\" data-id=\"d04ec9b\" data-element_type=\"column\" data-e-type=\"column\">\n\t\t\t<div class=\"elementor-widget-wrap elementor-element-populated\">\n\t\t\t\t\t\t<div class=\"elementor-element elementor-element-89405a6 elementor-widget elementor-widget-text-editor\" data-id=\"89405a6\" data-element_type=\"widget\" data-e-type=\"widget\" data-widget_type=\"text-editor.default\">\n\t\t\t\t<div class=\"elementor-widget-container\">\n\t\t\t\t\t\t\t\t\t<p>Kikkaboo m\u0101tes piena uzglab\u0101\u0161anas maisi\u0146i ir ietilp\u012bgi, tajos ir 200 ml piena. Dubultais stiprin\u0101jums padara m\u0101tes piena uzglab\u0101\u0161anas maisi\u0146us necaurlaid\u012bgus. Uzglab\u0101\u0161anas maisi\u0146i ir iepriek\u0161 steriliz\u0113ti, nodro\u0161inot m\u0101tes piena t\u012br\u012bbu. Uzglab\u0101\u0161anas maisi\u0146i, kas nesatur BPA, ir piem\u0113roti lieto\u0161anai gan ledusskap\u012b, gan sald\u0113tav\u0101. M\u0101tes piena uzglab\u0101\u0161anas maisi\u0146i ir apr\u012bkoti ar temperat\u016bras sensoru, kas nodro\u0161ina pareizu, kvalitat\u012bvu un dro\u0161u m\u0101tes piena uzglab\u0101\u0161anu.<\/p><p>M\u0101tes pienu istabas temperat\u016br\u0101 var uzglab\u0101t 8 stundas. No r\u012bta izspiesto pienu varat lietot visas dienas garum\u0101.\u00a0<\/p><p>Parast\u0101 ledusskap\u012b pienu var uzglab\u0101t 48 stundas, svar\u012bgi pienu pareizi atdzes\u0113t.<\/p><p>Parasta ledusskapja sald\u0113tav\u0101 (p\u0101rsvar\u0101 - 18 gr\u0101di) m\u0101tes pienu uzglab\u0101 3 m\u0113ne\u0161us, bet sald\u0113tav\u0101 (virs -21 gr\u0101da) m\u0101tes pienu saglab\u0101 6 m\u0113ne\u0161us.<\/p><p>Piena uzglab\u0101\u0161anai vienm\u0113r izmantojiet t\u012bru uzglab\u0101\u0161anas maisi\u0146u. Atdzes\u0113jiet pienu t\u016bl\u012bt p\u0113c s\u016bkn\u0113\u0161anas un nesasald\u0113jiet. Piepildiet 2\/3 maisa ar pienu, m\u0101tes piens sasald\u0113jot nedaudz izple\u0161as. Atkaus\u0113jot pienu, vislab\u0101k tam \u013caut atkaus\u0113t istabas temperat\u016br\u0101. Ja steidzies, labi noder ar\u012b \u016bdens vanna. M\u0101tes pienu nedr\u012bkst atkaus\u0113t mikrovi\u013c\u0146u kr\u0101sn\u012b. Viegli sakratiet izkaus\u0113to m\u0101tes pienu, lai v\u0113rt\u012bgie tauki, kas nos\u0113du\u0161ies apak\u0161\u0101, sajauktos ar p\u0101r\u0113jo pienu. Izlietojiet atkaus\u0113to pienu 2 stundu laik\u0101. Atkaus\u0113tu m\u0101tes pienu nedr\u012bkst atk\u0101rtoti sasald\u0113t!<\/p>\t\t\t\t\t\t\t\t<\/div>\n\t\t\t\t<\/div>\n\t\t\t\t\t<\/div>\n\t\t<\/div>\n\t\t\t\t\t<\/div>\n\t\t<\/section>\n\t\t\t\t<\/div>","protected":false},"excerpt":{"rendered":"<p>Kikkaboo m\u0101tes piena uzglab\u0101\u0161anas maisi\u0146i \u013cauj uzglab\u0101t v\u0113rt\u012bgo m\u0101tes pienu j\u016bsu mazulim dzi\u013c\u0101 sasald\u0113t l\u012bdz se\u0161iem m\u0113ne\u0161iem. M\u0101tes piena uzglab\u0101\u0161anas maisi\u0146i ir apr\u012bkoti ar temperat\u016bras sensoru, kas padara m\u0101tes piena uzglab\u0101\u0161anu pareizu un dro\u0161u.<\/p>","protected":false},"featured_media":8395,"template":"","meta":{"_monsterinsights_skip_tracking":false,"_monsterinsights_sitenote_active":false,"_monsterinsights_sitenote_note":"","_monsterinsights_sitenote_category":0,"site-sidebar-layout":"no-sidebar","site-content-layout":"page-builder","ast-site-content-layout":"default","site-content-style":"default","site-sidebar-style":"default","ast-global-header-display":"","ast-banner-title-visibility":"","ast-main-header-display":"","ast-hfb-above-header-display":"","ast-hfb-below-header-display":"","ast-hfb-mobile-header-display":"","site-post-title":"disabled","ast-breadcrumbs-content":"","ast-featured-img":"disabled","footer-sml-layout":"","ast-disable-related-posts":"","theme-transparent-header-meta":"default","adv-header-id-meta":"","stick-header-meta":"","header-above-stick-meta":"","header-main-stick-meta":"","header-below-stick-meta":"","astra-migrate-meta-layouts":"default","ast-page-background-enabled":"default","ast-page-background-meta":{"desktop":{"background-color":"","background-image":"","background-repeat":"repeat","background-position":"center center","background-size":"auto","background-attachment":"scroll","background-type":"","background-media":"","overlay-type":"","overlay-color":"","overlay-opacity":"","overlay-gradient":""},"tablet":{"background-color":"","background-image":"","background-repeat":"repeat","background-position":"center center","background-size":"auto","background-attachment":"scroll","background-type":"","background-media":"","overlay-type":"","overlay-color":"","overlay-opacity":"","overlay-gradient":""},"mobile":{"background-color":"","background-image":"","background-repeat":"repeat","background-position":"center center","background-size":"auto","background-attachment":"scroll","background-type":"","background-media":"","overlay-type":"","overlay-color":"","overlay-opacity":"","overlay-gradient":""}},"ast-content-background-meta":{"desktop":{"background-color":"var(--ast-global-color-5)","background-image":"","background-repeat":"repeat","background-position":"center center","background-size":"auto","background-attachment":"scroll","background-type":"","background-media":"","overlay-type":"","overlay-color":"","overlay-opacity":"","overlay-gradient":""},"tablet":{"background-color":"var(--ast-global-color-5)","background-image":"","background-repeat":"repeat","background-position":"center center","background-size":"auto","background-attachment":"scroll","background-type":"","background-media":"","overlay-type":"","overlay-color":"","overlay-opacity":"","overlay-gradient":""},"mobile":{"background-color":"var(--ast-global-color-5)","background-image":"","background-repeat":"repeat","background-position":"center center","background-size":"auto","background-attachment":"scroll","background-type":"","background-media":"","overlay-type":"","overlay-color":"","overlay-opacity":"","overlay-gradient":""}}},"product_brand":[],"product_cat":[22,103],"product_tag":[],"class_list":{"0":"post-5961","1":"product","2":"type-product","3":"status-publish","4":"has-post-thumbnail","6":"product_cat-emale","7":"product_cat-imetamine","8":"desktop-align-left","9":"tablet-align-left","10":"mobile-align-left","12":"first","13":"instock","14":"taxable","15":"shipping-taxable","16":"purchasable","17":"product-type-variable"},"yoast_head":"<!-- This site is optimized with the Yoast SEO plugin v27.3 - https:\/\/yoast.com\/product\/yoast-seo-wordpress\/ -->\n<title>Kikkaboo rinnapiima s\u00e4ilituskotid temperatuuri sensoriga - Beebipai<\/title>\n<meta name=\"description\" content=\"Kikkaboo rinnapiima s\u00e4ilituskotid s\u00e4ilitavad rinnapiima puhtalt ja turvaliselt. Vaata toodet Kikkaboo rinnapiima s\u00e4ilituskotid temperatuuri sensoriga!\" \/>\n<meta name=\"robots\" content=\"index, follow, max-snippet:-1, max-image-preview:large, max-video-preview:-1\" \/>\n<link rel=\"canonical\" href=\"https:\/\/beebipai.ee\/lv\/product\/kikkaboo-rinnapiima-sailituskotid-temperatuuri-sensoriga\/\" \/>\n<meta property=\"og:locale\" content=\"lv_LV\" \/>\n<meta property=\"og:type\" content=\"article\" \/>\n<meta property=\"og:title\" content=\"Kikkaboo rinnapiima s\u00e4ilituskotid temperatuuri sensoriga - Beebipai\" \/>\n<meta property=\"og:description\" content=\"Kikkaboo rinnapiima s\u00e4ilituskotid s\u00e4ilitavad rinnapiima puhtalt ja turvaliselt. Vaata toodet Kikkaboo rinnapiima s\u00e4ilituskotid temperatuuri sensoriga!\" \/>\n<meta property=\"og:url\" content=\"https:\/\/beebipai.ee\/lv\/product\/kikkaboo-rinnapiima-sailituskotid-temperatuuri-sensoriga\/\" \/>\n<meta property=\"og:site_name\" content=\"Beebipai\" \/>\n<meta property=\"article:modified_time\" content=\"2023-08-07T06:02:45+00:00\" \/>\n<meta property=\"og:image\" content=\"https:\/\/beebipai.ee\/wp-content\/uploads\/2022\/08\/Rinnapiima-sailituskotid.jpg\" \/>\n\t<meta property=\"og:image:width\" content=\"522\" \/>\n\t<meta property=\"og:image:height\" content=\"522\" \/>\n\t<meta property=\"og:image:type\" content=\"image\/jpeg\" \/>\n<meta name=\"twitter:card\" content=\"summary_large_image\" \/>\n<meta name=\"twitter:label1\" content=\"Est. reading time\" \/>\n\t<meta name=\"twitter:data1\" content=\"1 min\u016bte\" \/>\n<script type=\"application\/ld+json\" class=\"yoast-schema-graph\">{\"@context\":\"https:\\\/\\\/schema.org\",\"@graph\":[{\"@type\":\"WebPage\",\"@id\":\"https:\\\/\\\/beebipai.ee\\\/product\\\/kikkaboo-rinnapiima-sailituskotid-temperatuuri-sensoriga\\\/\",\"url\":\"https:\\\/\\\/beebipai.ee\\\/product\\\/kikkaboo-rinnapiima-sailituskotid-temperatuuri-sensoriga\\\/\",\"name\":\"Kikkaboo rinnapiima s\u00e4ilituskotid temperatuuri sensoriga - Beebipai\",\"isPartOf\":{\"@id\":\"https:\\\/\\\/beebipai.ee\\\/en\\\/#website\"},\"primaryImageOfPage\":{\"@id\":\"https:\\\/\\\/beebipai.ee\\\/product\\\/kikkaboo-rinnapiima-sailituskotid-temperatuuri-sensoriga\\\/#primaryimage\"},\"image\":{\"@id\":\"https:\\\/\\\/beebipai.ee\\\/product\\\/kikkaboo-rinnapiima-sailituskotid-temperatuuri-sensoriga\\\/#primaryimage\"},\"thumbnailUrl\":\"https:\\\/\\\/beebipai.ee\\\/wp-content\\\/uploads\\\/2022\\\/08\\\/Rinnapiima-sailituskotid.jpg\",\"datePublished\":\"2022-08-20T20:50:45+00:00\",\"dateModified\":\"2023-08-07T06:02:45+00:00\",\"description\":\"Kikkaboo rinnapiima s\u00e4ilituskotid s\u00e4ilitavad rinnapiima puhtalt ja turvaliselt. Vaata toodet Kikkaboo rinnapiima s\u00e4ilituskotid temperatuuri sensoriga!\",\"breadcrumb\":{\"@id\":\"https:\\\/\\\/beebipai.ee\\\/product\\\/kikkaboo-rinnapiima-sailituskotid-temperatuuri-sensoriga\\\/#breadcrumb\"},\"inLanguage\":\"lv-LV\",\"potentialAction\":[{\"@type\":\"ReadAction\",\"target\":[\"https:\\\/\\\/beebipai.ee\\\/product\\\/kikkaboo-rinnapiima-sailituskotid-temperatuuri-sensoriga\\\/\"]}]},{\"@type\":\"ImageObject\",\"inLanguage\":\"lv-LV\",\"@id\":\"https:\\\/\\\/beebipai.ee\\\/product\\\/kikkaboo-rinnapiima-sailituskotid-temperatuuri-sensoriga\\\/#primaryimage\",\"url\":\"https:\\\/\\\/beebipai.ee\\\/wp-content\\\/uploads\\\/2022\\\/08\\\/Rinnapiima-sailituskotid.jpg\",\"contentUrl\":\"https:\\\/\\\/beebipai.ee\\\/wp-content\\\/uploads\\\/2022\\\/08\\\/Rinnapiima-sailituskotid.jpg\",\"width\":522,\"height\":522},{\"@type\":\"BreadcrumbList\",\"@id\":\"https:\\\/\\\/beebipai.ee\\\/product\\\/kikkaboo-rinnapiima-sailituskotid-temperatuuri-sensoriga\\\/#breadcrumb\",\"itemListElement\":[{\"@type\":\"ListItem\",\"position\":1,\"name\":\"Home\",\"item\":\"https:\\\/\\\/beebipai.ee\\\/\"},{\"@type\":\"ListItem\",\"position\":2,\"name\":\"Pood\",\"item\":\"https:\\\/\\\/beebipai.ee\\\/store\\\/\"},{\"@type\":\"ListItem\",\"position\":3,\"name\":\"Kikkaboo rinnapiima s\u00e4ilituskotid temperatuuri sensoriga\"}]},{\"@type\":\"WebSite\",\"@id\":\"https:\\\/\\\/beebipai.ee\\\/en\\\/#website\",\"url\":\"https:\\\/\\\/beebipai.ee\\\/en\\\/\",\"name\":\"Beebipai\",\"description\":\"Rasedate ja beebide veebipood\",\"potentialAction\":[{\"@type\":\"SearchAction\",\"target\":{\"@type\":\"EntryPoint\",\"urlTemplate\":\"https:\\\/\\\/beebipai.ee\\\/en\\\/?s={search_term_string}\"},\"query-input\":{\"@type\":\"PropertyValueSpecification\",\"valueRequired\":true,\"valueName\":\"search_term_string\"}}],\"inLanguage\":\"lv-LV\"}]}<\/script>\n<!-- \/ Yoast SEO plugin. -->","yoast_head_json":{"title":"Kikkaboo rinnapiima s\u00e4ilituskotid temperatuuri sensoriga - Beebipai","description":"Kikkaboo rinnapiima s\u00e4ilituskotid s\u00e4ilitavad rinnapiima puhtalt ja turvaliselt. Vaata toodet Kikkaboo rinnapiima s\u00e4ilituskotid temperatuuri sensoriga!","robots":{"index":"index","follow":"follow","max-snippet":"max-snippet:-1","max-image-preview":"max-image-preview:large","max-video-preview":"max-video-preview:-1"},"canonical":"https:\/\/beebipai.ee\/lv\/product\/kikkaboo-rinnapiima-sailituskotid-temperatuuri-sensoriga\/","og_locale":"lv_LV","og_type":"article","og_title":"Kikkaboo rinnapiima s\u00e4ilituskotid temperatuuri sensoriga - Beebipai","og_description":"Kikkaboo rinnapiima s\u00e4ilituskotid s\u00e4ilitavad rinnapiima puhtalt ja turvaliselt. Vaata toodet Kikkaboo rinnapiima s\u00e4ilituskotid temperatuuri sensoriga!","og_url":"https:\/\/beebipai.ee\/lv\/product\/kikkaboo-rinnapiima-sailituskotid-temperatuuri-sensoriga\/","og_site_name":"Beebipai","article_modified_time":"2023-08-07T06:02:45+00:00","og_image":[{"width":522,"height":522,"url":"https:\/\/beebipai.ee\/wp-content\/uploads\/2022\/08\/Rinnapiima-sailituskotid.jpg","type":"image\/jpeg"}],"twitter_card":"summary_large_image","twitter_misc":{"Est. reading time":"1 min\u016bte"},"schema":{"@context":"https:\/\/schema.org","@graph":[{"@type":"WebPage","@id":"https:\/\/beebipai.ee\/product\/kikkaboo-rinnapiima-sailituskotid-temperatuuri-sensoriga\/","url":"https:\/\/beebipai.ee\/product\/kikkaboo-rinnapiima-sailituskotid-temperatuuri-sensoriga\/","name":"Kikkaboo rinnapiima s\u00e4ilituskotid temperatuuri sensoriga - Beebipai","isPartOf":{"@id":"https:\/\/beebipai.ee\/en\/#website"},"primaryImageOfPage":{"@id":"https:\/\/beebipai.ee\/product\/kikkaboo-rinnapiima-sailituskotid-temperatuuri-sensoriga\/#primaryimage"},"image":{"@id":"https:\/\/beebipai.ee\/product\/kikkaboo-rinnapiima-sailituskotid-temperatuuri-sensoriga\/#primaryimage"},"thumbnailUrl":"https:\/\/beebipai.ee\/wp-content\/uploads\/2022\/08\/Rinnapiima-sailituskotid.jpg","datePublished":"2022-08-20T20:50:45+00:00","dateModified":"2023-08-07T06:02:45+00:00","description":"Kikkaboo rinnapiima s\u00e4ilituskotid s\u00e4ilitavad rinnapiima puhtalt ja turvaliselt. Vaata toodet Kikkaboo rinnapiima s\u00e4ilituskotid temperatuuri sensoriga!","breadcrumb":{"@id":"https:\/\/beebipai.ee\/product\/kikkaboo-rinnapiima-sailituskotid-temperatuuri-sensoriga\/#breadcrumb"},"inLanguage":"lv-LV","potentialAction":[{"@type":"ReadAction","target":["https:\/\/beebipai.ee\/product\/kikkaboo-rinnapiima-sailituskotid-temperatuuri-sensoriga\/"]}]},{"@type":"ImageObject","inLanguage":"lv-LV","@id":"https:\/\/beebipai.ee\/product\/kikkaboo-rinnapiima-sailituskotid-temperatuuri-sensoriga\/#primaryimage","url":"https:\/\/beebipai.ee\/wp-content\/uploads\/2022\/08\/Rinnapiima-sailituskotid.jpg","contentUrl":"https:\/\/beebipai.ee\/wp-content\/uploads\/2022\/08\/Rinnapiima-sailituskotid.jpg","width":522,"height":522},{"@type":"BreadcrumbList","@id":"https:\/\/beebipai.ee\/product\/kikkaboo-rinnapiima-sailituskotid-temperatuuri-sensoriga\/#breadcrumb","itemListElement":[{"@type":"ListItem","position":1,"name":"Home","item":"https:\/\/beebipai.ee\/"},{"@type":"ListItem","position":2,"name":"Pood","item":"https:\/\/beebipai.ee\/store\/"},{"@type":"ListItem","position":3,"name":"Kikkaboo rinnapiima s\u00e4ilituskotid temperatuuri sensoriga"}]},{"@type":"WebSite","@id":"https:\/\/beebipai.ee\/en\/#website","url":"https:\/\/beebipai.ee\/en\/","name":"Beebipai","description":"Rasedate ja beebide veebipood","potentialAction":[{"@type":"SearchAction","target":{"@type":"EntryPoint","urlTemplate":"https:\/\/beebipai.ee\/en\/?s={search_term_string}"},"query-input":{"@type":"PropertyValueSpecification","valueRequired":true,"valueName":"search_term_string"}}],"inLanguage":"lv-LV"}]}},"_links":{"self":[{"href":"https:\/\/beebipai.ee\/lv\/wp-json\/wp\/v2\/product\/5961","targetHints":{"allow":["GET"]}}],"collection":[{"href":"https:\/\/beebipai.ee\/lv\/wp-json\/wp\/v2\/product"}],"about":[{"href":"https:\/\/beebipai.ee\/lv\/wp-json\/wp\/v2\/types\/product"}],"version-history":[{"count":5,"href":"https:\/\/beebipai.ee\/lv\/wp-json\/wp\/v2\/product\/5961\/revisions"}],"predecessor-version":[{"id":8399,"href":"https:\/\/beebipai.ee\/lv\/wp-json\/wp\/v2\/product\/5961\/revisions\/8399"}],"wp:featuredmedia":[{"embeddable":true,"href":"https:\/\/beebipai.ee\/lv\/wp-json\/wp\/v2\/media\/8395"}],"wp:attachment":[{"href":"https:\/\/beebipai.ee\/lv\/wp-json\/wp\/v2\/media?parent=5961"}],"wp:term":[{"taxonomy":"product_brand","embeddable":true,"href":"https:\/\/beebipai.ee\/lv\/wp-json\/wp\/v2\/product_brand?post=5961"},{"taxonomy":"product_cat","embeddable":true,"href":"https:\/\/beebipai.ee\/lv\/wp-json\/wp\/v2\/product_cat?post=5961"},{"taxonomy":"product_tag","embeddable":true,"href":"https:\/\/beebipai.ee\/lv\/wp-json\/wp\/v2\/product_tag?post=5961"}],"curies":[{"name":"wp","href":"https:\/\/api.w.org\/{rel}","templated":true}]}}