{"id":5943,"date":"2022-08-20T22:43:40","date_gmt":"2022-08-20T19:43:40","guid":{"rendered":"https:\/\/beebipai.ee\/?post_type=product&#038;p=5943"},"modified":"2023-08-07T09:01:57","modified_gmt":"2023-08-07T06:01:57","slug":"kikkaboo-rinnapadjad-50-tk-pakis","status":"publish","type":"product","link":"https:\/\/beebipai.ee\/lv\/product\/kikkaboo-rinnapadjad-50-tk-pakis\/","title":{"rendered":"Kikkaboo kr\u016b\u0161u spilventi\u0146i, 50 gab iepakojum\u0101"},"content":{"rendered":"<div data-elementor-type=\"wp-post\" data-elementor-id=\"5943\" class=\"elementor elementor-5943\">\n\t\t\t\t\t\t<section class=\"elementor-section elementor-top-section elementor-element elementor-element-6a0861e elementor-section-boxed elementor-section-height-default elementor-section-height-default\" data-id=\"6a0861e\" data-element_type=\"section\" data-e-type=\"section\">\n\t\t\t\t\t\t<div class=\"elementor-container elementor-column-gap-default\">\n\t\t\t\t\t<div class=\"elementor-column elementor-col-50 elementor-top-column elementor-element elementor-element-320bf62\" data-id=\"320bf62\" data-element_type=\"column\" data-e-type=\"column\">\n\t\t\t<div class=\"elementor-widget-wrap elementor-element-populated\">\n\t\t\t\t\t\t<div class=\"elementor-element elementor-element-69168c6 elementor-widget elementor-widget-heading\" data-id=\"69168c6\" data-element_type=\"widget\" data-e-type=\"widget\" data-widget_type=\"heading.default\">\n\t\t\t\t<div class=\"elementor-widget-container\">\n\t\t\t\t\t<h2 class=\"elementor-heading-title elementor-size-default\">Vienreiz\u0113j\u0101s lieto\u0161anas kr\u016b\u0161u spilventi\u0146i<\/h2>\t\t\t\t<\/div>\n\t\t\t\t<\/div>\n\t\t\t\t<div class=\"elementor-element elementor-element-ac342d5 elementor-widget elementor-widget-text-editor\" data-id=\"ac342d5\" data-element_type=\"widget\" data-e-type=\"widget\" data-widget_type=\"text-editor.default\">\n\t\t\t\t<div class=\"elementor-widget-container\">\n\t\t\t\t\t\t\t\t\t<p>Kikkaboo kr\u016b\u0161u spilventi\u0146i ir paredz\u0113ti, lai nodro\u0161in\u0101tu maksim\u0101lu komfortu un aizsardz\u012bbu pret piena nopl\u016bdi z\u012bd\u012b\u0161anas laik\u0101. Izgatavota no \u012bpa\u0161i m\u012bksta un elpojo\u0161a materi\u0101la, kas padara lieto\u0161anu m\u012bkstu, ja kr\u016btis ir jut\u012bga un maiga.\u00a0<\/p><p>\u012apa\u0161i pl\u0101ns kr\u016b\u0161u spilventi\u0146\u0161 ir tikai 0,2 cm biezs, bet t\u0101 absorbcijas sp\u0113ja ir 140 ml. \u0160\u016bnveida raksts liek kr\u016b\u0161u spilventi\u0146am vienm\u0113r\u012bgi un \u0101tri uzs\u016bkties, saglab\u0101jot kr\u016btis sausu un t\u012bru ilgu laiku.<\/p><p>Kr\u016b\u0161u polster\u0113juma aizmugur\u0113 ir dubult\u0101 uzl\u012bme, kas dro\u0161i piestiprina kr\u016b\u0161u polster\u0113jumu pie kr\u016b\u0161tura. Lai nodro\u0161in\u0101tu kr\u016b\u0161u spilventi\u0146u t\u012br\u012bbu, visi kr\u016b\u0161u spilventi\u0146i ir iepakoti atsevi\u0161\u0137i, kas nodro\u0161ina kr\u016b\u0161u spilventi\u0146u higi\u0113nu pat tad, kad iepakojums jau ir atv\u0113rts.<\/p>\t\t\t\t\t\t\t\t<\/div>\n\t\t\t\t<\/div>\n\t\t\t\t\t<\/div>\n\t\t<\/div>\n\t\t\t\t<div class=\"elementor-column elementor-col-50 elementor-top-column elementor-element elementor-element-677bb7c\" data-id=\"677bb7c\" data-element_type=\"column\" data-e-type=\"column\">\n\t\t\t<div class=\"elementor-widget-wrap elementor-element-populated\">\n\t\t\t\t\t\t<div class=\"elementor-element elementor-element-6076497 elementor-widget elementor-widget-image\" data-id=\"6076497\" data-element_type=\"widget\" data-e-type=\"widget\" data-widget_type=\"image.default\">\n\t\t\t\t<div class=\"elementor-widget-container\">\n\t\t\t\t\t\t\t\t\t\t\t\t\t\t\t<img fetchpriority=\"high\" decoding=\"async\" width=\"400\" height=\"257\" src=\"https:\/\/beebipai.ee\/wp-content\/uploads\/2022\/08\/Kikkaboo-rinnapadjad9-e1661023743988.jpeg\" class=\"attachment-large size-large wp-image-5954\" alt=\"\" srcset=\"https:\/\/beebipai.ee\/wp-content\/uploads\/2022\/08\/Kikkaboo-rinnapadjad9-e1661023743988.jpeg 400w, https:\/\/beebipai.ee\/wp-content\/uploads\/2022\/08\/Kikkaboo-rinnapadjad9-e1661023743988-300x193.jpeg 300w, https:\/\/beebipai.ee\/wp-content\/uploads\/2022\/08\/Kikkaboo-rinnapadjad9-e1661023743988-18x12.jpeg 18w\" sizes=\"(max-width: 400px) 100vw, 400px\" \/>\t\t\t\t\t\t\t\t\t\t\t\t\t\t\t<\/div>\n\t\t\t\t<\/div>\n\t\t\t\t\t<\/div>\n\t\t<\/div>\n\t\t\t\t\t<\/div>\n\t\t<\/section>\n\t\t\t\t<\/div>","protected":false},"excerpt":{"rendered":"<p>Kikkaboo kr\u016b\u0161u spilventi\u0146i ir gan \u0113rti, gan stingri, pied\u0101v\u0101jot uzticamu aizsardz\u012bbu pret nopl\u016bd\u0113m z\u012bd\u012bt\u0101jai.<\/p>","protected":false},"featured_media":5949,"template":"","meta":{"_monsterinsights_skip_tracking":false,"_monsterinsights_sitenote_active":false,"_monsterinsights_sitenote_note":"","_monsterinsights_sitenote_category":0,"site-sidebar-layout":"no-sidebar","site-content-layout":"page-builder","ast-site-content-layout":"default","site-content-style":"default","site-sidebar-style":"default","ast-global-header-display":"","ast-banner-title-visibility":"","ast-main-header-display":"","ast-hfb-above-header-display":"","ast-hfb-below-header-display":"","ast-hfb-mobile-header-display":"","site-post-title":"disabled","ast-breadcrumbs-content":"","ast-featured-img":"disabled","footer-sml-layout":"","ast-disable-related-posts":"","theme-transparent-header-meta":"default","adv-header-id-meta":"","stick-header-meta":"","header-above-stick-meta":"","header-main-stick-meta":"","header-below-stick-meta":"","astra-migrate-meta-layouts":"default","ast-page-background-enabled":"default","ast-page-background-meta":{"desktop":{"background-color":"","background-image":"","background-repeat":"repeat","background-position":"center center","background-size":"auto","background-attachment":"scroll","background-type":"","background-media":"","overlay-type":"","overlay-color":"","overlay-opacity":"","overlay-gradient":""},"tablet":{"background-color":"","background-image":"","background-repeat":"repeat","background-position":"center center","background-size":"auto","background-attachment":"scroll","background-type":"","background-media":"","overlay-type":"","overlay-color":"","overlay-opacity":"","overlay-gradient":""},"mobile":{"background-color":"","background-image":"","background-repeat":"repeat","background-position":"center center","background-size":"auto","background-attachment":"scroll","background-type":"","background-media":"","overlay-type":"","overlay-color":"","overlay-opacity":"","overlay-gradient":""}},"ast-content-background-meta":{"desktop":{"background-color":"var(--ast-global-color-5)","background-image":"","background-repeat":"repeat","background-position":"center center","background-size":"auto","background-attachment":"scroll","background-type":"","background-media":"","overlay-type":"","overlay-color":"","overlay-opacity":"","overlay-gradient":""},"tablet":{"background-color":"var(--ast-global-color-5)","background-image":"","background-repeat":"repeat","background-position":"center center","background-size":"auto","background-attachment":"scroll","background-type":"","background-media":"","overlay-type":"","overlay-color":"","overlay-opacity":"","overlay-gradient":""},"mobile":{"background-color":"var(--ast-global-color-5)","background-image":"","background-repeat":"repeat","background-position":"center center","background-size":"auto","background-attachment":"scroll","background-type":"","background-media":"","overlay-type":"","overlay-color":"","overlay-opacity":"","overlay-gradient":""}}},"product_brand":[],"product_cat":[22,103],"product_tag":[],"class_list":{"0":"post-5943","1":"product","2":"type-product","3":"status-publish","4":"has-post-thumbnail","6":"product_cat-emale","7":"product_cat-imetamine","8":"desktop-align-left","9":"tablet-align-left","10":"mobile-align-left","12":"first","13":"instock","14":"taxable","15":"shipping-taxable","16":"purchasable","17":"product-type-simple"},"yoast_head":"<!-- This site is optimized with the Yoast SEO plugin v27.3 - https:\/\/yoast.com\/product\/yoast-seo-wordpress\/ -->\n<title>Kikkaboo rinnapadjad, 50 tk pakis - Beebipai<\/title>\n<meta name=\"description\" content=\"Kikkaboo rinnapadjad on v\u00e4ga hea imavusega, pakkudes parimat kaitset v\u00f5imaliku piimalekke eest. Vaata toodet Kikkaboo rinnapadjad!\" \/>\n<meta name=\"robots\" content=\"index, follow, max-snippet:-1, max-image-preview:large, max-video-preview:-1\" \/>\n<link rel=\"canonical\" href=\"https:\/\/beebipai.ee\/lv\/product\/kikkaboo-rinnapadjad-50-tk-pakis\/\" \/>\n<meta property=\"og:locale\" content=\"lv_LV\" \/>\n<meta property=\"og:type\" content=\"article\" \/>\n<meta property=\"og:title\" content=\"Kikkaboo rinnapadjad, 50 tk pakis - Beebipai\" \/>\n<meta property=\"og:description\" content=\"Kikkaboo rinnapadjad on v\u00e4ga hea imavusega, pakkudes parimat kaitset v\u00f5imaliku piimalekke eest. Vaata toodet Kikkaboo rinnapadjad!\" \/>\n<meta property=\"og:url\" content=\"https:\/\/beebipai.ee\/lv\/product\/kikkaboo-rinnapadjad-50-tk-pakis\/\" \/>\n<meta property=\"og:site_name\" content=\"Beebipai\" \/>\n<meta property=\"article:modified_time\" content=\"2023-08-07T06:01:57+00:00\" \/>\n<meta property=\"og:image\" content=\"https:\/\/beebipai.ee\/wp-content\/uploads\/2022\/08\/Kikkaboo-rinnapadjad-e1661024975595.jpeg\" \/>\n\t<meta property=\"og:image:width\" content=\"600\" \/>\n\t<meta property=\"og:image:height\" content=\"600\" \/>\n\t<meta property=\"og:image:type\" content=\"image\/jpeg\" \/>\n<meta name=\"twitter:card\" content=\"summary_large_image\" \/>\n<script type=\"application\/ld+json\" class=\"yoast-schema-graph\">{\"@context\":\"https:\\\/\\\/schema.org\",\"@graph\":[{\"@type\":\"WebPage\",\"@id\":\"https:\\\/\\\/beebipai.ee\\\/product\\\/kikkaboo-rinnapadjad-50-tk-pakis\\\/\",\"url\":\"https:\\\/\\\/beebipai.ee\\\/product\\\/kikkaboo-rinnapadjad-50-tk-pakis\\\/\",\"name\":\"Kikkaboo rinnapadjad, 50 tk pakis - Beebipai\",\"isPartOf\":{\"@id\":\"https:\\\/\\\/beebipai.ee\\\/en\\\/#website\"},\"primaryImageOfPage\":{\"@id\":\"https:\\\/\\\/beebipai.ee\\\/product\\\/kikkaboo-rinnapadjad-50-tk-pakis\\\/#primaryimage\"},\"image\":{\"@id\":\"https:\\\/\\\/beebipai.ee\\\/product\\\/kikkaboo-rinnapadjad-50-tk-pakis\\\/#primaryimage\"},\"thumbnailUrl\":\"https:\\\/\\\/beebipai.ee\\\/wp-content\\\/uploads\\\/2022\\\/08\\\/Kikkaboo-rinnapadjad-e1661024975595.jpeg\",\"datePublished\":\"2022-08-20T19:43:40+00:00\",\"dateModified\":\"2023-08-07T06:01:57+00:00\",\"description\":\"Kikkaboo rinnapadjad on v\u00e4ga hea imavusega, pakkudes parimat kaitset v\u00f5imaliku piimalekke eest. Vaata toodet Kikkaboo rinnapadjad!\",\"breadcrumb\":{\"@id\":\"https:\\\/\\\/beebipai.ee\\\/product\\\/kikkaboo-rinnapadjad-50-tk-pakis\\\/#breadcrumb\"},\"inLanguage\":\"lv-LV\",\"potentialAction\":[{\"@type\":\"ReadAction\",\"target\":[\"https:\\\/\\\/beebipai.ee\\\/product\\\/kikkaboo-rinnapadjad-50-tk-pakis\\\/\"]}]},{\"@type\":\"ImageObject\",\"inLanguage\":\"lv-LV\",\"@id\":\"https:\\\/\\\/beebipai.ee\\\/product\\\/kikkaboo-rinnapadjad-50-tk-pakis\\\/#primaryimage\",\"url\":\"https:\\\/\\\/beebipai.ee\\\/wp-content\\\/uploads\\\/2022\\\/08\\\/Kikkaboo-rinnapadjad-e1661024975595.jpeg\",\"contentUrl\":\"https:\\\/\\\/beebipai.ee\\\/wp-content\\\/uploads\\\/2022\\\/08\\\/Kikkaboo-rinnapadjad-e1661024975595.jpeg\",\"width\":600,\"height\":600},{\"@type\":\"BreadcrumbList\",\"@id\":\"https:\\\/\\\/beebipai.ee\\\/product\\\/kikkaboo-rinnapadjad-50-tk-pakis\\\/#breadcrumb\",\"itemListElement\":[{\"@type\":\"ListItem\",\"position\":1,\"name\":\"Home\",\"item\":\"https:\\\/\\\/beebipai.ee\\\/\"},{\"@type\":\"ListItem\",\"position\":2,\"name\":\"Pood\",\"item\":\"https:\\\/\\\/beebipai.ee\\\/store\\\/\"},{\"@type\":\"ListItem\",\"position\":3,\"name\":\"Kikkaboo rinnapadjad, 50 tk pakis\"}]},{\"@type\":\"WebSite\",\"@id\":\"https:\\\/\\\/beebipai.ee\\\/en\\\/#website\",\"url\":\"https:\\\/\\\/beebipai.ee\\\/en\\\/\",\"name\":\"Beebipai\",\"description\":\"Rasedate ja beebide veebipood\",\"potentialAction\":[{\"@type\":\"SearchAction\",\"target\":{\"@type\":\"EntryPoint\",\"urlTemplate\":\"https:\\\/\\\/beebipai.ee\\\/en\\\/?s={search_term_string}\"},\"query-input\":{\"@type\":\"PropertyValueSpecification\",\"valueRequired\":true,\"valueName\":\"search_term_string\"}}],\"inLanguage\":\"lv-LV\"}]}<\/script>\n<!-- \/ Yoast SEO plugin. -->","yoast_head_json":{"title":"Kikkaboo rinnapadjad, 50 tk pakis - Beebipai","description":"Kikkaboo rinnapadjad on v\u00e4ga hea imavusega, pakkudes parimat kaitset v\u00f5imaliku piimalekke eest. Vaata toodet Kikkaboo rinnapadjad!","robots":{"index":"index","follow":"follow","max-snippet":"max-snippet:-1","max-image-preview":"max-image-preview:large","max-video-preview":"max-video-preview:-1"},"canonical":"https:\/\/beebipai.ee\/lv\/product\/kikkaboo-rinnapadjad-50-tk-pakis\/","og_locale":"lv_LV","og_type":"article","og_title":"Kikkaboo rinnapadjad, 50 tk pakis - Beebipai","og_description":"Kikkaboo rinnapadjad on v\u00e4ga hea imavusega, pakkudes parimat kaitset v\u00f5imaliku piimalekke eest. Vaata toodet Kikkaboo rinnapadjad!","og_url":"https:\/\/beebipai.ee\/lv\/product\/kikkaboo-rinnapadjad-50-tk-pakis\/","og_site_name":"Beebipai","article_modified_time":"2023-08-07T06:01:57+00:00","og_image":[{"width":600,"height":600,"url":"https:\/\/beebipai.ee\/wp-content\/uploads\/2022\/08\/Kikkaboo-rinnapadjad-e1661024975595.jpeg","type":"image\/jpeg"}],"twitter_card":"summary_large_image","schema":{"@context":"https:\/\/schema.org","@graph":[{"@type":"WebPage","@id":"https:\/\/beebipai.ee\/product\/kikkaboo-rinnapadjad-50-tk-pakis\/","url":"https:\/\/beebipai.ee\/product\/kikkaboo-rinnapadjad-50-tk-pakis\/","name":"Kikkaboo rinnapadjad, 50 tk pakis - Beebipai","isPartOf":{"@id":"https:\/\/beebipai.ee\/en\/#website"},"primaryImageOfPage":{"@id":"https:\/\/beebipai.ee\/product\/kikkaboo-rinnapadjad-50-tk-pakis\/#primaryimage"},"image":{"@id":"https:\/\/beebipai.ee\/product\/kikkaboo-rinnapadjad-50-tk-pakis\/#primaryimage"},"thumbnailUrl":"https:\/\/beebipai.ee\/wp-content\/uploads\/2022\/08\/Kikkaboo-rinnapadjad-e1661024975595.jpeg","datePublished":"2022-08-20T19:43:40+00:00","dateModified":"2023-08-07T06:01:57+00:00","description":"Kikkaboo rinnapadjad on v\u00e4ga hea imavusega, pakkudes parimat kaitset v\u00f5imaliku piimalekke eest. Vaata toodet Kikkaboo rinnapadjad!","breadcrumb":{"@id":"https:\/\/beebipai.ee\/product\/kikkaboo-rinnapadjad-50-tk-pakis\/#breadcrumb"},"inLanguage":"lv-LV","potentialAction":[{"@type":"ReadAction","target":["https:\/\/beebipai.ee\/product\/kikkaboo-rinnapadjad-50-tk-pakis\/"]}]},{"@type":"ImageObject","inLanguage":"lv-LV","@id":"https:\/\/beebipai.ee\/product\/kikkaboo-rinnapadjad-50-tk-pakis\/#primaryimage","url":"https:\/\/beebipai.ee\/wp-content\/uploads\/2022\/08\/Kikkaboo-rinnapadjad-e1661024975595.jpeg","contentUrl":"https:\/\/beebipai.ee\/wp-content\/uploads\/2022\/08\/Kikkaboo-rinnapadjad-e1661024975595.jpeg","width":600,"height":600},{"@type":"BreadcrumbList","@id":"https:\/\/beebipai.ee\/product\/kikkaboo-rinnapadjad-50-tk-pakis\/#breadcrumb","itemListElement":[{"@type":"ListItem","position":1,"name":"Home","item":"https:\/\/beebipai.ee\/"},{"@type":"ListItem","position":2,"name":"Pood","item":"https:\/\/beebipai.ee\/store\/"},{"@type":"ListItem","position":3,"name":"Kikkaboo rinnapadjad, 50 tk pakis"}]},{"@type":"WebSite","@id":"https:\/\/beebipai.ee\/en\/#website","url":"https:\/\/beebipai.ee\/en\/","name":"Beebipai","description":"Rasedate ja beebide veebipood","potentialAction":[{"@type":"SearchAction","target":{"@type":"EntryPoint","urlTemplate":"https:\/\/beebipai.ee\/en\/?s={search_term_string}"},"query-input":{"@type":"PropertyValueSpecification","valueRequired":true,"valueName":"search_term_string"}}],"inLanguage":"lv-LV"}]}},"_links":{"self":[{"href":"https:\/\/beebipai.ee\/lv\/wp-json\/wp\/v2\/product\/5943","targetHints":{"allow":["GET"]}}],"collection":[{"href":"https:\/\/beebipai.ee\/lv\/wp-json\/wp\/v2\/product"}],"about":[{"href":"https:\/\/beebipai.ee\/lv\/wp-json\/wp\/v2\/types\/product"}],"version-history":[{"count":5,"href":"https:\/\/beebipai.ee\/lv\/wp-json\/wp\/v2\/product\/5943\/revisions"}],"predecessor-version":[{"id":6135,"href":"https:\/\/beebipai.ee\/lv\/wp-json\/wp\/v2\/product\/5943\/revisions\/6135"}],"wp:featuredmedia":[{"embeddable":true,"href":"https:\/\/beebipai.ee\/lv\/wp-json\/wp\/v2\/media\/5949"}],"wp:attachment":[{"href":"https:\/\/beebipai.ee\/lv\/wp-json\/wp\/v2\/media?parent=5943"}],"wp:term":[{"taxonomy":"product_brand","embeddable":true,"href":"https:\/\/beebipai.ee\/lv\/wp-json\/wp\/v2\/product_brand?post=5943"},{"taxonomy":"product_cat","embeddable":true,"href":"https:\/\/beebipai.ee\/lv\/wp-json\/wp\/v2\/product_cat?post=5943"},{"taxonomy":"product_tag","embeddable":true,"href":"https:\/\/beebipai.ee\/lv\/wp-json\/wp\/v2\/product_tag?post=5943"}],"curies":[{"name":"wp","href":"https:\/\/api.w.org\/{rel}","templated":true}]}}