{"id":5774,"date":"2022-08-14T22:00:06","date_gmt":"2022-08-14T19:00:06","guid":{"rendered":"https:\/\/www.beebipai.ee\/?post_type=product&#038;p=5774"},"modified":"2025-02-10T06:49:20","modified_gmt":"2025-02-10T04:49:20","slug":"seraphine-top-raseduse-ja-imetamise-perioodiks-2tk-pakis","status":"publish","type":"product","link":"https:\/\/beebipai.ee\/lv\/product\/seraphine-top-raseduse-ja-imetamise-perioodiks-2tk-pakis\/","title":{"rendered":"Seraphine tops gr\u016btniec\u0113m un z\u012bd\u012b\u0161anas periodiem, 2 gab iepakojum\u0101"},"content":{"rendered":"<div data-elementor-type=\"wp-post\" data-elementor-id=\"5774\" class=\"elementor elementor-5774\">\n\t\t\t\t\t\t<section class=\"elementor-section elementor-top-section elementor-element elementor-element-8a8c265 elementor-section-boxed elementor-section-height-default elementor-section-height-default\" data-id=\"8a8c265\" data-element_type=\"section\" data-e-type=\"section\">\n\t\t\t\t\t\t<div class=\"elementor-container elementor-column-gap-default\">\n\t\t\t\t\t<div class=\"elementor-column elementor-col-33 elementor-top-column elementor-element elementor-element-0cbef4e\" data-id=\"0cbef4e\" data-element_type=\"column\" data-e-type=\"column\">\n\t\t\t<div class=\"elementor-widget-wrap elementor-element-populated\">\n\t\t\t\t\t\t<div class=\"elementor-element elementor-element-ace6126 elementor-widget elementor-widget-heading\" data-id=\"ace6126\" data-element_type=\"widget\" data-e-type=\"widget\" data-widget_type=\"heading.default\">\n\t\t\t\t<div class=\"elementor-widget-container\">\n\t\t\t\t\t<h2 class=\"elementor-heading-title elementor-size-default\">Seraphine tops gr\u016btniec\u0113m un baro\u0161anai ar kr\u016bti<\/h2>\t\t\t\t<\/div>\n\t\t\t\t<\/div>\n\t\t\t\t<div class=\"elementor-element elementor-element-8111079 elementor-widget elementor-widget-text-editor\" data-id=\"8111079\" data-element_type=\"widget\" data-e-type=\"widget\" data-widget_type=\"text-editor.default\">\n\t\t\t\t<div class=\"elementor-widget-container\">\n\t\t\t\t\t\t\t\t\t<p>Seraphine krekli gr\u016btniec\u012bbas un z\u012bd\u012b\u0161anas laik\u0101 ir izgatavoti no m\u012bkstas un elast\u012bgas viskozes. \u0100dai draudz\u012bgais materi\u0101ls neliek sv\u012bst un piel\u0101gojas temperat\u016brai. Topa tambor\u0113t\u0101s malas nodro\u0161ina piem\u0113rot\u012bbu katram gr\u016btniec\u012bbas periodam, piel\u0101gojoties main\u012bgajam \u0137ermenim un augo\u0161ajam v\u0113deram. T\u0101pat \u0161\u012bs tambor\u0113t\u0101s malas piel\u0101gojas p\u0113cdzemd\u012bbu \u0137ermenim, krekls lieliski s\u0113\u017e mugur\u0101 un glaimo fig\u016brai.\u00a0<\/p><p>Seraphine krekls ir lieliski piem\u0113rots baro\u0161anai ar kr\u016bti. Plecu siksnas ir platas un atv\u0113rtas ar maziem, nepaman\u0101miem spr\u0101dzieniem. Platas plecu siksnas un neuzkr\u012bto\u0161i stiprin\u0101jumi \u013cauj kreklu valk\u0101t ar form\u0101l\u0101ku ap\u0123\u0113rbu. Pla\u0161\u0101 auduma da\u013ca, kas paliek uz kr\u016bt\u012bm, \u013cauj mazuli barot priv\u0101ti un nodro\u0161ina mier\u012bgu un dro\u0161u atmosf\u0113ru m\u0101mi\u0146ai un mazulim \u0161aj\u0101 laik\u0101.\u00a0<\/p>\t\t\t\t\t\t\t\t<\/div>\n\t\t\t\t<\/div>\n\t\t\t\t\t<\/div>\n\t\t<\/div>\n\t\t\t\t<div class=\"elementor-column elementor-col-33 elementor-top-column elementor-element elementor-element-3d2d12c\" data-id=\"3d2d12c\" data-element_type=\"column\" data-e-type=\"column\">\n\t\t\t<div class=\"elementor-widget-wrap elementor-element-populated\">\n\t\t\t\t\t\t<div class=\"elementor-element elementor-element-0150943 elementor-widget elementor-widget-image\" data-id=\"0150943\" data-element_type=\"widget\" data-e-type=\"widget\" data-widget_type=\"image.default\">\n\t\t\t\t<div class=\"elementor-widget-container\">\n\t\t\t\t\t\t\t\t\t\t\t\t\t\t\t<img fetchpriority=\"high\" decoding=\"async\" width=\"400\" height=\"512\" src=\"https:\/\/beebipai.ee\/wp-content\/uploads\/2022\/08\/Seraphine-top-raseduse-ja-imetamise-ajaks-1-e1660503898210.jpeg\" class=\"attachment-large size-large wp-image-5776\" alt=\"\" srcset=\"https:\/\/beebipai.ee\/wp-content\/uploads\/2022\/08\/Seraphine-top-raseduse-ja-imetamise-ajaks-1-e1660503898210.jpeg 400w, https:\/\/beebipai.ee\/wp-content\/uploads\/2022\/08\/Seraphine-top-raseduse-ja-imetamise-ajaks-1-e1660503898210-234x300.jpeg 234w, https:\/\/beebipai.ee\/wp-content\/uploads\/2022\/08\/Seraphine-top-raseduse-ja-imetamise-ajaks-1-e1660503898210-9x12.jpeg 9w\" sizes=\"(max-width: 400px) 100vw, 400px\" \/>\t\t\t\t\t\t\t\t\t\t\t\t\t\t\t<\/div>\n\t\t\t\t<\/div>\n\t\t\t\t\t<\/div>\n\t\t<\/div>\n\t\t\t\t<div class=\"elementor-column elementor-col-33 elementor-top-column elementor-element elementor-element-86c2285\" data-id=\"86c2285\" data-element_type=\"column\" data-e-type=\"column\">\n\t\t\t<div class=\"elementor-widget-wrap elementor-element-populated\">\n\t\t\t\t\t\t<div class=\"elementor-element elementor-element-56ffe50 elementor-widget elementor-widget-text-editor\" data-id=\"56ffe50\" data-element_type=\"widget\" data-e-type=\"widget\" data-widget_type=\"text-editor.default\">\n\t\t\t\t<div class=\"elementor-widget-container\">\n\t\t\t\t\t\t\t\t\t<p>Seraphine krekls gr\u016btniec\u012bbas un z\u012bd\u012b\u0161anas laik\u0101 ir viegli kopjams. Viegli mazg\u0101jams un \u0101tri \u017e\u016bsto\u0161s. Tom\u0113r, lai tas ilgsto\u0161i saglab\u0101tu skaistu un svaigu izskatu, piev\u0113rsiet uzman\u012bbu da\u017eiem apkopes ieteikumiem:<\/p>\t\t\t\t\t\t\t\t<\/div>\n\t\t\t\t<\/div>\n\t\t\t\t<div class=\"elementor-element elementor-element-9f7449a elementor-icon-list--layout-traditional elementor-list-item-link-full_width elementor-widget elementor-widget-icon-list\" data-id=\"9f7449a\" data-element_type=\"widget\" data-e-type=\"widget\" data-widget_type=\"icon-list.default\">\n\t\t\t\t<div class=\"elementor-widget-container\">\n\t\t\t\t\t\t\t<ul class=\"elementor-icon-list-items\">\n\t\t\t\t\t\t\t<li class=\"elementor-icon-list-item\">\n\t\t\t\t\t\t\t\t\t\t\t<span class=\"elementor-icon-list-icon\">\n\t\t\t\t\t\t\t<i aria-hidden=\"true\" class=\"fas fa-check\"><\/i>\t\t\t\t\t\t<\/span>\n\t\t\t\t\t\t\t\t\t\t<span class=\"elementor-icon-list-text\">At\u013cauts mazg\u0101t ve\u013casma\u0161\u012bn\u0101 30 gr\u0101dos<\/span>\n\t\t\t\t\t\t\t\t\t<\/li>\n\t\t\t\t\t\t\t\t<li class=\"elementor-icon-list-item\">\n\t\t\t\t\t\t\t\t\t\t\t<span class=\"elementor-icon-list-icon\">\n\t\t\t\t\t\t\t<i aria-hidden=\"true\" class=\"fas fa-check\"><\/i>\t\t\t\t\t\t<\/span>\n\t\t\t\t\t\t\t\t\t\t<span class=\"elementor-icon-list-text\">Nebalin\u0101t<\/span>\n\t\t\t\t\t\t\t\t\t<\/li>\n\t\t\t\t\t\t\t\t<li class=\"elementor-icon-list-item\">\n\t\t\t\t\t\t\t\t\t\t\t<span class=\"elementor-icon-list-icon\">\n\t\t\t\t\t\t\t<i aria-hidden=\"true\" class=\"fas fa-check\"><\/i>\t\t\t\t\t\t<\/span>\n\t\t\t\t\t\t\t\t\t\t<span class=\"elementor-icon-list-text\">Nedr\u012bkst \u017e\u0101v\u0113t ve\u013cas ma\u0161\u012bn\u0101<\/span>\n\t\t\t\t\t\t\t\t\t<\/li>\n\t\t\t\t\t\t\t\t<li class=\"elementor-icon-list-item\">\n\t\t\t\t\t\t\t\t\t\t\t<span class=\"elementor-icon-list-icon\">\n\t\t\t\t\t\t\t<i aria-hidden=\"true\" class=\"fas fa-check\"><\/i>\t\t\t\t\t\t<\/span>\n\t\t\t\t\t\t\t\t\t\t<span class=\"elementor-icon-list-text\">Gludiniet uz vid\u0113jas uguns<\/span>\n\t\t\t\t\t\t\t\t\t<\/li>\n\t\t\t\t\t\t\t\t<li class=\"elementor-icon-list-item\">\n\t\t\t\t\t\t\t\t\t\t\t<span class=\"elementor-icon-list-icon\">\n\t\t\t\t\t\t\t<i aria-hidden=\"true\" class=\"fas fa-check\"><\/i>\t\t\t\t\t\t<\/span>\n\t\t\t\t\t\t\t\t\t\t<span class=\"elementor-icon-list-text\">Neizmantojiet \u0137\u012bmisko t\u012br\u012b\u0161anu<\/span>\n\t\t\t\t\t\t\t\t\t<\/li>\n\t\t\t\t\t\t<\/ul>\n\t\t\t\t\t\t<\/div>\n\t\t\t\t<\/div>\n\t\t\t\t\t<\/div>\n\t\t<\/div>\n\t\t\t\t\t<\/div>\n\t\t<\/section>\n\t\t\t\t<\/div>","protected":false},"excerpt":{"rendered":"<p>Seraphine tops gr\u016btniec\u0113m un z\u012bd\u012b\u0161anas periodiem ir divi vien\u0101 praktisks ap\u0123\u0113rbs topo\u0161\u0101s m\u0101mi\u0146as skap\u012b. \u0112rts un praktisks un ar \u0101rk\u0101rt\u012bgi ilgu un pla\u0161u pielietojumu. Ide\u0101li piem\u0113rots gan gr\u016btniec\u012bbas, gan z\u012bd\u012b\u0161anas laik\u0101.<\/p>","protected":false},"featured_media":5778,"template":"","meta":{"_monsterinsights_skip_tracking":false,"_monsterinsights_sitenote_active":false,"_monsterinsights_sitenote_note":"","_monsterinsights_sitenote_category":0,"site-sidebar-layout":"no-sidebar","site-content-layout":"page-builder","ast-site-content-layout":"full-width-container","site-content-style":"unboxed","site-sidebar-style":"unboxed","ast-global-header-display":"","ast-banner-title-visibility":"","ast-main-header-display":"","ast-hfb-above-header-display":"","ast-hfb-below-header-display":"","ast-hfb-mobile-header-display":"","site-post-title":"disabled","ast-breadcrumbs-content":"","ast-featured-img":"disabled","footer-sml-layout":"","ast-disable-related-posts":"","theme-transparent-header-meta":"default","adv-header-id-meta":"","stick-header-meta":"","header-above-stick-meta":"","header-main-stick-meta":"","header-below-stick-meta":"","astra-migrate-meta-layouts":"set","ast-page-background-enabled":"default","ast-page-background-meta":{"desktop":{"background-color":"","background-image":"","background-repeat":"repeat","background-position":"center center","background-size":"auto","background-attachment":"scroll","background-type":"","background-media":"","overlay-type":"","overlay-color":"","overlay-opacity":"","overlay-gradient":""},"tablet":{"background-color":"","background-image":"","background-repeat":"repeat","background-position":"center center","background-size":"auto","background-attachment":"scroll","background-type":"","background-media":"","overlay-type":"","overlay-color":"","overlay-opacity":"","overlay-gradient":""},"mobile":{"background-color":"","background-image":"","background-repeat":"repeat","background-position":"center center","background-size":"auto","background-attachment":"scroll","background-type":"","background-media":"","overlay-type":"","overlay-color":"","overlay-opacity":"","overlay-gradient":""}},"ast-content-background-meta":{"desktop":{"background-color":"var(--ast-global-color-5)","background-image":"","background-repeat":"repeat","background-position":"center center","background-size":"auto","background-attachment":"scroll","background-type":"","background-media":"","overlay-type":"","overlay-color":"","overlay-opacity":"","overlay-gradient":""},"tablet":{"background-color":"var(--ast-global-color-5)","background-image":"","background-repeat":"repeat","background-position":"center center","background-size":"auto","background-attachment":"scroll","background-type":"","background-media":"","overlay-type":"","overlay-color":"","overlay-opacity":"","overlay-gradient":""},"mobile":{"background-color":"var(--ast-global-color-5)","background-image":"","background-repeat":"repeat","background-position":"center center","background-size":"auto","background-attachment":"scroll","background-type":"","background-media":"","overlay-type":"","overlay-color":"","overlay-opacity":"","overlay-gradient":""}}},"product_brand":[],"product_cat":[22,133],"product_tag":[],"class_list":{"0":"post-5774","1":"product","2":"type-product","3":"status-publish","4":"has-post-thumbnail","6":"product_cat-emale","7":"product_cat-riided-rasedatele-ja-rinnaga-toitvatele-emadele","8":"desktop-align-left","9":"tablet-align-left","10":"mobile-align-left","12":"first","13":"instock","14":"sale","15":"taxable","16":"shipping-taxable","17":"purchasable","18":"product-type-variable"},"yoast_head":"<!-- This site is optimized with the Yoast SEO plugin v27.3 - https:\/\/yoast.com\/product\/yoast-seo-wordpress\/ -->\n<title>Seraphine top raseduse ja imetamise perioodiks, 2tk pakis - Beebipai<\/title>\n<meta name=\"description\" content=\"Seraphine top raseduse ja imetamise perioodiks on mugav ja praktiline. Kasutatav pikka aega. Vaata tooted Seraphine top raseduse ja imetamise perioodiks!\" \/>\n<meta name=\"robots\" content=\"index, follow, max-snippet:-1, max-image-preview:large, max-video-preview:-1\" \/>\n<link rel=\"canonical\" href=\"https:\/\/beebipai.ee\/lv\/product\/seraphine-top-raseduse-ja-imetamise-perioodiks-2tk-pakis\/\" \/>\n<meta property=\"og:locale\" content=\"lv_LV\" \/>\n<meta property=\"og:type\" content=\"article\" \/>\n<meta property=\"og:title\" content=\"Seraphine top raseduse ja imetamise perioodiks, 2tk pakis - Beebipai\" \/>\n<meta property=\"og:description\" content=\"Seraphine top raseduse ja imetamise perioodiks on mugav ja praktiline. Kasutatav pikka aega. Vaata tooted Seraphine top raseduse ja imetamise perioodiks!\" \/>\n<meta property=\"og:url\" content=\"https:\/\/beebipai.ee\/lv\/product\/seraphine-top-raseduse-ja-imetamise-perioodiks-2tk-pakis\/\" \/>\n<meta property=\"og:site_name\" content=\"Beebipai\" \/>\n<meta property=\"article:modified_time\" content=\"2025-02-10T04:49:20+00:00\" \/>\n<meta property=\"og:image\" content=\"https:\/\/beebipai.ee\/wp-content\/uploads\/2022\/08\/Seraphine-top-raseduse-ja-imetamise-ajaks.jpeg\" \/>\n\t<meta property=\"og:image:width\" content=\"586\" \/>\n\t<meta property=\"og:image:height\" content=\"750\" \/>\n\t<meta property=\"og:image:type\" content=\"image\/jpeg\" \/>\n<meta name=\"twitter:card\" content=\"summary_large_image\" \/>\n<meta name=\"twitter:label1\" content=\"Est. reading time\" \/>\n\t<meta name=\"twitter:data1\" content=\"1 min\u016bte\" \/>\n<script type=\"application\/ld+json\" class=\"yoast-schema-graph\">{\"@context\":\"https:\\\/\\\/schema.org\",\"@graph\":[{\"@type\":\"WebPage\",\"@id\":\"https:\\\/\\\/beebipai.ee\\\/product\\\/seraphine-top-raseduse-ja-imetamise-perioodiks-2tk-pakis\\\/\",\"url\":\"https:\\\/\\\/beebipai.ee\\\/product\\\/seraphine-top-raseduse-ja-imetamise-perioodiks-2tk-pakis\\\/\",\"name\":\"Seraphine top raseduse ja imetamise perioodiks, 2tk pakis - Beebipai\",\"isPartOf\":{\"@id\":\"https:\\\/\\\/beebipai.ee\\\/en\\\/#website\"},\"primaryImageOfPage\":{\"@id\":\"https:\\\/\\\/beebipai.ee\\\/product\\\/seraphine-top-raseduse-ja-imetamise-perioodiks-2tk-pakis\\\/#primaryimage\"},\"image\":{\"@id\":\"https:\\\/\\\/beebipai.ee\\\/product\\\/seraphine-top-raseduse-ja-imetamise-perioodiks-2tk-pakis\\\/#primaryimage\"},\"thumbnailUrl\":\"https:\\\/\\\/beebipai.ee\\\/wp-content\\\/uploads\\\/2022\\\/08\\\/Seraphine-top-raseduse-ja-imetamise-ajaks.jpeg\",\"datePublished\":\"2022-08-14T19:00:06+00:00\",\"dateModified\":\"2025-02-10T04:49:20+00:00\",\"description\":\"Seraphine top raseduse ja imetamise perioodiks on mugav ja praktiline. Kasutatav pikka aega. Vaata tooted Seraphine top raseduse ja imetamise perioodiks!\",\"breadcrumb\":{\"@id\":\"https:\\\/\\\/beebipai.ee\\\/product\\\/seraphine-top-raseduse-ja-imetamise-perioodiks-2tk-pakis\\\/#breadcrumb\"},\"inLanguage\":\"lv-LV\",\"potentialAction\":[{\"@type\":\"ReadAction\",\"target\":[\"https:\\\/\\\/beebipai.ee\\\/product\\\/seraphine-top-raseduse-ja-imetamise-perioodiks-2tk-pakis\\\/\"]}]},{\"@type\":\"ImageObject\",\"inLanguage\":\"lv-LV\",\"@id\":\"https:\\\/\\\/beebipai.ee\\\/product\\\/seraphine-top-raseduse-ja-imetamise-perioodiks-2tk-pakis\\\/#primaryimage\",\"url\":\"https:\\\/\\\/beebipai.ee\\\/wp-content\\\/uploads\\\/2022\\\/08\\\/Seraphine-top-raseduse-ja-imetamise-ajaks.jpeg\",\"contentUrl\":\"https:\\\/\\\/beebipai.ee\\\/wp-content\\\/uploads\\\/2022\\\/08\\\/Seraphine-top-raseduse-ja-imetamise-ajaks.jpeg\",\"width\":586,\"height\":750},{\"@type\":\"BreadcrumbList\",\"@id\":\"https:\\\/\\\/beebipai.ee\\\/product\\\/seraphine-top-raseduse-ja-imetamise-perioodiks-2tk-pakis\\\/#breadcrumb\",\"itemListElement\":[{\"@type\":\"ListItem\",\"position\":1,\"name\":\"Home\",\"item\":\"https:\\\/\\\/beebipai.ee\\\/\"},{\"@type\":\"ListItem\",\"position\":2,\"name\":\"Pood\",\"item\":\"https:\\\/\\\/beebipai.ee\\\/store\\\/\"},{\"@type\":\"ListItem\",\"position\":3,\"name\":\"Seraphine top raseduse ja imetamise perioodiks, 2tk pakis\"}]},{\"@type\":\"WebSite\",\"@id\":\"https:\\\/\\\/beebipai.ee\\\/en\\\/#website\",\"url\":\"https:\\\/\\\/beebipai.ee\\\/en\\\/\",\"name\":\"Beebipai\",\"description\":\"Rasedate ja beebide veebipood\",\"potentialAction\":[{\"@type\":\"SearchAction\",\"target\":{\"@type\":\"EntryPoint\",\"urlTemplate\":\"https:\\\/\\\/beebipai.ee\\\/en\\\/?s={search_term_string}\"},\"query-input\":{\"@type\":\"PropertyValueSpecification\",\"valueRequired\":true,\"valueName\":\"search_term_string\"}}],\"inLanguage\":\"lv-LV\"}]}<\/script>\n<!-- \/ Yoast SEO plugin. -->","yoast_head_json":{"title":"Seraphine top raseduse ja imetamise perioodiks, 2tk pakis - Beebipai","description":"Seraphine top raseduse ja imetamise perioodiks on mugav ja praktiline. Kasutatav pikka aega. Vaata tooted Seraphine top raseduse ja imetamise perioodiks!","robots":{"index":"index","follow":"follow","max-snippet":"max-snippet:-1","max-image-preview":"max-image-preview:large","max-video-preview":"max-video-preview:-1"},"canonical":"https:\/\/beebipai.ee\/lv\/product\/seraphine-top-raseduse-ja-imetamise-perioodiks-2tk-pakis\/","og_locale":"lv_LV","og_type":"article","og_title":"Seraphine top raseduse ja imetamise perioodiks, 2tk pakis - Beebipai","og_description":"Seraphine top raseduse ja imetamise perioodiks on mugav ja praktiline. Kasutatav pikka aega. Vaata tooted Seraphine top raseduse ja imetamise perioodiks!","og_url":"https:\/\/beebipai.ee\/lv\/product\/seraphine-top-raseduse-ja-imetamise-perioodiks-2tk-pakis\/","og_site_name":"Beebipai","article_modified_time":"2025-02-10T04:49:20+00:00","og_image":[{"width":586,"height":750,"url":"https:\/\/beebipai.ee\/wp-content\/uploads\/2022\/08\/Seraphine-top-raseduse-ja-imetamise-ajaks.jpeg","type":"image\/jpeg"}],"twitter_card":"summary_large_image","twitter_misc":{"Est. reading time":"1 min\u016bte"},"schema":{"@context":"https:\/\/schema.org","@graph":[{"@type":"WebPage","@id":"https:\/\/beebipai.ee\/product\/seraphine-top-raseduse-ja-imetamise-perioodiks-2tk-pakis\/","url":"https:\/\/beebipai.ee\/product\/seraphine-top-raseduse-ja-imetamise-perioodiks-2tk-pakis\/","name":"Seraphine top raseduse ja imetamise perioodiks, 2tk pakis - Beebipai","isPartOf":{"@id":"https:\/\/beebipai.ee\/en\/#website"},"primaryImageOfPage":{"@id":"https:\/\/beebipai.ee\/product\/seraphine-top-raseduse-ja-imetamise-perioodiks-2tk-pakis\/#primaryimage"},"image":{"@id":"https:\/\/beebipai.ee\/product\/seraphine-top-raseduse-ja-imetamise-perioodiks-2tk-pakis\/#primaryimage"},"thumbnailUrl":"https:\/\/beebipai.ee\/wp-content\/uploads\/2022\/08\/Seraphine-top-raseduse-ja-imetamise-ajaks.jpeg","datePublished":"2022-08-14T19:00:06+00:00","dateModified":"2025-02-10T04:49:20+00:00","description":"Seraphine top raseduse ja imetamise perioodiks on mugav ja praktiline. Kasutatav pikka aega. Vaata tooted Seraphine top raseduse ja imetamise perioodiks!","breadcrumb":{"@id":"https:\/\/beebipai.ee\/product\/seraphine-top-raseduse-ja-imetamise-perioodiks-2tk-pakis\/#breadcrumb"},"inLanguage":"lv-LV","potentialAction":[{"@type":"ReadAction","target":["https:\/\/beebipai.ee\/product\/seraphine-top-raseduse-ja-imetamise-perioodiks-2tk-pakis\/"]}]},{"@type":"ImageObject","inLanguage":"lv-LV","@id":"https:\/\/beebipai.ee\/product\/seraphine-top-raseduse-ja-imetamise-perioodiks-2tk-pakis\/#primaryimage","url":"https:\/\/beebipai.ee\/wp-content\/uploads\/2022\/08\/Seraphine-top-raseduse-ja-imetamise-ajaks.jpeg","contentUrl":"https:\/\/beebipai.ee\/wp-content\/uploads\/2022\/08\/Seraphine-top-raseduse-ja-imetamise-ajaks.jpeg","width":586,"height":750},{"@type":"BreadcrumbList","@id":"https:\/\/beebipai.ee\/product\/seraphine-top-raseduse-ja-imetamise-perioodiks-2tk-pakis\/#breadcrumb","itemListElement":[{"@type":"ListItem","position":1,"name":"Home","item":"https:\/\/beebipai.ee\/"},{"@type":"ListItem","position":2,"name":"Pood","item":"https:\/\/beebipai.ee\/store\/"},{"@type":"ListItem","position":3,"name":"Seraphine top raseduse ja imetamise perioodiks, 2tk pakis"}]},{"@type":"WebSite","@id":"https:\/\/beebipai.ee\/en\/#website","url":"https:\/\/beebipai.ee\/en\/","name":"Beebipai","description":"Rasedate ja beebide veebipood","potentialAction":[{"@type":"SearchAction","target":{"@type":"EntryPoint","urlTemplate":"https:\/\/beebipai.ee\/en\/?s={search_term_string}"},"query-input":{"@type":"PropertyValueSpecification","valueRequired":true,"valueName":"search_term_string"}}],"inLanguage":"lv-LV"}]}},"_links":{"self":[{"href":"https:\/\/beebipai.ee\/lv\/wp-json\/wp\/v2\/product\/5774","targetHints":{"allow":["GET"]}}],"collection":[{"href":"https:\/\/beebipai.ee\/lv\/wp-json\/wp\/v2\/product"}],"about":[{"href":"https:\/\/beebipai.ee\/lv\/wp-json\/wp\/v2\/types\/product"}],"version-history":[{"count":5,"href":"https:\/\/beebipai.ee\/lv\/wp-json\/wp\/v2\/product\/5774\/revisions"}],"predecessor-version":[{"id":10711,"href":"https:\/\/beebipai.ee\/lv\/wp-json\/wp\/v2\/product\/5774\/revisions\/10711"}],"wp:featuredmedia":[{"embeddable":true,"href":"https:\/\/beebipai.ee\/lv\/wp-json\/wp\/v2\/media\/5778"}],"wp:attachment":[{"href":"https:\/\/beebipai.ee\/lv\/wp-json\/wp\/v2\/media?parent=5774"}],"wp:term":[{"taxonomy":"product_brand","embeddable":true,"href":"https:\/\/beebipai.ee\/lv\/wp-json\/wp\/v2\/product_brand?post=5774"},{"taxonomy":"product_cat","embeddable":true,"href":"https:\/\/beebipai.ee\/lv\/wp-json\/wp\/v2\/product_cat?post=5774"},{"taxonomy":"product_tag","embeddable":true,"href":"https:\/\/beebipai.ee\/lv\/wp-json\/wp\/v2\/product_tag?post=5774"}],"curies":[{"name":"wp","href":"https:\/\/api.w.org\/{rel}","templated":true}]}}