{"id":5682,"date":"2022-08-08T23:29:36","date_gmt":"2022-08-08T20:29:36","guid":{"rendered":"https:\/\/www.beebipai.ee\/?post_type=product&#038;p=5682"},"modified":"2026-02-11T12:10:28","modified_gmt":"2026-02-11T10:10:28","slug":"seraphine-sunnitusjargsed-retuusid","status":"publish","type":"product","link":"https:\/\/beebipai.ee\/lv\/product\/seraphine-sunnitusjargsed-retuusid\/","title":{"rendered":"Seraphine p\u0113cdzemd\u012bbu atvese\u013co\u0161an\u0101s legingi"},"content":{"rendered":"<div data-elementor-type=\"wp-post\" data-elementor-id=\"5682\" class=\"elementor elementor-5682\">\n\t\t\t\t\t\t<section class=\"elementor-section elementor-top-section elementor-element elementor-element-4023e7b elementor-section-boxed elementor-section-height-default elementor-section-height-default\" data-id=\"4023e7b\" data-element_type=\"section\" data-e-type=\"section\">\n\t\t\t\t\t\t<div class=\"elementor-container elementor-column-gap-default\">\n\t\t\t\t\t<div class=\"elementor-column elementor-col-50 elementor-top-column elementor-element elementor-element-72430d7\" data-id=\"72430d7\" data-element_type=\"column\" data-e-type=\"column\">\n\t\t\t<div class=\"elementor-widget-wrap elementor-element-populated\">\n\t\t\t\t\t\t<div class=\"elementor-element elementor-element-e8eb8f9 elementor-widget elementor-widget-heading\" data-id=\"e8eb8f9\" data-element_type=\"widget\" data-e-type=\"widget\" data-widget_type=\"heading.default\">\n\t\t\t\t<div class=\"elementor-widget-container\">\n\t\t\t\t\t<h2 class=\"elementor-heading-title elementor-size-default\">Seraphine p\u0113cdzemd\u012bbu atvese\u013co\u0161an\u0101s legingi<\/h2>\t\t\t\t<\/div>\n\t\t\t\t<\/div>\n\t\t\t\t<div class=\"elementor-element elementor-element-f4b065c elementor-widget elementor-widget-text-editor\" data-id=\"f4b065c\" data-element_type=\"widget\" data-e-type=\"widget\" data-widget_type=\"text-editor.default\">\n\t\t\t\t<div class=\"elementor-widget-container\">\n\t\t\t\t\t\t\t\t\t<p>Seraphine s\u00fcnnitusj\u00e4rgsed retuusid on optimeeritud spetsiaalselt s\u00fcnnitusj\u00e4rgseks perioodiks. Retuuside k\u00f5huosa on kompressiooni omadustega, mis toetab s\u00fcnnitusj\u00e4rgset lihaskonda ja aitab taanduda k\u00f5hulihaste diastaasil. Kompresseeriv osa ulatub vaagnast roidekaareni ehk katab terve k\u00f5hu. Kompresseeriv osa on 360 kraadi, toetades nii tervet k\u00f5htu, selga kui ka k\u00fclgi.\u00a0 Raseduse ja s\u00fcnnituse j\u00e4rgselt on k\u00f5hulihased, seljalihased ja vaagnalihased teinud l\u00e4bi v\u00e4ga suure muutuse ning vajavad tihti esialgu natuke tuge, et saavutada raseduseelne lihastoonus. S\u00fcnnitusj\u00e4rgsed retuusid pakuvad just vajalikku toetust ja abi s\u00fcnnitusj\u00e4rgsel taastumisel.\u00a0<\/p><p>Retuuside materjal on sile ja kerge, sobitub ideaalselt iga figuuriga. Kangas on h\u00e4sti hingav ega aja higistama. Retuuside \u00fclemises servas on peenike silikoonriba, mis hoiab retuusid paigal terve p\u00e4eva. Retuusid muudavad figuuri visuaalselt voolujoonelisemaks, pakuvad positiivset minapilti ning lisavad enesekindlust.\u00a0<\/p><p>Retuuside sobivad igap\u00e4evasteks toimetusteks, ei sega erinevate asendite v\u00f5tmisel ega titaga toimetamisel. K\u00f5htu toetav osa ei paista teiste riiete alt silma.\u00a0<\/p><p>Suuruse valikul l\u00e4htu raseduseelsest suurusest. Retuusid vastavad suurusele.<\/p>\t\t\t\t\t\t\t\t<\/div>\n\t\t\t\t<\/div>\n\t\t\t\t\t<\/div>\n\t\t<\/div>\n\t\t\t\t<div class=\"elementor-column elementor-col-50 elementor-top-column elementor-element elementor-element-b77be19\" data-id=\"b77be19\" data-element_type=\"column\" data-e-type=\"column\">\n\t\t\t<div class=\"elementor-widget-wrap elementor-element-populated\">\n\t\t\t\t\t\t<div class=\"elementor-element elementor-element-2f441a9 elementor-widget elementor-widget-image\" data-id=\"2f441a9\" data-element_type=\"widget\" data-e-type=\"widget\" data-widget_type=\"image.default\">\n\t\t\t\t<div class=\"elementor-widget-container\">\n\t\t\t\t\t\t\t\t\t\t\t\t\t\t\t<img fetchpriority=\"high\" decoding=\"async\" width=\"400\" height=\"513\" src=\"https:\/\/beebipai.ee\/wp-content\/uploads\/2022\/08\/Seraphine-sunnitusjargsed-retuusid-3-e1659990968370.jpeg\" class=\"attachment-large size-large wp-image-5673\" alt=\"\" srcset=\"https:\/\/beebipai.ee\/wp-content\/uploads\/2022\/08\/Seraphine-sunnitusjargsed-retuusid-3-e1659990968370.jpeg 400w, https:\/\/beebipai.ee\/wp-content\/uploads\/2022\/08\/Seraphine-sunnitusjargsed-retuusid-3-e1659990968370-234x300.jpeg 234w, https:\/\/beebipai.ee\/wp-content\/uploads\/2022\/08\/Seraphine-sunnitusjargsed-retuusid-3-e1659990968370-9x12.jpeg 9w\" sizes=\"(max-width: 400px) 100vw, 400px\" \/>\t\t\t\t\t\t\t\t\t\t\t\t\t\t\t<\/div>\n\t\t\t\t<\/div>\n\t\t\t\t\t<\/div>\n\t\t<\/div>\n\t\t\t\t\t<\/div>\n\t\t<\/section>\n\t\t\t\t<section class=\"elementor-section elementor-top-section elementor-element elementor-element-079cd3e elementor-section-boxed elementor-section-height-default elementor-section-height-default\" data-id=\"079cd3e\" data-element_type=\"section\" data-e-type=\"section\">\n\t\t\t\t\t\t<div class=\"elementor-container elementor-column-gap-default\">\n\t\t\t\t\t<div class=\"elementor-column elementor-col-50 elementor-top-column elementor-element elementor-element-722fa5e\" data-id=\"722fa5e\" data-element_type=\"column\" data-e-type=\"column\">\n\t\t\t<div class=\"elementor-widget-wrap elementor-element-populated\">\n\t\t\t\t\t\t<div class=\"elementor-element elementor-element-64baa7b elementor-widget elementor-widget-image\" data-id=\"64baa7b\" data-element_type=\"widget\" data-e-type=\"widget\" data-widget_type=\"image.default\">\n\t\t\t\t<div class=\"elementor-widget-container\">\n\t\t\t\t\t\t\t\t\t\t\t\t\t\t\t<img decoding=\"async\" width=\"400\" height=\"513\" src=\"https:\/\/beebipai.ee\/wp-content\/uploads\/2022\/08\/Seraphine-sunnitusjargsed-retuusid-2-e1659992223825.jpeg\" class=\"attachment-large size-large wp-image-5672\" alt=\"\" srcset=\"https:\/\/beebipai.ee\/wp-content\/uploads\/2022\/08\/Seraphine-sunnitusjargsed-retuusid-2-e1659992223825.jpeg 400w, https:\/\/beebipai.ee\/wp-content\/uploads\/2022\/08\/Seraphine-sunnitusjargsed-retuusid-2-e1659992223825-234x300.jpeg 234w, https:\/\/beebipai.ee\/wp-content\/uploads\/2022\/08\/Seraphine-sunnitusjargsed-retuusid-2-e1659992223825-9x12.jpeg 9w\" sizes=\"(max-width: 400px) 100vw, 400px\" \/>\t\t\t\t\t\t\t\t\t\t\t\t\t\t\t<\/div>\n\t\t\t\t<\/div>\n\t\t\t\t\t<\/div>\n\t\t<\/div>\n\t\t\t\t<div class=\"elementor-column elementor-col-50 elementor-top-column elementor-element elementor-element-659098d\" data-id=\"659098d\" data-element_type=\"column\" data-e-type=\"column\">\n\t\t\t<div class=\"elementor-widget-wrap elementor-element-populated\">\n\t\t\t\t\t\t<div class=\"elementor-element elementor-element-f4b0aff elementor-widget elementor-widget-text-editor\" data-id=\"f4b0aff\" data-element_type=\"widget\" data-e-type=\"widget\" data-widget_type=\"text-editor.default\">\n\t\t\t\t<div class=\"elementor-widget-container\">\n\t\t\t\t\t\t\t\t\t<div class=\"elementor-element elementor-element-29cdebb elementor-widget elementor-widget-text-editor\" data-id=\"29cdebb\" data-element_type=\"widget\" data-widget_type=\"text-editor.default\"><div class=\"elementor-widget-container\"><p>Seraphine s\u00fcnnitusj\u00e4rgseid retuuse on lihtne hooldada. Materjal on kerge ja pehme, mis teeb nad kergesti pestavaks ja kiiresti kuivavaks.<\/p><p>Tom\u0113r, lai legingi ilgi saglab\u0101tos skaisti, piev\u0113rsiet uzman\u012bbu da\u017eiem kop\u0161anas ieteikumiem<\/p><\/div><\/div><div class=\"elementor-element elementor-element-b773a8e elementor-icon-list--layout-traditional elementor-list-item-link-full_width elementor-widget elementor-widget-icon-list\" data-id=\"b773a8e\" data-element_type=\"widget\" data-widget_type=\"icon-list.default\"><div class=\"elementor-widget-container\"><p><i class=\"fas fa-check\" aria-hidden=\"true\"><\/i><span class=\"elementor-icon-list-text\">Masinpestavad 40 kraadi juures<\/span><\/p><p><i class=\"fas fa-check\" aria-hidden=\"true\"><\/i><span class=\"elementor-icon-list-text\">Nedr\u012bkst \u017e\u0101v\u0113t ve\u013cas ma\u0161\u012bn\u0101<\/span><\/p><p><i class=\"fas fa-check\" aria-hidden=\"true\"><\/i><span class=\"elementor-icon-list-text\">Neizmantojiet \u0137\u012bmisko t\u012br\u012b\u0161anu<\/span><\/p><p><i class=\"fas fa-check\" aria-hidden=\"true\"><\/i><span class=\"elementor-icon-list-text\">Neizmantojiet balin\u0101t\u0101ju<\/span><\/p><p><i class=\"fas fa-check\" aria-hidden=\"true\"><\/i><span class=\"elementor-icon-list-text\">Negludiniet<\/span><\/p><\/div><\/div>\t\t\t\t\t\t\t\t<\/div>\n\t\t\t\t<\/div>\n\t\t\t\t\t<\/div>\n\t\t<\/div>\n\t\t\t\t\t<\/div>\n\t\t<\/section>\n\t\t\t\t<\/div>","protected":false},"excerpt":{"rendered":"<p>Seraf\u012bna legingi p\u0113cdzemd\u012bbu periodam atbalsta v\u0113dera un muguras musku\u013cus p\u0113c dzemd\u012bb\u0101m. Legingi ir kompres\u012bvi, kas veicina pirmsgr\u016btniec\u012bbas fig\u016bras atjauno\u0161anos, tai skait\u0101 atbalsta v\u0113dera musku\u013cu diast\u0101zes samazin\u0101\u0161anos.<\/p>","protected":false},"featured_media":5675,"template":"","meta":{"_monsterinsights_skip_tracking":false,"_monsterinsights_sitenote_active":false,"_monsterinsights_sitenote_note":"","_monsterinsights_sitenote_category":0,"site-sidebar-layout":"no-sidebar","site-content-layout":"page-builder","ast-site-content-layout":"full-width-container","site-content-style":"unboxed","site-sidebar-style":"unboxed","ast-global-header-display":"","ast-banner-title-visibility":"","ast-main-header-display":"","ast-hfb-above-header-display":"","ast-hfb-below-header-display":"","ast-hfb-mobile-header-display":"","site-post-title":"disabled","ast-breadcrumbs-content":"","ast-featured-img":"disabled","footer-sml-layout":"","ast-disable-related-posts":"","theme-transparent-header-meta":"default","adv-header-id-meta":"","stick-header-meta":"","header-above-stick-meta":"","header-main-stick-meta":"","header-below-stick-meta":"","astra-migrate-meta-layouts":"set","ast-page-background-enabled":"default","ast-page-background-meta":{"desktop":{"background-color":"","background-image":"","background-repeat":"repeat","background-position":"center center","background-size":"auto","background-attachment":"scroll","background-type":"","background-media":"","overlay-type":"","overlay-color":"","overlay-opacity":"","overlay-gradient":""},"tablet":{"background-color":"","background-image":"","background-repeat":"repeat","background-position":"center center","background-size":"auto","background-attachment":"scroll","background-type":"","background-media":"","overlay-type":"","overlay-color":"","overlay-opacity":"","overlay-gradient":""},"mobile":{"background-color":"","background-image":"","background-repeat":"repeat","background-position":"center center","background-size":"auto","background-attachment":"scroll","background-type":"","background-media":"","overlay-type":"","overlay-color":"","overlay-opacity":"","overlay-gradient":""}},"ast-content-background-meta":{"desktop":{"background-color":"var(--ast-global-color-5)","background-image":"","background-repeat":"repeat","background-position":"center center","background-size":"auto","background-attachment":"scroll","background-type":"","background-media":"","overlay-type":"","overlay-color":"","overlay-opacity":"","overlay-gradient":""},"tablet":{"background-color":"var(--ast-global-color-5)","background-image":"","background-repeat":"repeat","background-position":"center center","background-size":"auto","background-attachment":"scroll","background-type":"","background-media":"","overlay-type":"","overlay-color":"","overlay-opacity":"","overlay-gradient":""},"mobile":{"background-color":"var(--ast-global-color-5)","background-image":"","background-repeat":"repeat","background-position":"center center","background-size":"auto","background-attachment":"scroll","background-type":"","background-media":"","overlay-type":"","overlay-color":"","overlay-opacity":"","overlay-gradient":""}}},"product_brand":[],"product_cat":[22,133],"product_tag":[],"class_list":{"0":"post-5682","1":"product","2":"type-product","3":"status-publish","4":"has-post-thumbnail","6":"product_cat-emale","7":"product_cat-riided-rasedatele-ja-rinnaga-toitvatele-emadele","8":"desktop-align-left","9":"tablet-align-left","10":"mobile-align-left","12":"first","13":"instock","14":"taxable","15":"shipping-taxable","16":"purchasable","17":"product-type-variable"},"yoast_head":"<!-- This site is optimized with the Yoast SEO plugin v27.3 - https:\/\/yoast.com\/product\/yoast-seo-wordpress\/ -->\n<title>Seraphine s\u00fcnnitusj\u00e4rgsed taastavad retuusid - Beebipai<\/title>\n<meta name=\"description\" content=\"Seraphine s\u00fcnnitusj\u00e4rgsed retuusid toetavad s\u00fcnnitusj\u00e4rgset perioodi ja aitavad taastada raseduseelset figuuri. Vaata toodet Seraphine s\u00fcnnitusj\u00e4rgsed retuusid!\" \/>\n<meta name=\"robots\" content=\"index, follow, max-snippet:-1, max-image-preview:large, max-video-preview:-1\" \/>\n<link rel=\"canonical\" href=\"https:\/\/beebipai.ee\/lv\/product\/seraphine-sunnitusjargsed-retuusid\/\" \/>\n<meta property=\"og:locale\" content=\"lv_LV\" \/>\n<meta property=\"og:type\" content=\"article\" \/>\n<meta property=\"og:title\" content=\"Seraphine s\u00fcnnitusj\u00e4rgsed taastavad retuusid - Beebipai\" \/>\n<meta property=\"og:description\" content=\"Seraphine s\u00fcnnitusj\u00e4rgsed retuusid toetavad s\u00fcnnitusj\u00e4rgset perioodi ja aitavad taastada raseduseelset figuuri. Vaata toodet Seraphine s\u00fcnnitusj\u00e4rgsed retuusid!\" \/>\n<meta property=\"og:url\" content=\"https:\/\/beebipai.ee\/lv\/product\/seraphine-sunnitusjargsed-retuusid\/\" \/>\n<meta property=\"og:site_name\" content=\"Beebipai\" \/>\n<meta property=\"article:modified_time\" content=\"2026-02-11T10:10:28+00:00\" \/>\n<meta property=\"og:image\" content=\"https:\/\/beebipai.ee\/wp-content\/uploads\/2022\/08\/Seraphine-sunnitusjargsed-retuusid.jpeg\" \/>\n\t<meta property=\"og:image:width\" content=\"782\" \/>\n\t<meta property=\"og:image:height\" content=\"1002\" \/>\n\t<meta property=\"og:image:type\" content=\"image\/jpeg\" \/>\n<meta name=\"twitter:card\" content=\"summary_large_image\" \/>\n<meta name=\"twitter:label1\" content=\"Est. reading time\" \/>\n\t<meta name=\"twitter:data1\" content=\"1 min\u016bte\" \/>\n<script type=\"application\/ld+json\" class=\"yoast-schema-graph\">{\"@context\":\"https:\\\/\\\/schema.org\",\"@graph\":[{\"@type\":\"WebPage\",\"@id\":\"https:\\\/\\\/beebipai.ee\\\/product\\\/seraphine-sunnitusjargsed-retuusid\\\/\",\"url\":\"https:\\\/\\\/beebipai.ee\\\/product\\\/seraphine-sunnitusjargsed-retuusid\\\/\",\"name\":\"Seraphine s\u00fcnnitusj\u00e4rgsed taastavad retuusid - Beebipai\",\"isPartOf\":{\"@id\":\"https:\\\/\\\/beebipai.ee\\\/en\\\/#website\"},\"primaryImageOfPage\":{\"@id\":\"https:\\\/\\\/beebipai.ee\\\/product\\\/seraphine-sunnitusjargsed-retuusid\\\/#primaryimage\"},\"image\":{\"@id\":\"https:\\\/\\\/beebipai.ee\\\/product\\\/seraphine-sunnitusjargsed-retuusid\\\/#primaryimage\"},\"thumbnailUrl\":\"https:\\\/\\\/beebipai.ee\\\/wp-content\\\/uploads\\\/2022\\\/08\\\/Seraphine-sunnitusjargsed-retuusid.jpeg\",\"datePublished\":\"2022-08-08T20:29:36+00:00\",\"dateModified\":\"2026-02-11T10:10:28+00:00\",\"description\":\"Seraphine s\u00fcnnitusj\u00e4rgsed retuusid toetavad s\u00fcnnitusj\u00e4rgset perioodi ja aitavad taastada raseduseelset figuuri. Vaata toodet Seraphine s\u00fcnnitusj\u00e4rgsed retuusid!\",\"breadcrumb\":{\"@id\":\"https:\\\/\\\/beebipai.ee\\\/product\\\/seraphine-sunnitusjargsed-retuusid\\\/#breadcrumb\"},\"inLanguage\":\"lv-LV\",\"potentialAction\":[{\"@type\":\"ReadAction\",\"target\":[\"https:\\\/\\\/beebipai.ee\\\/product\\\/seraphine-sunnitusjargsed-retuusid\\\/\"]}]},{\"@type\":\"ImageObject\",\"inLanguage\":\"lv-LV\",\"@id\":\"https:\\\/\\\/beebipai.ee\\\/product\\\/seraphine-sunnitusjargsed-retuusid\\\/#primaryimage\",\"url\":\"https:\\\/\\\/beebipai.ee\\\/wp-content\\\/uploads\\\/2022\\\/08\\\/Seraphine-sunnitusjargsed-retuusid.jpeg\",\"contentUrl\":\"https:\\\/\\\/beebipai.ee\\\/wp-content\\\/uploads\\\/2022\\\/08\\\/Seraphine-sunnitusjargsed-retuusid.jpeg\",\"width\":782,\"height\":1002},{\"@type\":\"BreadcrumbList\",\"@id\":\"https:\\\/\\\/beebipai.ee\\\/product\\\/seraphine-sunnitusjargsed-retuusid\\\/#breadcrumb\",\"itemListElement\":[{\"@type\":\"ListItem\",\"position\":1,\"name\":\"Home\",\"item\":\"https:\\\/\\\/beebipai.ee\\\/\"},{\"@type\":\"ListItem\",\"position\":2,\"name\":\"Pood\",\"item\":\"https:\\\/\\\/beebipai.ee\\\/store\\\/\"},{\"@type\":\"ListItem\",\"position\":3,\"name\":\"Seraphine s\u00fcnnitusj\u00e4rgsed taastavad retuusid\"}]},{\"@type\":\"WebSite\",\"@id\":\"https:\\\/\\\/beebipai.ee\\\/en\\\/#website\",\"url\":\"https:\\\/\\\/beebipai.ee\\\/en\\\/\",\"name\":\"Beebipai\",\"description\":\"Rasedate ja beebide veebipood\",\"potentialAction\":[{\"@type\":\"SearchAction\",\"target\":{\"@type\":\"EntryPoint\",\"urlTemplate\":\"https:\\\/\\\/beebipai.ee\\\/en\\\/?s={search_term_string}\"},\"query-input\":{\"@type\":\"PropertyValueSpecification\",\"valueRequired\":true,\"valueName\":\"search_term_string\"}}],\"inLanguage\":\"lv-LV\"}]}<\/script>\n<!-- \/ Yoast SEO plugin. -->","yoast_head_json":{"title":"Seraphine s\u00fcnnitusj\u00e4rgsed taastavad retuusid - Beebipai","description":"Seraphine s\u00fcnnitusj\u00e4rgsed retuusid toetavad s\u00fcnnitusj\u00e4rgset perioodi ja aitavad taastada raseduseelset figuuri. Vaata toodet Seraphine s\u00fcnnitusj\u00e4rgsed retuusid!","robots":{"index":"index","follow":"follow","max-snippet":"max-snippet:-1","max-image-preview":"max-image-preview:large","max-video-preview":"max-video-preview:-1"},"canonical":"https:\/\/beebipai.ee\/lv\/product\/seraphine-sunnitusjargsed-retuusid\/","og_locale":"lv_LV","og_type":"article","og_title":"Seraphine s\u00fcnnitusj\u00e4rgsed taastavad retuusid - Beebipai","og_description":"Seraphine s\u00fcnnitusj\u00e4rgsed retuusid toetavad s\u00fcnnitusj\u00e4rgset perioodi ja aitavad taastada raseduseelset figuuri. Vaata toodet Seraphine s\u00fcnnitusj\u00e4rgsed retuusid!","og_url":"https:\/\/beebipai.ee\/lv\/product\/seraphine-sunnitusjargsed-retuusid\/","og_site_name":"Beebipai","article_modified_time":"2026-02-11T10:10:28+00:00","og_image":[{"width":782,"height":1002,"url":"https:\/\/beebipai.ee\/wp-content\/uploads\/2022\/08\/Seraphine-sunnitusjargsed-retuusid.jpeg","type":"image\/jpeg"}],"twitter_card":"summary_large_image","twitter_misc":{"Est. reading time":"1 min\u016bte"},"schema":{"@context":"https:\/\/schema.org","@graph":[{"@type":"WebPage","@id":"https:\/\/beebipai.ee\/product\/seraphine-sunnitusjargsed-retuusid\/","url":"https:\/\/beebipai.ee\/product\/seraphine-sunnitusjargsed-retuusid\/","name":"Seraphine s\u00fcnnitusj\u00e4rgsed taastavad retuusid - Beebipai","isPartOf":{"@id":"https:\/\/beebipai.ee\/en\/#website"},"primaryImageOfPage":{"@id":"https:\/\/beebipai.ee\/product\/seraphine-sunnitusjargsed-retuusid\/#primaryimage"},"image":{"@id":"https:\/\/beebipai.ee\/product\/seraphine-sunnitusjargsed-retuusid\/#primaryimage"},"thumbnailUrl":"https:\/\/beebipai.ee\/wp-content\/uploads\/2022\/08\/Seraphine-sunnitusjargsed-retuusid.jpeg","datePublished":"2022-08-08T20:29:36+00:00","dateModified":"2026-02-11T10:10:28+00:00","description":"Seraphine s\u00fcnnitusj\u00e4rgsed retuusid toetavad s\u00fcnnitusj\u00e4rgset perioodi ja aitavad taastada raseduseelset figuuri. Vaata toodet Seraphine s\u00fcnnitusj\u00e4rgsed retuusid!","breadcrumb":{"@id":"https:\/\/beebipai.ee\/product\/seraphine-sunnitusjargsed-retuusid\/#breadcrumb"},"inLanguage":"lv-LV","potentialAction":[{"@type":"ReadAction","target":["https:\/\/beebipai.ee\/product\/seraphine-sunnitusjargsed-retuusid\/"]}]},{"@type":"ImageObject","inLanguage":"lv-LV","@id":"https:\/\/beebipai.ee\/product\/seraphine-sunnitusjargsed-retuusid\/#primaryimage","url":"https:\/\/beebipai.ee\/wp-content\/uploads\/2022\/08\/Seraphine-sunnitusjargsed-retuusid.jpeg","contentUrl":"https:\/\/beebipai.ee\/wp-content\/uploads\/2022\/08\/Seraphine-sunnitusjargsed-retuusid.jpeg","width":782,"height":1002},{"@type":"BreadcrumbList","@id":"https:\/\/beebipai.ee\/product\/seraphine-sunnitusjargsed-retuusid\/#breadcrumb","itemListElement":[{"@type":"ListItem","position":1,"name":"Home","item":"https:\/\/beebipai.ee\/"},{"@type":"ListItem","position":2,"name":"Pood","item":"https:\/\/beebipai.ee\/store\/"},{"@type":"ListItem","position":3,"name":"Seraphine s\u00fcnnitusj\u00e4rgsed taastavad retuusid"}]},{"@type":"WebSite","@id":"https:\/\/beebipai.ee\/en\/#website","url":"https:\/\/beebipai.ee\/en\/","name":"Beebipai","description":"Rasedate ja beebide veebipood","potentialAction":[{"@type":"SearchAction","target":{"@type":"EntryPoint","urlTemplate":"https:\/\/beebipai.ee\/en\/?s={search_term_string}"},"query-input":{"@type":"PropertyValueSpecification","valueRequired":true,"valueName":"search_term_string"}}],"inLanguage":"lv-LV"}]}},"_links":{"self":[{"href":"https:\/\/beebipai.ee\/lv\/wp-json\/wp\/v2\/product\/5682","targetHints":{"allow":["GET"]}}],"collection":[{"href":"https:\/\/beebipai.ee\/lv\/wp-json\/wp\/v2\/product"}],"about":[{"href":"https:\/\/beebipai.ee\/lv\/wp-json\/wp\/v2\/types\/product"}],"version-history":[{"count":5,"href":"https:\/\/beebipai.ee\/lv\/wp-json\/wp\/v2\/product\/5682\/revisions"}],"predecessor-version":[{"id":7256,"href":"https:\/\/beebipai.ee\/lv\/wp-json\/wp\/v2\/product\/5682\/revisions\/7256"}],"wp:featuredmedia":[{"embeddable":true,"href":"https:\/\/beebipai.ee\/lv\/wp-json\/wp\/v2\/media\/5675"}],"wp:attachment":[{"href":"https:\/\/beebipai.ee\/lv\/wp-json\/wp\/v2\/media?parent=5682"}],"wp:term":[{"taxonomy":"product_brand","embeddable":true,"href":"https:\/\/beebipai.ee\/lv\/wp-json\/wp\/v2\/product_brand?post=5682"},{"taxonomy":"product_cat","embeddable":true,"href":"https:\/\/beebipai.ee\/lv\/wp-json\/wp\/v2\/product_cat?post=5682"},{"taxonomy":"product_tag","embeddable":true,"href":"https:\/\/beebipai.ee\/lv\/wp-json\/wp\/v2\/product_tag?post=5682"}],"curies":[{"name":"wp","href":"https:\/\/api.w.org\/{rel}","templated":true}]}}