{"id":5600,"date":"2022-08-03T23:49:05","date_gmt":"2022-08-03T20:49:05","guid":{"rendered":"https:\/\/beebipai.ee\/?post_type=product&#038;p=5600"},"modified":"2026-04-14T10:09:29","modified_gmt":"2026-04-14T07:09:29","slug":"neobulle-looduslik-intiimpesugeel-150ml","status":"publish","type":"product","link":"https:\/\/beebipai.ee\/lv\/product\/neobulle-looduslik-intiimpesugeel-150ml\/","title":{"rendered":"Neobulle looduslik intiimpesugeel, 150ml"},"content":{"rendered":"<div data-elementor-type=\"wp-post\" data-elementor-id=\"5600\" class=\"elementor elementor-5600\">\n\t\t\t\t\t\t<section class=\"elementor-section elementor-top-section elementor-element elementor-element-da4a403 elementor-section-boxed elementor-section-height-default elementor-section-height-default\" data-id=\"da4a403\" data-element_type=\"section\" data-e-type=\"section\">\n\t\t\t\t\t\t<div class=\"elementor-container elementor-column-gap-default\">\n\t\t\t\t\t<div class=\"elementor-column elementor-col-50 elementor-top-column elementor-element elementor-element-ebc9b5a\" data-id=\"ebc9b5a\" data-element_type=\"column\" data-e-type=\"column\">\n\t\t\t<div class=\"elementor-widget-wrap elementor-element-populated\">\n\t\t\t\t\t\t<div class=\"elementor-element elementor-element-afe0f9d elementor-widget elementor-widget-heading\" data-id=\"afe0f9d\" data-element_type=\"widget\" data-e-type=\"widget\" data-widget_type=\"heading.default\">\n\t\t\t\t<div class=\"elementor-widget-container\">\n\t\t\t\t\t<h2 class=\"elementor-heading-title elementor-size-default\">Neobulle looduslik intiimpesugeel<\/h2>\t\t\t\t<\/div>\n\t\t\t\t<\/div>\n\t\t\t\t<div class=\"elementor-element elementor-element-c30b8df elementor-widget elementor-widget-text-editor\" data-id=\"c30b8df\" data-element_type=\"widget\" data-e-type=\"widget\" data-widget_type=\"text-editor.default\">\n\t\t\t\t<div class=\"elementor-widget-container\">\n\t\t\t\t\t\t\t\t\t<p>Intiimpiirkonna eest hoolt kandmine tekitab ikka ja j\u00e4lle palju k\u00fcsimusi. Kui palju peab ja tohib, millega tohib ja millega pigem mitte, milline ja kui suures koguses on erituv valgevoolus normaalne.\u00a0<\/p><p>Hormoonide toimel hakkab murdeea saabudes erituma teismeikka suunduvatel t\u00fcdrukutel valgevoolust. See saadab naist terve fertiilse ea ning olles selle aja jooksul pidevas muutumises. Peamisel m\u00f5jutavad valgevooluse iseloomu hormonaalsed muutused nagu menstruaalts\u00fckkel, rasedus, hormonaalsed vahendid aga ka dieedid, kaasuvad haigused ja v\u00f5etavad ravimid.<\/p><p>Enamasti on valgevoolus valkjas v\u00f5i kollakas, veidi kleepuv ja hapuka l\u00f5hnaga. Valgevoolus muutub koos menstruaalts\u00fckliga, olles enne ovulatsiooni klaasjam ja elstasem ning peale ovulatsiooni tihedam ja piimjam. Normaalne valgevoolus ei s\u00fcgele ega kipita, ei \u00e4rrita intiimpiirkonda ega ole ebameeldiva l\u00f5hnaga<\/p><p>Peamisteks fertiilses eas naiste ja neidude probleemideks on tupe seeninfektsioon ja bakteriaalne vaginoos. M\u00f5lemal juhul on h\u00e4irunud tupe mikrofloora ning tekkinud on ebameeldivad s\u00fcmptomid. Tupeseene puhul on tekitajaks p\u00e4rmsees, mis p\u00f5hjustab kohupiimataolist t\u00fckilist voolust, s\u00fcgelust ja kipitust. Bakteriaalse vaginoosi korral on tekkinud anaeroobsete bakterite \u00fclekaal ning m\u00e4rku annab sellest valkjashall tupevoolus ja ebameeldiv kalal\u00f5hn.<\/p><p>\u00a0<\/p><p>\u00a0<\/p>\t\t\t\t\t\t\t\t<\/div>\n\t\t\t\t<\/div>\n\t\t\t\t\t<\/div>\n\t\t<\/div>\n\t\t\t\t<div class=\"elementor-column elementor-col-50 elementor-top-column elementor-element elementor-element-ca03183\" data-id=\"ca03183\" data-element_type=\"column\" data-e-type=\"column\">\n\t\t\t<div class=\"elementor-widget-wrap elementor-element-populated\">\n\t\t\t\t\t\t<div class=\"elementor-element elementor-element-72f3934 elementor-widget elementor-widget-image\" data-id=\"72f3934\" data-element_type=\"widget\" data-e-type=\"widget\" data-widget_type=\"image.default\">\n\t\t\t\t<div class=\"elementor-widget-container\">\n\t\t\t\t\t\t\t\t\t\t\t\t\t\t\t<img fetchpriority=\"high\" decoding=\"async\" width=\"768\" height=\"513\" src=\"https:\/\/beebipai.ee\/wp-content\/uploads\/2022\/08\/tupe-mikrofloora-768x513.jpg\" class=\"attachment-medium_large size-medium_large wp-image-5608\" alt=\"\" srcset=\"https:\/\/beebipai.ee\/wp-content\/uploads\/2022\/08\/tupe-mikrofloora-768x513.jpg 768w, https:\/\/beebipai.ee\/wp-content\/uploads\/2022\/08\/tupe-mikrofloora-e1659560211253-300x200.jpg 300w, https:\/\/beebipai.ee\/wp-content\/uploads\/2022\/08\/tupe-mikrofloora-1024x684.jpg 1024w, https:\/\/beebipai.ee\/wp-content\/uploads\/2022\/08\/tupe-mikrofloora-e1659560211253-18x12.jpg 18w, https:\/\/beebipai.ee\/wp-content\/uploads\/2022\/08\/tupe-mikrofloora-600x401.jpg 600w, https:\/\/beebipai.ee\/wp-content\/uploads\/2022\/08\/tupe-mikrofloora-e1659560211253.jpg 400w\" sizes=\"(max-width: 768px) 100vw, 768px\" \/>\t\t\t\t\t\t\t\t\t\t\t\t\t\t\t<\/div>\n\t\t\t\t<\/div>\n\t\t\t\t\t<\/div>\n\t\t<\/div>\n\t\t\t\t\t<\/div>\n\t\t<\/section>\n\t\t\t\t<section class=\"elementor-section elementor-top-section elementor-element elementor-element-48ce9f9 elementor-section-boxed elementor-section-height-default elementor-section-height-default\" data-id=\"48ce9f9\" data-element_type=\"section\" data-e-type=\"section\">\n\t\t\t\t\t\t<div class=\"elementor-container elementor-column-gap-default\">\n\t\t\t\t\t<div class=\"elementor-column elementor-col-50 elementor-top-column elementor-element elementor-element-6d3233c\" data-id=\"6d3233c\" data-element_type=\"column\" data-e-type=\"column\">\n\t\t\t<div class=\"elementor-widget-wrap elementor-element-populated\">\n\t\t\t\t\t\t<div class=\"elementor-element elementor-element-a5e05ad elementor-widget elementor-widget-image\" data-id=\"a5e05ad\" data-element_type=\"widget\" data-e-type=\"widget\" data-widget_type=\"image.default\">\n\t\t\t\t<div class=\"elementor-widget-container\">\n\t\t\t\t\t\t\t\t\t\t\t\t\t\t\t<img decoding=\"async\" width=\"768\" height=\"593\" src=\"https:\/\/beebipai.ee\/wp-content\/uploads\/2022\/08\/Neobulle-looduslik-intiimpesugeel2-768x593.jpg\" class=\"attachment-medium_large size-medium_large wp-image-5603\" alt=\"\" srcset=\"https:\/\/beebipai.ee\/wp-content\/uploads\/2022\/08\/Neobulle-looduslik-intiimpesugeel2-768x593.jpg 768w, https:\/\/beebipai.ee\/wp-content\/uploads\/2022\/08\/Neobulle-looduslik-intiimpesugeel2-scaled-e1659561496727-300x232.jpg 300w, https:\/\/beebipai.ee\/wp-content\/uploads\/2022\/08\/Neobulle-looduslik-intiimpesugeel2-1024x790.jpg 1024w, https:\/\/beebipai.ee\/wp-content\/uploads\/2022\/08\/Neobulle-looduslik-intiimpesugeel2-1536x1185.jpg 1536w, https:\/\/beebipai.ee\/wp-content\/uploads\/2022\/08\/Neobulle-looduslik-intiimpesugeel2-2048x1581.jpg 2048w, https:\/\/beebipai.ee\/wp-content\/uploads\/2022\/08\/Neobulle-looduslik-intiimpesugeel2-scaled-e1659561496727-16x12.jpg 16w, https:\/\/beebipai.ee\/wp-content\/uploads\/2022\/08\/Neobulle-looduslik-intiimpesugeel2-600x463.jpg 600w, https:\/\/beebipai.ee\/wp-content\/uploads\/2022\/08\/Neobulle-looduslik-intiimpesugeel2-scaled-e1659561496727.jpg 400w\" sizes=\"(max-width: 768px) 100vw, 768px\" \/>\t\t\t\t\t\t\t\t\t\t\t\t\t\t\t<\/div>\n\t\t\t\t<\/div>\n\t\t\t\t\t<\/div>\n\t\t<\/div>\n\t\t\t\t<div class=\"elementor-column elementor-col-50 elementor-top-column elementor-element elementor-element-786ff2b\" data-id=\"786ff2b\" data-element_type=\"column\" data-e-type=\"column\">\n\t\t\t<div class=\"elementor-widget-wrap elementor-element-populated\">\n\t\t\t\t\t\t<div class=\"elementor-element elementor-element-191a074 elementor-widget elementor-widget-text-editor\" data-id=\"191a074\" data-element_type=\"widget\" data-e-type=\"widget\" data-widget_type=\"text-editor.default\">\n\t\t\t\t<div class=\"elementor-widget-container\">\n\t\t\t\t\t\t\t\t\t<p>Rasedusaegsed hormonaalsed muutused on tupemikrofloora h\u00e4ireid soosivad. Lisandub tavaliselt emotsionaalne stress ja pinge, mis omakorda m\u00f5jub soodustavalt eriti just tupe seeninfektsioonile.\u00a0<\/p><p>\u00d5ige intiimhooldusega saab mikrofloora h\u00e4irete esinemist oluliselt v\u00e4hendada. Enamasti piisab kui v\u00e4liseid suguelundeid pesta 1-2 korda \u00f6\u00f6p\u00e4evas sooja voolava veega. Kasutades intiimpesugeeli ja v\u00e4ltides tavap\u00e4raseid pesemisvahendeid nende kuivatavate omaduste t\u00f5ttu. Kindlasti peaks kasutatav intiimpesugeel olema v\u00e4rv- ja l\u00f5hnaainete vaba, mis aitab v\u00e4listada \u00e4rritust intiimpiirkonnas. Pesta tohib intiimpiirkonda ainult v\u00e4ljastpoolt! V\u00e4ltima peaks s\u00fcnteetilist pesu, pidevat h\u00fcgeenisidemete kasutamist, pidevat stringide kandmist, liigkitsast pesu ja tupetampoone tuleb kasutada vastavalt juhendile.\u00a0<\/p><p>Vale intiimpiirkonna hooldus p\u00f5hjustab \u00e4rritust ja kuivust selles \u00f5rnas piirkonnas, l\u00f5hub tasakaalu ja muudab intiimpiirkonna vastuv\u00f5tlikuks p\u00f5letikele. vastuv\u00f5tlikuks\u00a0<\/p>\t\t\t\t\t\t\t\t<\/div>\n\t\t\t\t<\/div>\n\t\t\t\t\t<\/div>\n\t\t<\/div>\n\t\t\t\t\t<\/div>\n\t\t<\/section>\n\t\t\t\t<section class=\"elementor-section elementor-top-section elementor-element elementor-element-da13480 elementor-section-boxed elementor-section-height-default elementor-section-height-default\" data-id=\"da13480\" data-element_type=\"section\" data-e-type=\"section\">\n\t\t\t\t\t\t<div class=\"elementor-container elementor-column-gap-default\">\n\t\t\t\t\t<div class=\"elementor-column elementor-col-50 elementor-top-column elementor-element elementor-element-d22d9a2\" data-id=\"d22d9a2\" data-element_type=\"column\" data-e-type=\"column\">\n\t\t\t<div class=\"elementor-widget-wrap elementor-element-populated\">\n\t\t\t\t\t\t<div class=\"elementor-element elementor-element-f39bc26 elementor-widget elementor-widget-text-editor\" data-id=\"f39bc26\" data-element_type=\"widget\" data-e-type=\"widget\" data-widget_type=\"text-editor.default\">\n\t\t\t\t<div class=\"elementor-widget-container\">\n\t\t\t\t\t\t\t\t\t<p>Neobulle looduslik intiimpesugeel on orgaanilise salvei ja mustka\u00f5ie veega. Nii salvei kui mustika\u00f5is on tuntud oma niisutavate ja toitvate omaduste poolest.\u00a0<\/p><p>Intiimpesugeel sisaldab Aloe verat, mis rahustab, puhastab ja niisutab.\u00a0<\/p><p>Intiimpesugeelis sisalduval saialillel on rahustav ja tasakaalustav m\u00f5ju.\u00a0<\/p><p>Neobulle orgaaniline intiimpesugeel sobib igap\u00e4evaseks kasutamiseks. Pesugeel on sulfaadivaba ning samuti vaba v\u00e4rv- ja l\u00f5hnaainetest. Ei kuivata ega \u00e4rrita intiimpiirkonna \u00f5rna nahka. Aitab hoida ja tasakaalustada mikrofloorat, v\u00e4hendades sellega riski tupe mikrofloora h\u00e4iretest tingitud probleemidele.<\/p><p>Sobib kasutamiseks alates 3-ndast eluaastast. Samuti raseduse ja imetamise ajal. Neobulle looduslik intiimpesugeel on v\u00e4ga hea abimees ka s\u00fcnnitusj\u00e4rgses intiimpiirkonna hoolduses, aidates puhastada ja tasakaalustada s\u00fcnnitusj\u00e4rgset intiimpiirkonda ning leevendades s\u00fcnnituse j\u00e4rgseid ebamugavusi.<\/p><p>Toode on m\u00f5eldud ainult v\u00e4lispidiseks kasutamiseks!<\/p><p>\u00a0<\/p>\t\t\t\t\t\t\t\t<\/div>\n\t\t\t\t<\/div>\n\t\t\t\t\t<\/div>\n\t\t<\/div>\n\t\t\t\t<div class=\"elementor-column elementor-col-50 elementor-top-column elementor-element elementor-element-a17c3b4\" data-id=\"a17c3b4\" data-element_type=\"column\" data-e-type=\"column\">\n\t\t\t<div class=\"elementor-widget-wrap elementor-element-populated\">\n\t\t\t\t\t\t<div class=\"elementor-element elementor-element-9c0c329 elementor-widget elementor-widget-image\" data-id=\"9c0c329\" data-element_type=\"widget\" data-e-type=\"widget\" data-widget_type=\"image.default\">\n\t\t\t\t<div class=\"elementor-widget-container\">\n\t\t\t\t\t\t\t\t\t\t\t\t\t\t\t<img decoding=\"async\" width=\"400\" height=\"920\" src=\"https:\/\/beebipai.ee\/wp-content\/uploads\/2022\/08\/Neobulle-looduslik-intiimpesugeel3-scaled-e1659562290573.jpg\" class=\"attachment-full size-full wp-image-5604\" alt=\"\" srcset=\"https:\/\/beebipai.ee\/wp-content\/uploads\/2022\/08\/Neobulle-looduslik-intiimpesugeel3-scaled-e1659562290573.jpg 400w, https:\/\/beebipai.ee\/wp-content\/uploads\/2022\/08\/Neobulle-looduslik-intiimpesugeel3-scaled-e1659562290573-130x300.jpg 130w, https:\/\/beebipai.ee\/wp-content\/uploads\/2022\/08\/Neobulle-looduslik-intiimpesugeel3-scaled-e1659562290573-5x12.jpg 5w\" sizes=\"(max-width: 400px) 100vw, 400px\" \/>\t\t\t\t\t\t\t\t\t\t\t\t\t\t\t<\/div>\n\t\t\t\t<\/div>\n\t\t\t\t\t<\/div>\n\t\t<\/div>\n\t\t\t\t\t<\/div>\n\t\t<\/section>\n\t\t\t\t<\/div>","protected":false},"excerpt":{"rendered":"<p>Looduslik intiipesugeel on \u00f5rn tundliku intiimpiirkonna eest hoolitsemisel. Aitab s\u00e4ilitada intiimpiirkonnale vajalikku mikrofloorat, ei kuivata \u00f5rna piirkonda ning on taastava ja rahustava toimega.<\/p>\n<p>Sobib k\u00f5ikidele alates 3.ndast elusaastast. Samuti sobilik raseduse, imetamise ajal ning s\u00fcnnitusj\u00e4rgses perioodis<\/p>\n<p>Looduslikku p\u00e4ritolu toode<\/p>\n<p>Valmistatud Prantsusmaal<\/p>","protected":false},"featured_media":5602,"template":"","meta":{"_monsterinsights_skip_tracking":false,"_monsterinsights_sitenote_active":false,"_monsterinsights_sitenote_note":"","_monsterinsights_sitenote_category":0,"site-sidebar-layout":"no-sidebar","site-content-layout":"page-builder","ast-site-content-layout":"full-width-container","site-content-style":"unboxed","site-sidebar-style":"unboxed","ast-global-header-display":"","ast-banner-title-visibility":"","ast-main-header-display":"","ast-hfb-above-header-display":"","ast-hfb-below-header-display":"","ast-hfb-mobile-header-display":"","site-post-title":"disabled","ast-breadcrumbs-content":"","ast-featured-img":"disabled","footer-sml-layout":"","ast-disable-related-posts":"","theme-transparent-header-meta":"default","adv-header-id-meta":"","stick-header-meta":"","header-above-stick-meta":"","header-main-stick-meta":"","header-below-stick-meta":"","astra-migrate-meta-layouts":"set","ast-page-background-enabled":"default","ast-page-background-meta":{"desktop":{"background-color":"","background-image":"","background-repeat":"repeat","background-position":"center center","background-size":"auto","background-attachment":"scroll","background-type":"","background-media":"","overlay-type":"","overlay-color":"","overlay-opacity":"","overlay-gradient":""},"tablet":{"background-color":"","background-image":"","background-repeat":"repeat","background-position":"center center","background-size":"auto","background-attachment":"scroll","background-type":"","background-media":"","overlay-type":"","overlay-color":"","overlay-opacity":"","overlay-gradient":""},"mobile":{"background-color":"","background-image":"","background-repeat":"repeat","background-position":"center center","background-size":"auto","background-attachment":"scroll","background-type":"","background-media":"","overlay-type":"","overlay-color":"","overlay-opacity":"","overlay-gradient":""}},"ast-content-background-meta":{"desktop":{"background-color":"var(--ast-global-color-5)","background-image":"","background-repeat":"repeat","background-position":"center center","background-size":"auto","background-attachment":"scroll","background-type":"","background-media":"","overlay-type":"","overlay-color":"","overlay-opacity":"","overlay-gradient":""},"tablet":{"background-color":"var(--ast-global-color-5)","background-image":"","background-repeat":"repeat","background-position":"center center","background-size":"auto","background-attachment":"scroll","background-type":"","background-media":"","overlay-type":"","overlay-color":"","overlay-opacity":"","overlay-gradient":""},"mobile":{"background-color":"var(--ast-global-color-5)","background-image":"","background-repeat":"repeat","background-position":"center center","background-size":"auto","background-attachment":"scroll","background-type":"","background-media":"","overlay-type":"","overlay-color":"","overlay-opacity":"","overlay-gradient":""}}},"product_brand":[],"product_cat":[22,101,108],"product_tag":[],"class_list":{"0":"post-5600","1":"product","2":"type-product","3":"status-publish","4":"has-post-thumbnail","6":"product_cat-emale","7":"product_cat-intiimhooldus","8":"product_cat-keha-juukse-ja-suuhooldusvahendid","9":"desktop-align-left","10":"tablet-align-left","11":"mobile-align-left","13":"first","14":"outofstock","15":"taxable","16":"shipping-taxable","17":"purchasable","18":"product-type-simple"},"yoast_head":"<!-- This site is optimized with the Yoast SEO plugin v27.4 - https:\/\/yoast.com\/product\/yoast-seo-wordpress\/ -->\n<title>Neobulle looduslik intiimpesugeel, 150ml - Beebipai<\/title>\n<meta name=\"description\" content=\"Neobulle looduslik intiimpesugeel puhastab ja tasakaalustab \u00f5rnalt intiimpiirkonda. Vaata toodet Neobulle looduslik intiimpesugeel!\" \/>\n<meta name=\"robots\" content=\"index, follow, max-snippet:-1, max-image-preview:large, max-video-preview:-1\" \/>\n<link rel=\"canonical\" href=\"https:\/\/beebipai.ee\/lv\/product\/neobulle-looduslik-intiimpesugeel-150ml\/\" \/>\n<meta property=\"og:locale\" content=\"lv_LV\" \/>\n<meta property=\"og:type\" content=\"article\" \/>\n<meta property=\"og:title\" content=\"Neobulle looduslik intiimpesugeel, 150ml - Beebipai\" \/>\n<meta property=\"og:description\" content=\"Neobulle looduslik intiimpesugeel puhastab ja tasakaalustab \u00f5rnalt intiimpiirkonda. Vaata toodet Neobulle looduslik intiimpesugeel!\" \/>\n<meta property=\"og:url\" content=\"https:\/\/beebipai.ee\/lv\/product\/neobulle-looduslik-intiimpesugeel-150ml\/\" \/>\n<meta property=\"og:site_name\" content=\"Beebipai\" \/>\n<meta property=\"article:modified_time\" content=\"2026-04-14T07:09:29+00:00\" \/>\n<meta property=\"og:image\" content=\"https:\/\/beebipai.ee\/wp-content\/uploads\/2022\/08\/Neobulle-looduslik-intiimpesugeel1-e1659559732385.jpg\" \/>\n\t<meta property=\"og:image:width\" content=\"800\" \/>\n\t<meta property=\"og:image:height\" content=\"613\" \/>\n\t<meta property=\"og:image:type\" content=\"image\/jpeg\" \/>\n<meta name=\"twitter:card\" content=\"summary_large_image\" \/>\n<meta name=\"twitter:label1\" content=\"Est. reading time\" \/>\n\t<meta name=\"twitter:data1\" content=\"2 min\u016btes\" \/>\n<script type=\"application\/ld+json\" class=\"yoast-schema-graph\">{\"@context\":\"https:\\\/\\\/schema.org\",\"@graph\":[{\"@type\":\"WebPage\",\"@id\":\"https:\\\/\\\/beebipai.ee\\\/product\\\/neobulle-looduslik-intiimpesugeel-150ml\\\/\",\"url\":\"https:\\\/\\\/beebipai.ee\\\/product\\\/neobulle-looduslik-intiimpesugeel-150ml\\\/\",\"name\":\"Neobulle looduslik intiimpesugeel, 150ml - Beebipai\",\"isPartOf\":{\"@id\":\"https:\\\/\\\/beebipai.ee\\\/en\\\/#website\"},\"primaryImageOfPage\":{\"@id\":\"https:\\\/\\\/beebipai.ee\\\/product\\\/neobulle-looduslik-intiimpesugeel-150ml\\\/#primaryimage\"},\"image\":{\"@id\":\"https:\\\/\\\/beebipai.ee\\\/product\\\/neobulle-looduslik-intiimpesugeel-150ml\\\/#primaryimage\"},\"thumbnailUrl\":\"https:\\\/\\\/beebipai.ee\\\/wp-content\\\/uploads\\\/2022\\\/08\\\/Neobulle-looduslik-intiimpesugeel1-e1659559732385.jpg\",\"datePublished\":\"2022-08-03T20:49:05+00:00\",\"dateModified\":\"2026-04-14T07:09:29+00:00\",\"description\":\"Neobulle looduslik intiimpesugeel puhastab ja tasakaalustab \u00f5rnalt intiimpiirkonda. Vaata toodet Neobulle looduslik intiimpesugeel!\",\"breadcrumb\":{\"@id\":\"https:\\\/\\\/beebipai.ee\\\/product\\\/neobulle-looduslik-intiimpesugeel-150ml\\\/#breadcrumb\"},\"inLanguage\":\"lv-LV\",\"potentialAction\":[{\"@type\":\"ReadAction\",\"target\":[\"https:\\\/\\\/beebipai.ee\\\/product\\\/neobulle-looduslik-intiimpesugeel-150ml\\\/\"]}]},{\"@type\":\"ImageObject\",\"inLanguage\":\"lv-LV\",\"@id\":\"https:\\\/\\\/beebipai.ee\\\/product\\\/neobulle-looduslik-intiimpesugeel-150ml\\\/#primaryimage\",\"url\":\"https:\\\/\\\/beebipai.ee\\\/wp-content\\\/uploads\\\/2022\\\/08\\\/Neobulle-looduslik-intiimpesugeel1-e1659559732385.jpg\",\"contentUrl\":\"https:\\\/\\\/beebipai.ee\\\/wp-content\\\/uploads\\\/2022\\\/08\\\/Neobulle-looduslik-intiimpesugeel1-e1659559732385.jpg\",\"width\":800,\"height\":613},{\"@type\":\"BreadcrumbList\",\"@id\":\"https:\\\/\\\/beebipai.ee\\\/product\\\/neobulle-looduslik-intiimpesugeel-150ml\\\/#breadcrumb\",\"itemListElement\":[{\"@type\":\"ListItem\",\"position\":1,\"name\":\"Home\",\"item\":\"https:\\\/\\\/beebipai.ee\\\/\"},{\"@type\":\"ListItem\",\"position\":2,\"name\":\"Pood\",\"item\":\"https:\\\/\\\/beebipai.ee\\\/store\\\/\"},{\"@type\":\"ListItem\",\"position\":3,\"name\":\"Neobulle looduslik intiimpesugeel, 150ml\"}]},{\"@type\":\"WebSite\",\"@id\":\"https:\\\/\\\/beebipai.ee\\\/en\\\/#website\",\"url\":\"https:\\\/\\\/beebipai.ee\\\/en\\\/\",\"name\":\"Beebipai\",\"description\":\"Rasedate ja beebide veebipood\",\"potentialAction\":[{\"@type\":\"SearchAction\",\"target\":{\"@type\":\"EntryPoint\",\"urlTemplate\":\"https:\\\/\\\/beebipai.ee\\\/en\\\/?s={search_term_string}\"},\"query-input\":{\"@type\":\"PropertyValueSpecification\",\"valueRequired\":true,\"valueName\":\"search_term_string\"}}],\"inLanguage\":\"lv-LV\"}]}<\/script>\n<!-- \/ Yoast SEO plugin. -->","yoast_head_json":{"title":"Neobulle looduslik intiimpesugeel, 150ml - Beebipai","description":"Neobulle looduslik intiimpesugeel puhastab ja tasakaalustab \u00f5rnalt intiimpiirkonda. Vaata toodet Neobulle looduslik intiimpesugeel!","robots":{"index":"index","follow":"follow","max-snippet":"max-snippet:-1","max-image-preview":"max-image-preview:large","max-video-preview":"max-video-preview:-1"},"canonical":"https:\/\/beebipai.ee\/lv\/product\/neobulle-looduslik-intiimpesugeel-150ml\/","og_locale":"lv_LV","og_type":"article","og_title":"Neobulle looduslik intiimpesugeel, 150ml - Beebipai","og_description":"Neobulle looduslik intiimpesugeel puhastab ja tasakaalustab \u00f5rnalt intiimpiirkonda. Vaata toodet Neobulle looduslik intiimpesugeel!","og_url":"https:\/\/beebipai.ee\/lv\/product\/neobulle-looduslik-intiimpesugeel-150ml\/","og_site_name":"Beebipai","article_modified_time":"2026-04-14T07:09:29+00:00","og_image":[{"width":800,"height":613,"url":"https:\/\/beebipai.ee\/wp-content\/uploads\/2022\/08\/Neobulle-looduslik-intiimpesugeel1-e1659559732385.jpg","type":"image\/jpeg"}],"twitter_card":"summary_large_image","twitter_misc":{"Est. reading time":"2 min\u016btes"},"schema":{"@context":"https:\/\/schema.org","@graph":[{"@type":"WebPage","@id":"https:\/\/beebipai.ee\/product\/neobulle-looduslik-intiimpesugeel-150ml\/","url":"https:\/\/beebipai.ee\/product\/neobulle-looduslik-intiimpesugeel-150ml\/","name":"Neobulle looduslik intiimpesugeel, 150ml - Beebipai","isPartOf":{"@id":"https:\/\/beebipai.ee\/en\/#website"},"primaryImageOfPage":{"@id":"https:\/\/beebipai.ee\/product\/neobulle-looduslik-intiimpesugeel-150ml\/#primaryimage"},"image":{"@id":"https:\/\/beebipai.ee\/product\/neobulle-looduslik-intiimpesugeel-150ml\/#primaryimage"},"thumbnailUrl":"https:\/\/beebipai.ee\/wp-content\/uploads\/2022\/08\/Neobulle-looduslik-intiimpesugeel1-e1659559732385.jpg","datePublished":"2022-08-03T20:49:05+00:00","dateModified":"2026-04-14T07:09:29+00:00","description":"Neobulle looduslik intiimpesugeel puhastab ja tasakaalustab \u00f5rnalt intiimpiirkonda. Vaata toodet Neobulle looduslik intiimpesugeel!","breadcrumb":{"@id":"https:\/\/beebipai.ee\/product\/neobulle-looduslik-intiimpesugeel-150ml\/#breadcrumb"},"inLanguage":"lv-LV","potentialAction":[{"@type":"ReadAction","target":["https:\/\/beebipai.ee\/product\/neobulle-looduslik-intiimpesugeel-150ml\/"]}]},{"@type":"ImageObject","inLanguage":"lv-LV","@id":"https:\/\/beebipai.ee\/product\/neobulle-looduslik-intiimpesugeel-150ml\/#primaryimage","url":"https:\/\/beebipai.ee\/wp-content\/uploads\/2022\/08\/Neobulle-looduslik-intiimpesugeel1-e1659559732385.jpg","contentUrl":"https:\/\/beebipai.ee\/wp-content\/uploads\/2022\/08\/Neobulle-looduslik-intiimpesugeel1-e1659559732385.jpg","width":800,"height":613},{"@type":"BreadcrumbList","@id":"https:\/\/beebipai.ee\/product\/neobulle-looduslik-intiimpesugeel-150ml\/#breadcrumb","itemListElement":[{"@type":"ListItem","position":1,"name":"Home","item":"https:\/\/beebipai.ee\/"},{"@type":"ListItem","position":2,"name":"Pood","item":"https:\/\/beebipai.ee\/store\/"},{"@type":"ListItem","position":3,"name":"Neobulle looduslik intiimpesugeel, 150ml"}]},{"@type":"WebSite","@id":"https:\/\/beebipai.ee\/en\/#website","url":"https:\/\/beebipai.ee\/en\/","name":"Beebipai","description":"Rasedate ja beebide veebipood","potentialAction":[{"@type":"SearchAction","target":{"@type":"EntryPoint","urlTemplate":"https:\/\/beebipai.ee\/en\/?s={search_term_string}"},"query-input":{"@type":"PropertyValueSpecification","valueRequired":true,"valueName":"search_term_string"}}],"inLanguage":"lv-LV"}]}},"_links":{"self":[{"href":"https:\/\/beebipai.ee\/lv\/wp-json\/wp\/v2\/product\/5600","targetHints":{"allow":["GET"]}}],"collection":[{"href":"https:\/\/beebipai.ee\/lv\/wp-json\/wp\/v2\/product"}],"about":[{"href":"https:\/\/beebipai.ee\/lv\/wp-json\/wp\/v2\/types\/product"}],"version-history":[{"count":5,"href":"https:\/\/beebipai.ee\/lv\/wp-json\/wp\/v2\/product\/5600\/revisions"}],"predecessor-version":[{"id":13595,"href":"https:\/\/beebipai.ee\/lv\/wp-json\/wp\/v2\/product\/5600\/revisions\/13595"}],"wp:featuredmedia":[{"embeddable":true,"href":"https:\/\/beebipai.ee\/lv\/wp-json\/wp\/v2\/media\/5602"}],"wp:attachment":[{"href":"https:\/\/beebipai.ee\/lv\/wp-json\/wp\/v2\/media?parent=5600"}],"wp:term":[{"taxonomy":"product_brand","embeddable":true,"href":"https:\/\/beebipai.ee\/lv\/wp-json\/wp\/v2\/product_brand?post=5600"},{"taxonomy":"product_cat","embeddable":true,"href":"https:\/\/beebipai.ee\/lv\/wp-json\/wp\/v2\/product_cat?post=5600"},{"taxonomy":"product_tag","embeddable":true,"href":"https:\/\/beebipai.ee\/lv\/wp-json\/wp\/v2\/product_tag?post=5600"}],"curies":[{"name":"wp","href":"https:\/\/api.w.org\/{rel}","templated":true}]}}