{"id":5528,"date":"2022-07-28T23:47:14","date_gmt":"2022-07-28T20:47:14","guid":{"rendered":"https:\/\/beebipai.ee\/?post_type=product&#038;p=5528"},"modified":"2025-09-04T13:48:04","modified_gmt":"2025-09-04T10:48:04","slug":"neobulle-orgaaniline-oli-koha-raviks-beebidele-alates-3-ndast-elukuust","status":"publish","type":"product","link":"https:\/\/beebipai.ee\/lv\/product\/neobulle-orgaaniline-oli-koha-raviks-beebidele-alates-3-ndast-elukuust\/","title":{"rendered":"Neobulle orgaaniline \u00f5li k\u00f6ha leevendamiseks, beebidele alates 3-ndast elukuust"},"content":{"rendered":"<div data-elementor-type=\"wp-post\" data-elementor-id=\"5528\" class=\"elementor elementor-5528\">\n\t\t\t\t\t\t<section class=\"elementor-section elementor-top-section elementor-element elementor-element-8cec2a6 elementor-section-boxed elementor-section-height-default elementor-section-height-default\" data-id=\"8cec2a6\" data-element_type=\"section\" data-e-type=\"section\">\n\t\t\t\t\t\t<div class=\"elementor-container elementor-column-gap-default\">\n\t\t\t\t\t<div class=\"elementor-column elementor-col-50 elementor-top-column elementor-element elementor-element-9289f95\" data-id=\"9289f95\" data-element_type=\"column\" data-e-type=\"column\">\n\t\t\t<div class=\"elementor-widget-wrap elementor-element-populated\">\n\t\t\t\t\t\t<div class=\"elementor-element elementor-element-8629416 elementor-widget elementor-widget-heading\" data-id=\"8629416\" data-element_type=\"widget\" data-e-type=\"widget\" data-widget_type=\"heading.default\">\n\t\t\t\t<div class=\"elementor-widget-container\">\n\t\t\t\t\t<h2 class=\"elementor-heading-title elementor-size-default\">Neobulle orgaaniline \u00f5li k\u00f6ha leevendamiseks<\/h2>\t\t\t\t<\/div>\n\t\t\t\t<\/div>\n\t\t\t\t<div class=\"elementor-element elementor-element-029f080 elementor-widget elementor-widget-text-editor\" data-id=\"029f080\" data-element_type=\"widget\" data-e-type=\"widget\" data-widget_type=\"text-editor.default\">\n\t\t\t\t<div class=\"elementor-widget-container\">\n\t\t\t\t\t\t\t\t\t<p>Enamus aastast soosib meie kliima \u00fclemiste hingamisteede haigusi. Nende esinemise k\u00f5rgaeg on s\u00fcgisest kevadeni ning enamasti on s\u00fc\u00fcdi nendes viiruslikud nakkused. \u00dclemiste hingamisteede haigustest, mille peamisteks s\u00fcmptomiteks on k\u00f6ha, nohu ja palavik, ei ole kaitstud ka beebid.\u00a0 Kuna viirused levivad enamasti piisknakkuse teel ja mustade k\u00e4te vahendusel, siis v\u00e4ldi beebi kokkupuuteid haigete inimestega, rahvarohkeid kohti ning enne beebiga toimetamist v\u00f5iks pesta k\u00e4ed. Viiruses beebil v\u00f5ib t\u00f5usta palavik, olla nina kinni, voolata ninast v\u00e4lja v\u00f5i kurku sekreeti. Beebi v\u00f5ib k\u00f6hida, olla virilam, keelduda toidust ning v\u00f5ivad esineda raskused magamisel.<\/p><p>Paraku on beebil s\u00fcmptomite leevendamine keerukam, sest enamus k\u00f6ha ja nohu leevendavad ravimid on lubatud alates teisest eluaastast.<\/p>\t\t\t\t\t\t\t\t<\/div>\n\t\t\t\t<\/div>\n\t\t\t\t\t<\/div>\n\t\t<\/div>\n\t\t\t\t<div class=\"elementor-column elementor-col-50 elementor-top-column elementor-element elementor-element-03e1a59\" data-id=\"03e1a59\" data-element_type=\"column\" data-e-type=\"column\">\n\t\t\t<div class=\"elementor-widget-wrap elementor-element-populated\">\n\t\t\t\t\t\t<div class=\"elementor-element elementor-element-9e577d9 elementor-widget elementor-widget-image\" data-id=\"9e577d9\" data-element_type=\"widget\" data-e-type=\"widget\" data-widget_type=\"image.default\">\n\t\t\t\t<div class=\"elementor-widget-container\">\n\t\t\t\t\t\t\t\t\t\t\t\t\t\t\t<img fetchpriority=\"high\" decoding=\"async\" width=\"400\" height=\"258\" src=\"https:\/\/beebipai.ee\/wp-content\/uploads\/2022\/07\/Beebi-koha-e1659041371294.jpg\" class=\"attachment-medium_large size-medium_large wp-image-5529\" alt=\"\" srcset=\"https:\/\/beebipai.ee\/wp-content\/uploads\/2022\/07\/Beebi-koha-e1659041371294.jpg 400w, https:\/\/beebipai.ee\/wp-content\/uploads\/2022\/07\/Beebi-koha-e1659041371294-300x194.jpg 300w, https:\/\/beebipai.ee\/wp-content\/uploads\/2022\/07\/Beebi-koha-e1659041371294-18x12.jpg 18w\" sizes=\"(max-width: 400px) 100vw, 400px\" \/>\t\t\t\t\t\t\t\t\t\t\t\t\t\t\t<\/div>\n\t\t\t\t<\/div>\n\t\t\t\t\t<\/div>\n\t\t<\/div>\n\t\t\t\t\t<\/div>\n\t\t<\/section>\n\t\t\t\t<section class=\"elementor-section elementor-top-section elementor-element elementor-element-48e69ed elementor-section-boxed elementor-section-height-default elementor-section-height-default\" data-id=\"48e69ed\" data-element_type=\"section\" data-e-type=\"section\">\n\t\t\t\t\t\t<div class=\"elementor-container elementor-column-gap-default\">\n\t\t\t\t\t<div class=\"elementor-column elementor-col-50 elementor-top-column elementor-element elementor-element-fda7666\" data-id=\"fda7666\" data-element_type=\"column\" data-e-type=\"column\">\n\t\t\t<div class=\"elementor-widget-wrap elementor-element-populated\">\n\t\t\t\t\t\t<div class=\"elementor-element elementor-element-5ddfd4d elementor-widget elementor-widget-text-editor\" data-id=\"5ddfd4d\" data-element_type=\"widget\" data-e-type=\"widget\" data-widget_type=\"text-editor.default\">\n\t\t\t\t<div class=\"elementor-widget-container\">\n\t\t\t\t\t\t\t\t\t<p>\u00dclemiste hingamisteede viiruste peamisteks s\u00fcmptomiteks on k\u00f6ha, nohu ja palavik.\u00a0<\/p><p>Palaviku vastu sobivad beebile Paracetamol k\u00fc\u00fcnlad, arvestusega 15mg\/kg. Palavik on keha kaitsereaktsioon, mis aitab organismist viirust v\u00e4lja t\u00f5rjuda, seet\u00f5ttu alla 38 kraadist palavikku ei pea alla v\u00f5tma kui laps sealjuures end h\u00e4sti tunneb.<\/p><p>Nohu vastu on k\u00f5ige efektiivsem loputamine ja sekreedi eemaldamine. Loputa lapse nina meresoola lahusega ja kasuta aspiraatorit v\u00f5i ninapumpa sekreedi eemaldamiseks. Nina lahtistavalt ja sekreedi kergemaks eemaldamiseks sobib ka inhalatsiooni tegemine, kindlasti jaheda auruga.<\/p><p>Hoolitse selles eest, et beebi saaks v\u00f5imalikult palju vedelikku. Paku regulaarselt talle rinda v\u00f5i piimasegu.<\/p><p>Hingamist aitab kergendada ka asendite vahetamine ja natuke k\u00f5rgem peaalune. Beebide puhul tuleks aga k\u00f5rgendus panna madratsi alla, mitte otse lapse pea alla.<\/p>\t\t\t\t\t\t\t\t<\/div>\n\t\t\t\t<\/div>\n\t\t\t\t\t<\/div>\n\t\t<\/div>\n\t\t\t\t<div class=\"elementor-column elementor-col-50 elementor-top-column elementor-element elementor-element-382f691\" data-id=\"382f691\" data-element_type=\"column\" data-e-type=\"column\">\n\t\t\t<div class=\"elementor-widget-wrap elementor-element-populated\">\n\t\t\t\t\t\t<div class=\"elementor-element elementor-element-44f5100 elementor-widget elementor-widget-image\" data-id=\"44f5100\" data-element_type=\"widget\" data-e-type=\"widget\" data-widget_type=\"image.default\">\n\t\t\t\t<div class=\"elementor-widget-container\">\n\t\t\t\t\t\t\t\t\t\t\t\t\t\t\t<img decoding=\"async\" width=\"400\" height=\"240\" src=\"https:\/\/beebipai.ee\/wp-content\/uploads\/2022\/07\/Beebi-koha1-e1659042375687.webp\" class=\"attachment-medium_large size-medium_large wp-image-5530\" alt=\"\" srcset=\"https:\/\/beebipai.ee\/wp-content\/uploads\/2022\/07\/Beebi-koha1-e1659042375687.webp 400w, https:\/\/beebipai.ee\/wp-content\/uploads\/2022\/07\/Beebi-koha1-e1659042375687-300x180.webp 300w, https:\/\/beebipai.ee\/wp-content\/uploads\/2022\/07\/Beebi-koha1-e1659042375687-18x12.webp 18w\" sizes=\"(max-width: 400px) 100vw, 400px\" \/>\t\t\t\t\t\t\t\t\t\t\t\t\t\t\t<\/div>\n\t\t\t\t<\/div>\n\t\t\t\t\t<\/div>\n\t\t<\/div>\n\t\t\t\t\t<\/div>\n\t\t<\/section>\n\t\t\t\t<section class=\"elementor-section elementor-top-section elementor-element elementor-element-96b7cc7 elementor-section-boxed elementor-section-height-default elementor-section-height-default\" data-id=\"96b7cc7\" data-element_type=\"section\" data-e-type=\"section\">\n\t\t\t\t\t\t<div class=\"elementor-container elementor-column-gap-default\">\n\t\t\t\t\t<div class=\"elementor-column elementor-col-50 elementor-top-column elementor-element elementor-element-49318ba\" data-id=\"49318ba\" data-element_type=\"column\" data-e-type=\"column\">\n\t\t\t<div class=\"elementor-widget-wrap elementor-element-populated\">\n\t\t\t\t\t\t<div class=\"elementor-element elementor-element-c2850bf elementor-widget elementor-widget-text-editor\" data-id=\"c2850bf\" data-element_type=\"widget\" data-e-type=\"widget\" data-widget_type=\"text-editor.default\">\n\t\t\t\t<div class=\"elementor-widget-container\">\n\t\t\t\t\t\t\t\t\t<p>K\u00f6ha leevendada aitavad rinnapalsamid ja rinna\u00f5lid. R\u00f6ga lahtistavaid ravimeid ei tohi beebidele pakkuda.\u00a0<\/p><p>Neobulle orgaaniline k\u00f6ha leevendav \u00f5li on soojendava ja l\u00f5\u00f5gastava toimega.\u00a0 V\u00e4hendab efektiivselt k\u00f6haga seotud \u00fclemiste hingamisteede \u00e4rritust ja muudab sekreedi kergemini k\u00f6hitavaks. \u00d5li l\u00f5\u00f5gastav toime m\u00f5jub hingamisteedele ja teeb seel\u00e4bi hingamise kergemaks.\u00a0<\/p><p>Haiguse esimeste s\u00fcmptomite ilmnemisel alusta kohe kasutamist kuni 4 korda \u00f6\u00f6p\u00e4evas. Kanna \u00f5li lapse jalataldadele ja rindkerele- nii rinnakule kui ka seljale. Silita ringjate \u00f5rnade liigutustega \u00f5li naha sisse.\u00a0<\/p><p>Ennetavalt v\u00f5ib viiruste k\u00f5rgperioodil kasutada \u00f5li kandmist jalataldadele \u00fcks kord \u00f6\u00f6p\u00e4evas.<\/p><p>Hoolikalt valitud ja \u00f5rna koostisega \u00f5li on\u00a0 sobilik kasutada beebidel alates 3-ndast elukuust. Samuti sobib \u00f5li kasutamiseks beebiootuse ajal.<\/p><p>\u00a0<\/p>\t\t\t\t\t\t\t\t<\/div>\n\t\t\t\t<\/div>\n\t\t\t\t\t<\/div>\n\t\t<\/div>\n\t\t\t\t<div class=\"elementor-column elementor-col-50 elementor-top-column elementor-element elementor-element-33ba63d\" data-id=\"33ba63d\" data-element_type=\"column\" data-e-type=\"column\">\n\t\t\t<div class=\"elementor-widget-wrap elementor-element-populated\">\n\t\t\t\t\t\t<div class=\"elementor-element elementor-element-fdada00 elementor-widget elementor-widget-image\" data-id=\"fdada00\" data-element_type=\"widget\" data-e-type=\"widget\" data-widget_type=\"image.default\">\n\t\t\t\t<div class=\"elementor-widget-container\">\n\t\t\t\t\t\t\t\t\t\t\t\t\t\t\t<img decoding=\"async\" width=\"470\" height=\"469\" src=\"https:\/\/beebipai.ee\/wp-content\/uploads\/2022\/07\/Neobulle-orgaaniline-oli-koha-leevendamiseks.webp\" class=\"attachment-large size-large wp-image-5534\" alt=\"\" srcset=\"https:\/\/beebipai.ee\/wp-content\/uploads\/2022\/07\/Neobulle-orgaaniline-oli-koha-leevendamiseks.webp 470w, https:\/\/beebipai.ee\/wp-content\/uploads\/2022\/07\/Neobulle-orgaaniline-oli-koha-leevendamiseks-300x300.webp 300w, https:\/\/beebipai.ee\/wp-content\/uploads\/2022\/07\/Neobulle-orgaaniline-oli-koha-leevendamiseks-150x150.webp 150w, https:\/\/beebipai.ee\/wp-content\/uploads\/2022\/07\/Neobulle-orgaaniline-oli-koha-leevendamiseks-12x12.webp 12w, https:\/\/beebipai.ee\/wp-content\/uploads\/2022\/07\/Neobulle-orgaaniline-oli-koha-leevendamiseks-100x100.webp 100w\" sizes=\"(max-width: 470px) 100vw, 470px\" \/>\t\t\t\t\t\t\t\t\t\t\t\t\t\t\t<\/div>\n\t\t\t\t<\/div>\n\t\t\t\t\t<\/div>\n\t\t<\/div>\n\t\t\t\t\t<\/div>\n\t\t<\/section>\n\t\t\t\t<\/div>","protected":false},"excerpt":{"rendered":"<p>Neobulle orgaaniline \u00f5li aitab leevendada \u00fclemiste hingamisteede haigustega seotud vaevusi, eelk\u00f5ige k\u00f6ha ja nohu. \u00d5lis sisalduvad orgaanilised taime\u00f5lid on soojendava toimega, muudavad k\u00f6ha lahtiseks ning teevad k\u00f6himise kergemaks.<\/p>\n<p>\u00d5li sobib kasutamiseks beebidele alates 3-ndast elukuust ja rasedatele.<\/p>\n<p>100% koostisosadest p\u00e4rinevad mahep\u00f5llumajandusest<\/p>\n<p>Pumbaga pudel, 20ml<\/p>\n<p>Ra\u017eots Francij\u0101<\/p>","protected":false},"featured_media":5538,"template":"","meta":{"_monsterinsights_skip_tracking":false,"_monsterinsights_sitenote_active":false,"_monsterinsights_sitenote_note":"","_monsterinsights_sitenote_category":0,"site-sidebar-layout":"no-sidebar","site-content-layout":"page-builder","ast-site-content-layout":"full-width-container","site-content-style":"unboxed","site-sidebar-style":"unboxed","ast-global-header-display":"","ast-banner-title-visibility":"","ast-main-header-display":"","ast-hfb-above-header-display":"","ast-hfb-below-header-display":"","ast-hfb-mobile-header-display":"","site-post-title":"disabled","ast-breadcrumbs-content":"","ast-featured-img":"disabled","footer-sml-layout":"","ast-disable-related-posts":"","theme-transparent-header-meta":"default","adv-header-id-meta":"","stick-header-meta":"","header-above-stick-meta":"","header-main-stick-meta":"","header-below-stick-meta":"","astra-migrate-meta-layouts":"set","ast-page-background-enabled":"default","ast-page-background-meta":{"desktop":{"background-color":"","background-image":"","background-repeat":"repeat","background-position":"center center","background-size":"auto","background-attachment":"scroll","background-type":"","background-media":"","overlay-type":"","overlay-color":"","overlay-opacity":"","overlay-gradient":""},"tablet":{"background-color":"","background-image":"","background-repeat":"repeat","background-position":"center center","background-size":"auto","background-attachment":"scroll","background-type":"","background-media":"","overlay-type":"","overlay-color":"","overlay-opacity":"","overlay-gradient":""},"mobile":{"background-color":"","background-image":"","background-repeat":"repeat","background-position":"center center","background-size":"auto","background-attachment":"scroll","background-type":"","background-media":"","overlay-type":"","overlay-color":"","overlay-opacity":"","overlay-gradient":""}},"ast-content-background-meta":{"desktop":{"background-color":"var(--ast-global-color-5)","background-image":"","background-repeat":"repeat","background-position":"center center","background-size":"auto","background-attachment":"scroll","background-type":"","background-media":"","overlay-type":"","overlay-color":"","overlay-opacity":"","overlay-gradient":""},"tablet":{"background-color":"var(--ast-global-color-5)","background-image":"","background-repeat":"repeat","background-position":"center center","background-size":"auto","background-attachment":"scroll","background-type":"","background-media":"","overlay-type":"","overlay-color":"","overlay-opacity":"","overlay-gradient":""},"mobile":{"background-color":"var(--ast-global-color-5)","background-image":"","background-repeat":"repeat","background-position":"center center","background-size":"auto","background-attachment":"scroll","background-type":"","background-media":"","overlay-type":"","overlay-color":"","overlay-opacity":"","overlay-gradient":""}}},"product_brand":[],"product_cat":[23,113,135],"product_tag":[],"class_list":{"0":"post-5528","1":"product","2":"type-product","3":"status-publish","4":"has-post-thumbnail","6":"product_cat-beebile","7":"product_cat-kehakreemid-ja-kehaolid","8":"product_cat-tervisemurede-leevend","9":"desktop-align-left","10":"tablet-align-left","11":"mobile-align-left","13":"first","14":"instock","15":"taxable","16":"shipping-taxable","17":"purchasable","18":"product-type-simple"},"yoast_head":"<!-- This site is optimized with the Yoast SEO plugin v27.4 - https:\/\/yoast.com\/product\/yoast-seo-wordpress\/ -->\n<title>Neobulle orgaaniline \u00f5li k\u00f6ha leevendamiseks, beebidele alates 3-ndast elukuust - Beebipai<\/title>\n<meta name=\"description\" content=\"Neobulle orgaaniline \u00f5li aitab leevendada k\u00f6ha ja nohu beebidel. Vaata toodet Neobulle orgaaniline \u00f5li k\u00f6ha leevendamiseks!\" \/>\n<meta name=\"robots\" content=\"index, follow, max-snippet:-1, max-image-preview:large, max-video-preview:-1\" \/>\n<link rel=\"canonical\" href=\"https:\/\/beebipai.ee\/lv\/product\/neobulle-orgaaniline-oli-koha-raviks-beebidele-alates-3-ndast-elukuust\/\" \/>\n<meta property=\"og:locale\" content=\"lv_LV\" \/>\n<meta property=\"og:type\" content=\"article\" \/>\n<meta property=\"og:title\" content=\"Neobulle orgaaniline \u00f5li k\u00f6ha leevendamiseks, beebidele alates 3-ndast elukuust - Beebipai\" \/>\n<meta property=\"og:description\" content=\"Neobulle orgaaniline \u00f5li aitab leevendada k\u00f6ha ja nohu beebidel. Vaata toodet Neobulle orgaaniline \u00f5li k\u00f6ha leevendamiseks!\" \/>\n<meta property=\"og:url\" content=\"https:\/\/beebipai.ee\/lv\/product\/neobulle-orgaaniline-oli-koha-raviks-beebidele-alates-3-ndast-elukuust\/\" \/>\n<meta property=\"og:site_name\" content=\"Beebipai\" \/>\n<meta property=\"article:modified_time\" content=\"2025-09-04T10:48:04+00:00\" \/>\n<meta property=\"og:image\" content=\"https:\/\/beebipai.ee\/wp-content\/uploads\/2022\/07\/Neobulle-oli-koha-raviks2-e1659044111986.jpg\" \/>\n\t<meta property=\"og:image:width\" content=\"1837\" \/>\n\t<meta property=\"og:image:height\" content=\"1305\" \/>\n\t<meta property=\"og:image:type\" content=\"image\/jpeg\" \/>\n<meta name=\"twitter:card\" content=\"summary_large_image\" \/>\n<meta name=\"twitter:label1\" content=\"Est. reading time\" \/>\n\t<meta name=\"twitter:data1\" content=\"2 min\u016btes\" \/>\n<script type=\"application\/ld+json\" class=\"yoast-schema-graph\">{\"@context\":\"https:\\\/\\\/schema.org\",\"@graph\":[{\"@type\":\"WebPage\",\"@id\":\"https:\\\/\\\/beebipai.ee\\\/product\\\/neobulle-orgaaniline-oli-koha-raviks-beebidele-alates-3-ndast-elukuust\\\/\",\"url\":\"https:\\\/\\\/beebipai.ee\\\/product\\\/neobulle-orgaaniline-oli-koha-raviks-beebidele-alates-3-ndast-elukuust\\\/\",\"name\":\"Neobulle orgaaniline \u00f5li k\u00f6ha leevendamiseks, beebidele alates 3-ndast elukuust - Beebipai\",\"isPartOf\":{\"@id\":\"https:\\\/\\\/beebipai.ee\\\/en\\\/#website\"},\"primaryImageOfPage\":{\"@id\":\"https:\\\/\\\/beebipai.ee\\\/product\\\/neobulle-orgaaniline-oli-koha-raviks-beebidele-alates-3-ndast-elukuust\\\/#primaryimage\"},\"image\":{\"@id\":\"https:\\\/\\\/beebipai.ee\\\/product\\\/neobulle-orgaaniline-oli-koha-raviks-beebidele-alates-3-ndast-elukuust\\\/#primaryimage\"},\"thumbnailUrl\":\"https:\\\/\\\/beebipai.ee\\\/wp-content\\\/uploads\\\/2022\\\/07\\\/Neobulle-oli-koha-raviks2-e1659044111986.jpg\",\"datePublished\":\"2022-07-28T20:47:14+00:00\",\"dateModified\":\"2025-09-04T10:48:04+00:00\",\"description\":\"Neobulle orgaaniline \u00f5li aitab leevendada k\u00f6ha ja nohu beebidel. Vaata toodet Neobulle orgaaniline \u00f5li k\u00f6ha leevendamiseks!\",\"breadcrumb\":{\"@id\":\"https:\\\/\\\/beebipai.ee\\\/product\\\/neobulle-orgaaniline-oli-koha-raviks-beebidele-alates-3-ndast-elukuust\\\/#breadcrumb\"},\"inLanguage\":\"lv-LV\",\"potentialAction\":[{\"@type\":\"ReadAction\",\"target\":[\"https:\\\/\\\/beebipai.ee\\\/product\\\/neobulle-orgaaniline-oli-koha-raviks-beebidele-alates-3-ndast-elukuust\\\/\"]}]},{\"@type\":\"ImageObject\",\"inLanguage\":\"lv-LV\",\"@id\":\"https:\\\/\\\/beebipai.ee\\\/product\\\/neobulle-orgaaniline-oli-koha-raviks-beebidele-alates-3-ndast-elukuust\\\/#primaryimage\",\"url\":\"https:\\\/\\\/beebipai.ee\\\/wp-content\\\/uploads\\\/2022\\\/07\\\/Neobulle-oli-koha-raviks2-e1659044111986.jpg\",\"contentUrl\":\"https:\\\/\\\/beebipai.ee\\\/wp-content\\\/uploads\\\/2022\\\/07\\\/Neobulle-oli-koha-raviks2-e1659044111986.jpg\",\"width\":1837,\"height\":1305},{\"@type\":\"BreadcrumbList\",\"@id\":\"https:\\\/\\\/beebipai.ee\\\/product\\\/neobulle-orgaaniline-oli-koha-raviks-beebidele-alates-3-ndast-elukuust\\\/#breadcrumb\",\"itemListElement\":[{\"@type\":\"ListItem\",\"position\":1,\"name\":\"Home\",\"item\":\"https:\\\/\\\/beebipai.ee\\\/\"},{\"@type\":\"ListItem\",\"position\":2,\"name\":\"Pood\",\"item\":\"https:\\\/\\\/beebipai.ee\\\/store\\\/\"},{\"@type\":\"ListItem\",\"position\":3,\"name\":\"Neobulle orgaaniline \u00f5li k\u00f6ha leevendamiseks, beebidele alates 3-ndast elukuust\"}]},{\"@type\":\"WebSite\",\"@id\":\"https:\\\/\\\/beebipai.ee\\\/en\\\/#website\",\"url\":\"https:\\\/\\\/beebipai.ee\\\/en\\\/\",\"name\":\"Beebipai\",\"description\":\"Rasedate ja beebide veebipood\",\"potentialAction\":[{\"@type\":\"SearchAction\",\"target\":{\"@type\":\"EntryPoint\",\"urlTemplate\":\"https:\\\/\\\/beebipai.ee\\\/en\\\/?s={search_term_string}\"},\"query-input\":{\"@type\":\"PropertyValueSpecification\",\"valueRequired\":true,\"valueName\":\"search_term_string\"}}],\"inLanguage\":\"lv-LV\"}]}<\/script>\n<!-- \/ Yoast SEO plugin. -->","yoast_head_json":{"title":"Neobulle orgaaniline \u00f5li k\u00f6ha leevendamiseks, beebidele alates 3-ndast elukuust - Beebipai","description":"Neobulle orgaaniline \u00f5li aitab leevendada k\u00f6ha ja nohu beebidel. Vaata toodet Neobulle orgaaniline \u00f5li k\u00f6ha leevendamiseks!","robots":{"index":"index","follow":"follow","max-snippet":"max-snippet:-1","max-image-preview":"max-image-preview:large","max-video-preview":"max-video-preview:-1"},"canonical":"https:\/\/beebipai.ee\/lv\/product\/neobulle-orgaaniline-oli-koha-raviks-beebidele-alates-3-ndast-elukuust\/","og_locale":"lv_LV","og_type":"article","og_title":"Neobulle orgaaniline \u00f5li k\u00f6ha leevendamiseks, beebidele alates 3-ndast elukuust - Beebipai","og_description":"Neobulle orgaaniline \u00f5li aitab leevendada k\u00f6ha ja nohu beebidel. Vaata toodet Neobulle orgaaniline \u00f5li k\u00f6ha leevendamiseks!","og_url":"https:\/\/beebipai.ee\/lv\/product\/neobulle-orgaaniline-oli-koha-raviks-beebidele-alates-3-ndast-elukuust\/","og_site_name":"Beebipai","article_modified_time":"2025-09-04T10:48:04+00:00","og_image":[{"width":1837,"height":1305,"url":"https:\/\/beebipai.ee\/wp-content\/uploads\/2022\/07\/Neobulle-oli-koha-raviks2-e1659044111986.jpg","type":"image\/jpeg"}],"twitter_card":"summary_large_image","twitter_misc":{"Est. reading time":"2 min\u016btes"},"schema":{"@context":"https:\/\/schema.org","@graph":[{"@type":"WebPage","@id":"https:\/\/beebipai.ee\/product\/neobulle-orgaaniline-oli-koha-raviks-beebidele-alates-3-ndast-elukuust\/","url":"https:\/\/beebipai.ee\/product\/neobulle-orgaaniline-oli-koha-raviks-beebidele-alates-3-ndast-elukuust\/","name":"Neobulle orgaaniline \u00f5li k\u00f6ha leevendamiseks, beebidele alates 3-ndast elukuust - Beebipai","isPartOf":{"@id":"https:\/\/beebipai.ee\/en\/#website"},"primaryImageOfPage":{"@id":"https:\/\/beebipai.ee\/product\/neobulle-orgaaniline-oli-koha-raviks-beebidele-alates-3-ndast-elukuust\/#primaryimage"},"image":{"@id":"https:\/\/beebipai.ee\/product\/neobulle-orgaaniline-oli-koha-raviks-beebidele-alates-3-ndast-elukuust\/#primaryimage"},"thumbnailUrl":"https:\/\/beebipai.ee\/wp-content\/uploads\/2022\/07\/Neobulle-oli-koha-raviks2-e1659044111986.jpg","datePublished":"2022-07-28T20:47:14+00:00","dateModified":"2025-09-04T10:48:04+00:00","description":"Neobulle orgaaniline \u00f5li aitab leevendada k\u00f6ha ja nohu beebidel. Vaata toodet Neobulle orgaaniline \u00f5li k\u00f6ha leevendamiseks!","breadcrumb":{"@id":"https:\/\/beebipai.ee\/product\/neobulle-orgaaniline-oli-koha-raviks-beebidele-alates-3-ndast-elukuust\/#breadcrumb"},"inLanguage":"lv-LV","potentialAction":[{"@type":"ReadAction","target":["https:\/\/beebipai.ee\/product\/neobulle-orgaaniline-oli-koha-raviks-beebidele-alates-3-ndast-elukuust\/"]}]},{"@type":"ImageObject","inLanguage":"lv-LV","@id":"https:\/\/beebipai.ee\/product\/neobulle-orgaaniline-oli-koha-raviks-beebidele-alates-3-ndast-elukuust\/#primaryimage","url":"https:\/\/beebipai.ee\/wp-content\/uploads\/2022\/07\/Neobulle-oli-koha-raviks2-e1659044111986.jpg","contentUrl":"https:\/\/beebipai.ee\/wp-content\/uploads\/2022\/07\/Neobulle-oli-koha-raviks2-e1659044111986.jpg","width":1837,"height":1305},{"@type":"BreadcrumbList","@id":"https:\/\/beebipai.ee\/product\/neobulle-orgaaniline-oli-koha-raviks-beebidele-alates-3-ndast-elukuust\/#breadcrumb","itemListElement":[{"@type":"ListItem","position":1,"name":"Home","item":"https:\/\/beebipai.ee\/"},{"@type":"ListItem","position":2,"name":"Pood","item":"https:\/\/beebipai.ee\/store\/"},{"@type":"ListItem","position":3,"name":"Neobulle orgaaniline \u00f5li k\u00f6ha leevendamiseks, beebidele alates 3-ndast elukuust"}]},{"@type":"WebSite","@id":"https:\/\/beebipai.ee\/en\/#website","url":"https:\/\/beebipai.ee\/en\/","name":"Beebipai","description":"Rasedate ja beebide veebipood","potentialAction":[{"@type":"SearchAction","target":{"@type":"EntryPoint","urlTemplate":"https:\/\/beebipai.ee\/en\/?s={search_term_string}"},"query-input":{"@type":"PropertyValueSpecification","valueRequired":true,"valueName":"search_term_string"}}],"inLanguage":"lv-LV"}]}},"_links":{"self":[{"href":"https:\/\/beebipai.ee\/lv\/wp-json\/wp\/v2\/product\/5528","targetHints":{"allow":["GET"]}}],"collection":[{"href":"https:\/\/beebipai.ee\/lv\/wp-json\/wp\/v2\/product"}],"about":[{"href":"https:\/\/beebipai.ee\/lv\/wp-json\/wp\/v2\/types\/product"}],"version-history":[{"count":5,"href":"https:\/\/beebipai.ee\/lv\/wp-json\/wp\/v2\/product\/5528\/revisions"}],"predecessor-version":[{"id":12656,"href":"https:\/\/beebipai.ee\/lv\/wp-json\/wp\/v2\/product\/5528\/revisions\/12656"}],"wp:featuredmedia":[{"embeddable":true,"href":"https:\/\/beebipai.ee\/lv\/wp-json\/wp\/v2\/media\/5538"}],"wp:attachment":[{"href":"https:\/\/beebipai.ee\/lv\/wp-json\/wp\/v2\/media?parent=5528"}],"wp:term":[{"taxonomy":"product_brand","embeddable":true,"href":"https:\/\/beebipai.ee\/lv\/wp-json\/wp\/v2\/product_brand?post=5528"},{"taxonomy":"product_cat","embeddable":true,"href":"https:\/\/beebipai.ee\/lv\/wp-json\/wp\/v2\/product_cat?post=5528"},{"taxonomy":"product_tag","embeddable":true,"href":"https:\/\/beebipai.ee\/lv\/wp-json\/wp\/v2\/product_tag?post=5528"}],"curies":[{"name":"wp","href":"https:\/\/api.w.org\/{rel}","templated":true}]}}