{"id":4787,"date":"2022-06-22T10:55:14","date_gmt":"2022-06-22T07:55:14","guid":{"rendered":"https:\/\/beebipai.ee\/?post_type=product&#038;p=4787"},"modified":"2022-06-28T23:38:20","modified_gmt":"2022-06-28T20:38:20","slug":"meditsiinilised-kompressioonpolvikud-puuvillaga-18-21-mmhg","status":"publish","type":"product","link":"https:\/\/beebipai.ee\/lv\/product\/meditsiinilised-kompressioonpolvikud-puuvillaga-18-21-mmhg\/","title":{"rendered":"Meditsiinilised kompressioonp\u00f5lvikud puuvillaga, 18-21 mmHg"},"content":{"rendered":"<div data-elementor-type=\"wp-post\" data-elementor-id=\"4787\" class=\"elementor elementor-4787\">\n\t\t\t\t\t\t<section class=\"elementor-section elementor-top-section elementor-element elementor-element-819ea5c elementor-section-boxed elementor-section-height-default elementor-section-height-default\" data-id=\"819ea5c\" data-element_type=\"section\" data-e-type=\"section\">\n\t\t\t\t\t\t<div class=\"elementor-container elementor-column-gap-default\">\n\t\t\t\t\t<div class=\"elementor-column elementor-col-50 elementor-top-column elementor-element elementor-element-1588c14\" data-id=\"1588c14\" data-element_type=\"column\" data-e-type=\"column\">\n\t\t\t<div class=\"elementor-widget-wrap elementor-element-populated\">\n\t\t\t\t\t\t<div class=\"elementor-element elementor-element-d580458 elementor-widget elementor-widget-heading\" data-id=\"d580458\" data-element_type=\"widget\" data-e-type=\"widget\" data-widget_type=\"heading.default\">\n\t\t\t\t<div class=\"elementor-widget-container\">\n\t\t\t\t\t<h2 class=\"elementor-heading-title elementor-size-default\">Meditsiinilised kompressioonp\u00f5lvikud puuvillaga<\/h2>\t\t\t\t<\/div>\n\t\t\t\t<\/div>\n\t\t\t\t<div class=\"elementor-element elementor-element-8534627 elementor-widget elementor-widget-text-editor\" data-id=\"8534627\" data-element_type=\"widget\" data-e-type=\"widget\" data-widget_type=\"text-editor.default\">\n\t\t\t\t<div class=\"elementor-widget-container\">\n\t\t\t\t\t\t\t\t\t<p>Veenilaiendite tekkel on oluline osa hormonaalsetel muutustel organismis, mist\u00f5ttu veeniaiendid v\u00f5ivad tekkida mis iganes ajal alates teismeeast kuni vanemasse ikka j\u00f5udmiseni. Peamist rolli kannab siinkohal p\u00e4rilik eelsoodumus ehk kui vanematel, vendadel ja\/v\u00f5i \u00f5dedel on veenilaiendid, siis v\u00e4ga suur t\u00f5en\u00e4osus veenilaiendite tekkeks on ka inimesel endal.<\/p><p>Sesosed rasedusaegsete hormonaalsete muutustega ja sidekoe venivuse t\u00f5usuga, on suurem risk veenilaiendite tekkeks raseduse ajal. Beebiootel naise kehas on rohkem vedelikku, surve on suurem alumistele kudedele, mist\u00f5ttu kogunebki see just alaj\u00e4semete veenidesse ja \u00fcmbritsevatesse kudedesse. Tekivad tursed ja veenilaiendid.<\/p><p>Veenilaiendeid raseduse ajal ennetada, olemasolevaid hoida v\u00f5imalikult stabiilsetena ja jalgade paremat v\u00e4limust saab s\u00e4ilitada vaid kompressioontoodete kasutamisega raseduse ajal.\u00a0<\/p>\t\t\t\t\t\t\t\t<\/div>\n\t\t\t\t<\/div>\n\t\t\t\t\t<\/div>\n\t\t<\/div>\n\t\t\t\t<div class=\"elementor-column elementor-col-50 elementor-top-column elementor-element elementor-element-b6a3864\" data-id=\"b6a3864\" data-element_type=\"column\" data-e-type=\"column\">\n\t\t\t<div class=\"elementor-widget-wrap elementor-element-populated\">\n\t\t\t\t\t\t<div class=\"elementor-element elementor-element-ce9c543 elementor-widget elementor-widget-image\" data-id=\"ce9c543\" data-element_type=\"widget\" data-e-type=\"widget\" data-widget_type=\"image.default\">\n\t\t\t\t<div class=\"elementor-widget-container\">\n\t\t\t\t\t\t\t\t\t\t\t\t\t\t\t<img fetchpriority=\"high\" decoding=\"async\" width=\"768\" height=\"576\" src=\"https:\/\/beebipai.ee\/wp-content\/uploads\/2022\/06\/Varikoos-rasedusega-768x576.jpg\" class=\"attachment-medium_large size-medium_large wp-image-4760\" alt=\"\" srcset=\"https:\/\/beebipai.ee\/wp-content\/uploads\/2022\/06\/Varikoos-rasedusega-768x576.jpg 768w, https:\/\/beebipai.ee\/wp-content\/uploads\/2022\/06\/Varikoos-rasedusega-e1655885566738-300x225.jpg 300w, https:\/\/beebipai.ee\/wp-content\/uploads\/2022\/06\/Varikoos-rasedusega-1024x768.jpg 1024w, https:\/\/beebipai.ee\/wp-content\/uploads\/2022\/06\/Varikoos-rasedusega-e1655885566738-16x12.jpg 16w, https:\/\/beebipai.ee\/wp-content\/uploads\/2022\/06\/Varikoos-rasedusega-600x450.jpg 600w, https:\/\/beebipai.ee\/wp-content\/uploads\/2022\/06\/Varikoos-rasedusega-e1655885566738.jpg 400w\" sizes=\"(max-width: 768px) 100vw, 768px\" \/>\t\t\t\t\t\t\t\t\t\t\t\t\t\t\t<\/div>\n\t\t\t\t<\/div>\n\t\t\t\t\t<\/div>\n\t\t<\/div>\n\t\t\t\t\t<\/div>\n\t\t<\/section>\n\t\t\t\t<section class=\"elementor-section elementor-top-section elementor-element elementor-element-4317b85 elementor-section-boxed elementor-section-height-default elementor-section-height-default\" data-id=\"4317b85\" data-element_type=\"section\" data-e-type=\"section\">\n\t\t\t\t\t\t<div class=\"elementor-container elementor-column-gap-default\">\n\t\t\t\t\t<div class=\"elementor-column elementor-col-50 elementor-top-column elementor-element elementor-element-69ea375\" data-id=\"69ea375\" data-element_type=\"column\" data-e-type=\"column\">\n\t\t\t<div class=\"elementor-widget-wrap elementor-element-populated\">\n\t\t\t\t\t\t<div class=\"elementor-element elementor-element-179e640 elementor-widget elementor-widget-image\" data-id=\"179e640\" data-element_type=\"widget\" data-e-type=\"widget\" data-widget_type=\"image.default\">\n\t\t\t\t<div class=\"elementor-widget-container\">\n\t\t\t\t\t\t\t\t\t\t\t\t\t\t\t<img decoding=\"async\" width=\"400\" height=\"450\" src=\"https:\/\/beebipai.ee\/wp-content\/uploads\/2022\/06\/Turses-jalad2-e1655886510437.jpg\" class=\"attachment-large size-large wp-image-4758\" alt=\"\" srcset=\"https:\/\/beebipai.ee\/wp-content\/uploads\/2022\/06\/Turses-jalad2-e1655886510437.jpg 400w, https:\/\/beebipai.ee\/wp-content\/uploads\/2022\/06\/Turses-jalad2-e1655886510437-267x300.jpg 267w, https:\/\/beebipai.ee\/wp-content\/uploads\/2022\/06\/Turses-jalad2-e1655886510437-11x12.jpg 11w\" sizes=\"(max-width: 400px) 100vw, 400px\" \/>\t\t\t\t\t\t\t\t\t\t\t\t\t\t\t<\/div>\n\t\t\t\t<\/div>\n\t\t\t\t\t<\/div>\n\t\t<\/div>\n\t\t\t\t<div class=\"elementor-column elementor-col-50 elementor-top-column elementor-element elementor-element-8406735\" data-id=\"8406735\" data-element_type=\"column\" data-e-type=\"column\">\n\t\t\t<div class=\"elementor-widget-wrap elementor-element-populated\">\n\t\t\t\t\t\t<div class=\"elementor-element elementor-element-0815941 elementor-widget elementor-widget-text-editor\" data-id=\"0815941\" data-element_type=\"widget\" data-e-type=\"widget\" data-widget_type=\"text-editor.default\">\n\t\t\t\t<div class=\"elementor-widget-container\">\n\t\t\t\t\t\t\t\t\t<p>Meditsiinilised kompressioonp\u00f5lvikud aitavad ennetada rasedusaegseid turseid jalgades ja veenilaiendeid. Ennetavad ja leevendavad tursetest tekkinud raskustunnet jalgades, jalgade v\u00e4simust ja valu.\u00a0<\/p><p>Kompressioonp\u00f5lvikute suur puuvilla osakaal s\u00e4ilitab pehmuse ja mugavuse ka p\u00f5lvikute kandmisel pikka aega. Kompressioonp\u00f5lvikud on suurep\u00e4rased igap\u00e4evaseks kasutamiseks nii raseduse ajal kui ka s\u00fcnnitusj\u00e4rgsel perioodil. Ja igal teisel ajal. Lameda \u00f5mbluse tehnoloogia v\u00e4ldib h\u00f5\u00f5rdumist ja pitsitamist, mis on samuti v\u00e4ga oluline igap\u00e4evastes ja pikkades kasutustingimustes. Sobituvad kenasti jalakujuga ja on visuaalselt jalas kaunid. H\u00fcpoallergeenne materjal vastab \u00d6KO TEX 100 standardile.\u00a0<\/p><p>Meditsiinilisi ja ennetavaid I kompressiooniklassiga tooted on soovitatav kasutada:<\/p><ul><li>v\u00e4sinud ja raskete jalgade tunne<\/li><li>venoosse puudulikkuse varajase staadiumi ravis, kus esineb jalgade pakitsus ja raskustunne. V\u00f5imalik ka pahkluude ja s\u00e4\u00e4rte turse<\/li><li>venoosse tromboosi ennetamiseks riskir\u00fchmades<\/li><li>s\u00fcvaveeni tromboosi ennetamiseks raseduse ajal ja s\u00fcnnitusj\u00e4rgses perioodis<\/li><li>jalgade turse ennetamiseks ja leevendamiseks<\/li><\/ul>\t\t\t\t\t\t\t\t<\/div>\n\t\t\t\t<\/div>\n\t\t\t\t\t<\/div>\n\t\t<\/div>\n\t\t\t\t\t<\/div>\n\t\t<\/section>\n\t\t\t\t<section class=\"elementor-section elementor-top-section elementor-element elementor-element-2d28f7d elementor-section-boxed elementor-section-height-default elementor-section-height-default\" data-id=\"2d28f7d\" data-element_type=\"section\" data-e-type=\"section\">\n\t\t\t\t\t\t<div class=\"elementor-container elementor-column-gap-default\">\n\t\t\t\t\t<div class=\"elementor-column elementor-col-100 elementor-top-column elementor-element elementor-element-85ca1e7\" data-id=\"85ca1e7\" data-element_type=\"column\" data-e-type=\"column\">\n\t\t\t<div class=\"elementor-widget-wrap elementor-element-populated\">\n\t\t\t\t\t\t<div class=\"elementor-element elementor-element-6e45d1b elementor-widget elementor-widget-video\" data-id=\"6e45d1b\" data-element_type=\"widget\" data-e-type=\"widget\" data-settings=\"{&quot;youtube_url&quot;:&quot;https:\\\/\\\/www.youtube.com\\\/watch?v=Lf_MlNi9tb0&quot;,&quot;video_type&quot;:&quot;youtube&quot;,&quot;controls&quot;:&quot;yes&quot;}\" data-widget_type=\"video.default\">\n\t\t\t\t<div class=\"elementor-widget-container\">\n\t\t\t\t\t\t\t<div class=\"elementor-wrapper elementor-open-inline\">\n\t\t\t<div class=\"elementor-video\"><\/div>\t\t<\/div>\n\t\t\t\t\t\t<\/div>\n\t\t\t\t<\/div>\n\t\t\t\t\t<\/div>\n\t\t<\/div>\n\t\t\t\t\t<\/div>\n\t\t<\/section>\n\t\t\t\t<\/div>","protected":false},"excerpt":{"rendered":"<p>Meditsiinilised kompressioonp\u00f5lvikud aitavad ennetada ja leevendada rasedusaegseid turseid ja veenilaiendeid. Sobivad igap\u00e4evaseks kasutamiseks raseduse igas etapis ja s\u00fcnnituse j\u00e4rgselt.<\/p>\n<p>Kompressiooni klass I. R\u00f5hk 18-21 mmHg<\/p>","protected":false},"featured_media":4788,"template":"","meta":{"_monsterinsights_skip_tracking":false,"_monsterinsights_sitenote_active":false,"_monsterinsights_sitenote_note":"","_monsterinsights_sitenote_category":0,"site-sidebar-layout":"no-sidebar","site-content-layout":"page-builder","ast-site-content-layout":"default","site-content-style":"default","site-sidebar-style":"default","ast-global-header-display":"","ast-banner-title-visibility":"","ast-main-header-display":"","ast-hfb-above-header-display":"","ast-hfb-below-header-display":"","ast-hfb-mobile-header-display":"","site-post-title":"disabled","ast-breadcrumbs-content":"","ast-featured-img":"disabled","footer-sml-layout":"","ast-disable-related-posts":"","theme-transparent-header-meta":"default","adv-header-id-meta":"","stick-header-meta":"","header-above-stick-meta":"","header-main-stick-meta":"","header-below-stick-meta":"","astra-migrate-meta-layouts":"default","ast-page-background-enabled":"default","ast-page-background-meta":{"desktop":{"background-color":"","background-image":"","background-repeat":"repeat","background-position":"center center","background-size":"auto","background-attachment":"scroll","background-type":"","background-media":"","overlay-type":"","overlay-color":"","overlay-opacity":"","overlay-gradient":""},"tablet":{"background-color":"","background-image":"","background-repeat":"repeat","background-position":"center center","background-size":"auto","background-attachment":"scroll","background-type":"","background-media":"","overlay-type":"","overlay-color":"","overlay-opacity":"","overlay-gradient":""},"mobile":{"background-color":"","background-image":"","background-repeat":"repeat","background-position":"center center","background-size":"auto","background-attachment":"scroll","background-type":"","background-media":"","overlay-type":"","overlay-color":"","overlay-opacity":"","overlay-gradient":""}},"ast-content-background-meta":{"desktop":{"background-color":"var(--ast-global-color-5)","background-image":"","background-repeat":"repeat","background-position":"center center","background-size":"auto","background-attachment":"scroll","background-type":"","background-media":"","overlay-type":"","overlay-color":"","overlay-opacity":"","overlay-gradient":""},"tablet":{"background-color":"var(--ast-global-color-5)","background-image":"","background-repeat":"repeat","background-position":"center center","background-size":"auto","background-attachment":"scroll","background-type":"","background-media":"","overlay-type":"","overlay-color":"","overlay-opacity":"","overlay-gradient":""},"mobile":{"background-color":"var(--ast-global-color-5)","background-image":"","background-repeat":"repeat","background-position":"center center","background-size":"auto","background-attachment":"scroll","background-type":"","background-media":"","overlay-type":"","overlay-color":"","overlay-opacity":"","overlay-gradient":""}}},"product_brand":[],"product_cat":[22,134],"product_tag":[],"class_list":{"0":"post-4787","1":"product","2":"type-product","3":"status-publish","4":"has-post-thumbnail","6":"product_cat-emale","7":"product_cat-kompressioon-tooted","8":"desktop-align-left","9":"tablet-align-left","10":"mobile-align-left","12":"first","13":"instock","14":"taxable","15":"shipping-taxable","16":"purchasable","17":"product-type-variable"},"yoast_head":"<!-- This site is optimized with the Yoast SEO plugin v27.3 - https:\/\/yoast.com\/product\/yoast-seo-wordpress\/ -->\n<title>Meditsiinilised kompressioonp\u00f5lvikud puuvillaga, 18-21 mmHg - Beebipai<\/title>\n<meta name=\"description\" content=\"Meditsiinilised kompressioonp\u00f5lvikud aitavad ennetada jalagade turseid ja veenilaiendeid raseduse ajal. Vaata toodet meditsiinilised kompressioonp\u00f5lvikud!\" \/>\n<meta name=\"robots\" content=\"index, follow, max-snippet:-1, max-image-preview:large, max-video-preview:-1\" \/>\n<link rel=\"canonical\" href=\"https:\/\/beebipai.ee\/lv\/product\/meditsiinilised-kompressioonpolvikud-puuvillaga-18-21-mmhg\/\" \/>\n<meta property=\"og:locale\" content=\"lv_LV\" \/>\n<meta property=\"og:type\" content=\"article\" \/>\n<meta property=\"og:title\" content=\"Meditsiinilised kompressioonp\u00f5lvikud puuvillaga, 18-21 mmHg - Beebipai\" \/>\n<meta property=\"og:description\" content=\"Meditsiinilised kompressioonp\u00f5lvikud aitavad ennetada jalagade turseid ja veenilaiendeid raseduse ajal. Vaata toodet meditsiinilised kompressioonp\u00f5lvikud!\" \/>\n<meta property=\"og:url\" content=\"https:\/\/beebipai.ee\/lv\/product\/meditsiinilised-kompressioonpolvikud-puuvillaga-18-21-mmhg\/\" \/>\n<meta property=\"og:site_name\" content=\"Beebipai\" \/>\n<meta property=\"article:modified_time\" content=\"2022-06-28T20:38:20+00:00\" \/>\n<meta property=\"og:image\" content=\"https:\/\/beebipai.ee\/wp-content\/uploads\/2022\/06\/kompressioonpolvikud-18-21.webp\" \/>\n\t<meta property=\"og:image:width\" content=\"876\" \/>\n\t<meta property=\"og:image:height\" content=\"876\" \/>\n\t<meta property=\"og:image:type\" content=\"image\/webp\" \/>\n<meta name=\"twitter:card\" content=\"summary_large_image\" \/>\n<meta name=\"twitter:label1\" content=\"Est. reading time\" \/>\n\t<meta name=\"twitter:data1\" content=\"2 min\u016btes\" \/>\n<script type=\"application\/ld+json\" class=\"yoast-schema-graph\">{\"@context\":\"https:\\\/\\\/schema.org\",\"@graph\":[{\"@type\":\"WebPage\",\"@id\":\"https:\\\/\\\/beebipai.ee\\\/lv\\\/product\\\/meditsiinilised-kompressioonpolvikud-puuvillaga-18-21-mmhg\\\/\",\"url\":\"https:\\\/\\\/beebipai.ee\\\/lv\\\/product\\\/meditsiinilised-kompressioonpolvikud-puuvillaga-18-21-mmhg\\\/\",\"name\":\"Meditsiinilised kompressioonp\u00f5lvikud puuvillaga, 18-21 mmHg - Beebipai\",\"isPartOf\":{\"@id\":\"https:\\\/\\\/beebipai.ee\\\/en\\\/#website\"},\"primaryImageOfPage\":{\"@id\":\"https:\\\/\\\/beebipai.ee\\\/lv\\\/product\\\/meditsiinilised-kompressioonpolvikud-puuvillaga-18-21-mmhg\\\/#primaryimage\"},\"image\":{\"@id\":\"https:\\\/\\\/beebipai.ee\\\/lv\\\/product\\\/meditsiinilised-kompressioonpolvikud-puuvillaga-18-21-mmhg\\\/#primaryimage\"},\"thumbnailUrl\":\"https:\\\/\\\/beebipai.ee\\\/wp-content\\\/uploads\\\/2022\\\/06\\\/kompressioonpolvikud-18-21.webp\",\"datePublished\":\"2022-06-22T07:55:14+00:00\",\"dateModified\":\"2022-06-28T20:38:20+00:00\",\"description\":\"Meditsiinilised kompressioonp\u00f5lvikud aitavad ennetada jalagade turseid ja veenilaiendeid raseduse ajal. Vaata toodet meditsiinilised kompressioonp\u00f5lvikud!\",\"breadcrumb\":{\"@id\":\"https:\\\/\\\/beebipai.ee\\\/lv\\\/product\\\/meditsiinilised-kompressioonpolvikud-puuvillaga-18-21-mmhg\\\/#breadcrumb\"},\"inLanguage\":\"lv-LV\",\"potentialAction\":[{\"@type\":\"ReadAction\",\"target\":[\"https:\\\/\\\/beebipai.ee\\\/lv\\\/product\\\/meditsiinilised-kompressioonpolvikud-puuvillaga-18-21-mmhg\\\/\"]}]},{\"@type\":\"ImageObject\",\"inLanguage\":\"lv-LV\",\"@id\":\"https:\\\/\\\/beebipai.ee\\\/lv\\\/product\\\/meditsiinilised-kompressioonpolvikud-puuvillaga-18-21-mmhg\\\/#primaryimage\",\"url\":\"https:\\\/\\\/beebipai.ee\\\/wp-content\\\/uploads\\\/2022\\\/06\\\/kompressioonpolvikud-18-21.webp\",\"contentUrl\":\"https:\\\/\\\/beebipai.ee\\\/wp-content\\\/uploads\\\/2022\\\/06\\\/kompressioonpolvikud-18-21.webp\",\"width\":876,\"height\":876},{\"@type\":\"BreadcrumbList\",\"@id\":\"https:\\\/\\\/beebipai.ee\\\/lv\\\/product\\\/meditsiinilised-kompressioonpolvikud-puuvillaga-18-21-mmhg\\\/#breadcrumb\",\"itemListElement\":[{\"@type\":\"ListItem\",\"position\":1,\"name\":\"Home\",\"item\":\"https:\\\/\\\/beebipai.ee\\\/\"},{\"@type\":\"ListItem\",\"position\":2,\"name\":\"Pood\",\"item\":\"https:\\\/\\\/beebipai.ee\\\/store\\\/\"},{\"@type\":\"ListItem\",\"position\":3,\"name\":\"Meditsiinilised kompressioonp\u00f5lvikud puuvillaga, 18-21 mmHg\"}]},{\"@type\":\"WebSite\",\"@id\":\"https:\\\/\\\/beebipai.ee\\\/en\\\/#website\",\"url\":\"https:\\\/\\\/beebipai.ee\\\/en\\\/\",\"name\":\"Beebipai\",\"description\":\"Rasedate ja beebide veebipood\",\"potentialAction\":[{\"@type\":\"SearchAction\",\"target\":{\"@type\":\"EntryPoint\",\"urlTemplate\":\"https:\\\/\\\/beebipai.ee\\\/en\\\/?s={search_term_string}\"},\"query-input\":{\"@type\":\"PropertyValueSpecification\",\"valueRequired\":true,\"valueName\":\"search_term_string\"}}],\"inLanguage\":\"lv-LV\"}]}<\/script>\n<!-- \/ Yoast SEO plugin. -->","yoast_head_json":{"title":"Meditsiinilised kompressioonp\u00f5lvikud puuvillaga, 18-21 mmHg - Beebipai","description":"Meditsiinilised kompressioonp\u00f5lvikud aitavad ennetada jalagade turseid ja veenilaiendeid raseduse ajal. Vaata toodet meditsiinilised kompressioonp\u00f5lvikud!","robots":{"index":"index","follow":"follow","max-snippet":"max-snippet:-1","max-image-preview":"max-image-preview:large","max-video-preview":"max-video-preview:-1"},"canonical":"https:\/\/beebipai.ee\/lv\/product\/meditsiinilised-kompressioonpolvikud-puuvillaga-18-21-mmhg\/","og_locale":"lv_LV","og_type":"article","og_title":"Meditsiinilised kompressioonp\u00f5lvikud puuvillaga, 18-21 mmHg - Beebipai","og_description":"Meditsiinilised kompressioonp\u00f5lvikud aitavad ennetada jalagade turseid ja veenilaiendeid raseduse ajal. Vaata toodet meditsiinilised kompressioonp\u00f5lvikud!","og_url":"https:\/\/beebipai.ee\/lv\/product\/meditsiinilised-kompressioonpolvikud-puuvillaga-18-21-mmhg\/","og_site_name":"Beebipai","article_modified_time":"2022-06-28T20:38:20+00:00","og_image":[{"width":876,"height":876,"url":"https:\/\/beebipai.ee\/wp-content\/uploads\/2022\/06\/kompressioonpolvikud-18-21.webp","type":"image\/webp"}],"twitter_card":"summary_large_image","twitter_misc":{"Est. reading time":"2 min\u016btes"},"schema":{"@context":"https:\/\/schema.org","@graph":[{"@type":"WebPage","@id":"https:\/\/beebipai.ee\/lv\/product\/meditsiinilised-kompressioonpolvikud-puuvillaga-18-21-mmhg\/","url":"https:\/\/beebipai.ee\/lv\/product\/meditsiinilised-kompressioonpolvikud-puuvillaga-18-21-mmhg\/","name":"Meditsiinilised kompressioonp\u00f5lvikud puuvillaga, 18-21 mmHg - Beebipai","isPartOf":{"@id":"https:\/\/beebipai.ee\/en\/#website"},"primaryImageOfPage":{"@id":"https:\/\/beebipai.ee\/lv\/product\/meditsiinilised-kompressioonpolvikud-puuvillaga-18-21-mmhg\/#primaryimage"},"image":{"@id":"https:\/\/beebipai.ee\/lv\/product\/meditsiinilised-kompressioonpolvikud-puuvillaga-18-21-mmhg\/#primaryimage"},"thumbnailUrl":"https:\/\/beebipai.ee\/wp-content\/uploads\/2022\/06\/kompressioonpolvikud-18-21.webp","datePublished":"2022-06-22T07:55:14+00:00","dateModified":"2022-06-28T20:38:20+00:00","description":"Meditsiinilised kompressioonp\u00f5lvikud aitavad ennetada jalagade turseid ja veenilaiendeid raseduse ajal. Vaata toodet meditsiinilised kompressioonp\u00f5lvikud!","breadcrumb":{"@id":"https:\/\/beebipai.ee\/lv\/product\/meditsiinilised-kompressioonpolvikud-puuvillaga-18-21-mmhg\/#breadcrumb"},"inLanguage":"lv-LV","potentialAction":[{"@type":"ReadAction","target":["https:\/\/beebipai.ee\/lv\/product\/meditsiinilised-kompressioonpolvikud-puuvillaga-18-21-mmhg\/"]}]},{"@type":"ImageObject","inLanguage":"lv-LV","@id":"https:\/\/beebipai.ee\/lv\/product\/meditsiinilised-kompressioonpolvikud-puuvillaga-18-21-mmhg\/#primaryimage","url":"https:\/\/beebipai.ee\/wp-content\/uploads\/2022\/06\/kompressioonpolvikud-18-21.webp","contentUrl":"https:\/\/beebipai.ee\/wp-content\/uploads\/2022\/06\/kompressioonpolvikud-18-21.webp","width":876,"height":876},{"@type":"BreadcrumbList","@id":"https:\/\/beebipai.ee\/lv\/product\/meditsiinilised-kompressioonpolvikud-puuvillaga-18-21-mmhg\/#breadcrumb","itemListElement":[{"@type":"ListItem","position":1,"name":"Home","item":"https:\/\/beebipai.ee\/"},{"@type":"ListItem","position":2,"name":"Pood","item":"https:\/\/beebipai.ee\/store\/"},{"@type":"ListItem","position":3,"name":"Meditsiinilised kompressioonp\u00f5lvikud puuvillaga, 18-21 mmHg"}]},{"@type":"WebSite","@id":"https:\/\/beebipai.ee\/en\/#website","url":"https:\/\/beebipai.ee\/en\/","name":"Beebipai","description":"Rasedate ja beebide veebipood","potentialAction":[{"@type":"SearchAction","target":{"@type":"EntryPoint","urlTemplate":"https:\/\/beebipai.ee\/en\/?s={search_term_string}"},"query-input":{"@type":"PropertyValueSpecification","valueRequired":true,"valueName":"search_term_string"}}],"inLanguage":"lv-LV"}]}},"_links":{"self":[{"href":"https:\/\/beebipai.ee\/lv\/wp-json\/wp\/v2\/product\/4787","targetHints":{"allow":["GET"]}}],"collection":[{"href":"https:\/\/beebipai.ee\/lv\/wp-json\/wp\/v2\/product"}],"about":[{"href":"https:\/\/beebipai.ee\/lv\/wp-json\/wp\/v2\/types\/product"}],"version-history":[{"count":5,"href":"https:\/\/beebipai.ee\/lv\/wp-json\/wp\/v2\/product\/4787\/revisions"}],"predecessor-version":[{"id":5059,"href":"https:\/\/beebipai.ee\/lv\/wp-json\/wp\/v2\/product\/4787\/revisions\/5059"}],"wp:featuredmedia":[{"embeddable":true,"href":"https:\/\/beebipai.ee\/lv\/wp-json\/wp\/v2\/media\/4788"}],"wp:attachment":[{"href":"https:\/\/beebipai.ee\/lv\/wp-json\/wp\/v2\/media?parent=4787"}],"wp:term":[{"taxonomy":"product_brand","embeddable":true,"href":"https:\/\/beebipai.ee\/lv\/wp-json\/wp\/v2\/product_brand?post=4787"},{"taxonomy":"product_cat","embeddable":true,"href":"https:\/\/beebipai.ee\/lv\/wp-json\/wp\/v2\/product_cat?post=4787"},{"taxonomy":"product_tag","embeddable":true,"href":"https:\/\/beebipai.ee\/lv\/wp-json\/wp\/v2\/product_tag?post=4787"}],"curies":[{"name":"wp","href":"https:\/\/api.w.org\/{rel}","templated":true}]}}