{"id":4738,"date":"2022-06-21T13:57:16","date_gmt":"2022-06-21T10:57:16","guid":{"rendered":"https:\/\/beebipai.ee\/?post_type=product&#038;p=4738"},"modified":"2024-10-27T14:57:37","modified_gmt":"2024-10-27T12:57:37","slug":"profulaktilised-kompressiooni-polvikud-10-18-mmhg","status":"publish","type":"product","link":"https:\/\/beebipai.ee\/lv\/product\/profulaktilised-kompressiooni-polvikud-10-18-mmhg\/","title":{"rendered":"Prof\u00fclaktilised kompressioonp\u00f5lvikud, 10-18 mmHg"},"content":{"rendered":"<div data-elementor-type=\"wp-post\" data-elementor-id=\"4738\" class=\"elementor elementor-4738\">\n\t\t\t\t\t\t<section class=\"elementor-section elementor-top-section elementor-element elementor-element-526a92a elementor-section-boxed elementor-section-height-default elementor-section-height-default\" data-id=\"526a92a\" data-element_type=\"section\" data-e-type=\"section\">\n\t\t\t\t\t\t<div class=\"elementor-container elementor-column-gap-default\">\n\t\t\t\t\t<div class=\"elementor-column elementor-col-50 elementor-top-column elementor-element elementor-element-161db7e\" data-id=\"161db7e\" data-element_type=\"column\" data-e-type=\"column\">\n\t\t\t<div class=\"elementor-widget-wrap elementor-element-populated\">\n\t\t\t\t\t\t<div class=\"elementor-element elementor-element-e50db14 elementor-widget elementor-widget-heading\" data-id=\"e50db14\" data-element_type=\"widget\" data-e-type=\"widget\" data-widget_type=\"heading.default\">\n\t\t\t\t<div class=\"elementor-widget-container\">\n\t\t\t\t\t<h2 class=\"elementor-heading-title elementor-size-default\">Prof\u00fclaktilised kompressioonp\u00f5lvikud<\/h2>\t\t\t\t<\/div>\n\t\t\t\t<\/div>\n\t\t\t\t<div class=\"elementor-element elementor-element-6079844 elementor-widget elementor-widget-text-editor\" data-id=\"6079844\" data-element_type=\"widget\" data-e-type=\"widget\" data-widget_type=\"text-editor.default\">\n\t\t\t\t<div class=\"elementor-widget-container\">\n\t\t\t\t\t\t\t\t\t<p>Gr\u016btniec\u012bbas otraj\u0101 pus\u0113 daudz\u0101m topo\u0161aj\u0101m m\u0101mi\u0146\u0101m s\u0101k par\u0101d\u012bties piet\u016bkums. K\u0101jas, galvenok\u0101rt k\u0101ju pirksti, p\u0113das, pot\u012btes m\u0113dz piet\u016bkt. Roku piet\u016bkums ir otrais izplat\u012bt\u0101kais. Liel\u0101k\u0101 da\u013ca piet\u016bkumu gr\u016btniec\u012bbas laik\u0101 ir fiziolo\u0123iski, t.i., norm\u0101li. Piet\u016bkumu gr\u016btniec\u012bbas laik\u0101 izraisa gan hormon\u0101las izmai\u0146as, kuru rezult\u0101t\u0101 \u0137erme\u0146a \u0161\u016bnas saista vair\u0101k \u0161\u0137idruma, gan augo\u0161\u0101 b\u0113rna spiediens uz iegur\u0146a v\u0113n\u0101m, kas pal\u0113nina k\u0101ju asinsriti. Piet\u016bkums bie\u017e\u0101k rodas vakar\u0101, p\u0113c ilgsto\u0161as \u200b\u200bs\u0113d\u0113\u0161anas vai st\u0101v\u0113\u0161anas, k\u0101 ar\u012b silt\u0101k\u0101 laik\u0101.\u00a0<\/p><p>Tursete leevendamisek:<\/p><ul><li>ierobe\u017eot s\u0101ls daudzumu p\u0101rtik\u0101<\/li><li>dzert pietiekami daudz \u0161\u0137idruma<\/li><li>kust\u0113ties katru dienu<\/li><li>ze\u0137es, bikses un apavi nekur nedr\u012bkst saspiest vai rievas<\/li><li>paceliet k\u0101jas uz aug\u0161u<\/li><li>v\u0113sas k\u0101ju vannas vai main\u012bga \u016bdens (silta\/auksta) du\u0161as mas\u0101\u017ea<\/li><li>kompresijas produkti<\/li><\/ul><p>Kui tursed s\u00fcvenevad ja kodused leevendusmeetodid kergendust ei too, turse l\u00e4heb n\u00e4gu, esineb peavalu, t\u00e4pid silmade ees, kohin k\u00f5rvades, \u00fclak\u00f5huvalu, siis tuleb kindlasti p\u00f6\u00f6rduda \u00e4mmaemanda\/naistearsti poole t\u00e4iendavateks uuringuteks ja preeklampsia v\u00e4listamiseks.\u00a0<\/p>\t\t\t\t\t\t\t\t<\/div>\n\t\t\t\t<\/div>\n\t\t\t\t\t<\/div>\n\t\t<\/div>\n\t\t\t\t<div class=\"elementor-column elementor-col-50 elementor-top-column elementor-element elementor-element-6f941e5\" data-id=\"6f941e5\" data-element_type=\"column\" data-e-type=\"column\">\n\t\t\t<div class=\"elementor-widget-wrap elementor-element-populated\">\n\t\t\t\t\t\t<div class=\"elementor-element elementor-element-a8be4a5 elementor-widget elementor-widget-image\" data-id=\"a8be4a5\" data-element_type=\"widget\" data-e-type=\"widget\" data-widget_type=\"image.default\">\n\t\t\t\t<div class=\"elementor-widget-container\">\n\t\t\t\t\t\t\t\t\t\t\t\t\t\t\t<img fetchpriority=\"high\" decoding=\"async\" width=\"768\" height=\"556\" src=\"https:\/\/beebipai.ee\/wp-content\/uploads\/2022\/06\/turses-jalad4-768x556.webp\" class=\"attachment-medium_large size-medium_large wp-image-4759\" alt=\"\" srcset=\"https:\/\/beebipai.ee\/wp-content\/uploads\/2022\/06\/turses-jalad4-768x556.webp 768w, https:\/\/beebipai.ee\/wp-content\/uploads\/2022\/06\/turses-jalad4-e1655843030263-300x218.webp 300w, https:\/\/beebipai.ee\/wp-content\/uploads\/2022\/06\/turses-jalad4-1024x742.webp 1024w, https:\/\/beebipai.ee\/wp-content\/uploads\/2022\/06\/turses-jalad4-e1655843030263-18x12.webp 18w, https:\/\/beebipai.ee\/wp-content\/uploads\/2022\/06\/turses-jalad4-600x435.webp 600w, https:\/\/beebipai.ee\/wp-content\/uploads\/2022\/06\/turses-jalad4-e1655843030263.webp 400w\" sizes=\"(max-width: 768px) 100vw, 768px\" \/>\t\t\t\t\t\t\t\t\t\t\t\t\t\t\t<\/div>\n\t\t\t\t<\/div>\n\t\t\t\t\t<\/div>\n\t\t<\/div>\n\t\t\t\t\t<\/div>\n\t\t<\/section>\n\t\t\t\t<section class=\"elementor-section elementor-top-section elementor-element elementor-element-cfc49dd elementor-section-boxed elementor-section-height-default elementor-section-height-default\" data-id=\"cfc49dd\" data-element_type=\"section\" data-e-type=\"section\">\n\t\t\t\t\t\t<div class=\"elementor-container elementor-column-gap-default\">\n\t\t\t\t\t<div class=\"elementor-column elementor-col-50 elementor-top-column elementor-element elementor-element-5ced7bc\" data-id=\"5ced7bc\" data-element_type=\"column\" data-e-type=\"column\">\n\t\t\t<div class=\"elementor-widget-wrap elementor-element-populated\">\n\t\t\t\t\t\t<div class=\"elementor-element elementor-element-adbf31c elementor-widget elementor-widget-image\" data-id=\"adbf31c\" data-element_type=\"widget\" data-e-type=\"widget\" data-widget_type=\"image.default\">\n\t\t\t\t<div class=\"elementor-widget-container\">\n\t\t\t\t\t\t\t\t\t\t\t\t\t\t\t<img decoding=\"async\" width=\"768\" height=\"768\" src=\"https:\/\/beebipai.ee\/wp-content\/uploads\/2022\/06\/Profulaktilised-kompressioonpolvikud1-768x768.webp\" class=\"attachment-medium_large size-medium_large wp-image-4756\" alt=\"\" srcset=\"https:\/\/beebipai.ee\/wp-content\/uploads\/2022\/06\/Profulaktilised-kompressioonpolvikud1-768x768.webp 768w, https:\/\/beebipai.ee\/wp-content\/uploads\/2022\/06\/Profulaktilised-kompressioonpolvikud1-e1655844930424-300x300.webp 300w, https:\/\/beebipai.ee\/wp-content\/uploads\/2022\/06\/Profulaktilised-kompressioonpolvikud1-e1655844930424-150x150.webp 150w, https:\/\/beebipai.ee\/wp-content\/uploads\/2022\/06\/Profulaktilised-kompressioonpolvikud1-e1655844930424-12x12.webp 12w, https:\/\/beebipai.ee\/wp-content\/uploads\/2022\/06\/Profulaktilised-kompressioonpolvikud1-600x600.webp 600w, https:\/\/beebipai.ee\/wp-content\/uploads\/2022\/06\/Profulaktilised-kompressioonpolvikud1-e1655844930424-100x100.webp 100w, https:\/\/beebipai.ee\/wp-content\/uploads\/2022\/06\/Profulaktilised-kompressioonpolvikud1-e1655844930424.webp 400w\" sizes=\"(max-width: 768px) 100vw, 768px\" \/>\t\t\t\t\t\t\t\t\t\t\t\t\t\t\t<\/div>\n\t\t\t\t<\/div>\n\t\t\t\t\t<\/div>\n\t\t<\/div>\n\t\t\t\t<div class=\"elementor-column elementor-col-50 elementor-top-column elementor-element elementor-element-7e4815d\" data-id=\"7e4815d\" data-element_type=\"column\" data-e-type=\"column\">\n\t\t\t<div class=\"elementor-widget-wrap elementor-element-populated\">\n\t\t\t\t\t\t<div class=\"elementor-element elementor-element-454189b elementor-widget elementor-widget-text-editor\" data-id=\"454189b\" data-element_type=\"widget\" data-e-type=\"widget\" data-widget_type=\"text-editor.default\">\n\t\t\t\t<div class=\"elementor-widget-container\">\n\t\t\t\t\t\t\t\t\t<p>Prof\u00fclaktilised kompressioonp\u00f5lvikud aitavad ennetada ja leevendada rasedusaegseid turseid. V\u00e4hendavad jalgade v\u00e4simust ja raskust. Samuti aitavad ennetada veenilaiendite teket, eriti soovituslik kasutada igap\u00e4evaselt inimestel, kellel veenilaiendite tekkeks on eelsoodumus.<\/p><p>Kompressioonp\u00f5lvikute lame \u00f5mblustehnoloogia v\u00e4ldib kasutamisel h\u00f5\u00f5rdumise ja pitsituse. H\u00fcpoallergeenne materjal vastab \u00d6KO TEX 100 standardile. Kompressioonp\u00f5lvikud istuvad jalga mugavalt, on ilusa v\u00e4ljan\u00e4gemisega ja annavad jalale kerge ja m\u00f5nusa tunde terveks p\u00e4evaks. Ennetavaid kompresioonp\u00f5lvikuid on eriti soovitatav kasutada igap\u00e4evaselt:<\/p><ul><li>gr\u016btniec\u012bbas laik\u0101<\/li><li>cilv\u0113kiem, kas str\u0101d\u0101 s\u0113dus un st\u0101vus<\/li><li>cilv\u0113kiem, kuri cil\u0101 svarus<\/li><li>cilv\u0113kiem ar lieko svaru<\/li><li>cilv\u0113kiem, kuru \u0123imenes anamn\u0113z\u0113 ir asinsvadu slim\u012bbas<\/li><\/ul>\t\t\t\t\t\t\t\t<\/div>\n\t\t\t\t<\/div>\n\t\t\t\t\t<\/div>\n\t\t<\/div>\n\t\t\t\t\t<\/div>\n\t\t<\/section>\n\t\t\t\t<section class=\"elementor-section elementor-top-section elementor-element elementor-element-1c50b84 elementor-section-boxed elementor-section-height-default elementor-section-height-default\" data-id=\"1c50b84\" data-element_type=\"section\" data-e-type=\"section\">\n\t\t\t\t\t\t<div class=\"elementor-container elementor-column-gap-default\">\n\t\t\t\t\t<div class=\"elementor-column elementor-col-100 elementor-top-column elementor-element elementor-element-6854a94\" data-id=\"6854a94\" data-element_type=\"column\" data-e-type=\"column\">\n\t\t\t<div class=\"elementor-widget-wrap elementor-element-populated\">\n\t\t\t\t\t\t<div class=\"elementor-element elementor-element-7344598 elementor-widget elementor-widget-video\" data-id=\"7344598\" data-element_type=\"widget\" data-e-type=\"widget\" data-settings=\"{&quot;youtube_url&quot;:&quot;https:\\\/\\\/www.youtube.com\\\/watch?v=jgu0siStA3c&quot;,&quot;video_type&quot;:&quot;youtube&quot;,&quot;controls&quot;:&quot;yes&quot;}\" data-widget_type=\"video.default\">\n\t\t\t\t<div class=\"elementor-widget-container\">\n\t\t\t\t\t\t\t<div class=\"elementor-wrapper elementor-open-inline\">\n\t\t\t<div class=\"elementor-video\"><\/div>\t\t<\/div>\n\t\t\t\t\t\t<\/div>\n\t\t\t\t<\/div>\n\t\t\t\t\t<\/div>\n\t\t<\/div>\n\t\t\t\t\t<\/div>\n\t\t<\/section>\n\t\t\t\t<\/div>","protected":false},"excerpt":{"rendered":"<p>Prof\u00fclaktilised kompressioonp\u00f5lvikud aitavad ennetada ja leevendada rasedusaegset jalgade turset ning veenilaiendeid. Sobivad igap\u00e4evaseks kasutamiseks<\/p>\n<p>0 kompressiooni klass ehk prof\u00fclaktiline\/ennetav. R\u00f5hk 10-18 mmHg<\/p>","protected":false},"featured_media":4755,"template":"","meta":{"_monsterinsights_skip_tracking":false,"_monsterinsights_sitenote_active":false,"_monsterinsights_sitenote_note":"","_monsterinsights_sitenote_category":0,"site-sidebar-layout":"no-sidebar","site-content-layout":"page-builder","ast-site-content-layout":"default","site-content-style":"default","site-sidebar-style":"default","ast-global-header-display":"","ast-banner-title-visibility":"","ast-main-header-display":"","ast-hfb-above-header-display":"","ast-hfb-below-header-display":"","ast-hfb-mobile-header-display":"","site-post-title":"disabled","ast-breadcrumbs-content":"","ast-featured-img":"disabled","footer-sml-layout":"","ast-disable-related-posts":"","theme-transparent-header-meta":"default","adv-header-id-meta":"","stick-header-meta":"","header-above-stick-meta":"","header-main-stick-meta":"","header-below-stick-meta":"","astra-migrate-meta-layouts":"default","ast-page-background-enabled":"default","ast-page-background-meta":{"desktop":{"background-color":"","background-image":"","background-repeat":"repeat","background-position":"center center","background-size":"auto","background-attachment":"scroll","background-type":"","background-media":"","overlay-type":"","overlay-color":"","overlay-opacity":"","overlay-gradient":""},"tablet":{"background-color":"","background-image":"","background-repeat":"repeat","background-position":"center center","background-size":"auto","background-attachment":"scroll","background-type":"","background-media":"","overlay-type":"","overlay-color":"","overlay-opacity":"","overlay-gradient":""},"mobile":{"background-color":"","background-image":"","background-repeat":"repeat","background-position":"center center","background-size":"auto","background-attachment":"scroll","background-type":"","background-media":"","overlay-type":"","overlay-color":"","overlay-opacity":"","overlay-gradient":""}},"ast-content-background-meta":{"desktop":{"background-color":"var(--ast-global-color-5)","background-image":"","background-repeat":"repeat","background-position":"center center","background-size":"auto","background-attachment":"scroll","background-type":"","background-media":"","overlay-type":"","overlay-color":"","overlay-opacity":"","overlay-gradient":""},"tablet":{"background-color":"var(--ast-global-color-5)","background-image":"","background-repeat":"repeat","background-position":"center center","background-size":"auto","background-attachment":"scroll","background-type":"","background-media":"","overlay-type":"","overlay-color":"","overlay-opacity":"","overlay-gradient":""},"mobile":{"background-color":"var(--ast-global-color-5)","background-image":"","background-repeat":"repeat","background-position":"center center","background-size":"auto","background-attachment":"scroll","background-type":"","background-media":"","overlay-type":"","overlay-color":"","overlay-opacity":"","overlay-gradient":""}}},"product_brand":[],"product_cat":[22,134],"product_tag":[],"class_list":{"0":"post-4738","1":"product","2":"type-product","3":"status-publish","4":"has-post-thumbnail","6":"product_cat-emale","7":"product_cat-kompressioon-tooted","8":"desktop-align-left","9":"tablet-align-left","10":"mobile-align-left","12":"first","13":"instock","14":"taxable","15":"shipping-taxable","16":"purchasable","17":"product-type-variable"},"yoast_head":"<!-- This site is optimized with the Yoast SEO plugin v27.3 - https:\/\/yoast.com\/product\/yoast-seo-wordpress\/ -->\n<title>Prof\u00fclaktilised kompressioonp\u00f5lvikud, 10-18 mmHg - Beebipai<\/title>\n<meta name=\"description\" content=\"Prof\u00fclaktilised kompressioonp\u00f5lvikud aitavad ennetada jalgade turset ja veenilaiendeid raseduse ajal. Vaata toodet prof\u00fclaktilised kompressioonp\u00f5lvikud!\" \/>\n<meta name=\"robots\" content=\"index, follow, max-snippet:-1, max-image-preview:large, max-video-preview:-1\" \/>\n<link rel=\"canonical\" href=\"https:\/\/beebipai.ee\/lv\/product\/profulaktilised-kompressiooni-polvikud-10-18-mmhg\/\" \/>\n<meta property=\"og:locale\" content=\"lv_LV\" \/>\n<meta property=\"og:type\" content=\"article\" \/>\n<meta property=\"og:title\" content=\"Prof\u00fclaktilised kompressioonp\u00f5lvikud, 10-18 mmHg - Beebipai\" \/>\n<meta property=\"og:description\" content=\"Prof\u00fclaktilised kompressioonp\u00f5lvikud aitavad ennetada jalgade turset ja veenilaiendeid raseduse ajal. Vaata toodet prof\u00fclaktilised kompressioonp\u00f5lvikud!\" \/>\n<meta property=\"og:url\" content=\"https:\/\/beebipai.ee\/lv\/product\/profulaktilised-kompressiooni-polvikud-10-18-mmhg\/\" \/>\n<meta property=\"og:site_name\" content=\"Beebipai\" \/>\n<meta property=\"article:modified_time\" content=\"2024-10-27T12:57:37+00:00\" \/>\n<meta property=\"og:image\" content=\"https:\/\/beebipai.ee\/wp-content\/uploads\/2022\/06\/Profulaktilised-kompressioonpolvikud.webp\" \/>\n\t<meta property=\"og:image:width\" content=\"876\" \/>\n\t<meta property=\"og:image:height\" content=\"876\" \/>\n\t<meta property=\"og:image:type\" content=\"image\/webp\" \/>\n<meta name=\"twitter:card\" content=\"summary_large_image\" \/>\n<meta name=\"twitter:label1\" content=\"Est. reading time\" \/>\n\t<meta name=\"twitter:data1\" content=\"2 min\u016btes\" \/>\n<script type=\"application\/ld+json\" class=\"yoast-schema-graph\">{\"@context\":\"https:\\\/\\\/schema.org\",\"@graph\":[{\"@type\":\"WebPage\",\"@id\":\"https:\\\/\\\/beebipai.ee\\\/lt\\\/product\\\/profulaktilised-kompressiooni-polvikud-10-18-mmhg\\\/\",\"url\":\"https:\\\/\\\/beebipai.ee\\\/lt\\\/product\\\/profulaktilised-kompressiooni-polvikud-10-18-mmhg\\\/\",\"name\":\"Prof\u00fclaktilised kompressioonp\u00f5lvikud, 10-18 mmHg - Beebipai\",\"isPartOf\":{\"@id\":\"https:\\\/\\\/beebipai.ee\\\/en\\\/#website\"},\"primaryImageOfPage\":{\"@id\":\"https:\\\/\\\/beebipai.ee\\\/lt\\\/product\\\/profulaktilised-kompressiooni-polvikud-10-18-mmhg\\\/#primaryimage\"},\"image\":{\"@id\":\"https:\\\/\\\/beebipai.ee\\\/lt\\\/product\\\/profulaktilised-kompressiooni-polvikud-10-18-mmhg\\\/#primaryimage\"},\"thumbnailUrl\":\"https:\\\/\\\/beebipai.ee\\\/wp-content\\\/uploads\\\/2022\\\/06\\\/Profulaktilised-kompressioonpolvikud.webp\",\"datePublished\":\"2022-06-21T10:57:16+00:00\",\"dateModified\":\"2024-10-27T12:57:37+00:00\",\"description\":\"Prof\u00fclaktilised kompressioonp\u00f5lvikud aitavad ennetada jalgade turset ja veenilaiendeid raseduse ajal. Vaata toodet prof\u00fclaktilised kompressioonp\u00f5lvikud!\",\"breadcrumb\":{\"@id\":\"https:\\\/\\\/beebipai.ee\\\/lt\\\/product\\\/profulaktilised-kompressiooni-polvikud-10-18-mmhg\\\/#breadcrumb\"},\"inLanguage\":\"lv-LV\",\"potentialAction\":[{\"@type\":\"ReadAction\",\"target\":[\"https:\\\/\\\/beebipai.ee\\\/lt\\\/product\\\/profulaktilised-kompressiooni-polvikud-10-18-mmhg\\\/\"]}]},{\"@type\":\"ImageObject\",\"inLanguage\":\"lv-LV\",\"@id\":\"https:\\\/\\\/beebipai.ee\\\/lt\\\/product\\\/profulaktilised-kompressiooni-polvikud-10-18-mmhg\\\/#primaryimage\",\"url\":\"https:\\\/\\\/beebipai.ee\\\/wp-content\\\/uploads\\\/2022\\\/06\\\/Profulaktilised-kompressioonpolvikud.webp\",\"contentUrl\":\"https:\\\/\\\/beebipai.ee\\\/wp-content\\\/uploads\\\/2022\\\/06\\\/Profulaktilised-kompressioonpolvikud.webp\",\"width\":876,\"height\":876},{\"@type\":\"BreadcrumbList\",\"@id\":\"https:\\\/\\\/beebipai.ee\\\/lt\\\/product\\\/profulaktilised-kompressiooni-polvikud-10-18-mmhg\\\/#breadcrumb\",\"itemListElement\":[{\"@type\":\"ListItem\",\"position\":1,\"name\":\"Home\",\"item\":\"https:\\\/\\\/beebipai.ee\\\/\"},{\"@type\":\"ListItem\",\"position\":2,\"name\":\"Pood\",\"item\":\"https:\\\/\\\/beebipai.ee\\\/store\\\/\"},{\"@type\":\"ListItem\",\"position\":3,\"name\":\"Prof\u00fclaktilised kompressioonp\u00f5lvikud, 10-18 mmHg\"}]},{\"@type\":\"WebSite\",\"@id\":\"https:\\\/\\\/beebipai.ee\\\/en\\\/#website\",\"url\":\"https:\\\/\\\/beebipai.ee\\\/en\\\/\",\"name\":\"Beebipai\",\"description\":\"Rasedate ja beebide veebipood\",\"potentialAction\":[{\"@type\":\"SearchAction\",\"target\":{\"@type\":\"EntryPoint\",\"urlTemplate\":\"https:\\\/\\\/beebipai.ee\\\/en\\\/?s={search_term_string}\"},\"query-input\":{\"@type\":\"PropertyValueSpecification\",\"valueRequired\":true,\"valueName\":\"search_term_string\"}}],\"inLanguage\":\"lv-LV\"}]}<\/script>\n<!-- \/ Yoast SEO plugin. -->","yoast_head_json":{"title":"Prof\u00fclaktilised kompressioonp\u00f5lvikud, 10-18 mmHg - Beebipai","description":"Prof\u00fclaktilised kompressioonp\u00f5lvikud aitavad ennetada jalgade turset ja veenilaiendeid raseduse ajal. Vaata toodet prof\u00fclaktilised kompressioonp\u00f5lvikud!","robots":{"index":"index","follow":"follow","max-snippet":"max-snippet:-1","max-image-preview":"max-image-preview:large","max-video-preview":"max-video-preview:-1"},"canonical":"https:\/\/beebipai.ee\/lv\/product\/profulaktilised-kompressiooni-polvikud-10-18-mmhg\/","og_locale":"lv_LV","og_type":"article","og_title":"Prof\u00fclaktilised kompressioonp\u00f5lvikud, 10-18 mmHg - Beebipai","og_description":"Prof\u00fclaktilised kompressioonp\u00f5lvikud aitavad ennetada jalgade turset ja veenilaiendeid raseduse ajal. Vaata toodet prof\u00fclaktilised kompressioonp\u00f5lvikud!","og_url":"https:\/\/beebipai.ee\/lv\/product\/profulaktilised-kompressiooni-polvikud-10-18-mmhg\/","og_site_name":"Beebipai","article_modified_time":"2024-10-27T12:57:37+00:00","og_image":[{"width":876,"height":876,"url":"https:\/\/beebipai.ee\/wp-content\/uploads\/2022\/06\/Profulaktilised-kompressioonpolvikud.webp","type":"image\/webp"}],"twitter_card":"summary_large_image","twitter_misc":{"Est. reading time":"2 min\u016btes"},"schema":{"@context":"https:\/\/schema.org","@graph":[{"@type":"WebPage","@id":"https:\/\/beebipai.ee\/lt\/product\/profulaktilised-kompressiooni-polvikud-10-18-mmhg\/","url":"https:\/\/beebipai.ee\/lt\/product\/profulaktilised-kompressiooni-polvikud-10-18-mmhg\/","name":"Prof\u00fclaktilised kompressioonp\u00f5lvikud, 10-18 mmHg - Beebipai","isPartOf":{"@id":"https:\/\/beebipai.ee\/en\/#website"},"primaryImageOfPage":{"@id":"https:\/\/beebipai.ee\/lt\/product\/profulaktilised-kompressiooni-polvikud-10-18-mmhg\/#primaryimage"},"image":{"@id":"https:\/\/beebipai.ee\/lt\/product\/profulaktilised-kompressiooni-polvikud-10-18-mmhg\/#primaryimage"},"thumbnailUrl":"https:\/\/beebipai.ee\/wp-content\/uploads\/2022\/06\/Profulaktilised-kompressioonpolvikud.webp","datePublished":"2022-06-21T10:57:16+00:00","dateModified":"2024-10-27T12:57:37+00:00","description":"Prof\u00fclaktilised kompressioonp\u00f5lvikud aitavad ennetada jalgade turset ja veenilaiendeid raseduse ajal. Vaata toodet prof\u00fclaktilised kompressioonp\u00f5lvikud!","breadcrumb":{"@id":"https:\/\/beebipai.ee\/lt\/product\/profulaktilised-kompressiooni-polvikud-10-18-mmhg\/#breadcrumb"},"inLanguage":"lv-LV","potentialAction":[{"@type":"ReadAction","target":["https:\/\/beebipai.ee\/lt\/product\/profulaktilised-kompressiooni-polvikud-10-18-mmhg\/"]}]},{"@type":"ImageObject","inLanguage":"lv-LV","@id":"https:\/\/beebipai.ee\/lt\/product\/profulaktilised-kompressiooni-polvikud-10-18-mmhg\/#primaryimage","url":"https:\/\/beebipai.ee\/wp-content\/uploads\/2022\/06\/Profulaktilised-kompressioonpolvikud.webp","contentUrl":"https:\/\/beebipai.ee\/wp-content\/uploads\/2022\/06\/Profulaktilised-kompressioonpolvikud.webp","width":876,"height":876},{"@type":"BreadcrumbList","@id":"https:\/\/beebipai.ee\/lt\/product\/profulaktilised-kompressiooni-polvikud-10-18-mmhg\/#breadcrumb","itemListElement":[{"@type":"ListItem","position":1,"name":"Home","item":"https:\/\/beebipai.ee\/"},{"@type":"ListItem","position":2,"name":"Pood","item":"https:\/\/beebipai.ee\/store\/"},{"@type":"ListItem","position":3,"name":"Prof\u00fclaktilised kompressioonp\u00f5lvikud, 10-18 mmHg"}]},{"@type":"WebSite","@id":"https:\/\/beebipai.ee\/en\/#website","url":"https:\/\/beebipai.ee\/en\/","name":"Beebipai","description":"Rasedate ja beebide veebipood","potentialAction":[{"@type":"SearchAction","target":{"@type":"EntryPoint","urlTemplate":"https:\/\/beebipai.ee\/en\/?s={search_term_string}"},"query-input":{"@type":"PropertyValueSpecification","valueRequired":true,"valueName":"search_term_string"}}],"inLanguage":"lv-LV"}]}},"_links":{"self":[{"href":"https:\/\/beebipai.ee\/lv\/wp-json\/wp\/v2\/product\/4738","targetHints":{"allow":["GET"]}}],"collection":[{"href":"https:\/\/beebipai.ee\/lv\/wp-json\/wp\/v2\/product"}],"about":[{"href":"https:\/\/beebipai.ee\/lv\/wp-json\/wp\/v2\/types\/product"}],"version-history":[{"count":5,"href":"https:\/\/beebipai.ee\/lv\/wp-json\/wp\/v2\/product\/4738\/revisions"}],"predecessor-version":[{"id":6809,"href":"https:\/\/beebipai.ee\/lv\/wp-json\/wp\/v2\/product\/4738\/revisions\/6809"}],"wp:featuredmedia":[{"embeddable":true,"href":"https:\/\/beebipai.ee\/lv\/wp-json\/wp\/v2\/media\/4755"}],"wp:attachment":[{"href":"https:\/\/beebipai.ee\/lv\/wp-json\/wp\/v2\/media?parent=4738"}],"wp:term":[{"taxonomy":"product_brand","embeddable":true,"href":"https:\/\/beebipai.ee\/lv\/wp-json\/wp\/v2\/product_brand?post=4738"},{"taxonomy":"product_cat","embeddable":true,"href":"https:\/\/beebipai.ee\/lv\/wp-json\/wp\/v2\/product_cat?post=4738"},{"taxonomy":"product_tag","embeddable":true,"href":"https:\/\/beebipai.ee\/lv\/wp-json\/wp\/v2\/product_tag?post=4738"}],"curies":[{"name":"wp","href":"https:\/\/api.w.org\/{rel}","templated":true}]}}