{"id":4668,"date":"2022-06-20T07:18:32","date_gmt":"2022-06-20T04:18:32","guid":{"rendered":"https:\/\/beebipai.ee\/?post_type=product&#038;p=4668"},"modified":"2025-09-26T05:51:25","modified_gmt":"2025-09-26T02:51:25","slug":"meditsiiniline-tugivoo-rasedatele-irena","status":"publish","type":"product","link":"https:\/\/beebipai.ee\/lv\/product\/meditsiiniline-tugivoo-rasedatele-irena\/","title":{"rendered":"Meditsiiniline tugiv\u00f6\u00f6 rasedatele Irena"},"content":{"rendered":"<div data-elementor-type=\"wp-post\" data-elementor-id=\"4668\" class=\"elementor elementor-4668\">\n\t\t\t\t\t\t<section class=\"elementor-section elementor-top-section elementor-element elementor-element-425688d elementor-section-boxed elementor-section-height-default elementor-section-height-default\" data-id=\"425688d\" data-element_type=\"section\" data-e-type=\"section\">\n\t\t\t\t\t\t<div class=\"elementor-container elementor-column-gap-default\">\n\t\t\t\t\t<div class=\"elementor-column elementor-col-50 elementor-top-column elementor-element elementor-element-6ebfd57\" data-id=\"6ebfd57\" data-element_type=\"column\" data-e-type=\"column\">\n\t\t\t<div class=\"elementor-widget-wrap elementor-element-populated\">\n\t\t\t\t\t\t<div class=\"elementor-element elementor-element-c19cd3d elementor-widget elementor-widget-heading\" data-id=\"c19cd3d\" data-element_type=\"widget\" data-e-type=\"widget\" data-widget_type=\"heading.default\">\n\t\t\t\t<div class=\"elementor-widget-container\">\n\t\t\t\t\t<h2 class=\"elementor-heading-title elementor-size-default\">Meditsiiniline tugi\u00f6\u00f6 Irena<\/h2>\t\t\t\t<\/div>\n\t\t\t\t<\/div>\n\t\t\t\t<div class=\"elementor-element elementor-element-1ff08dc elementor-widget elementor-widget-text-editor\" data-id=\"1ff08dc\" data-element_type=\"widget\" data-e-type=\"widget\" data-widget_type=\"text-editor.default\">\n\t\t\t\t<div class=\"elementor-widget-container\">\n\t\t\t\t\t\t\t\t\t<p>M\u00f5ningast valu ja ebamugavust alak\u00f5hus tajuvad raseduse m\u00f5nel perioodil k\u00f5ik rasedad. Enamasti on see seotud normaalsete f\u00fcsioloogiliste muutustega ega vaja ravi v\u00f5i meditsiinilist sekkumist. Peamisteks vaevuste tekitajateks on emaka laisideme venitus, h\u00e4bemeliiduse ehk s\u00fcmf\u00fc\u00fcsi venimine, Braxton Hicksi kokkut\u00f5mbed, k\u00f5hulihaste venitus, kasvava emaka surve l\u00e4hedal asuvatele lihastele, n\u00e4rvidele ja naaberorganitele.<\/p><p>Kuigi m\u00f5ningane alak\u00f5huvalu on raseduse ajal normaalne, v\u00f5ib see m\u00f5jutada olulisel m\u00e4\u00e4ral naise igap\u00e4evast toimetulekut. Liikumine v\u00f5ib olla raskendatud ja valulik. Teatud liigutusi on \u00fcldse raske teha. Ning planeeritud f\u00fc\u00fcsilise aktiivsuse hoidmine muutub aina raskemaks.\u00a0<\/p>\t\t\t\t\t\t\t\t<\/div>\n\t\t\t\t<\/div>\n\t\t\t\t\t<\/div>\n\t\t<\/div>\n\t\t\t\t<div class=\"elementor-column elementor-col-50 elementor-top-column elementor-element elementor-element-9f86a36\" data-id=\"9f86a36\" data-element_type=\"column\" data-e-type=\"column\">\n\t\t\t<div class=\"elementor-widget-wrap elementor-element-populated\">\n\t\t\t\t\t\t<div class=\"elementor-element elementor-element-ce3a842 elementor-widget elementor-widget-image\" data-id=\"ce3a842\" data-element_type=\"widget\" data-e-type=\"widget\" data-widget_type=\"image.default\">\n\t\t\t\t<div class=\"elementor-widget-container\">\n\t\t\t\t\t\t\t\t\t\t\t\t\t\t\t<img fetchpriority=\"high\" decoding=\"async\" width=\"768\" height=\"512\" src=\"https:\/\/beebipai.ee\/wp-content\/uploads\/2022\/06\/rasedate-alakohuval3-768x512.jpg\" class=\"attachment-medium_large size-medium_large wp-image-4609\" alt=\"\" srcset=\"https:\/\/beebipai.ee\/wp-content\/uploads\/2022\/06\/rasedate-alakohuval3-768x512.jpg 768w, https:\/\/beebipai.ee\/wp-content\/uploads\/2022\/06\/rasedate-alakohuval3-e1655698930902-300x200.jpg 300w, https:\/\/beebipai.ee\/wp-content\/uploads\/2022\/06\/rasedate-alakohuval3-1024x683.jpg 1024w, https:\/\/beebipai.ee\/wp-content\/uploads\/2022\/06\/rasedate-alakohuval3-1536x1024.jpg 1536w, https:\/\/beebipai.ee\/wp-content\/uploads\/2022\/06\/rasedate-alakohuval3-2048x1365.jpg 2048w, https:\/\/beebipai.ee\/wp-content\/uploads\/2022\/06\/rasedate-alakohuval3-e1655698930902-18x12.jpg 18w, https:\/\/beebipai.ee\/wp-content\/uploads\/2022\/06\/rasedate-alakohuval3-600x400.jpg 600w, https:\/\/beebipai.ee\/wp-content\/uploads\/2022\/06\/rasedate-alakohuval3-e1655698930902.jpg 400w\" sizes=\"(max-width: 768px) 100vw, 768px\" \/>\t\t\t\t\t\t\t\t\t\t\t\t\t\t\t<\/div>\n\t\t\t\t<\/div>\n\t\t\t\t\t<\/div>\n\t\t<\/div>\n\t\t\t\t\t<\/div>\n\t\t<\/section>\n\t\t\t\t<section class=\"elementor-section elementor-top-section elementor-element elementor-element-ab109f9 elementor-section-boxed elementor-section-height-default elementor-section-height-default\" data-id=\"ab109f9\" data-element_type=\"section\" data-e-type=\"section\">\n\t\t\t\t\t\t<div class=\"elementor-container elementor-column-gap-default\">\n\t\t\t\t\t<div class=\"elementor-column elementor-col-50 elementor-top-column elementor-element elementor-element-d90b11a\" data-id=\"d90b11a\" data-element_type=\"column\" data-e-type=\"column\">\n\t\t\t<div class=\"elementor-widget-wrap elementor-element-populated\">\n\t\t\t\t\t\t<div class=\"elementor-element elementor-element-671d3e7 elementor-widget elementor-widget-image\" data-id=\"671d3e7\" data-element_type=\"widget\" data-e-type=\"widget\" data-widget_type=\"image.default\">\n\t\t\t\t<div class=\"elementor-widget-container\">\n\t\t\t\t\t\t\t\t\t\t\t\t\t\t\t<img decoding=\"async\" width=\"768\" height=\"768\" src=\"https:\/\/beebipai.ee\/wp-content\/uploads\/2022\/06\/Bandaaz-Irena-768x768.jpg\" class=\"attachment-medium_large size-medium_large wp-image-4603\" alt=\"\" srcset=\"https:\/\/beebipai.ee\/wp-content\/uploads\/2022\/06\/Bandaaz-Irena-768x768.jpg 768w, https:\/\/beebipai.ee\/wp-content\/uploads\/2022\/06\/Bandaaz-Irena-e1655793450694-300x300.jpg 300w, https:\/\/beebipai.ee\/wp-content\/uploads\/2022\/06\/Bandaaz-Irena-1024x1024.jpg 1024w, https:\/\/beebipai.ee\/wp-content\/uploads\/2022\/06\/Bandaaz-Irena-e1655793450694-150x150.jpg 150w, https:\/\/beebipai.ee\/wp-content\/uploads\/2022\/06\/Bandaaz-Irena-1536x1536.jpg 1536w, https:\/\/beebipai.ee\/wp-content\/uploads\/2022\/06\/Bandaaz-Irena-e1655793450694-12x12.jpg 12w, https:\/\/beebipai.ee\/wp-content\/uploads\/2022\/06\/Bandaaz-Irena-600x600.jpg 600w, https:\/\/beebipai.ee\/wp-content\/uploads\/2022\/06\/Bandaaz-Irena-e1655793450694-100x100.jpg 100w, https:\/\/beebipai.ee\/wp-content\/uploads\/2022\/06\/Bandaaz-Irena-e1655793450694.jpg 400w\" sizes=\"(max-width: 768px) 100vw, 768px\" \/>\t\t\t\t\t\t\t\t\t\t\t\t\t\t\t<\/div>\n\t\t\t\t<\/div>\n\t\t\t\t\t<\/div>\n\t\t<\/div>\n\t\t\t\t<div class=\"elementor-column elementor-col-50 elementor-top-column elementor-element elementor-element-1c07f4d\" data-id=\"1c07f4d\" data-element_type=\"column\" data-e-type=\"column\">\n\t\t\t<div class=\"elementor-widget-wrap elementor-element-populated\">\n\t\t\t\t\t\t<div class=\"elementor-element elementor-element-aa93d80 elementor-widget elementor-widget-text-editor\" data-id=\"aa93d80\" data-element_type=\"widget\" data-e-type=\"widget\" data-widget_type=\"text-editor.default\">\n\t\t\t\t<div class=\"elementor-widget-container\">\n\t\t\t\t\t\t\t\t\t<p>Meditsiiniline tugiv\u00f6\u00f6 v\u00e4hendab rasedusaegset koormust peamistele valupunktidele. Nagu alak\u00f5ht, vaagen ja alaselg. Pakub toetust kasvavale k\u00f5hule ja leevendust koormuses vaagnale ja nimmepiirkonnale. Teeb mugavamaks ja valuvabamaks\u00a0 igap\u00e4evase liikumise. Toetab \u00f5iget kehahoiakut. Oma elastsuse ja samas pehmuse juures sobib ideaalselt s\u00fcnnitusj\u00e4rgseks perioodiks, aidates taastada k\u00f5hulihaste toonust.<\/p><p>Rasedate tugiv\u00f6\u00f6 valmistamisel on\u00a0 kasutatud \u0160veitsis v\u00e4ljat\u00f6\u00f6tatud tehnoloogial p\u00f5hinevat kangast, mis on leidnud v\u00e4ga laialdast ja efektiivset kasutust just meditsiinipraktikas. \u00d6koloogiliselt puhas materjal tagab \u00f5hu ja niiskuse l\u00e4bilaskvuse ning v\u00f5imaldab toodet kanda otse nahal. Velcro kinnitusvahend muudab v\u00f6\u00f6 kinnitamise mugavaks ja individuaalselt kohandatavaks vastavalt kehakujule ja k\u00f5hu suurusele. Tugiv\u00f6\u00f6 on elastne ja pehme, mis v\u00f5imaldab kohaneda koos kasvava k\u00f5huga.\u00a0<\/p>\t\t\t\t\t\t\t\t<\/div>\n\t\t\t\t<\/div>\n\t\t\t\t\t<\/div>\n\t\t<\/div>\n\t\t\t\t\t<\/div>\n\t\t<\/section>\n\t\t\t\t<section class=\"elementor-section elementor-top-section elementor-element elementor-element-9a89a0d elementor-section-boxed elementor-section-height-default elementor-section-height-default\" data-id=\"9a89a0d\" data-element_type=\"section\" data-e-type=\"section\">\n\t\t\t\t\t\t<div class=\"elementor-container elementor-column-gap-default\">\n\t\t\t\t\t<div class=\"elementor-column elementor-col-50 elementor-top-column elementor-element elementor-element-600dbcf\" data-id=\"600dbcf\" data-element_type=\"column\" data-e-type=\"column\">\n\t\t\t<div class=\"elementor-widget-wrap elementor-element-populated\">\n\t\t\t\t\t\t<div class=\"elementor-element elementor-element-593470d elementor-widget elementor-widget-text-editor\" data-id=\"593470d\" data-element_type=\"widget\" data-e-type=\"widget\" data-widget_type=\"text-editor.default\">\n\t\t\t\t<div class=\"elementor-widget-container\">\n\t\t\t\t\t\t\t\t\t<p>Rasedate tugiv\u00f6\u00f6 meditsiinilised n\u00e4idustused:<\/p><ul><li>v\u00e4hendada koormust v\u00e4ikese vaagna elunditele<\/li><li>v\u00e4hendada koormust alak\u00f5hule ja alaseljale<\/li><li>soodustada loote f\u00fcsioloogilist asendit<\/li><li>v\u00e4hendada naha venimise ja rebenemise riski<\/li><li>v\u00e4hendada riski enneaegsele s\u00fcnnitusele<\/li><li>v\u00e4hendada h\u00e4irivaid ja ebamugavad emakatoonuseid<\/li><li>v\u00e4hendada t\u00fcsistuste riski raseduse ajal<\/li><li>tagada maksimaalset mugavust raseduse ajal<\/li><\/ul>\t\t\t\t\t\t\t\t<\/div>\n\t\t\t\t<\/div>\n\t\t\t\t\t<\/div>\n\t\t<\/div>\n\t\t\t\t<div class=\"elementor-column elementor-col-50 elementor-top-column elementor-element elementor-element-4cc47d6\" data-id=\"4cc47d6\" data-element_type=\"column\" data-e-type=\"column\">\n\t\t\t<div class=\"elementor-widget-wrap elementor-element-populated\">\n\t\t\t\t\t\t<div class=\"elementor-element elementor-element-8a704da elementor-widget elementor-widget-image\" data-id=\"8a704da\" data-element_type=\"widget\" data-e-type=\"widget\" data-widget_type=\"image.default\">\n\t\t\t\t<div class=\"elementor-widget-container\">\n\t\t\t\t\t\t\t\t\t\t\t\t\t\t\t<img decoding=\"async\" width=\"400\" height=\"400\" src=\"https:\/\/beebipai.ee\/wp-content\/uploads\/2022\/06\/Tugivoo-Irena3-e1655794399872.webp\" class=\"attachment-large size-large wp-image-4689\" alt=\"\" srcset=\"https:\/\/beebipai.ee\/wp-content\/uploads\/2022\/06\/Tugivoo-Irena3-e1655794399872.webp 400w, https:\/\/beebipai.ee\/wp-content\/uploads\/2022\/06\/Tugivoo-Irena3-e1655794399872-300x300.webp 300w, https:\/\/beebipai.ee\/wp-content\/uploads\/2022\/06\/Tugivoo-Irena3-e1655794399872-150x150.webp 150w, https:\/\/beebipai.ee\/wp-content\/uploads\/2022\/06\/Tugivoo-Irena3-e1655794399872-12x12.webp 12w, https:\/\/beebipai.ee\/wp-content\/uploads\/2022\/06\/Tugivoo-Irena3-e1655794399872-100x100.webp 100w\" sizes=\"(max-width: 400px) 100vw, 400px\" \/>\t\t\t\t\t\t\t\t\t\t\t\t\t\t\t<\/div>\n\t\t\t\t<\/div>\n\t\t\t\t\t<\/div>\n\t\t<\/div>\n\t\t\t\t\t<\/div>\n\t\t<\/section>\n\t\t\t\t<\/div>","protected":false},"excerpt":{"rendered":"<p>Meditsiiniline elastne tugiv\u00f6\u00f6 Irena toetab rasedusaegsete alak\u00f5hu- ja seljavaevuste korral. Toetab kasvavat k\u00f5hu ja leevendab survet vaagnale. Sobib s\u00fcnnitusj\u00e4rgseks taastumiseks.<\/p>","protected":false},"featured_media":4604,"template":"","meta":{"_monsterinsights_skip_tracking":false,"_monsterinsights_sitenote_active":false,"_monsterinsights_sitenote_note":"","_monsterinsights_sitenote_category":0,"site-sidebar-layout":"no-sidebar","site-content-layout":"page-builder","ast-site-content-layout":"full-width-container","site-content-style":"unboxed","site-sidebar-style":"unboxed","ast-global-header-display":"","ast-banner-title-visibility":"","ast-main-header-display":"","ast-hfb-above-header-display":"","ast-hfb-below-header-display":"","ast-hfb-mobile-header-display":"","site-post-title":"disabled","ast-breadcrumbs-content":"","ast-featured-img":"disabled","footer-sml-layout":"","ast-disable-related-posts":"","theme-transparent-header-meta":"default","adv-header-id-meta":"","stick-header-meta":"","header-above-stick-meta":"","header-main-stick-meta":"","header-below-stick-meta":"","astra-migrate-meta-layouts":"set","ast-page-background-enabled":"default","ast-page-background-meta":{"desktop":{"background-color":"","background-image":"","background-repeat":"repeat","background-position":"center center","background-size":"auto","background-attachment":"scroll","background-type":"","background-media":"","overlay-type":"","overlay-color":"","overlay-opacity":"","overlay-gradient":""},"tablet":{"background-color":"","background-image":"","background-repeat":"repeat","background-position":"center center","background-size":"auto","background-attachment":"scroll","background-type":"","background-media":"","overlay-type":"","overlay-color":"","overlay-opacity":"","overlay-gradient":""},"mobile":{"background-color":"","background-image":"","background-repeat":"repeat","background-position":"center center","background-size":"auto","background-attachment":"scroll","background-type":"","background-media":"","overlay-type":"","overlay-color":"","overlay-opacity":"","overlay-gradient":""}},"ast-content-background-meta":{"desktop":{"background-color":"var(--ast-global-color-5)","background-image":"","background-repeat":"repeat","background-position":"center center","background-size":"auto","background-attachment":"scroll","background-type":"","background-media":"","overlay-type":"","overlay-color":"","overlay-opacity":"","overlay-gradient":""},"tablet":{"background-color":"var(--ast-global-color-5)","background-image":"","background-repeat":"repeat","background-position":"center center","background-size":"auto","background-attachment":"scroll","background-type":"","background-media":"","overlay-type":"","overlay-color":"","overlay-opacity":"","overlay-gradient":""},"mobile":{"background-color":"var(--ast-global-color-5)","background-image":"","background-repeat":"repeat","background-position":"center center","background-size":"auto","background-attachment":"scroll","background-type":"","background-media":"","overlay-type":"","overlay-color":"","overlay-opacity":"","overlay-gradient":""}}},"product_brand":[],"product_cat":[102,22],"product_tag":[],"class_list":{"0":"post-4668","1":"product","2":"type-product","3":"status-publish","4":"has-post-thumbnail","6":"product_cat-bandaazid-tugivood","7":"product_cat-emale","8":"desktop-align-left","9":"tablet-align-left","10":"mobile-align-left","12":"first","13":"instock","14":"taxable","15":"shipping-taxable","16":"purchasable","17":"product-type-variable"},"yoast_head":"<!-- This site is optimized with the Yoast SEO plugin v27.3 - https:\/\/yoast.com\/product\/yoast-seo-wordpress\/ -->\n<title>Meditsiiniline tugiv\u00f6\u00f6 rasedatele Irena - Beebipai<\/title>\n<meta name=\"description\" content=\"Meditsiiniline tugiv\u00f6\u00f6 rasedatele aitab v\u00e4hendada alak\u00f5hu- ja alaseljavalu raseduse ajal. Vaata toodet meditsiiniline tugiv\u00f6\u00f6 rasedatele!\" \/>\n<meta name=\"robots\" content=\"index, follow, max-snippet:-1, max-image-preview:large, max-video-preview:-1\" \/>\n<link rel=\"canonical\" href=\"https:\/\/beebipai.ee\/lv\/product\/meditsiiniline-tugivoo-rasedatele-irena\/\" \/>\n<meta property=\"og:locale\" content=\"lv_LV\" \/>\n<meta property=\"og:type\" content=\"article\" \/>\n<meta property=\"og:title\" content=\"Meditsiiniline tugiv\u00f6\u00f6 rasedatele Irena - Beebipai\" \/>\n<meta property=\"og:description\" content=\"Meditsiiniline tugiv\u00f6\u00f6 rasedatele aitab v\u00e4hendada alak\u00f5hu- ja alaseljavalu raseduse ajal. Vaata toodet meditsiiniline tugiv\u00f6\u00f6 rasedatele!\" \/>\n<meta property=\"og:url\" content=\"https:\/\/beebipai.ee\/lv\/product\/meditsiiniline-tugivoo-rasedatele-irena\/\" \/>\n<meta property=\"og:site_name\" content=\"Beebipai\" \/>\n<meta property=\"article:modified_time\" content=\"2025-09-26T02:51:25+00:00\" \/>\n<meta property=\"og:image\" content=\"https:\/\/beebipai.ee\/wp-content\/uploads\/2022\/06\/Bandaaz-Irena1.jpg\" \/>\n\t<meta property=\"og:image:width\" content=\"1600\" \/>\n\t<meta property=\"og:image:height\" content=\"1601\" \/>\n\t<meta property=\"og:image:type\" content=\"image\/jpeg\" \/>\n<meta name=\"twitter:card\" content=\"summary_large_image\" \/>\n<meta name=\"twitter:label1\" content=\"Est. reading time\" \/>\n\t<meta name=\"twitter:data1\" content=\"2 min\u016btes\" \/>\n<script type=\"application\/ld+json\" class=\"yoast-schema-graph\">{\"@context\":\"https:\\\/\\\/schema.org\",\"@graph\":[{\"@type\":\"WebPage\",\"@id\":\"https:\\\/\\\/beebipai.ee\\\/product\\\/meditsiiniline-tugivoo-rasedatele-irena\\\/\",\"url\":\"https:\\\/\\\/beebipai.ee\\\/product\\\/meditsiiniline-tugivoo-rasedatele-irena\\\/\",\"name\":\"Meditsiiniline tugiv\u00f6\u00f6 rasedatele Irena - Beebipai\",\"isPartOf\":{\"@id\":\"https:\\\/\\\/beebipai.ee\\\/en\\\/#website\"},\"primaryImageOfPage\":{\"@id\":\"https:\\\/\\\/beebipai.ee\\\/product\\\/meditsiiniline-tugivoo-rasedatele-irena\\\/#primaryimage\"},\"image\":{\"@id\":\"https:\\\/\\\/beebipai.ee\\\/product\\\/meditsiiniline-tugivoo-rasedatele-irena\\\/#primaryimage\"},\"thumbnailUrl\":\"https:\\\/\\\/beebipai.ee\\\/wp-content\\\/uploads\\\/2022\\\/06\\\/Bandaaz-Irena1.jpg\",\"datePublished\":\"2022-06-20T04:18:32+00:00\",\"dateModified\":\"2025-09-26T02:51:25+00:00\",\"description\":\"Meditsiiniline tugiv\u00f6\u00f6 rasedatele aitab v\u00e4hendada alak\u00f5hu- ja alaseljavalu raseduse ajal. Vaata toodet meditsiiniline tugiv\u00f6\u00f6 rasedatele!\",\"breadcrumb\":{\"@id\":\"https:\\\/\\\/beebipai.ee\\\/product\\\/meditsiiniline-tugivoo-rasedatele-irena\\\/#breadcrumb\"},\"inLanguage\":\"lv-LV\",\"potentialAction\":[{\"@type\":\"ReadAction\",\"target\":[\"https:\\\/\\\/beebipai.ee\\\/product\\\/meditsiiniline-tugivoo-rasedatele-irena\\\/\"]}]},{\"@type\":\"ImageObject\",\"inLanguage\":\"lv-LV\",\"@id\":\"https:\\\/\\\/beebipai.ee\\\/product\\\/meditsiiniline-tugivoo-rasedatele-irena\\\/#primaryimage\",\"url\":\"https:\\\/\\\/beebipai.ee\\\/wp-content\\\/uploads\\\/2022\\\/06\\\/Bandaaz-Irena1.jpg\",\"contentUrl\":\"https:\\\/\\\/beebipai.ee\\\/wp-content\\\/uploads\\\/2022\\\/06\\\/Bandaaz-Irena1.jpg\",\"width\":1600,\"height\":1601},{\"@type\":\"BreadcrumbList\",\"@id\":\"https:\\\/\\\/beebipai.ee\\\/product\\\/meditsiiniline-tugivoo-rasedatele-irena\\\/#breadcrumb\",\"itemListElement\":[{\"@type\":\"ListItem\",\"position\":1,\"name\":\"Home\",\"item\":\"https:\\\/\\\/beebipai.ee\\\/\"},{\"@type\":\"ListItem\",\"position\":2,\"name\":\"Pood\",\"item\":\"https:\\\/\\\/beebipai.ee\\\/store\\\/\"},{\"@type\":\"ListItem\",\"position\":3,\"name\":\"Meditsiiniline tugiv\u00f6\u00f6 rasedatele Irena\"}]},{\"@type\":\"WebSite\",\"@id\":\"https:\\\/\\\/beebipai.ee\\\/en\\\/#website\",\"url\":\"https:\\\/\\\/beebipai.ee\\\/en\\\/\",\"name\":\"Beebipai\",\"description\":\"Rasedate ja beebide veebipood\",\"potentialAction\":[{\"@type\":\"SearchAction\",\"target\":{\"@type\":\"EntryPoint\",\"urlTemplate\":\"https:\\\/\\\/beebipai.ee\\\/en\\\/?s={search_term_string}\"},\"query-input\":{\"@type\":\"PropertyValueSpecification\",\"valueRequired\":true,\"valueName\":\"search_term_string\"}}],\"inLanguage\":\"lv-LV\"}]}<\/script>\n<!-- \/ Yoast SEO plugin. -->","yoast_head_json":{"title":"Meditsiiniline tugiv\u00f6\u00f6 rasedatele Irena - Beebipai","description":"Meditsiiniline tugiv\u00f6\u00f6 rasedatele aitab v\u00e4hendada alak\u00f5hu- ja alaseljavalu raseduse ajal. Vaata toodet meditsiiniline tugiv\u00f6\u00f6 rasedatele!","robots":{"index":"index","follow":"follow","max-snippet":"max-snippet:-1","max-image-preview":"max-image-preview:large","max-video-preview":"max-video-preview:-1"},"canonical":"https:\/\/beebipai.ee\/lv\/product\/meditsiiniline-tugivoo-rasedatele-irena\/","og_locale":"lv_LV","og_type":"article","og_title":"Meditsiiniline tugiv\u00f6\u00f6 rasedatele Irena - Beebipai","og_description":"Meditsiiniline tugiv\u00f6\u00f6 rasedatele aitab v\u00e4hendada alak\u00f5hu- ja alaseljavalu raseduse ajal. Vaata toodet meditsiiniline tugiv\u00f6\u00f6 rasedatele!","og_url":"https:\/\/beebipai.ee\/lv\/product\/meditsiiniline-tugivoo-rasedatele-irena\/","og_site_name":"Beebipai","article_modified_time":"2025-09-26T02:51:25+00:00","og_image":[{"width":1600,"height":1601,"url":"https:\/\/beebipai.ee\/wp-content\/uploads\/2022\/06\/Bandaaz-Irena1.jpg","type":"image\/jpeg"}],"twitter_card":"summary_large_image","twitter_misc":{"Est. reading time":"2 min\u016btes"},"schema":{"@context":"https:\/\/schema.org","@graph":[{"@type":"WebPage","@id":"https:\/\/beebipai.ee\/product\/meditsiiniline-tugivoo-rasedatele-irena\/","url":"https:\/\/beebipai.ee\/product\/meditsiiniline-tugivoo-rasedatele-irena\/","name":"Meditsiiniline tugiv\u00f6\u00f6 rasedatele Irena - Beebipai","isPartOf":{"@id":"https:\/\/beebipai.ee\/en\/#website"},"primaryImageOfPage":{"@id":"https:\/\/beebipai.ee\/product\/meditsiiniline-tugivoo-rasedatele-irena\/#primaryimage"},"image":{"@id":"https:\/\/beebipai.ee\/product\/meditsiiniline-tugivoo-rasedatele-irena\/#primaryimage"},"thumbnailUrl":"https:\/\/beebipai.ee\/wp-content\/uploads\/2022\/06\/Bandaaz-Irena1.jpg","datePublished":"2022-06-20T04:18:32+00:00","dateModified":"2025-09-26T02:51:25+00:00","description":"Meditsiiniline tugiv\u00f6\u00f6 rasedatele aitab v\u00e4hendada alak\u00f5hu- ja alaseljavalu raseduse ajal. Vaata toodet meditsiiniline tugiv\u00f6\u00f6 rasedatele!","breadcrumb":{"@id":"https:\/\/beebipai.ee\/product\/meditsiiniline-tugivoo-rasedatele-irena\/#breadcrumb"},"inLanguage":"lv-LV","potentialAction":[{"@type":"ReadAction","target":["https:\/\/beebipai.ee\/product\/meditsiiniline-tugivoo-rasedatele-irena\/"]}]},{"@type":"ImageObject","inLanguage":"lv-LV","@id":"https:\/\/beebipai.ee\/product\/meditsiiniline-tugivoo-rasedatele-irena\/#primaryimage","url":"https:\/\/beebipai.ee\/wp-content\/uploads\/2022\/06\/Bandaaz-Irena1.jpg","contentUrl":"https:\/\/beebipai.ee\/wp-content\/uploads\/2022\/06\/Bandaaz-Irena1.jpg","width":1600,"height":1601},{"@type":"BreadcrumbList","@id":"https:\/\/beebipai.ee\/product\/meditsiiniline-tugivoo-rasedatele-irena\/#breadcrumb","itemListElement":[{"@type":"ListItem","position":1,"name":"Home","item":"https:\/\/beebipai.ee\/"},{"@type":"ListItem","position":2,"name":"Pood","item":"https:\/\/beebipai.ee\/store\/"},{"@type":"ListItem","position":3,"name":"Meditsiiniline tugiv\u00f6\u00f6 rasedatele Irena"}]},{"@type":"WebSite","@id":"https:\/\/beebipai.ee\/en\/#website","url":"https:\/\/beebipai.ee\/en\/","name":"Beebipai","description":"Rasedate ja beebide veebipood","potentialAction":[{"@type":"SearchAction","target":{"@type":"EntryPoint","urlTemplate":"https:\/\/beebipai.ee\/en\/?s={search_term_string}"},"query-input":{"@type":"PropertyValueSpecification","valueRequired":true,"valueName":"search_term_string"}}],"inLanguage":"lv-LV"}]}},"_links":{"self":[{"href":"https:\/\/beebipai.ee\/lv\/wp-json\/wp\/v2\/product\/4668","targetHints":{"allow":["GET"]}}],"collection":[{"href":"https:\/\/beebipai.ee\/lv\/wp-json\/wp\/v2\/product"}],"about":[{"href":"https:\/\/beebipai.ee\/lv\/wp-json\/wp\/v2\/types\/product"}],"version-history":[{"count":5,"href":"https:\/\/beebipai.ee\/lv\/wp-json\/wp\/v2\/product\/4668\/revisions"}],"predecessor-version":[{"id":5256,"href":"https:\/\/beebipai.ee\/lv\/wp-json\/wp\/v2\/product\/4668\/revisions\/5256"}],"wp:featuredmedia":[{"embeddable":true,"href":"https:\/\/beebipai.ee\/lv\/wp-json\/wp\/v2\/media\/4604"}],"wp:attachment":[{"href":"https:\/\/beebipai.ee\/lv\/wp-json\/wp\/v2\/media?parent=4668"}],"wp:term":[{"taxonomy":"product_brand","embeddable":true,"href":"https:\/\/beebipai.ee\/lv\/wp-json\/wp\/v2\/product_brand?post=4668"},{"taxonomy":"product_cat","embeddable":true,"href":"https:\/\/beebipai.ee\/lv\/wp-json\/wp\/v2\/product_cat?post=4668"},{"taxonomy":"product_tag","embeddable":true,"href":"https:\/\/beebipai.ee\/lv\/wp-json\/wp\/v2\/product_tag?post=4668"}],"curies":[{"name":"wp","href":"https:\/\/api.w.org\/{rel}","templated":true}]}}