{"id":4489,"date":"2022-06-14T15:06:46","date_gmt":"2022-06-14T12:06:46","guid":{"rendered":"https:\/\/beebipai.ee\/?post_type=product&#038;p=4489"},"modified":"2025-10-08T20:42:55","modified_gmt":"2025-10-08T17:42:55","slug":"cadenshae-treeningpluus","status":"publish","type":"product","link":"https:\/\/beebipai.ee\/lv\/product\/cadenshae-treeningpluus\/","title":{"rendered":"Cadenshae bl\u016bze gr\u016btniec\u0113m un baro\u0161anai ar kr\u016bti, izm\u0113ri S-XXXL"},"content":{"rendered":"<div data-elementor-type=\"wp-post\" data-elementor-id=\"4489\" class=\"elementor elementor-4489\">\n\t\t\t\t\t\t<section class=\"elementor-section elementor-top-section elementor-element elementor-element-0d96e8c elementor-section-boxed elementor-section-height-default elementor-section-height-default\" data-id=\"0d96e8c\" data-element_type=\"section\" data-e-type=\"section\">\n\t\t\t\t\t\t<div class=\"elementor-container elementor-column-gap-default\">\n\t\t\t\t\t<div class=\"elementor-column elementor-col-50 elementor-top-column elementor-element elementor-element-604c917\" data-id=\"604c917\" data-element_type=\"column\" data-e-type=\"column\">\n\t\t\t<div class=\"elementor-widget-wrap elementor-element-populated\">\n\t\t\t\t\t\t<div class=\"elementor-element elementor-element-4c0cb6d elementor-widget elementor-widget-heading\" data-id=\"4c0cb6d\" data-element_type=\"widget\" data-e-type=\"widget\" data-widget_type=\"heading.default\">\n\t\t\t\t<div class=\"elementor-widget-container\">\n\t\t\t\t\t<h2 class=\"elementor-heading-title elementor-size-default\">Cadenshae m\u0101su bl\u016bze<\/h2>\t\t\t\t<\/div>\n\t\t\t\t<\/div>\n\t\t\t\t<div class=\"elementor-element elementor-element-7549fc8 elementor-widget elementor-widget-text-editor\" data-id=\"7549fc8\" data-element_type=\"widget\" data-e-type=\"widget\" data-widget_type=\"text-editor.default\">\n\t\t\t\t<div class=\"elementor-widget-container\">\n\t\t\t\t\t\t\t\t\t<p>Cadenshae Nursing Top pied\u0101v\u0101 funkcionalit\u0101ti gan gr\u016btniec\u012bbas, gan z\u012bd\u012b\u0161anas laik\u0101. Bl\u016bzes gar\u0101k\u0101 \u0137erme\u0146a da\u013ca \u013cauj ap\u0123\u0113rbu valk\u0101t pat ar augo\u0161u v\u0113deru. Vieglais un elast\u012bgais materi\u0101ls viegli piel\u0101gojas main\u012bgaj\u0101m \u0137erme\u0146a form\u0101m. Skaists un efekt\u012bgs V veida kakla izgriezums. Bl\u016bze nav pievilkta, tai nav rievu vai \u0161\u0137ipsnu.\u00a0<\/p><p>Cadenshae z\u012bd\u012b\u0161anas topam ir diagon\u0101li dubulti r\u0101v\u0113jsl\u0113dz\u0113ji ab\u0101s pus\u0113s \u0113rtai baro\u0161anai ar kr\u016bti. Sl\u0113dzenes ir pl\u0101nas un diskr\u0113tas. Tie ir viegli atverami, kas padara z\u012bd\u012b\u0161anu \u0113rtu visur.<\/p>\t\t\t\t\t\t\t\t<\/div>\n\t\t\t\t<\/div>\n\t\t\t\t\t<\/div>\n\t\t<\/div>\n\t\t\t\t<div class=\"elementor-column elementor-col-50 elementor-top-column elementor-element elementor-element-612cec1\" data-id=\"612cec1\" data-element_type=\"column\" data-e-type=\"column\">\n\t\t\t<div class=\"elementor-widget-wrap elementor-element-populated\">\n\t\t\t\t\t\t<div class=\"elementor-element elementor-element-3a2a4a5 elementor-widget elementor-widget-image\" data-id=\"3a2a4a5\" data-element_type=\"widget\" data-e-type=\"widget\" data-widget_type=\"image.default\">\n\t\t\t\t<div class=\"elementor-widget-container\">\n\t\t\t\t\t\t\t\t\t\t\t\t\t\t\t<img fetchpriority=\"high\" decoding=\"async\" width=\"808\" height=\"1024\" src=\"https:\/\/beebipai.ee\/wp-content\/uploads\/2022\/06\/Cadenshae-treeningpluus-imetamiseks1-808x1024.jpg\" class=\"attachment-large size-large wp-image-4495\" alt=\"\" srcset=\"https:\/\/beebipai.ee\/wp-content\/uploads\/2022\/06\/Cadenshae-treeningpluus-imetamiseks1-808x1024.jpg 808w, https:\/\/beebipai.ee\/wp-content\/uploads\/2022\/06\/Cadenshae-treeningpluus-imetamiseks1-e1655208386134-237x300.jpg 237w, https:\/\/beebipai.ee\/wp-content\/uploads\/2022\/06\/Cadenshae-treeningpluus-imetamiseks1-768x974.jpg 768w, https:\/\/beebipai.ee\/wp-content\/uploads\/2022\/06\/Cadenshae-treeningpluus-imetamiseks1-e1655208386134-9x12.jpg 9w, https:\/\/beebipai.ee\/wp-content\/uploads\/2022\/06\/Cadenshae-treeningpluus-imetamiseks1-600x761.jpg 600w, https:\/\/beebipai.ee\/wp-content\/uploads\/2022\/06\/Cadenshae-treeningpluus-imetamiseks1-e1655208386134.jpg 400w\" sizes=\"(max-width: 808px) 100vw, 808px\" \/>\t\t\t\t\t\t\t\t\t\t\t\t\t\t\t<\/div>\n\t\t\t\t<\/div>\n\t\t\t\t\t<\/div>\n\t\t<\/div>\n\t\t\t\t\t<\/div>\n\t\t<\/section>\n\t\t\t\t<\/div>","protected":false},"excerpt":{"rendered":"<p>Cadenshae m\u0101su bl\u016bze ir stil\u012bga un diskr\u0113ta. Piem\u0113rots gan gr\u016btniec\u012bbas periodam, gan p\u0113cdzemd\u012bbu periodam. \u013bauj barot b\u0113rnu jebkur\u0101 laik\u0101 un viet\u0101. Viegls un \u0113rts valk\u0101\u0161anai ikdienas darb\u012bb\u0101s.<\/p>","protected":false},"featured_media":4494,"template":"","meta":{"_monsterinsights_skip_tracking":false,"_monsterinsights_sitenote_active":false,"_monsterinsights_sitenote_note":"","_monsterinsights_sitenote_category":0,"site-sidebar-layout":"no-sidebar","site-content-layout":"page-builder","ast-site-content-layout":"full-width-container","site-content-style":"unboxed","site-sidebar-style":"unboxed","ast-global-header-display":"","ast-banner-title-visibility":"","ast-main-header-display":"","ast-hfb-above-header-display":"","ast-hfb-below-header-display":"","ast-hfb-mobile-header-display":"","site-post-title":"disabled","ast-breadcrumbs-content":"","ast-featured-img":"disabled","footer-sml-layout":"","ast-disable-related-posts":"","theme-transparent-header-meta":"default","adv-header-id-meta":"","stick-header-meta":"","header-above-stick-meta":"","header-main-stick-meta":"","header-below-stick-meta":"","astra-migrate-meta-layouts":"set","ast-page-background-enabled":"default","ast-page-background-meta":{"desktop":{"background-color":"","background-image":"","background-repeat":"repeat","background-position":"center center","background-size":"auto","background-attachment":"scroll","background-type":"","background-media":"","overlay-type":"","overlay-color":"","overlay-opacity":"","overlay-gradient":""},"tablet":{"background-color":"","background-image":"","background-repeat":"repeat","background-position":"center center","background-size":"auto","background-attachment":"scroll","background-type":"","background-media":"","overlay-type":"","overlay-color":"","overlay-opacity":"","overlay-gradient":""},"mobile":{"background-color":"","background-image":"","background-repeat":"repeat","background-position":"center center","background-size":"auto","background-attachment":"scroll","background-type":"","background-media":"","overlay-type":"","overlay-color":"","overlay-opacity":"","overlay-gradient":""}},"ast-content-background-meta":{"desktop":{"background-color":"var(--ast-global-color-5)","background-image":"","background-repeat":"repeat","background-position":"center center","background-size":"auto","background-attachment":"scroll","background-type":"","background-media":"","overlay-type":"","overlay-color":"","overlay-opacity":"","overlay-gradient":""},"tablet":{"background-color":"var(--ast-global-color-5)","background-image":"","background-repeat":"repeat","background-position":"center center","background-size":"auto","background-attachment":"scroll","background-type":"","background-media":"","overlay-type":"","overlay-color":"","overlay-opacity":"","overlay-gradient":""},"mobile":{"background-color":"var(--ast-global-color-5)","background-image":"","background-repeat":"repeat","background-position":"center center","background-size":"auto","background-attachment":"scroll","background-type":"","background-media":"","overlay-type":"","overlay-color":"","overlay-opacity":"","overlay-gradient":""}}},"product_brand":[],"product_cat":[22,105,133],"product_tag":[],"class_list":{"0":"post-4489","1":"product","2":"type-product","3":"status-publish","4":"has-post-thumbnail","6":"product_cat-emale","7":"product_cat-treening","8":"product_cat-riided-rasedatele-ja-rinnaga-toitvatele-emadele","9":"desktop-align-left","10":"tablet-align-left","11":"mobile-align-left","13":"first","14":"instock","15":"sale","16":"taxable","17":"shipping-taxable","18":"purchasable","19":"product-type-variable"},"yoast_head":"<!-- This site is optimized with the Yoast SEO plugin v27.3 - https:\/\/yoast.com\/product\/yoast-seo-wordpress\/ -->\n<title>Cadenshae pluus raseduse ja imetamise ajaks, suurustes S-XXXL - Beebipai<\/title>\n<meta name=\"description\" content=\"Cadenshae imetamispluus on m\u00f5nus, mugav ja praktiline imetamiseks. Vaata toodet Cadenshae imetamispluus!\" \/>\n<meta name=\"robots\" content=\"index, follow, max-snippet:-1, max-image-preview:large, max-video-preview:-1\" \/>\n<link rel=\"canonical\" href=\"https:\/\/beebipai.ee\/lv\/product\/cadenshae-treeningpluus\/\" \/>\n<meta property=\"og:locale\" content=\"lv_LV\" \/>\n<meta property=\"og:type\" content=\"article\" \/>\n<meta property=\"og:title\" content=\"Cadenshae pluus raseduse ja imetamise ajaks, suurustes S-XXXL - Beebipai\" \/>\n<meta property=\"og:description\" content=\"Cadenshae imetamispluus on m\u00f5nus, mugav ja praktiline imetamiseks. Vaata toodet Cadenshae imetamispluus!\" \/>\n<meta property=\"og:url\" content=\"https:\/\/beebipai.ee\/lv\/product\/cadenshae-treeningpluus\/\" \/>\n<meta property=\"og:site_name\" content=\"Beebipai\" \/>\n<meta property=\"article:modified_time\" content=\"2025-10-08T17:42:55+00:00\" \/>\n<meta property=\"og:image\" content=\"https:\/\/beebipai.ee\/wp-content\/uploads\/2022\/06\/Cadenshae-treeningpluus-imetamiseks.jpg\" \/>\n\t<meta property=\"og:image:width\" content=\"1000\" \/>\n\t<meta property=\"og:image:height\" content=\"1268\" \/>\n\t<meta property=\"og:image:type\" content=\"image\/jpeg\" \/>\n<meta name=\"twitter:card\" content=\"summary_large_image\" \/>\n<meta name=\"twitter:label1\" content=\"Est. reading time\" \/>\n\t<meta name=\"twitter:data1\" content=\"1 min\u016bte\" \/>\n<script type=\"application\/ld+json\" class=\"yoast-schema-graph\">{\"@context\":\"https:\\\/\\\/schema.org\",\"@graph\":[{\"@type\":\"WebPage\",\"@id\":\"https:\\\/\\\/beebipai.ee\\\/product\\\/cadenshae-treeningpluus\\\/\",\"url\":\"https:\\\/\\\/beebipai.ee\\\/product\\\/cadenshae-treeningpluus\\\/\",\"name\":\"Cadenshae pluus raseduse ja imetamise ajaks, suurustes S-XXXL - Beebipai\",\"isPartOf\":{\"@id\":\"https:\\\/\\\/beebipai.ee\\\/en\\\/#website\"},\"primaryImageOfPage\":{\"@id\":\"https:\\\/\\\/beebipai.ee\\\/product\\\/cadenshae-treeningpluus\\\/#primaryimage\"},\"image\":{\"@id\":\"https:\\\/\\\/beebipai.ee\\\/product\\\/cadenshae-treeningpluus\\\/#primaryimage\"},\"thumbnailUrl\":\"https:\\\/\\\/beebipai.ee\\\/wp-content\\\/uploads\\\/2022\\\/06\\\/Cadenshae-treeningpluus-imetamiseks.jpg\",\"datePublished\":\"2022-06-14T12:06:46+00:00\",\"dateModified\":\"2025-10-08T17:42:55+00:00\",\"description\":\"Cadenshae imetamispluus on m\u00f5nus, mugav ja praktiline imetamiseks. Vaata toodet Cadenshae imetamispluus!\",\"breadcrumb\":{\"@id\":\"https:\\\/\\\/beebipai.ee\\\/product\\\/cadenshae-treeningpluus\\\/#breadcrumb\"},\"inLanguage\":\"lv-LV\",\"potentialAction\":[{\"@type\":\"ReadAction\",\"target\":[\"https:\\\/\\\/beebipai.ee\\\/product\\\/cadenshae-treeningpluus\\\/\"]}]},{\"@type\":\"ImageObject\",\"inLanguage\":\"lv-LV\",\"@id\":\"https:\\\/\\\/beebipai.ee\\\/product\\\/cadenshae-treeningpluus\\\/#primaryimage\",\"url\":\"https:\\\/\\\/beebipai.ee\\\/wp-content\\\/uploads\\\/2022\\\/06\\\/Cadenshae-treeningpluus-imetamiseks.jpg\",\"contentUrl\":\"https:\\\/\\\/beebipai.ee\\\/wp-content\\\/uploads\\\/2022\\\/06\\\/Cadenshae-treeningpluus-imetamiseks.jpg\",\"width\":1000,\"height\":1268},{\"@type\":\"BreadcrumbList\",\"@id\":\"https:\\\/\\\/beebipai.ee\\\/product\\\/cadenshae-treeningpluus\\\/#breadcrumb\",\"itemListElement\":[{\"@type\":\"ListItem\",\"position\":1,\"name\":\"Home\",\"item\":\"https:\\\/\\\/beebipai.ee\\\/\"},{\"@type\":\"ListItem\",\"position\":2,\"name\":\"Pood\",\"item\":\"https:\\\/\\\/beebipai.ee\\\/store\\\/\"},{\"@type\":\"ListItem\",\"position\":3,\"name\":\"Cadenshae pluus raseduse ja imetamise ajaks, suurustes S-XXXL\"}]},{\"@type\":\"WebSite\",\"@id\":\"https:\\\/\\\/beebipai.ee\\\/en\\\/#website\",\"url\":\"https:\\\/\\\/beebipai.ee\\\/en\\\/\",\"name\":\"Beebipai\",\"description\":\"Rasedate ja beebide veebipood\",\"potentialAction\":[{\"@type\":\"SearchAction\",\"target\":{\"@type\":\"EntryPoint\",\"urlTemplate\":\"https:\\\/\\\/beebipai.ee\\\/en\\\/?s={search_term_string}\"},\"query-input\":{\"@type\":\"PropertyValueSpecification\",\"valueRequired\":true,\"valueName\":\"search_term_string\"}}],\"inLanguage\":\"lv-LV\"}]}<\/script>\n<!-- \/ Yoast SEO plugin. -->","yoast_head_json":{"title":"Cadenshae pluus raseduse ja imetamise ajaks, suurustes S-XXXL - Beebipai","description":"Cadenshae imetamispluus on m\u00f5nus, mugav ja praktiline imetamiseks. Vaata toodet Cadenshae imetamispluus!","robots":{"index":"index","follow":"follow","max-snippet":"max-snippet:-1","max-image-preview":"max-image-preview:large","max-video-preview":"max-video-preview:-1"},"canonical":"https:\/\/beebipai.ee\/lv\/product\/cadenshae-treeningpluus\/","og_locale":"lv_LV","og_type":"article","og_title":"Cadenshae pluus raseduse ja imetamise ajaks, suurustes S-XXXL - Beebipai","og_description":"Cadenshae imetamispluus on m\u00f5nus, mugav ja praktiline imetamiseks. Vaata toodet Cadenshae imetamispluus!","og_url":"https:\/\/beebipai.ee\/lv\/product\/cadenshae-treeningpluus\/","og_site_name":"Beebipai","article_modified_time":"2025-10-08T17:42:55+00:00","og_image":[{"width":1000,"height":1268,"url":"https:\/\/beebipai.ee\/wp-content\/uploads\/2022\/06\/Cadenshae-treeningpluus-imetamiseks.jpg","type":"image\/jpeg"}],"twitter_card":"summary_large_image","twitter_misc":{"Est. reading time":"1 min\u016bte"},"schema":{"@context":"https:\/\/schema.org","@graph":[{"@type":"WebPage","@id":"https:\/\/beebipai.ee\/product\/cadenshae-treeningpluus\/","url":"https:\/\/beebipai.ee\/product\/cadenshae-treeningpluus\/","name":"Cadenshae pluus raseduse ja imetamise ajaks, suurustes S-XXXL - Beebipai","isPartOf":{"@id":"https:\/\/beebipai.ee\/en\/#website"},"primaryImageOfPage":{"@id":"https:\/\/beebipai.ee\/product\/cadenshae-treeningpluus\/#primaryimage"},"image":{"@id":"https:\/\/beebipai.ee\/product\/cadenshae-treeningpluus\/#primaryimage"},"thumbnailUrl":"https:\/\/beebipai.ee\/wp-content\/uploads\/2022\/06\/Cadenshae-treeningpluus-imetamiseks.jpg","datePublished":"2022-06-14T12:06:46+00:00","dateModified":"2025-10-08T17:42:55+00:00","description":"Cadenshae imetamispluus on m\u00f5nus, mugav ja praktiline imetamiseks. Vaata toodet Cadenshae imetamispluus!","breadcrumb":{"@id":"https:\/\/beebipai.ee\/product\/cadenshae-treeningpluus\/#breadcrumb"},"inLanguage":"lv-LV","potentialAction":[{"@type":"ReadAction","target":["https:\/\/beebipai.ee\/product\/cadenshae-treeningpluus\/"]}]},{"@type":"ImageObject","inLanguage":"lv-LV","@id":"https:\/\/beebipai.ee\/product\/cadenshae-treeningpluus\/#primaryimage","url":"https:\/\/beebipai.ee\/wp-content\/uploads\/2022\/06\/Cadenshae-treeningpluus-imetamiseks.jpg","contentUrl":"https:\/\/beebipai.ee\/wp-content\/uploads\/2022\/06\/Cadenshae-treeningpluus-imetamiseks.jpg","width":1000,"height":1268},{"@type":"BreadcrumbList","@id":"https:\/\/beebipai.ee\/product\/cadenshae-treeningpluus\/#breadcrumb","itemListElement":[{"@type":"ListItem","position":1,"name":"Home","item":"https:\/\/beebipai.ee\/"},{"@type":"ListItem","position":2,"name":"Pood","item":"https:\/\/beebipai.ee\/store\/"},{"@type":"ListItem","position":3,"name":"Cadenshae pluus raseduse ja imetamise ajaks, suurustes S-XXXL"}]},{"@type":"WebSite","@id":"https:\/\/beebipai.ee\/en\/#website","url":"https:\/\/beebipai.ee\/en\/","name":"Beebipai","description":"Rasedate ja beebide veebipood","potentialAction":[{"@type":"SearchAction","target":{"@type":"EntryPoint","urlTemplate":"https:\/\/beebipai.ee\/en\/?s={search_term_string}"},"query-input":{"@type":"PropertyValueSpecification","valueRequired":true,"valueName":"search_term_string"}}],"inLanguage":"lv-LV"}]}},"_links":{"self":[{"href":"https:\/\/beebipai.ee\/lv\/wp-json\/wp\/v2\/product\/4489","targetHints":{"allow":["GET"]}}],"collection":[{"href":"https:\/\/beebipai.ee\/lv\/wp-json\/wp\/v2\/product"}],"about":[{"href":"https:\/\/beebipai.ee\/lv\/wp-json\/wp\/v2\/types\/product"}],"version-history":[{"count":5,"href":"https:\/\/beebipai.ee\/lv\/wp-json\/wp\/v2\/product\/4489\/revisions"}],"predecessor-version":[{"id":8559,"href":"https:\/\/beebipai.ee\/lv\/wp-json\/wp\/v2\/product\/4489\/revisions\/8559"}],"wp:featuredmedia":[{"embeddable":true,"href":"https:\/\/beebipai.ee\/lv\/wp-json\/wp\/v2\/media\/4494"}],"wp:attachment":[{"href":"https:\/\/beebipai.ee\/lv\/wp-json\/wp\/v2\/media?parent=4489"}],"wp:term":[{"taxonomy":"product_brand","embeddable":true,"href":"https:\/\/beebipai.ee\/lv\/wp-json\/wp\/v2\/product_brand?post=4489"},{"taxonomy":"product_cat","embeddable":true,"href":"https:\/\/beebipai.ee\/lv\/wp-json\/wp\/v2\/product_cat?post=4489"},{"taxonomy":"product_tag","embeddable":true,"href":"https:\/\/beebipai.ee\/lv\/wp-json\/wp\/v2\/product_tag?post=4489"}],"curies":[{"name":"wp","href":"https:\/\/api.w.org\/{rel}","templated":true}]}}