{"id":4466,"date":"2022-06-14T13:56:54","date_gmt":"2022-06-14T10:56:54","guid":{"rendered":"https:\/\/beebipai.ee\/?post_type=product&#038;p=4466"},"modified":"2024-05-17T12:59:26","modified_gmt":"2024-05-17T09:59:26","slug":"cadenshae-bambusest-rinnahoidja","status":"publish","type":"product","link":"https:\/\/beebipai.ee\/lv\/product\/cadenshae-bambusest-rinnahoidja\/","title":{"rendered":"Cadenshae bambusa kr\u016b\u0161turis baro\u0161anai"},"content":{"rendered":"<div data-elementor-type=\"wp-post\" data-elementor-id=\"4466\" class=\"elementor elementor-4466\">\n\t\t\t\t\t\t<section class=\"elementor-section elementor-top-section elementor-element elementor-element-aa96837 elementor-section-boxed elementor-section-height-default elementor-section-height-default\" data-id=\"aa96837\" data-element_type=\"section\" data-e-type=\"section\">\n\t\t\t\t\t\t<div class=\"elementor-container elementor-column-gap-default\">\n\t\t\t\t\t<div class=\"elementor-column elementor-col-50 elementor-top-column elementor-element elementor-element-9198bfc\" data-id=\"9198bfc\" data-element_type=\"column\" data-e-type=\"column\">\n\t\t\t<div class=\"elementor-widget-wrap elementor-element-populated\">\n\t\t\t\t\t\t<div class=\"elementor-element elementor-element-64e9982 elementor-widget elementor-widget-heading\" data-id=\"64e9982\" data-element_type=\"widget\" data-e-type=\"widget\" data-widget_type=\"heading.default\">\n\t\t\t\t<div class=\"elementor-widget-container\">\n\t\t\t\t\t<h2 class=\"elementor-heading-title elementor-size-default\">Cadenshae bambusa kr\u016b\u0161turis baro\u0161anai<\/h2>\t\t\t\t<\/div>\n\t\t\t\t<\/div>\n\t\t\t\t<div class=\"elementor-element elementor-element-601de84 elementor-widget elementor-widget-text-editor\" data-id=\"601de84\" data-element_type=\"widget\" data-e-type=\"widget\" data-widget_type=\"text-editor.default\">\n\t\t\t\t<div class=\"elementor-widget-container\">\n\t\t\t\t\t\t\t\t\t<p>Laikam visi vec\u0101ki sap\u0146o par mazu\u013ciem, kas nakt\u012bs gu\u013c br\u012bni\u0161\u0137\u012bgi, bet realit\u0101te ir t\u0101da, ka s\u0101kotn\u0113ji b\u0113rnam vajadz\u0113tu \u0113st vismaz 8 reizes dien\u0101, kas noz\u012bm\u0113 ar\u012b mazu\u013ca baro\u0161anu nakt\u012b.\u00a0<\/p><p>Vai zin\u0101ji, ka jaundzimu\u0161\u0101 ku\u0146\u0123is ir niec\u012bgs, taj\u0101 var ietilpt pavisam neliels piena daudzums (6ml 3kg mazulim, 8ml 4kg mazulim). Katru dienu b\u0113rna nepiecie\u0161am\u012bba p\u0113c \u0113diena nedaudz palielin\u0101s, t\u0101p\u0113c ned\u0113\u013cas laik\u0101 b\u0113rns vien\u0101 \u0113dienreiz\u0113 jau ap\u0113d aptuveni 60 ml piena.\u00a0<\/p><p>M\u0101tes piens mazulis \u013coti labi uzs\u016bcas un \u0101tri sagremojas, t\u0101p\u0113c p\u0113c 1-2 stund\u0101m mazulis jau var s\u0101kt pras\u012bt \u0113dienu. Nakts z\u012bd\u012b\u0161ana ir \u013coti izdev\u012bga gan m\u0101tei, gan mazulim. Prolakt\u012bna l\u012bmenis ir augst\u0101ks nakt\u012b, kas veicina piena ra\u017eo\u0161anu. T\u0101pat nov\u0113rots, ka b\u0113rni vien\u0101 \u0113dienreiz\u0113 nakt\u012b ap\u0113d liel\u0101ku piena daudzumu. Tas ir svar\u012bgi pirmaj\u0101 ned\u0113\u013c\u0101, lai izvair\u012btos no p\u0101rm\u0113r\u012bga svara zuduma, bet v\u0113l\u0101k, lai nodro\u0161in\u0101tu labu svara uztur\u0113\u0161anu. M\u0101tes pien\u0101 vakaros ir vair\u0101k triptof\u0101na, kam ir miegu veicino\u0161a iedarb\u012bba, \u013caujot b\u0113rnam gul\u0113t mier\u012bg\u0101k. Pirmajos m\u0113ne\u0161os b\u0113rnam v\u0113l nav izveidojies dienas un nakts ritms, tas ar laiku nok\u0101rtojas. T\u0101p\u0113c var b\u016bt naktis, kad b\u0113rns \u0113d tikai 2 reizes nakt\u012b, bet ar\u012b naktis, kad b\u0113rns \u0113d katru stundu<\/p>\t\t\t\t\t\t\t\t<\/div>\n\t\t\t\t<\/div>\n\t\t\t\t\t<\/div>\n\t\t<\/div>\n\t\t\t\t<div class=\"elementor-column elementor-col-50 elementor-top-column elementor-element elementor-element-d8f81bc\" data-id=\"d8f81bc\" data-element_type=\"column\" data-e-type=\"column\">\n\t\t\t<div class=\"elementor-widget-wrap elementor-element-populated\">\n\t\t\t\t\t\t<div class=\"elementor-element elementor-element-f1ea67a elementor-widget elementor-widget-image\" data-id=\"f1ea67a\" data-element_type=\"widget\" data-e-type=\"widget\" data-widget_type=\"image.default\">\n\t\t\t\t<div class=\"elementor-widget-container\">\n\t\t\t\t\t\t\t\t\t\t\t\t\t\t\t<img fetchpriority=\"high\" decoding=\"async\" width=\"768\" height=\"576\" src=\"https:\/\/beebipai.ee\/wp-content\/uploads\/2022\/06\/Cadenshae-bambusest-rinnahoidja-768x576.jpg\" class=\"attachment-medium_large size-medium_large wp-image-4472\" alt=\"\" srcset=\"https:\/\/beebipai.ee\/wp-content\/uploads\/2022\/06\/Cadenshae-bambusest-rinnahoidja-768x576.jpg 768w, https:\/\/beebipai.ee\/wp-content\/uploads\/2022\/06\/Cadenshae-bambusest-rinnahoidja-e1655204644377-300x225.jpg 300w, https:\/\/beebipai.ee\/wp-content\/uploads\/2022\/06\/Cadenshae-bambusest-rinnahoidja-1024x768.jpg 1024w, https:\/\/beebipai.ee\/wp-content\/uploads\/2022\/06\/Cadenshae-bambusest-rinnahoidja-e1655204644377-16x12.jpg 16w, https:\/\/beebipai.ee\/wp-content\/uploads\/2022\/06\/Cadenshae-bambusest-rinnahoidja-600x450.jpg 600w, https:\/\/beebipai.ee\/wp-content\/uploads\/2022\/06\/Cadenshae-bambusest-rinnahoidja-e1655204644377.jpg 400w\" sizes=\"(max-width: 768px) 100vw, 768px\" \/>\t\t\t\t\t\t\t\t\t\t\t\t\t\t\t<\/div>\n\t\t\t\t<\/div>\n\t\t\t\t\t<\/div>\n\t\t<\/div>\n\t\t\t\t\t<\/div>\n\t\t<\/section>\n\t\t\t\t<section class=\"elementor-section elementor-top-section elementor-element elementor-element-48945b9 elementor-section-boxed elementor-section-height-default elementor-section-height-default\" data-id=\"48945b9\" data-element_type=\"section\" data-e-type=\"section\">\n\t\t\t\t\t\t<div class=\"elementor-container elementor-column-gap-default\">\n\t\t\t\t\t<div class=\"elementor-column elementor-col-50 elementor-top-column elementor-element elementor-element-886f813\" data-id=\"886f813\" data-element_type=\"column\" data-e-type=\"column\">\n\t\t\t<div class=\"elementor-widget-wrap elementor-element-populated\">\n\t\t\t\t\t\t<div class=\"elementor-element elementor-element-4c38d65 elementor-widget elementor-widget-text-editor\" data-id=\"4c38d65\" data-element_type=\"widget\" data-e-type=\"widget\" data-widget_type=\"text-editor.default\">\n\t\t\t\t<div class=\"elementor-widget-container\">\n\t\t\t\t\t\t\t\t\t<p>Ir zin\u0101ms, ka m\u0101mi\u0146as, kas baro b\u0113rnu ar kr\u016bti, nakt\u012b gu\u013c mazliet vair\u0101k, jo m\u0101tes piens vienm\u0113r ir pieejams, vienm\u0113r ir gatavs un vienm\u0113r ir pareizaj\u0101 temperat\u016br\u0101. Vien\u012bg\u0101 probl\u0113ma ir pal\u012bdz\u0113t b\u0113rnam pie kr\u016bts. Z\u012bdot gu\u013cus st\u0101vokl\u012b, m\u0101te var turpin\u0101t snaust, kam\u0113r mazulis \u0113d.<\/p><p>Kr\u016btis z\u012bd\u012b\u0161anas laik\u0101 ir nepiecie\u0161ams t\u0101ds pats atbalsts k\u0101 gr\u016btniec\u012bbas laik\u0101, un ar\u012b nakt\u012b ieteicams lietot kr\u016b\u0161turi. Tom\u0113r nakt\u012b lietotais kr\u016b\u0161turis var\u0113tu b\u016bt m\u012bkst\u0101ks un, ja iesp\u0113jams, bez v\u012bl\u0113m, knied\u0113m vai stiprin\u0101jumiem. Cadenshae bambusa kr\u016b\u0161turis ir lieliski piem\u0113rots gan dienai, gan naktij. Kr\u016b\u0161tura sporta dizains ir piem\u0113rots katrai kr\u016bt\u012bm. M\u012bkstais un elast\u012bgais bambuss labi piel\u0101gojas kr\u016b\u0161u formas un izm\u0113ra izmai\u0146\u0101m z\u012bd\u012b\u0161anas laik\u0101. Kr\u016b\u0161turam nav rievotu \u0161uvju, klip\u0161u, stiprin\u0101jumu. Bambusa kr\u016b\u0161turis nodro\u0161ina maigumu, komfortu un vieglu atbalstu kr\u016bt\u012bm. \u012apa\u0161i \u0113rta baro\u0161anai nakt\u012b. Grozs nav j\u0101atver atsevi\u0161\u0137i, vienk\u0101r\u0161i no\u0146emiet audumu no l\u0101des.<\/p>\t\t\t\t\t\t\t\t<\/div>\n\t\t\t\t<\/div>\n\t\t\t\t\t<\/div>\n\t\t<\/div>\n\t\t\t\t<div class=\"elementor-column elementor-col-50 elementor-top-column elementor-element elementor-element-de12843\" data-id=\"de12843\" data-element_type=\"column\" data-e-type=\"column\">\n\t\t\t<div class=\"elementor-widget-wrap elementor-element-populated\">\n\t\t\t\t\t\t<div class=\"elementor-element elementor-element-ac7ac37 elementor-widget elementor-widget-image\" data-id=\"ac7ac37\" data-element_type=\"widget\" data-e-type=\"widget\" data-widget_type=\"image.default\">\n\t\t\t\t<div class=\"elementor-widget-container\">\n\t\t\t\t\t\t\t\t\t\t\t\t\t\t\t<img decoding=\"async\" width=\"400\" height=\"222\" src=\"https:\/\/beebipai.ee\/wp-content\/uploads\/2022\/06\/Cadenshae-bambusest-rinnahoidja2-e1655206017206.jpg\" class=\"attachment-medium_large size-medium_large wp-image-4473\" alt=\"\" srcset=\"https:\/\/beebipai.ee\/wp-content\/uploads\/2022\/06\/Cadenshae-bambusest-rinnahoidja2-e1655206017206.jpg 400w, https:\/\/beebipai.ee\/wp-content\/uploads\/2022\/06\/Cadenshae-bambusest-rinnahoidja2-e1655206017206-300x167.jpg 300w, https:\/\/beebipai.ee\/wp-content\/uploads\/2022\/06\/Cadenshae-bambusest-rinnahoidja2-e1655206017206-18x10.jpg 18w\" sizes=\"(max-width: 400px) 100vw, 400px\" \/>\t\t\t\t\t\t\t\t\t\t\t\t\t\t\t<\/div>\n\t\t\t\t<\/div>\n\t\t\t\t\t<\/div>\n\t\t<\/div>\n\t\t\t\t\t<\/div>\n\t\t<\/section>\n\t\t\t\t<\/div>","protected":false},"excerpt":{"rendered":"<p>Cadenshae bambusa z\u012bd\u012b\u0161anas kr\u016b\u0161turis ir m\u012bksts un \u0113rts kr\u016bt\u012bm gr\u016btniec\u012bbas un z\u012bd\u012b\u0161anas laik\u0101. Sporta kr\u016b\u0161tura dizains ir piem\u0113rots vis\u0101m kr\u016bt\u012bm un piel\u0101gojas z\u012bd\u012b\u0161anas kr\u016b\u0161u izm\u0113ra un formas izmai\u0146\u0101m. \u0100dai draudz\u012bgs materi\u0101ls jut\u012bg\u0101m un pras\u012bg\u0101m kr\u016bt\u012bm.<\/p>","protected":false},"featured_media":6722,"template":"","meta":{"_monsterinsights_skip_tracking":false,"_monsterinsights_sitenote_active":false,"_monsterinsights_sitenote_note":"","_monsterinsights_sitenote_category":0,"site-sidebar-layout":"no-sidebar","site-content-layout":"page-builder","ast-site-content-layout":"full-width-container","site-content-style":"unboxed","site-sidebar-style":"unboxed","ast-global-header-display":"","ast-banner-title-visibility":"","ast-main-header-display":"","ast-hfb-above-header-display":"","ast-hfb-below-header-display":"","ast-hfb-mobile-header-display":"","site-post-title":"disabled","ast-breadcrumbs-content":"","ast-featured-img":"disabled","footer-sml-layout":"","ast-disable-related-posts":"","theme-transparent-header-meta":"default","adv-header-id-meta":"","stick-header-meta":"","header-above-stick-meta":"","header-main-stick-meta":"","header-below-stick-meta":"","astra-migrate-meta-layouts":"set","ast-page-background-enabled":"default","ast-page-background-meta":{"desktop":{"background-color":"","background-image":"","background-repeat":"repeat","background-position":"center center","background-size":"auto","background-attachment":"scroll","background-type":"","background-media":"","overlay-type":"","overlay-color":"","overlay-opacity":"","overlay-gradient":""},"tablet":{"background-color":"","background-image":"","background-repeat":"repeat","background-position":"center center","background-size":"auto","background-attachment":"scroll","background-type":"","background-media":"","overlay-type":"","overlay-color":"","overlay-opacity":"","overlay-gradient":""},"mobile":{"background-color":"","background-image":"","background-repeat":"repeat","background-position":"center center","background-size":"auto","background-attachment":"scroll","background-type":"","background-media":"","overlay-type":"","overlay-color":"","overlay-opacity":"","overlay-gradient":""}},"ast-content-background-meta":{"desktop":{"background-color":"var(--ast-global-color-5)","background-image":"","background-repeat":"repeat","background-position":"center center","background-size":"auto","background-attachment":"scroll","background-type":"","background-media":"","overlay-type":"","overlay-color":"","overlay-opacity":"","overlay-gradient":""},"tablet":{"background-color":"var(--ast-global-color-5)","background-image":"","background-repeat":"repeat","background-position":"center center","background-size":"auto","background-attachment":"scroll","background-type":"","background-media":"","overlay-type":"","overlay-color":"","overlay-opacity":"","overlay-gradient":""},"mobile":{"background-color":"var(--ast-global-color-5)","background-image":"","background-repeat":"repeat","background-position":"center center","background-size":"auto","background-attachment":"scroll","background-type":"","background-media":"","overlay-type":"","overlay-color":"","overlay-opacity":"","overlay-gradient":""}}},"product_brand":[],"product_cat":[22,148,133,103],"product_tag":[],"class_list":{"0":"post-4466","1":"product","2":"type-product","3":"status-publish","4":"has-post-thumbnail","6":"product_cat-emale","7":"product_cat-kingiideed-emale","8":"product_cat-riided-rasedatele-ja-rinnaga-toitvatele-emadele","9":"product_cat-imetamine","10":"desktop-align-left","11":"tablet-align-left","12":"mobile-align-left","14":"first","15":"instock","16":"taxable","17":"shipping-taxable","18":"purchasable","19":"product-type-variable"},"yoast_head":"<!-- This site is optimized with the Yoast SEO plugin v27.4 - https:\/\/yoast.com\/product\/yoast-seo-wordpress\/ -->\n<title>Cadenshae imetamisrinnahoidja bambusest - Beebipai<\/title>\n<meta name=\"description\" content=\"Cadenshae bambusest imetamisrinnahoidja on pehme ja mugav rasedusaegsele ja imetavale rinnale. Vaata toodet Cadenshae bambusest rinnahoidja!\" \/>\n<meta name=\"robots\" content=\"index, follow, max-snippet:-1, max-image-preview:large, max-video-preview:-1\" \/>\n<link rel=\"canonical\" href=\"https:\/\/beebipai.ee\/lv\/product\/cadenshae-bambusest-rinnahoidja\/\" \/>\n<meta property=\"og:locale\" content=\"lv_LV\" \/>\n<meta property=\"og:type\" content=\"article\" \/>\n<meta property=\"og:title\" content=\"Cadenshae imetamisrinnahoidja bambusest - Beebipai\" \/>\n<meta property=\"og:description\" content=\"Cadenshae bambusest imetamisrinnahoidja on pehme ja mugav rasedusaegsele ja imetavale rinnale. Vaata toodet Cadenshae bambusest rinnahoidja!\" \/>\n<meta property=\"og:url\" content=\"https:\/\/beebipai.ee\/lv\/product\/cadenshae-bambusest-rinnahoidja\/\" \/>\n<meta property=\"og:site_name\" content=\"Beebipai\" \/>\n<meta property=\"article:modified_time\" content=\"2024-05-17T09:59:26+00:00\" \/>\n<meta property=\"og:image\" content=\"https:\/\/beebipai.ee\/wp-content\/uploads\/2022\/06\/Cadenshae-bambusest-rinnahoidja3-807x1024.png\" \/>\n\t<meta property=\"og:image:width\" content=\"807\" \/>\n\t<meta property=\"og:image:height\" content=\"1024\" \/>\n\t<meta property=\"og:image:type\" content=\"image\/png\" \/>\n<meta name=\"twitter:card\" content=\"summary_large_image\" \/>\n<meta name=\"twitter:label1\" content=\"Est. reading time\" \/>\n\t<meta name=\"twitter:data1\" content=\"2 min\u016btes\" \/>\n<script type=\"application\/ld+json\" class=\"yoast-schema-graph\">{\"@context\":\"https:\\\/\\\/schema.org\",\"@graph\":[{\"@type\":\"WebPage\",\"@id\":\"https:\\\/\\\/beebipai.ee\\\/product\\\/cadenshae-bambusest-rinnahoidja\\\/\",\"url\":\"https:\\\/\\\/beebipai.ee\\\/product\\\/cadenshae-bambusest-rinnahoidja\\\/\",\"name\":\"Cadenshae imetamisrinnahoidja bambusest - Beebipai\",\"isPartOf\":{\"@id\":\"https:\\\/\\\/beebipai.ee\\\/en\\\/#website\"},\"primaryImageOfPage\":{\"@id\":\"https:\\\/\\\/beebipai.ee\\\/product\\\/cadenshae-bambusest-rinnahoidja\\\/#primaryimage\"},\"image\":{\"@id\":\"https:\\\/\\\/beebipai.ee\\\/product\\\/cadenshae-bambusest-rinnahoidja\\\/#primaryimage\"},\"thumbnailUrl\":\"https:\\\/\\\/beebipai.ee\\\/wp-content\\\/uploads\\\/2022\\\/06\\\/Cadenshae-bambusest-rinnahoidja3-e1663946265445.png\",\"datePublished\":\"2022-06-14T10:56:54+00:00\",\"dateModified\":\"2024-05-17T09:59:26+00:00\",\"description\":\"Cadenshae bambusest imetamisrinnahoidja on pehme ja mugav rasedusaegsele ja imetavale rinnale. Vaata toodet Cadenshae bambusest rinnahoidja!\",\"breadcrumb\":{\"@id\":\"https:\\\/\\\/beebipai.ee\\\/product\\\/cadenshae-bambusest-rinnahoidja\\\/#breadcrumb\"},\"inLanguage\":\"lv-LV\",\"potentialAction\":[{\"@type\":\"ReadAction\",\"target\":[\"https:\\\/\\\/beebipai.ee\\\/product\\\/cadenshae-bambusest-rinnahoidja\\\/\"]}]},{\"@type\":\"ImageObject\",\"inLanguage\":\"lv-LV\",\"@id\":\"https:\\\/\\\/beebipai.ee\\\/product\\\/cadenshae-bambusest-rinnahoidja\\\/#primaryimage\",\"url\":\"https:\\\/\\\/beebipai.ee\\\/wp-content\\\/uploads\\\/2022\\\/06\\\/Cadenshae-bambusest-rinnahoidja3-e1663946265445.png\",\"contentUrl\":\"https:\\\/\\\/beebipai.ee\\\/wp-content\\\/uploads\\\/2022\\\/06\\\/Cadenshae-bambusest-rinnahoidja3-e1663946265445.png\",\"width\":400,\"height\":507},{\"@type\":\"BreadcrumbList\",\"@id\":\"https:\\\/\\\/beebipai.ee\\\/product\\\/cadenshae-bambusest-rinnahoidja\\\/#breadcrumb\",\"itemListElement\":[{\"@type\":\"ListItem\",\"position\":1,\"name\":\"Home\",\"item\":\"https:\\\/\\\/beebipai.ee\\\/\"},{\"@type\":\"ListItem\",\"position\":2,\"name\":\"Pood\",\"item\":\"https:\\\/\\\/beebipai.ee\\\/store\\\/\"},{\"@type\":\"ListItem\",\"position\":3,\"name\":\"Cadenshae imetamisrinnahoidja bambusest\"}]},{\"@type\":\"WebSite\",\"@id\":\"https:\\\/\\\/beebipai.ee\\\/en\\\/#website\",\"url\":\"https:\\\/\\\/beebipai.ee\\\/en\\\/\",\"name\":\"Beebipai\",\"description\":\"Rasedate ja beebide veebipood\",\"potentialAction\":[{\"@type\":\"SearchAction\",\"target\":{\"@type\":\"EntryPoint\",\"urlTemplate\":\"https:\\\/\\\/beebipai.ee\\\/en\\\/?s={search_term_string}\"},\"query-input\":{\"@type\":\"PropertyValueSpecification\",\"valueRequired\":true,\"valueName\":\"search_term_string\"}}],\"inLanguage\":\"lv-LV\"}]}<\/script>\n<!-- \/ Yoast SEO plugin. -->","yoast_head_json":{"title":"Cadenshae imetamisrinnahoidja bambusest - Beebipai","description":"Cadenshae bambusest imetamisrinnahoidja on pehme ja mugav rasedusaegsele ja imetavale rinnale. Vaata toodet Cadenshae bambusest rinnahoidja!","robots":{"index":"index","follow":"follow","max-snippet":"max-snippet:-1","max-image-preview":"max-image-preview:large","max-video-preview":"max-video-preview:-1"},"canonical":"https:\/\/beebipai.ee\/lv\/product\/cadenshae-bambusest-rinnahoidja\/","og_locale":"lv_LV","og_type":"article","og_title":"Cadenshae imetamisrinnahoidja bambusest - Beebipai","og_description":"Cadenshae bambusest imetamisrinnahoidja on pehme ja mugav rasedusaegsele ja imetavale rinnale. Vaata toodet Cadenshae bambusest rinnahoidja!","og_url":"https:\/\/beebipai.ee\/lv\/product\/cadenshae-bambusest-rinnahoidja\/","og_site_name":"Beebipai","article_modified_time":"2024-05-17T09:59:26+00:00","og_image":[{"width":807,"height":1024,"url":"https:\/\/beebipai.ee\/wp-content\/uploads\/2022\/06\/Cadenshae-bambusest-rinnahoidja3-807x1024.png","type":"image\/png"}],"twitter_card":"summary_large_image","twitter_misc":{"Est. reading time":"2 min\u016btes"},"schema":{"@context":"https:\/\/schema.org","@graph":[{"@type":"WebPage","@id":"https:\/\/beebipai.ee\/product\/cadenshae-bambusest-rinnahoidja\/","url":"https:\/\/beebipai.ee\/product\/cadenshae-bambusest-rinnahoidja\/","name":"Cadenshae imetamisrinnahoidja bambusest - Beebipai","isPartOf":{"@id":"https:\/\/beebipai.ee\/en\/#website"},"primaryImageOfPage":{"@id":"https:\/\/beebipai.ee\/product\/cadenshae-bambusest-rinnahoidja\/#primaryimage"},"image":{"@id":"https:\/\/beebipai.ee\/product\/cadenshae-bambusest-rinnahoidja\/#primaryimage"},"thumbnailUrl":"https:\/\/beebipai.ee\/wp-content\/uploads\/2022\/06\/Cadenshae-bambusest-rinnahoidja3-e1663946265445.png","datePublished":"2022-06-14T10:56:54+00:00","dateModified":"2024-05-17T09:59:26+00:00","description":"Cadenshae bambusest imetamisrinnahoidja on pehme ja mugav rasedusaegsele ja imetavale rinnale. Vaata toodet Cadenshae bambusest rinnahoidja!","breadcrumb":{"@id":"https:\/\/beebipai.ee\/product\/cadenshae-bambusest-rinnahoidja\/#breadcrumb"},"inLanguage":"lv-LV","potentialAction":[{"@type":"ReadAction","target":["https:\/\/beebipai.ee\/product\/cadenshae-bambusest-rinnahoidja\/"]}]},{"@type":"ImageObject","inLanguage":"lv-LV","@id":"https:\/\/beebipai.ee\/product\/cadenshae-bambusest-rinnahoidja\/#primaryimage","url":"https:\/\/beebipai.ee\/wp-content\/uploads\/2022\/06\/Cadenshae-bambusest-rinnahoidja3-e1663946265445.png","contentUrl":"https:\/\/beebipai.ee\/wp-content\/uploads\/2022\/06\/Cadenshae-bambusest-rinnahoidja3-e1663946265445.png","width":400,"height":507},{"@type":"BreadcrumbList","@id":"https:\/\/beebipai.ee\/product\/cadenshae-bambusest-rinnahoidja\/#breadcrumb","itemListElement":[{"@type":"ListItem","position":1,"name":"Home","item":"https:\/\/beebipai.ee\/"},{"@type":"ListItem","position":2,"name":"Pood","item":"https:\/\/beebipai.ee\/store\/"},{"@type":"ListItem","position":3,"name":"Cadenshae imetamisrinnahoidja bambusest"}]},{"@type":"WebSite","@id":"https:\/\/beebipai.ee\/en\/#website","url":"https:\/\/beebipai.ee\/en\/","name":"Beebipai","description":"Rasedate ja beebide veebipood","potentialAction":[{"@type":"SearchAction","target":{"@type":"EntryPoint","urlTemplate":"https:\/\/beebipai.ee\/en\/?s={search_term_string}"},"query-input":{"@type":"PropertyValueSpecification","valueRequired":true,"valueName":"search_term_string"}}],"inLanguage":"lv-LV"}]}},"_links":{"self":[{"href":"https:\/\/beebipai.ee\/lv\/wp-json\/wp\/v2\/product\/4466","targetHints":{"allow":["GET"]}}],"collection":[{"href":"https:\/\/beebipai.ee\/lv\/wp-json\/wp\/v2\/product"}],"about":[{"href":"https:\/\/beebipai.ee\/lv\/wp-json\/wp\/v2\/types\/product"}],"version-history":[{"count":5,"href":"https:\/\/beebipai.ee\/lv\/wp-json\/wp\/v2\/product\/4466\/revisions"}],"predecessor-version":[{"id":7368,"href":"https:\/\/beebipai.ee\/lv\/wp-json\/wp\/v2\/product\/4466\/revisions\/7368"}],"wp:featuredmedia":[{"embeddable":true,"href":"https:\/\/beebipai.ee\/lv\/wp-json\/wp\/v2\/media\/6722"}],"wp:attachment":[{"href":"https:\/\/beebipai.ee\/lv\/wp-json\/wp\/v2\/media?parent=4466"}],"wp:term":[{"taxonomy":"product_brand","embeddable":true,"href":"https:\/\/beebipai.ee\/lv\/wp-json\/wp\/v2\/product_brand?post=4466"},{"taxonomy":"product_cat","embeddable":true,"href":"https:\/\/beebipai.ee\/lv\/wp-json\/wp\/v2\/product_cat?post=4466"},{"taxonomy":"product_tag","embeddable":true,"href":"https:\/\/beebipai.ee\/lv\/wp-json\/wp\/v2\/product_tag?post=4466"}],"curies":[{"name":"wp","href":"https:\/\/api.w.org\/{rel}","templated":true}]}}