{"id":4407,"date":"2022-06-14T10:00:29","date_gmt":"2022-06-14T07:00:29","guid":{"rendered":"https:\/\/beebipai.ee\/?post_type=product&#038;p=4407"},"modified":"2025-10-14T18:35:44","modified_gmt":"2025-10-14T15:35:44","slug":"cadenshae-korge-pihaga-treeningpuksid","status":"publish","type":"product","link":"https:\/\/beebipai.ee\/lv\/product\/cadenshae-korge-pihaga-treeningpuksid\/","title":{"rendered":"Cadenshae legingi ar augstu vidukli p\u0113cdzemd\u012bbu period\u0101"},"content":{"rendered":"<div data-elementor-type=\"wp-post\" data-elementor-id=\"4407\" class=\"elementor elementor-4407\">\n\t\t\t\t\t\t<section class=\"elementor-section elementor-top-section elementor-element elementor-element-6769da4 elementor-section-boxed elementor-section-height-default elementor-section-height-default\" data-id=\"6769da4\" data-element_type=\"section\" data-e-type=\"section\">\n\t\t\t\t\t\t<div class=\"elementor-container elementor-column-gap-default\">\n\t\t\t\t\t<div class=\"elementor-column elementor-col-50 elementor-top-column elementor-element elementor-element-3a80c15\" data-id=\"3a80c15\" data-element_type=\"column\" data-e-type=\"column\">\n\t\t\t<div class=\"elementor-widget-wrap elementor-element-populated\">\n\t\t\t\t\t\t<div class=\"elementor-element elementor-element-d835e5b elementor-widget elementor-widget-heading\" data-id=\"d835e5b\" data-element_type=\"widget\" data-e-type=\"widget\" data-widget_type=\"heading.default\">\n\t\t\t\t<div class=\"elementor-widget-container\">\n\t\t\t\t\t<h2 class=\"elementor-heading-title elementor-size-default\">Cadenshae legingi ar augstu vidukli p\u0113cdzemd\u012bbu period\u0101<\/h2>\t\t\t\t<\/div>\n\t\t\t\t<\/div>\n\t\t\t\t<div class=\"elementor-element elementor-element-3405145 elementor-widget elementor-widget-text-editor\" data-id=\"3405145\" data-element_type=\"widget\" data-e-type=\"widget\" data-widget_type=\"text-editor.default\">\n\t\t\t\t<div class=\"elementor-widget-container\">\n\t\t\t\t\t\t\t\t\t<p>Kad dzemd\u012bbas beigu\u0161\u0101s un b\u0113rni\u0146\u0161 rok\u0101s, viens periods ar lielajiem citiem ir aiz muguras. Ta\u010du priek\u0161\u0101 v\u0113l viens tikpat svar\u012bgs laiks ar liel\u0101m p\u0101rmai\u0146\u0101m. P\u0113cdzemd\u012bbu periods.... atvese\u013co\u0161an\u0101s laiks.<\/p><p>Agri vai v\u0113lu p\u0113c dzemd\u012bb\u0101m rodas gan v\u0113lme, gan nepiecie\u0161am\u012bba atjaunot savu pirmsgr\u016btniec\u012bbas formu, uzlabot musku\u013cu tonusu, pa\u0161saj\u016btu, palielin\u0101t iztur\u012bbu. P\u0113cdzemd\u012bbu treni\u0146u m\u0113r\u0137is liel\u0101koties ir efekt\u012bva fizisk\u0101s sagatavot\u012bbas uzlabo\u0161ana un atjauno\u0161ana. Uzlabojoties fiziskajai sagatavot\u012bbai, uzlabojas ar\u012b emocion\u0101lais l\u012bdzsvars un pa\u0161apmierin\u0101t\u012bba.<\/p><p>Neaizmirstiet, ka gr\u016btniec\u012bba un dzemd\u012bbas ir \u013coti lielas slodzes sievietes organismam, t\u0101p\u0113c dodiet sev laiku un uzreiz neizvirziet p\u0101r\u0101k lielus m\u0113r\u0137us.P\u0113cdzemd\u012bbu treni\u0146i j\u0101s\u0101k pak\u0101peniski, v\u0113rojot pa\u0161saj\u016btu. Lai gan tieksme p\u0113c \u0101triem rezult\u0101tiem var b\u016bt \u013coti liela, p\u0101r\u0101k liela sevis piekau\u0161ana nodara vair\u0101k \u013cauna nek\u0101 laba.\u00a0<\/p>\t\t\t\t\t\t\t\t<\/div>\n\t\t\t\t<\/div>\n\t\t\t\t\t<\/div>\n\t\t<\/div>\n\t\t\t\t<div class=\"elementor-column elementor-col-50 elementor-top-column elementor-element elementor-element-e118257\" data-id=\"e118257\" data-element_type=\"column\" data-e-type=\"column\">\n\t\t\t<div class=\"elementor-widget-wrap elementor-element-populated\">\n\t\t\t\t\t\t<div class=\"elementor-element elementor-element-79b43b9 elementor-widget elementor-widget-image\" data-id=\"79b43b9\" data-element_type=\"widget\" data-e-type=\"widget\" data-widget_type=\"image.default\">\n\t\t\t\t<div class=\"elementor-widget-container\">\n\t\t\t\t\t\t\t\t\t\t\t\t\t\t\t<img fetchpriority=\"high\" decoding=\"async\" width=\"768\" height=\"576\" src=\"https:\/\/beebipai.ee\/wp-content\/uploads\/2022\/06\/Sunnitusjargne-treening-768x576.webp\" class=\"attachment-medium_large size-medium_large wp-image-4419\" alt=\"\" srcset=\"https:\/\/beebipai.ee\/wp-content\/uploads\/2022\/06\/Sunnitusjargne-treening-768x576.webp 768w, https:\/\/beebipai.ee\/wp-content\/uploads\/2022\/06\/Sunnitusjargne-treening-e1655191546973-300x225.webp 300w, https:\/\/beebipai.ee\/wp-content\/uploads\/2022\/06\/Sunnitusjargne-treening-1024x768.webp 1024w, https:\/\/beebipai.ee\/wp-content\/uploads\/2022\/06\/Sunnitusjargne-treening-1536x1152.webp 1536w, https:\/\/beebipai.ee\/wp-content\/uploads\/2022\/06\/Sunnitusjargne-treening-2048x1536.webp 2048w, https:\/\/beebipai.ee\/wp-content\/uploads\/2022\/06\/Sunnitusjargne-treening-e1655191546973-16x12.webp 16w, https:\/\/beebipai.ee\/wp-content\/uploads\/2022\/06\/Sunnitusjargne-treening-600x450.webp 600w, https:\/\/beebipai.ee\/wp-content\/uploads\/2022\/06\/Sunnitusjargne-treening-e1655191546973.webp 400w\" sizes=\"(max-width: 768px) 100vw, 768px\" \/>\t\t\t\t\t\t\t\t\t\t\t\t\t\t\t<\/div>\n\t\t\t\t<\/div>\n\t\t\t\t\t<\/div>\n\t\t<\/div>\n\t\t\t\t\t<\/div>\n\t\t<\/section>\n\t\t\t\t<section class=\"elementor-section elementor-top-section elementor-element elementor-element-7d10e1a elementor-section-boxed elementor-section-height-default elementor-section-height-default\" data-id=\"7d10e1a\" data-element_type=\"section\" data-e-type=\"section\">\n\t\t\t\t\t\t<div class=\"elementor-container elementor-column-gap-default\">\n\t\t\t\t\t<div class=\"elementor-column elementor-col-50 elementor-top-column elementor-element elementor-element-942c806\" data-id=\"942c806\" data-element_type=\"column\" data-e-type=\"column\">\n\t\t\t<div class=\"elementor-widget-wrap elementor-element-populated\">\n\t\t\t\t\t\t<div class=\"elementor-element elementor-element-d2eae3f elementor-widget elementor-widget-text-editor\" data-id=\"d2eae3f\" data-element_type=\"widget\" data-e-type=\"widget\" data-widget_type=\"text-editor.default\">\n\t\t\t\t<div class=\"elementor-widget-container\">\n\t\t\t\t\t\t\t\t\t<p>\u013boti augstas intensit\u0101tes treni\u0146i nav piem\u0113roti p\u0113cdzemd\u012bbu treni\u0146iem. S\u0101kum\u0101 j\u016bs varat justies nedaudz apzin\u0101ties, it \u012bpa\u0161i, ja runa ir par korsetes un iegur\u0146a pamatnes musku\u013ciem. Pirms p\u0101riet uz augstas intensit\u0101tes treni\u0146iem, s\u0101ciet ar pamata un pamata musku\u013cu tren\u0113\u0161anu. \u013boti piem\u0113roti ir elpo\u0161anas vingrin\u0101jumi, joga, pilates un stiep\u0161an\u0101s vingrin\u0101jumi. Un pastaigu ap\u013ci ar ratiem ir lieliska iztur\u012bbas treni\u0146u iesp\u0113ja \ud83d\ude42<\/p><p>Dr\u012bz\u0101k s\u0101ciet ar \u012bs\u0101kiem un viegl\u0101kiem treni\u0146iem, soli pa solim virzoties uz priek\u0161u. Uzraugiet savu pa\u0161saj\u016btu gan treni\u0146a laik\u0101, gan p\u0113c t\u0101s. Pieaugot pa\u0161saj\u016btai un veiktsp\u0113jai, ir laiks nedaudz palielin\u0101t slodzi.\u00a0<\/p><p>J\u016bs varat ar\u012b iek\u013caut savu mazuli p\u0113cdzemd\u012bbu apm\u0101c\u012bb\u0101. Daudzas p\u0113cdzemd\u012bbu vingrojumu programmas un grupu vingrin\u0101jumi ir struktur\u0113ti t\u0101, lai j\u016bs var\u0113tu veikt vingrin\u0101jumus kop\u0101 ar mazuli. B\u0113rns sniedz vingrin\u0101jumiem tie\u0161i vajadz\u012bgo papildu slodzi. B\u0113rnam augot, palielin\u0101s ar\u012b papildu slodze.\u00a0<\/p>\t\t\t\t\t\t\t\t<\/div>\n\t\t\t\t<\/div>\n\t\t\t\t\t<\/div>\n\t\t<\/div>\n\t\t\t\t<div class=\"elementor-column elementor-col-50 elementor-top-column elementor-element elementor-element-f4ebb23\" data-id=\"f4ebb23\" data-element_type=\"column\" data-e-type=\"column\">\n\t\t\t<div class=\"elementor-widget-wrap elementor-element-populated\">\n\t\t\t\t\t\t<div class=\"elementor-element elementor-element-b1716f9 elementor-widget elementor-widget-image\" data-id=\"b1716f9\" data-element_type=\"widget\" data-e-type=\"widget\" data-widget_type=\"image.default\">\n\t\t\t\t<div class=\"elementor-widget-container\">\n\t\t\t\t\t\t\t\t\t\t\t\t\t\t\t<img decoding=\"async\" width=\"768\" height=\"768\" src=\"https:\/\/beebipai.ee\/wp-content\/uploads\/2022\/06\/Sunnitusjargne-treening1-768x768.jpg\" class=\"attachment-medium_large size-medium_large wp-image-4420\" alt=\"\" srcset=\"https:\/\/beebipai.ee\/wp-content\/uploads\/2022\/06\/Sunnitusjargne-treening1-768x768.jpg 768w, https:\/\/beebipai.ee\/wp-content\/uploads\/2022\/06\/Sunnitusjargne-treening1-e1655192225601-300x300.jpg 300w, https:\/\/beebipai.ee\/wp-content\/uploads\/2022\/06\/Sunnitusjargne-treening1-1024x1024.jpg 1024w, https:\/\/beebipai.ee\/wp-content\/uploads\/2022\/06\/Sunnitusjargne-treening1-e1655192225601-150x150.jpg 150w, https:\/\/beebipai.ee\/wp-content\/uploads\/2022\/06\/Sunnitusjargne-treening1-e1655192225601-12x12.jpg 12w, https:\/\/beebipai.ee\/wp-content\/uploads\/2022\/06\/Sunnitusjargne-treening1-600x600.jpg 600w, https:\/\/beebipai.ee\/wp-content\/uploads\/2022\/06\/Sunnitusjargne-treening1-e1655192225601-100x100.jpg 100w, https:\/\/beebipai.ee\/wp-content\/uploads\/2022\/06\/Sunnitusjargne-treening1-e1655192225601.jpg 400w\" sizes=\"(max-width: 768px) 100vw, 768px\" \/>\t\t\t\t\t\t\t\t\t\t\t\t\t\t\t<\/div>\n\t\t\t\t<\/div>\n\t\t\t\t\t<\/div>\n\t\t<\/div>\n\t\t\t\t\t<\/div>\n\t\t<\/section>\n\t\t\t\t<section class=\"elementor-section elementor-top-section elementor-element elementor-element-99a3a69 elementor-section-boxed elementor-section-height-default elementor-section-height-default\" data-id=\"99a3a69\" data-element_type=\"section\" data-e-type=\"section\">\n\t\t\t\t\t\t<div class=\"elementor-container elementor-column-gap-default\">\n\t\t\t\t\t<div class=\"elementor-column elementor-col-50 elementor-top-column elementor-element elementor-element-38bcf23\" data-id=\"38bcf23\" data-element_type=\"column\" data-e-type=\"column\">\n\t\t\t<div class=\"elementor-widget-wrap elementor-element-populated\">\n\t\t\t\t\t\t<div class=\"elementor-element elementor-element-ea75b8f elementor-widget elementor-widget-text-editor\" data-id=\"ea75b8f\" data-element_type=\"widget\" data-e-type=\"widget\" data-widget_type=\"text-editor.default\">\n\t\t\t\t<div class=\"elementor-widget-container\">\n\t\t\t\t\t\t\t\t\t<p>Cadenshae treni\u0146bikses ar augstu jostasvietu ir ide\u0101li piem\u0113rotas p\u0113cdzemd\u012bbu treni\u0146iem. Piem\u0113rots aerobikas treni\u0146iem, musku\u013cu treni\u0146iem un pastaig\u0101m. Pastiprin\u0101ta viduk\u013ca aug\u0161da\u013ca atbalsta v\u0113deru un muguru, musku\u013cus, kas kop\u0161 gr\u016btniec\u012bbas ir main\u012bju\u0161ies visvair\u0101k. Ar\u012b p\u0113cdzemd\u012bbu legingi ir lieliski pal\u012bgi diast\u0101zes regresam. \u012apa\u0161i \u0113rto un labi piegu\u013co\u0161o legingu audums ir gluds un formai piegu\u013co\u0161s, atbalstot k\u0101jas un s\u0113\u017eamvietas. Nav rievu vai saspie\u0161anas \u0161uvju. Biks\u0113m ir \u0113rtas kabatas s\u0101nos.\u00a0<\/p><p>Treni\u0146u legingi j\u0101kopj p\u0113c t\u0101diem pa\u0161iem principiem k\u0101 citi treni\u0146t\u0113rpi. T\u0101d\u0101 veid\u0101 tie ilg\u0101k paliek funkcion\u0101li, vesel\u012bgi un skaisti.<\/p><ul><li>Mazg\u0101t ma\u0161\u012bn\u0101 vai ar rok\u0101m v\u0113s\u0101 \u016bden\u012b<\/li><li>Mazg\u0101t ar l\u012bdz\u012bgas kr\u0101sas produktiem<\/li><li>Treni\u0146u legingus nedr\u012bkst gludin\u0101t vai balin\u0101t<\/li><\/ul>\t\t\t\t\t\t\t\t<\/div>\n\t\t\t\t<\/div>\n\t\t\t\t\t<\/div>\n\t\t<\/div>\n\t\t\t\t<div class=\"elementor-column elementor-col-50 elementor-top-column elementor-element elementor-element-3072db2\" data-id=\"3072db2\" data-element_type=\"column\" data-e-type=\"column\">\n\t\t\t<div class=\"elementor-widget-wrap elementor-element-populated\">\n\t\t\t\t\t\t<div class=\"elementor-element elementor-element-9e964bc elementor-widget elementor-widget-image\" data-id=\"9e964bc\" data-element_type=\"widget\" data-e-type=\"widget\" data-widget_type=\"image.default\">\n\t\t\t\t<div class=\"elementor-widget-container\">\n\t\t\t\t\t\t\t\t\t\t\t\t\t\t\t<img decoding=\"async\" width=\"807\" height=\"1024\" src=\"https:\/\/beebipai.ee\/wp-content\/uploads\/2022\/06\/Cadenshae-korge-pihaga-treeningpuksid4-807x1024.jpg\" class=\"attachment-large size-large wp-image-4417\" alt=\"\" srcset=\"https:\/\/beebipai.ee\/wp-content\/uploads\/2022\/06\/Cadenshae-korge-pihaga-treeningpuksid4-807x1024.jpg 807w, https:\/\/beebipai.ee\/wp-content\/uploads\/2022\/06\/Cadenshae-korge-pihaga-treeningpuksid4-e1655193513876-237x300.jpg 237w, https:\/\/beebipai.ee\/wp-content\/uploads\/2022\/06\/Cadenshae-korge-pihaga-treeningpuksid4-768x974.jpg 768w, https:\/\/beebipai.ee\/wp-content\/uploads\/2022\/06\/Cadenshae-korge-pihaga-treeningpuksid4-1211x1536.jpg 1211w, https:\/\/beebipai.ee\/wp-content\/uploads\/2022\/06\/Cadenshae-korge-pihaga-treeningpuksid4-e1655193513876-9x12.jpg 9w, https:\/\/beebipai.ee\/wp-content\/uploads\/2022\/06\/Cadenshae-korge-pihaga-treeningpuksid4-600x761.jpg 600w, https:\/\/beebipai.ee\/wp-content\/uploads\/2022\/06\/Cadenshae-korge-pihaga-treeningpuksid4-e1655193513876.jpg 400w\" sizes=\"(max-width: 807px) 100vw, 807px\" \/>\t\t\t\t\t\t\t\t\t\t\t\t\t\t\t<\/div>\n\t\t\t\t<\/div>\n\t\t\t\t\t<\/div>\n\t\t<\/div>\n\t\t\t\t\t<\/div>\n\t\t<\/section>\n\t\t\t\t<\/div>","protected":false},"excerpt":{"rendered":"<p>Cadenshae treni\u0146bikses ar augstu jostasvietu ir ide\u0101li piem\u0113rotas p\u0113cdzemd\u012bbu treni\u0146iem. Atbalstiet p\u0113cdzemd\u012bbu korsetes musku\u013cus un pal\u012bdziet samazin\u0101t diast\u0101zi. \u0112rts un praktisks pat ikdienas valk\u0101\u0161anai.<\/p>","protected":false},"featured_media":4413,"template":"","meta":{"_monsterinsights_skip_tracking":false,"_monsterinsights_sitenote_active":false,"_monsterinsights_sitenote_note":"","_monsterinsights_sitenote_category":0,"site-sidebar-layout":"no-sidebar","site-content-layout":"page-builder","ast-site-content-layout":"full-width-container","site-content-style":"unboxed","site-sidebar-style":"unboxed","ast-global-header-display":"","ast-banner-title-visibility":"","ast-main-header-display":"","ast-hfb-above-header-display":"","ast-hfb-below-header-display":"","ast-hfb-mobile-header-display":"","site-post-title":"disabled","ast-breadcrumbs-content":"","ast-featured-img":"disabled","footer-sml-layout":"","ast-disable-related-posts":"","theme-transparent-header-meta":"default","adv-header-id-meta":"","stick-header-meta":"","header-above-stick-meta":"","header-main-stick-meta":"","header-below-stick-meta":"","astra-migrate-meta-layouts":"set","ast-page-background-enabled":"default","ast-page-background-meta":{"desktop":{"background-color":"","background-image":"","background-repeat":"repeat","background-position":"center center","background-size":"auto","background-attachment":"scroll","background-type":"","background-media":"","overlay-type":"","overlay-color":"","overlay-opacity":"","overlay-gradient":""},"tablet":{"background-color":"","background-image":"","background-repeat":"repeat","background-position":"center center","background-size":"auto","background-attachment":"scroll","background-type":"","background-media":"","overlay-type":"","overlay-color":"","overlay-opacity":"","overlay-gradient":""},"mobile":{"background-color":"","background-image":"","background-repeat":"repeat","background-position":"center center","background-size":"auto","background-attachment":"scroll","background-type":"","background-media":"","overlay-type":"","overlay-color":"","overlay-opacity":"","overlay-gradient":""}},"ast-content-background-meta":{"desktop":{"background-color":"var(--ast-global-color-5)","background-image":"","background-repeat":"repeat","background-position":"center center","background-size":"auto","background-attachment":"scroll","background-type":"","background-media":"","overlay-type":"","overlay-color":"","overlay-opacity":"","overlay-gradient":""},"tablet":{"background-color":"var(--ast-global-color-5)","background-image":"","background-repeat":"repeat","background-position":"center center","background-size":"auto","background-attachment":"scroll","background-type":"","background-media":"","overlay-type":"","overlay-color":"","overlay-opacity":"","overlay-gradient":""},"mobile":{"background-color":"var(--ast-global-color-5)","background-image":"","background-repeat":"repeat","background-position":"center center","background-size":"auto","background-attachment":"scroll","background-type":"","background-media":"","overlay-type":"","overlay-color":"","overlay-opacity":"","overlay-gradient":""}}},"product_brand":[],"product_cat":[22,105,133],"product_tag":[],"class_list":{"0":"post-4407","1":"product","2":"type-product","3":"status-publish","4":"has-post-thumbnail","6":"product_cat-emale","7":"product_cat-treening","8":"product_cat-riided-rasedatele-ja-rinnaga-toitvatele-emadele","9":"desktop-align-left","10":"tablet-align-left","11":"mobile-align-left","13":"first","14":"instock","15":"sale","16":"taxable","17":"shipping-taxable","18":"purchasable","19":"product-type-variable"},"yoast_head":"<!-- This site is optimized with the Yoast SEO plugin v27.4 - https:\/\/yoast.com\/product\/yoast-seo-wordpress\/ -->\n<title>Cadenshae k\u00f5rge pihaga retuusid s\u00fcnnitusj\u00e4rgseks perioodiks - Beebipai<\/title>\n<meta name=\"description\" content=\"Cadenshae k\u00f5rge pihaga treeningp\u00fcksid on ideaalsed treenimiseks s\u00fcnnitusj\u00e4rgses perioodis. Vaata toodet Cadensha k\u00f5rge pihaga treeningp\u00fcksid!\" \/>\n<meta name=\"robots\" content=\"index, follow, max-snippet:-1, max-image-preview:large, max-video-preview:-1\" \/>\n<link rel=\"canonical\" href=\"https:\/\/beebipai.ee\/lv\/product\/cadenshae-korge-pihaga-treeningpuksid\/\" \/>\n<meta property=\"og:locale\" content=\"lv_LV\" \/>\n<meta property=\"og:type\" content=\"article\" \/>\n<meta property=\"og:title\" content=\"Cadenshae k\u00f5rge pihaga retuusid s\u00fcnnitusj\u00e4rgseks perioodiks - Beebipai\" \/>\n<meta property=\"og:description\" content=\"Cadenshae k\u00f5rge pihaga treeningp\u00fcksid on ideaalsed treenimiseks s\u00fcnnitusj\u00e4rgses perioodis. Vaata toodet Cadensha k\u00f5rge pihaga treeningp\u00fcksid!\" \/>\n<meta property=\"og:url\" content=\"https:\/\/beebipai.ee\/lv\/product\/cadenshae-korge-pihaga-treeningpuksid\/\" \/>\n<meta property=\"og:site_name\" content=\"Beebipai\" \/>\n<meta property=\"article:modified_time\" content=\"2025-10-14T15:35:44+00:00\" \/>\n<meta property=\"og:image\" content=\"https:\/\/beebipai.ee\/wp-content\/uploads\/2022\/06\/Cadenshae-korge-pihaga-treeningpuksid.jpg\" \/>\n\t<meta property=\"og:image:width\" content=\"1576\" \/>\n\t<meta property=\"og:image:height\" content=\"1999\" \/>\n\t<meta property=\"og:image:type\" content=\"image\/jpeg\" \/>\n<meta name=\"twitter:card\" content=\"summary_large_image\" \/>\n<meta name=\"twitter:label1\" content=\"Est. reading time\" \/>\n\t<meta name=\"twitter:data1\" content=\"3 min\u016btes\" \/>\n<script type=\"application\/ld+json\" class=\"yoast-schema-graph\">{\"@context\":\"https:\\\/\\\/schema.org\",\"@graph\":[{\"@type\":\"WebPage\",\"@id\":\"https:\\\/\\\/beebipai.ee\\\/product\\\/cadenshae-korge-pihaga-treeningpuksid\\\/\",\"url\":\"https:\\\/\\\/beebipai.ee\\\/product\\\/cadenshae-korge-pihaga-treeningpuksid\\\/\",\"name\":\"Cadenshae k\u00f5rge pihaga retuusid s\u00fcnnitusj\u00e4rgseks perioodiks - Beebipai\",\"isPartOf\":{\"@id\":\"https:\\\/\\\/beebipai.ee\\\/en\\\/#website\"},\"primaryImageOfPage\":{\"@id\":\"https:\\\/\\\/beebipai.ee\\\/product\\\/cadenshae-korge-pihaga-treeningpuksid\\\/#primaryimage\"},\"image\":{\"@id\":\"https:\\\/\\\/beebipai.ee\\\/product\\\/cadenshae-korge-pihaga-treeningpuksid\\\/#primaryimage\"},\"thumbnailUrl\":\"https:\\\/\\\/beebipai.ee\\\/wp-content\\\/uploads\\\/2022\\\/06\\\/Cadenshae-korge-pihaga-treeningpuksid.jpg\",\"datePublished\":\"2022-06-14T07:00:29+00:00\",\"dateModified\":\"2025-10-14T15:35:44+00:00\",\"description\":\"Cadenshae k\u00f5rge pihaga treeningp\u00fcksid on ideaalsed treenimiseks s\u00fcnnitusj\u00e4rgses perioodis. Vaata toodet Cadensha k\u00f5rge pihaga treeningp\u00fcksid!\",\"breadcrumb\":{\"@id\":\"https:\\\/\\\/beebipai.ee\\\/product\\\/cadenshae-korge-pihaga-treeningpuksid\\\/#breadcrumb\"},\"inLanguage\":\"lv-LV\",\"potentialAction\":[{\"@type\":\"ReadAction\",\"target\":[\"https:\\\/\\\/beebipai.ee\\\/product\\\/cadenshae-korge-pihaga-treeningpuksid\\\/\"]}]},{\"@type\":\"ImageObject\",\"inLanguage\":\"lv-LV\",\"@id\":\"https:\\\/\\\/beebipai.ee\\\/product\\\/cadenshae-korge-pihaga-treeningpuksid\\\/#primaryimage\",\"url\":\"https:\\\/\\\/beebipai.ee\\\/wp-content\\\/uploads\\\/2022\\\/06\\\/Cadenshae-korge-pihaga-treeningpuksid.jpg\",\"contentUrl\":\"https:\\\/\\\/beebipai.ee\\\/wp-content\\\/uploads\\\/2022\\\/06\\\/Cadenshae-korge-pihaga-treeningpuksid.jpg\",\"width\":1576,\"height\":1999},{\"@type\":\"BreadcrumbList\",\"@id\":\"https:\\\/\\\/beebipai.ee\\\/product\\\/cadenshae-korge-pihaga-treeningpuksid\\\/#breadcrumb\",\"itemListElement\":[{\"@type\":\"ListItem\",\"position\":1,\"name\":\"Home\",\"item\":\"https:\\\/\\\/beebipai.ee\\\/\"},{\"@type\":\"ListItem\",\"position\":2,\"name\":\"Pood\",\"item\":\"https:\\\/\\\/beebipai.ee\\\/store\\\/\"},{\"@type\":\"ListItem\",\"position\":3,\"name\":\"Cadenshae k\u00f5rge pihaga retuusid s\u00fcnnitusj\u00e4rgseks perioodiks\"}]},{\"@type\":\"WebSite\",\"@id\":\"https:\\\/\\\/beebipai.ee\\\/en\\\/#website\",\"url\":\"https:\\\/\\\/beebipai.ee\\\/en\\\/\",\"name\":\"Beebipai\",\"description\":\"Rasedate ja beebide veebipood\",\"potentialAction\":[{\"@type\":\"SearchAction\",\"target\":{\"@type\":\"EntryPoint\",\"urlTemplate\":\"https:\\\/\\\/beebipai.ee\\\/en\\\/?s={search_term_string}\"},\"query-input\":{\"@type\":\"PropertyValueSpecification\",\"valueRequired\":true,\"valueName\":\"search_term_string\"}}],\"inLanguage\":\"lv-LV\"}]}<\/script>\n<!-- \/ Yoast SEO plugin. -->","yoast_head_json":{"title":"Cadenshae k\u00f5rge pihaga retuusid s\u00fcnnitusj\u00e4rgseks perioodiks - Beebipai","description":"Cadenshae k\u00f5rge pihaga treeningp\u00fcksid on ideaalsed treenimiseks s\u00fcnnitusj\u00e4rgses perioodis. Vaata toodet Cadensha k\u00f5rge pihaga treeningp\u00fcksid!","robots":{"index":"index","follow":"follow","max-snippet":"max-snippet:-1","max-image-preview":"max-image-preview:large","max-video-preview":"max-video-preview:-1"},"canonical":"https:\/\/beebipai.ee\/lv\/product\/cadenshae-korge-pihaga-treeningpuksid\/","og_locale":"lv_LV","og_type":"article","og_title":"Cadenshae k\u00f5rge pihaga retuusid s\u00fcnnitusj\u00e4rgseks perioodiks - Beebipai","og_description":"Cadenshae k\u00f5rge pihaga treeningp\u00fcksid on ideaalsed treenimiseks s\u00fcnnitusj\u00e4rgses perioodis. Vaata toodet Cadensha k\u00f5rge pihaga treeningp\u00fcksid!","og_url":"https:\/\/beebipai.ee\/lv\/product\/cadenshae-korge-pihaga-treeningpuksid\/","og_site_name":"Beebipai","article_modified_time":"2025-10-14T15:35:44+00:00","og_image":[{"width":1576,"height":1999,"url":"https:\/\/beebipai.ee\/wp-content\/uploads\/2022\/06\/Cadenshae-korge-pihaga-treeningpuksid.jpg","type":"image\/jpeg"}],"twitter_card":"summary_large_image","twitter_misc":{"Est. reading time":"3 min\u016btes"},"schema":{"@context":"https:\/\/schema.org","@graph":[{"@type":"WebPage","@id":"https:\/\/beebipai.ee\/product\/cadenshae-korge-pihaga-treeningpuksid\/","url":"https:\/\/beebipai.ee\/product\/cadenshae-korge-pihaga-treeningpuksid\/","name":"Cadenshae k\u00f5rge pihaga retuusid s\u00fcnnitusj\u00e4rgseks perioodiks - Beebipai","isPartOf":{"@id":"https:\/\/beebipai.ee\/en\/#website"},"primaryImageOfPage":{"@id":"https:\/\/beebipai.ee\/product\/cadenshae-korge-pihaga-treeningpuksid\/#primaryimage"},"image":{"@id":"https:\/\/beebipai.ee\/product\/cadenshae-korge-pihaga-treeningpuksid\/#primaryimage"},"thumbnailUrl":"https:\/\/beebipai.ee\/wp-content\/uploads\/2022\/06\/Cadenshae-korge-pihaga-treeningpuksid.jpg","datePublished":"2022-06-14T07:00:29+00:00","dateModified":"2025-10-14T15:35:44+00:00","description":"Cadenshae k\u00f5rge pihaga treeningp\u00fcksid on ideaalsed treenimiseks s\u00fcnnitusj\u00e4rgses perioodis. Vaata toodet Cadensha k\u00f5rge pihaga treeningp\u00fcksid!","breadcrumb":{"@id":"https:\/\/beebipai.ee\/product\/cadenshae-korge-pihaga-treeningpuksid\/#breadcrumb"},"inLanguage":"lv-LV","potentialAction":[{"@type":"ReadAction","target":["https:\/\/beebipai.ee\/product\/cadenshae-korge-pihaga-treeningpuksid\/"]}]},{"@type":"ImageObject","inLanguage":"lv-LV","@id":"https:\/\/beebipai.ee\/product\/cadenshae-korge-pihaga-treeningpuksid\/#primaryimage","url":"https:\/\/beebipai.ee\/wp-content\/uploads\/2022\/06\/Cadenshae-korge-pihaga-treeningpuksid.jpg","contentUrl":"https:\/\/beebipai.ee\/wp-content\/uploads\/2022\/06\/Cadenshae-korge-pihaga-treeningpuksid.jpg","width":1576,"height":1999},{"@type":"BreadcrumbList","@id":"https:\/\/beebipai.ee\/product\/cadenshae-korge-pihaga-treeningpuksid\/#breadcrumb","itemListElement":[{"@type":"ListItem","position":1,"name":"Home","item":"https:\/\/beebipai.ee\/"},{"@type":"ListItem","position":2,"name":"Pood","item":"https:\/\/beebipai.ee\/store\/"},{"@type":"ListItem","position":3,"name":"Cadenshae k\u00f5rge pihaga retuusid s\u00fcnnitusj\u00e4rgseks perioodiks"}]},{"@type":"WebSite","@id":"https:\/\/beebipai.ee\/en\/#website","url":"https:\/\/beebipai.ee\/en\/","name":"Beebipai","description":"Rasedate ja beebide veebipood","potentialAction":[{"@type":"SearchAction","target":{"@type":"EntryPoint","urlTemplate":"https:\/\/beebipai.ee\/en\/?s={search_term_string}"},"query-input":{"@type":"PropertyValueSpecification","valueRequired":true,"valueName":"search_term_string"}}],"inLanguage":"lv-LV"}]}},"_links":{"self":[{"href":"https:\/\/beebipai.ee\/lv\/wp-json\/wp\/v2\/product\/4407","targetHints":{"allow":["GET"]}}],"collection":[{"href":"https:\/\/beebipai.ee\/lv\/wp-json\/wp\/v2\/product"}],"about":[{"href":"https:\/\/beebipai.ee\/lv\/wp-json\/wp\/v2\/types\/product"}],"version-history":[{"count":5,"href":"https:\/\/beebipai.ee\/lv\/wp-json\/wp\/v2\/product\/4407\/revisions"}],"predecessor-version":[{"id":10703,"href":"https:\/\/beebipai.ee\/lv\/wp-json\/wp\/v2\/product\/4407\/revisions\/10703"}],"wp:featuredmedia":[{"embeddable":true,"href":"https:\/\/beebipai.ee\/lv\/wp-json\/wp\/v2\/media\/4413"}],"wp:attachment":[{"href":"https:\/\/beebipai.ee\/lv\/wp-json\/wp\/v2\/media?parent=4407"}],"wp:term":[{"taxonomy":"product_brand","embeddable":true,"href":"https:\/\/beebipai.ee\/lv\/wp-json\/wp\/v2\/product_brand?post=4407"},{"taxonomy":"product_cat","embeddable":true,"href":"https:\/\/beebipai.ee\/lv\/wp-json\/wp\/v2\/product_cat?post=4407"},{"taxonomy":"product_tag","embeddable":true,"href":"https:\/\/beebipai.ee\/lv\/wp-json\/wp\/v2\/product_tag?post=4407"}],"curies":[{"name":"wp","href":"https:\/\/api.w.org\/{rel}","templated":true}]}}